{"id":313,"date":"2020-12-04T09:04:41","date_gmt":"2020-12-04T07:04:41","guid":{"rendered":"https:\/\/sites.uef.fi\/farmakokinetiikka\/?page_id=313"},"modified":"2023-02-23T12:49:36","modified_gmt":"2023-02-23T10:49:36","slug":"semifenaakki","status":"publish","type":"page","link":"https:\/\/sites.uef.fi\/farmakokinetiikka\/simulaatiotehtava-2\/semifenaakki\/","title":{"rendered":"SEMIFENAAKKI"},"content":{"rendered":"\n<p><strong>FARMAKOKINETIIKKA<\/strong><br><\/p>\n\n\n\n<p>Semifenaakin plasmapitoisuuskuvaajan muoto laskimoannostelun j\u00e4lkeen noudattaa farmakokineettisesti 3-tilamallia (Kuva 1). Semifenaakin voidaan siten kuvitella jakautuvan elimist\u00f6ss\u00e4 kolmeen tilaan: keskustilaan ja kahteen kudostilaan. Plasma kuuluu keskustilaan, joten semifenaakin pitoisuus keskustilassa on sama kuin plasmapitoisuus.<\/p>\n\n\n\n<p><br><strong>Semifenaakin farmakokineettiset parametrit ovat:<\/strong><\/p>\n\n\n\n<figure class=\"wp-block-table is-style-stripes\"><table><tbody><tr><td>Keskustilan n\u00e4enn\u00e4inen jakautumistilavuus (V1)<\/td><td>2,4 litraa<\/td><\/tr><tr><td>Kudostilan 1 n\u00e4enn\u00e4inen jakautumistilavuus (V2)<\/td><td>2,4 litraa<\/td><\/tr><tr><td>Kudostilan 2 n\u00e4enn\u00e4inen jakautumistilavuus (V3)<\/td><td>5,8 litraa<\/td><\/tr><tr><td>Vakaan tilan n\u00e4enn\u00e4inen jakautumistilavuus (Vss =V1+V2+V3)<\/td><td>10,6 litraa<\/td><\/tr><tr><td>Puhdistuma eli eliminaation puhdistuma (CL)<\/td><td>0,263 litraa\/minuutti<\/td><\/tr><tr><td>Keskustilan ja kudostilan 1 v\u00e4lisen siirtymisen puhdistuma (Q1)<\/td><td>0,222 litraa\/minuutti<\/td><\/tr><tr><td>Keskustilan ja kudostilan 2 v\u00e4lisen siirtymisen puhdistuma (Q2)<\/td><td>0,105 litraa\/minuutti<\/td><\/tr><tr><td>Nopean jakautumisen puoliintumisaika, [T\u00bd(dist1)]<\/td><td>3 minuuttia<\/td><\/tr><tr><td>Hitaan jakautumisen puoliintumisaika, T\u00bd(dist2)]<\/td><td>16 minuuttia<\/td><\/tr><tr><td>Eliminaation puoliintumisaika (T\u00bd)<\/td><td>66 minuuttia<\/td><\/tr><\/tbody><\/table><\/figure>\n\n\n\n<hr class=\"wp-block-separator has-text-color has-background has-white-background-color has-white-color\" \/>\n\n\n\n<hr class=\"wp-block-separator has-text-color has-background has-white-background-color has-white-color\" \/>\n\n\n\n<div class=\"wp-block-image\"><figure class=\"aligncenter size-large\"><img loading=\"lazy\" decoding=\"async\" width=\"537\" height=\"265\" src=\"https:\/\/sites.uef.fi\/farmakokinetiikka\/wp-content\/uploads\/sites\/226\/2020\/12\/Semifenaakki_kuva-1.png\" alt=\"\" class=\"wp-image-316\" srcset=\"https:\/\/sites.uef.fi\/farmakokinetiikka\/wp-content\/uploads\/sites\/226\/2020\/12\/Semifenaakki_kuva-1.png 537w, https:\/\/sites.uef.fi\/farmakokinetiikka\/wp-content\/uploads\/sites\/226\/2020\/12\/Semifenaakki_kuva-1-300x148.png 300w\" sizes=\"auto, (max-width: 537px) 100vw, 537px\" \/><figcaption><em>Kuva 1. Kaavakuva 3-tilamallin mukaisesta l\u00e4\u00e4kkeen jakautumisesta. Kudostilaa 1 kutsutaan usein pinnalliseksi kudostilaksi ja l\u00e4\u00e4keaine jakautuu siihen nopeammin kuin kudostilaan 2, jota kutsutaan puolestaan syv\u00e4ksi kudostilaksi. Tilamalli ei kuvaa tarkasti fysiologista todellisuutta, vaan sill\u00e4 kuvataan plasmapitoisuuskuvaajan muoto mahdollisimman yksinkertaisella matemaattisella tavalla.<\/em><\/figcaption><\/figure><\/div>\n\n\n\n<p>Semifenaakki metaboloituu p\u00e4\u00e4osin hydroksyloitumalla ja metoksiloitumalla, mutta osittain my\u00f6s glukuronisoitumalla. Annoksesta 60 % erittyy munuaisten kautta metaboliitteina. Semifenaakin hy\u00f6tyosuus on n. 60 % johtuen ensikierron metaboliasta maksassa.<\/p>\n\n\n\n<p>Semifenaakki sitoutuu l\u00e4hes t\u00e4ysin (99,7 %) plasman proteiineihin, l\u00e4hinn\u00e4 albumiiniin. &nbsp;Se on heikko happo, jonka pKa-arvo on 4 ja pH vaikuttaa l\u00e4\u00e4keaineen liukoisuuteen (Taulukko 1).<\/p>\n\n\n\n<p><em>Taulukko 1. Semifenaakin natriumsuolan liukoisuus biorelevantteihin dissoluutioliuoksiin<\/em><\/p>\n\n\n\n<figure class=\"wp-block-table is-style-regular\"><table class=\"has-subtle-pale-blue-background-color has-background\"><thead><tr><th><strong>Dissoluutioliuos<\/strong><\/th><th><strong>Liukoisuus (mg\/ml)<\/strong><\/th><\/tr><\/thead><tbody><tr><td>FaSSGF (pH 1.6)<\/td><td>0,001<\/td><\/tr><tr><td>FeSSGF (pH 5.0)<\/td><td>1,624<\/td><\/tr><\/tbody><\/table><figcaption><em>FaSSGF = Fasted State Simulated Gastric Fluid<br>FeSSGF = Fed State Simulated Gastric Fluid<\/em><\/figcaption><\/figure>\n\n\n\n<hr class=\"wp-block-separator is-style-wide\" \/>\n\n\n\n<p><strong>FARMAKOLOGIA<\/strong><\/p>\n\n\n\n<p>Semifenaakki on ei-steroidinen anti-inflammatorinen l\u00e4\u00e4keaine, joka est\u00e4\u00e4 syklo-oksigenaasi COX1:st\u00e4 ja COX2:sta. Tulehduksenvastaisen vaikutuksen lis\u00e4ksi semifenaakki lievitt\u00e4\u00e4 kipua ja laskee kuumetta. Yleisimm\u00e4t semifenaakin haittavaikutukset liittyv\u00e4t ruuansulatuskanavaan. Riski vakavammille oireille, kuten ruoansulatuskanavan haavaumille ja verenvuodoille kasvaa sek\u00e4 k\u00e4ytetyn annoksen ett\u00e4 hoidon pituuden mukaan. Semifenaakin k\u00e4ytt\u00f6aiheita ovat mm. migreeni, kuukautiskivut, tulehdusper\u00e4iset ja degeneratiiviset reumamuodot sek\u00e4 posttraumaattiset ja postoperatiiviset tulehdus- ja kiputilat.<\/p>\n\n\n\n<p><a href=\"https:\/\/sites.uef.fi\/farmakokinetiikka\/simulaatiotehtava-2\/tehtavat\/\">Jatka seuraavalle sivulle &gt;&gt;&gt;<\/a><\/p>\n","protected":false},"excerpt":{"rendered":"<p>FARMAKOKINETIIKKA Semifenaakin plasmapitoisuuskuvaajan muoto laskimoannostelun j\u00e4lkeen noudattaa farmakokineettisesti 3-tilamallia (Kuva 1). Semifenaakin voidaan siten kuvitella jakautuvan elimist\u00f6ss\u00e4 kolmeen tilaan: keskustilaan ja kahteen kudostilaan. Plasma kuuluu keskustilaan, joten semifenaakin pitoisuus keskustilassa on sama kuin plasmapitoisuus. Semifenaakin farmakokineettiset parametrit ovat: Keskustilan n\u00e4enn\u00e4inen jakautumistilavuus (V1) 2,4 litraa Kudostilan 1 n\u00e4enn\u00e4inen jakautumistilavuus (V2) 2,4 litraa Kudostilan 2 n\u00e4enn\u00e4inen jakautumistilavuus &hellip; <\/p>\n<p class=\"link-more\"><a href=\"https:\/\/sites.uef.fi\/farmakokinetiikka\/simulaatiotehtava-2\/semifenaakki\/\" class=\"more-link\">Jatka lukemista<span class=\"screen-reader-text\"> &#8221;SEMIFENAAKKI&#8221;<\/span><\/a><\/p>\n","protected":false},"author":348,"featured_media":0,"parent":63,"menu_order":2,"comment_status":"closed","ping_status":"closed","template":"","meta":{"_acf_changed":false,"footnotes":""},"class_list":["post-313","page","type-page","status-publish","hentry"],"acf":[],"yoast_head":"<!-- This site is optimized with the Yoast SEO plugin v27.1.1 - https:\/\/yoast.com\/product\/yoast-seo-wordpress\/ -->\n<title>SEMIFENAAKKI - L\u00e4\u00e4kkeiden antoreitit ja farmakokinetiikka \u2013kurssi Oppimisteht\u00e4v\u00e4t<\/title>\n<meta name=\"robots\" content=\"index, follow, max-snippet:-1, max-image-preview:large, max-video-preview:-1\" \/>\n<link rel=\"canonical\" href=\"https:\/\/sites.uef.fi\/farmakokinetiikka\/simulaatiotehtava-2\/semifenaakki\/\" \/>\n<meta property=\"og:locale\" content=\"fi_FI\" \/>\n<meta property=\"og:type\" content=\"article\" \/>\n<meta property=\"og:title\" content=\"SEMIFENAAKKI - L\u00e4\u00e4kkeiden antoreitit ja farmakokinetiikka \u2013kurssi Oppimisteht\u00e4v\u00e4t\" \/>\n<meta property=\"og:description\" content=\"FARMAKOKINETIIKKA Semifenaakin plasmapitoisuuskuvaajan muoto laskimoannostelun j\u00e4lkeen noudattaa farmakokineettisesti 3-tilamallia (Kuva 1). Semifenaakin voidaan siten kuvitella jakautuvan elimist\u00f6ss\u00e4 kolmeen tilaan: keskustilaan ja kahteen kudostilaan. Plasma kuuluu keskustilaan, joten semifenaakin pitoisuus keskustilassa on sama kuin plasmapitoisuus. Semifenaakin farmakokineettiset parametrit ovat: Keskustilan n\u00e4enn\u00e4inen jakautumistilavuus (V1) 2,4 litraa Kudostilan 1 n\u00e4enn\u00e4inen jakautumistilavuus (V2) 2,4 litraa Kudostilan 2 n\u00e4enn\u00e4inen jakautumistilavuus &hellip; Jatka lukemista &quot;SEMIFENAAKKI&quot;\" \/>\n<meta property=\"og:url\" content=\"https:\/\/sites.uef.fi\/farmakokinetiikka\/simulaatiotehtava-2\/semifenaakki\/\" \/>\n<meta property=\"og:site_name\" content=\"L\u00e4\u00e4kkeiden antoreitit ja farmakokinetiikka \u2013kurssi Oppimisteht\u00e4v\u00e4t\" \/>\n<meta property=\"article:modified_time\" content=\"2023-02-23T10:49:36+00:00\" \/>\n<meta property=\"og:image\" content=\"https:\/\/sites.uef.fi\/farmakokinetiikka\/wp-content\/uploads\/sites\/226\/2020\/12\/Semifenaakki_kuva-1.png\" \/>\n<meta name=\"twitter:card\" content=\"summary_large_image\" \/>\n<meta name=\"twitter:label1\" content=\"Arvioitu lukuaika\" \/>\n\t<meta name=\"twitter:data1\" content=\"1 minuutti\" \/>\n<script type=\"application\/ld+json\" class=\"yoast-schema-graph\">{\"@context\":\"https:\/\/schema.org\",\"@graph\":[{\"@type\":\"WebPage\",\"@id\":\"https:\/\/sites.uef.fi\/farmakokinetiikka\/simulaatiotehtava-2\/semifenaakki\/\",\"url\":\"https:\/\/sites.uef.fi\/farmakokinetiikka\/simulaatiotehtava-2\/semifenaakki\/\",\"name\":\"SEMIFENAAKKI - L\u00e4\u00e4kkeiden antoreitit ja farmakokinetiikka \u2013kurssi Oppimisteht\u00e4v\u00e4t\",\"isPartOf\":{\"@id\":\"https:\/\/sites.uef.fi\/farmakokinetiikka\/#website\"},\"primaryImageOfPage\":{\"@id\":\"https:\/\/sites.uef.fi\/farmakokinetiikka\/simulaatiotehtava-2\/semifenaakki\/#primaryimage\"},\"image\":{\"@id\":\"https:\/\/sites.uef.fi\/farmakokinetiikka\/simulaatiotehtava-2\/semifenaakki\/#primaryimage\"},\"thumbnailUrl\":\"https:\/\/sites.uef.fi\/farmakokinetiikka\/wp-content\/uploads\/sites\/226\/2020\/12\/Semifenaakki_kuva-1.png\",\"datePublished\":\"2020-12-04T07:04:41+00:00\",\"dateModified\":\"2023-02-23T10:49:36+00:00\",\"breadcrumb\":{\"@id\":\"https:\/\/sites.uef.fi\/farmakokinetiikka\/simulaatiotehtava-2\/semifenaakki\/#breadcrumb\"},\"inLanguage\":\"fi\",\"potentialAction\":[{\"@type\":\"ReadAction\",\"target\":[\"https:\/\/sites.uef.fi\/farmakokinetiikka\/simulaatiotehtava-2\/semifenaakki\/\"]}]},{\"@type\":\"ImageObject\",\"inLanguage\":\"fi\",\"@id\":\"https:\/\/sites.uef.fi\/farmakokinetiikka\/simulaatiotehtava-2\/semifenaakki\/#primaryimage\",\"url\":\"https:\/\/sites.uef.fi\/farmakokinetiikka\/wp-content\/uploads\/sites\/226\/2020\/12\/Semifenaakki_kuva-1.png\",\"contentUrl\":\"https:\/\/sites.uef.fi\/farmakokinetiikka\/wp-content\/uploads\/sites\/226\/2020\/12\/Semifenaakki_kuva-1.png\",\"width\":537,\"height\":265},{\"@type\":\"BreadcrumbList\",\"@id\":\"https:\/\/sites.uef.fi\/farmakokinetiikka\/simulaatiotehtava-2\/semifenaakki\/#breadcrumb\",\"itemListElement\":[{\"@type\":\"ListItem\",\"position\":1,\"name\":\"Home\",\"item\":\"https:\/\/sites.uef.fi\/farmakokinetiikka\/\"},{\"@type\":\"ListItem\",\"position\":2,\"name\":\"Osa 3\",\"item\":\"https:\/\/sites.uef.fi\/farmakokinetiikka\/simulaatiotehtava-2\/\"},{\"@type\":\"ListItem\",\"position\":3,\"name\":\"SEMIFENAAKKI\"}]},{\"@type\":\"WebSite\",\"@id\":\"https:\/\/sites.uef.fi\/farmakokinetiikka\/#website\",\"url\":\"https:\/\/sites.uef.fi\/farmakokinetiikka\/\",\"name\":\"L\u00e4\u00e4kkeiden antoreitit ja farmakokinetiikka \u2013kurssi Oppimisteht\u00e4v\u00e4t\",\"description\":\"\",\"publisher\":{\"@id\":\"https:\/\/sites.uef.fi\/farmakokinetiikka\/#organization\"},\"potentialAction\":[{\"@type\":\"SearchAction\",\"target\":{\"@type\":\"EntryPoint\",\"urlTemplate\":\"https:\/\/sites.uef.fi\/farmakokinetiikka\/?s={search_term_string}\"},\"query-input\":{\"@type\":\"PropertyValueSpecification\",\"valueRequired\":true,\"valueName\":\"search_term_string\"}}],\"inLanguage\":\"fi\"},{\"@type\":\"Organization\",\"@id\":\"https:\/\/sites.uef.fi\/farmakokinetiikka\/#organization\",\"name\":\"L\u00e4\u00e4kkeiden antoreitit ja farmakokinetiikka \u2013kurssi Oppimisteht\u00e4v\u00e4t\",\"url\":\"https:\/\/sites.uef.fi\/farmakokinetiikka\/\",\"logo\":{\"@type\":\"ImageObject\",\"inLanguage\":\"fi\",\"@id\":\"https:\/\/sites.uef.fi\/farmakokinetiikka\/#\/schema\/logo\/image\/\",\"url\":\"https:\/\/sites.uef.fi\/farmakokinetiikka\/wp-content\/uploads\/sites\/226\/2020\/11\/cropped-UEF_wordpress_white.png\",\"contentUrl\":\"https:\/\/sites.uef.fi\/farmakokinetiikka\/wp-content\/uploads\/sites\/226\/2020\/11\/cropped-UEF_wordpress_white.png\",\"width\":250,\"height\":250,\"caption\":\"L\u00e4\u00e4kkeiden antoreitit ja farmakokinetiikka \u2013kurssi Oppimisteht\u00e4v\u00e4t\"},\"image\":{\"@id\":\"https:\/\/sites.uef.fi\/farmakokinetiikka\/#\/schema\/logo\/image\/\"}}]}<\/script>\n<!-- \/ Yoast SEO plugin. -->","yoast_head_json":{"title":"SEMIFENAAKKI - L\u00e4\u00e4kkeiden antoreitit ja farmakokinetiikka \u2013kurssi Oppimisteht\u00e4v\u00e4t","robots":{"index":"index","follow":"follow","max-snippet":"max-snippet:-1","max-image-preview":"max-image-preview:large","max-video-preview":"max-video-preview:-1"},"canonical":"https:\/\/sites.uef.fi\/farmakokinetiikka\/simulaatiotehtava-2\/semifenaakki\/","og_locale":"fi_FI","og_type":"article","og_title":"SEMIFENAAKKI - L\u00e4\u00e4kkeiden antoreitit ja farmakokinetiikka \u2013kurssi Oppimisteht\u00e4v\u00e4t","og_description":"FARMAKOKINETIIKKA Semifenaakin plasmapitoisuuskuvaajan muoto laskimoannostelun j\u00e4lkeen noudattaa farmakokineettisesti 3-tilamallia (Kuva 1). Semifenaakin voidaan siten kuvitella jakautuvan elimist\u00f6ss\u00e4 kolmeen tilaan: keskustilaan ja kahteen kudostilaan. Plasma kuuluu keskustilaan, joten semifenaakin pitoisuus keskustilassa on sama kuin plasmapitoisuus. Semifenaakin farmakokineettiset parametrit ovat: Keskustilan n\u00e4enn\u00e4inen jakautumistilavuus (V1) 2,4 litraa Kudostilan 1 n\u00e4enn\u00e4inen jakautumistilavuus (V2) 2,4 litraa Kudostilan 2 n\u00e4enn\u00e4inen jakautumistilavuus &hellip; Jatka lukemista \"SEMIFENAAKKI\"","og_url":"https:\/\/sites.uef.fi\/farmakokinetiikka\/simulaatiotehtava-2\/semifenaakki\/","og_site_name":"L\u00e4\u00e4kkeiden antoreitit ja farmakokinetiikka \u2013kurssi Oppimisteht\u00e4v\u00e4t","article_modified_time":"2023-02-23T10:49:36+00:00","og_image":[{"url":"https:\/\/sites.uef.fi\/farmakokinetiikka\/wp-content\/uploads\/sites\/226\/2020\/12\/Semifenaakki_kuva-1.png","type":"","width":"","height":""}],"twitter_card":"summary_large_image","twitter_misc":{"Arvioitu lukuaika":"1 minuutti"},"schema":{"@context":"https:\/\/schema.org","@graph":[{"@type":"WebPage","@id":"https:\/\/sites.uef.fi\/farmakokinetiikka\/simulaatiotehtava-2\/semifenaakki\/","url":"https:\/\/sites.uef.fi\/farmakokinetiikka\/simulaatiotehtava-2\/semifenaakki\/","name":"SEMIFENAAKKI - L\u00e4\u00e4kkeiden antoreitit ja farmakokinetiikka \u2013kurssi Oppimisteht\u00e4v\u00e4t","isPartOf":{"@id":"https:\/\/sites.uef.fi\/farmakokinetiikka\/#website"},"primaryImageOfPage":{"@id":"https:\/\/sites.uef.fi\/farmakokinetiikka\/simulaatiotehtava-2\/semifenaakki\/#primaryimage"},"image":{"@id":"https:\/\/sites.uef.fi\/farmakokinetiikka\/simulaatiotehtava-2\/semifenaakki\/#primaryimage"},"thumbnailUrl":"https:\/\/sites.uef.fi\/farmakokinetiikka\/wp-content\/uploads\/sites\/226\/2020\/12\/Semifenaakki_kuva-1.png","datePublished":"2020-12-04T07:04:41+00:00","dateModified":"2023-02-23T10:49:36+00:00","breadcrumb":{"@id":"https:\/\/sites.uef.fi\/farmakokinetiikka\/simulaatiotehtava-2\/semifenaakki\/#breadcrumb"},"inLanguage":"fi","potentialAction":[{"@type":"ReadAction","target":["https:\/\/sites.uef.fi\/farmakokinetiikka\/simulaatiotehtava-2\/semifenaakki\/"]}]},{"@type":"ImageObject","inLanguage":"fi","@id":"https:\/\/sites.uef.fi\/farmakokinetiikka\/simulaatiotehtava-2\/semifenaakki\/#primaryimage","url":"https:\/\/sites.uef.fi\/farmakokinetiikka\/wp-content\/uploads\/sites\/226\/2020\/12\/Semifenaakki_kuva-1.png","contentUrl":"https:\/\/sites.uef.fi\/farmakokinetiikka\/wp-content\/uploads\/sites\/226\/2020\/12\/Semifenaakki_kuva-1.png","width":537,"height":265},{"@type":"BreadcrumbList","@id":"https:\/\/sites.uef.fi\/farmakokinetiikka\/simulaatiotehtava-2\/semifenaakki\/#breadcrumb","itemListElement":[{"@type":"ListItem","position":1,"name":"Home","item":"https:\/\/sites.uef.fi\/farmakokinetiikka\/"},{"@type":"ListItem","position":2,"name":"Osa 3","item":"https:\/\/sites.uef.fi\/farmakokinetiikka\/simulaatiotehtava-2\/"},{"@type":"ListItem","position":3,"name":"SEMIFENAAKKI"}]},{"@type":"WebSite","@id":"https:\/\/sites.uef.fi\/farmakokinetiikka\/#website","url":"https:\/\/sites.uef.fi\/farmakokinetiikka\/","name":"L\u00e4\u00e4kkeiden antoreitit ja farmakokinetiikka \u2013kurssi Oppimisteht\u00e4v\u00e4t","description":"","publisher":{"@id":"https:\/\/sites.uef.fi\/farmakokinetiikka\/#organization"},"potentialAction":[{"@type":"SearchAction","target":{"@type":"EntryPoint","urlTemplate":"https:\/\/sites.uef.fi\/farmakokinetiikka\/?s={search_term_string}"},"query-input":{"@type":"PropertyValueSpecification","valueRequired":true,"valueName":"search_term_string"}}],"inLanguage":"fi"},{"@type":"Organization","@id":"https:\/\/sites.uef.fi\/farmakokinetiikka\/#organization","name":"L\u00e4\u00e4kkeiden antoreitit ja farmakokinetiikka \u2013kurssi Oppimisteht\u00e4v\u00e4t","url":"https:\/\/sites.uef.fi\/farmakokinetiikka\/","logo":{"@type":"ImageObject","inLanguage":"fi","@id":"https:\/\/sites.uef.fi\/farmakokinetiikka\/#\/schema\/logo\/image\/","url":"https:\/\/sites.uef.fi\/farmakokinetiikka\/wp-content\/uploads\/sites\/226\/2020\/11\/cropped-UEF_wordpress_white.png","contentUrl":"https:\/\/sites.uef.fi\/farmakokinetiikka\/wp-content\/uploads\/sites\/226\/2020\/11\/cropped-UEF_wordpress_white.png","width":250,"height":250,"caption":"L\u00e4\u00e4kkeiden antoreitit ja farmakokinetiikka \u2013kurssi Oppimisteht\u00e4v\u00e4t"},"image":{"@id":"https:\/\/sites.uef.fi\/farmakokinetiikka\/#\/schema\/logo\/image\/"}}]}},"_links":{"self":[{"href":"https:\/\/sites.uef.fi\/farmakokinetiikka\/wp-json\/wp\/v2\/pages\/313","targetHints":{"allow":["GET"]}}],"collection":[{"href":"https:\/\/sites.uef.fi\/farmakokinetiikka\/wp-json\/wp\/v2\/pages"}],"about":[{"href":"https:\/\/sites.uef.fi\/farmakokinetiikka\/wp-json\/wp\/v2\/types\/page"}],"author":[{"embeddable":true,"href":"https:\/\/sites.uef.fi\/farmakokinetiikka\/wp-json\/wp\/v2\/users\/348"}],"replies":[{"embeddable":true,"href":"https:\/\/sites.uef.fi\/farmakokinetiikka\/wp-json\/wp\/v2\/comments?post=313"}],"version-history":[{"count":2,"href":"https:\/\/sites.uef.fi\/farmakokinetiikka\/wp-json\/wp\/v2\/pages\/313\/revisions"}],"predecessor-version":[{"id":1184,"href":"https:\/\/sites.uef.fi\/farmakokinetiikka\/wp-json\/wp\/v2\/pages\/313\/revisions\/1184"}],"up":[{"embeddable":true,"href":"https:\/\/sites.uef.fi\/farmakokinetiikka\/wp-json\/wp\/v2\/pages\/63"}],"wp:attachment":[{"href":"https:\/\/sites.uef.fi\/farmakokinetiikka\/wp-json\/wp\/v2\/media?parent=313"}],"curies":[{"name":"wp","href":"https:\/\/api.w.org\/{rel}","templated":true}]}}