{"id":370,"date":"2020-12-04T09:20:38","date_gmt":"2020-12-04T07:20:38","guid":{"rendered":"https:\/\/sites.uef.fi\/farmakokinetiikka\/?page_id=370"},"modified":"2023-02-23T13:19:33","modified_gmt":"2023-02-23T11:19:33","slug":"lahteet","status":"publish","type":"page","link":"https:\/\/sites.uef.fi\/farmakokinetiikka\/simulaatiotehtava-2\/lahteet\/","title":{"rendered":"L\u00e4hteet"},"content":{"rendered":"\n<p>Semifenaakki on kuvitteellinen l\u00e4\u00e4keaine, joka muistuttaa jonkin verran diklofenaakkia. Teht\u00e4vien taustalla on kirjallisuudessa esitettyj\u00e4 tutkimustuloksia diklofenaakin farmakokinetiikasta.<\/p>\n\n\n\n<p><strong>Kirjallisuus<\/strong><\/p>\n\n\n\n<p>Ho HO, Liu CH, Lin HM, Sheu MT: <a href=\"https:\/\/www.sciencedirect.com\/science\/article\/pii\/S0168365997000679\" data-type=\"URL\" data-id=\"https:\/\/www.sciencedirect.com\/science\/article\/pii\/S0168365997000679\">The development of matrix tablets<\/a> for diclofenac sodium based on an empirical in vitro and in vivo correlation. Journal of Controlled Release 49:149\u2013156, 1997<\/p>\n\n\n\n<p>Idkaidek NM, Amidon GL, Smith DE, Najib NM, Hassan MM: <a href=\"https:\/\/pubmed.ncbi.nlm.nih.gov\/9570000\/\" data-type=\"URL\" data-id=\"https:\/\/pubmed.ncbi.nlm.nih.gov\/9570000\/\">Determination of the population pharmacokinetic<\/a> parameters of sustained-release and enteric-coated oral formulations, and the suppository formulation of diclofenac sodium by simultaneous data fitting using NONMEM. Biopharm Drug Dispos 19:169\u2013174, 1998<\/p>\n\n\n\n<p>Kambayashi\u00a0 A, Blume H, Dressman J: <a href=\"https:\/\/pubmed.ncbi.nlm.nih.gov\/24056057\/\" data-type=\"URL\" data-id=\"https:\/\/pubmed.ncbi.nlm.nih.gov\/24056057\/\">Understanding the in Vivo Performance<\/a> of Enteric Coated Tablets Using an in Vitro-In Silico-In Vivo Approach: Case Example Diclofenac. Eur J Pharm Biopharm 85(3 Pt B):1337-1347, 2013<\/p>\n\n\n\n<p>Willis JV, Kendall MJ, Flinn RM, Thornhill DP, Welling PG: <a href=\"https:\/\/pubmed.ncbi.nlm.nih.gov\/527637\/\" data-type=\"URL\" data-id=\"https:\/\/pubmed.ncbi.nlm.nih.gov\/527637\/\">The pharmacokinetics of diclofenac sodium<\/a> following intravenous and oral administration. European Journal of Clinical Pharmacology 16:405\u2013410, 1979<\/p>\n\n\n\n<p>Willis JV, Kendall MJ, Jack DB: <a href=\"https:\/\/pubmed.ncbi.nlm.nih.gov\/7461021\/\" data-type=\"URL\" data-id=\"https:\/\/pubmed.ncbi.nlm.nih.gov\/7461021\/\">The influence of food on the absorption<\/a> of diclofenac after single and multiple oral doses. Eur J Clin Pharmacol 19(1):33-37, 1981<\/p>\n","protected":false},"excerpt":{"rendered":"<p>Semifenaakki on kuvitteellinen l\u00e4\u00e4keaine, joka muistuttaa jonkin verran diklofenaakkia. Teht\u00e4vien taustalla on kirjallisuudessa esitettyj\u00e4 tutkimustuloksia diklofenaakin farmakokinetiikasta. Kirjallisuus Ho HO, Liu CH, Lin HM, Sheu MT: The development of matrix tablets for diclofenac sodium based on an empirical in vitro and in vivo correlation. Journal of Controlled Release 49:149\u2013156, 1997 Idkaidek NM, Amidon GL, Smith &hellip; <\/p>\n<p class=\"link-more\"><a href=\"https:\/\/sites.uef.fi\/farmakokinetiikka\/simulaatiotehtava-2\/lahteet\/\" class=\"more-link\">Jatka lukemista<span class=\"screen-reader-text\"> &#8221;L\u00e4hteet&#8221;<\/span><\/a><\/p>\n","protected":false},"author":348,"featured_media":0,"parent":63,"menu_order":4,"comment_status":"closed","ping_status":"closed","template":"","meta":{"_acf_changed":false,"footnotes":""},"class_list":["post-370","page","type-page","status-publish","hentry"],"acf":[],"yoast_head":"<!-- This site is optimized with the Yoast SEO plugin v27.1.1 - https:\/\/yoast.com\/product\/yoast-seo-wordpress\/ -->\n<title>L\u00e4hteet - L\u00e4\u00e4kkeiden antoreitit ja farmakokinetiikka \u2013kurssi Oppimisteht\u00e4v\u00e4t<\/title>\n<meta name=\"robots\" content=\"index, follow, max-snippet:-1, max-image-preview:large, max-video-preview:-1\" \/>\n<link rel=\"canonical\" href=\"https:\/\/sites.uef.fi\/farmakokinetiikka\/simulaatiotehtava-2\/lahteet\/\" \/>\n<meta property=\"og:locale\" content=\"fi_FI\" \/>\n<meta property=\"og:type\" content=\"article\" \/>\n<meta property=\"og:title\" content=\"L\u00e4hteet - L\u00e4\u00e4kkeiden antoreitit ja farmakokinetiikka \u2013kurssi Oppimisteht\u00e4v\u00e4t\" \/>\n<meta property=\"og:description\" content=\"Semifenaakki on kuvitteellinen l\u00e4\u00e4keaine, joka muistuttaa jonkin verran diklofenaakkia. Teht\u00e4vien taustalla on kirjallisuudessa esitettyj\u00e4 tutkimustuloksia diklofenaakin farmakokinetiikasta. Kirjallisuus Ho HO, Liu CH, Lin HM, Sheu MT: The development of matrix tablets for diclofenac sodium based on an empirical in vitro and in vivo correlation. Journal of Controlled Release 49:149\u2013156, 1997 Idkaidek NM, Amidon GL, Smith &hellip; Jatka lukemista &quot;L\u00e4hteet&quot;\" \/>\n<meta property=\"og:url\" content=\"https:\/\/sites.uef.fi\/farmakokinetiikka\/simulaatiotehtava-2\/lahteet\/\" \/>\n<meta property=\"og:site_name\" content=\"L\u00e4\u00e4kkeiden antoreitit ja farmakokinetiikka \u2013kurssi Oppimisteht\u00e4v\u00e4t\" \/>\n<meta property=\"article:modified_time\" content=\"2023-02-23T11:19:33+00:00\" \/>\n<meta name=\"twitter:card\" content=\"summary_large_image\" \/>\n<meta name=\"twitter:label1\" content=\"Arvioitu lukuaika\" \/>\n\t<meta name=\"twitter:data1\" content=\"1 minuutti\" \/>\n<script type=\"application\/ld+json\" class=\"yoast-schema-graph\">{\"@context\":\"https:\/\/schema.org\",\"@graph\":[{\"@type\":\"WebPage\",\"@id\":\"https:\/\/sites.uef.fi\/farmakokinetiikka\/simulaatiotehtava-2\/lahteet\/\",\"url\":\"https:\/\/sites.uef.fi\/farmakokinetiikka\/simulaatiotehtava-2\/lahteet\/\",\"name\":\"L\u00e4hteet - L\u00e4\u00e4kkeiden antoreitit ja farmakokinetiikka \u2013kurssi Oppimisteht\u00e4v\u00e4t\",\"isPartOf\":{\"@id\":\"https:\/\/sites.uef.fi\/farmakokinetiikka\/#website\"},\"datePublished\":\"2020-12-04T07:20:38+00:00\",\"dateModified\":\"2023-02-23T11:19:33+00:00\",\"breadcrumb\":{\"@id\":\"https:\/\/sites.uef.fi\/farmakokinetiikka\/simulaatiotehtava-2\/lahteet\/#breadcrumb\"},\"inLanguage\":\"fi\",\"potentialAction\":[{\"@type\":\"ReadAction\",\"target\":[\"https:\/\/sites.uef.fi\/farmakokinetiikka\/simulaatiotehtava-2\/lahteet\/\"]}]},{\"@type\":\"BreadcrumbList\",\"@id\":\"https:\/\/sites.uef.fi\/farmakokinetiikka\/simulaatiotehtava-2\/lahteet\/#breadcrumb\",\"itemListElement\":[{\"@type\":\"ListItem\",\"position\":1,\"name\":\"Home\",\"item\":\"https:\/\/sites.uef.fi\/farmakokinetiikka\/\"},{\"@type\":\"ListItem\",\"position\":2,\"name\":\"Osa 3\",\"item\":\"https:\/\/sites.uef.fi\/farmakokinetiikka\/simulaatiotehtava-2\/\"},{\"@type\":\"ListItem\",\"position\":3,\"name\":\"L\u00e4hteet\"}]},{\"@type\":\"WebSite\",\"@id\":\"https:\/\/sites.uef.fi\/farmakokinetiikka\/#website\",\"url\":\"https:\/\/sites.uef.fi\/farmakokinetiikka\/\",\"name\":\"L\u00e4\u00e4kkeiden antoreitit ja farmakokinetiikka \u2013kurssi Oppimisteht\u00e4v\u00e4t\",\"description\":\"\",\"publisher\":{\"@id\":\"https:\/\/sites.uef.fi\/farmakokinetiikka\/#organization\"},\"potentialAction\":[{\"@type\":\"SearchAction\",\"target\":{\"@type\":\"EntryPoint\",\"urlTemplate\":\"https:\/\/sites.uef.fi\/farmakokinetiikka\/?s={search_term_string}\"},\"query-input\":{\"@type\":\"PropertyValueSpecification\",\"valueRequired\":true,\"valueName\":\"search_term_string\"}}],\"inLanguage\":\"fi\"},{\"@type\":\"Organization\",\"@id\":\"https:\/\/sites.uef.fi\/farmakokinetiikka\/#organization\",\"name\":\"L\u00e4\u00e4kkeiden antoreitit ja farmakokinetiikka \u2013kurssi Oppimisteht\u00e4v\u00e4t\",\"url\":\"https:\/\/sites.uef.fi\/farmakokinetiikka\/\",\"logo\":{\"@type\":\"ImageObject\",\"inLanguage\":\"fi\",\"@id\":\"https:\/\/sites.uef.fi\/farmakokinetiikka\/#\/schema\/logo\/image\/\",\"url\":\"https:\/\/sites.uef.fi\/farmakokinetiikka\/wp-content\/uploads\/sites\/226\/2020\/11\/cropped-UEF_wordpress_white.png\",\"contentUrl\":\"https:\/\/sites.uef.fi\/farmakokinetiikka\/wp-content\/uploads\/sites\/226\/2020\/11\/cropped-UEF_wordpress_white.png\",\"width\":250,\"height\":250,\"caption\":\"L\u00e4\u00e4kkeiden antoreitit ja farmakokinetiikka \u2013kurssi Oppimisteht\u00e4v\u00e4t\"},\"image\":{\"@id\":\"https:\/\/sites.uef.fi\/farmakokinetiikka\/#\/schema\/logo\/image\/\"}}]}<\/script>\n<!-- \/ Yoast SEO plugin. -->","yoast_head_json":{"title":"L\u00e4hteet - L\u00e4\u00e4kkeiden antoreitit ja farmakokinetiikka \u2013kurssi Oppimisteht\u00e4v\u00e4t","robots":{"index":"index","follow":"follow","max-snippet":"max-snippet:-1","max-image-preview":"max-image-preview:large","max-video-preview":"max-video-preview:-1"},"canonical":"https:\/\/sites.uef.fi\/farmakokinetiikka\/simulaatiotehtava-2\/lahteet\/","og_locale":"fi_FI","og_type":"article","og_title":"L\u00e4hteet - L\u00e4\u00e4kkeiden antoreitit ja farmakokinetiikka \u2013kurssi Oppimisteht\u00e4v\u00e4t","og_description":"Semifenaakki on kuvitteellinen l\u00e4\u00e4keaine, joka muistuttaa jonkin verran diklofenaakkia. Teht\u00e4vien taustalla on kirjallisuudessa esitettyj\u00e4 tutkimustuloksia diklofenaakin farmakokinetiikasta. Kirjallisuus Ho HO, Liu CH, Lin HM, Sheu MT: The development of matrix tablets for diclofenac sodium based on an empirical in vitro and in vivo correlation. Journal of Controlled Release 49:149\u2013156, 1997 Idkaidek NM, Amidon GL, Smith &hellip; Jatka lukemista \"L\u00e4hteet\"","og_url":"https:\/\/sites.uef.fi\/farmakokinetiikka\/simulaatiotehtava-2\/lahteet\/","og_site_name":"L\u00e4\u00e4kkeiden antoreitit ja farmakokinetiikka \u2013kurssi Oppimisteht\u00e4v\u00e4t","article_modified_time":"2023-02-23T11:19:33+00:00","twitter_card":"summary_large_image","twitter_misc":{"Arvioitu lukuaika":"1 minuutti"},"schema":{"@context":"https:\/\/schema.org","@graph":[{"@type":"WebPage","@id":"https:\/\/sites.uef.fi\/farmakokinetiikka\/simulaatiotehtava-2\/lahteet\/","url":"https:\/\/sites.uef.fi\/farmakokinetiikka\/simulaatiotehtava-2\/lahteet\/","name":"L\u00e4hteet - L\u00e4\u00e4kkeiden antoreitit ja farmakokinetiikka \u2013kurssi Oppimisteht\u00e4v\u00e4t","isPartOf":{"@id":"https:\/\/sites.uef.fi\/farmakokinetiikka\/#website"},"datePublished":"2020-12-04T07:20:38+00:00","dateModified":"2023-02-23T11:19:33+00:00","breadcrumb":{"@id":"https:\/\/sites.uef.fi\/farmakokinetiikka\/simulaatiotehtava-2\/lahteet\/#breadcrumb"},"inLanguage":"fi","potentialAction":[{"@type":"ReadAction","target":["https:\/\/sites.uef.fi\/farmakokinetiikka\/simulaatiotehtava-2\/lahteet\/"]}]},{"@type":"BreadcrumbList","@id":"https:\/\/sites.uef.fi\/farmakokinetiikka\/simulaatiotehtava-2\/lahteet\/#breadcrumb","itemListElement":[{"@type":"ListItem","position":1,"name":"Home","item":"https:\/\/sites.uef.fi\/farmakokinetiikka\/"},{"@type":"ListItem","position":2,"name":"Osa 3","item":"https:\/\/sites.uef.fi\/farmakokinetiikka\/simulaatiotehtava-2\/"},{"@type":"ListItem","position":3,"name":"L\u00e4hteet"}]},{"@type":"WebSite","@id":"https:\/\/sites.uef.fi\/farmakokinetiikka\/#website","url":"https:\/\/sites.uef.fi\/farmakokinetiikka\/","name":"L\u00e4\u00e4kkeiden antoreitit ja farmakokinetiikka \u2013kurssi Oppimisteht\u00e4v\u00e4t","description":"","publisher":{"@id":"https:\/\/sites.uef.fi\/farmakokinetiikka\/#organization"},"potentialAction":[{"@type":"SearchAction","target":{"@type":"EntryPoint","urlTemplate":"https:\/\/sites.uef.fi\/farmakokinetiikka\/?s={search_term_string}"},"query-input":{"@type":"PropertyValueSpecification","valueRequired":true,"valueName":"search_term_string"}}],"inLanguage":"fi"},{"@type":"Organization","@id":"https:\/\/sites.uef.fi\/farmakokinetiikka\/#organization","name":"L\u00e4\u00e4kkeiden antoreitit ja farmakokinetiikka \u2013kurssi Oppimisteht\u00e4v\u00e4t","url":"https:\/\/sites.uef.fi\/farmakokinetiikka\/","logo":{"@type":"ImageObject","inLanguage":"fi","@id":"https:\/\/sites.uef.fi\/farmakokinetiikka\/#\/schema\/logo\/image\/","url":"https:\/\/sites.uef.fi\/farmakokinetiikka\/wp-content\/uploads\/sites\/226\/2020\/11\/cropped-UEF_wordpress_white.png","contentUrl":"https:\/\/sites.uef.fi\/farmakokinetiikka\/wp-content\/uploads\/sites\/226\/2020\/11\/cropped-UEF_wordpress_white.png","width":250,"height":250,"caption":"L\u00e4\u00e4kkeiden antoreitit ja farmakokinetiikka \u2013kurssi Oppimisteht\u00e4v\u00e4t"},"image":{"@id":"https:\/\/sites.uef.fi\/farmakokinetiikka\/#\/schema\/logo\/image\/"}}]}},"_links":{"self":[{"href":"https:\/\/sites.uef.fi\/farmakokinetiikka\/wp-json\/wp\/v2\/pages\/370","targetHints":{"allow":["GET"]}}],"collection":[{"href":"https:\/\/sites.uef.fi\/farmakokinetiikka\/wp-json\/wp\/v2\/pages"}],"about":[{"href":"https:\/\/sites.uef.fi\/farmakokinetiikka\/wp-json\/wp\/v2\/types\/page"}],"author":[{"embeddable":true,"href":"https:\/\/sites.uef.fi\/farmakokinetiikka\/wp-json\/wp\/v2\/users\/348"}],"replies":[{"embeddable":true,"href":"https:\/\/sites.uef.fi\/farmakokinetiikka\/wp-json\/wp\/v2\/comments?post=370"}],"version-history":[{"count":1,"href":"https:\/\/sites.uef.fi\/farmakokinetiikka\/wp-json\/wp\/v2\/pages\/370\/revisions"}],"predecessor-version":[{"id":1790,"href":"https:\/\/sites.uef.fi\/farmakokinetiikka\/wp-json\/wp\/v2\/pages\/370\/revisions\/1790"}],"up":[{"embeddable":true,"href":"https:\/\/sites.uef.fi\/farmakokinetiikka\/wp-json\/wp\/v2\/pages\/63"}],"wp:attachment":[{"href":"https:\/\/sites.uef.fi\/farmakokinetiikka\/wp-json\/wp\/v2\/media?parent=370"}],"curies":[{"name":"wp","href":"https:\/\/api.w.org\/{rel}","templated":true}]}}