{"id":63,"date":"2020-11-05T14:05:50","date_gmt":"2020-11-05T12:05:50","guid":{"rendered":"https:\/\/sites.uef.fi\/farmakokinetiikka\/?page_id=63"},"modified":"2023-02-23T12:48:19","modified_gmt":"2023-02-23T10:48:19","slug":"simulaatiotehtava-2","status":"publish","type":"page","link":"https:\/\/sites.uef.fi\/farmakokinetiikka\/simulaatiotehtava-2\/","title":{"rendered":"Osa 3"},"content":{"rendered":"\n<figure class=\"wp-block-embed-wordpress wp-block-embed is-type-wp-embed is-provider-farmakokineettiset-simulaatiot\"><div class=\"wp-block-embed__wrapper\">\n<blockquote class=\"wp-embedded-content\" data-secret=\"0ahpqKobkS\"><a href=\"https:\/\/sites.uef.fi\/farmakokinetiikka\/simulaatiotehtava-2\/johdanto\/\">Johdanto<\/a><\/blockquote><iframe loading=\"lazy\" class=\"wp-embedded-content\" sandbox=\"allow-scripts\" security=\"restricted\" style=\"position: absolute; clip: rect(1px, 1px, 1px, 1px);\" title=\"&#8221;Johdanto&#8221; &#8212; L\u00e4\u00e4kkeiden antoreitit ja farmakokinetiikka \u2013kurssi Oppimisteht\u00e4v\u00e4t\" src=\"https:\/\/sites.uef.fi\/farmakokinetiikka\/simulaatiotehtava-2\/johdanto\/embed\/#?secret=Hl5yMXhjnj#?secret=0ahpqKobkS\" data-secret=\"0ahpqKobkS\" width=\"525\" height=\"296\" frameborder=\"0\" marginwidth=\"0\" marginheight=\"0\" scrolling=\"no\"><\/iframe>\n<\/div><\/figure>\n\n\n\n<figure class=\"wp-block-embed-wordpress wp-block-embed is-type-wp-embed is-provider-farmakokineettiset-simulaatiot\"><div class=\"wp-block-embed__wrapper\">\n<blockquote class=\"wp-embedded-content\" data-secret=\"7qNdNi5zBF\"><a href=\"https:\/\/sites.uef.fi\/farmakokinetiikka\/simulaatiotehtava-2\/semifenaakki\/\">SEMIFENAAKKI<\/a><\/blockquote><iframe loading=\"lazy\" class=\"wp-embedded-content\" sandbox=\"allow-scripts\" security=\"restricted\" style=\"position: absolute; clip: rect(1px, 1px, 1px, 1px);\" title=\"&#8221;SEMIFENAAKKI&#8221; &#8212; L\u00e4\u00e4kkeiden antoreitit ja farmakokinetiikka \u2013kurssi Oppimisteht\u00e4v\u00e4t\" src=\"https:\/\/sites.uef.fi\/farmakokinetiikka\/simulaatiotehtava-2\/semifenaakki\/embed\/#?secret=1Spi0P0R7b#?secret=7qNdNi5zBF\" data-secret=\"7qNdNi5zBF\" width=\"525\" height=\"296\" frameborder=\"0\" marginwidth=\"0\" marginheight=\"0\" scrolling=\"no\"><\/iframe>\n<\/div><\/figure>\n\n\n\n<figure class=\"wp-block-embed-wordpress wp-block-embed is-type-wp-embed is-provider-farmakokineettiset-simulaatiot\"><div class=\"wp-block-embed__wrapper\">\n<blockquote class=\"wp-embedded-content\" data-secret=\"b5wdMeAUVA\"><a href=\"https:\/\/sites.uef.fi\/farmakokinetiikka\/simulaatiotehtava-2\/tehtavat\/\">Teht\u00e4v\u00e4t<\/a><\/blockquote><iframe loading=\"lazy\" class=\"wp-embedded-content\" sandbox=\"allow-scripts\" security=\"restricted\" style=\"position: absolute; clip: rect(1px, 1px, 1px, 1px);\" title=\"&#8221;Teht\u00e4v\u00e4t&#8221; &#8212; L\u00e4\u00e4kkeiden antoreitit ja farmakokinetiikka \u2013kurssi Oppimisteht\u00e4v\u00e4t\" src=\"https:\/\/sites.uef.fi\/farmakokinetiikka\/simulaatiotehtava-2\/tehtavat\/embed\/#?secret=kwzUInLk5J#?secret=b5wdMeAUVA\" data-secret=\"b5wdMeAUVA\" width=\"525\" height=\"296\" frameborder=\"0\" marginwidth=\"0\" marginheight=\"0\" scrolling=\"no\"><\/iframe>\n<\/div><\/figure>\n\n\n\n<figure class=\"wp-block-embed-wordpress wp-block-embed is-type-wp-embed is-provider-farmakokineettiset-simulaatiot\"><div class=\"wp-block-embed__wrapper\">\n<blockquote class=\"wp-embedded-content\" data-secret=\"VfeB9z3Fis\"><a href=\"https:\/\/sites.uef.fi\/farmakokinetiikka\/simulaatiotehtava-2\/lahteet\/\">L\u00e4hteet<\/a><\/blockquote><iframe loading=\"lazy\" class=\"wp-embedded-content\" sandbox=\"allow-scripts\" security=\"restricted\" style=\"position: absolute; clip: rect(1px, 1px, 1px, 1px);\" title=\"&#8221;L\u00e4hteet&#8221; &#8212; L\u00e4\u00e4kkeiden antoreitit ja farmakokinetiikka \u2013kurssi Oppimisteht\u00e4v\u00e4t\" src=\"https:\/\/sites.uef.fi\/farmakokinetiikka\/simulaatiotehtava-2\/lahteet\/embed\/#?secret=y26dvCj2Rl#?secret=VfeB9z3Fis\" data-secret=\"VfeB9z3Fis\" width=\"525\" height=\"296\" frameborder=\"0\" marginwidth=\"0\" marginheight=\"0\" scrolling=\"no\"><\/iframe>\n<\/div><\/figure>\n","protected":false},"excerpt":{"rendered":"","protected":false},"author":348,"featured_media":0,"parent":0,"menu_order":3,"comment_status":"closed","ping_status":"closed","template":"","meta":{"_acf_changed":false,"footnotes":""},"class_list":["post-63","page","type-page","status-publish","hentry"],"acf":[],"yoast_head":"<!-- This site is optimized with the Yoast SEO plugin v27.1.1 - https:\/\/yoast.com\/product\/yoast-seo-wordpress\/ -->\n<title>Osa 3 - L\u00e4\u00e4kkeiden antoreitit ja farmakokinetiikka \u2013kurssi Oppimisteht\u00e4v\u00e4t<\/title>\n<meta name=\"robots\" content=\"index, follow, max-snippet:-1, max-image-preview:large, max-video-preview:-1\" \/>\n<link rel=\"canonical\" href=\"https:\/\/sites.uef.fi\/farmakokinetiikka\/simulaatiotehtava-2\/\" \/>\n<meta property=\"og:locale\" content=\"fi_FI\" \/>\n<meta property=\"og:type\" content=\"article\" \/>\n<meta property=\"og:title\" content=\"Osa 3 - L\u00e4\u00e4kkeiden antoreitit ja farmakokinetiikka \u2013kurssi Oppimisteht\u00e4v\u00e4t\" \/>\n<meta property=\"og:url\" content=\"https:\/\/sites.uef.fi\/farmakokinetiikka\/simulaatiotehtava-2\/\" \/>\n<meta property=\"og:site_name\" content=\"L\u00e4\u00e4kkeiden antoreitit ja farmakokinetiikka \u2013kurssi Oppimisteht\u00e4v\u00e4t\" \/>\n<meta property=\"article:modified_time\" content=\"2023-02-23T10:48:19+00:00\" \/>\n<meta name=\"twitter:card\" content=\"summary_large_image\" \/>\n<script type=\"application\/ld+json\" class=\"yoast-schema-graph\">{\"@context\":\"https:\/\/schema.org\",\"@graph\":[{\"@type\":\"WebPage\",\"@id\":\"https:\/\/sites.uef.fi\/farmakokinetiikka\/simulaatiotehtava-2\/\",\"url\":\"https:\/\/sites.uef.fi\/farmakokinetiikka\/simulaatiotehtava-2\/\",\"name\":\"Osa 3 - L\u00e4\u00e4kkeiden antoreitit ja farmakokinetiikka \u2013kurssi Oppimisteht\u00e4v\u00e4t\",\"isPartOf\":{\"@id\":\"https:\/\/sites.uef.fi\/farmakokinetiikka\/#website\"},\"datePublished\":\"2020-11-05T12:05:50+00:00\",\"dateModified\":\"2023-02-23T10:48:19+00:00\",\"breadcrumb\":{\"@id\":\"https:\/\/sites.uef.fi\/farmakokinetiikka\/simulaatiotehtava-2\/#breadcrumb\"},\"inLanguage\":\"fi\",\"potentialAction\":[{\"@type\":\"ReadAction\",\"target\":[\"https:\/\/sites.uef.fi\/farmakokinetiikka\/simulaatiotehtava-2\/\"]}]},{\"@type\":\"BreadcrumbList\",\"@id\":\"https:\/\/sites.uef.fi\/farmakokinetiikka\/simulaatiotehtava-2\/#breadcrumb\",\"itemListElement\":[{\"@type\":\"ListItem\",\"position\":1,\"name\":\"Home\",\"item\":\"https:\/\/sites.uef.fi\/farmakokinetiikka\/\"},{\"@type\":\"ListItem\",\"position\":2,\"name\":\"Osa 3\"}]},{\"@type\":\"WebSite\",\"@id\":\"https:\/\/sites.uef.fi\/farmakokinetiikka\/#website\",\"url\":\"https:\/\/sites.uef.fi\/farmakokinetiikka\/\",\"name\":\"L\u00e4\u00e4kkeiden antoreitit ja farmakokinetiikka \u2013kurssi Oppimisteht\u00e4v\u00e4t\",\"description\":\"\",\"publisher\":{\"@id\":\"https:\/\/sites.uef.fi\/farmakokinetiikka\/#organization\"},\"potentialAction\":[{\"@type\":\"SearchAction\",\"target\":{\"@type\":\"EntryPoint\",\"urlTemplate\":\"https:\/\/sites.uef.fi\/farmakokinetiikka\/?s={search_term_string}\"},\"query-input\":{\"@type\":\"PropertyValueSpecification\",\"valueRequired\":true,\"valueName\":\"search_term_string\"}}],\"inLanguage\":\"fi\"},{\"@type\":\"Organization\",\"@id\":\"https:\/\/sites.uef.fi\/farmakokinetiikka\/#organization\",\"name\":\"L\u00e4\u00e4kkeiden antoreitit ja farmakokinetiikka \u2013kurssi Oppimisteht\u00e4v\u00e4t\",\"url\":\"https:\/\/sites.uef.fi\/farmakokinetiikka\/\",\"logo\":{\"@type\":\"ImageObject\",\"inLanguage\":\"fi\",\"@id\":\"https:\/\/sites.uef.fi\/farmakokinetiikka\/#\/schema\/logo\/image\/\",\"url\":\"https:\/\/sites.uef.fi\/farmakokinetiikka\/wp-content\/uploads\/sites\/226\/2020\/11\/cropped-UEF_wordpress_white.png\",\"contentUrl\":\"https:\/\/sites.uef.fi\/farmakokinetiikka\/wp-content\/uploads\/sites\/226\/2020\/11\/cropped-UEF_wordpress_white.png\",\"width\":250,\"height\":250,\"caption\":\"L\u00e4\u00e4kkeiden antoreitit ja farmakokinetiikka \u2013kurssi Oppimisteht\u00e4v\u00e4t\"},\"image\":{\"@id\":\"https:\/\/sites.uef.fi\/farmakokinetiikka\/#\/schema\/logo\/image\/\"}}]}<\/script>\n<!-- \/ Yoast SEO plugin. -->","yoast_head_json":{"title":"Osa 3 - L\u00e4\u00e4kkeiden antoreitit ja farmakokinetiikka \u2013kurssi Oppimisteht\u00e4v\u00e4t","robots":{"index":"index","follow":"follow","max-snippet":"max-snippet:-1","max-image-preview":"max-image-preview:large","max-video-preview":"max-video-preview:-1"},"canonical":"https:\/\/sites.uef.fi\/farmakokinetiikka\/simulaatiotehtava-2\/","og_locale":"fi_FI","og_type":"article","og_title":"Osa 3 - L\u00e4\u00e4kkeiden antoreitit ja farmakokinetiikka \u2013kurssi Oppimisteht\u00e4v\u00e4t","og_url":"https:\/\/sites.uef.fi\/farmakokinetiikka\/simulaatiotehtava-2\/","og_site_name":"L\u00e4\u00e4kkeiden antoreitit ja farmakokinetiikka \u2013kurssi Oppimisteht\u00e4v\u00e4t","article_modified_time":"2023-02-23T10:48:19+00:00","twitter_card":"summary_large_image","schema":{"@context":"https:\/\/schema.org","@graph":[{"@type":"WebPage","@id":"https:\/\/sites.uef.fi\/farmakokinetiikka\/simulaatiotehtava-2\/","url":"https:\/\/sites.uef.fi\/farmakokinetiikka\/simulaatiotehtava-2\/","name":"Osa 3 - L\u00e4\u00e4kkeiden antoreitit ja farmakokinetiikka \u2013kurssi Oppimisteht\u00e4v\u00e4t","isPartOf":{"@id":"https:\/\/sites.uef.fi\/farmakokinetiikka\/#website"},"datePublished":"2020-11-05T12:05:50+00:00","dateModified":"2023-02-23T10:48:19+00:00","breadcrumb":{"@id":"https:\/\/sites.uef.fi\/farmakokinetiikka\/simulaatiotehtava-2\/#breadcrumb"},"inLanguage":"fi","potentialAction":[{"@type":"ReadAction","target":["https:\/\/sites.uef.fi\/farmakokinetiikka\/simulaatiotehtava-2\/"]}]},{"@type":"BreadcrumbList","@id":"https:\/\/sites.uef.fi\/farmakokinetiikka\/simulaatiotehtava-2\/#breadcrumb","itemListElement":[{"@type":"ListItem","position":1,"name":"Home","item":"https:\/\/sites.uef.fi\/farmakokinetiikka\/"},{"@type":"ListItem","position":2,"name":"Osa 3"}]},{"@type":"WebSite","@id":"https:\/\/sites.uef.fi\/farmakokinetiikka\/#website","url":"https:\/\/sites.uef.fi\/farmakokinetiikka\/","name":"L\u00e4\u00e4kkeiden antoreitit ja farmakokinetiikka \u2013kurssi Oppimisteht\u00e4v\u00e4t","description":"","publisher":{"@id":"https:\/\/sites.uef.fi\/farmakokinetiikka\/#organization"},"potentialAction":[{"@type":"SearchAction","target":{"@type":"EntryPoint","urlTemplate":"https:\/\/sites.uef.fi\/farmakokinetiikka\/?s={search_term_string}"},"query-input":{"@type":"PropertyValueSpecification","valueRequired":true,"valueName":"search_term_string"}}],"inLanguage":"fi"},{"@type":"Organization","@id":"https:\/\/sites.uef.fi\/farmakokinetiikka\/#organization","name":"L\u00e4\u00e4kkeiden antoreitit ja farmakokinetiikka \u2013kurssi Oppimisteht\u00e4v\u00e4t","url":"https:\/\/sites.uef.fi\/farmakokinetiikka\/","logo":{"@type":"ImageObject","inLanguage":"fi","@id":"https:\/\/sites.uef.fi\/farmakokinetiikka\/#\/schema\/logo\/image\/","url":"https:\/\/sites.uef.fi\/farmakokinetiikka\/wp-content\/uploads\/sites\/226\/2020\/11\/cropped-UEF_wordpress_white.png","contentUrl":"https:\/\/sites.uef.fi\/farmakokinetiikka\/wp-content\/uploads\/sites\/226\/2020\/11\/cropped-UEF_wordpress_white.png","width":250,"height":250,"caption":"L\u00e4\u00e4kkeiden antoreitit ja farmakokinetiikka \u2013kurssi Oppimisteht\u00e4v\u00e4t"},"image":{"@id":"https:\/\/sites.uef.fi\/farmakokinetiikka\/#\/schema\/logo\/image\/"}}]}},"_links":{"self":[{"href":"https:\/\/sites.uef.fi\/farmakokinetiikka\/wp-json\/wp\/v2\/pages\/63","targetHints":{"allow":["GET"]}}],"collection":[{"href":"https:\/\/sites.uef.fi\/farmakokinetiikka\/wp-json\/wp\/v2\/pages"}],"about":[{"href":"https:\/\/sites.uef.fi\/farmakokinetiikka\/wp-json\/wp\/v2\/types\/page"}],"author":[{"embeddable":true,"href":"https:\/\/sites.uef.fi\/farmakokinetiikka\/wp-json\/wp\/v2\/users\/348"}],"replies":[{"embeddable":true,"href":"https:\/\/sites.uef.fi\/farmakokinetiikka\/wp-json\/wp\/v2\/comments?post=63"}],"version-history":[{"count":2,"href":"https:\/\/sites.uef.fi\/farmakokinetiikka\/wp-json\/wp\/v2\/pages\/63\/revisions"}],"predecessor-version":[{"id":1327,"href":"https:\/\/sites.uef.fi\/farmakokinetiikka\/wp-json\/wp\/v2\/pages\/63\/revisions\/1327"}],"wp:attachment":[{"href":"https:\/\/sites.uef.fi\/farmakokinetiikka\/wp-json\/wp\/v2\/media?parent=63"}],"curies":[{"name":"wp","href":"https:\/\/api.w.org\/{rel}","templated":true}]}}