{"id":69,"date":"2020-11-05T14:11:29","date_gmt":"2020-11-05T12:11:29","guid":{"rendered":"https:\/\/sites.uef.fi\/farmakokinetiikka\/?page_id=69"},"modified":"2023-02-23T12:49:05","modified_gmt":"2023-02-23T10:49:05","slug":"johdanto","status":"publish","type":"page","link":"https:\/\/sites.uef.fi\/farmakokinetiikka\/simulaatiotehtava-1\/johdanto\/","title":{"rendered":"Johdanto"},"content":{"rendered":"\n<p>T\u00e4ss\u00e4 teht\u00e4v\u00e4kokonaisuudessa tarkastellaan biofarmasian ja farmakokinetiikan n\u00e4k\u00f6kulmasta voimakasta kipul\u00e4\u00e4kett\u00e4, semiopioidia (kuvitteellinen l\u00e4\u00e4keaine). Se on noin 100 kertaa voimakkaampi analgeetti kuin morfiini, mutta sen vaikutusaika on lyhyempi. Semiopioidin annossa hy\u00f6dynnet\u00e4\u00e4n useita eri antoreittej\u00e4, joita ovat mm. ihon, nen\u00e4n ja suuontelon kautta tapahtuva l\u00e4\u00e4keanto. Lis\u00e4ksi teht\u00e4viss\u00e4 tarkastellaan peroraalista l\u00e4\u00e4kityst\u00e4 vertailun vuoksi. Semiopioidista on saatavilla hitaasti l\u00e4\u00e4keainetta vapauttavia valmisteita pitk\u00e4aikaisen kivun hoitoon ja lyhytvaikutteisia valmisteita kohtauskivun hoitoon. S\u00e4\u00e4nn\u00f6llisen pitk\u00e4aikaisen kipul\u00e4\u00e4kityksen ja l\u00e4pily\u00f6ntikivun hoitoon tarkoitetun nopeavaikutteisen l\u00e4\u00e4kityksen yhdistelm\u00e4 voi olla tarpeen kovan sy\u00f6p\u00e4kivun hoidossa.<\/p>\n\n\n\n<p><strong>AIHEET<\/strong><\/p>\n\n\n\n<ol class=\"wp-block-list\"><li>Transdermaalinen, intranasaalinen, sublinguaalinen ja peroraalinen antoreitti<\/li><li>Lyhytvaikutteiset valmisteet ja l\u00e4\u00e4keainetta s\u00e4\u00e4dellysti vapauttavat valmisteet<\/li><li>Farmakokinetiikan ja farmakodynamiikan yhdist\u00e4minen (PK\/PD-mallinnus)<\/li><\/ol>\n\n\n\n<p><strong>TAVOITTEENA OPPIA<\/strong><\/p>\n\n\n\n<ol class=\"wp-block-list\"><li>Antoreitin ja l\u00e4\u00e4kemuodon vaikutus l\u00e4\u00e4keaineen plasmapitoisuusk\u00e4yr\u00e4\u00e4n<\/li><li>Eri antoreittien ja valmistetyyppien yhteisk\u00e4ytt\u00f6 kivunlievityksess\u00e4<\/li><li>L\u00e4\u00e4keaineen plasmapitoisuuden ja kivunlievityksen v\u00e4linen yhteys<\/li><\/ol>\n\n\n\n<p><a href=\"https:\/\/sites.uef.fi\/farmakokinetiikka\/simulaatiotehtava-1\/semiopioidi\/\">Jatka seuraavalle sivulle &gt;&gt;&gt;<\/a><\/p>\n","protected":false},"excerpt":{"rendered":"<p>T\u00e4ss\u00e4 teht\u00e4v\u00e4kokonaisuudessa tarkastellaan biofarmasian ja farmakokinetiikan n\u00e4k\u00f6kulmasta voimakasta kipul\u00e4\u00e4kett\u00e4, semiopioidia (kuvitteellinen l\u00e4\u00e4keaine). Se on noin 100 kertaa voimakkaampi analgeetti kuin morfiini, mutta sen vaikutusaika on lyhyempi. Semiopioidin annossa hy\u00f6dynnet\u00e4\u00e4n useita eri antoreittej\u00e4, joita ovat mm. ihon, nen\u00e4n ja suuontelon kautta tapahtuva l\u00e4\u00e4keanto. Lis\u00e4ksi teht\u00e4viss\u00e4 tarkastellaan peroraalista l\u00e4\u00e4kityst\u00e4 vertailun vuoksi. Semiopioidista on saatavilla hitaasti l\u00e4\u00e4keainetta vapauttavia &hellip; <\/p>\n<p class=\"link-more\"><a href=\"https:\/\/sites.uef.fi\/farmakokinetiikka\/simulaatiotehtava-1\/johdanto\/\" class=\"more-link\">Jatka lukemista<span class=\"screen-reader-text\"> &#8221;Johdanto&#8221;<\/span><\/a><\/p>\n","protected":false},"author":348,"featured_media":0,"parent":33,"menu_order":1,"comment_status":"closed","ping_status":"closed","template":"","meta":{"_acf_changed":false,"footnotes":""},"class_list":["post-69","page","type-page","status-publish","hentry"],"acf":[],"yoast_head":"<!-- This site is optimized with the Yoast SEO plugin v27.1.1 - https:\/\/yoast.com\/product\/yoast-seo-wordpress\/ -->\n<title>Johdanto - L\u00e4\u00e4kkeiden antoreitit ja farmakokinetiikka \u2013kurssi Oppimisteht\u00e4v\u00e4t<\/title>\n<meta name=\"robots\" content=\"index, follow, max-snippet:-1, max-image-preview:large, max-video-preview:-1\" \/>\n<link rel=\"canonical\" href=\"https:\/\/sites.uef.fi\/farmakokinetiikka\/simulaatiotehtava-1\/johdanto\/\" \/>\n<meta property=\"og:locale\" content=\"fi_FI\" \/>\n<meta property=\"og:type\" content=\"article\" \/>\n<meta property=\"og:title\" content=\"Johdanto - L\u00e4\u00e4kkeiden antoreitit ja farmakokinetiikka \u2013kurssi Oppimisteht\u00e4v\u00e4t\" \/>\n<meta property=\"og:description\" content=\"T\u00e4ss\u00e4 teht\u00e4v\u00e4kokonaisuudessa tarkastellaan biofarmasian ja farmakokinetiikan n\u00e4k\u00f6kulmasta voimakasta kipul\u00e4\u00e4kett\u00e4, semiopioidia (kuvitteellinen l\u00e4\u00e4keaine). Se on noin 100 kertaa voimakkaampi analgeetti kuin morfiini, mutta sen vaikutusaika on lyhyempi. Semiopioidin annossa hy\u00f6dynnet\u00e4\u00e4n useita eri antoreittej\u00e4, joita ovat mm. ihon, nen\u00e4n ja suuontelon kautta tapahtuva l\u00e4\u00e4keanto. Lis\u00e4ksi teht\u00e4viss\u00e4 tarkastellaan peroraalista l\u00e4\u00e4kityst\u00e4 vertailun vuoksi. Semiopioidista on saatavilla hitaasti l\u00e4\u00e4keainetta vapauttavia &hellip; Jatka lukemista &quot;Johdanto&quot;\" \/>\n<meta property=\"og:url\" content=\"https:\/\/sites.uef.fi\/farmakokinetiikka\/simulaatiotehtava-1\/johdanto\/\" \/>\n<meta property=\"og:site_name\" content=\"L\u00e4\u00e4kkeiden antoreitit ja farmakokinetiikka \u2013kurssi Oppimisteht\u00e4v\u00e4t\" \/>\n<meta property=\"article:modified_time\" content=\"2023-02-23T10:49:05+00:00\" \/>\n<meta name=\"twitter:card\" content=\"summary_large_image\" \/>\n<meta name=\"twitter:label1\" content=\"Arvioitu lukuaika\" \/>\n\t<meta name=\"twitter:data1\" content=\"1 minuutti\" \/>\n<script type=\"application\/ld+json\" class=\"yoast-schema-graph\">{\"@context\":\"https:\/\/schema.org\",\"@graph\":[{\"@type\":\"WebPage\",\"@id\":\"https:\/\/sites.uef.fi\/farmakokinetiikka\/simulaatiotehtava-1\/johdanto\/\",\"url\":\"https:\/\/sites.uef.fi\/farmakokinetiikka\/simulaatiotehtava-1\/johdanto\/\",\"name\":\"Johdanto - L\u00e4\u00e4kkeiden antoreitit ja farmakokinetiikka \u2013kurssi Oppimisteht\u00e4v\u00e4t\",\"isPartOf\":{\"@id\":\"https:\/\/sites.uef.fi\/farmakokinetiikka\/#website\"},\"datePublished\":\"2020-11-05T12:11:29+00:00\",\"dateModified\":\"2023-02-23T10:49:05+00:00\",\"breadcrumb\":{\"@id\":\"https:\/\/sites.uef.fi\/farmakokinetiikka\/simulaatiotehtava-1\/johdanto\/#breadcrumb\"},\"inLanguage\":\"fi\",\"potentialAction\":[{\"@type\":\"ReadAction\",\"target\":[\"https:\/\/sites.uef.fi\/farmakokinetiikka\/simulaatiotehtava-1\/johdanto\/\"]}]},{\"@type\":\"BreadcrumbList\",\"@id\":\"https:\/\/sites.uef.fi\/farmakokinetiikka\/simulaatiotehtava-1\/johdanto\/#breadcrumb\",\"itemListElement\":[{\"@type\":\"ListItem\",\"position\":1,\"name\":\"Home\",\"item\":\"https:\/\/sites.uef.fi\/farmakokinetiikka\/\"},{\"@type\":\"ListItem\",\"position\":2,\"name\":\"Osa 2\",\"item\":\"https:\/\/sites.uef.fi\/farmakokinetiikka\/simulaatiotehtava-1\/\"},{\"@type\":\"ListItem\",\"position\":3,\"name\":\"Johdanto\"}]},{\"@type\":\"WebSite\",\"@id\":\"https:\/\/sites.uef.fi\/farmakokinetiikka\/#website\",\"url\":\"https:\/\/sites.uef.fi\/farmakokinetiikka\/\",\"name\":\"L\u00e4\u00e4kkeiden antoreitit ja farmakokinetiikka \u2013kurssi Oppimisteht\u00e4v\u00e4t\",\"description\":\"\",\"publisher\":{\"@id\":\"https:\/\/sites.uef.fi\/farmakokinetiikka\/#organization\"},\"potentialAction\":[{\"@type\":\"SearchAction\",\"target\":{\"@type\":\"EntryPoint\",\"urlTemplate\":\"https:\/\/sites.uef.fi\/farmakokinetiikka\/?s={search_term_string}\"},\"query-input\":{\"@type\":\"PropertyValueSpecification\",\"valueRequired\":true,\"valueName\":\"search_term_string\"}}],\"inLanguage\":\"fi\"},{\"@type\":\"Organization\",\"@id\":\"https:\/\/sites.uef.fi\/farmakokinetiikka\/#organization\",\"name\":\"L\u00e4\u00e4kkeiden antoreitit ja farmakokinetiikka \u2013kurssi Oppimisteht\u00e4v\u00e4t\",\"url\":\"https:\/\/sites.uef.fi\/farmakokinetiikka\/\",\"logo\":{\"@type\":\"ImageObject\",\"inLanguage\":\"fi\",\"@id\":\"https:\/\/sites.uef.fi\/farmakokinetiikka\/#\/schema\/logo\/image\/\",\"url\":\"https:\/\/sites.uef.fi\/farmakokinetiikka\/wp-content\/uploads\/sites\/226\/2020\/11\/cropped-UEF_wordpress_white.png\",\"contentUrl\":\"https:\/\/sites.uef.fi\/farmakokinetiikka\/wp-content\/uploads\/sites\/226\/2020\/11\/cropped-UEF_wordpress_white.png\",\"width\":250,\"height\":250,\"caption\":\"L\u00e4\u00e4kkeiden antoreitit ja farmakokinetiikka \u2013kurssi Oppimisteht\u00e4v\u00e4t\"},\"image\":{\"@id\":\"https:\/\/sites.uef.fi\/farmakokinetiikka\/#\/schema\/logo\/image\/\"}}]}<\/script>\n<!-- \/ Yoast SEO plugin. -->","yoast_head_json":{"title":"Johdanto - L\u00e4\u00e4kkeiden antoreitit ja farmakokinetiikka \u2013kurssi Oppimisteht\u00e4v\u00e4t","robots":{"index":"index","follow":"follow","max-snippet":"max-snippet:-1","max-image-preview":"max-image-preview:large","max-video-preview":"max-video-preview:-1"},"canonical":"https:\/\/sites.uef.fi\/farmakokinetiikka\/simulaatiotehtava-1\/johdanto\/","og_locale":"fi_FI","og_type":"article","og_title":"Johdanto - L\u00e4\u00e4kkeiden antoreitit ja farmakokinetiikka \u2013kurssi Oppimisteht\u00e4v\u00e4t","og_description":"T\u00e4ss\u00e4 teht\u00e4v\u00e4kokonaisuudessa tarkastellaan biofarmasian ja farmakokinetiikan n\u00e4k\u00f6kulmasta voimakasta kipul\u00e4\u00e4kett\u00e4, semiopioidia (kuvitteellinen l\u00e4\u00e4keaine). Se on noin 100 kertaa voimakkaampi analgeetti kuin morfiini, mutta sen vaikutusaika on lyhyempi. Semiopioidin annossa hy\u00f6dynnet\u00e4\u00e4n useita eri antoreittej\u00e4, joita ovat mm. ihon, nen\u00e4n ja suuontelon kautta tapahtuva l\u00e4\u00e4keanto. Lis\u00e4ksi teht\u00e4viss\u00e4 tarkastellaan peroraalista l\u00e4\u00e4kityst\u00e4 vertailun vuoksi. Semiopioidista on saatavilla hitaasti l\u00e4\u00e4keainetta vapauttavia &hellip; Jatka lukemista \"Johdanto\"","og_url":"https:\/\/sites.uef.fi\/farmakokinetiikka\/simulaatiotehtava-1\/johdanto\/","og_site_name":"L\u00e4\u00e4kkeiden antoreitit ja farmakokinetiikka \u2013kurssi Oppimisteht\u00e4v\u00e4t","article_modified_time":"2023-02-23T10:49:05+00:00","twitter_card":"summary_large_image","twitter_misc":{"Arvioitu lukuaika":"1 minuutti"},"schema":{"@context":"https:\/\/schema.org","@graph":[{"@type":"WebPage","@id":"https:\/\/sites.uef.fi\/farmakokinetiikka\/simulaatiotehtava-1\/johdanto\/","url":"https:\/\/sites.uef.fi\/farmakokinetiikka\/simulaatiotehtava-1\/johdanto\/","name":"Johdanto - L\u00e4\u00e4kkeiden antoreitit ja farmakokinetiikka \u2013kurssi Oppimisteht\u00e4v\u00e4t","isPartOf":{"@id":"https:\/\/sites.uef.fi\/farmakokinetiikka\/#website"},"datePublished":"2020-11-05T12:11:29+00:00","dateModified":"2023-02-23T10:49:05+00:00","breadcrumb":{"@id":"https:\/\/sites.uef.fi\/farmakokinetiikka\/simulaatiotehtava-1\/johdanto\/#breadcrumb"},"inLanguage":"fi","potentialAction":[{"@type":"ReadAction","target":["https:\/\/sites.uef.fi\/farmakokinetiikka\/simulaatiotehtava-1\/johdanto\/"]}]},{"@type":"BreadcrumbList","@id":"https:\/\/sites.uef.fi\/farmakokinetiikka\/simulaatiotehtava-1\/johdanto\/#breadcrumb","itemListElement":[{"@type":"ListItem","position":1,"name":"Home","item":"https:\/\/sites.uef.fi\/farmakokinetiikka\/"},{"@type":"ListItem","position":2,"name":"Osa 2","item":"https:\/\/sites.uef.fi\/farmakokinetiikka\/simulaatiotehtava-1\/"},{"@type":"ListItem","position":3,"name":"Johdanto"}]},{"@type":"WebSite","@id":"https:\/\/sites.uef.fi\/farmakokinetiikka\/#website","url":"https:\/\/sites.uef.fi\/farmakokinetiikka\/","name":"L\u00e4\u00e4kkeiden antoreitit ja farmakokinetiikka \u2013kurssi Oppimisteht\u00e4v\u00e4t","description":"","publisher":{"@id":"https:\/\/sites.uef.fi\/farmakokinetiikka\/#organization"},"potentialAction":[{"@type":"SearchAction","target":{"@type":"EntryPoint","urlTemplate":"https:\/\/sites.uef.fi\/farmakokinetiikka\/?s={search_term_string}"},"query-input":{"@type":"PropertyValueSpecification","valueRequired":true,"valueName":"search_term_string"}}],"inLanguage":"fi"},{"@type":"Organization","@id":"https:\/\/sites.uef.fi\/farmakokinetiikka\/#organization","name":"L\u00e4\u00e4kkeiden antoreitit ja farmakokinetiikka \u2013kurssi Oppimisteht\u00e4v\u00e4t","url":"https:\/\/sites.uef.fi\/farmakokinetiikka\/","logo":{"@type":"ImageObject","inLanguage":"fi","@id":"https:\/\/sites.uef.fi\/farmakokinetiikka\/#\/schema\/logo\/image\/","url":"https:\/\/sites.uef.fi\/farmakokinetiikka\/wp-content\/uploads\/sites\/226\/2020\/11\/cropped-UEF_wordpress_white.png","contentUrl":"https:\/\/sites.uef.fi\/farmakokinetiikka\/wp-content\/uploads\/sites\/226\/2020\/11\/cropped-UEF_wordpress_white.png","width":250,"height":250,"caption":"L\u00e4\u00e4kkeiden antoreitit ja farmakokinetiikka \u2013kurssi Oppimisteht\u00e4v\u00e4t"},"image":{"@id":"https:\/\/sites.uef.fi\/farmakokinetiikka\/#\/schema\/logo\/image\/"}}]}},"_links":{"self":[{"href":"https:\/\/sites.uef.fi\/farmakokinetiikka\/wp-json\/wp\/v2\/pages\/69","targetHints":{"allow":["GET"]}}],"collection":[{"href":"https:\/\/sites.uef.fi\/farmakokinetiikka\/wp-json\/wp\/v2\/pages"}],"about":[{"href":"https:\/\/sites.uef.fi\/farmakokinetiikka\/wp-json\/wp\/v2\/types\/page"}],"author":[{"embeddable":true,"href":"https:\/\/sites.uef.fi\/farmakokinetiikka\/wp-json\/wp\/v2\/users\/348"}],"replies":[{"embeddable":true,"href":"https:\/\/sites.uef.fi\/farmakokinetiikka\/wp-json\/wp\/v2\/comments?post=69"}],"version-history":[{"count":2,"href":"https:\/\/sites.uef.fi\/farmakokinetiikka\/wp-json\/wp\/v2\/pages\/69\/revisions"}],"predecessor-version":[{"id":1157,"href":"https:\/\/sites.uef.fi\/farmakokinetiikka\/wp-json\/wp\/v2\/pages\/69\/revisions\/1157"}],"up":[{"embeddable":true,"href":"https:\/\/sites.uef.fi\/farmakokinetiikka\/wp-json\/wp\/v2\/pages\/33"}],"wp:attachment":[{"href":"https:\/\/sites.uef.fi\/farmakokinetiikka\/wp-json\/wp\/v2\/media?parent=69"}],"curies":[{"name":"wp","href":"https:\/\/api.w.org\/{rel}","templated":true}]}}