{"id":111,"date":"2022-11-03T14:15:51","date_gmt":"2022-11-03T11:15:51","guid":{"rendered":"https:\/\/sites.uef.fi\/farmasia50\/?page_id=111"},"modified":"2023-09-05T14:14:04","modified_gmt":"2023-09-05T11:14:04","slug":"osallistu","status":"publish","type":"page","link":"https:\/\/sites.uef.fi\/farmasia50\/osallistu\/","title":{"rendered":"Osallistu"},"content":{"rendered":"\n<h2 class=\"wp-block-heading\">Osallistu kanssamme juhlavuoden viettoon! <\/h2>\n\n\n\n<h2 class=\"wp-block-heading\">28.10.2023 klo 11.00 &#8211; 15.00<\/h2>\n\n\n\n<h1 class=\"wp-block-heading\">50-vuotisjuhlaseminaari <\/h1>\n\n\n\n<p><a href=\"https:\/\/sites.uef.fi\/farmasia50\/farmasia-50-vuotta\/\" target=\"_blank\" rel=\"noreferrer noopener\">Lue lis\u00e4\u00e4<\/a><\/p>\n\n\n\n<h2 class=\"wp-block-heading\">8.10.2023 klo 10-13<\/h2>\n\n\n\n<h1 class=\"wp-block-heading\">Py\u00f6reiden vuosien tieteellinen sieniretki<\/h1>\n\n\n\n<p><a href=\"https:\/\/www.proviisoriyhdistys.net\/pyoreiden-vuosien-tieteellinen-sieniretki\" target=\"_blank\" rel=\"noreferrer noopener\">Lue lis\u00e4\u00e4<\/a><\/p>\n\n\n\n<h2 class=\"wp-block-heading\">27.9.2023 klo 9.15 &#8211; 15<\/h2>\n\n\n\n<h1 class=\"wp-block-heading\">Kliininen farmasia NYT &#8211; opinnoista k\u00e4yt\u00e4nt\u00f6\u00f6n<\/h1>\n\n\n\n<p><a href=\"https:\/\/sites.uef.fi\/farmasia50\/2023\/09\/05\/kliininen-farmasia-nyt\/\" target=\"_blank\" rel=\"noreferrer noopener\">Lue lis\u00e4\u00e4<\/a><\/p>\n\n\n\n<h2 class=\"wp-block-heading\">24.5.2023 klo 12.00 &#8211; 15.00<\/h2>\n\n\n\n<h1 class=\"wp-block-heading\">Pharmacy Research Day<\/h1>\n\n\n\n<p><a href=\"https:\/\/sites.uef.fi\/farmasia50\/pharmacy-research-day\/\" target=\"_blank\" rel=\"noreferrer noopener\">Read more<\/a><\/p>\n\n\n\n<h2 class=\"wp-block-heading\">21.3.2023 klo 12.15 &#8211; 16.00<\/h2>\n\n\n\n<h1 class=\"wp-block-heading\">Vaikuttavaa farmasiaa &#8211; katse kohti tulevaisuutta<\/h1>\n\n\n\n<p><a rel=\"noreferrer noopener\" href=\"https:\/\/sites.uef.fi\/farmasia50\/vaikuttavaa-farmasiaa-katse-kohti-tulevaisuutta\/\" target=\"_blank\">Lue lis\u00e4\u00e4 <\/a><\/p>\n\n\n\n<p><\/p>\n\n\n\n<figure class=\"wp-block-image size-full is-resized\"><img loading=\"lazy\" decoding=\"async\" src=\"https:\/\/sites.uef.fi\/farmasia50\/wp-content\/uploads\/sites\/394\/2022\/11\/UEF_Farmasia_50_Logo_Musta.png\" alt=\"\" class=\"wp-image-141\" width=\"595\" height=\"275\" \/><\/figure>\n","protected":false},"excerpt":{"rendered":"<p>Osallistu kanssamme juhlavuoden viettoon! 28.10.2023 klo 11.00 &#8211; 15.00 50-vuotisjuhlaseminaari Lue lis\u00e4\u00e4 8.10.2023 klo 10-13 Py\u00f6reiden vuosien tieteellinen sieniretki Lue lis\u00e4\u00e4 27.9.2023 klo 9.15 &#8211; 15 Kliininen farmasia NYT &#8211; opinnoista k\u00e4yt\u00e4nt\u00f6\u00f6n Lue lis\u00e4\u00e4 24.5.2023 klo 12.00 &#8211; 15.00 Pharmacy Research Day Read more 21.3.2023 klo 12.15 &#8211; 16.00 Vaikuttavaa farmasiaa &#8211; katse kohti tulevaisuutta [&hellip;]<\/p>\n","protected":false},"author":447,"featured_media":0,"parent":0,"menu_order":0,"comment_status":"closed","ping_status":"closed","template":"","meta":{"_acf_changed":false,"footnotes":""},"class_list":["post-111","page","type-page","status-publish","hentry"],"acf":[],"yoast_head":"<!-- This site is optimized with the Yoast SEO plugin v27.1.1 - https:\/\/yoast.com\/product\/yoast-seo-wordpress\/ -->\n<title>Osallistu - Farmasiaa Kuopiossa 50 vuotta<\/title>\n<meta name=\"robots\" content=\"index, follow, max-snippet:-1, max-image-preview:large, max-video-preview:-1\" \/>\n<link rel=\"canonical\" href=\"https:\/\/sites.uef.fi\/farmasia50\/osallistu\/\" \/>\n<meta property=\"og:locale\" content=\"fi_FI\" \/>\n<meta property=\"og:type\" content=\"article\" \/>\n<meta property=\"og:title\" content=\"Osallistu - Farmasiaa Kuopiossa 50 vuotta\" \/>\n<meta property=\"og:description\" content=\"Osallistu kanssamme juhlavuoden viettoon! 28.10.2023 klo 11.00 &#8211; 15.00 50-vuotisjuhlaseminaari Lue lis\u00e4\u00e4 8.10.2023 klo 10-13 Py\u00f6reiden vuosien tieteellinen sieniretki Lue lis\u00e4\u00e4 27.9.2023 klo 9.15 &#8211; 15 Kliininen farmasia NYT &#8211; opinnoista k\u00e4yt\u00e4nt\u00f6\u00f6n Lue lis\u00e4\u00e4 24.5.2023 klo 12.00 &#8211; 15.00 Pharmacy Research Day Read more 21.3.2023 klo 12.15 &#8211; 16.00 Vaikuttavaa farmasiaa &#8211; katse kohti tulevaisuutta [&hellip;]\" \/>\n<meta property=\"og:url\" content=\"https:\/\/sites.uef.fi\/farmasia50\/osallistu\/\" \/>\n<meta property=\"og:site_name\" content=\"Farmasiaa Kuopiossa 50 vuotta\" \/>\n<meta property=\"article:modified_time\" content=\"2023-09-05T11:14:04+00:00\" \/>\n<meta property=\"og:image\" content=\"https:\/\/sites.uef.fi\/farmasia50\/wp-content\/uploads\/sites\/394\/2022\/11\/UEF_Farmasia_50_Logo_Musta.png\" \/>\n<meta name=\"twitter:card\" content=\"summary_large_image\" \/>\n<meta name=\"twitter:label1\" content=\"Arvioitu lukuaika\" \/>\n\t<meta name=\"twitter:data1\" content=\"1 minuutti\" \/>\n<script type=\"application\/ld+json\" class=\"yoast-schema-graph\">{\"@context\":\"https:\/\/schema.org\",\"@graph\":[{\"@type\":\"WebPage\",\"@id\":\"https:\/\/sites.uef.fi\/farmasia50\/osallistu\/\",\"url\":\"https:\/\/sites.uef.fi\/farmasia50\/osallistu\/\",\"name\":\"Osallistu - Farmasiaa Kuopiossa 50 vuotta\",\"isPartOf\":{\"@id\":\"https:\/\/sites.uef.fi\/farmasia50\/#website\"},\"primaryImageOfPage\":{\"@id\":\"https:\/\/sites.uef.fi\/farmasia50\/osallistu\/#primaryimage\"},\"image\":{\"@id\":\"https:\/\/sites.uef.fi\/farmasia50\/osallistu\/#primaryimage\"},\"thumbnailUrl\":\"https:\/\/sites.uef.fi\/farmasia50\/wp-content\/uploads\/sites\/394\/2022\/11\/UEF_Farmasia_50_Logo_Musta.png\",\"datePublished\":\"2022-11-03T11:15:51+00:00\",\"dateModified\":\"2023-09-05T11:14:04+00:00\",\"breadcrumb\":{\"@id\":\"https:\/\/sites.uef.fi\/farmasia50\/osallistu\/#breadcrumb\"},\"inLanguage\":\"fi\",\"potentialAction\":[{\"@type\":\"ReadAction\",\"target\":[\"https:\/\/sites.uef.fi\/farmasia50\/osallistu\/\"]}]},{\"@type\":\"ImageObject\",\"inLanguage\":\"fi\",\"@id\":\"https:\/\/sites.uef.fi\/farmasia50\/osallistu\/#primaryimage\",\"url\":\"https:\/\/sites.uef.fi\/farmasia50\/wp-content\/uploads\/sites\/394\/2022\/11\/UEF_Farmasia_50_Logo_Musta.png\",\"contentUrl\":\"https:\/\/sites.uef.fi\/farmasia50\/wp-content\/uploads\/sites\/394\/2022\/11\/UEF_Farmasia_50_Logo_Musta.png\",\"width\":800,\"height\":400},{\"@type\":\"BreadcrumbList\",\"@id\":\"https:\/\/sites.uef.fi\/farmasia50\/osallistu\/#breadcrumb\",\"itemListElement\":[{\"@type\":\"ListItem\",\"position\":1,\"name\":\"Home\",\"item\":\"https:\/\/sites.uef.fi\/farmasia50\/\"},{\"@type\":\"ListItem\",\"position\":2,\"name\":\"Osallistu\"}]},{\"@type\":\"WebSite\",\"@id\":\"https:\/\/sites.uef.fi\/farmasia50\/#website\",\"url\":\"https:\/\/sites.uef.fi\/farmasia50\/\",\"name\":\"Farmasiaa Kuopiossa 50 vuotta\",\"description\":\"\",\"publisher\":{\"@id\":\"https:\/\/sites.uef.fi\/farmasia50\/#organization\"},\"potentialAction\":[{\"@type\":\"SearchAction\",\"target\":{\"@type\":\"EntryPoint\",\"urlTemplate\":\"https:\/\/sites.uef.fi\/farmasia50\/?s={search_term_string}\"},\"query-input\":{\"@type\":\"PropertyValueSpecification\",\"valueRequired\":true,\"valueName\":\"search_term_string\"}}],\"inLanguage\":\"fi\"},{\"@type\":\"Organization\",\"@id\":\"https:\/\/sites.uef.fi\/farmasia50\/#organization\",\"name\":\"Farmasiaa Kuopiossa 50 vuotta\",\"url\":\"https:\/\/sites.uef.fi\/farmasia50\/\",\"logo\":{\"@type\":\"ImageObject\",\"inLanguage\":\"fi\",\"@id\":\"https:\/\/sites.uef.fi\/farmasia50\/#\/schema\/logo\/image\/\",\"url\":\"https:\/\/sites.uef.fi\/farmasia50\/wp-content\/uploads\/sites\/394\/2022\/10\/cropped-UEF_wordpress_white.png\",\"contentUrl\":\"https:\/\/sites.uef.fi\/farmasia50\/wp-content\/uploads\/sites\/394\/2022\/10\/cropped-UEF_wordpress_white.png\",\"width\":250,\"height\":250,\"caption\":\"Farmasiaa Kuopiossa 50 vuotta\"},\"image\":{\"@id\":\"https:\/\/sites.uef.fi\/farmasia50\/#\/schema\/logo\/image\/\"}}]}<\/script>\n<!-- \/ Yoast SEO plugin. -->","yoast_head_json":{"title":"Osallistu - Farmasiaa Kuopiossa 50 vuotta","robots":{"index":"index","follow":"follow","max-snippet":"max-snippet:-1","max-image-preview":"max-image-preview:large","max-video-preview":"max-video-preview:-1"},"canonical":"https:\/\/sites.uef.fi\/farmasia50\/osallistu\/","og_locale":"fi_FI","og_type":"article","og_title":"Osallistu - Farmasiaa Kuopiossa 50 vuotta","og_description":"Osallistu kanssamme juhlavuoden viettoon! 28.10.2023 klo 11.00 &#8211; 15.00 50-vuotisjuhlaseminaari Lue lis\u00e4\u00e4 8.10.2023 klo 10-13 Py\u00f6reiden vuosien tieteellinen sieniretki Lue lis\u00e4\u00e4 27.9.2023 klo 9.15 &#8211; 15 Kliininen farmasia NYT &#8211; opinnoista k\u00e4yt\u00e4nt\u00f6\u00f6n Lue lis\u00e4\u00e4 24.5.2023 klo 12.00 &#8211; 15.00 Pharmacy Research Day Read more 21.3.2023 klo 12.15 &#8211; 16.00 Vaikuttavaa farmasiaa &#8211; katse kohti tulevaisuutta [&hellip;]","og_url":"https:\/\/sites.uef.fi\/farmasia50\/osallistu\/","og_site_name":"Farmasiaa Kuopiossa 50 vuotta","article_modified_time":"2023-09-05T11:14:04+00:00","og_image":[{"url":"https:\/\/sites.uef.fi\/farmasia50\/wp-content\/uploads\/sites\/394\/2022\/11\/UEF_Farmasia_50_Logo_Musta.png","type":"","width":"","height":""}],"twitter_card":"summary_large_image","twitter_misc":{"Arvioitu lukuaika":"1 minuutti"},"schema":{"@context":"https:\/\/schema.org","@graph":[{"@type":"WebPage","@id":"https:\/\/sites.uef.fi\/farmasia50\/osallistu\/","url":"https:\/\/sites.uef.fi\/farmasia50\/osallistu\/","name":"Osallistu - Farmasiaa Kuopiossa 50 vuotta","isPartOf":{"@id":"https:\/\/sites.uef.fi\/farmasia50\/#website"},"primaryImageOfPage":{"@id":"https:\/\/sites.uef.fi\/farmasia50\/osallistu\/#primaryimage"},"image":{"@id":"https:\/\/sites.uef.fi\/farmasia50\/osallistu\/#primaryimage"},"thumbnailUrl":"https:\/\/sites.uef.fi\/farmasia50\/wp-content\/uploads\/sites\/394\/2022\/11\/UEF_Farmasia_50_Logo_Musta.png","datePublished":"2022-11-03T11:15:51+00:00","dateModified":"2023-09-05T11:14:04+00:00","breadcrumb":{"@id":"https:\/\/sites.uef.fi\/farmasia50\/osallistu\/#breadcrumb"},"inLanguage":"fi","potentialAction":[{"@type":"ReadAction","target":["https:\/\/sites.uef.fi\/farmasia50\/osallistu\/"]}]},{"@type":"ImageObject","inLanguage":"fi","@id":"https:\/\/sites.uef.fi\/farmasia50\/osallistu\/#primaryimage","url":"https:\/\/sites.uef.fi\/farmasia50\/wp-content\/uploads\/sites\/394\/2022\/11\/UEF_Farmasia_50_Logo_Musta.png","contentUrl":"https:\/\/sites.uef.fi\/farmasia50\/wp-content\/uploads\/sites\/394\/2022\/11\/UEF_Farmasia_50_Logo_Musta.png","width":800,"height":400},{"@type":"BreadcrumbList","@id":"https:\/\/sites.uef.fi\/farmasia50\/osallistu\/#breadcrumb","itemListElement":[{"@type":"ListItem","position":1,"name":"Home","item":"https:\/\/sites.uef.fi\/farmasia50\/"},{"@type":"ListItem","position":2,"name":"Osallistu"}]},{"@type":"WebSite","@id":"https:\/\/sites.uef.fi\/farmasia50\/#website","url":"https:\/\/sites.uef.fi\/farmasia50\/","name":"Farmasiaa Kuopiossa 50 vuotta","description":"","publisher":{"@id":"https:\/\/sites.uef.fi\/farmasia50\/#organization"},"potentialAction":[{"@type":"SearchAction","target":{"@type":"EntryPoint","urlTemplate":"https:\/\/sites.uef.fi\/farmasia50\/?s={search_term_string}"},"query-input":{"@type":"PropertyValueSpecification","valueRequired":true,"valueName":"search_term_string"}}],"inLanguage":"fi"},{"@type":"Organization","@id":"https:\/\/sites.uef.fi\/farmasia50\/#organization","name":"Farmasiaa Kuopiossa 50 vuotta","url":"https:\/\/sites.uef.fi\/farmasia50\/","logo":{"@type":"ImageObject","inLanguage":"fi","@id":"https:\/\/sites.uef.fi\/farmasia50\/#\/schema\/logo\/image\/","url":"https:\/\/sites.uef.fi\/farmasia50\/wp-content\/uploads\/sites\/394\/2022\/10\/cropped-UEF_wordpress_white.png","contentUrl":"https:\/\/sites.uef.fi\/farmasia50\/wp-content\/uploads\/sites\/394\/2022\/10\/cropped-UEF_wordpress_white.png","width":250,"height":250,"caption":"Farmasiaa Kuopiossa 50 vuotta"},"image":{"@id":"https:\/\/sites.uef.fi\/farmasia50\/#\/schema\/logo\/image\/"}}]}},"_links":{"self":[{"href":"https:\/\/sites.uef.fi\/farmasia50\/wp-json\/wp\/v2\/pages\/111","targetHints":{"allow":["GET"]}}],"collection":[{"href":"https:\/\/sites.uef.fi\/farmasia50\/wp-json\/wp\/v2\/pages"}],"about":[{"href":"https:\/\/sites.uef.fi\/farmasia50\/wp-json\/wp\/v2\/types\/page"}],"author":[{"embeddable":true,"href":"https:\/\/sites.uef.fi\/farmasia50\/wp-json\/wp\/v2\/users\/447"}],"replies":[{"embeddable":true,"href":"https:\/\/sites.uef.fi\/farmasia50\/wp-json\/wp\/v2\/comments?post=111"}],"version-history":[{"count":1,"href":"https:\/\/sites.uef.fi\/farmasia50\/wp-json\/wp\/v2\/pages\/111\/revisions"}],"predecessor-version":[{"id":1194,"href":"https:\/\/sites.uef.fi\/farmasia50\/wp-json\/wp\/v2\/pages\/111\/revisions\/1194"}],"wp:attachment":[{"href":"https:\/\/sites.uef.fi\/farmasia50\/wp-json\/wp\/v2\/media?parent=111"}],"curies":[{"name":"wp","href":"https:\/\/api.w.org\/{rel}","templated":true}]}}