{"id":123,"date":"2022-11-03T14:17:04","date_gmt":"2022-11-03T11:17:04","guid":{"rendered":"https:\/\/sites.uef.fi\/farmasia50\/?page_id=123"},"modified":"2023-10-27T14:10:35","modified_gmt":"2023-10-27T11:10:35","slug":"juhlajulkaisu","status":"publish","type":"page","link":"https:\/\/sites.uef.fi\/farmasia50\/juhlajulkaisu\/","title":{"rendered":"Juhlajulkaisu"},"content":{"rendered":"\n<h1 class=\"wp-block-heading\">Farmasian v\u00e4rikk\u00e4\u00e4t vuodet koottiin kansien v\u00e4liin<\/h1>\n\n\n\n<figure class=\"wp-block-image size-large\"><img loading=\"lazy\" decoding=\"async\" width=\"1024\" height=\"696\" src=\"https:\/\/sites.uef.fi\/farmasia50\/wp-content\/uploads\/sites\/394\/2023\/10\/varikas-vuosikymmen-1024x696.jpg\" alt=\"\" class=\"wp-image-1565\" srcset=\"https:\/\/sites.uef.fi\/farmasia50\/wp-content\/uploads\/sites\/394\/2023\/10\/varikas-vuosikymmen-1024x696.jpg 1024w, https:\/\/sites.uef.fi\/farmasia50\/wp-content\/uploads\/sites\/394\/2023\/10\/varikas-vuosikymmen-300x204.jpg 300w, https:\/\/sites.uef.fi\/farmasia50\/wp-content\/uploads\/sites\/394\/2023\/10\/varikas-vuosikymmen-768x522.jpg 768w, https:\/\/sites.uef.fi\/farmasia50\/wp-content\/uploads\/sites\/394\/2023\/10\/varikas-vuosikymmen.jpg 1040w\" sizes=\"auto, (max-width: 1024px) 100vw, 1024px\" \/><\/figure>\n\n\n\n<p>Alkuper\u00e4inen julkaisu: <a href=\"https:\/\/www.uef.fi\/fi\/artikkeli\/farmasian-varikkaat-vuodet-koottiin-kansien-valiin\">https:\/\/www.uef.fi\/fi\/artikkeli\/farmasian-varikkaat-vuodet-koottiin-kansien-valiin<\/a><\/p>\n\n\n\n<p>Kuluvana vuonna 50 vuotta t\u00e4ytt\u00e4v\u00e4 farmasian laitos on julkaissut juhlakirjan, jossa lukuisat opettajat, tutkijat, alumnit ja opiskelijat muistelevat menneit\u00e4 vuosia ja visioivat tulevaisuutta. Muisteloissa painottuu toiminnan viides, varsin v\u00e4rik\u00e4s vuosikymmen, vaikka alkuvuosiinkin palataan.<\/p>\n\n\n\n<p>Esimerkiksi emeritalehtorit <strong>Kirsti Vainio<\/strong> ja <strong>Kirsti Laitinen<\/strong> muistelevat vuosiaan farmasialla 1970-luvun opiskelijael\u00e4m\u00e4st\u00e4 alkaen. Professori <strong>Arto Urtti<\/strong> ja professorin teht\u00e4v\u00e4st\u00e4 aikoinaan rehtoriksi ja kaupunginjohtajaksi siirtynyt <strong>Petteri Paronen<\/strong> palauttavat mieliin my\u00f6s, millaista oli 1980-luvun l\u00e4\u00e4keteollisuus Suomessa ja miten apteekkikentt\u00e4 tuntui houkuttelevan liikaakin.<\/p>\n\n\n\n<p>Viimeisen vuosikymmenen aikana laitoksella on muun muassa uudistettu farmaseutin ja proviisorin koulutusohjelmat vastaamaan ty\u00f6el\u00e4m\u00e4n tarpeita. L\u00e4\u00e4kehoidon arvioinnin osaamista on korostettu ja proviisoriopintojen suuntautumisvaihtoehtoihin on lis\u00e4tty uusi kliinisen farmasian opintosuunta.<\/p>\n\n\n\n<p>Uusien opiskelijoiden sis\u00e4\u00e4nottoa on kasvatettu, ja laitos on avannut my\u00f6s uuden hakuv\u00e4yl\u00e4n farmaseutin koulutusohjelmaan avoimen yliopiston kautta. Koronapandemia puolestaan vauhditti jo aiemmin alkanutta verkko-opetuksen kehitt\u00e4mist\u00e4 rakettimaisesti.<\/p>\n\n\n\n<p>Juhlakirjassa laitoksen eri oppiaineet valottavat opetuksen uusien tuulien lis\u00e4ksi tutkimustaan, joka on pysynyt mukana yhteiskunnan muutoksessa ja teknologian kehityksess\u00e4. Viime vuosina laitoksen huippututkimusta ovat edustaneet muun muassa l\u00e4\u00e4kekehityksen tutkimusyhteis\u00f6 DrugTech ja kansallinen geeni-, solu- ja nanoterapian tutkimuksen lippulaiva GeneCellNano.<\/p>\n\n\n\n<p><strong>Tutustu juhlakirjaan verkossa:<\/strong><\/p>\n\n\n\n<p><a href=\"http:\/\/urn.fi\/URN:ISBN:978-952-61-4993-6\">V\u00e4rik\u00e4s vuosikymmen \u2013 It\u00e4-Suomen yliopiston farmasian laitos 50 vuotta<\/a><\/p>\n\n\n\n<p><strong>Lis\u00e4tietoja juhlakirjasta:<\/strong><\/p>\n\n\n\n<p>Yliopistonlehtori Veli-Pekka Ranta, veli-pekka.ranta(a)uef.fi<\/p>\n","protected":false},"excerpt":{"rendered":"<p>Farmasian v\u00e4rikk\u00e4\u00e4t vuodet koottiin kansien v\u00e4liin Alkuper\u00e4inen julkaisu: https:\/\/www.uef.fi\/fi\/artikkeli\/farmasian-varikkaat-vuodet-koottiin-kansien-valiin Kuluvana vuonna 50 vuotta t\u00e4ytt\u00e4v\u00e4 farmasian laitos on julkaissut juhlakirjan, jossa lukuisat opettajat, tutkijat, alumnit ja opiskelijat muistelevat menneit\u00e4 vuosia ja visioivat tulevaisuutta. Muisteloissa painottuu toiminnan viides, varsin v\u00e4rik\u00e4s vuosikymmen, vaikka alkuvuosiinkin palataan. Esimerkiksi emeritalehtorit Kirsti Vainio ja Kirsti Laitinen muistelevat vuosiaan farmasialla 1970-luvun opiskelijael\u00e4m\u00e4st\u00e4 alkaen. [&hellip;]<\/p>\n","protected":false},"author":447,"featured_media":0,"parent":0,"menu_order":0,"comment_status":"closed","ping_status":"closed","template":"","meta":{"_acf_changed":false,"footnotes":""},"class_list":["post-123","page","type-page","status-publish","hentry"],"acf":[],"yoast_head":"<!-- This site is optimized with the Yoast SEO plugin v27.3 - https:\/\/yoast.com\/product\/yoast-seo-wordpress\/ -->\n<title>Juhlajulkaisu - Farmasiaa Kuopiossa 50 vuotta<\/title>\n<meta name=\"robots\" content=\"index, follow, max-snippet:-1, max-image-preview:large, max-video-preview:-1\" \/>\n<link rel=\"canonical\" href=\"https:\/\/sites.uef.fi\/farmasia50\/juhlajulkaisu\/\" \/>\n<meta property=\"og:locale\" content=\"fi_FI\" \/>\n<meta property=\"og:type\" content=\"article\" \/>\n<meta property=\"og:title\" content=\"Juhlajulkaisu - Farmasiaa Kuopiossa 50 vuotta\" \/>\n<meta property=\"og:description\" content=\"Farmasian v\u00e4rikk\u00e4\u00e4t vuodet koottiin kansien v\u00e4liin Alkuper\u00e4inen julkaisu: https:\/\/www.uef.fi\/fi\/artikkeli\/farmasian-varikkaat-vuodet-koottiin-kansien-valiin Kuluvana vuonna 50 vuotta t\u00e4ytt\u00e4v\u00e4 farmasian laitos on julkaissut juhlakirjan, jossa lukuisat opettajat, tutkijat, alumnit ja opiskelijat muistelevat menneit\u00e4 vuosia ja visioivat tulevaisuutta. Muisteloissa painottuu toiminnan viides, varsin v\u00e4rik\u00e4s vuosikymmen, vaikka alkuvuosiinkin palataan. Esimerkiksi emeritalehtorit Kirsti Vainio ja Kirsti Laitinen muistelevat vuosiaan farmasialla 1970-luvun opiskelijael\u00e4m\u00e4st\u00e4 alkaen. [&hellip;]\" \/>\n<meta property=\"og:url\" content=\"https:\/\/sites.uef.fi\/farmasia50\/juhlajulkaisu\/\" \/>\n<meta property=\"og:site_name\" content=\"Farmasiaa Kuopiossa 50 vuotta\" \/>\n<meta property=\"article:modified_time\" content=\"2023-10-27T11:10:35+00:00\" \/>\n<meta property=\"og:image\" content=\"https:\/\/sites.uef.fi\/farmasia50\/wp-content\/uploads\/sites\/394\/2023\/10\/varikas-vuosikymmen-1024x696.jpg\" \/>\n<meta name=\"twitter:card\" content=\"summary_large_image\" \/>\n<meta name=\"twitter:label1\" content=\"Arvioitu lukuaika\" \/>\n\t<meta name=\"twitter:data1\" content=\"2 minuuttia\" \/>\n<script type=\"application\/ld+json\" class=\"yoast-schema-graph\">{\"@context\":\"https:\\\/\\\/schema.org\",\"@graph\":[{\"@type\":\"WebPage\",\"@id\":\"https:\\\/\\\/sites.uef.fi\\\/farmasia50\\\/juhlajulkaisu\\\/\",\"url\":\"https:\\\/\\\/sites.uef.fi\\\/farmasia50\\\/juhlajulkaisu\\\/\",\"name\":\"Juhlajulkaisu - Farmasiaa Kuopiossa 50 vuotta\",\"isPartOf\":{\"@id\":\"https:\\\/\\\/sites.uef.fi\\\/farmasia50\\\/#website\"},\"primaryImageOfPage\":{\"@id\":\"https:\\\/\\\/sites.uef.fi\\\/farmasia50\\\/juhlajulkaisu\\\/#primaryimage\"},\"image\":{\"@id\":\"https:\\\/\\\/sites.uef.fi\\\/farmasia50\\\/juhlajulkaisu\\\/#primaryimage\"},\"thumbnailUrl\":\"https:\\\/\\\/sites.uef.fi\\\/farmasia50\\\/wp-content\\\/uploads\\\/sites\\\/394\\\/2023\\\/10\\\/varikas-vuosikymmen-1024x696.jpg\",\"datePublished\":\"2022-11-03T11:17:04+00:00\",\"dateModified\":\"2023-10-27T11:10:35+00:00\",\"breadcrumb\":{\"@id\":\"https:\\\/\\\/sites.uef.fi\\\/farmasia50\\\/juhlajulkaisu\\\/#breadcrumb\"},\"inLanguage\":\"fi\",\"potentialAction\":[{\"@type\":\"ReadAction\",\"target\":[\"https:\\\/\\\/sites.uef.fi\\\/farmasia50\\\/juhlajulkaisu\\\/\"]}]},{\"@type\":\"ImageObject\",\"inLanguage\":\"fi\",\"@id\":\"https:\\\/\\\/sites.uef.fi\\\/farmasia50\\\/juhlajulkaisu\\\/#primaryimage\",\"url\":\"https:\\\/\\\/sites.uef.fi\\\/farmasia50\\\/wp-content\\\/uploads\\\/sites\\\/394\\\/2023\\\/10\\\/varikas-vuosikymmen.jpg\",\"contentUrl\":\"https:\\\/\\\/sites.uef.fi\\\/farmasia50\\\/wp-content\\\/uploads\\\/sites\\\/394\\\/2023\\\/10\\\/varikas-vuosikymmen.jpg\",\"width\":1040,\"height\":707},{\"@type\":\"BreadcrumbList\",\"@id\":\"https:\\\/\\\/sites.uef.fi\\\/farmasia50\\\/juhlajulkaisu\\\/#breadcrumb\",\"itemListElement\":[{\"@type\":\"ListItem\",\"position\":1,\"name\":\"Home\",\"item\":\"https:\\\/\\\/sites.uef.fi\\\/farmasia50\\\/\"},{\"@type\":\"ListItem\",\"position\":2,\"name\":\"Juhlajulkaisu\"}]},{\"@type\":\"WebSite\",\"@id\":\"https:\\\/\\\/sites.uef.fi\\\/farmasia50\\\/#website\",\"url\":\"https:\\\/\\\/sites.uef.fi\\\/farmasia50\\\/\",\"name\":\"Farmasiaa Kuopiossa 50 vuotta\",\"description\":\"\",\"publisher\":{\"@id\":\"https:\\\/\\\/sites.uef.fi\\\/farmasia50\\\/#organization\"},\"potentialAction\":[{\"@type\":\"SearchAction\",\"target\":{\"@type\":\"EntryPoint\",\"urlTemplate\":\"https:\\\/\\\/sites.uef.fi\\\/farmasia50\\\/?s={search_term_string}\"},\"query-input\":{\"@type\":\"PropertyValueSpecification\",\"valueRequired\":true,\"valueName\":\"search_term_string\"}}],\"inLanguage\":\"fi\"},{\"@type\":\"Organization\",\"@id\":\"https:\\\/\\\/sites.uef.fi\\\/farmasia50\\\/#organization\",\"name\":\"Farmasiaa Kuopiossa 50 vuotta\",\"url\":\"https:\\\/\\\/sites.uef.fi\\\/farmasia50\\\/\",\"logo\":{\"@type\":\"ImageObject\",\"inLanguage\":\"fi\",\"@id\":\"https:\\\/\\\/sites.uef.fi\\\/farmasia50\\\/#\\\/schema\\\/logo\\\/image\\\/\",\"url\":\"https:\\\/\\\/sites.uef.fi\\\/farmasia50\\\/wp-content\\\/uploads\\\/sites\\\/394\\\/2022\\\/10\\\/cropped-UEF_wordpress_white.png\",\"contentUrl\":\"https:\\\/\\\/sites.uef.fi\\\/farmasia50\\\/wp-content\\\/uploads\\\/sites\\\/394\\\/2022\\\/10\\\/cropped-UEF_wordpress_white.png\",\"width\":250,\"height\":250,\"caption\":\"Farmasiaa Kuopiossa 50 vuotta\"},\"image\":{\"@id\":\"https:\\\/\\\/sites.uef.fi\\\/farmasia50\\\/#\\\/schema\\\/logo\\\/image\\\/\"}}]}<\/script>\n<!-- \/ Yoast SEO plugin. -->","yoast_head_json":{"title":"Juhlajulkaisu - Farmasiaa Kuopiossa 50 vuotta","robots":{"index":"index","follow":"follow","max-snippet":"max-snippet:-1","max-image-preview":"max-image-preview:large","max-video-preview":"max-video-preview:-1"},"canonical":"https:\/\/sites.uef.fi\/farmasia50\/juhlajulkaisu\/","og_locale":"fi_FI","og_type":"article","og_title":"Juhlajulkaisu - Farmasiaa Kuopiossa 50 vuotta","og_description":"Farmasian v\u00e4rikk\u00e4\u00e4t vuodet koottiin kansien v\u00e4liin Alkuper\u00e4inen julkaisu: https:\/\/www.uef.fi\/fi\/artikkeli\/farmasian-varikkaat-vuodet-koottiin-kansien-valiin Kuluvana vuonna 50 vuotta t\u00e4ytt\u00e4v\u00e4 farmasian laitos on julkaissut juhlakirjan, jossa lukuisat opettajat, tutkijat, alumnit ja opiskelijat muistelevat menneit\u00e4 vuosia ja visioivat tulevaisuutta. Muisteloissa painottuu toiminnan viides, varsin v\u00e4rik\u00e4s vuosikymmen, vaikka alkuvuosiinkin palataan. Esimerkiksi emeritalehtorit Kirsti Vainio ja Kirsti Laitinen muistelevat vuosiaan farmasialla 1970-luvun opiskelijael\u00e4m\u00e4st\u00e4 alkaen. [&hellip;]","og_url":"https:\/\/sites.uef.fi\/farmasia50\/juhlajulkaisu\/","og_site_name":"Farmasiaa Kuopiossa 50 vuotta","article_modified_time":"2023-10-27T11:10:35+00:00","og_image":[{"url":"https:\/\/sites.uef.fi\/farmasia50\/wp-content\/uploads\/sites\/394\/2023\/10\/varikas-vuosikymmen-1024x696.jpg","type":"","width":"","height":""}],"twitter_card":"summary_large_image","twitter_misc":{"Arvioitu lukuaika":"2 minuuttia"},"schema":{"@context":"https:\/\/schema.org","@graph":[{"@type":"WebPage","@id":"https:\/\/sites.uef.fi\/farmasia50\/juhlajulkaisu\/","url":"https:\/\/sites.uef.fi\/farmasia50\/juhlajulkaisu\/","name":"Juhlajulkaisu - Farmasiaa Kuopiossa 50 vuotta","isPartOf":{"@id":"https:\/\/sites.uef.fi\/farmasia50\/#website"},"primaryImageOfPage":{"@id":"https:\/\/sites.uef.fi\/farmasia50\/juhlajulkaisu\/#primaryimage"},"image":{"@id":"https:\/\/sites.uef.fi\/farmasia50\/juhlajulkaisu\/#primaryimage"},"thumbnailUrl":"https:\/\/sites.uef.fi\/farmasia50\/wp-content\/uploads\/sites\/394\/2023\/10\/varikas-vuosikymmen-1024x696.jpg","datePublished":"2022-11-03T11:17:04+00:00","dateModified":"2023-10-27T11:10:35+00:00","breadcrumb":{"@id":"https:\/\/sites.uef.fi\/farmasia50\/juhlajulkaisu\/#breadcrumb"},"inLanguage":"fi","potentialAction":[{"@type":"ReadAction","target":["https:\/\/sites.uef.fi\/farmasia50\/juhlajulkaisu\/"]}]},{"@type":"ImageObject","inLanguage":"fi","@id":"https:\/\/sites.uef.fi\/farmasia50\/juhlajulkaisu\/#primaryimage","url":"https:\/\/sites.uef.fi\/farmasia50\/wp-content\/uploads\/sites\/394\/2023\/10\/varikas-vuosikymmen.jpg","contentUrl":"https:\/\/sites.uef.fi\/farmasia50\/wp-content\/uploads\/sites\/394\/2023\/10\/varikas-vuosikymmen.jpg","width":1040,"height":707},{"@type":"BreadcrumbList","@id":"https:\/\/sites.uef.fi\/farmasia50\/juhlajulkaisu\/#breadcrumb","itemListElement":[{"@type":"ListItem","position":1,"name":"Home","item":"https:\/\/sites.uef.fi\/farmasia50\/"},{"@type":"ListItem","position":2,"name":"Juhlajulkaisu"}]},{"@type":"WebSite","@id":"https:\/\/sites.uef.fi\/farmasia50\/#website","url":"https:\/\/sites.uef.fi\/farmasia50\/","name":"Farmasiaa Kuopiossa 50 vuotta","description":"","publisher":{"@id":"https:\/\/sites.uef.fi\/farmasia50\/#organization"},"potentialAction":[{"@type":"SearchAction","target":{"@type":"EntryPoint","urlTemplate":"https:\/\/sites.uef.fi\/farmasia50\/?s={search_term_string}"},"query-input":{"@type":"PropertyValueSpecification","valueRequired":true,"valueName":"search_term_string"}}],"inLanguage":"fi"},{"@type":"Organization","@id":"https:\/\/sites.uef.fi\/farmasia50\/#organization","name":"Farmasiaa Kuopiossa 50 vuotta","url":"https:\/\/sites.uef.fi\/farmasia50\/","logo":{"@type":"ImageObject","inLanguage":"fi","@id":"https:\/\/sites.uef.fi\/farmasia50\/#\/schema\/logo\/image\/","url":"https:\/\/sites.uef.fi\/farmasia50\/wp-content\/uploads\/sites\/394\/2022\/10\/cropped-UEF_wordpress_white.png","contentUrl":"https:\/\/sites.uef.fi\/farmasia50\/wp-content\/uploads\/sites\/394\/2022\/10\/cropped-UEF_wordpress_white.png","width":250,"height":250,"caption":"Farmasiaa Kuopiossa 50 vuotta"},"image":{"@id":"https:\/\/sites.uef.fi\/farmasia50\/#\/schema\/logo\/image\/"}}]}},"_links":{"self":[{"href":"https:\/\/sites.uef.fi\/farmasia50\/wp-json\/wp\/v2\/pages\/123","targetHints":{"allow":["GET"]}}],"collection":[{"href":"https:\/\/sites.uef.fi\/farmasia50\/wp-json\/wp\/v2\/pages"}],"about":[{"href":"https:\/\/sites.uef.fi\/farmasia50\/wp-json\/wp\/v2\/types\/page"}],"author":[{"embeddable":true,"href":"https:\/\/sites.uef.fi\/farmasia50\/wp-json\/wp\/v2\/users\/447"}],"replies":[{"embeddable":true,"href":"https:\/\/sites.uef.fi\/farmasia50\/wp-json\/wp\/v2\/comments?post=123"}],"version-history":[{"count":2,"href":"https:\/\/sites.uef.fi\/farmasia50\/wp-json\/wp\/v2\/pages\/123\/revisions"}],"predecessor-version":[{"id":1589,"href":"https:\/\/sites.uef.fi\/farmasia50\/wp-json\/wp\/v2\/pages\/123\/revisions\/1589"}],"wp:attachment":[{"href":"https:\/\/sites.uef.fi\/farmasia50\/wp-json\/wp\/v2\/media?parent=123"}],"curies":[{"name":"wp","href":"https:\/\/api.w.org\/{rel}","templated":true}]}}