{"id":716,"date":"2023-02-22T13:20:31","date_gmt":"2023-02-22T10:20:31","guid":{"rendered":"https:\/\/sites.uef.fi\/farmasia50\/?page_id=716"},"modified":"2023-03-27T16:13:54","modified_gmt":"2023-03-27T13:13:54","slug":"vaikuttavaa-farmasiaa-katse-kohti-tulevaisuutta","status":"publish","type":"page","link":"https:\/\/sites.uef.fi\/farmasia50\/vaikuttavaa-farmasiaa-katse-kohti-tulevaisuutta\/","title":{"rendered":"Vaikuttavaa farmasiaa &#8211; katse kohti tulevaisuutta"},"content":{"rendered":"\n<h1 class=\"wp-block-heading\"><br>Vaikuttavaa farmasiaa &#8211; katse kohti tulevaisuutta<\/h1>\n\n\n\n<h2 class=\"wp-block-heading\">21.3.2023 klo 12.15 &#8211; 16.00<\/h2>\n\n\n\n<p>It\u00e4-Suomen yliopisto, Kuopion kampus, Canthia tai et\u00e4osallistuminen.<\/p>\n\n\n\n<p>Tervetuloa Farmasian laitoksen ja Savon Apteekkariyhdistyksen tilaisuuteen kuulemaan ajankohtaista asiaa farmasian koulutuksesta ja tutkimuksesta sek\u00e4 apteekkien roolista sosiaali- ja terveydenhuollossa ja hyvinvointialueella.<\/p>\n\n\n\n<h2 class=\"wp-block-heading\">Esitysten materiaalit<\/h2>\n\n\n\n<p>Farmasian laitos: <a rel=\"noreferrer noopener\" href=\"https:\/\/sites.uef.fi\/farmasia50\/wp-content\/uploads\/sites\/394\/2023\/03\/Farmasian-laitos_Vaikuttavaa-farmasiaa-50-vuotta.pdf\" data-type=\"URL\" data-id=\"https:\/\/sites.uef.fi\/farmasia50\/wp-content\/uploads\/sites\/394\/2023\/03\/Farmasian-laitos_Vaikuttavaa-farmasiaa-50-vuotta.pdf\" target=\"_blank\">Vaikuttavaa farmasian opetusta ja tutkimusta Kuopiossa 50 vuotta (pdf)<\/a><\/p>\n\n\n\n<p>Katri H\u00e4meen-Anttila: <a rel=\"noreferrer noopener\" href=\"https:\/\/sites.uef.fi\/farmasia50\/wp-content\/uploads\/sites\/394\/2023\/03\/Hameen-Anttila_Apteekin-rooli-osana-sosiaali-ja-terveyspalvelujarjestelmaa.pdf\" data-type=\"URL\" data-id=\"https:\/\/sites.uef.fi\/farmasia50\/wp-content\/uploads\/sites\/394\/2023\/03\/Hameen-Anttila_Apteekin-rooli-osana-sosiaali-ja-terveyspalvelujarjestelmaa.pdf\" target=\"_blank\">Apteekkien rooli osana sosiaali- ja terveyspalveluj\u00e4rjestelm\u00e4\u00e4 \u2013 l\u00e4\u00e4kepoliittinen tutkimus kehitt\u00e4misen tukena (pdf)<\/a><\/p>\n\n\n\n<p>Leeina Reinikainen: <a href=\"https:\/\/sites.uef.fi\/farmasia50\/wp-content\/uploads\/sites\/394\/2023\/03\/Leena-Reinikainen_Laakehuollon-haasteet-Suomessa.pdf\" data-type=\"URL\" data-id=\"https:\/\/sites.uef.fi\/farmasia50\/wp-content\/uploads\/sites\/394\/2023\/03\/Leena-Reinikainen_Laakehuollon-haasteet-Suomessa.pdf\" target=\"_blank\" rel=\"noreferrer noopener\">L\u00e4\u00e4kehuollon haasteet Suomessa (pdf)<\/a><\/p>\n\n\n\n<h2 class=\"wp-block-heading\">Ohjelma<\/h2>\n\n\n\n<p><strong>12.15 Avaussanat<\/strong><br>Laitosjohtaja, professori Jarkko Ketolainen<br>Apteekkari Anu Rasi-Leskinen, Sulkavan apteekki, Savon Apteekkariyhdistys<\/p>\n\n\n\n<p><strong>12.20 Vaikuttavaa farmasian opetusta ja tutkimusta Kuopiossa 50 vuotta<\/strong><br>Laitosjohtaja, professori Jarkko Ketolainen<br>Yliopistonlehtori Krista Laine<br>Yliopistonlehtori Piia Siitonen<br>Professori Jarkko Rautio<\/p>\n\n\n\n<p>Kommenttipuheenvuoro<br>Kuopion kaupunginhallituksen puheenjohtaja Aleksi Eskelinen<\/p>\n\n\n\n<p><strong>13.30 Keskustelua<br>13.45 Kahvitauko<\/strong><\/p>\n\n\n\n<p><strong>14.15 Apteekkien rooli osana sosiaali- ja terveyspalveluj\u00e4rjestelm\u00e4\u00e4 \u2013 l\u00e4\u00e4kepoliittinen<br>tutkimus kehitt\u00e4misen tukena<\/strong><br>Professori, sosiaalifarmasia Katri H\u00e4meen-Anttila, Farmasian laitos<\/p>\n\n\n\n<p>Kommenttipuheenvuoro<br>Kehitt\u00e4misasiantuntija, proviisori Leena Reinikainen, L\u00e4\u00e4kealan turvallisuus- ja<br>kehitt\u00e4miskeskus Fimea<\/p>\n\n\n\n<p><strong>15.00 N\u00e4k\u00f6kulmia apteekin roolista hyvinvointialueella<\/strong><br>Kansanedustaja Markku Eestil\u00e4<\/p>\n\n\n\n<p>Kansanedustaja Minna Reijonen<\/p>\n\n\n\n<p>Maakuntaneuvos, Pohjois-Savon hyvinvointialueen Aluehallituksen varapuheenjohtaja<br>Markku Rossi<br>Apteekkari, aluevaltuutettu Anne Kumpusalo-Vauhkonen, Lapinlahden apteekki<\/p>\n\n\n\n<p><strong>15.30 Huomioita p\u00e4iv\u00e4n keskusteluista ja katsaus tulevaan vaalikauteen<\/strong><br>Yhteiskuntasuhdejohtaja Touko Aalto, Suomen Apteekkariliitto<\/p>\n\n\n\n<p>L\u00e4mpim\u00e4sti tervetuloa!<\/p>\n","protected":false},"excerpt":{"rendered":"<p>Vaikuttavaa farmasiaa &#8211; katse kohti tulevaisuutta 21.3.2023 klo 12.15 &#8211; 16.00 It\u00e4-Suomen yliopisto, Kuopion kampus, Canthia tai et\u00e4osallistuminen. Tervetuloa Farmasian laitoksen ja Savon Apteekkariyhdistyksen tilaisuuteen kuulemaan ajankohtaista asiaa farmasian koulutuksesta ja tutkimuksesta sek\u00e4 apteekkien roolista sosiaali- ja terveydenhuollossa ja hyvinvointialueella. Esitysten materiaalit Farmasian laitos: Vaikuttavaa farmasian opetusta ja tutkimusta Kuopiossa 50 vuotta (pdf) Katri H\u00e4meen-Anttila: [&hellip;]<\/p>\n","protected":false},"author":447,"featured_media":0,"parent":0,"menu_order":0,"comment_status":"closed","ping_status":"closed","template":"","meta":{"_acf_changed":false,"footnotes":""},"class_list":["post-716","page","type-page","status-publish","hentry"],"acf":[],"yoast_head":"<!-- This site is optimized with the Yoast SEO plugin v27.1.1 - https:\/\/yoast.com\/product\/yoast-seo-wordpress\/ -->\n<title>Vaikuttavaa farmasiaa - katse kohti tulevaisuutta - Farmasiaa Kuopiossa 50 vuotta<\/title>\n<meta name=\"robots\" content=\"index, follow, max-snippet:-1, max-image-preview:large, max-video-preview:-1\" \/>\n<link rel=\"canonical\" href=\"https:\/\/sites.uef.fi\/farmasia50\/vaikuttavaa-farmasiaa-katse-kohti-tulevaisuutta\/\" \/>\n<meta property=\"og:locale\" content=\"fi_FI\" \/>\n<meta property=\"og:type\" content=\"article\" \/>\n<meta property=\"og:title\" content=\"Vaikuttavaa farmasiaa - katse kohti tulevaisuutta - Farmasiaa Kuopiossa 50 vuotta\" \/>\n<meta property=\"og:description\" content=\"Vaikuttavaa farmasiaa &#8211; katse kohti tulevaisuutta 21.3.2023 klo 12.15 &#8211; 16.00 It\u00e4-Suomen yliopisto, Kuopion kampus, Canthia tai et\u00e4osallistuminen. Tervetuloa Farmasian laitoksen ja Savon Apteekkariyhdistyksen tilaisuuteen kuulemaan ajankohtaista asiaa farmasian koulutuksesta ja tutkimuksesta sek\u00e4 apteekkien roolista sosiaali- ja terveydenhuollossa ja hyvinvointialueella. Esitysten materiaalit Farmasian laitos: Vaikuttavaa farmasian opetusta ja tutkimusta Kuopiossa 50 vuotta (pdf) Katri H\u00e4meen-Anttila: [&hellip;]\" \/>\n<meta property=\"og:url\" content=\"https:\/\/sites.uef.fi\/farmasia50\/vaikuttavaa-farmasiaa-katse-kohti-tulevaisuutta\/\" \/>\n<meta property=\"og:site_name\" content=\"Farmasiaa Kuopiossa 50 vuotta\" \/>\n<meta property=\"article:modified_time\" content=\"2023-03-27T13:13:54+00:00\" \/>\n<meta name=\"twitter:card\" content=\"summary_large_image\" \/>\n<meta name=\"twitter:label1\" content=\"Arvioitu lukuaika\" \/>\n\t<meta name=\"twitter:data1\" content=\"1 minuutti\" \/>\n<script type=\"application\/ld+json\" class=\"yoast-schema-graph\">{\"@context\":\"https:\/\/schema.org\",\"@graph\":[{\"@type\":\"WebPage\",\"@id\":\"https:\/\/sites.uef.fi\/farmasia50\/vaikuttavaa-farmasiaa-katse-kohti-tulevaisuutta\/\",\"url\":\"https:\/\/sites.uef.fi\/farmasia50\/vaikuttavaa-farmasiaa-katse-kohti-tulevaisuutta\/\",\"name\":\"Vaikuttavaa farmasiaa - katse kohti tulevaisuutta - Farmasiaa Kuopiossa 50 vuotta\",\"isPartOf\":{\"@id\":\"https:\/\/sites.uef.fi\/farmasia50\/#website\"},\"datePublished\":\"2023-02-22T10:20:31+00:00\",\"dateModified\":\"2023-03-27T13:13:54+00:00\",\"breadcrumb\":{\"@id\":\"https:\/\/sites.uef.fi\/farmasia50\/vaikuttavaa-farmasiaa-katse-kohti-tulevaisuutta\/#breadcrumb\"},\"inLanguage\":\"fi\",\"potentialAction\":[{\"@type\":\"ReadAction\",\"target\":[\"https:\/\/sites.uef.fi\/farmasia50\/vaikuttavaa-farmasiaa-katse-kohti-tulevaisuutta\/\"]}]},{\"@type\":\"BreadcrumbList\",\"@id\":\"https:\/\/sites.uef.fi\/farmasia50\/vaikuttavaa-farmasiaa-katse-kohti-tulevaisuutta\/#breadcrumb\",\"itemListElement\":[{\"@type\":\"ListItem\",\"position\":1,\"name\":\"Home\",\"item\":\"https:\/\/sites.uef.fi\/farmasia50\/\"},{\"@type\":\"ListItem\",\"position\":2,\"name\":\"Vaikuttavaa farmasiaa &#8211; katse kohti tulevaisuutta\"}]},{\"@type\":\"WebSite\",\"@id\":\"https:\/\/sites.uef.fi\/farmasia50\/#website\",\"url\":\"https:\/\/sites.uef.fi\/farmasia50\/\",\"name\":\"Farmasiaa Kuopiossa 50 vuotta\",\"description\":\"\",\"publisher\":{\"@id\":\"https:\/\/sites.uef.fi\/farmasia50\/#organization\"},\"potentialAction\":[{\"@type\":\"SearchAction\",\"target\":{\"@type\":\"EntryPoint\",\"urlTemplate\":\"https:\/\/sites.uef.fi\/farmasia50\/?s={search_term_string}\"},\"query-input\":{\"@type\":\"PropertyValueSpecification\",\"valueRequired\":true,\"valueName\":\"search_term_string\"}}],\"inLanguage\":\"fi\"},{\"@type\":\"Organization\",\"@id\":\"https:\/\/sites.uef.fi\/farmasia50\/#organization\",\"name\":\"Farmasiaa Kuopiossa 50 vuotta\",\"url\":\"https:\/\/sites.uef.fi\/farmasia50\/\",\"logo\":{\"@type\":\"ImageObject\",\"inLanguage\":\"fi\",\"@id\":\"https:\/\/sites.uef.fi\/farmasia50\/#\/schema\/logo\/image\/\",\"url\":\"https:\/\/sites.uef.fi\/farmasia50\/wp-content\/uploads\/sites\/394\/2022\/10\/cropped-UEF_wordpress_white.png\",\"contentUrl\":\"https:\/\/sites.uef.fi\/farmasia50\/wp-content\/uploads\/sites\/394\/2022\/10\/cropped-UEF_wordpress_white.png\",\"width\":250,\"height\":250,\"caption\":\"Farmasiaa Kuopiossa 50 vuotta\"},\"image\":{\"@id\":\"https:\/\/sites.uef.fi\/farmasia50\/#\/schema\/logo\/image\/\"}}]}<\/script>\n<!-- \/ Yoast SEO plugin. -->","yoast_head_json":{"title":"Vaikuttavaa farmasiaa - katse kohti tulevaisuutta - Farmasiaa Kuopiossa 50 vuotta","robots":{"index":"index","follow":"follow","max-snippet":"max-snippet:-1","max-image-preview":"max-image-preview:large","max-video-preview":"max-video-preview:-1"},"canonical":"https:\/\/sites.uef.fi\/farmasia50\/vaikuttavaa-farmasiaa-katse-kohti-tulevaisuutta\/","og_locale":"fi_FI","og_type":"article","og_title":"Vaikuttavaa farmasiaa - katse kohti tulevaisuutta - Farmasiaa Kuopiossa 50 vuotta","og_description":"Vaikuttavaa farmasiaa &#8211; katse kohti tulevaisuutta 21.3.2023 klo 12.15 &#8211; 16.00 It\u00e4-Suomen yliopisto, Kuopion kampus, Canthia tai et\u00e4osallistuminen. Tervetuloa Farmasian laitoksen ja Savon Apteekkariyhdistyksen tilaisuuteen kuulemaan ajankohtaista asiaa farmasian koulutuksesta ja tutkimuksesta sek\u00e4 apteekkien roolista sosiaali- ja terveydenhuollossa ja hyvinvointialueella. Esitysten materiaalit Farmasian laitos: Vaikuttavaa farmasian opetusta ja tutkimusta Kuopiossa 50 vuotta (pdf) Katri H\u00e4meen-Anttila: [&hellip;]","og_url":"https:\/\/sites.uef.fi\/farmasia50\/vaikuttavaa-farmasiaa-katse-kohti-tulevaisuutta\/","og_site_name":"Farmasiaa Kuopiossa 50 vuotta","article_modified_time":"2023-03-27T13:13:54+00:00","twitter_card":"summary_large_image","twitter_misc":{"Arvioitu lukuaika":"1 minuutti"},"schema":{"@context":"https:\/\/schema.org","@graph":[{"@type":"WebPage","@id":"https:\/\/sites.uef.fi\/farmasia50\/vaikuttavaa-farmasiaa-katse-kohti-tulevaisuutta\/","url":"https:\/\/sites.uef.fi\/farmasia50\/vaikuttavaa-farmasiaa-katse-kohti-tulevaisuutta\/","name":"Vaikuttavaa farmasiaa - katse kohti tulevaisuutta - Farmasiaa Kuopiossa 50 vuotta","isPartOf":{"@id":"https:\/\/sites.uef.fi\/farmasia50\/#website"},"datePublished":"2023-02-22T10:20:31+00:00","dateModified":"2023-03-27T13:13:54+00:00","breadcrumb":{"@id":"https:\/\/sites.uef.fi\/farmasia50\/vaikuttavaa-farmasiaa-katse-kohti-tulevaisuutta\/#breadcrumb"},"inLanguage":"fi","potentialAction":[{"@type":"ReadAction","target":["https:\/\/sites.uef.fi\/farmasia50\/vaikuttavaa-farmasiaa-katse-kohti-tulevaisuutta\/"]}]},{"@type":"BreadcrumbList","@id":"https:\/\/sites.uef.fi\/farmasia50\/vaikuttavaa-farmasiaa-katse-kohti-tulevaisuutta\/#breadcrumb","itemListElement":[{"@type":"ListItem","position":1,"name":"Home","item":"https:\/\/sites.uef.fi\/farmasia50\/"},{"@type":"ListItem","position":2,"name":"Vaikuttavaa farmasiaa &#8211; katse kohti tulevaisuutta"}]},{"@type":"WebSite","@id":"https:\/\/sites.uef.fi\/farmasia50\/#website","url":"https:\/\/sites.uef.fi\/farmasia50\/","name":"Farmasiaa Kuopiossa 50 vuotta","description":"","publisher":{"@id":"https:\/\/sites.uef.fi\/farmasia50\/#organization"},"potentialAction":[{"@type":"SearchAction","target":{"@type":"EntryPoint","urlTemplate":"https:\/\/sites.uef.fi\/farmasia50\/?s={search_term_string}"},"query-input":{"@type":"PropertyValueSpecification","valueRequired":true,"valueName":"search_term_string"}}],"inLanguage":"fi"},{"@type":"Organization","@id":"https:\/\/sites.uef.fi\/farmasia50\/#organization","name":"Farmasiaa Kuopiossa 50 vuotta","url":"https:\/\/sites.uef.fi\/farmasia50\/","logo":{"@type":"ImageObject","inLanguage":"fi","@id":"https:\/\/sites.uef.fi\/farmasia50\/#\/schema\/logo\/image\/","url":"https:\/\/sites.uef.fi\/farmasia50\/wp-content\/uploads\/sites\/394\/2022\/10\/cropped-UEF_wordpress_white.png","contentUrl":"https:\/\/sites.uef.fi\/farmasia50\/wp-content\/uploads\/sites\/394\/2022\/10\/cropped-UEF_wordpress_white.png","width":250,"height":250,"caption":"Farmasiaa Kuopiossa 50 vuotta"},"image":{"@id":"https:\/\/sites.uef.fi\/farmasia50\/#\/schema\/logo\/image\/"}}]}},"_links":{"self":[{"href":"https:\/\/sites.uef.fi\/farmasia50\/wp-json\/wp\/v2\/pages\/716","targetHints":{"allow":["GET"]}}],"collection":[{"href":"https:\/\/sites.uef.fi\/farmasia50\/wp-json\/wp\/v2\/pages"}],"about":[{"href":"https:\/\/sites.uef.fi\/farmasia50\/wp-json\/wp\/v2\/types\/page"}],"author":[{"embeddable":true,"href":"https:\/\/sites.uef.fi\/farmasia50\/wp-json\/wp\/v2\/users\/447"}],"replies":[{"embeddable":true,"href":"https:\/\/sites.uef.fi\/farmasia50\/wp-json\/wp\/v2\/comments?post=716"}],"version-history":[{"count":1,"href":"https:\/\/sites.uef.fi\/farmasia50\/wp-json\/wp\/v2\/pages\/716\/revisions"}],"predecessor-version":[{"id":790,"href":"https:\/\/sites.uef.fi\/farmasia50\/wp-json\/wp\/v2\/pages\/716\/revisions\/790"}],"wp:attachment":[{"href":"https:\/\/sites.uef.fi\/farmasia50\/wp-json\/wp\/v2\/media?parent=716"}],"curies":[{"name":"wp","href":"https:\/\/api.w.org\/{rel}","templated":true}]}}