{"id":910,"date":"2023-05-02T15:01:41","date_gmt":"2023-05-02T12:01:41","guid":{"rendered":"https:\/\/sites.uef.fi\/farmasia50\/?page_id=910"},"modified":"2023-10-27T12:39:26","modified_gmt":"2023-10-27T09:39:26","slug":"farmasia-50-vuotta","status":"publish","type":"page","link":"https:\/\/sites.uef.fi\/farmasia50\/farmasia-50-vuotta\/","title":{"rendered":"Farmasia 50-vuotisjuhlaseminaari"},"content":{"rendered":"\n<h1 class=\"wp-block-heading\">Farmasia 50-vuotisjuhlaseminaari <\/h1>\n\n\n\n<figure class=\"wp-block-image size-large is-resized\"><img loading=\"lazy\" decoding=\"async\" width=\"768\" height=\"1024\" src=\"https:\/\/sites.uef.fi\/farmasia50\/wp-content\/uploads\/sites\/394\/2023\/10\/50-vuotta-some-768x1024.png\" alt=\"\" class=\"wp-image-1391\" style=\"width:558px;height:744px\" srcset=\"https:\/\/sites.uef.fi\/farmasia50\/wp-content\/uploads\/sites\/394\/2023\/10\/50-vuotta-some-768x1024.png 768w, https:\/\/sites.uef.fi\/farmasia50\/wp-content\/uploads\/sites\/394\/2023\/10\/50-vuotta-some-225x300.png 225w, https:\/\/sites.uef.fi\/farmasia50\/wp-content\/uploads\/sites\/394\/2023\/10\/50-vuotta-some-1152x1536.png 1152w, https:\/\/sites.uef.fi\/farmasia50\/wp-content\/uploads\/sites\/394\/2023\/10\/50-vuotta-some-1536x2048.png 1536w\" sizes=\"auto, (max-width: 768px) 100vw, 768px\" \/><\/figure>\n\n\n\n<h1 class=\"wp-block-heading\"><strong>Juhlaseminaarin ohjelma<\/strong><\/h1>\n\n\n\n<p>It\u00e4-Suomen yliopisto, Canthia-auditoria CA101 (kampusosallistuminen ennakkoon ilmoittautuneille)<\/p>\n\n\n\n<p>Osallistuminen verkon kautta (ei ennakkoilmoittautumista, striimaus aloitetaan klo 12.00): <a href=\"https:\/\/uef.zoom.us\/j\/62029355629\" target=\"_blank\" rel=\"noreferrer noopener\">https:\/\/uef.zoom.us\/j\/62029355629<\/a><\/p>\n\n\n\n<p><strong>10:30 \u2013 12:00 <\/strong><\/p>\n\n\n\n<p>Sidosryhmien tervehdykset<\/p>\n\n\n\n<p><strong>12.00 \u2013 12.50<\/strong><\/p>\n\n\n\n<p><strong>Tervetuliaissanat<\/strong>: laitosjohtaja Jarkko Ketolainen ja dekaani Jussi Pihlajam\u00e4ki<\/p>\n\n\n\n<p><strong>Juhlapuheet<\/strong>: Arto Urtti ja Toivo Naaranlahti<\/p>\n\n\n\n<p><strong>12.50 \u2013 13.30<\/strong> <\/p>\n\n\n\n<p><strong>Kahvitus<\/strong>, musiikkia tarjoilee saksofonikvartetti Saxy Q<\/p>\n\n\n\n<p><strong>13.30 \u2013 14.00<\/strong><\/p>\n\n\n\n<p><strong>Juhlapuheet<\/strong>: Inka Puumalainen ja Kristiina Huttunen<\/p>\n\n\n\n<p><strong>14.00 \u2013 15.00<\/strong> <\/p>\n\n\n\n<p><strong>Laitoksen tiloihin tutustuminen<\/strong> (mahdollisuus osallistua yhteen tutustumiskierrokseen):<\/p>\n\n\n\n<p>Farmaseuttisen kemian ja l\u00e4\u00e4kevalmistuksen opetuslaboratoriot sek\u00e4 FarScape-pakohuone<\/p>\n\n\n\n<p>L\u00e4\u00e4kevalmistuksen linjastot <\/p>\n\n\n\n<p>Opetusapteekki ja Pakoteekki-pakohuone<\/p>\n\n\n\n<p>Tutkimuslaboratoriot <\/p>\n\n\n\n<p>&nbsp;<\/p>\n\n\n\n<p><strong>Iltajuhla kutsuvieraille klo 18 alkaen Musiikkikeskuksella.<\/strong><\/p>\n\n\n\n<p>Tiedustelut: farmasia50(at)uef.fi<\/p>\n\n\n\n<p>Mahdolliset muistamiset 50-vuotiaalle It\u00e4-Suomen yliopiston farmasian laitokselle voi osoittaa Lastenklinikoiden Kummit ry:n toimintaan. Ker\u00e4tyt varat kohdennetaan Kuopion yliopistollisen sairaalan lastenklinikalle. Tule mukaan lahjoittajaksi!<\/p>\n\n\n\n<pre class=\"wp-block-code\"><code><a href=\"https:\/\/oma.kummit.fi\/team\/kuopion-farmasia-50-vuotta\">https:\/\/oma.kummit.fi\/team\/kuopion-farmasia-50-vuotta<\/a><\/code><\/pre>\n\n\n\n<figure class=\"wp-block-image size-large\"><img loading=\"lazy\" decoding=\"async\" width=\"1024\" height=\"409\" src=\"https:\/\/sites.uef.fi\/farmasia50\/wp-content\/uploads\/sites\/394\/2023\/10\/Lastenklinikan-kummit-uef-farmasia-50-1024x409.png\" alt=\"\" class=\"wp-image-1495\" srcset=\"https:\/\/sites.uef.fi\/farmasia50\/wp-content\/uploads\/sites\/394\/2023\/10\/Lastenklinikan-kummit-uef-farmasia-50-1024x409.png 1024w, https:\/\/sites.uef.fi\/farmasia50\/wp-content\/uploads\/sites\/394\/2023\/10\/Lastenklinikan-kummit-uef-farmasia-50-300x120.png 300w, https:\/\/sites.uef.fi\/farmasia50\/wp-content\/uploads\/sites\/394\/2023\/10\/Lastenklinikan-kummit-uef-farmasia-50-768x307.png 768w, https:\/\/sites.uef.fi\/farmasia50\/wp-content\/uploads\/sites\/394\/2023\/10\/Lastenklinikan-kummit-uef-farmasia-50-1536x613.png 1536w, https:\/\/sites.uef.fi\/farmasia50\/wp-content\/uploads\/sites\/394\/2023\/10\/Lastenklinikan-kummit-uef-farmasia-50-2048x818.png 2048w\" sizes=\"auto, (max-width: 1024px) 100vw, 1024px\" \/><\/figure>\n","protected":false},"excerpt":{"rendered":"<p>Farmasia 50-vuotisjuhlaseminaari Juhlaseminaarin ohjelma It\u00e4-Suomen yliopisto, Canthia-auditoria CA101 (kampusosallistuminen ennakkoon ilmoittautuneille) Osallistuminen verkon kautta (ei ennakkoilmoittautumista, striimaus aloitetaan klo 12.00): https:\/\/uef.zoom.us\/j\/62029355629 10:30 \u2013 12:00 Sidosryhmien tervehdykset 12.00 \u2013 12.50 Tervetuliaissanat: laitosjohtaja Jarkko Ketolainen ja dekaani Jussi Pihlajam\u00e4ki Juhlapuheet: Arto Urtti ja Toivo Naaranlahti 12.50 \u2013 13.30 Kahvitus, musiikkia tarjoilee saksofonikvartetti Saxy Q 13.30 \u2013 14.00 [&hellip;]<\/p>\n","protected":false},"author":447,"featured_media":0,"parent":0,"menu_order":0,"comment_status":"closed","ping_status":"closed","template":"","meta":{"_acf_changed":false,"footnotes":""},"class_list":["post-910","page","type-page","status-publish","hentry"],"acf":[],"yoast_head":"<!-- This site is optimized with the Yoast SEO plugin v27.1.1 - https:\/\/yoast.com\/product\/yoast-seo-wordpress\/ -->\n<title>Farmasia 50-vuotisjuhlaseminaari - Farmasiaa Kuopiossa 50 vuotta<\/title>\n<meta name=\"robots\" content=\"index, follow, max-snippet:-1, max-image-preview:large, max-video-preview:-1\" \/>\n<link rel=\"canonical\" href=\"https:\/\/sites.uef.fi\/farmasia50\/farmasia-50-vuotta\/\" \/>\n<meta property=\"og:locale\" content=\"fi_FI\" \/>\n<meta property=\"og:type\" content=\"article\" \/>\n<meta property=\"og:title\" content=\"Farmasia 50-vuotisjuhlaseminaari - Farmasiaa Kuopiossa 50 vuotta\" \/>\n<meta property=\"og:description\" content=\"Farmasia 50-vuotisjuhlaseminaari Juhlaseminaarin ohjelma It\u00e4-Suomen yliopisto, Canthia-auditoria CA101 (kampusosallistuminen ennakkoon ilmoittautuneille) Osallistuminen verkon kautta (ei ennakkoilmoittautumista, striimaus aloitetaan klo 12.00): https:\/\/uef.zoom.us\/j\/62029355629 10:30 \u2013 12:00 Sidosryhmien tervehdykset 12.00 \u2013 12.50 Tervetuliaissanat: laitosjohtaja Jarkko Ketolainen ja dekaani Jussi Pihlajam\u00e4ki Juhlapuheet: Arto Urtti ja Toivo Naaranlahti 12.50 \u2013 13.30 Kahvitus, musiikkia tarjoilee saksofonikvartetti Saxy Q 13.30 \u2013 14.00 [&hellip;]\" \/>\n<meta property=\"og:url\" content=\"https:\/\/sites.uef.fi\/farmasia50\/farmasia-50-vuotta\/\" \/>\n<meta property=\"og:site_name\" content=\"Farmasiaa Kuopiossa 50 vuotta\" \/>\n<meta property=\"article:modified_time\" content=\"2023-10-27T09:39:26+00:00\" \/>\n<meta property=\"og:image\" content=\"https:\/\/sites.uef.fi\/farmasia50\/wp-content\/uploads\/sites\/394\/2023\/10\/50-vuotta-some-768x1024.png\" \/>\n<meta name=\"twitter:card\" content=\"summary_large_image\" \/>\n<meta name=\"twitter:label1\" content=\"Arvioitu lukuaika\" \/>\n\t<meta name=\"twitter:data1\" content=\"2 minuuttia\" \/>\n<script type=\"application\/ld+json\" class=\"yoast-schema-graph\">{\"@context\":\"https:\/\/schema.org\",\"@graph\":[{\"@type\":\"WebPage\",\"@id\":\"https:\/\/sites.uef.fi\/farmasia50\/farmasia-50-vuotta\/\",\"url\":\"https:\/\/sites.uef.fi\/farmasia50\/farmasia-50-vuotta\/\",\"name\":\"Farmasia 50-vuotisjuhlaseminaari - Farmasiaa Kuopiossa 50 vuotta\",\"isPartOf\":{\"@id\":\"https:\/\/sites.uef.fi\/farmasia50\/#website\"},\"primaryImageOfPage\":{\"@id\":\"https:\/\/sites.uef.fi\/farmasia50\/farmasia-50-vuotta\/#primaryimage\"},\"image\":{\"@id\":\"https:\/\/sites.uef.fi\/farmasia50\/farmasia-50-vuotta\/#primaryimage\"},\"thumbnailUrl\":\"https:\/\/sites.uef.fi\/farmasia50\/wp-content\/uploads\/sites\/394\/2023\/10\/50-vuotta-some-768x1024.png\",\"datePublished\":\"2023-05-02T12:01:41+00:00\",\"dateModified\":\"2023-10-27T09:39:26+00:00\",\"breadcrumb\":{\"@id\":\"https:\/\/sites.uef.fi\/farmasia50\/farmasia-50-vuotta\/#breadcrumb\"},\"inLanguage\":\"fi\",\"potentialAction\":[{\"@type\":\"ReadAction\",\"target\":[\"https:\/\/sites.uef.fi\/farmasia50\/farmasia-50-vuotta\/\"]}]},{\"@type\":\"ImageObject\",\"inLanguage\":\"fi\",\"@id\":\"https:\/\/sites.uef.fi\/farmasia50\/farmasia-50-vuotta\/#primaryimage\",\"url\":\"https:\/\/sites.uef.fi\/farmasia50\/wp-content\/uploads\/sites\/394\/2023\/10\/50-vuotta-some.png\",\"contentUrl\":\"https:\/\/sites.uef.fi\/farmasia50\/wp-content\/uploads\/sites\/394\/2023\/10\/50-vuotta-some.png\",\"width\":2475,\"height\":3300},{\"@type\":\"BreadcrumbList\",\"@id\":\"https:\/\/sites.uef.fi\/farmasia50\/farmasia-50-vuotta\/#breadcrumb\",\"itemListElement\":[{\"@type\":\"ListItem\",\"position\":1,\"name\":\"Home\",\"item\":\"https:\/\/sites.uef.fi\/farmasia50\/\"},{\"@type\":\"ListItem\",\"position\":2,\"name\":\"Farmasia 50-vuotisjuhlaseminaari\"}]},{\"@type\":\"WebSite\",\"@id\":\"https:\/\/sites.uef.fi\/farmasia50\/#website\",\"url\":\"https:\/\/sites.uef.fi\/farmasia50\/\",\"name\":\"Farmasiaa Kuopiossa 50 vuotta\",\"description\":\"\",\"publisher\":{\"@id\":\"https:\/\/sites.uef.fi\/farmasia50\/#organization\"},\"potentialAction\":[{\"@type\":\"SearchAction\",\"target\":{\"@type\":\"EntryPoint\",\"urlTemplate\":\"https:\/\/sites.uef.fi\/farmasia50\/?s={search_term_string}\"},\"query-input\":{\"@type\":\"PropertyValueSpecification\",\"valueRequired\":true,\"valueName\":\"search_term_string\"}}],\"inLanguage\":\"fi\"},{\"@type\":\"Organization\",\"@id\":\"https:\/\/sites.uef.fi\/farmasia50\/#organization\",\"name\":\"Farmasiaa Kuopiossa 50 vuotta\",\"url\":\"https:\/\/sites.uef.fi\/farmasia50\/\",\"logo\":{\"@type\":\"ImageObject\",\"inLanguage\":\"fi\",\"@id\":\"https:\/\/sites.uef.fi\/farmasia50\/#\/schema\/logo\/image\/\",\"url\":\"https:\/\/sites.uef.fi\/farmasia50\/wp-content\/uploads\/sites\/394\/2022\/10\/cropped-UEF_wordpress_white.png\",\"contentUrl\":\"https:\/\/sites.uef.fi\/farmasia50\/wp-content\/uploads\/sites\/394\/2022\/10\/cropped-UEF_wordpress_white.png\",\"width\":250,\"height\":250,\"caption\":\"Farmasiaa Kuopiossa 50 vuotta\"},\"image\":{\"@id\":\"https:\/\/sites.uef.fi\/farmasia50\/#\/schema\/logo\/image\/\"}}]}<\/script>\n<!-- \/ Yoast SEO plugin. -->","yoast_head_json":{"title":"Farmasia 50-vuotisjuhlaseminaari - Farmasiaa Kuopiossa 50 vuotta","robots":{"index":"index","follow":"follow","max-snippet":"max-snippet:-1","max-image-preview":"max-image-preview:large","max-video-preview":"max-video-preview:-1"},"canonical":"https:\/\/sites.uef.fi\/farmasia50\/farmasia-50-vuotta\/","og_locale":"fi_FI","og_type":"article","og_title":"Farmasia 50-vuotisjuhlaseminaari - Farmasiaa Kuopiossa 50 vuotta","og_description":"Farmasia 50-vuotisjuhlaseminaari Juhlaseminaarin ohjelma It\u00e4-Suomen yliopisto, Canthia-auditoria CA101 (kampusosallistuminen ennakkoon ilmoittautuneille) Osallistuminen verkon kautta (ei ennakkoilmoittautumista, striimaus aloitetaan klo 12.00): https:\/\/uef.zoom.us\/j\/62029355629 10:30 \u2013 12:00 Sidosryhmien tervehdykset 12.00 \u2013 12.50 Tervetuliaissanat: laitosjohtaja Jarkko Ketolainen ja dekaani Jussi Pihlajam\u00e4ki Juhlapuheet: Arto Urtti ja Toivo Naaranlahti 12.50 \u2013 13.30 Kahvitus, musiikkia tarjoilee saksofonikvartetti Saxy Q 13.30 \u2013 14.00 [&hellip;]","og_url":"https:\/\/sites.uef.fi\/farmasia50\/farmasia-50-vuotta\/","og_site_name":"Farmasiaa Kuopiossa 50 vuotta","article_modified_time":"2023-10-27T09:39:26+00:00","og_image":[{"url":"https:\/\/sites.uef.fi\/farmasia50\/wp-content\/uploads\/sites\/394\/2023\/10\/50-vuotta-some-768x1024.png","type":"","width":"","height":""}],"twitter_card":"summary_large_image","twitter_misc":{"Arvioitu lukuaika":"2 minuuttia"},"schema":{"@context":"https:\/\/schema.org","@graph":[{"@type":"WebPage","@id":"https:\/\/sites.uef.fi\/farmasia50\/farmasia-50-vuotta\/","url":"https:\/\/sites.uef.fi\/farmasia50\/farmasia-50-vuotta\/","name":"Farmasia 50-vuotisjuhlaseminaari - Farmasiaa Kuopiossa 50 vuotta","isPartOf":{"@id":"https:\/\/sites.uef.fi\/farmasia50\/#website"},"primaryImageOfPage":{"@id":"https:\/\/sites.uef.fi\/farmasia50\/farmasia-50-vuotta\/#primaryimage"},"image":{"@id":"https:\/\/sites.uef.fi\/farmasia50\/farmasia-50-vuotta\/#primaryimage"},"thumbnailUrl":"https:\/\/sites.uef.fi\/farmasia50\/wp-content\/uploads\/sites\/394\/2023\/10\/50-vuotta-some-768x1024.png","datePublished":"2023-05-02T12:01:41+00:00","dateModified":"2023-10-27T09:39:26+00:00","breadcrumb":{"@id":"https:\/\/sites.uef.fi\/farmasia50\/farmasia-50-vuotta\/#breadcrumb"},"inLanguage":"fi","potentialAction":[{"@type":"ReadAction","target":["https:\/\/sites.uef.fi\/farmasia50\/farmasia-50-vuotta\/"]}]},{"@type":"ImageObject","inLanguage":"fi","@id":"https:\/\/sites.uef.fi\/farmasia50\/farmasia-50-vuotta\/#primaryimage","url":"https:\/\/sites.uef.fi\/farmasia50\/wp-content\/uploads\/sites\/394\/2023\/10\/50-vuotta-some.png","contentUrl":"https:\/\/sites.uef.fi\/farmasia50\/wp-content\/uploads\/sites\/394\/2023\/10\/50-vuotta-some.png","width":2475,"height":3300},{"@type":"BreadcrumbList","@id":"https:\/\/sites.uef.fi\/farmasia50\/farmasia-50-vuotta\/#breadcrumb","itemListElement":[{"@type":"ListItem","position":1,"name":"Home","item":"https:\/\/sites.uef.fi\/farmasia50\/"},{"@type":"ListItem","position":2,"name":"Farmasia 50-vuotisjuhlaseminaari"}]},{"@type":"WebSite","@id":"https:\/\/sites.uef.fi\/farmasia50\/#website","url":"https:\/\/sites.uef.fi\/farmasia50\/","name":"Farmasiaa Kuopiossa 50 vuotta","description":"","publisher":{"@id":"https:\/\/sites.uef.fi\/farmasia50\/#organization"},"potentialAction":[{"@type":"SearchAction","target":{"@type":"EntryPoint","urlTemplate":"https:\/\/sites.uef.fi\/farmasia50\/?s={search_term_string}"},"query-input":{"@type":"PropertyValueSpecification","valueRequired":true,"valueName":"search_term_string"}}],"inLanguage":"fi"},{"@type":"Organization","@id":"https:\/\/sites.uef.fi\/farmasia50\/#organization","name":"Farmasiaa Kuopiossa 50 vuotta","url":"https:\/\/sites.uef.fi\/farmasia50\/","logo":{"@type":"ImageObject","inLanguage":"fi","@id":"https:\/\/sites.uef.fi\/farmasia50\/#\/schema\/logo\/image\/","url":"https:\/\/sites.uef.fi\/farmasia50\/wp-content\/uploads\/sites\/394\/2022\/10\/cropped-UEF_wordpress_white.png","contentUrl":"https:\/\/sites.uef.fi\/farmasia50\/wp-content\/uploads\/sites\/394\/2022\/10\/cropped-UEF_wordpress_white.png","width":250,"height":250,"caption":"Farmasiaa Kuopiossa 50 vuotta"},"image":{"@id":"https:\/\/sites.uef.fi\/farmasia50\/#\/schema\/logo\/image\/"}}]}},"_links":{"self":[{"href":"https:\/\/sites.uef.fi\/farmasia50\/wp-json\/wp\/v2\/pages\/910","targetHints":{"allow":["GET"]}}],"collection":[{"href":"https:\/\/sites.uef.fi\/farmasia50\/wp-json\/wp\/v2\/pages"}],"about":[{"href":"https:\/\/sites.uef.fi\/farmasia50\/wp-json\/wp\/v2\/types\/page"}],"author":[{"embeddable":true,"href":"https:\/\/sites.uef.fi\/farmasia50\/wp-json\/wp\/v2\/users\/447"}],"replies":[{"embeddable":true,"href":"https:\/\/sites.uef.fi\/farmasia50\/wp-json\/wp\/v2\/comments?post=910"}],"version-history":[{"count":2,"href":"https:\/\/sites.uef.fi\/farmasia50\/wp-json\/wp\/v2\/pages\/910\/revisions"}],"predecessor-version":[{"id":1559,"href":"https:\/\/sites.uef.fi\/farmasia50\/wp-json\/wp\/v2\/pages\/910\/revisions\/1559"}],"wp:attachment":[{"href":"https:\/\/sites.uef.fi\/farmasia50\/wp-json\/wp\/v2\/media?parent=910"}],"curies":[{"name":"wp","href":"https:\/\/api.w.org\/{rel}","templated":true}]}}