{"id":256,"date":"2023-08-24T15:06:05","date_gmt":"2023-08-24T12:06:05","guid":{"rendered":"https:\/\/sites.uef.fi\/fimolecol2024\/?page_id=256"},"modified":"2024-04-24T10:43:27","modified_gmt":"2024-04-24T07:43:27","slug":"program","status":"publish","type":"page","link":"https:\/\/sites.uef.fi\/fimolecol2024\/program\/","title":{"rendered":"Program"},"content":{"rendered":"\n<figure class=\"wp-block-image size-large\"><img loading=\"lazy\" decoding=\"async\" width=\"1024\" height=\"768\" src=\"https:\/\/sites.uef.fi\/fimolecol2024\/wp-content\/uploads\/sites\/429\/2023\/08\/IMG_9810-1024x768.jpg\" alt=\"\" class=\"wp-image-259\" srcset=\"https:\/\/sites.uef.fi\/fimolecol2024\/wp-content\/uploads\/sites\/429\/2023\/08\/IMG_9810-1024x768.jpg 1024w, https:\/\/sites.uef.fi\/fimolecol2024\/wp-content\/uploads\/sites\/429\/2023\/08\/IMG_9810-300x225.jpg 300w, https:\/\/sites.uef.fi\/fimolecol2024\/wp-content\/uploads\/sites\/429\/2023\/08\/IMG_9810-768x576.jpg 768w, https:\/\/sites.uef.fi\/fimolecol2024\/wp-content\/uploads\/sites\/429\/2023\/08\/IMG_9810-1536x1152.jpg 1536w, https:\/\/sites.uef.fi\/fimolecol2024\/wp-content\/uploads\/sites\/429\/2023\/08\/IMG_9810-2048x1536.jpg 2048w\" sizes=\"auto, (max-width: 1024px) 100vw, 1024px\" \/><\/figure>\n\n\n\n<p><\/p>\n\n\n\n<p><strong>24.4. Wednesday<\/strong><\/p>\n\n\n\n<p>11:00 -&gt; Registration starts in the lobby of the Aura-building (follow the signs)<\/p>\n\n\n\n<p>11:30 \u2013 13:00 Lunch &amp; Setting up the posters<\/p>\n\n\n\n<p>13:00 \u2013 13:10 Welcoming words, main lecture hall <strong>AU100 <\/strong><\/p>\n\n\n\n<p><strong>Session 1:&nbsp;&nbsp;Species and community inventories<\/strong><\/p>\n\n\n\n<p>Chair: Jaakko Pohjoism\u00e4ki<\/p>\n\n\n\n<p>13:10 \u2013 14:10 Keynote speaker Tomas Roslin:&nbsp;Making sense of hyperdiverse taxa using molecular methods<\/p>\n\n\n\n<p>14:10 \u2013 14:30&nbsp;Veronika Laine, The Finnish Museum of Natural History: Natural history museums and molecular research<\/p>\n\n\n\n<p>14:30 \u2013 14:50&nbsp;&nbsp;Suvi Olli, University of Oulu: Comparison of environmental DNA protocols for moor frog (<em>Rana arvalis<\/em>) detection<\/p>\n\n\n\n<p>14:50 \u2013 15:10&nbsp;Coen Westerduin, University of Oulu: Dietary niches and their consequences for five insectivorous boreal forest passerines<\/p>\n\n\n\n<p>15:10 \u2013 15:30 Hannah Weller, University of Helsinki: recolorize: An R package for flexible colour segmentation of biological images<\/p>\n\n\n\n<p>15:30 \u2013 16:00 Coffee<\/p>\n\n\n\n<p><strong>Session 2: Conservation genetics<\/strong><\/p>\n\n\n\n<p>Chair: Tomas Roslin<\/p>\n\n\n\n<p>16:00 \u2013 16:20&nbsp;Alina Niskanen, University of Oulu: Inbreeding genomics and inbreeding depression in the Finnish gray wolf<\/p>\n\n\n\n<p>16:20 \u2013 16:40&nbsp;Dominika Bujnakova, University of Oulu: Why we need large scale genetic assessments \u2013 a case of the Eurasian wolverine<\/p>\n\n\n\n<p>16:40 \u2013 17:00 Gerrit Wehrenberg, University of Oulu: A reduced SNP panel for non-invasive assessment of a genetically impoverished conservation icon, the European bison<\/p>\n\n\n\n<p>17:00 \u2013 17:20 Raisa Nikula, Mets\u00e4hallitus Wildlife Service Finland: Genetic diversity of the declining River Oulanka brown trout<\/p>\n\n\n\n<p><strong>17:20 -&gt; Poster session<\/strong>,<strong> hangout time<\/strong><\/p>\n\n\n\n<p><strong>19:00 -&gt; Free dispersal downtown for dinner &amp; drinks<\/strong><\/p>\n\n\n\n<p><\/p>\n\n\n\n<p><\/p>\n\n\n\n<p><strong>25.4. Thursday<\/strong><\/p>\n\n\n\n<p><\/p>\n\n\n\n<p><strong>Session 3:&nbsp;&nbsp;Evolution of genomes and species<\/strong><\/p>\n\n\n\n<p>Chair: Giovanna Mottola<\/p>\n\n\n\n<p>09:00 \u2013 10:00 Keynote speaker Elina Immonen: A genetic tug-of-war between the sexes sustains genetic variation and shapes sex chromosomes<\/p>\n\n\n\n<p><strong><a href=\"https:\/\/sites.uef.fi\/fimolecol2024\/dna-is-all-around-us-a-workshop-on-edna-analysis\/\">[10:00 \u2013 12:00 a parallel workshop on eDNA in AU204]<\/a><\/strong><\/p>\n\n\n\n<p>10:00 \u2013 10:20&nbsp;Julian Schach, University of Helsinki: Molecular Phylogeny of Cotesia Parasitizing Melitaeini Butterflies and the Possible Role of Wolbachia Endosymbionts<\/p>\n\n\n\n<p>10:20 \u2013 10:40&nbsp;Ama\u00efa Lamarins, University of Helsinki: How do Atlantic salmon respond to selective pressures under various genetic architectures of life-history traits?<\/p>\n\n\n\n<p>10:40 \u2013 11:10&nbsp;Coffee<\/p>\n\n\n\n<p><strong>Session 4:&nbsp;&nbsp;Metabolic adaptations and evolution<\/strong><\/p>\n\n\n\n<p>Chair: Elina Immonen<\/p>\n\n\n\n<p>11:10 \u2013 11:30 Kateryna Gaertner, Tampere University &amp; Riikka Tapanainen, University of Eastern Finland: Hare fibroblasts present distinct metabolic signatures associated with adaptive thermogenesis<\/p>\n\n\n\n<p>11:30 \u2013 11:50\u00a0Fl\u00e1via Nitta Fernandes, University of Helsinki: Adaptive mismatch as a potential mechanism of adaptation in a long-lived species<\/p>\n\n\n\n<p>11:50 \u2013 12:10\u00a0Nina Cossin-Sevrin, University of Turku: Early-life adversity modulates growth trajectories and mitochondrial metabolism in king penguin chicks<\/p>\n\n\n\n<p>12:10 \u2013 12:30&nbsp;Robin Cristofari, University of Helsinki: Methylation patterns reveal the cost of a sedentary life for an active bird<\/p>\n\n\n\n<p>12:30 \u2013 13:30 Lunch<\/p>\n\n\n\n<p><strong>Session 5:&nbsp;&nbsp;Genomics of adaptation 1<\/strong><\/p>\n\n\n\n<p>Chair: Anssi Vainikka<\/p>\n\n\n\n<p>13:30 \u2013 14:30&nbsp;Keynote speaker Anti Vasem\u00e4gi:&nbsp;Host-parasite genomics in aquatic realm<\/p>\n\n\n\n<p>14:30 \u2013 14:50 Victoria Twort, Finnish Museum of Natural History: Unlocking the evolutionary history and adaptation of Myotis bats in response to a fungal pathogen<\/p>\n\n\n\n<p>14:50 \u2013 15:10&nbsp;Miguel Baltazar-Soares, University of Turku: Genomic basis of melanin-associated phenotypes suggests colour-specific environmental adaptations in tawny owls<\/p>\n\n\n\n<p>15:10 \u2013 15:30 Thais Ferreira-Ara\u00fajo, University of Helsinki: Shedding light on the mystery of freshwater breeding flounders with otolith microchemistry and genomics<\/p>\n\n\n\n<p>15:30 \u2013 16:00 Coffee<\/p>\n\n\n\n<p><strong>Session 6:&nbsp;&nbsp;Genomics of adaptation 2<\/strong><\/p>\n\n\n\n<p>Chair: Anti Vasem\u00e4gi<\/p>\n\n\n\n<p>16:00 \u2013 16:20 Ana Sofia Lindeza, University of Helsinki: A common-garden experiment reveals additive effects of two life-history loci on age-at-maturity in Atlantic salmon<\/p>\n\n\n\n<p>16:20 \u2013 16:40 Heidi Viitaniemi, University of Turku: Genetic responses of local populations in response to the establishment of novel invasive species<\/p>\n\n\n\n<p>16:40 \u2013 17:00&nbsp;&nbsp;Maria Cadiz, University of Helsinki: Exploring population genetic structure and life history diversity of Atlantic salmon (<em>Salmo salar<\/em>) in the N\u00e4\u00e4t\u00e4m\u00f6 River<\/p>\n\n\n\n<p>17:00 \u2013 17:20 Tuomas Leinonen, Luke: Genetic structure of the River Teno brown trout populations<\/p>\n\n\n\n<p><strong>18:30 \u2013 23:00 Gala dinner in Club <a href=\"https:\/\/www.kerubi.fi\/english\/\">Kerubi<\/a><\/strong><\/p>\n\n\n\n<p><\/p>\n\n\n\n<p><strong>26.4. Friday<\/strong><\/p>\n\n\n\n<p><strong>Session 7:&nbsp;&nbsp;Biodiversity genomics to phenotypes<\/strong><\/p>\n\n\n\n<p>Chair: Saskia Wutke<\/p>\n\n\n\n<p>09:00 \u2013 10:00 Keynote speaker Camila Mazzoni: Genomic enablement of Neotropical species<\/p>\n\n\n\n<p>10:00 \u2013 10:20 Zs\u00f3fia Fekete, University of Eastern Finland: High-quality reference genome assemblies for two hare species and their utilization in population genomics<\/p>\n\n\n\n<p>10:20 \u2013 10:40 April Sn\u00f8frid Kleppe, University of Jyv\u00e4skyl\u00e4: Phenotypic evolvability and protein networks<\/p>\n\n\n\n<p>10:40 \u2013 11:00 Ilkka Kronholm, University of Jyv\u00e4skyl\u00e4: How chromatin structure shapes natural genetic diversity<\/p>\n\n\n\n<p>11:00 \u2013 11:30 Coffee<\/p>\n\n\n\n<p><strong>Session 8:&nbsp;&nbsp;Functional (holo)genomics<\/strong><\/p>\n\n\n\n<p>Chair: Camila Mazzoni<\/p>\n\n\n\n<p>11:30 \u2013 11:50 Xindi Huang, University of Helsinki: Identification of Tissue-specific Novel Genes and LncRNAs Associated with Maturation in Atlantic salmon<\/p>\n\n\n\n<p>11:50 \u2013 12:10 Patrick Heidbreder, University of Helsinki: Genome-wide barriers after a history of divergence with gene flow in Formica ants<\/p>\n\n\n\n<p>12:10 \u2013 12:30 Suvi Ruuskanen, University of Jyv\u00e4skyl\u00e4: Gut microbiome underlying winter adaptations in wild birds<\/p>\n\n\n\n<p>12:30 \u2013 12:50 <strong>Announcing poster prices<\/strong><\/p>\n\n\n\n<p><strong>12:50 \u2013 13:20 Closing remarks<\/strong>: Prof. Craig Primmer, University of Helsinki<\/p>\n\n\n\n<p><strong>13:20 End of the official program, Lunch<\/strong><\/p>\n\n\n\n<p>13:20 \u2013 14:20 FinMolEcol PI lunch &amp; meeting<\/p>\n\n\n\n<p>(Get-together activities in Joensuu)<\/p>\n\n\n\n<p><\/p>\n\n\n\n<p><strong>27.4. Saturday: Field excursion to <a href=\"https:\/\/www.koli.fi\/en\/\">Koli<\/a><\/strong><\/p>\n\n\n\n<p>Departure from Joensuu 9 am, return 5 pm.<\/p>\n","protected":false},"excerpt":{"rendered":"<p>24.4. Wednesday 11:00 -&gt; Registration starts in the lobby of the Aura-building (follow the signs) 11:30 \u2013 13:00 Lunch &amp; Setting up the posters 13:00 \u2013 13:10 Welcoming words, main lecture hall AU100 Session 1:&nbsp;&nbsp;Species and community inventories Chair: Jaakko Pohjoism\u00e4ki 13:10 \u2013 14:10 Keynote speaker Tomas Roslin:&nbsp;Making sense of hyperdiverse taxa using molecular methods [&hellip;]<\/p>\n","protected":false},"author":1000,"featured_media":0,"parent":0,"menu_order":0,"comment_status":"closed","ping_status":"closed","template":"","meta":{"_acf_changed":false,"footnotes":""},"class_list":["post-256","page","type-page","status-publish","hentry"],"acf":[],"yoast_head":"<!-- This site is optimized with the Yoast SEO plugin v27.3 - https:\/\/yoast.com\/product\/yoast-seo-wordpress\/ -->\n<title>Program - Finnish Molecular Ecology Symposium 2024<\/title>\n<meta name=\"robots\" content=\"index, follow, max-snippet:-1, max-image-preview:large, max-video-preview:-1\" \/>\n<link rel=\"canonical\" href=\"https:\/\/sites.uef.fi\/fimolecol2024\/program\/\" \/>\n<meta property=\"og:locale\" content=\"en_US\" \/>\n<meta property=\"og:type\" content=\"article\" \/>\n<meta property=\"og:title\" content=\"Program - Finnish Molecular Ecology Symposium 2024\" \/>\n<meta property=\"og:description\" content=\"24.4. Wednesday 11:00 -&gt; Registration starts in the lobby of the Aura-building (follow the signs) 11:30 \u2013 13:00 Lunch &amp; Setting up the posters 13:00 \u2013 13:10 Welcoming words, main lecture hall AU100 Session 1:&nbsp;&nbsp;Species and community inventories Chair: Jaakko Pohjoism\u00e4ki 13:10 \u2013 14:10 Keynote speaker Tomas Roslin:&nbsp;Making sense of hyperdiverse taxa using molecular methods [&hellip;]\" \/>\n<meta property=\"og:url\" content=\"https:\/\/sites.uef.fi\/fimolecol2024\/program\/\" \/>\n<meta property=\"og:site_name\" content=\"Finnish Molecular Ecology Symposium 2024\" \/>\n<meta property=\"article:modified_time\" content=\"2024-04-24T07:43:27+00:00\" \/>\n<meta property=\"og:image\" content=\"https:\/\/sites.uef.fi\/fimolecol2024\/wp-content\/uploads\/sites\/429\/2023\/08\/IMG_9810-1024x768.jpg\" \/>\n<meta name=\"twitter:card\" content=\"summary_large_image\" \/>\n<meta name=\"twitter:label1\" content=\"Est. reading time\" \/>\n\t<meta name=\"twitter:data1\" content=\"4 minutes\" \/>\n<script type=\"application\/ld+json\" class=\"yoast-schema-graph\">{\"@context\":\"https:\\\/\\\/schema.org\",\"@graph\":[{\"@type\":\"WebPage\",\"@id\":\"https:\\\/\\\/sites.uef.fi\\\/fimolecol2024\\\/program\\\/\",\"url\":\"https:\\\/\\\/sites.uef.fi\\\/fimolecol2024\\\/program\\\/\",\"name\":\"Program - Finnish Molecular Ecology Symposium 2024\",\"isPartOf\":{\"@id\":\"https:\\\/\\\/sites.uef.fi\\\/fimolecol2024\\\/#website\"},\"primaryImageOfPage\":{\"@id\":\"https:\\\/\\\/sites.uef.fi\\\/fimolecol2024\\\/program\\\/#primaryimage\"},\"image\":{\"@id\":\"https:\\\/\\\/sites.uef.fi\\\/fimolecol2024\\\/program\\\/#primaryimage\"},\"thumbnailUrl\":\"https:\\\/\\\/sites.uef.fi\\\/fimolecol2024\\\/wp-content\\\/uploads\\\/sites\\\/429\\\/2023\\\/08\\\/IMG_9810-1024x768.jpg\",\"datePublished\":\"2023-08-24T12:06:05+00:00\",\"dateModified\":\"2024-04-24T07:43:27+00:00\",\"breadcrumb\":{\"@id\":\"https:\\\/\\\/sites.uef.fi\\\/fimolecol2024\\\/program\\\/#breadcrumb\"},\"inLanguage\":\"en-US\",\"potentialAction\":[{\"@type\":\"ReadAction\",\"target\":[\"https:\\\/\\\/sites.uef.fi\\\/fimolecol2024\\\/program\\\/\"]}]},{\"@type\":\"ImageObject\",\"inLanguage\":\"en-US\",\"@id\":\"https:\\\/\\\/sites.uef.fi\\\/fimolecol2024\\\/program\\\/#primaryimage\",\"url\":\"https:\\\/\\\/sites.uef.fi\\\/fimolecol2024\\\/wp-content\\\/uploads\\\/sites\\\/429\\\/2023\\\/08\\\/IMG_9810-scaled.jpg\",\"contentUrl\":\"https:\\\/\\\/sites.uef.fi\\\/fimolecol2024\\\/wp-content\\\/uploads\\\/sites\\\/429\\\/2023\\\/08\\\/IMG_9810-scaled.jpg\",\"width\":2560,\"height\":1920},{\"@type\":\"BreadcrumbList\",\"@id\":\"https:\\\/\\\/sites.uef.fi\\\/fimolecol2024\\\/program\\\/#breadcrumb\",\"itemListElement\":[{\"@type\":\"ListItem\",\"position\":1,\"name\":\"Home\",\"item\":\"https:\\\/\\\/sites.uef.fi\\\/fimolecol2024\\\/\"},{\"@type\":\"ListItem\",\"position\":2,\"name\":\"Program\"}]},{\"@type\":\"WebSite\",\"@id\":\"https:\\\/\\\/sites.uef.fi\\\/fimolecol2024\\\/#website\",\"url\":\"https:\\\/\\\/sites.uef.fi\\\/fimolecol2024\\\/\",\"name\":\"Finnish Molecular Ecology Symposium 2024\",\"description\":\"\",\"potentialAction\":[{\"@type\":\"SearchAction\",\"target\":{\"@type\":\"EntryPoint\",\"urlTemplate\":\"https:\\\/\\\/sites.uef.fi\\\/fimolecol2024\\\/?s={search_term_string}\"},\"query-input\":{\"@type\":\"PropertyValueSpecification\",\"valueRequired\":true,\"valueName\":\"search_term_string\"}}],\"inLanguage\":\"en-US\"}]}<\/script>\n<!-- \/ Yoast SEO plugin. -->","yoast_head_json":{"title":"Program - Finnish Molecular Ecology Symposium 2024","robots":{"index":"index","follow":"follow","max-snippet":"max-snippet:-1","max-image-preview":"max-image-preview:large","max-video-preview":"max-video-preview:-1"},"canonical":"https:\/\/sites.uef.fi\/fimolecol2024\/program\/","og_locale":"en_US","og_type":"article","og_title":"Program - Finnish Molecular Ecology Symposium 2024","og_description":"24.4. Wednesday 11:00 -&gt; Registration starts in the lobby of the Aura-building (follow the signs) 11:30 \u2013 13:00 Lunch &amp; Setting up the posters 13:00 \u2013 13:10 Welcoming words, main lecture hall AU100 Session 1:&nbsp;&nbsp;Species and community inventories Chair: Jaakko Pohjoism\u00e4ki 13:10 \u2013 14:10 Keynote speaker Tomas Roslin:&nbsp;Making sense of hyperdiverse taxa using molecular methods [&hellip;]","og_url":"https:\/\/sites.uef.fi\/fimolecol2024\/program\/","og_site_name":"Finnish Molecular Ecology Symposium 2024","article_modified_time":"2024-04-24T07:43:27+00:00","og_image":[{"url":"https:\/\/sites.uef.fi\/fimolecol2024\/wp-content\/uploads\/sites\/429\/2023\/08\/IMG_9810-1024x768.jpg","type":"","width":"","height":""}],"twitter_card":"summary_large_image","twitter_misc":{"Est. reading time":"4 minutes"},"schema":{"@context":"https:\/\/schema.org","@graph":[{"@type":"WebPage","@id":"https:\/\/sites.uef.fi\/fimolecol2024\/program\/","url":"https:\/\/sites.uef.fi\/fimolecol2024\/program\/","name":"Program - Finnish Molecular Ecology Symposium 2024","isPartOf":{"@id":"https:\/\/sites.uef.fi\/fimolecol2024\/#website"},"primaryImageOfPage":{"@id":"https:\/\/sites.uef.fi\/fimolecol2024\/program\/#primaryimage"},"image":{"@id":"https:\/\/sites.uef.fi\/fimolecol2024\/program\/#primaryimage"},"thumbnailUrl":"https:\/\/sites.uef.fi\/fimolecol2024\/wp-content\/uploads\/sites\/429\/2023\/08\/IMG_9810-1024x768.jpg","datePublished":"2023-08-24T12:06:05+00:00","dateModified":"2024-04-24T07:43:27+00:00","breadcrumb":{"@id":"https:\/\/sites.uef.fi\/fimolecol2024\/program\/#breadcrumb"},"inLanguage":"en-US","potentialAction":[{"@type":"ReadAction","target":["https:\/\/sites.uef.fi\/fimolecol2024\/program\/"]}]},{"@type":"ImageObject","inLanguage":"en-US","@id":"https:\/\/sites.uef.fi\/fimolecol2024\/program\/#primaryimage","url":"https:\/\/sites.uef.fi\/fimolecol2024\/wp-content\/uploads\/sites\/429\/2023\/08\/IMG_9810-scaled.jpg","contentUrl":"https:\/\/sites.uef.fi\/fimolecol2024\/wp-content\/uploads\/sites\/429\/2023\/08\/IMG_9810-scaled.jpg","width":2560,"height":1920},{"@type":"BreadcrumbList","@id":"https:\/\/sites.uef.fi\/fimolecol2024\/program\/#breadcrumb","itemListElement":[{"@type":"ListItem","position":1,"name":"Home","item":"https:\/\/sites.uef.fi\/fimolecol2024\/"},{"@type":"ListItem","position":2,"name":"Program"}]},{"@type":"WebSite","@id":"https:\/\/sites.uef.fi\/fimolecol2024\/#website","url":"https:\/\/sites.uef.fi\/fimolecol2024\/","name":"Finnish Molecular Ecology Symposium 2024","description":"","potentialAction":[{"@type":"SearchAction","target":{"@type":"EntryPoint","urlTemplate":"https:\/\/sites.uef.fi\/fimolecol2024\/?s={search_term_string}"},"query-input":{"@type":"PropertyValueSpecification","valueRequired":true,"valueName":"search_term_string"}}],"inLanguage":"en-US"}]}},"_links":{"self":[{"href":"https:\/\/sites.uef.fi\/fimolecol2024\/wp-json\/wp\/v2\/pages\/256","targetHints":{"allow":["GET"]}}],"collection":[{"href":"https:\/\/sites.uef.fi\/fimolecol2024\/wp-json\/wp\/v2\/pages"}],"about":[{"href":"https:\/\/sites.uef.fi\/fimolecol2024\/wp-json\/wp\/v2\/types\/page"}],"author":[{"embeddable":true,"href":"https:\/\/sites.uef.fi\/fimolecol2024\/wp-json\/wp\/v2\/users\/1000"}],"replies":[{"embeddable":true,"href":"https:\/\/sites.uef.fi\/fimolecol2024\/wp-json\/wp\/v2\/comments?post=256"}],"version-history":[{"count":2,"href":"https:\/\/sites.uef.fi\/fimolecol2024\/wp-json\/wp\/v2\/pages\/256\/revisions"}],"predecessor-version":[{"id":1009,"href":"https:\/\/sites.uef.fi\/fimolecol2024\/wp-json\/wp\/v2\/pages\/256\/revisions\/1009"}],"wp:attachment":[{"href":"https:\/\/sites.uef.fi\/fimolecol2024\/wp-json\/wp\/v2\/media?parent=256"}],"curies":[{"name":"wp","href":"https:\/\/api.w.org\/{rel}","templated":true}]}}