{"id":134,"date":"2020-09-30T10:48:20","date_gmt":"2020-09-30T07:48:20","guid":{"rendered":"https:\/\/sites.uef.fi\/fine\/?page_id=134"},"modified":"2023-11-07T10:33:20","modified_gmt":"2023-11-07T08:33:20","slug":"teaching","status":"publish","type":"page","link":"https:\/\/sites.uef.fi\/fine\/front-page\/teaching\/","title":{"rendered":"Teaching"},"content":{"rendered":"\n<p>Contact person: Jarkko Tissari (jarkko.tissari(at)uef.fi)<\/p>\n\n\n\n<h2 class=\"wp-block-heading\">Courses<\/h2>\n\n\n\n<p>3710110 Fysiikkaa ymp\u00e4rist\u00f6tieteilij\u00f6ille 1 (autumn 2020, alternate years)<\/p>\n\n\n\n<p>3710111 Fysiikkaa ymp\u00e4rist\u00f6tieteilij\u00f6ille 2 (spring 2021, every year)<\/p>\n\n\n\n<p>3710230 Ilmanlaatu, ilmasto ja terveys (spring 2021, every year)<\/p>\n\n\n\n<p>3710235 Energiantuotannon ja teollisuuden p\u00e4\u00e4st\u00f6t (spring 2021, alternate years)<\/p>\n\n\n\n<p>3710221 Aerosolitiede (spring 2021, alternate years)<\/p>\n\n\n\n<p>3710482 Combustion, Emissions and Control Technologies (spring 2022, alternate years)<\/p>\n\n\n\n<p>3710472 Air pollution practicals (spring 2021, every year)<\/p>\n\n\n\n<h2 class=\"wp-block-heading\">Bachelor and master theses<\/h2>\n\n\n\n<p>Subjects of theses in FINE laboratory (updated 22.12.2020). If you are interested, please contact to the contact person of the subject (email firstname.surename@uef.fi).<\/p>\n\n\n\n<h3 class=\"wp-block-heading\">Topics related to small-scale wood combustion<\/h3>\n\n\n\n<p>Orgaanisen ja ep\u00e4orgaanisen hiilen analyysi puun polton p\u00e4\u00e4st\u00f6ist\u00e4, BSc\/MSc (contact person Jarkko Tissari)<\/p>\n\n\n\n<p>Polttopuun kuoren ja runkopuun kemiallinen koostumus: vaikutus pienhiukkasp\u00e4\u00e4st\u00f6ihin. BSc (contact person Jarkko Tissari)<\/p>\n\n\n\n<p>Puun pienpoltosta syntyviss\u00e4 hiukkasissa olevat PAH-yhdisteet ja niiden terveysvaikutukset. BSc\/MSc (contact person Jarkko Tissari)<\/p>\n\n\n\n<p>Sekund\u00e4\u00e4risten aerosolien muodostuminen puun pienpolton p\u00e4\u00e4st\u00f6ist\u00e4. BSc\/MSc (contact person Olli Sippula)<\/p>\n\n\n\n<p>Puun pienpolttolaitteiden ohjausj\u00e4rjestelm\u00e4t. BSc (contact person Jarkko Tissari)<\/p>\n\n\n\n<p>Puun pienpolttolaitteiden puhdistusj\u00e4rjestelm\u00e4t. BSc (contact person Jarkko Tissari)<\/p>\n\n\n\n<p>Syanidiyhdisteiden p\u00e4\u00e4st\u00f6t puun pienpoltosta. BSc\/MSc (contact person Olli Sippula)<\/p>\n\n\n\n<h3 class=\"wp-block-heading\">Topics related to nanotechnology<\/h3>\n\n\n\n<p>Johtavien polymeerien tuotto kaasufaasissa. BSc (contact person Tommi Karhunen)<\/p>\n\n\n\n<h3 class=\"wp-block-heading\">Topics related to aerosol measurement technology<\/h3>\n\n\n\n<p>In-situ elektorimikroskopian\u00e4ytteenotto tulipes\u00e4st\u00e4. BSc (contact person Jarkko Tissari)<\/p>\n\n\n\n<p>Hiilen nanorakenteet ja niiden muodostuminen. BSc\/MSc (contact person Anna L\u00e4hde)<\/p>\n\n\n\n<p>Inter-relations between different aerosol particle diameters (sizes). BSc (contact person Jani Leskinen)<\/p>\n\n\n\n<p>Particle density as a particle property. BSc\/MSc (contact person Jani Leskinen)<\/p>\n\n\n\n<p>Comparison of measurement methods of black carbon and brown carbon aerosols. BSc\/MSc  (contact person Olli Sippula).<\/p>\n","protected":false},"excerpt":{"rendered":"<p>Contact person: Jarkko Tissari (jarkko.tissari(at)uef.fi) Courses 3710110 Fysiikkaa ymp\u00e4rist\u00f6tieteilij\u00f6ille 1 (autumn 2020, alternate years) 3710111 Fysiikkaa ymp\u00e4rist\u00f6tieteilij\u00f6ille 2 (spring 2021, every year) 3710230 Ilmanlaatu, ilmasto ja terveys (spring 2021, every year) 3710235 Energiantuotannon ja teollisuuden p\u00e4\u00e4st\u00f6t (spring 2021, alternate years) 3710221 Aerosolitiede (spring 2021, alternate years) 3710482 Combustion, Emissions and Control Technologies (spring 2022, alternate [&hellip;]<\/p>\n","protected":false},"author":246,"featured_media":0,"parent":32,"menu_order":3,"comment_status":"closed","ping_status":"closed","template":"","meta":{"_acf_changed":false,"footnotes":""},"class_list":["post-134","page","type-page","status-publish","hentry"],"acf":[],"yoast_head":"<!-- This site is optimized with the Yoast SEO plugin v27.1.1 - https:\/\/yoast.com\/product\/yoast-seo-wordpress\/ -->\n<title>Teaching - Fine Particle and Aerosol Technology Laboratory<\/title>\n<meta name=\"robots\" content=\"index, follow, max-snippet:-1, max-image-preview:large, max-video-preview:-1\" \/>\n<link rel=\"canonical\" href=\"https:\/\/sites.uef.fi\/fine\/front-page\/teaching\/\" \/>\n<meta property=\"og:locale\" content=\"en_US\" \/>\n<meta property=\"og:type\" content=\"article\" \/>\n<meta property=\"og:title\" content=\"Teaching - Fine Particle and Aerosol Technology Laboratory\" \/>\n<meta property=\"og:description\" content=\"Contact person: Jarkko Tissari (jarkko.tissari(at)uef.fi) Courses 3710110 Fysiikkaa ymp\u00e4rist\u00f6tieteilij\u00f6ille 1 (autumn 2020, alternate years) 3710111 Fysiikkaa ymp\u00e4rist\u00f6tieteilij\u00f6ille 2 (spring 2021, every year) 3710230 Ilmanlaatu, ilmasto ja terveys (spring 2021, every year) 3710235 Energiantuotannon ja teollisuuden p\u00e4\u00e4st\u00f6t (spring 2021, alternate years) 3710221 Aerosolitiede (spring 2021, alternate years) 3710482 Combustion, Emissions and Control Technologies (spring 2022, alternate [&hellip;]\" \/>\n<meta property=\"og:url\" content=\"https:\/\/sites.uef.fi\/fine\/front-page\/teaching\/\" \/>\n<meta property=\"og:site_name\" content=\"Fine Particle and Aerosol Technology Laboratory\" \/>\n<meta property=\"article:modified_time\" content=\"2023-11-07T08:33:20+00:00\" \/>\n<meta name=\"twitter:card\" content=\"summary_large_image\" \/>\n<meta name=\"twitter:label1\" content=\"Est. reading time\" \/>\n\t<meta name=\"twitter:data1\" content=\"2 minutes\" \/>\n<script type=\"application\/ld+json\" class=\"yoast-schema-graph\">{\"@context\":\"https:\/\/schema.org\",\"@graph\":[{\"@type\":\"WebPage\",\"@id\":\"https:\/\/sites.uef.fi\/fine\/front-page\/teaching\/\",\"url\":\"https:\/\/sites.uef.fi\/fine\/front-page\/teaching\/\",\"name\":\"Teaching - Fine Particle and Aerosol Technology Laboratory\",\"isPartOf\":{\"@id\":\"https:\/\/sites.uef.fi\/fine\/#website\"},\"datePublished\":\"2020-09-30T07:48:20+00:00\",\"dateModified\":\"2023-11-07T08:33:20+00:00\",\"breadcrumb\":{\"@id\":\"https:\/\/sites.uef.fi\/fine\/front-page\/teaching\/#breadcrumb\"},\"inLanguage\":\"en-US\",\"potentialAction\":[{\"@type\":\"ReadAction\",\"target\":[\"https:\/\/sites.uef.fi\/fine\/front-page\/teaching\/\"]}]},{\"@type\":\"BreadcrumbList\",\"@id\":\"https:\/\/sites.uef.fi\/fine\/front-page\/teaching\/#breadcrumb\",\"itemListElement\":[{\"@type\":\"ListItem\",\"position\":1,\"name\":\"Home\",\"item\":\"https:\/\/sites.uef.fi\/fine\/\"},{\"@type\":\"ListItem\",\"position\":2,\"name\":\"Front page\",\"item\":\"https:\/\/sites.uef.fi\/fine\/\"},{\"@type\":\"ListItem\",\"position\":3,\"name\":\"Teaching\"}]},{\"@type\":\"WebSite\",\"@id\":\"https:\/\/sites.uef.fi\/fine\/#website\",\"url\":\"https:\/\/sites.uef.fi\/fine\/\",\"name\":\"Fine Particle and Aerosol Technology Laboratory\",\"description\":\"\",\"potentialAction\":[{\"@type\":\"SearchAction\",\"target\":{\"@type\":\"EntryPoint\",\"urlTemplate\":\"https:\/\/sites.uef.fi\/fine\/?s={search_term_string}\"},\"query-input\":{\"@type\":\"PropertyValueSpecification\",\"valueRequired\":true,\"valueName\":\"search_term_string\"}}],\"inLanguage\":\"en-US\"}]}<\/script>\n<!-- \/ Yoast SEO plugin. -->","yoast_head_json":{"title":"Teaching - Fine Particle and Aerosol Technology Laboratory","robots":{"index":"index","follow":"follow","max-snippet":"max-snippet:-1","max-image-preview":"max-image-preview:large","max-video-preview":"max-video-preview:-1"},"canonical":"https:\/\/sites.uef.fi\/fine\/front-page\/teaching\/","og_locale":"en_US","og_type":"article","og_title":"Teaching - Fine Particle and Aerosol Technology Laboratory","og_description":"Contact person: Jarkko Tissari (jarkko.tissari(at)uef.fi) Courses 3710110 Fysiikkaa ymp\u00e4rist\u00f6tieteilij\u00f6ille 1 (autumn 2020, alternate years) 3710111 Fysiikkaa ymp\u00e4rist\u00f6tieteilij\u00f6ille 2 (spring 2021, every year) 3710230 Ilmanlaatu, ilmasto ja terveys (spring 2021, every year) 3710235 Energiantuotannon ja teollisuuden p\u00e4\u00e4st\u00f6t (spring 2021, alternate years) 3710221 Aerosolitiede (spring 2021, alternate years) 3710482 Combustion, Emissions and Control Technologies (spring 2022, alternate [&hellip;]","og_url":"https:\/\/sites.uef.fi\/fine\/front-page\/teaching\/","og_site_name":"Fine Particle and Aerosol Technology Laboratory","article_modified_time":"2023-11-07T08:33:20+00:00","twitter_card":"summary_large_image","twitter_misc":{"Est. reading time":"2 minutes"},"schema":{"@context":"https:\/\/schema.org","@graph":[{"@type":"WebPage","@id":"https:\/\/sites.uef.fi\/fine\/front-page\/teaching\/","url":"https:\/\/sites.uef.fi\/fine\/front-page\/teaching\/","name":"Teaching - Fine Particle and Aerosol Technology Laboratory","isPartOf":{"@id":"https:\/\/sites.uef.fi\/fine\/#website"},"datePublished":"2020-09-30T07:48:20+00:00","dateModified":"2023-11-07T08:33:20+00:00","breadcrumb":{"@id":"https:\/\/sites.uef.fi\/fine\/front-page\/teaching\/#breadcrumb"},"inLanguage":"en-US","potentialAction":[{"@type":"ReadAction","target":["https:\/\/sites.uef.fi\/fine\/front-page\/teaching\/"]}]},{"@type":"BreadcrumbList","@id":"https:\/\/sites.uef.fi\/fine\/front-page\/teaching\/#breadcrumb","itemListElement":[{"@type":"ListItem","position":1,"name":"Home","item":"https:\/\/sites.uef.fi\/fine\/"},{"@type":"ListItem","position":2,"name":"Front page","item":"https:\/\/sites.uef.fi\/fine\/"},{"@type":"ListItem","position":3,"name":"Teaching"}]},{"@type":"WebSite","@id":"https:\/\/sites.uef.fi\/fine\/#website","url":"https:\/\/sites.uef.fi\/fine\/","name":"Fine Particle and Aerosol Technology Laboratory","description":"","potentialAction":[{"@type":"SearchAction","target":{"@type":"EntryPoint","urlTemplate":"https:\/\/sites.uef.fi\/fine\/?s={search_term_string}"},"query-input":{"@type":"PropertyValueSpecification","valueRequired":true,"valueName":"search_term_string"}}],"inLanguage":"en-US"}]}},"_links":{"self":[{"href":"https:\/\/sites.uef.fi\/fine\/wp-json\/wp\/v2\/pages\/134","targetHints":{"allow":["GET"]}}],"collection":[{"href":"https:\/\/sites.uef.fi\/fine\/wp-json\/wp\/v2\/pages"}],"about":[{"href":"https:\/\/sites.uef.fi\/fine\/wp-json\/wp\/v2\/types\/page"}],"author":[{"embeddable":true,"href":"https:\/\/sites.uef.fi\/fine\/wp-json\/wp\/v2\/users\/246"}],"replies":[{"embeddable":true,"href":"https:\/\/sites.uef.fi\/fine\/wp-json\/wp\/v2\/comments?post=134"}],"version-history":[{"count":2,"href":"https:\/\/sites.uef.fi\/fine\/wp-json\/wp\/v2\/pages\/134\/revisions"}],"predecessor-version":[{"id":2617,"href":"https:\/\/sites.uef.fi\/fine\/wp-json\/wp\/v2\/pages\/134\/revisions\/2617"}],"up":[{"embeddable":true,"href":"https:\/\/sites.uef.fi\/fine\/wp-json\/wp\/v2\/pages\/32"}],"wp:attachment":[{"href":"https:\/\/sites.uef.fi\/fine\/wp-json\/wp\/v2\/media?parent=134"}],"curies":[{"name":"wp","href":"https:\/\/api.w.org\/{rel}","templated":true}]}}