{"id":1437,"date":"2020-12-22T13:30:26","date_gmt":"2020-12-22T11:30:26","guid":{"rendered":"https:\/\/sites.uef.fi\/fine\/?page_id=1437"},"modified":"2023-11-07T15:19:20","modified_gmt":"2023-11-07T13:19:20","slug":"opetus","status":"publish","type":"page","link":"https:\/\/sites.uef.fi\/fine\/etusivu\/opetus\/?lang=fi","title":{"rendered":"Opetus"},"content":{"rendered":"\n<p>FINE laboratorion opetuksen yhteyshenkil\u00f6 on Jarkko Tissari (jarkko.tissari (at)uef.fi)<\/p>\n\n\n\n<h2 class=\"wp-block-heading\">Kurssit<\/h2>\n\n\n\n<p>3710110 Fysiikkaa ymp\u00e4rist\u00f6tieteilij\u00f6ille 1 (syksy 2020, joka vuosi)<\/p>\n\n\n\n<p>3710111 Fysiikkaa ymp\u00e4rist\u00f6tieteilij\u00f6ille 2 (kev\u00e4t 2020, joka vuosi)<\/p>\n\n\n\n<p>3710230 Ilmanlaatu, ilmasto ja terveys (kev\u00e4t 2020, joka vuosi)<\/p>\n\n\n\n<p>3710235 Energiantuotannon ja teollisuuden p\u00e4\u00e4st\u00f6t (kev\u00e4t 2021, joka toinen vuosi)<\/p>\n\n\n\n<p>3710221 Aerosolitiede (kev\u00e4t 2021, joka toinen vuosi)<\/p>\n\n\n\n<p>3710482 Combustion, Emissions and Control Technologies (kev\u00e4t 2020, joka toinen vuosi)<\/p>\n\n\n\n<p>3710472 Air pollution practicals (kev\u00e4t 2020, joka toinen vuosi)<\/p>\n\n\n\n<h2 class=\"wp-block-heading\">Opinn\u00e4ytety\u00f6t (LuK ja FM)<\/h2>\n\n\n\n<p>Pienhiukkas- ja aerosolitekniikan laboratoriossa tarjolla olevat opinn\u00e4ytet\u00f6iden aiheet (p\u00e4ivitetty 20.12.2019). Tarvittaessa ota yhteytt\u00e4 aiheen kohdalla kerrottuun yhteyshenkil\u00f6\u00f6n s\u00e4hk\u00f6postilla osoitteella etunimi.sukunimi@uef.fi.<\/p>\n\n\n\n<h3 class=\"wp-block-heading\">Puun pienpolttoon liittyv\u00e4t aiheet<\/h3>\n\n\n\n<p>Orgaanisen ja ep\u00e4orgaanisen hiilen analyysi puun polton p\u00e4\u00e4st\u00f6ist\u00e4, LuK\/FM (yhteyshenkil\u00f6 Jarkko Tissari)<\/p>\n\n\n\n<p>Polttopuun kuoren ja runkopuun kemiallinen koostumus: vaikutus pienhiukkasp\u00e4\u00e4st\u00f6ihin. <span style=\"float: none;background-color: #ffffff;color: #333333;cursor: text;font-family: 'Libre Franklin','Helvetica Neue',helvetica,arial,sans-serif;font-size: 16px;font-style: normal;font-variant: normal;font-weight: 400;letter-spacing: normal;text-align: left;text-decoration: none;text-indent: 0px;text-transform: none\">LuK<\/span>(yhteyshenkil\u00f6 Jarkko Tissari)<\/p>\n\n\n\n<p>Puun pienpoltosta syntyviss\u00e4 hiukkasissa olevat PAH-yhdisteet ja niiden terveysvaikutukset. <span style=\"float: none;background-color: #ffffff;color: #333333;cursor: text;font-family: 'Libre Franklin','Helvetica Neue',helvetica,arial,sans-serif;font-size: 16px;font-style: normal;font-variant: normal;font-weight: 400;letter-spacing: normal;text-align: left;text-decoration: none;text-indent: 0px;text-transform: none\">LuK\/FM<\/span> (yhteyshenkil\u00f6 Jarkko Tissari)<\/p>\n\n\n\n<p>Sekund\u00e4\u00e4risten aerosolien muodostuminen puun pienpolton p\u00e4\u00e4st\u00f6ist\u00e4. <span style=\"float: none;background-color: #ffffff;color: #333333;cursor: text;font-family: 'Libre Franklin','Helvetica Neue',helvetica,arial,sans-serif;font-size: 16px;font-style: normal;font-variant: normal;font-weight: 400;letter-spacing: normal;text-align: left;text-decoration: none;text-indent: 0px;text-transform: none\">LuK\/FM<\/span> (yhteyshenkil\u00f6 Olli Sippula)<\/p>\n\n\n\n<p>Puun pienpolttolaitteiden ohjausj\u00e4rjestelm\u00e4t. LuK (yhteyshenkil\u00f6 Jarkko Tissari)<\/p>\n\n\n\n<p>Puun pienpolttolaitteiden puhdistusj\u00e4rjestelm\u00e4t. LuK (yhteyshenkil\u00f6n Jarkko Tissari)<\/p>\n\n\n\n<p>Syanidiyhdisteiden p\u00e4\u00e4st\u00f6t puun pienpoltosta. <span style=\"float: none;background-color: #ffffff;color: #333333;cursor: text;font-family: 'Libre Franklin','Helvetica Neue',helvetica,arial,sans-serif;font-size: 16px;font-style: normal;font-variant: normal;font-weight: 400;letter-spacing: normal;text-align: left;text-decoration: none;text-indent: 0px;text-transform: none\">LuK\/FM<\/span> (yhteyshenkil\u00f6 Olli Sippula)<\/p>\n\n\n\n<h3 class=\"wp-block-heading\">Nanoteknologiaan liittyv\u00e4t aiheet<\/h3>\n\n\n\n<p>Johtavien polymeerien tuotto kaasufaasissa. LuK (yhteyshenkil\u00f6 Tommi Karhunen)<\/p>\n\n\n\n<h3 class=\"wp-block-heading\">Aerosolien mittaustekniikkaan ja analytiikkaan liittyv\u00e4t aiheet<\/h3>\n\n\n\n<p>In-situ elektorimikroskopian\u00e4ytteenotto tulipes\u00e4st\u00e4. LuK (yhteyshenkil\u00f6 Jarkko Tissari)<\/p>\n\n\n\n<p>Hiilen nanorakenteet ja niiden muodostuminen. <span style=\"float: none;background-color: #ffffff;color: #333333;cursor: text;font-family: 'Libre Franklin','Helvetica Neue',helvetica,arial,sans-serif;font-size: 16px;font-style: normal;font-variant: normal;font-weight: 400;letter-spacing: normal;text-align: left;text-decoration: none;text-indent: 0px;text-transform: none\">LuK\/FM<\/span> (yhteyshenkil\u00f6 Anna L\u00e4hde)<\/p>\n\n\n\n<p>Inter-relations between different aerosol particle diameters (sizes). LuK (yhteyshenkil\u00f6 Jani Leskinen)<\/p>\n\n\n\n<p>Particle density as a particle property. <span style=\"float: none;background-color: #ffffff;color: #333333;cursor: text;font-family: 'Libre Franklin','Helvetica Neue',helvetica,arial,sans-serif;font-size: 16px;font-style: normal;font-variant: normal;font-weight: 400;letter-spacing: normal;text-align: left;text-decoration: none;text-indent: 0px;text-transform: none\">LuK\/FM<\/span> (yhteyshenkil\u00f6 Jani Leskinen)<\/p>\n\n\n\n<p>Comparison of measurement methods of black carbon and brown carbon aerosols. <span style=\"float: none;background-color: #ffffff;color: #333333;cursor: text;font-family: 'Libre Franklin','Helvetica Neue',helvetica,arial,sans-serif;font-size: 16px;font-style: normal;font-variant: normal;font-weight: 400;letter-spacing: normal;text-align: left;text-decoration: none;text-indent: 0px;text-transform: none\">LuK\/FM<\/span> (yhteyshenkil\u00f6 Olli Sippula).<\/p>\n","protected":false},"excerpt":{"rendered":"<p>FINE laboratorion opetuksen yhteyshenkil\u00f6 on Jarkko Tissari (jarkko.tissari (at)uef.fi) Kurssit 3710110 Fysiikkaa ymp\u00e4rist\u00f6tieteilij\u00f6ille 1 (syksy 2020, joka vuosi) 3710111 Fysiikkaa ymp\u00e4rist\u00f6tieteilij\u00f6ille 2 (kev\u00e4t 2020, joka vuosi) 3710230 Ilmanlaatu, ilmasto ja terveys (kev\u00e4t 2020, joka vuosi) 3710235 Energiantuotannon ja teollisuuden p\u00e4\u00e4st\u00f6t (kev\u00e4t 2021, joka toinen vuosi) 3710221 Aerosolitiede (kev\u00e4t 2021, joka toinen vuosi) 3710482 Combustion, Emissions [&hellip;]<\/p>\n","protected":false},"author":246,"featured_media":0,"parent":38,"menu_order":3,"comment_status":"closed","ping_status":"closed","template":"","meta":{"_acf_changed":false,"footnotes":""},"class_list":["post-1437","page","type-page","status-publish","hentry"],"acf":[],"yoast_head":"<!-- This site is optimized with the Yoast SEO plugin v27.3 - https:\/\/yoast.com\/product\/yoast-seo-wordpress\/ -->\n<title>Opetus - Fine Particle and Aerosol Technology Laboratory<\/title>\n<meta name=\"robots\" content=\"index, follow, max-snippet:-1, max-image-preview:large, max-video-preview:-1\" \/>\n<link rel=\"canonical\" href=\"https:\/\/sites.uef.fi\/fine\/etusivu\/opetus\/?lang=fi\" \/>\n<meta property=\"og:locale\" content=\"en_US\" \/>\n<meta property=\"og:type\" content=\"article\" \/>\n<meta property=\"og:title\" content=\"Opetus - Fine Particle and Aerosol Technology Laboratory\" \/>\n<meta property=\"og:description\" content=\"FINE laboratorion opetuksen yhteyshenkil\u00f6 on Jarkko Tissari (jarkko.tissari (at)uef.fi) Kurssit 3710110 Fysiikkaa ymp\u00e4rist\u00f6tieteilij\u00f6ille 1 (syksy 2020, joka vuosi) 3710111 Fysiikkaa ymp\u00e4rist\u00f6tieteilij\u00f6ille 2 (kev\u00e4t 2020, joka vuosi) 3710230 Ilmanlaatu, ilmasto ja terveys (kev\u00e4t 2020, joka vuosi) 3710235 Energiantuotannon ja teollisuuden p\u00e4\u00e4st\u00f6t (kev\u00e4t 2021, joka toinen vuosi) 3710221 Aerosolitiede (kev\u00e4t 2021, joka toinen vuosi) 3710482 Combustion, Emissions [&hellip;]\" \/>\n<meta property=\"og:url\" content=\"https:\/\/sites.uef.fi\/fine\/etusivu\/opetus\/?lang=fi\" \/>\n<meta property=\"og:site_name\" content=\"Fine Particle and Aerosol Technology Laboratory\" \/>\n<meta property=\"article:modified_time\" content=\"2023-11-07T13:19:20+00:00\" \/>\n<meta name=\"twitter:card\" content=\"summary_large_image\" \/>\n<meta name=\"twitter:label1\" content=\"Est. reading time\" \/>\n\t<meta name=\"twitter:data1\" content=\"1 minute\" \/>\n<script type=\"application\/ld+json\" class=\"yoast-schema-graph\">{\"@context\":\"https:\\\/\\\/schema.org\",\"@graph\":[{\"@type\":\"WebPage\",\"@id\":\"https:\\\/\\\/sites.uef.fi\\\/fine\\\/etusivu\\\/opetus\\\/?lang=fi\",\"url\":\"https:\\\/\\\/sites.uef.fi\\\/fine\\\/etusivu\\\/opetus\\\/?lang=fi\",\"name\":\"Opetus - Fine Particle and Aerosol Technology Laboratory\",\"isPartOf\":{\"@id\":\"https:\\\/\\\/sites.uef.fi\\\/fine\\\/#website\"},\"datePublished\":\"2020-12-22T11:30:26+00:00\",\"dateModified\":\"2023-11-07T13:19:20+00:00\",\"breadcrumb\":{\"@id\":\"https:\\\/\\\/sites.uef.fi\\\/fine\\\/etusivu\\\/opetus\\\/?lang=fi#breadcrumb\"},\"inLanguage\":\"en-US\",\"potentialAction\":[{\"@type\":\"ReadAction\",\"target\":[\"https:\\\/\\\/sites.uef.fi\\\/fine\\\/etusivu\\\/opetus\\\/?lang=fi\"]}]},{\"@type\":\"BreadcrumbList\",\"@id\":\"https:\\\/\\\/sites.uef.fi\\\/fine\\\/etusivu\\\/opetus\\\/?lang=fi#breadcrumb\",\"itemListElement\":[{\"@type\":\"ListItem\",\"position\":1,\"name\":\"Home\",\"item\":\"https:\\\/\\\/sites.uef.fi\\\/fine\\\/\"},{\"@type\":\"ListItem\",\"position\":2,\"name\":\"Etusivu\",\"item\":\"https:\\\/\\\/sites.uef.fi\\\/fine\\\/?lang=fi\"},{\"@type\":\"ListItem\",\"position\":3,\"name\":\"Opetus\"}]},{\"@type\":\"WebSite\",\"@id\":\"https:\\\/\\\/sites.uef.fi\\\/fine\\\/#website\",\"url\":\"https:\\\/\\\/sites.uef.fi\\\/fine\\\/\",\"name\":\"Fine Particle and Aerosol Technology Laboratory\",\"description\":\"\",\"potentialAction\":[{\"@type\":\"SearchAction\",\"target\":{\"@type\":\"EntryPoint\",\"urlTemplate\":\"https:\\\/\\\/sites.uef.fi\\\/fine\\\/?s={search_term_string}\"},\"query-input\":{\"@type\":\"PropertyValueSpecification\",\"valueRequired\":true,\"valueName\":\"search_term_string\"}}],\"inLanguage\":\"en-US\"}]}<\/script>\n<!-- \/ Yoast SEO plugin. -->","yoast_head_json":{"title":"Opetus - Fine Particle and Aerosol Technology Laboratory","robots":{"index":"index","follow":"follow","max-snippet":"max-snippet:-1","max-image-preview":"max-image-preview:large","max-video-preview":"max-video-preview:-1"},"canonical":"https:\/\/sites.uef.fi\/fine\/etusivu\/opetus\/?lang=fi","og_locale":"en_US","og_type":"article","og_title":"Opetus - Fine Particle and Aerosol Technology Laboratory","og_description":"FINE laboratorion opetuksen yhteyshenkil\u00f6 on Jarkko Tissari (jarkko.tissari (at)uef.fi) Kurssit 3710110 Fysiikkaa ymp\u00e4rist\u00f6tieteilij\u00f6ille 1 (syksy 2020, joka vuosi) 3710111 Fysiikkaa ymp\u00e4rist\u00f6tieteilij\u00f6ille 2 (kev\u00e4t 2020, joka vuosi) 3710230 Ilmanlaatu, ilmasto ja terveys (kev\u00e4t 2020, joka vuosi) 3710235 Energiantuotannon ja teollisuuden p\u00e4\u00e4st\u00f6t (kev\u00e4t 2021, joka toinen vuosi) 3710221 Aerosolitiede (kev\u00e4t 2021, joka toinen vuosi) 3710482 Combustion, Emissions [&hellip;]","og_url":"https:\/\/sites.uef.fi\/fine\/etusivu\/opetus\/?lang=fi","og_site_name":"Fine Particle and Aerosol Technology Laboratory","article_modified_time":"2023-11-07T13:19:20+00:00","twitter_card":"summary_large_image","twitter_misc":{"Est. reading time":"1 minute"},"schema":{"@context":"https:\/\/schema.org","@graph":[{"@type":"WebPage","@id":"https:\/\/sites.uef.fi\/fine\/etusivu\/opetus\/?lang=fi","url":"https:\/\/sites.uef.fi\/fine\/etusivu\/opetus\/?lang=fi","name":"Opetus - Fine Particle and Aerosol Technology Laboratory","isPartOf":{"@id":"https:\/\/sites.uef.fi\/fine\/#website"},"datePublished":"2020-12-22T11:30:26+00:00","dateModified":"2023-11-07T13:19:20+00:00","breadcrumb":{"@id":"https:\/\/sites.uef.fi\/fine\/etusivu\/opetus\/?lang=fi#breadcrumb"},"inLanguage":"en-US","potentialAction":[{"@type":"ReadAction","target":["https:\/\/sites.uef.fi\/fine\/etusivu\/opetus\/?lang=fi"]}]},{"@type":"BreadcrumbList","@id":"https:\/\/sites.uef.fi\/fine\/etusivu\/opetus\/?lang=fi#breadcrumb","itemListElement":[{"@type":"ListItem","position":1,"name":"Home","item":"https:\/\/sites.uef.fi\/fine\/"},{"@type":"ListItem","position":2,"name":"Etusivu","item":"https:\/\/sites.uef.fi\/fine\/?lang=fi"},{"@type":"ListItem","position":3,"name":"Opetus"}]},{"@type":"WebSite","@id":"https:\/\/sites.uef.fi\/fine\/#website","url":"https:\/\/sites.uef.fi\/fine\/","name":"Fine Particle and Aerosol Technology Laboratory","description":"","potentialAction":[{"@type":"SearchAction","target":{"@type":"EntryPoint","urlTemplate":"https:\/\/sites.uef.fi\/fine\/?s={search_term_string}"},"query-input":{"@type":"PropertyValueSpecification","valueRequired":true,"valueName":"search_term_string"}}],"inLanguage":"en-US"}]}},"_links":{"self":[{"href":"https:\/\/sites.uef.fi\/fine\/wp-json\/wp\/v2\/pages\/1437","targetHints":{"allow":["GET"]}}],"collection":[{"href":"https:\/\/sites.uef.fi\/fine\/wp-json\/wp\/v2\/pages"}],"about":[{"href":"https:\/\/sites.uef.fi\/fine\/wp-json\/wp\/v2\/types\/page"}],"author":[{"embeddable":true,"href":"https:\/\/sites.uef.fi\/fine\/wp-json\/wp\/v2\/users\/246"}],"replies":[{"embeddable":true,"href":"https:\/\/sites.uef.fi\/fine\/wp-json\/wp\/v2\/comments?post=1437"}],"version-history":[{"count":2,"href":"https:\/\/sites.uef.fi\/fine\/wp-json\/wp\/v2\/pages\/1437\/revisions"}],"predecessor-version":[{"id":2830,"href":"https:\/\/sites.uef.fi\/fine\/wp-json\/wp\/v2\/pages\/1437\/revisions\/2830"}],"up":[{"embeddable":true,"href":"https:\/\/sites.uef.fi\/fine\/wp-json\/wp\/v2\/pages\/38"}],"wp:attachment":[{"href":"https:\/\/sites.uef.fi\/fine\/wp-json\/wp\/v2\/media?parent=1437"}],"curies":[{"name":"wp","href":"https:\/\/api.w.org\/{rel}","templated":true}]}}