{"id":1533,"date":"2021-01-28T11:32:06","date_gmt":"2021-01-28T09:32:06","guid":{"rendered":"https:\/\/sites.uef.fi\/fine\/?page_id=1533"},"modified":"2023-11-07T14:57:30","modified_gmt":"2023-11-07T12:57:30","slug":"pienpolttosimulaattori-simo","status":"publish","type":"page","link":"https:\/\/sites.uef.fi\/fine\/etusivu\/pienpolttosimulaattori-simo\/?lang=fi","title":{"rendered":"Pienpolttosimulaattori (SIMO)"},"content":{"rendered":"\n<figure class=\"wp-block-image alignright is-resized\"><img loading=\"lazy\" decoding=\"async\" width=\"300\" height=\"225\" src=\"https:\/\/sites.uef.fi\/fine\/wp-content\/uploads\/sites\/158\/2021\/01\/SIMO1-300x225.jpg\" alt=\"SIMO Residential Wood Combustion Simulator\" class=\"wp-image-1542\" style=\"aspect-ratio:1.3333333333333333;width:616px;height:auto\" srcset=\"https:\/\/sites.uef.fi\/fine\/wp-content\/uploads\/sites\/158\/2021\/01\/SIMO1-300x225.jpg 300w, https:\/\/sites.uef.fi\/fine\/wp-content\/uploads\/sites\/158\/2021\/01\/SIMO1-768x576.jpg 768w, https:\/\/sites.uef.fi\/fine\/wp-content\/uploads\/sites\/158\/2021\/01\/SIMO1.jpg 947w\" sizes=\"auto, (max-width: 300px) 100vw, 300px\" \/><\/figure>\n\n\n\n<p>Pienpolttosimulaattori (SIMO) on ainutlaatuinen konsepti tutkia puun pienpolttolaitteiden p\u00e4\u00e4st\u00f6j\u00e4, energiatehokkuutta ja toimintaa osana pientaloa. <\/p>\n\n\n\n<p>Simulaattorilla vauhditetaan tulisijojen kehitysty\u00f6t\u00e4 ja edistet\u00e4\u00e4n puun k\u00e4ytt\u00f6\u00e4 uusiutuvana energial\u00e4hteen\u00e4 p\u00e4\u00e4st\u00f6t halliten.<\/p>\n\n\n\n<p>Suomalainen nauttii arjen pienist\u00e4 hetkist\u00e4 takkatulen loimutessa ja puukiukaan l\u00f6ylyiss\u00e4. Suomessa puun pienpoltto on kuitenkin suurin p\u00e4\u00e4st\u00f6l\u00e4hde pienhiukkasille, jotka ovat ihmisten terveydelle haitallisia. Lis\u00e4ksi tulisijojen aiheuttamat nokip\u00e4\u00e4st\u00f6t ovat pohjoisilla alueilla erityisen haitallisia ilmaston l\u00e4mpenemisen kannalta. Tehdasvalmisteisille takoille ja kamiinoille on tulossa Euroopan laajuiset p\u00e4\u00e4st\u00f6m\u00e4\u00e4r\u00e4ykset vuoden 2022 alussa. Kiukaille m\u00e4\u00e4r\u00e4yksi\u00e4 ei ole suunnitteilla.<\/p>\n\n\n\n<figure class=\"wp-block-image alignright is-resized\"><img loading=\"lazy\" decoding=\"async\" width=\"300\" height=\"169\" src=\"https:\/\/sites.uef.fi\/fine\/wp-content\/uploads\/sites\/158\/2021\/01\/SIMO2-300x169.jpg\" alt=\"SIMO sauna\" class=\"wp-image-1548\" style=\"aspect-ratio:1.7751479289940828;width:613px;height:auto\" srcset=\"https:\/\/sites.uef.fi\/fine\/wp-content\/uploads\/sites\/158\/2021\/01\/SIMO2-300x169.jpg 300w, https:\/\/sites.uef.fi\/fine\/wp-content\/uploads\/sites\/158\/2021\/01\/SIMO2-1024x576.jpg 1024w, https:\/\/sites.uef.fi\/fine\/wp-content\/uploads\/sites\/158\/2021\/01\/SIMO2-768x432.jpg 768w, https:\/\/sites.uef.fi\/fine\/wp-content\/uploads\/sites\/158\/2021\/01\/SIMO2.jpg 1472w\" sizes=\"auto, (max-width: 300px) 100vw, 300px\" \/><\/figure>\n\n\n\n<figure class=\"wp-block-image alignright is-resized\"><img loading=\"lazy\" decoding=\"async\" width=\"300\" height=\"169\" src=\"https:\/\/sites.uef.fi\/fine\/wp-content\/uploads\/sites\/158\/2021\/01\/SIMO5-300x169.jpg\" alt=\"SIMO pienpolttosimulaattori\" class=\"wp-image-1566\" style=\"aspect-ratio:1.7751479289940828;width:612px;height:auto\" srcset=\"https:\/\/sites.uef.fi\/fine\/wp-content\/uploads\/sites\/158\/2021\/01\/SIMO5-300x169.jpg 300w, https:\/\/sites.uef.fi\/fine\/wp-content\/uploads\/sites\/158\/2021\/01\/SIMO5-1024x576.jpg 1024w, https:\/\/sites.uef.fi\/fine\/wp-content\/uploads\/sites\/158\/2021\/01\/SIMO5-768x432.jpg 768w, https:\/\/sites.uef.fi\/fine\/wp-content\/uploads\/sites\/158\/2021\/01\/SIMO5.jpg 1472w\" sizes=\"auto, (max-width: 300px) 100vw, 300px\" \/><\/figure>\n\n\n\n<p>Pienpolttosimulaattorin avulla luodaan yhteyksi\u00e4 tutkimustoiminnan ja pk-yritysten innovaatio- ja kehitystoiminnan v\u00e4lille. Toiminnan perustana on 2017 merikontteihin rakennettu aito tulisijojen testausymp\u00e4rist\u00f6. Kontteihin on asennettu pientalon ilmanvaihtoa vastaava koneellinen ilmanvaihtoj\u00e4rjestelm\u00e4 sek\u00e4 monipuoliset, laajat ja tieteellisesti p\u00e4tev\u00e4t mittaus- ja n\u00e4ytteenottolaitteistot. Pienpolttosimulaattori mahdollistaa yrityksille uusien ideoiden testauksen ja antaa tukea tuotekehityksen eri vaiheisiin. Monik\u00e4ytt\u00f6isiss\u00e4 tiloissa tehd\u00e4\u00e4n lis\u00e4ksi tutkimus- ja koulutustoimintaa, jonka ohella simulaattori on ollut esill\u00e4 erilaisissa tapahtumissa laajemmalle yleis\u00f6lle. Yksikk\u00f6 on siirrett\u00e4viss\u00e4 yritysten tiloihin tai tutkimuslaitoksiin muualle maailmaan.<\/p>\n\n\n\n<p>Testauksia tehd\u00e4\u00e4n korvausta vastaan tutkimustoiminnan ohessa tai osana tutkimusprojekteja. Alla lis\u00e4tietoa.<\/p>\n\n\n\n<p>Yhteydenotot:<\/p>\n\n\n\n<figure class=\"wp-block-image alignright\"><img loading=\"lazy\" decoding=\"async\" width=\"300\" height=\"169\" src=\"https:\/\/sites.uef.fi\/fine\/wp-content\/uploads\/sites\/158\/2021\/01\/SIMO4-300x169.jpg\" alt=\"SIMO-esittely tieteen p\u00e4ivill\u00e4\" class=\"wp-image-1560\" srcset=\"https:\/\/sites.uef.fi\/fine\/wp-content\/uploads\/sites\/158\/2021\/01\/SIMO4-300x169.jpg 300w, https:\/\/sites.uef.fi\/fine\/wp-content\/uploads\/sites\/158\/2021\/01\/SIMO4-1024x576.jpg 1024w, https:\/\/sites.uef.fi\/fine\/wp-content\/uploads\/sites\/158\/2021\/01\/SIMO4-768x432.jpg 768w, https:\/\/sites.uef.fi\/fine\/wp-content\/uploads\/sites\/158\/2021\/01\/SIMO4.jpg 1472w\" sizes=\"auto, (max-width: 300px) 100vw, 300px\" \/><\/figure>\n\n\n\n<p>It\u00e4-Suomen yliopisto, ymp\u00e4rist\u00f6- ja biotieteiden laitos, Pienhiukkas- ja aerosolitekniikan laboratorio, puun pienpolttotiimi<\/p>\n\n\n\n<p>Tutkimusjohtaja Jarkko Tissari, FT, Dos., jarkko.tissari(at)uef.fi<\/p>\n\n\n\n<figure class=\"wp-block-image\"><img loading=\"lazy\" decoding=\"async\" width=\"290\" height=\"300\" src=\"https:\/\/sites.uef.fi\/fine\/wp-content\/uploads\/sites\/158\/2020\/10\/EU_EAKR_FI_vertical_20mm_rgb-290x300.png\" alt=\"EU logo\" class=\"wp-image-232\" srcset=\"https:\/\/sites.uef.fi\/fine\/wp-content\/uploads\/sites\/158\/2020\/10\/EU_EAKR_FI_vertical_20mm_rgb-290x300.png 290w, https:\/\/sites.uef.fi\/fine\/wp-content\/uploads\/sites\/158\/2020\/10\/EU_EAKR_FI_vertical_20mm_rgb.png 354w\" sizes=\"auto, (max-width: 290px) 100vw, 290px\" \/><\/figure>\n\n\n\n<figure class=\"wp-block-image\"><img loading=\"lazy\" decoding=\"async\" width=\"300\" height=\"212\" src=\"https:\/\/sites.uef.fi\/fine\/wp-content\/uploads\/sites\/158\/2020\/10\/VipuvoimaaEU_2014_2020_rgb-300x212.png\" alt=\"EU logo\" class=\"wp-image-238\" srcset=\"https:\/\/sites.uef.fi\/fine\/wp-content\/uploads\/sites\/158\/2020\/10\/VipuvoimaaEU_2014_2020_rgb-300x212.png 300w, https:\/\/sites.uef.fi\/fine\/wp-content\/uploads\/sites\/158\/2020\/10\/VipuvoimaaEU_2014_2020_rgb-1024x725.png 1024w, https:\/\/sites.uef.fi\/fine\/wp-content\/uploads\/sites\/158\/2020\/10\/VipuvoimaaEU_2014_2020_rgb-768x544.png 768w, https:\/\/sites.uef.fi\/fine\/wp-content\/uploads\/sites\/158\/2020\/10\/VipuvoimaaEU_2014_2020_rgb.png 1181w\" sizes=\"auto, (max-width: 300px) 100vw, 300px\" \/><\/figure>\n\n\n\n<p>Simulaattori on rakennettu EAKR-kehitys- ja investointihankkeiden A72189 ja A72192 tuella <span style=\"float: none;background-color: #ffffff;color: #333333;cursor: text;font-family: 'Libre Franklin','Helvetica Neue',helvetica,arial,sans-serif;font-size: 16px;font-style: normal;font-variant: normal;font-weight: 400;letter-spacing: normal;text-align: left;text-decoration: none;text-indent: 0px;text-transform: none\"> <\/span><a href=\"https:\/\/sites.uef.fi\/fine\/etusivu\/projektit\/pienpolttosimulaattori\/?lang=fi\">(linkki projektien sivulle)<\/a><span style=\"float: none;background-color: #ffffff;color: #333333;cursor: text;font-family: 'Libre Franklin','Helvetica Neue',helvetica,arial,sans-serif;font-size: 16px;font-style: normal;font-variant: normal;font-weight: 400;letter-spacing: normal;text-align: left;text-decoration: none;text-indent: 0px;text-transform: none\">.<\/span><\/p>\n\n\n\n<h2 class=\"wp-block-heading\">Lis\u00e4tietoa<\/h2>\n\n\n\n<p><a href=\"https:\/\/sites.uef.fi\/fine\/etusivu\/pienpolttosimulaattori-simo\/simo-esittelymateriaaleja\/?lang=fi\">Esittelymateriaaleja<\/a><\/p>\n\n\n\n<p><a href=\"https:\/\/sites.uef.fi\/fine\/etusivu\/pienpolttosimulaattori-simo\/simo-artikkeleita-ja-esityksia\/?lang=fi\">Artikkeleita ja esityksi\u00e4<\/a><\/p>\n\n\n\n<p><a href=\"https:\/\/sites.uef.fi\/fine\/etusivu\/pienpolttosimulaattori-simo\/simo-projektit\/?lang=fi\">Tutkimushankkeet<\/a><\/p>\n\n\n\n<p><a href=\"https:\/\/sites.uef.fi\/fine\/etusivu\/pienpolttosimulaattori-simo\/puunpoltto-ohjeita\/?lang=fi\">Puunpoltto-ohjeita<\/a><\/p>\n","protected":false},"excerpt":{"rendered":"<p>Pienpolttosimulaattori (SIMO) on ainutlaatuinen konsepti tutkia puun pienpolttolaitteiden p\u00e4\u00e4st\u00f6j\u00e4, energiatehokkuutta ja toimintaa osana pientaloa. Simulaattorilla vauhditetaan tulisijojen kehitysty\u00f6t\u00e4 ja edistet\u00e4\u00e4n puun k\u00e4ytt\u00f6\u00e4 uusiutuvana energial\u00e4hteen\u00e4 p\u00e4\u00e4st\u00f6t halliten. Suomalainen nauttii arjen pienist\u00e4 hetkist\u00e4 takkatulen loimutessa ja puukiukaan l\u00f6ylyiss\u00e4. Suomessa puun pienpoltto on kuitenkin suurin p\u00e4\u00e4st\u00f6l\u00e4hde pienhiukkasille, jotka ovat ihmisten terveydelle haitallisia. Lis\u00e4ksi tulisijojen aiheuttamat nokip\u00e4\u00e4st\u00f6t ovat pohjoisilla [&hellip;]<\/p>\n","protected":false},"author":246,"featured_media":0,"parent":38,"menu_order":7,"comment_status":"closed","ping_status":"closed","template":"","meta":{"_acf_changed":false,"footnotes":""},"class_list":["post-1533","page","type-page","status-publish","hentry"],"acf":[],"yoast_head":"<!-- This site is optimized with the Yoast SEO plugin v27.3 - https:\/\/yoast.com\/product\/yoast-seo-wordpress\/ -->\n<title>Pienpolttosimulaattori (SIMO) - Fine Particle and Aerosol Technology Laboratory<\/title>\n<meta name=\"robots\" content=\"index, follow, max-snippet:-1, max-image-preview:large, max-video-preview:-1\" \/>\n<link rel=\"canonical\" href=\"https:\/\/sites.uef.fi\/fine\/etusivu\/pienpolttosimulaattori-simo\/?lang=fi\" \/>\n<meta property=\"og:locale\" content=\"en_US\" \/>\n<meta property=\"og:type\" content=\"article\" \/>\n<meta property=\"og:title\" content=\"Pienpolttosimulaattori (SIMO) - Fine Particle and Aerosol Technology Laboratory\" \/>\n<meta property=\"og:description\" content=\"Pienpolttosimulaattori (SIMO) on ainutlaatuinen konsepti tutkia puun pienpolttolaitteiden p\u00e4\u00e4st\u00f6j\u00e4, energiatehokkuutta ja toimintaa osana pientaloa. Simulaattorilla vauhditetaan tulisijojen kehitysty\u00f6t\u00e4 ja edistet\u00e4\u00e4n puun k\u00e4ytt\u00f6\u00e4 uusiutuvana energial\u00e4hteen\u00e4 p\u00e4\u00e4st\u00f6t halliten. Suomalainen nauttii arjen pienist\u00e4 hetkist\u00e4 takkatulen loimutessa ja puukiukaan l\u00f6ylyiss\u00e4. Suomessa puun pienpoltto on kuitenkin suurin p\u00e4\u00e4st\u00f6l\u00e4hde pienhiukkasille, jotka ovat ihmisten terveydelle haitallisia. Lis\u00e4ksi tulisijojen aiheuttamat nokip\u00e4\u00e4st\u00f6t ovat pohjoisilla [&hellip;]\" \/>\n<meta property=\"og:url\" content=\"https:\/\/sites.uef.fi\/fine\/etusivu\/pienpolttosimulaattori-simo\/?lang=fi\" \/>\n<meta property=\"og:site_name\" content=\"Fine Particle and Aerosol Technology Laboratory\" \/>\n<meta property=\"article:modified_time\" content=\"2023-11-07T12:57:30+00:00\" \/>\n<meta property=\"og:image\" content=\"https:\/\/sites.uef.fi\/fine\/wp-content\/uploads\/sites\/158\/2021\/01\/SIMO1-300x225.jpg\" \/>\n<meta name=\"twitter:card\" content=\"summary_large_image\" \/>\n<meta name=\"twitter:label1\" content=\"Est. reading time\" \/>\n\t<meta name=\"twitter:data1\" content=\"1 minute\" \/>\n<script type=\"application\/ld+json\" class=\"yoast-schema-graph\">{\"@context\":\"https:\\\/\\\/schema.org\",\"@graph\":[{\"@type\":\"WebPage\",\"@id\":\"https:\\\/\\\/sites.uef.fi\\\/fine\\\/etusivu\\\/pienpolttosimulaattori-simo\\\/?lang=fi\",\"url\":\"https:\\\/\\\/sites.uef.fi\\\/fine\\\/etusivu\\\/pienpolttosimulaattori-simo\\\/?lang=fi\",\"name\":\"Pienpolttosimulaattori (SIMO) - Fine Particle and Aerosol Technology Laboratory\",\"isPartOf\":{\"@id\":\"https:\\\/\\\/sites.uef.fi\\\/fine\\\/#website\"},\"primaryImageOfPage\":{\"@id\":\"https:\\\/\\\/sites.uef.fi\\\/fine\\\/etusivu\\\/pienpolttosimulaattori-simo\\\/?lang=fi#primaryimage\"},\"image\":{\"@id\":\"https:\\\/\\\/sites.uef.fi\\\/fine\\\/etusivu\\\/pienpolttosimulaattori-simo\\\/?lang=fi#primaryimage\"},\"thumbnailUrl\":\"https:\\\/\\\/sites.uef.fi\\\/fine\\\/wp-content\\\/uploads\\\/sites\\\/158\\\/2021\\\/01\\\/SIMO1-300x225.jpg\",\"datePublished\":\"2021-01-28T09:32:06+00:00\",\"dateModified\":\"2023-11-07T12:57:30+00:00\",\"breadcrumb\":{\"@id\":\"https:\\\/\\\/sites.uef.fi\\\/fine\\\/etusivu\\\/pienpolttosimulaattori-simo\\\/?lang=fi#breadcrumb\"},\"inLanguage\":\"en-US\",\"potentialAction\":[{\"@type\":\"ReadAction\",\"target\":[\"https:\\\/\\\/sites.uef.fi\\\/fine\\\/etusivu\\\/pienpolttosimulaattori-simo\\\/?lang=fi\"]}]},{\"@type\":\"ImageObject\",\"inLanguage\":\"en-US\",\"@id\":\"https:\\\/\\\/sites.uef.fi\\\/fine\\\/etusivu\\\/pienpolttosimulaattori-simo\\\/?lang=fi#primaryimage\",\"url\":\"https:\\\/\\\/sites.uef.fi\\\/fine\\\/wp-content\\\/uploads\\\/sites\\\/158\\\/2021\\\/01\\\/SIMO1.jpg\",\"contentUrl\":\"https:\\\/\\\/sites.uef.fi\\\/fine\\\/wp-content\\\/uploads\\\/sites\\\/158\\\/2021\\\/01\\\/SIMO1.jpg\",\"width\":947,\"height\":710,\"caption\":\"SIMO Residential Wood Combustion Simulator\"},{\"@type\":\"BreadcrumbList\",\"@id\":\"https:\\\/\\\/sites.uef.fi\\\/fine\\\/etusivu\\\/pienpolttosimulaattori-simo\\\/?lang=fi#breadcrumb\",\"itemListElement\":[{\"@type\":\"ListItem\",\"position\":1,\"name\":\"Home\",\"item\":\"https:\\\/\\\/sites.uef.fi\\\/fine\\\/\"},{\"@type\":\"ListItem\",\"position\":2,\"name\":\"Etusivu\",\"item\":\"https:\\\/\\\/sites.uef.fi\\\/fine\\\/?lang=fi\"},{\"@type\":\"ListItem\",\"position\":3,\"name\":\"Pienpolttosimulaattori (SIMO)\"}]},{\"@type\":\"WebSite\",\"@id\":\"https:\\\/\\\/sites.uef.fi\\\/fine\\\/#website\",\"url\":\"https:\\\/\\\/sites.uef.fi\\\/fine\\\/\",\"name\":\"Fine Particle and Aerosol Technology Laboratory\",\"description\":\"\",\"potentialAction\":[{\"@type\":\"SearchAction\",\"target\":{\"@type\":\"EntryPoint\",\"urlTemplate\":\"https:\\\/\\\/sites.uef.fi\\\/fine\\\/?s={search_term_string}\"},\"query-input\":{\"@type\":\"PropertyValueSpecification\",\"valueRequired\":true,\"valueName\":\"search_term_string\"}}],\"inLanguage\":\"en-US\"}]}<\/script>\n<!-- \/ Yoast SEO plugin. -->","yoast_head_json":{"title":"Pienpolttosimulaattori (SIMO) - Fine Particle and Aerosol Technology Laboratory","robots":{"index":"index","follow":"follow","max-snippet":"max-snippet:-1","max-image-preview":"max-image-preview:large","max-video-preview":"max-video-preview:-1"},"canonical":"https:\/\/sites.uef.fi\/fine\/etusivu\/pienpolttosimulaattori-simo\/?lang=fi","og_locale":"en_US","og_type":"article","og_title":"Pienpolttosimulaattori (SIMO) - Fine Particle and Aerosol Technology Laboratory","og_description":"Pienpolttosimulaattori (SIMO) on ainutlaatuinen konsepti tutkia puun pienpolttolaitteiden p\u00e4\u00e4st\u00f6j\u00e4, energiatehokkuutta ja toimintaa osana pientaloa. Simulaattorilla vauhditetaan tulisijojen kehitysty\u00f6t\u00e4 ja edistet\u00e4\u00e4n puun k\u00e4ytt\u00f6\u00e4 uusiutuvana energial\u00e4hteen\u00e4 p\u00e4\u00e4st\u00f6t halliten. Suomalainen nauttii arjen pienist\u00e4 hetkist\u00e4 takkatulen loimutessa ja puukiukaan l\u00f6ylyiss\u00e4. Suomessa puun pienpoltto on kuitenkin suurin p\u00e4\u00e4st\u00f6l\u00e4hde pienhiukkasille, jotka ovat ihmisten terveydelle haitallisia. Lis\u00e4ksi tulisijojen aiheuttamat nokip\u00e4\u00e4st\u00f6t ovat pohjoisilla [&hellip;]","og_url":"https:\/\/sites.uef.fi\/fine\/etusivu\/pienpolttosimulaattori-simo\/?lang=fi","og_site_name":"Fine Particle and Aerosol Technology Laboratory","article_modified_time":"2023-11-07T12:57:30+00:00","og_image":[{"url":"https:\/\/sites.uef.fi\/fine\/wp-content\/uploads\/sites\/158\/2021\/01\/SIMO1-300x225.jpg","type":"","width":"","height":""}],"twitter_card":"summary_large_image","twitter_misc":{"Est. reading time":"1 minute"},"schema":{"@context":"https:\/\/schema.org","@graph":[{"@type":"WebPage","@id":"https:\/\/sites.uef.fi\/fine\/etusivu\/pienpolttosimulaattori-simo\/?lang=fi","url":"https:\/\/sites.uef.fi\/fine\/etusivu\/pienpolttosimulaattori-simo\/?lang=fi","name":"Pienpolttosimulaattori (SIMO) - Fine Particle and Aerosol Technology Laboratory","isPartOf":{"@id":"https:\/\/sites.uef.fi\/fine\/#website"},"primaryImageOfPage":{"@id":"https:\/\/sites.uef.fi\/fine\/etusivu\/pienpolttosimulaattori-simo\/?lang=fi#primaryimage"},"image":{"@id":"https:\/\/sites.uef.fi\/fine\/etusivu\/pienpolttosimulaattori-simo\/?lang=fi#primaryimage"},"thumbnailUrl":"https:\/\/sites.uef.fi\/fine\/wp-content\/uploads\/sites\/158\/2021\/01\/SIMO1-300x225.jpg","datePublished":"2021-01-28T09:32:06+00:00","dateModified":"2023-11-07T12:57:30+00:00","breadcrumb":{"@id":"https:\/\/sites.uef.fi\/fine\/etusivu\/pienpolttosimulaattori-simo\/?lang=fi#breadcrumb"},"inLanguage":"en-US","potentialAction":[{"@type":"ReadAction","target":["https:\/\/sites.uef.fi\/fine\/etusivu\/pienpolttosimulaattori-simo\/?lang=fi"]}]},{"@type":"ImageObject","inLanguage":"en-US","@id":"https:\/\/sites.uef.fi\/fine\/etusivu\/pienpolttosimulaattori-simo\/?lang=fi#primaryimage","url":"https:\/\/sites.uef.fi\/fine\/wp-content\/uploads\/sites\/158\/2021\/01\/SIMO1.jpg","contentUrl":"https:\/\/sites.uef.fi\/fine\/wp-content\/uploads\/sites\/158\/2021\/01\/SIMO1.jpg","width":947,"height":710,"caption":"SIMO Residential Wood Combustion Simulator"},{"@type":"BreadcrumbList","@id":"https:\/\/sites.uef.fi\/fine\/etusivu\/pienpolttosimulaattori-simo\/?lang=fi#breadcrumb","itemListElement":[{"@type":"ListItem","position":1,"name":"Home","item":"https:\/\/sites.uef.fi\/fine\/"},{"@type":"ListItem","position":2,"name":"Etusivu","item":"https:\/\/sites.uef.fi\/fine\/?lang=fi"},{"@type":"ListItem","position":3,"name":"Pienpolttosimulaattori (SIMO)"}]},{"@type":"WebSite","@id":"https:\/\/sites.uef.fi\/fine\/#website","url":"https:\/\/sites.uef.fi\/fine\/","name":"Fine Particle and Aerosol Technology Laboratory","description":"","potentialAction":[{"@type":"SearchAction","target":{"@type":"EntryPoint","urlTemplate":"https:\/\/sites.uef.fi\/fine\/?s={search_term_string}"},"query-input":{"@type":"PropertyValueSpecification","valueRequired":true,"valueName":"search_term_string"}}],"inLanguage":"en-US"}]}},"_links":{"self":[{"href":"https:\/\/sites.uef.fi\/fine\/wp-json\/wp\/v2\/pages\/1533","targetHints":{"allow":["GET"]}}],"collection":[{"href":"https:\/\/sites.uef.fi\/fine\/wp-json\/wp\/v2\/pages"}],"about":[{"href":"https:\/\/sites.uef.fi\/fine\/wp-json\/wp\/v2\/types\/page"}],"author":[{"embeddable":true,"href":"https:\/\/sites.uef.fi\/fine\/wp-json\/wp\/v2\/users\/246"}],"replies":[{"embeddable":true,"href":"https:\/\/sites.uef.fi\/fine\/wp-json\/wp\/v2\/comments?post=1533"}],"version-history":[{"count":2,"href":"https:\/\/sites.uef.fi\/fine\/wp-json\/wp\/v2\/pages\/1533\/revisions"}],"predecessor-version":[{"id":2782,"href":"https:\/\/sites.uef.fi\/fine\/wp-json\/wp\/v2\/pages\/1533\/revisions\/2782"}],"up":[{"embeddable":true,"href":"https:\/\/sites.uef.fi\/fine\/wp-json\/wp\/v2\/pages\/38"}],"wp:attachment":[{"href":"https:\/\/sites.uef.fi\/fine\/wp-json\/wp\/v2\/media?parent=1533"}],"curies":[{"name":"wp","href":"https:\/\/api.w.org\/{rel}","templated":true}]}}