{"id":1597,"date":"2021-01-28T13:01:50","date_gmt":"2021-01-28T11:01:50","guid":{"rendered":"https:\/\/sites.uef.fi\/fine\/?page_id=1597"},"modified":"2023-11-07T15:18:10","modified_gmt":"2023-11-07T13:18:10","slug":"pienpolttosimulaattori","status":"publish","type":"page","link":"https:\/\/sites.uef.fi\/fine\/etusivu\/projektit\/pienpolttosimulaattori\/?lang=fi","title":{"rendered":"PIENPOLTTOSIMULAATTORI"},"content":{"rendered":"\n<p>Vauhtia puun pienpolttolaitteiden kehitykseen<\/p>\n\n\n\n<p>Pohjois-Savon Liiton, It\u00e4-Suomen yliopiston, Savonia-ammattikorkeakoulun sek\u00e4 yritysten toteuttama kehityshanke (A72189 ja A72192)<\/p>\n\n\n\n<p>Kesto: 1.10.2016-31.5.2019.<\/p>\n\n\n\n<p>Hankkeessa luotiin uudenlainen toimintamalli tutkimuslaitosten ja yritysten v\u00e4liseen tulisijoihin liittyv\u00e4\u00e4n TKI-toimintaan. Toiminta keskittyi mobiilin testauslaboratorion kehitt\u00e4miseen, jossa yritysideoita, pilotointeja, p\u00e4\u00e4st\u00f6testauksia ja koulutusta on helppo, nopea ja yksinkertainen toteuttaa kustannustehokkaasti. Pienpolttosimulaattorin avulla parannetaan tulisijojen polttotekniikkaa, testataan tulisijojen automatisointia ja \u00e4lyk\u00e4st\u00e4 teknologiaa sek\u00e4 v\u00e4hennet\u00e4\u00e4n nokip\u00e4\u00e4st\u00f6j\u00e4. Hanke tuottaa uusia ideoita uusiutuvan energian ja energiatehokkaiden ratkaisujen kehitt\u00e4miseksi ja kaupallistamiseksi yrityksiss\u00e4.<\/p>\n\n\n\n<p>Kiinnostaako tutkimus tai testaustoiminta pienpolttosimulaattorissa. <a href=\"https:\/\/sites.uef.fi\/fine\/etusivu\/pienpolttosimulaattori-simo\/?lang=fi\">Lue lis\u00e4\u00e4 (linkki pienpolttosimulaattorin sivuille).<\/a><\/p>\n\n\n\n<p><a href=\"https:\/\/www.youtube.com\/watch?v=5Om36quWugw&amp;feature=youtu.be\">Linkki simulaattorin esittelyvideoon.&nbsp;<\/a><\/p>\n\n\n\n<p><a href=\"https:\/\/sites.uef.fi\/fine\/wp-content\/uploads\/sites\/158\/2020\/11\/pienpolttosimulaattori_posteri.pdf\">Linkki simulaattorin esittelyposteriin.<\/a><\/p>\n\n\n\n<p>Ota yhteytt\u00e4!<\/p>\n\n\n\n<p>Yliopistotutkija Jarkko Tissari, It\u00e4-Suomen yliopisto, pienhiukkas- ja aerosoliteknologian laboratorio, p. 040 355 3237, jarkko.tissari(at)uef.fi<\/p>\n","protected":false},"excerpt":{"rendered":"<p>Vauhtia puun pienpolttolaitteiden kehitykseen Pohjois-Savon Liiton, It\u00e4-Suomen yliopiston, Savonia-ammattikorkeakoulun sek\u00e4 yritysten toteuttama kehityshanke (A72189 ja A72192) Kesto: 1.10.2016-31.5.2019. Hankkeessa luotiin uudenlainen toimintamalli tutkimuslaitosten ja yritysten v\u00e4liseen tulisijoihin liittyv\u00e4\u00e4n TKI-toimintaan. Toiminta keskittyi mobiilin testauslaboratorion kehitt\u00e4miseen, jossa yritysideoita, pilotointeja, p\u00e4\u00e4st\u00f6testauksia ja koulutusta on helppo, nopea ja yksinkertainen toteuttaa kustannustehokkaasti. Pienpolttosimulaattorin avulla parannetaan tulisijojen polttotekniikkaa, testataan tulisijojen automatisointia [&hellip;]<\/p>\n","protected":false},"author":246,"featured_media":0,"parent":1449,"menu_order":16,"comment_status":"closed","ping_status":"closed","template":"","meta":{"_acf_changed":false,"footnotes":""},"class_list":["post-1597","page","type-page","status-publish","hentry"],"acf":[],"yoast_head":"<!-- This site is optimized with the Yoast SEO plugin v27.1.1 - https:\/\/yoast.com\/product\/yoast-seo-wordpress\/ -->\n<title>PIENPOLTTOSIMULAATTORI - Fine Particle and Aerosol Technology Laboratory<\/title>\n<meta name=\"robots\" content=\"index, follow, max-snippet:-1, max-image-preview:large, max-video-preview:-1\" \/>\n<link rel=\"canonical\" href=\"https:\/\/sites.uef.fi\/fine\/etusivu\/projektit\/pienpolttosimulaattori\/?lang=fi\" \/>\n<meta property=\"og:locale\" content=\"en_US\" \/>\n<meta property=\"og:type\" content=\"article\" \/>\n<meta property=\"og:title\" content=\"PIENPOLTTOSIMULAATTORI - Fine Particle and Aerosol Technology Laboratory\" \/>\n<meta property=\"og:description\" content=\"Vauhtia puun pienpolttolaitteiden kehitykseen Pohjois-Savon Liiton, It\u00e4-Suomen yliopiston, Savonia-ammattikorkeakoulun sek\u00e4 yritysten toteuttama kehityshanke (A72189 ja A72192) Kesto: 1.10.2016-31.5.2019. Hankkeessa luotiin uudenlainen toimintamalli tutkimuslaitosten ja yritysten v\u00e4liseen tulisijoihin liittyv\u00e4\u00e4n TKI-toimintaan. Toiminta keskittyi mobiilin testauslaboratorion kehitt\u00e4miseen, jossa yritysideoita, pilotointeja, p\u00e4\u00e4st\u00f6testauksia ja koulutusta on helppo, nopea ja yksinkertainen toteuttaa kustannustehokkaasti. Pienpolttosimulaattorin avulla parannetaan tulisijojen polttotekniikkaa, testataan tulisijojen automatisointia [&hellip;]\" \/>\n<meta property=\"og:url\" content=\"https:\/\/sites.uef.fi\/fine\/etusivu\/projektit\/pienpolttosimulaattori\/?lang=fi\" \/>\n<meta property=\"og:site_name\" content=\"Fine Particle and Aerosol Technology Laboratory\" \/>\n<meta property=\"article:modified_time\" content=\"2023-11-07T13:18:10+00:00\" \/>\n<meta name=\"twitter:card\" content=\"summary_large_image\" \/>\n<meta name=\"twitter:label1\" content=\"Est. reading time\" \/>\n\t<meta name=\"twitter:data1\" content=\"1 minute\" \/>\n<script type=\"application\/ld+json\" class=\"yoast-schema-graph\">{\"@context\":\"https:\/\/schema.org\",\"@graph\":[{\"@type\":\"WebPage\",\"@id\":\"https:\/\/sites.uef.fi\/fine\/etusivu\/projektit\/pienpolttosimulaattori\/?lang=fi\",\"url\":\"https:\/\/sites.uef.fi\/fine\/etusivu\/projektit\/pienpolttosimulaattori\/?lang=fi\",\"name\":\"PIENPOLTTOSIMULAATTORI - Fine Particle and Aerosol Technology Laboratory\",\"isPartOf\":{\"@id\":\"https:\/\/sites.uef.fi\/fine\/#website\"},\"datePublished\":\"2021-01-28T11:01:50+00:00\",\"dateModified\":\"2023-11-07T13:18:10+00:00\",\"breadcrumb\":{\"@id\":\"https:\/\/sites.uef.fi\/fine\/etusivu\/projektit\/pienpolttosimulaattori\/?lang=fi#breadcrumb\"},\"inLanguage\":\"en-US\",\"potentialAction\":[{\"@type\":\"ReadAction\",\"target\":[\"https:\/\/sites.uef.fi\/fine\/etusivu\/projektit\/pienpolttosimulaattori\/?lang=fi\"]}]},{\"@type\":\"BreadcrumbList\",\"@id\":\"https:\/\/sites.uef.fi\/fine\/etusivu\/projektit\/pienpolttosimulaattori\/?lang=fi#breadcrumb\",\"itemListElement\":[{\"@type\":\"ListItem\",\"position\":1,\"name\":\"Home\",\"item\":\"https:\/\/sites.uef.fi\/fine\/\"},{\"@type\":\"ListItem\",\"position\":2,\"name\":\"Etusivu\",\"item\":\"https:\/\/sites.uef.fi\/fine\/?lang=fi\"},{\"@type\":\"ListItem\",\"position\":3,\"name\":\"Projektit\",\"item\":\"https:\/\/sites.uef.fi\/fine\/etusivu\/projektit\/?lang=fi\"},{\"@type\":\"ListItem\",\"position\":4,\"name\":\"PIENPOLTTOSIMULAATTORI\"}]},{\"@type\":\"WebSite\",\"@id\":\"https:\/\/sites.uef.fi\/fine\/#website\",\"url\":\"https:\/\/sites.uef.fi\/fine\/\",\"name\":\"Fine Particle and Aerosol Technology Laboratory\",\"description\":\"\",\"potentialAction\":[{\"@type\":\"SearchAction\",\"target\":{\"@type\":\"EntryPoint\",\"urlTemplate\":\"https:\/\/sites.uef.fi\/fine\/?s={search_term_string}\"},\"query-input\":{\"@type\":\"PropertyValueSpecification\",\"valueRequired\":true,\"valueName\":\"search_term_string\"}}],\"inLanguage\":\"en-US\"}]}<\/script>\n<!-- \/ Yoast SEO plugin. -->","yoast_head_json":{"title":"PIENPOLTTOSIMULAATTORI - Fine Particle and Aerosol Technology Laboratory","robots":{"index":"index","follow":"follow","max-snippet":"max-snippet:-1","max-image-preview":"max-image-preview:large","max-video-preview":"max-video-preview:-1"},"canonical":"https:\/\/sites.uef.fi\/fine\/etusivu\/projektit\/pienpolttosimulaattori\/?lang=fi","og_locale":"en_US","og_type":"article","og_title":"PIENPOLTTOSIMULAATTORI - Fine Particle and Aerosol Technology Laboratory","og_description":"Vauhtia puun pienpolttolaitteiden kehitykseen Pohjois-Savon Liiton, It\u00e4-Suomen yliopiston, Savonia-ammattikorkeakoulun sek\u00e4 yritysten toteuttama kehityshanke (A72189 ja A72192) Kesto: 1.10.2016-31.5.2019. Hankkeessa luotiin uudenlainen toimintamalli tutkimuslaitosten ja yritysten v\u00e4liseen tulisijoihin liittyv\u00e4\u00e4n TKI-toimintaan. Toiminta keskittyi mobiilin testauslaboratorion kehitt\u00e4miseen, jossa yritysideoita, pilotointeja, p\u00e4\u00e4st\u00f6testauksia ja koulutusta on helppo, nopea ja yksinkertainen toteuttaa kustannustehokkaasti. Pienpolttosimulaattorin avulla parannetaan tulisijojen polttotekniikkaa, testataan tulisijojen automatisointia [&hellip;]","og_url":"https:\/\/sites.uef.fi\/fine\/etusivu\/projektit\/pienpolttosimulaattori\/?lang=fi","og_site_name":"Fine Particle and Aerosol Technology Laboratory","article_modified_time":"2023-11-07T13:18:10+00:00","twitter_card":"summary_large_image","twitter_misc":{"Est. reading time":"1 minute"},"schema":{"@context":"https:\/\/schema.org","@graph":[{"@type":"WebPage","@id":"https:\/\/sites.uef.fi\/fine\/etusivu\/projektit\/pienpolttosimulaattori\/?lang=fi","url":"https:\/\/sites.uef.fi\/fine\/etusivu\/projektit\/pienpolttosimulaattori\/?lang=fi","name":"PIENPOLTTOSIMULAATTORI - Fine Particle and Aerosol Technology Laboratory","isPartOf":{"@id":"https:\/\/sites.uef.fi\/fine\/#website"},"datePublished":"2021-01-28T11:01:50+00:00","dateModified":"2023-11-07T13:18:10+00:00","breadcrumb":{"@id":"https:\/\/sites.uef.fi\/fine\/etusivu\/projektit\/pienpolttosimulaattori\/?lang=fi#breadcrumb"},"inLanguage":"en-US","potentialAction":[{"@type":"ReadAction","target":["https:\/\/sites.uef.fi\/fine\/etusivu\/projektit\/pienpolttosimulaattori\/?lang=fi"]}]},{"@type":"BreadcrumbList","@id":"https:\/\/sites.uef.fi\/fine\/etusivu\/projektit\/pienpolttosimulaattori\/?lang=fi#breadcrumb","itemListElement":[{"@type":"ListItem","position":1,"name":"Home","item":"https:\/\/sites.uef.fi\/fine\/"},{"@type":"ListItem","position":2,"name":"Etusivu","item":"https:\/\/sites.uef.fi\/fine\/?lang=fi"},{"@type":"ListItem","position":3,"name":"Projektit","item":"https:\/\/sites.uef.fi\/fine\/etusivu\/projektit\/?lang=fi"},{"@type":"ListItem","position":4,"name":"PIENPOLTTOSIMULAATTORI"}]},{"@type":"WebSite","@id":"https:\/\/sites.uef.fi\/fine\/#website","url":"https:\/\/sites.uef.fi\/fine\/","name":"Fine Particle and Aerosol Technology Laboratory","description":"","potentialAction":[{"@type":"SearchAction","target":{"@type":"EntryPoint","urlTemplate":"https:\/\/sites.uef.fi\/fine\/?s={search_term_string}"},"query-input":{"@type":"PropertyValueSpecification","valueRequired":true,"valueName":"search_term_string"}}],"inLanguage":"en-US"}]}},"_links":{"self":[{"href":"https:\/\/sites.uef.fi\/fine\/wp-json\/wp\/v2\/pages\/1597","targetHints":{"allow":["GET"]}}],"collection":[{"href":"https:\/\/sites.uef.fi\/fine\/wp-json\/wp\/v2\/pages"}],"about":[{"href":"https:\/\/sites.uef.fi\/fine\/wp-json\/wp\/v2\/types\/page"}],"author":[{"embeddable":true,"href":"https:\/\/sites.uef.fi\/fine\/wp-json\/wp\/v2\/users\/246"}],"replies":[{"embeddable":true,"href":"https:\/\/sites.uef.fi\/fine\/wp-json\/wp\/v2\/comments?post=1597"}],"version-history":[{"count":2,"href":"https:\/\/sites.uef.fi\/fine\/wp-json\/wp\/v2\/pages\/1597\/revisions"}],"predecessor-version":[{"id":2827,"href":"https:\/\/sites.uef.fi\/fine\/wp-json\/wp\/v2\/pages\/1597\/revisions\/2827"}],"up":[{"embeddable":true,"href":"https:\/\/sites.uef.fi\/fine\/wp-json\/wp\/v2\/pages\/1449"}],"wp:attachment":[{"href":"https:\/\/sites.uef.fi\/fine\/wp-json\/wp\/v2\/media?parent=1597"}],"curies":[{"name":"wp","href":"https:\/\/api.w.org\/{rel}","templated":true}]}}