{"id":1666,"date":"2021-01-29T09:43:41","date_gmt":"2021-01-29T07:43:41","guid":{"rendered":"https:\/\/sites.uef.fi\/fine\/?page_id=1666"},"modified":"2021-01-29T09:43:41","modified_gmt":"2021-01-29T07:43:41","slug":"simo-articles-and-presentations","status":"publish","type":"page","link":"https:\/\/sites.uef.fi\/fine\/front-page\/simo\/simo-articles-and-presentations\/","title":{"rendered":"SIMO articles and presentations"},"content":{"rendered":"<h1>SIMO articles and presentations<\/h1>\n<p><span>Tissari J., V\u00e4\u00e4t\u00e4inen S., Leskinen J., Savolahti M., Lamberg H., Kortelainen M., Karvosenoja N. &amp; Sippula O. 2019, \u201cFine Particle Emissions from Sauna Stoves: Effects of Combustion Appliance and Fuel, and Implications for the Finnish Emission Inventory\u201d, Atmosphere 2019, 10, 775. (<a href=\"https:\/\/www.mdpi.com\/2073-4433\/10\/12\/775\">link to the article<\/a>)<\/span><\/p>\n<p><span>Puul\u00e4mp\u00f6p\u00e4ivien esitys (in Finnish)<\/span><\/p>\n<p><span>Liekkip\u00e4ivien esitys (in Finnish)<\/span><\/p>\n","protected":false},"excerpt":{"rendered":"<p>SIMO articles and presentations Tissari J., V\u00e4\u00e4t\u00e4inen S., Leskinen J., Savolahti M., Lamberg H., Kortelainen M., Karvosenoja N. &amp; Sippula O. 2019, \u201cFine Particle Emissions from Sauna Stoves: Effects of Combustion Appliance and Fuel, and Implications for the Finnish Emission Inventory\u201d, Atmosphere 2019, 10, 775. (link to the article) Puul\u00e4mp\u00f6p\u00e4ivien esitys (in Finnish) Liekkip\u00e4ivien esitys [&hellip;]<\/p>\n","protected":false},"author":246,"featured_media":0,"parent":160,"menu_order":2,"comment_status":"closed","ping_status":"closed","template":"","meta":{"_acf_changed":false,"footnotes":""},"class_list":["post-1666","page","type-page","status-publish","hentry"],"acf":[],"yoast_head":"<!-- This site is optimized with the Yoast SEO plugin v27.3 - https:\/\/yoast.com\/product\/yoast-seo-wordpress\/ -->\n<title>SIMO articles and presentations - Fine Particle and Aerosol Technology Laboratory<\/title>\n<meta name=\"robots\" content=\"index, follow, max-snippet:-1, max-image-preview:large, max-video-preview:-1\" \/>\n<link rel=\"canonical\" href=\"https:\/\/sites.uef.fi\/fine\/front-page\/simo\/simo-articles-and-presentations\/\" \/>\n<meta property=\"og:locale\" content=\"en_US\" \/>\n<meta property=\"og:type\" content=\"article\" \/>\n<meta property=\"og:title\" content=\"SIMO articles and presentations - Fine Particle and Aerosol Technology Laboratory\" \/>\n<meta property=\"og:description\" content=\"SIMO articles and presentations Tissari J., V\u00e4\u00e4t\u00e4inen S., Leskinen J., Savolahti M., Lamberg H., Kortelainen M., Karvosenoja N. &amp; Sippula O. 2019, \u201cFine Particle Emissions from Sauna Stoves: Effects of Combustion Appliance and Fuel, and Implications for the Finnish Emission Inventory\u201d, Atmosphere 2019, 10, 775. (link to the article) Puul\u00e4mp\u00f6p\u00e4ivien esitys (in Finnish) Liekkip\u00e4ivien esitys [&hellip;]\" \/>\n<meta property=\"og:url\" content=\"https:\/\/sites.uef.fi\/fine\/front-page\/simo\/simo-articles-and-presentations\/\" \/>\n<meta property=\"og:site_name\" content=\"Fine Particle and Aerosol Technology Laboratory\" \/>\n<meta name=\"twitter:card\" content=\"summary_large_image\" \/>\n<script type=\"application\/ld+json\" class=\"yoast-schema-graph\">{\"@context\":\"https:\\\/\\\/schema.org\",\"@graph\":[{\"@type\":\"WebPage\",\"@id\":\"https:\\\/\\\/sites.uef.fi\\\/fine\\\/front-page\\\/simo\\\/simo-articles-and-presentations\\\/\",\"url\":\"https:\\\/\\\/sites.uef.fi\\\/fine\\\/front-page\\\/simo\\\/simo-articles-and-presentations\\\/\",\"name\":\"SIMO articles and presentations - Fine Particle and Aerosol Technology Laboratory\",\"isPartOf\":{\"@id\":\"https:\\\/\\\/sites.uef.fi\\\/fine\\\/#website\"},\"datePublished\":\"2021-01-29T07:43:41+00:00\",\"breadcrumb\":{\"@id\":\"https:\\\/\\\/sites.uef.fi\\\/fine\\\/front-page\\\/simo\\\/simo-articles-and-presentations\\\/#breadcrumb\"},\"inLanguage\":\"en-US\",\"potentialAction\":[{\"@type\":\"ReadAction\",\"target\":[\"https:\\\/\\\/sites.uef.fi\\\/fine\\\/front-page\\\/simo\\\/simo-articles-and-presentations\\\/\"]}]},{\"@type\":\"BreadcrumbList\",\"@id\":\"https:\\\/\\\/sites.uef.fi\\\/fine\\\/front-page\\\/simo\\\/simo-articles-and-presentations\\\/#breadcrumb\",\"itemListElement\":[{\"@type\":\"ListItem\",\"position\":1,\"name\":\"Home\",\"item\":\"https:\\\/\\\/sites.uef.fi\\\/fine\\\/\"},{\"@type\":\"ListItem\",\"position\":2,\"name\":\"Front page\",\"item\":\"https:\\\/\\\/sites.uef.fi\\\/fine\\\/\"},{\"@type\":\"ListItem\",\"position\":3,\"name\":\"SIMO\",\"item\":\"https:\\\/\\\/sites.uef.fi\\\/fine\\\/front-page\\\/simo\\\/\"},{\"@type\":\"ListItem\",\"position\":4,\"name\":\"SIMO articles and presentations\"}]},{\"@type\":\"WebSite\",\"@id\":\"https:\\\/\\\/sites.uef.fi\\\/fine\\\/#website\",\"url\":\"https:\\\/\\\/sites.uef.fi\\\/fine\\\/\",\"name\":\"Fine Particle and Aerosol Technology Laboratory\",\"description\":\"\",\"potentialAction\":[{\"@type\":\"SearchAction\",\"target\":{\"@type\":\"EntryPoint\",\"urlTemplate\":\"https:\\\/\\\/sites.uef.fi\\\/fine\\\/?s={search_term_string}\"},\"query-input\":{\"@type\":\"PropertyValueSpecification\",\"valueRequired\":true,\"valueName\":\"search_term_string\"}}],\"inLanguage\":\"en-US\"}]}<\/script>\n<!-- \/ Yoast SEO plugin. -->","yoast_head_json":{"title":"SIMO articles and presentations - Fine Particle and Aerosol Technology Laboratory","robots":{"index":"index","follow":"follow","max-snippet":"max-snippet:-1","max-image-preview":"max-image-preview:large","max-video-preview":"max-video-preview:-1"},"canonical":"https:\/\/sites.uef.fi\/fine\/front-page\/simo\/simo-articles-and-presentations\/","og_locale":"en_US","og_type":"article","og_title":"SIMO articles and presentations - Fine Particle and Aerosol Technology Laboratory","og_description":"SIMO articles and presentations Tissari J., V\u00e4\u00e4t\u00e4inen S., Leskinen J., Savolahti M., Lamberg H., Kortelainen M., Karvosenoja N. &amp; Sippula O. 2019, \u201cFine Particle Emissions from Sauna Stoves: Effects of Combustion Appliance and Fuel, and Implications for the Finnish Emission Inventory\u201d, Atmosphere 2019, 10, 775. (link to the article) Puul\u00e4mp\u00f6p\u00e4ivien esitys (in Finnish) Liekkip\u00e4ivien esitys [&hellip;]","og_url":"https:\/\/sites.uef.fi\/fine\/front-page\/simo\/simo-articles-and-presentations\/","og_site_name":"Fine Particle and Aerosol Technology Laboratory","twitter_card":"summary_large_image","schema":{"@context":"https:\/\/schema.org","@graph":[{"@type":"WebPage","@id":"https:\/\/sites.uef.fi\/fine\/front-page\/simo\/simo-articles-and-presentations\/","url":"https:\/\/sites.uef.fi\/fine\/front-page\/simo\/simo-articles-and-presentations\/","name":"SIMO articles and presentations - Fine Particle and Aerosol Technology Laboratory","isPartOf":{"@id":"https:\/\/sites.uef.fi\/fine\/#website"},"datePublished":"2021-01-29T07:43:41+00:00","breadcrumb":{"@id":"https:\/\/sites.uef.fi\/fine\/front-page\/simo\/simo-articles-and-presentations\/#breadcrumb"},"inLanguage":"en-US","potentialAction":[{"@type":"ReadAction","target":["https:\/\/sites.uef.fi\/fine\/front-page\/simo\/simo-articles-and-presentations\/"]}]},{"@type":"BreadcrumbList","@id":"https:\/\/sites.uef.fi\/fine\/front-page\/simo\/simo-articles-and-presentations\/#breadcrumb","itemListElement":[{"@type":"ListItem","position":1,"name":"Home","item":"https:\/\/sites.uef.fi\/fine\/"},{"@type":"ListItem","position":2,"name":"Front page","item":"https:\/\/sites.uef.fi\/fine\/"},{"@type":"ListItem","position":3,"name":"SIMO","item":"https:\/\/sites.uef.fi\/fine\/front-page\/simo\/"},{"@type":"ListItem","position":4,"name":"SIMO articles and presentations"}]},{"@type":"WebSite","@id":"https:\/\/sites.uef.fi\/fine\/#website","url":"https:\/\/sites.uef.fi\/fine\/","name":"Fine Particle and Aerosol Technology Laboratory","description":"","potentialAction":[{"@type":"SearchAction","target":{"@type":"EntryPoint","urlTemplate":"https:\/\/sites.uef.fi\/fine\/?s={search_term_string}"},"query-input":{"@type":"PropertyValueSpecification","valueRequired":true,"valueName":"search_term_string"}}],"inLanguage":"en-US"}]}},"_links":{"self":[{"href":"https:\/\/sites.uef.fi\/fine\/wp-json\/wp\/v2\/pages\/1666","targetHints":{"allow":["GET"]}}],"collection":[{"href":"https:\/\/sites.uef.fi\/fine\/wp-json\/wp\/v2\/pages"}],"about":[{"href":"https:\/\/sites.uef.fi\/fine\/wp-json\/wp\/v2\/types\/page"}],"author":[{"embeddable":true,"href":"https:\/\/sites.uef.fi\/fine\/wp-json\/wp\/v2\/users\/246"}],"replies":[{"embeddable":true,"href":"https:\/\/sites.uef.fi\/fine\/wp-json\/wp\/v2\/comments?post=1666"}],"version-history":[{"count":1,"href":"https:\/\/sites.uef.fi\/fine\/wp-json\/wp\/v2\/pages\/1666\/revisions"}],"predecessor-version":[{"id":1669,"href":"https:\/\/sites.uef.fi\/fine\/wp-json\/wp\/v2\/pages\/1666\/revisions\/1669"}],"up":[{"embeddable":true,"href":"https:\/\/sites.uef.fi\/fine\/wp-json\/wp\/v2\/pages\/160"}],"wp:attachment":[{"href":"https:\/\/sites.uef.fi\/fine\/wp-json\/wp\/v2\/media?parent=1666"}],"curies":[{"name":"wp","href":"https:\/\/api.w.org\/{rel}","templated":true}]}}