{"id":1672,"date":"2021-01-29T09:46:09","date_gmt":"2021-01-29T07:46:09","guid":{"rendered":"https:\/\/sites.uef.fi\/fine\/?page_id=1672"},"modified":"2023-11-07T15:03:35","modified_gmt":"2023-11-07T13:03:35","slug":"simo-artikkeleita-ja-esityksia","status":"publish","type":"page","link":"https:\/\/sites.uef.fi\/fine\/etusivu\/pienpolttosimulaattori-simo\/simo-artikkeleita-ja-esityksia\/?lang=fi","title":{"rendered":"SIMO artikkeleita ja esityksi\u00e4"},"content":{"rendered":"\n<figure class=\"wp-block-image\"><img loading=\"lazy\" decoding=\"async\" width=\"599\" height=\"450\" src=\"https:\/\/sites.uef.fi\/fine\/wp-content\/uploads\/sites\/158\/2020\/11\/simo_3.jpg\" alt=\"SIMO Residential Wood Combustion Simulator\" class=\"wp-image-352\" srcset=\"https:\/\/sites.uef.fi\/fine\/wp-content\/uploads\/sites\/158\/2020\/11\/simo_3.jpg 599w, https:\/\/sites.uef.fi\/fine\/wp-content\/uploads\/sites\/158\/2020\/11\/simo_3-300x225.jpg 300w\" sizes=\"auto, (max-width: 599px) 100vw, 599px\" \/><\/figure>\n\n\n\n<p>Sampsa V\u00e4\u00e4t\u00e4inen, Jani Leskinen, Heikki Lamberg, Hanna Koponen, Miika Kortelainen, Olli Sippula, Jarkko Tissari, 2023. The effects of air staging and combustion air control on black carbon and other particulate and gaseous emissions from a sauna stove, Fuel, Volume 331, Part 1 (<a href=\"https:\/\/www.sciencedirect.com\/science\/article\/pii\/S0016236122025960?via%3Dihub\">linkki artikkeliin<\/a>)<\/p>\n\n\n\n<p>Tissari J., V\u00e4\u00e4t\u00e4inen S., Leskinen J., Savolahti M., Lamberg H., Kortelainen M., Karvosenoja N. &amp; Sippula O. 2019, \u201cFine Particle Emissions from Sauna Stoves: Effects of Combustion Appliance and Fuel, and Implications for the Finnish Emission Inventory\u201d, Atmosphere 2019, 10, 775. (<a href=\"https:\/\/www.mdpi.com\/2073-4433\/10\/12\/775\">linkki artikkeliin<\/a>)<\/p>\n\n\n\n<p>Puul\u00e4mp\u00f6p\u00e4ivien esitys<\/p>\n\n\n\n<p>Liekkip\u00e4ivien esitys<\/p>\n","protected":false},"excerpt":{"rendered":"<p>Sampsa V\u00e4\u00e4t\u00e4inen, Jani Leskinen, Heikki Lamberg, Hanna Koponen, Miika Kortelainen, Olli Sippula, Jarkko Tissari, 2023. The effects of air staging and combustion air control on black carbon and other particulate and gaseous emissions from a sauna stove, Fuel, Volume 331, Part 1 (linkki artikkeliin) Tissari J., V\u00e4\u00e4t\u00e4inen S., Leskinen J., Savolahti M., Lamberg H., Kortelainen [&hellip;]<\/p>\n","protected":false},"author":246,"featured_media":0,"parent":1533,"menu_order":2,"comment_status":"closed","ping_status":"closed","template":"","meta":{"_acf_changed":false,"footnotes":""},"class_list":["post-1672","page","type-page","status-publish","hentry"],"acf":[],"yoast_head":"<!-- This site is optimized with the Yoast SEO plugin v27.3 - https:\/\/yoast.com\/product\/yoast-seo-wordpress\/ -->\n<title>SIMO artikkeleita ja esityksi\u00e4 - Fine Particle and Aerosol Technology Laboratory<\/title>\n<meta name=\"robots\" content=\"index, follow, max-snippet:-1, max-image-preview:large, max-video-preview:-1\" \/>\n<link rel=\"canonical\" href=\"https:\/\/sites.uef.fi\/fine\/etusivu\/pienpolttosimulaattori-simo\/simo-artikkeleita-ja-esityksia\/?lang=fi\" \/>\n<meta property=\"og:locale\" content=\"en_US\" \/>\n<meta property=\"og:type\" content=\"article\" \/>\n<meta property=\"og:title\" content=\"SIMO artikkeleita ja esityksi\u00e4 - Fine Particle and Aerosol Technology Laboratory\" \/>\n<meta property=\"og:description\" content=\"Sampsa V\u00e4\u00e4t\u00e4inen, Jani Leskinen, Heikki Lamberg, Hanna Koponen, Miika Kortelainen, Olli Sippula, Jarkko Tissari, 2023. The effects of air staging and combustion air control on black carbon and other particulate and gaseous emissions from a sauna stove, Fuel, Volume 331, Part 1 (linkki artikkeliin) Tissari J., V\u00e4\u00e4t\u00e4inen S., Leskinen J., Savolahti M., Lamberg H., Kortelainen [&hellip;]\" \/>\n<meta property=\"og:url\" content=\"https:\/\/sites.uef.fi\/fine\/etusivu\/pienpolttosimulaattori-simo\/simo-artikkeleita-ja-esityksia\/?lang=fi\" \/>\n<meta property=\"og:site_name\" content=\"Fine Particle and Aerosol Technology Laboratory\" \/>\n<meta property=\"article:modified_time\" content=\"2023-11-07T13:03:35+00:00\" \/>\n<meta property=\"og:image\" content=\"https:\/\/sites.uef.fi\/fine\/wp-content\/uploads\/sites\/158\/2020\/11\/simo_3.jpg\" \/>\n<meta name=\"twitter:card\" content=\"summary_large_image\" \/>\n<script type=\"application\/ld+json\" class=\"yoast-schema-graph\">{\"@context\":\"https:\\\/\\\/schema.org\",\"@graph\":[{\"@type\":\"WebPage\",\"@id\":\"https:\\\/\\\/sites.uef.fi\\\/fine\\\/etusivu\\\/pienpolttosimulaattori-simo\\\/simo-artikkeleita-ja-esityksia\\\/?lang=fi\",\"url\":\"https:\\\/\\\/sites.uef.fi\\\/fine\\\/etusivu\\\/pienpolttosimulaattori-simo\\\/simo-artikkeleita-ja-esityksia\\\/?lang=fi\",\"name\":\"SIMO artikkeleita ja esityksi\u00e4 - Fine Particle and Aerosol Technology Laboratory\",\"isPartOf\":{\"@id\":\"https:\\\/\\\/sites.uef.fi\\\/fine\\\/#website\"},\"primaryImageOfPage\":{\"@id\":\"https:\\\/\\\/sites.uef.fi\\\/fine\\\/etusivu\\\/pienpolttosimulaattori-simo\\\/simo-artikkeleita-ja-esityksia\\\/?lang=fi#primaryimage\"},\"image\":{\"@id\":\"https:\\\/\\\/sites.uef.fi\\\/fine\\\/etusivu\\\/pienpolttosimulaattori-simo\\\/simo-artikkeleita-ja-esityksia\\\/?lang=fi#primaryimage\"},\"thumbnailUrl\":\"https:\\\/\\\/sites.uef.fi\\\/fine\\\/wp-content\\\/uploads\\\/sites\\\/158\\\/2020\\\/11\\\/simo_3.jpg\",\"datePublished\":\"2021-01-29T07:46:09+00:00\",\"dateModified\":\"2023-11-07T13:03:35+00:00\",\"breadcrumb\":{\"@id\":\"https:\\\/\\\/sites.uef.fi\\\/fine\\\/etusivu\\\/pienpolttosimulaattori-simo\\\/simo-artikkeleita-ja-esityksia\\\/?lang=fi#breadcrumb\"},\"inLanguage\":\"en-US\",\"potentialAction\":[{\"@type\":\"ReadAction\",\"target\":[\"https:\\\/\\\/sites.uef.fi\\\/fine\\\/etusivu\\\/pienpolttosimulaattori-simo\\\/simo-artikkeleita-ja-esityksia\\\/?lang=fi\"]}]},{\"@type\":\"ImageObject\",\"inLanguage\":\"en-US\",\"@id\":\"https:\\\/\\\/sites.uef.fi\\\/fine\\\/etusivu\\\/pienpolttosimulaattori-simo\\\/simo-artikkeleita-ja-esityksia\\\/?lang=fi#primaryimage\",\"url\":\"https:\\\/\\\/sites.uef.fi\\\/fine\\\/wp-content\\\/uploads\\\/sites\\\/158\\\/2020\\\/11\\\/simo_3.jpg\",\"contentUrl\":\"https:\\\/\\\/sites.uef.fi\\\/fine\\\/wp-content\\\/uploads\\\/sites\\\/158\\\/2020\\\/11\\\/simo_3.jpg\",\"width\":599,\"height\":450,\"caption\":\"SIMO Residential Wood Combustion Simulator\"},{\"@type\":\"BreadcrumbList\",\"@id\":\"https:\\\/\\\/sites.uef.fi\\\/fine\\\/etusivu\\\/pienpolttosimulaattori-simo\\\/simo-artikkeleita-ja-esityksia\\\/?lang=fi#breadcrumb\",\"itemListElement\":[{\"@type\":\"ListItem\",\"position\":1,\"name\":\"Home\",\"item\":\"https:\\\/\\\/sites.uef.fi\\\/fine\\\/\"},{\"@type\":\"ListItem\",\"position\":2,\"name\":\"Etusivu\",\"item\":\"https:\\\/\\\/sites.uef.fi\\\/fine\\\/?lang=fi\"},{\"@type\":\"ListItem\",\"position\":3,\"name\":\"Pienpolttosimulaattori (SIMO)\",\"item\":\"https:\\\/\\\/sites.uef.fi\\\/fine\\\/etusivu\\\/pienpolttosimulaattori-simo\\\/?lang=fi\"},{\"@type\":\"ListItem\",\"position\":4,\"name\":\"SIMO artikkeleita ja esityksi\u00e4\"}]},{\"@type\":\"WebSite\",\"@id\":\"https:\\\/\\\/sites.uef.fi\\\/fine\\\/#website\",\"url\":\"https:\\\/\\\/sites.uef.fi\\\/fine\\\/\",\"name\":\"Fine Particle and Aerosol Technology Laboratory\",\"description\":\"\",\"potentialAction\":[{\"@type\":\"SearchAction\",\"target\":{\"@type\":\"EntryPoint\",\"urlTemplate\":\"https:\\\/\\\/sites.uef.fi\\\/fine\\\/?s={search_term_string}\"},\"query-input\":{\"@type\":\"PropertyValueSpecification\",\"valueRequired\":true,\"valueName\":\"search_term_string\"}}],\"inLanguage\":\"en-US\"}]}<\/script>\n<!-- \/ Yoast SEO plugin. -->","yoast_head_json":{"title":"SIMO artikkeleita ja esityksi\u00e4 - Fine Particle and Aerosol Technology Laboratory","robots":{"index":"index","follow":"follow","max-snippet":"max-snippet:-1","max-image-preview":"max-image-preview:large","max-video-preview":"max-video-preview:-1"},"canonical":"https:\/\/sites.uef.fi\/fine\/etusivu\/pienpolttosimulaattori-simo\/simo-artikkeleita-ja-esityksia\/?lang=fi","og_locale":"en_US","og_type":"article","og_title":"SIMO artikkeleita ja esityksi\u00e4 - Fine Particle and Aerosol Technology Laboratory","og_description":"Sampsa V\u00e4\u00e4t\u00e4inen, Jani Leskinen, Heikki Lamberg, Hanna Koponen, Miika Kortelainen, Olli Sippula, Jarkko Tissari, 2023. The effects of air staging and combustion air control on black carbon and other particulate and gaseous emissions from a sauna stove, Fuel, Volume 331, Part 1 (linkki artikkeliin) Tissari J., V\u00e4\u00e4t\u00e4inen S., Leskinen J., Savolahti M., Lamberg H., Kortelainen [&hellip;]","og_url":"https:\/\/sites.uef.fi\/fine\/etusivu\/pienpolttosimulaattori-simo\/simo-artikkeleita-ja-esityksia\/?lang=fi","og_site_name":"Fine Particle and Aerosol Technology Laboratory","article_modified_time":"2023-11-07T13:03:35+00:00","og_image":[{"url":"https:\/\/sites.uef.fi\/fine\/wp-content\/uploads\/sites\/158\/2020\/11\/simo_3.jpg","type":"","width":"","height":""}],"twitter_card":"summary_large_image","schema":{"@context":"https:\/\/schema.org","@graph":[{"@type":"WebPage","@id":"https:\/\/sites.uef.fi\/fine\/etusivu\/pienpolttosimulaattori-simo\/simo-artikkeleita-ja-esityksia\/?lang=fi","url":"https:\/\/sites.uef.fi\/fine\/etusivu\/pienpolttosimulaattori-simo\/simo-artikkeleita-ja-esityksia\/?lang=fi","name":"SIMO artikkeleita ja esityksi\u00e4 - Fine Particle and Aerosol Technology Laboratory","isPartOf":{"@id":"https:\/\/sites.uef.fi\/fine\/#website"},"primaryImageOfPage":{"@id":"https:\/\/sites.uef.fi\/fine\/etusivu\/pienpolttosimulaattori-simo\/simo-artikkeleita-ja-esityksia\/?lang=fi#primaryimage"},"image":{"@id":"https:\/\/sites.uef.fi\/fine\/etusivu\/pienpolttosimulaattori-simo\/simo-artikkeleita-ja-esityksia\/?lang=fi#primaryimage"},"thumbnailUrl":"https:\/\/sites.uef.fi\/fine\/wp-content\/uploads\/sites\/158\/2020\/11\/simo_3.jpg","datePublished":"2021-01-29T07:46:09+00:00","dateModified":"2023-11-07T13:03:35+00:00","breadcrumb":{"@id":"https:\/\/sites.uef.fi\/fine\/etusivu\/pienpolttosimulaattori-simo\/simo-artikkeleita-ja-esityksia\/?lang=fi#breadcrumb"},"inLanguage":"en-US","potentialAction":[{"@type":"ReadAction","target":["https:\/\/sites.uef.fi\/fine\/etusivu\/pienpolttosimulaattori-simo\/simo-artikkeleita-ja-esityksia\/?lang=fi"]}]},{"@type":"ImageObject","inLanguage":"en-US","@id":"https:\/\/sites.uef.fi\/fine\/etusivu\/pienpolttosimulaattori-simo\/simo-artikkeleita-ja-esityksia\/?lang=fi#primaryimage","url":"https:\/\/sites.uef.fi\/fine\/wp-content\/uploads\/sites\/158\/2020\/11\/simo_3.jpg","contentUrl":"https:\/\/sites.uef.fi\/fine\/wp-content\/uploads\/sites\/158\/2020\/11\/simo_3.jpg","width":599,"height":450,"caption":"SIMO Residential Wood Combustion Simulator"},{"@type":"BreadcrumbList","@id":"https:\/\/sites.uef.fi\/fine\/etusivu\/pienpolttosimulaattori-simo\/simo-artikkeleita-ja-esityksia\/?lang=fi#breadcrumb","itemListElement":[{"@type":"ListItem","position":1,"name":"Home","item":"https:\/\/sites.uef.fi\/fine\/"},{"@type":"ListItem","position":2,"name":"Etusivu","item":"https:\/\/sites.uef.fi\/fine\/?lang=fi"},{"@type":"ListItem","position":3,"name":"Pienpolttosimulaattori (SIMO)","item":"https:\/\/sites.uef.fi\/fine\/etusivu\/pienpolttosimulaattori-simo\/?lang=fi"},{"@type":"ListItem","position":4,"name":"SIMO artikkeleita ja esityksi\u00e4"}]},{"@type":"WebSite","@id":"https:\/\/sites.uef.fi\/fine\/#website","url":"https:\/\/sites.uef.fi\/fine\/","name":"Fine Particle and Aerosol Technology Laboratory","description":"","potentialAction":[{"@type":"SearchAction","target":{"@type":"EntryPoint","urlTemplate":"https:\/\/sites.uef.fi\/fine\/?s={search_term_string}"},"query-input":{"@type":"PropertyValueSpecification","valueRequired":true,"valueName":"search_term_string"}}],"inLanguage":"en-US"}]}},"_links":{"self":[{"href":"https:\/\/sites.uef.fi\/fine\/wp-json\/wp\/v2\/pages\/1672","targetHints":{"allow":["GET"]}}],"collection":[{"href":"https:\/\/sites.uef.fi\/fine\/wp-json\/wp\/v2\/pages"}],"about":[{"href":"https:\/\/sites.uef.fi\/fine\/wp-json\/wp\/v2\/types\/page"}],"author":[{"embeddable":true,"href":"https:\/\/sites.uef.fi\/fine\/wp-json\/wp\/v2\/users\/246"}],"replies":[{"embeddable":true,"href":"https:\/\/sites.uef.fi\/fine\/wp-json\/wp\/v2\/comments?post=1672"}],"version-history":[{"count":2,"href":"https:\/\/sites.uef.fi\/fine\/wp-json\/wp\/v2\/pages\/1672\/revisions"}],"predecessor-version":[{"id":2794,"href":"https:\/\/sites.uef.fi\/fine\/wp-json\/wp\/v2\/pages\/1672\/revisions\/2794"}],"up":[{"embeddable":true,"href":"https:\/\/sites.uef.fi\/fine\/wp-json\/wp\/v2\/pages\/1533"}],"wp:attachment":[{"href":"https:\/\/sites.uef.fi\/fine\/wp-json\/wp\/v2\/media?parent=1672"}],"curies":[{"name":"wp","href":"https:\/\/api.w.org\/{rel}","templated":true}]}}