{"id":1708,"date":"2021-01-29T10:18:15","date_gmt":"2021-01-29T08:18:15","guid":{"rendered":"https:\/\/sites.uef.fi\/fine\/?page_id=1708"},"modified":"2023-11-07T15:09:07","modified_gmt":"2023-11-07T13:09:07","slug":"puunpoltto-ohjeita","status":"publish","type":"page","link":"https:\/\/sites.uef.fi\/fine\/etusivu\/pienpolttosimulaattori-simo\/puunpoltto-ohjeita\/?lang=fi","title":{"rendered":"Puunpoltto-ohjeita"},"content":{"rendered":"\n<figure class=\"wp-block-image\"><img loading=\"lazy\" decoding=\"async\" width=\"1024\" height=\"768\" src=\"https:\/\/sites.uef.fi\/fine\/wp-content\/uploads\/sites\/158\/2020\/11\/combustion_6-1024x768.jpg\" alt=\"Wood combustion\" class=\"wp-image-972\" srcset=\"https:\/\/sites.uef.fi\/fine\/wp-content\/uploads\/sites\/158\/2020\/11\/combustion_6-1024x768.jpg 1024w, https:\/\/sites.uef.fi\/fine\/wp-content\/uploads\/sites\/158\/2020\/11\/combustion_6-300x225.jpg 300w, https:\/\/sites.uef.fi\/fine\/wp-content\/uploads\/sites\/158\/2020\/11\/combustion_6-768x576.jpg 768w, https:\/\/sites.uef.fi\/fine\/wp-content\/uploads\/sites\/158\/2020\/11\/combustion_6.jpg 1133w\" sizes=\"auto, (max-width: 1024px) 100vw, 1024px\" \/><\/figure>\n\n\n\n<p><a href=\"https:\/\/www.youtube.com\/watch?v=C9HLBMvPwQg&amp;feature=youtu.be\">\u201dSauno hiukkasen puhtaammin\u201d (linkki Youtube-videoon)<\/a><\/p>\n\n\n\n<p><a href=\"https:\/\/www.youtube.com\/watch?v=P5f-NjbhZKo\">P\u00e4\u00e4lt\u00e4 sytytys ja aloituspanoksia (linkki Youtube-videoon)<\/a><br><a href=\"https:\/\/www.youtube.com\/watch?v=rb7fRZGvoLY\">Sytytys p\u00e4\u00e4lt\u00e4 vai alta? (linkki Youtube-videoon)<\/a><br><a href=\"https:\/\/www.youtube.com\/watch?v=12VTgrrUsMI\">Hyv\u00e4t sytykkeet (linkki Youtube-videoon)<\/a><br><a href=\"https:\/\/www.youtube.com\/watch?v=oYgBC0I0ATM&amp;feature=youtu.be\">Puun polton hiukkaset ja niiden koko (linkki Youtube-videoon)<\/a><br><a href=\"https:\/\/www.youtube.com\/watch?v=ay0KCLDD_dA\">Laudeliinojen poltto (linkki Youtube-videoon)<\/a><br><a href=\"https:\/\/www.youtube.com\/watch?v=k5WpRQAKyRg\">Tulisijan veto-olot (linkki Youtube-videoon)<\/a><\/p>\n","protected":false},"excerpt":{"rendered":"<p>\u201dSauno hiukkasen puhtaammin\u201d (linkki Youtube-videoon) P\u00e4\u00e4lt\u00e4 sytytys ja aloituspanoksia (linkki Youtube-videoon)Sytytys p\u00e4\u00e4lt\u00e4 vai alta? (linkki Youtube-videoon)Hyv\u00e4t sytykkeet (linkki Youtube-videoon)Puun polton hiukkaset ja niiden koko (linkki Youtube-videoon)Laudeliinojen poltto (linkki Youtube-videoon)Tulisijan veto-olot (linkki Youtube-videoon)<\/p>\n","protected":false},"author":246,"featured_media":0,"parent":1533,"menu_order":4,"comment_status":"closed","ping_status":"closed","template":"","meta":{"_acf_changed":false,"footnotes":""},"class_list":["post-1708","page","type-page","status-publish","hentry"],"acf":[],"yoast_head":"<!-- This site is optimized with the Yoast SEO plugin v27.3 - https:\/\/yoast.com\/product\/yoast-seo-wordpress\/ -->\n<title>Puunpoltto-ohjeita - Fine Particle and Aerosol Technology Laboratory<\/title>\n<meta name=\"robots\" content=\"index, follow, max-snippet:-1, max-image-preview:large, max-video-preview:-1\" \/>\n<link rel=\"canonical\" href=\"https:\/\/sites.uef.fi\/fine\/etusivu\/pienpolttosimulaattori-simo\/puunpoltto-ohjeita\/?lang=fi\" \/>\n<meta property=\"og:locale\" content=\"en_US\" \/>\n<meta property=\"og:type\" content=\"article\" \/>\n<meta property=\"og:title\" content=\"Puunpoltto-ohjeita - Fine Particle and Aerosol Technology Laboratory\" \/>\n<meta property=\"og:description\" content=\"\u201dSauno hiukkasen puhtaammin\u201d (linkki Youtube-videoon) P\u00e4\u00e4lt\u00e4 sytytys ja aloituspanoksia (linkki Youtube-videoon)Sytytys p\u00e4\u00e4lt\u00e4 vai alta? (linkki Youtube-videoon)Hyv\u00e4t sytykkeet (linkki Youtube-videoon)Puun polton hiukkaset ja niiden koko (linkki Youtube-videoon)Laudeliinojen poltto (linkki Youtube-videoon)Tulisijan veto-olot (linkki Youtube-videoon)\" \/>\n<meta property=\"og:url\" content=\"https:\/\/sites.uef.fi\/fine\/etusivu\/pienpolttosimulaattori-simo\/puunpoltto-ohjeita\/?lang=fi\" \/>\n<meta property=\"og:site_name\" content=\"Fine Particle and Aerosol Technology Laboratory\" \/>\n<meta property=\"article:modified_time\" content=\"2023-11-07T13:09:07+00:00\" \/>\n<meta property=\"og:image\" content=\"https:\/\/sites.uef.fi\/fine\/wp-content\/uploads\/sites\/158\/2020\/11\/combustion_6-1024x768.jpg\" \/>\n<meta name=\"twitter:card\" content=\"summary_large_image\" \/>\n<script type=\"application\/ld+json\" class=\"yoast-schema-graph\">{\"@context\":\"https:\\\/\\\/schema.org\",\"@graph\":[{\"@type\":\"WebPage\",\"@id\":\"https:\\\/\\\/sites.uef.fi\\\/fine\\\/etusivu\\\/pienpolttosimulaattori-simo\\\/puunpoltto-ohjeita\\\/?lang=fi\",\"url\":\"https:\\\/\\\/sites.uef.fi\\\/fine\\\/etusivu\\\/pienpolttosimulaattori-simo\\\/puunpoltto-ohjeita\\\/?lang=fi\",\"name\":\"Puunpoltto-ohjeita - Fine Particle and Aerosol Technology Laboratory\",\"isPartOf\":{\"@id\":\"https:\\\/\\\/sites.uef.fi\\\/fine\\\/#website\"},\"primaryImageOfPage\":{\"@id\":\"https:\\\/\\\/sites.uef.fi\\\/fine\\\/etusivu\\\/pienpolttosimulaattori-simo\\\/puunpoltto-ohjeita\\\/?lang=fi#primaryimage\"},\"image\":{\"@id\":\"https:\\\/\\\/sites.uef.fi\\\/fine\\\/etusivu\\\/pienpolttosimulaattori-simo\\\/puunpoltto-ohjeita\\\/?lang=fi#primaryimage\"},\"thumbnailUrl\":\"https:\\\/\\\/sites.uef.fi\\\/fine\\\/wp-content\\\/uploads\\\/sites\\\/158\\\/2020\\\/11\\\/combustion_6-1024x768.jpg\",\"datePublished\":\"2021-01-29T08:18:15+00:00\",\"dateModified\":\"2023-11-07T13:09:07+00:00\",\"breadcrumb\":{\"@id\":\"https:\\\/\\\/sites.uef.fi\\\/fine\\\/etusivu\\\/pienpolttosimulaattori-simo\\\/puunpoltto-ohjeita\\\/?lang=fi#breadcrumb\"},\"inLanguage\":\"en-US\",\"potentialAction\":[{\"@type\":\"ReadAction\",\"target\":[\"https:\\\/\\\/sites.uef.fi\\\/fine\\\/etusivu\\\/pienpolttosimulaattori-simo\\\/puunpoltto-ohjeita\\\/?lang=fi\"]}]},{\"@type\":\"ImageObject\",\"inLanguage\":\"en-US\",\"@id\":\"https:\\\/\\\/sites.uef.fi\\\/fine\\\/etusivu\\\/pienpolttosimulaattori-simo\\\/puunpoltto-ohjeita\\\/?lang=fi#primaryimage\",\"url\":\"https:\\\/\\\/sites.uef.fi\\\/fine\\\/wp-content\\\/uploads\\\/sites\\\/158\\\/2020\\\/11\\\/combustion_6.jpg\",\"contentUrl\":\"https:\\\/\\\/sites.uef.fi\\\/fine\\\/wp-content\\\/uploads\\\/sites\\\/158\\\/2020\\\/11\\\/combustion_6.jpg\",\"width\":1133,\"height\":850,\"caption\":\"Wood combustion\"},{\"@type\":\"BreadcrumbList\",\"@id\":\"https:\\\/\\\/sites.uef.fi\\\/fine\\\/etusivu\\\/pienpolttosimulaattori-simo\\\/puunpoltto-ohjeita\\\/?lang=fi#breadcrumb\",\"itemListElement\":[{\"@type\":\"ListItem\",\"position\":1,\"name\":\"Home\",\"item\":\"https:\\\/\\\/sites.uef.fi\\\/fine\\\/\"},{\"@type\":\"ListItem\",\"position\":2,\"name\":\"Etusivu\",\"item\":\"https:\\\/\\\/sites.uef.fi\\\/fine\\\/?lang=fi\"},{\"@type\":\"ListItem\",\"position\":3,\"name\":\"Pienpolttosimulaattori (SIMO)\",\"item\":\"https:\\\/\\\/sites.uef.fi\\\/fine\\\/etusivu\\\/pienpolttosimulaattori-simo\\\/?lang=fi\"},{\"@type\":\"ListItem\",\"position\":4,\"name\":\"Puunpoltto-ohjeita\"}]},{\"@type\":\"WebSite\",\"@id\":\"https:\\\/\\\/sites.uef.fi\\\/fine\\\/#website\",\"url\":\"https:\\\/\\\/sites.uef.fi\\\/fine\\\/\",\"name\":\"Fine Particle and Aerosol Technology Laboratory\",\"description\":\"\",\"potentialAction\":[{\"@type\":\"SearchAction\",\"target\":{\"@type\":\"EntryPoint\",\"urlTemplate\":\"https:\\\/\\\/sites.uef.fi\\\/fine\\\/?s={search_term_string}\"},\"query-input\":{\"@type\":\"PropertyValueSpecification\",\"valueRequired\":true,\"valueName\":\"search_term_string\"}}],\"inLanguage\":\"en-US\"}]}<\/script>\n<!-- \/ Yoast SEO plugin. -->","yoast_head_json":{"title":"Puunpoltto-ohjeita - Fine Particle and Aerosol Technology Laboratory","robots":{"index":"index","follow":"follow","max-snippet":"max-snippet:-1","max-image-preview":"max-image-preview:large","max-video-preview":"max-video-preview:-1"},"canonical":"https:\/\/sites.uef.fi\/fine\/etusivu\/pienpolttosimulaattori-simo\/puunpoltto-ohjeita\/?lang=fi","og_locale":"en_US","og_type":"article","og_title":"Puunpoltto-ohjeita - Fine Particle and Aerosol Technology Laboratory","og_description":"\u201dSauno hiukkasen puhtaammin\u201d (linkki Youtube-videoon) P\u00e4\u00e4lt\u00e4 sytytys ja aloituspanoksia (linkki Youtube-videoon)Sytytys p\u00e4\u00e4lt\u00e4 vai alta? (linkki Youtube-videoon)Hyv\u00e4t sytykkeet (linkki Youtube-videoon)Puun polton hiukkaset ja niiden koko (linkki Youtube-videoon)Laudeliinojen poltto (linkki Youtube-videoon)Tulisijan veto-olot (linkki Youtube-videoon)","og_url":"https:\/\/sites.uef.fi\/fine\/etusivu\/pienpolttosimulaattori-simo\/puunpoltto-ohjeita\/?lang=fi","og_site_name":"Fine Particle and Aerosol Technology Laboratory","article_modified_time":"2023-11-07T13:09:07+00:00","og_image":[{"url":"https:\/\/sites.uef.fi\/fine\/wp-content\/uploads\/sites\/158\/2020\/11\/combustion_6-1024x768.jpg","type":"","width":"","height":""}],"twitter_card":"summary_large_image","schema":{"@context":"https:\/\/schema.org","@graph":[{"@type":"WebPage","@id":"https:\/\/sites.uef.fi\/fine\/etusivu\/pienpolttosimulaattori-simo\/puunpoltto-ohjeita\/?lang=fi","url":"https:\/\/sites.uef.fi\/fine\/etusivu\/pienpolttosimulaattori-simo\/puunpoltto-ohjeita\/?lang=fi","name":"Puunpoltto-ohjeita - Fine Particle and Aerosol Technology Laboratory","isPartOf":{"@id":"https:\/\/sites.uef.fi\/fine\/#website"},"primaryImageOfPage":{"@id":"https:\/\/sites.uef.fi\/fine\/etusivu\/pienpolttosimulaattori-simo\/puunpoltto-ohjeita\/?lang=fi#primaryimage"},"image":{"@id":"https:\/\/sites.uef.fi\/fine\/etusivu\/pienpolttosimulaattori-simo\/puunpoltto-ohjeita\/?lang=fi#primaryimage"},"thumbnailUrl":"https:\/\/sites.uef.fi\/fine\/wp-content\/uploads\/sites\/158\/2020\/11\/combustion_6-1024x768.jpg","datePublished":"2021-01-29T08:18:15+00:00","dateModified":"2023-11-07T13:09:07+00:00","breadcrumb":{"@id":"https:\/\/sites.uef.fi\/fine\/etusivu\/pienpolttosimulaattori-simo\/puunpoltto-ohjeita\/?lang=fi#breadcrumb"},"inLanguage":"en-US","potentialAction":[{"@type":"ReadAction","target":["https:\/\/sites.uef.fi\/fine\/etusivu\/pienpolttosimulaattori-simo\/puunpoltto-ohjeita\/?lang=fi"]}]},{"@type":"ImageObject","inLanguage":"en-US","@id":"https:\/\/sites.uef.fi\/fine\/etusivu\/pienpolttosimulaattori-simo\/puunpoltto-ohjeita\/?lang=fi#primaryimage","url":"https:\/\/sites.uef.fi\/fine\/wp-content\/uploads\/sites\/158\/2020\/11\/combustion_6.jpg","contentUrl":"https:\/\/sites.uef.fi\/fine\/wp-content\/uploads\/sites\/158\/2020\/11\/combustion_6.jpg","width":1133,"height":850,"caption":"Wood combustion"},{"@type":"BreadcrumbList","@id":"https:\/\/sites.uef.fi\/fine\/etusivu\/pienpolttosimulaattori-simo\/puunpoltto-ohjeita\/?lang=fi#breadcrumb","itemListElement":[{"@type":"ListItem","position":1,"name":"Home","item":"https:\/\/sites.uef.fi\/fine\/"},{"@type":"ListItem","position":2,"name":"Etusivu","item":"https:\/\/sites.uef.fi\/fine\/?lang=fi"},{"@type":"ListItem","position":3,"name":"Pienpolttosimulaattori (SIMO)","item":"https:\/\/sites.uef.fi\/fine\/etusivu\/pienpolttosimulaattori-simo\/?lang=fi"},{"@type":"ListItem","position":4,"name":"Puunpoltto-ohjeita"}]},{"@type":"WebSite","@id":"https:\/\/sites.uef.fi\/fine\/#website","url":"https:\/\/sites.uef.fi\/fine\/","name":"Fine Particle and Aerosol Technology Laboratory","description":"","potentialAction":[{"@type":"SearchAction","target":{"@type":"EntryPoint","urlTemplate":"https:\/\/sites.uef.fi\/fine\/?s={search_term_string}"},"query-input":{"@type":"PropertyValueSpecification","valueRequired":true,"valueName":"search_term_string"}}],"inLanguage":"en-US"}]}},"_links":{"self":[{"href":"https:\/\/sites.uef.fi\/fine\/wp-json\/wp\/v2\/pages\/1708","targetHints":{"allow":["GET"]}}],"collection":[{"href":"https:\/\/sites.uef.fi\/fine\/wp-json\/wp\/v2\/pages"}],"about":[{"href":"https:\/\/sites.uef.fi\/fine\/wp-json\/wp\/v2\/types\/page"}],"author":[{"embeddable":true,"href":"https:\/\/sites.uef.fi\/fine\/wp-json\/wp\/v2\/users\/246"}],"replies":[{"embeddable":true,"href":"https:\/\/sites.uef.fi\/fine\/wp-json\/wp\/v2\/comments?post=1708"}],"version-history":[{"count":3,"href":"https:\/\/sites.uef.fi\/fine\/wp-json\/wp\/v2\/pages\/1708\/revisions"}],"predecessor-version":[{"id":2803,"href":"https:\/\/sites.uef.fi\/fine\/wp-json\/wp\/v2\/pages\/1708\/revisions\/2803"}],"up":[{"embeddable":true,"href":"https:\/\/sites.uef.fi\/fine\/wp-json\/wp\/v2\/pages\/1533"}],"wp:attachment":[{"href":"https:\/\/sites.uef.fi\/fine\/wp-json\/wp\/v2\/media?parent=1708"}],"curies":[{"name":"wp","href":"https:\/\/api.w.org\/{rel}","templated":true}]}}