{"id":1917,"date":"2021-08-27T13:48:11","date_gmt":"2021-08-27T10:48:11","guid":{"rendered":"https:\/\/sites.uef.fi\/fine\/?page_id=1917"},"modified":"2023-11-07T10:40:47","modified_gmt":"2023-11-07T08:40:47","slug":"task","status":"publish","type":"page","link":"https:\/\/sites.uef.fi\/fine\/front-page\/main-on-going-research\/task\/","title":{"rendered":"TASK"},"content":{"rendered":"\n<h1 class=\"wp-block-heading\">Ty\u00f6ntekij\u00f6iden Altistumisen v\u00e4hent\u00e4minen Sy\u00f6p\u00e4vaarallisille ilman ep\u00e4puhtauksille Kaivosymp\u00e4rist\u00f6iss\u00e4<\/h1>\n\n\n\n<p>Duration: 1.1.2021-28.2.2023<\/p>\n\n\n\n<p>Funding: The Finnish Work Environment Fund<\/p>\n\n\n\n<p>Vuoden 2020 alussa voimaan tulleen valtioneuvoston asetuksen my\u00f6t\u00e4 ty\u00f6ntekij\u00f6iden altistumista sy\u00f6p\u00e4vaarallisille aineille tulisi selvitt\u00e4\u00e4 ja tarvittaessa v\u00e4hent\u00e4\u00e4 entist\u00e4 tehokkaammin. T\u00e4ss\u00e4 hankkeessa selvitet\u00e4\u00e4n kaivosty\u00f6paikoissa tapahtuvaa altistumista sy\u00f6p\u00e4vaarallisille aineille sek\u00e4 kehitet\u00e4\u00e4n menetelmi\u00e4 altistumisen v\u00e4hent\u00e4miseksi. Lis\u00e4ksi hankkeessa testataan ja kehitet\u00e4\u00e4n menetelmi\u00e4 asetuksen mukaisten altisteiden seurantaan kaivosty\u00f6paikoissa mm. dieselnoen osalta.<\/p>\n\n\n\n<p>For more information: Prof. Olli Sippula, tel. +358 40 355 3397, olli.sippula(at)uef.fi<\/p>\n","protected":false},"excerpt":{"rendered":"<p>Ty\u00f6ntekij\u00f6iden Altistumisen v\u00e4hent\u00e4minen Sy\u00f6p\u00e4vaarallisille ilman ep\u00e4puhtauksille Kaivosymp\u00e4rist\u00f6iss\u00e4 Duration: 1.1.2021-28.2.2023 Funding: The Finnish Work Environment Fund Vuoden 2020 alussa voimaan tulleen valtioneuvoston asetuksen my\u00f6t\u00e4 ty\u00f6ntekij\u00f6iden altistumista sy\u00f6p\u00e4vaarallisille aineille tulisi selvitt\u00e4\u00e4 ja tarvittaessa v\u00e4hent\u00e4\u00e4 entist\u00e4 tehokkaammin. T\u00e4ss\u00e4 hankkeessa selvitet\u00e4\u00e4n kaivosty\u00f6paikoissa tapahtuvaa altistumista sy\u00f6p\u00e4vaarallisille aineille sek\u00e4 kehitet\u00e4\u00e4n menetelmi\u00e4 altistumisen v\u00e4hent\u00e4miseksi. Lis\u00e4ksi hankkeessa testataan ja kehitet\u00e4\u00e4n menetelmi\u00e4 asetuksen mukaisten [&hellip;]<\/p>\n","protected":false},"author":246,"featured_media":0,"parent":146,"menu_order":1,"comment_status":"closed","ping_status":"closed","template":"","meta":{"_acf_changed":false,"footnotes":""},"class_list":["post-1917","page","type-page","status-publish","hentry"],"acf":[],"yoast_head":"<!-- This site is optimized with the Yoast SEO plugin v27.3 - https:\/\/yoast.com\/product\/yoast-seo-wordpress\/ -->\n<title>TASK - Fine Particle and Aerosol Technology Laboratory<\/title>\n<meta name=\"robots\" content=\"index, follow, max-snippet:-1, max-image-preview:large, max-video-preview:-1\" \/>\n<link rel=\"canonical\" href=\"https:\/\/sites.uef.fi\/fine\/front-page\/main-on-going-research\/task\/\" \/>\n<meta property=\"og:locale\" content=\"en_US\" \/>\n<meta property=\"og:type\" content=\"article\" \/>\n<meta property=\"og:title\" content=\"TASK - Fine Particle and Aerosol Technology Laboratory\" \/>\n<meta property=\"og:description\" content=\"Ty\u00f6ntekij\u00f6iden Altistumisen v\u00e4hent\u00e4minen Sy\u00f6p\u00e4vaarallisille ilman ep\u00e4puhtauksille Kaivosymp\u00e4rist\u00f6iss\u00e4 Duration: 1.1.2021-28.2.2023 Funding: The Finnish Work Environment Fund Vuoden 2020 alussa voimaan tulleen valtioneuvoston asetuksen my\u00f6t\u00e4 ty\u00f6ntekij\u00f6iden altistumista sy\u00f6p\u00e4vaarallisille aineille tulisi selvitt\u00e4\u00e4 ja tarvittaessa v\u00e4hent\u00e4\u00e4 entist\u00e4 tehokkaammin. T\u00e4ss\u00e4 hankkeessa selvitet\u00e4\u00e4n kaivosty\u00f6paikoissa tapahtuvaa altistumista sy\u00f6p\u00e4vaarallisille aineille sek\u00e4 kehitet\u00e4\u00e4n menetelmi\u00e4 altistumisen v\u00e4hent\u00e4miseksi. Lis\u00e4ksi hankkeessa testataan ja kehitet\u00e4\u00e4n menetelmi\u00e4 asetuksen mukaisten [&hellip;]\" \/>\n<meta property=\"og:url\" content=\"https:\/\/sites.uef.fi\/fine\/front-page\/main-on-going-research\/task\/\" \/>\n<meta property=\"og:site_name\" content=\"Fine Particle and Aerosol Technology Laboratory\" \/>\n<meta property=\"article:modified_time\" content=\"2023-11-07T08:40:47+00:00\" \/>\n<meta name=\"twitter:card\" content=\"summary_large_image\" \/>\n<meta name=\"twitter:label1\" content=\"Est. reading time\" \/>\n\t<meta name=\"twitter:data1\" content=\"1 minute\" \/>\n<script type=\"application\/ld+json\" class=\"yoast-schema-graph\">{\"@context\":\"https:\\\/\\\/schema.org\",\"@graph\":[{\"@type\":\"WebPage\",\"@id\":\"https:\\\/\\\/sites.uef.fi\\\/fine\\\/front-page\\\/main-on-going-research\\\/task\\\/\",\"url\":\"https:\\\/\\\/sites.uef.fi\\\/fine\\\/front-page\\\/main-on-going-research\\\/task\\\/\",\"name\":\"TASK - Fine Particle and Aerosol Technology Laboratory\",\"isPartOf\":{\"@id\":\"https:\\\/\\\/sites.uef.fi\\\/fine\\\/#website\"},\"datePublished\":\"2021-08-27T10:48:11+00:00\",\"dateModified\":\"2023-11-07T08:40:47+00:00\",\"breadcrumb\":{\"@id\":\"https:\\\/\\\/sites.uef.fi\\\/fine\\\/front-page\\\/main-on-going-research\\\/task\\\/#breadcrumb\"},\"inLanguage\":\"en-US\",\"potentialAction\":[{\"@type\":\"ReadAction\",\"target\":[\"https:\\\/\\\/sites.uef.fi\\\/fine\\\/front-page\\\/main-on-going-research\\\/task\\\/\"]}]},{\"@type\":\"BreadcrumbList\",\"@id\":\"https:\\\/\\\/sites.uef.fi\\\/fine\\\/front-page\\\/main-on-going-research\\\/task\\\/#breadcrumb\",\"itemListElement\":[{\"@type\":\"ListItem\",\"position\":1,\"name\":\"Home\",\"item\":\"https:\\\/\\\/sites.uef.fi\\\/fine\\\/\"},{\"@type\":\"ListItem\",\"position\":2,\"name\":\"Front page\",\"item\":\"https:\\\/\\\/sites.uef.fi\\\/fine\\\/\"},{\"@type\":\"ListItem\",\"position\":3,\"name\":\"Research projects\",\"item\":\"https:\\\/\\\/sites.uef.fi\\\/fine\\\/front-page\\\/main-on-going-research\\\/\"},{\"@type\":\"ListItem\",\"position\":4,\"name\":\"TASK\"}]},{\"@type\":\"WebSite\",\"@id\":\"https:\\\/\\\/sites.uef.fi\\\/fine\\\/#website\",\"url\":\"https:\\\/\\\/sites.uef.fi\\\/fine\\\/\",\"name\":\"Fine Particle and Aerosol Technology Laboratory\",\"description\":\"\",\"potentialAction\":[{\"@type\":\"SearchAction\",\"target\":{\"@type\":\"EntryPoint\",\"urlTemplate\":\"https:\\\/\\\/sites.uef.fi\\\/fine\\\/?s={search_term_string}\"},\"query-input\":{\"@type\":\"PropertyValueSpecification\",\"valueRequired\":true,\"valueName\":\"search_term_string\"}}],\"inLanguage\":\"en-US\"}]}<\/script>\n<!-- \/ Yoast SEO plugin. -->","yoast_head_json":{"title":"TASK - Fine Particle and Aerosol Technology Laboratory","robots":{"index":"index","follow":"follow","max-snippet":"max-snippet:-1","max-image-preview":"max-image-preview:large","max-video-preview":"max-video-preview:-1"},"canonical":"https:\/\/sites.uef.fi\/fine\/front-page\/main-on-going-research\/task\/","og_locale":"en_US","og_type":"article","og_title":"TASK - Fine Particle and Aerosol Technology Laboratory","og_description":"Ty\u00f6ntekij\u00f6iden Altistumisen v\u00e4hent\u00e4minen Sy\u00f6p\u00e4vaarallisille ilman ep\u00e4puhtauksille Kaivosymp\u00e4rist\u00f6iss\u00e4 Duration: 1.1.2021-28.2.2023 Funding: The Finnish Work Environment Fund Vuoden 2020 alussa voimaan tulleen valtioneuvoston asetuksen my\u00f6t\u00e4 ty\u00f6ntekij\u00f6iden altistumista sy\u00f6p\u00e4vaarallisille aineille tulisi selvitt\u00e4\u00e4 ja tarvittaessa v\u00e4hent\u00e4\u00e4 entist\u00e4 tehokkaammin. T\u00e4ss\u00e4 hankkeessa selvitet\u00e4\u00e4n kaivosty\u00f6paikoissa tapahtuvaa altistumista sy\u00f6p\u00e4vaarallisille aineille sek\u00e4 kehitet\u00e4\u00e4n menetelmi\u00e4 altistumisen v\u00e4hent\u00e4miseksi. Lis\u00e4ksi hankkeessa testataan ja kehitet\u00e4\u00e4n menetelmi\u00e4 asetuksen mukaisten [&hellip;]","og_url":"https:\/\/sites.uef.fi\/fine\/front-page\/main-on-going-research\/task\/","og_site_name":"Fine Particle and Aerosol Technology Laboratory","article_modified_time":"2023-11-07T08:40:47+00:00","twitter_card":"summary_large_image","twitter_misc":{"Est. reading time":"1 minute"},"schema":{"@context":"https:\/\/schema.org","@graph":[{"@type":"WebPage","@id":"https:\/\/sites.uef.fi\/fine\/front-page\/main-on-going-research\/task\/","url":"https:\/\/sites.uef.fi\/fine\/front-page\/main-on-going-research\/task\/","name":"TASK - Fine Particle and Aerosol Technology Laboratory","isPartOf":{"@id":"https:\/\/sites.uef.fi\/fine\/#website"},"datePublished":"2021-08-27T10:48:11+00:00","dateModified":"2023-11-07T08:40:47+00:00","breadcrumb":{"@id":"https:\/\/sites.uef.fi\/fine\/front-page\/main-on-going-research\/task\/#breadcrumb"},"inLanguage":"en-US","potentialAction":[{"@type":"ReadAction","target":["https:\/\/sites.uef.fi\/fine\/front-page\/main-on-going-research\/task\/"]}]},{"@type":"BreadcrumbList","@id":"https:\/\/sites.uef.fi\/fine\/front-page\/main-on-going-research\/task\/#breadcrumb","itemListElement":[{"@type":"ListItem","position":1,"name":"Home","item":"https:\/\/sites.uef.fi\/fine\/"},{"@type":"ListItem","position":2,"name":"Front page","item":"https:\/\/sites.uef.fi\/fine\/"},{"@type":"ListItem","position":3,"name":"Research projects","item":"https:\/\/sites.uef.fi\/fine\/front-page\/main-on-going-research\/"},{"@type":"ListItem","position":4,"name":"TASK"}]},{"@type":"WebSite","@id":"https:\/\/sites.uef.fi\/fine\/#website","url":"https:\/\/sites.uef.fi\/fine\/","name":"Fine Particle and Aerosol Technology Laboratory","description":"","potentialAction":[{"@type":"SearchAction","target":{"@type":"EntryPoint","urlTemplate":"https:\/\/sites.uef.fi\/fine\/?s={search_term_string}"},"query-input":{"@type":"PropertyValueSpecification","valueRequired":true,"valueName":"search_term_string"}}],"inLanguage":"en-US"}]}},"_links":{"self":[{"href":"https:\/\/sites.uef.fi\/fine\/wp-json\/wp\/v2\/pages\/1917","targetHints":{"allow":["GET"]}}],"collection":[{"href":"https:\/\/sites.uef.fi\/fine\/wp-json\/wp\/v2\/pages"}],"about":[{"href":"https:\/\/sites.uef.fi\/fine\/wp-json\/wp\/v2\/types\/page"}],"author":[{"embeddable":true,"href":"https:\/\/sites.uef.fi\/fine\/wp-json\/wp\/v2\/users\/246"}],"replies":[{"embeddable":true,"href":"https:\/\/sites.uef.fi\/fine\/wp-json\/wp\/v2\/comments?post=1917"}],"version-history":[{"count":2,"href":"https:\/\/sites.uef.fi\/fine\/wp-json\/wp\/v2\/pages\/1917\/revisions"}],"predecessor-version":[{"id":2641,"href":"https:\/\/sites.uef.fi\/fine\/wp-json\/wp\/v2\/pages\/1917\/revisions\/2641"}],"up":[{"embeddable":true,"href":"https:\/\/sites.uef.fi\/fine\/wp-json\/wp\/v2\/pages\/146"}],"wp:attachment":[{"href":"https:\/\/sites.uef.fi\/fine\/wp-json\/wp\/v2\/media?parent=1917"}],"curies":[{"name":"wp","href":"https:\/\/api.w.org\/{rel}","templated":true}]}}