{"id":2895,"date":"2024-03-11T11:55:56","date_gmt":"2024-03-11T09:55:56","guid":{"rendered":"https:\/\/sites.uef.fi\/fine\/?page_id=2895"},"modified":"2024-06-28T10:41:32","modified_gmt":"2024-06-28T07:41:32","slug":"voimalaitoskattilat-osana-kiertotalouden-ja-uusiutuvan-energian-ratkaisuja-vokus","status":"publish","type":"page","link":"https:\/\/sites.uef.fi\/fine\/front-page\/main-on-going-research\/voimalaitoskattilat-osana-kiertotalouden-ja-uusiutuvan-energian-ratkaisuja-vokus\/","title":{"rendered":"Voimalaitoskattilat osana kiertotalouden ja uusiutuvan energian ratkaisuja (VOKUS)"},"content":{"rendered":"\n<p>Kesto: 1.1.2024-30.4.2026 (kehityshanke), 1.7.2023-30.6.2025 (investointihanke)<\/p>\n\n\n\n<p>Rahoittaja: Uudistuva ja osaava Suomi 2021\u20132027 EU:n alue- ja rakennepolitiikan ohjelma, Oikeudenmukaisen siirtym\u00e4n rahasto &#8211; JTF<\/p>\n\n\n\n<p>Voimalaitoskattilat ovat hyvin keskeisess\u00e4 roolissa yhteiskunnan energiahuoltovarmuuden ja uusiutuvan energian tavoitteiden saavuttamisen kannalta alueellisesti, valtakunnallisesti kuin my\u00f6s laajemmin Euroopan alueella. Lis\u00e4ksi voimalaitoskattiloiden l\u00e4pi kulkee merkitt\u00e4vi\u00e4 raaka-ainevirtoja ja niiden hy\u00f6dynt\u00e4minen kiertotalouden p\u00e4\u00e4m\u00e4\u00e4rien saavuttamisessa on t\u00e4rke\u00e4\u00e4. Pohjois-Savon ja erityisesti Keski-Savon alueella toimii laaja energia-alan toimijoiden verkosto, jonka taloudellinen merkitys on suuri. Hankkeen kohderyhm\u00e4n\u00e4 ovat n\u00e4m\u00e4 energia- ja teknologia-alan yritykset, niille palveluja tuottavat pk-yritykset sek\u00e4 my\u00f6s energiaintensiiviset toimijat, jotka k\u00e4ytt\u00e4v\u00e4t tuotannossaan tai liiketoiminnassaan paljon energiaa. Hankkeen yleisen\u00e4 tavoitteena on kehitt\u00e4\u00e4 Pohjois-Savon energia-alan toimintoja siten, ett\u00e4 hiilineutraaliin energiantuotantoon siirtyminen tapahtuu hallitusti ja oikeudenmukaisesti vaarantamatta energiantuotannon huoltovarmuutta ja samalla hy\u00f6dynt\u00e4en syntyvi\u00e4 raaka-ainevirtoja kiertotalouden periaatteiden mukaisesti. Hankkeen tarkempia tavoitteita ovat ratkaisujen kehitt\u00e4minen voimalaitoskattiloiden tuhkaper\u00e4isiin ongelmiin haastavia bio- ja j\u00e4tepolttoaineita k\u00e4ytett\u00e4ess\u00e4, tuhkien k\u00e4sittelymenetelmien kehitt\u00e4minen niiden jatkok\u00e4ytt\u00f6mahdollisuuksien parantamiseksi ja arvokkaiden metallien sek\u00e4 ravinteiden talteenottamiseksi, teollisuuden sivuvirtojen hy\u00f6dynnett\u00e4vyyden selvitt\u00e4minen voimalaitoskattiloiden p\u00e4\u00e4st\u00f6jen v\u00e4hent\u00e4misess\u00e4 sek\u00e4 koeymp\u00e4rist\u00f6jen ja analyysilaitteistojen varustelu ja kehitt\u00e4minen, jotta ne vastaisivat entist\u00e4 paremmin alueen yritysten, tutkimus- ja kehitystoiminnan sek\u00e4 koulutuksen vaatimuksiin. Hanke koostuu nelj\u00e4st\u00e4 ty\u00f6paketista, jotka sis\u00e4lt\u00e4v\u00e4t koetoimintaa sek\u00e4 koe- ja analyysilaitteistojen kehityst\u00e4 Savonian ja It\u00e4-Suomen yliopiston laboratorioissa. Hankkeen tuloksina saadaan tietoa, ratkaisuja ja menetelmi\u00e4 liittyen haastavien polttoaineiden aiheuttamien kattilaongelmien ratkaisemiseen, polttolaitosten tuhkien kiertotalouden edist\u00e4miseen, sek\u00e4 p\u00e4\u00e4st\u00f6jen v\u00e4hent\u00e4miseen. Lis\u00e4ksi hankkeen j\u00e4lkeen koeymp\u00e4rist\u00f6jen mittaus- ja analyysivalmiudet vastaavat entist\u00e4 paremmin alueen yritysten TKI-tarpeisiin sek\u00e4 oppilaitosten tutkimuksen, kehityksen ja koulutuksen vaatimuksiin.<\/p>\n\n\n\n<figure class=\"wp-block-image size-large\"><img loading=\"lazy\" decoding=\"async\" width=\"1024\" height=\"213\" src=\"https:\/\/sites.uef.fi\/fine\/wp-content\/uploads\/sites\/158\/2024\/03\/logot_vokus_1-1024x213.jpg\" alt=\"VOKUS logo\" class=\"wp-image-2898\" srcset=\"https:\/\/sites.uef.fi\/fine\/wp-content\/uploads\/sites\/158\/2024\/03\/logot_vokus_1-1024x213.jpg 1024w, https:\/\/sites.uef.fi\/fine\/wp-content\/uploads\/sites\/158\/2024\/03\/logot_vokus_1-300x62.jpg 300w, https:\/\/sites.uef.fi\/fine\/wp-content\/uploads\/sites\/158\/2024\/03\/logot_vokus_1-768x160.jpg 768w, https:\/\/sites.uef.fi\/fine\/wp-content\/uploads\/sites\/158\/2024\/03\/logot_vokus_1-1536x319.jpg 1536w, https:\/\/sites.uef.fi\/fine\/wp-content\/uploads\/sites\/158\/2024\/03\/logot_vokus_1-2048x426.jpg 2048w\" sizes=\"auto, (max-width: 1024px) 100vw, 1024px\" \/><\/figure>\n\n\n\n<p>Lis\u00e4tietoja: Prof. Olli Sippula, +358 40 355 3397, olli.sippula(at)uef.fi<\/p>\n","protected":false},"excerpt":{"rendered":"<p>Kesto: 1.1.2024-30.4.2026 (kehityshanke), 1.7.2023-30.6.2025 (investointihanke) Rahoittaja: Uudistuva ja osaava Suomi 2021\u20132027 EU:n alue- ja rakennepolitiikan ohjelma, Oikeudenmukaisen siirtym\u00e4n rahasto &#8211; JTF Voimalaitoskattilat ovat hyvin keskeisess\u00e4 roolissa yhteiskunnan energiahuoltovarmuuden ja uusiutuvan energian tavoitteiden saavuttamisen kannalta alueellisesti, valtakunnallisesti kuin my\u00f6s laajemmin Euroopan alueella. Lis\u00e4ksi voimalaitoskattiloiden l\u00e4pi kulkee merkitt\u00e4vi\u00e4 raaka-ainevirtoja ja niiden hy\u00f6dynt\u00e4minen kiertotalouden p\u00e4\u00e4m\u00e4\u00e4rien saavuttamisessa on t\u00e4rke\u00e4\u00e4. [&hellip;]<\/p>\n","protected":false},"author":246,"featured_media":0,"parent":146,"menu_order":-1,"comment_status":"closed","ping_status":"closed","template":"","meta":{"_acf_changed":false,"footnotes":""},"class_list":["post-2895","page","type-page","status-publish","hentry"],"acf":[],"yoast_head":"<!-- This site is optimized with the Yoast SEO plugin v27.3 - https:\/\/yoast.com\/product\/yoast-seo-wordpress\/ -->\n<title>Voimalaitoskattilat osana kiertotalouden ja uusiutuvan energian ratkaisuja (VOKUS) - Fine Particle and Aerosol Technology Laboratory<\/title>\n<meta name=\"robots\" content=\"index, follow, max-snippet:-1, max-image-preview:large, max-video-preview:-1\" \/>\n<link rel=\"canonical\" href=\"https:\/\/sites.uef.fi\/fine\/front-page\/main-on-going-research\/voimalaitoskattilat-osana-kiertotalouden-ja-uusiutuvan-energian-ratkaisuja-vokus\/\" \/>\n<meta property=\"og:locale\" content=\"en_US\" \/>\n<meta property=\"og:type\" content=\"article\" \/>\n<meta property=\"og:title\" content=\"Voimalaitoskattilat osana kiertotalouden ja uusiutuvan energian ratkaisuja (VOKUS) - Fine Particle and Aerosol Technology Laboratory\" \/>\n<meta property=\"og:description\" content=\"Kesto: 1.1.2024-30.4.2026 (kehityshanke), 1.7.2023-30.6.2025 (investointihanke) Rahoittaja: Uudistuva ja osaava Suomi 2021\u20132027 EU:n alue- ja rakennepolitiikan ohjelma, Oikeudenmukaisen siirtym\u00e4n rahasto &#8211; JTF Voimalaitoskattilat ovat hyvin keskeisess\u00e4 roolissa yhteiskunnan energiahuoltovarmuuden ja uusiutuvan energian tavoitteiden saavuttamisen kannalta alueellisesti, valtakunnallisesti kuin my\u00f6s laajemmin Euroopan alueella. Lis\u00e4ksi voimalaitoskattiloiden l\u00e4pi kulkee merkitt\u00e4vi\u00e4 raaka-ainevirtoja ja niiden hy\u00f6dynt\u00e4minen kiertotalouden p\u00e4\u00e4m\u00e4\u00e4rien saavuttamisessa on t\u00e4rke\u00e4\u00e4. [&hellip;]\" \/>\n<meta property=\"og:url\" content=\"https:\/\/sites.uef.fi\/fine\/front-page\/main-on-going-research\/voimalaitoskattilat-osana-kiertotalouden-ja-uusiutuvan-energian-ratkaisuja-vokus\/\" \/>\n<meta property=\"og:site_name\" content=\"Fine Particle and Aerosol Technology Laboratory\" \/>\n<meta property=\"article:modified_time\" content=\"2024-06-28T07:41:32+00:00\" \/>\n<meta property=\"og:image\" content=\"https:\/\/sites.uef.fi\/fine\/wp-content\/uploads\/sites\/158\/2024\/03\/logot_vokus_1-1024x213.jpg\" \/>\n<meta name=\"twitter:card\" content=\"summary_large_image\" \/>\n<meta name=\"twitter:label1\" content=\"Est. reading time\" \/>\n\t<meta name=\"twitter:data1\" content=\"2 minutes\" \/>\n<script type=\"application\/ld+json\" class=\"yoast-schema-graph\">{\"@context\":\"https:\\\/\\\/schema.org\",\"@graph\":[{\"@type\":\"WebPage\",\"@id\":\"https:\\\/\\\/sites.uef.fi\\\/fine\\\/front-page\\\/main-on-going-research\\\/voimalaitoskattilat-osana-kiertotalouden-ja-uusiutuvan-energian-ratkaisuja-vokus\\\/\",\"url\":\"https:\\\/\\\/sites.uef.fi\\\/fine\\\/front-page\\\/main-on-going-research\\\/voimalaitoskattilat-osana-kiertotalouden-ja-uusiutuvan-energian-ratkaisuja-vokus\\\/\",\"name\":\"Voimalaitoskattilat osana kiertotalouden ja uusiutuvan energian ratkaisuja (VOKUS) - Fine Particle and Aerosol Technology Laboratory\",\"isPartOf\":{\"@id\":\"https:\\\/\\\/sites.uef.fi\\\/fine\\\/#website\"},\"primaryImageOfPage\":{\"@id\":\"https:\\\/\\\/sites.uef.fi\\\/fine\\\/front-page\\\/main-on-going-research\\\/voimalaitoskattilat-osana-kiertotalouden-ja-uusiutuvan-energian-ratkaisuja-vokus\\\/#primaryimage\"},\"image\":{\"@id\":\"https:\\\/\\\/sites.uef.fi\\\/fine\\\/front-page\\\/main-on-going-research\\\/voimalaitoskattilat-osana-kiertotalouden-ja-uusiutuvan-energian-ratkaisuja-vokus\\\/#primaryimage\"},\"thumbnailUrl\":\"https:\\\/\\\/sites.uef.fi\\\/fine\\\/wp-content\\\/uploads\\\/sites\\\/158\\\/2024\\\/03\\\/logot_vokus_1-1024x213.jpg\",\"datePublished\":\"2024-03-11T09:55:56+00:00\",\"dateModified\":\"2024-06-28T07:41:32+00:00\",\"breadcrumb\":{\"@id\":\"https:\\\/\\\/sites.uef.fi\\\/fine\\\/front-page\\\/main-on-going-research\\\/voimalaitoskattilat-osana-kiertotalouden-ja-uusiutuvan-energian-ratkaisuja-vokus\\\/#breadcrumb\"},\"inLanguage\":\"en-US\",\"potentialAction\":[{\"@type\":\"ReadAction\",\"target\":[\"https:\\\/\\\/sites.uef.fi\\\/fine\\\/front-page\\\/main-on-going-research\\\/voimalaitoskattilat-osana-kiertotalouden-ja-uusiutuvan-energian-ratkaisuja-vokus\\\/\"]}]},{\"@type\":\"ImageObject\",\"inLanguage\":\"en-US\",\"@id\":\"https:\\\/\\\/sites.uef.fi\\\/fine\\\/front-page\\\/main-on-going-research\\\/voimalaitoskattilat-osana-kiertotalouden-ja-uusiutuvan-energian-ratkaisuja-vokus\\\/#primaryimage\",\"url\":\"https:\\\/\\\/sites.uef.fi\\\/fine\\\/wp-content\\\/uploads\\\/sites\\\/158\\\/2024\\\/03\\\/logot_vokus_1-scaled.jpg\",\"contentUrl\":\"https:\\\/\\\/sites.uef.fi\\\/fine\\\/wp-content\\\/uploads\\\/sites\\\/158\\\/2024\\\/03\\\/logot_vokus_1-scaled.jpg\",\"width\":2560,\"height\":532,\"caption\":\"VOKUS logo\"},{\"@type\":\"BreadcrumbList\",\"@id\":\"https:\\\/\\\/sites.uef.fi\\\/fine\\\/front-page\\\/main-on-going-research\\\/voimalaitoskattilat-osana-kiertotalouden-ja-uusiutuvan-energian-ratkaisuja-vokus\\\/#breadcrumb\",\"itemListElement\":[{\"@type\":\"ListItem\",\"position\":1,\"name\":\"Home\",\"item\":\"https:\\\/\\\/sites.uef.fi\\\/fine\\\/\"},{\"@type\":\"ListItem\",\"position\":2,\"name\":\"Front page\",\"item\":\"https:\\\/\\\/sites.uef.fi\\\/fine\\\/\"},{\"@type\":\"ListItem\",\"position\":3,\"name\":\"Research projects\",\"item\":\"https:\\\/\\\/sites.uef.fi\\\/fine\\\/front-page\\\/main-on-going-research\\\/\"},{\"@type\":\"ListItem\",\"position\":4,\"name\":\"Voimalaitoskattilat osana kiertotalouden ja uusiutuvan energian ratkaisuja (VOKUS)\"}]},{\"@type\":\"WebSite\",\"@id\":\"https:\\\/\\\/sites.uef.fi\\\/fine\\\/#website\",\"url\":\"https:\\\/\\\/sites.uef.fi\\\/fine\\\/\",\"name\":\"Fine Particle and Aerosol Technology Laboratory\",\"description\":\"\",\"potentialAction\":[{\"@type\":\"SearchAction\",\"target\":{\"@type\":\"EntryPoint\",\"urlTemplate\":\"https:\\\/\\\/sites.uef.fi\\\/fine\\\/?s={search_term_string}\"},\"query-input\":{\"@type\":\"PropertyValueSpecification\",\"valueRequired\":true,\"valueName\":\"search_term_string\"}}],\"inLanguage\":\"en-US\"}]}<\/script>\n<!-- \/ Yoast SEO plugin. -->","yoast_head_json":{"title":"Voimalaitoskattilat osana kiertotalouden ja uusiutuvan energian ratkaisuja (VOKUS) - Fine Particle and Aerosol Technology Laboratory","robots":{"index":"index","follow":"follow","max-snippet":"max-snippet:-1","max-image-preview":"max-image-preview:large","max-video-preview":"max-video-preview:-1"},"canonical":"https:\/\/sites.uef.fi\/fine\/front-page\/main-on-going-research\/voimalaitoskattilat-osana-kiertotalouden-ja-uusiutuvan-energian-ratkaisuja-vokus\/","og_locale":"en_US","og_type":"article","og_title":"Voimalaitoskattilat osana kiertotalouden ja uusiutuvan energian ratkaisuja (VOKUS) - Fine Particle and Aerosol Technology Laboratory","og_description":"Kesto: 1.1.2024-30.4.2026 (kehityshanke), 1.7.2023-30.6.2025 (investointihanke) Rahoittaja: Uudistuva ja osaava Suomi 2021\u20132027 EU:n alue- ja rakennepolitiikan ohjelma, Oikeudenmukaisen siirtym\u00e4n rahasto &#8211; JTF Voimalaitoskattilat ovat hyvin keskeisess\u00e4 roolissa yhteiskunnan energiahuoltovarmuuden ja uusiutuvan energian tavoitteiden saavuttamisen kannalta alueellisesti, valtakunnallisesti kuin my\u00f6s laajemmin Euroopan alueella. Lis\u00e4ksi voimalaitoskattiloiden l\u00e4pi kulkee merkitt\u00e4vi\u00e4 raaka-ainevirtoja ja niiden hy\u00f6dynt\u00e4minen kiertotalouden p\u00e4\u00e4m\u00e4\u00e4rien saavuttamisessa on t\u00e4rke\u00e4\u00e4. [&hellip;]","og_url":"https:\/\/sites.uef.fi\/fine\/front-page\/main-on-going-research\/voimalaitoskattilat-osana-kiertotalouden-ja-uusiutuvan-energian-ratkaisuja-vokus\/","og_site_name":"Fine Particle and Aerosol Technology Laboratory","article_modified_time":"2024-06-28T07:41:32+00:00","og_image":[{"url":"https:\/\/sites.uef.fi\/fine\/wp-content\/uploads\/sites\/158\/2024\/03\/logot_vokus_1-1024x213.jpg","type":"","width":"","height":""}],"twitter_card":"summary_large_image","twitter_misc":{"Est. reading time":"2 minutes"},"schema":{"@context":"https:\/\/schema.org","@graph":[{"@type":"WebPage","@id":"https:\/\/sites.uef.fi\/fine\/front-page\/main-on-going-research\/voimalaitoskattilat-osana-kiertotalouden-ja-uusiutuvan-energian-ratkaisuja-vokus\/","url":"https:\/\/sites.uef.fi\/fine\/front-page\/main-on-going-research\/voimalaitoskattilat-osana-kiertotalouden-ja-uusiutuvan-energian-ratkaisuja-vokus\/","name":"Voimalaitoskattilat osana kiertotalouden ja uusiutuvan energian ratkaisuja (VOKUS) - Fine Particle and Aerosol Technology Laboratory","isPartOf":{"@id":"https:\/\/sites.uef.fi\/fine\/#website"},"primaryImageOfPage":{"@id":"https:\/\/sites.uef.fi\/fine\/front-page\/main-on-going-research\/voimalaitoskattilat-osana-kiertotalouden-ja-uusiutuvan-energian-ratkaisuja-vokus\/#primaryimage"},"image":{"@id":"https:\/\/sites.uef.fi\/fine\/front-page\/main-on-going-research\/voimalaitoskattilat-osana-kiertotalouden-ja-uusiutuvan-energian-ratkaisuja-vokus\/#primaryimage"},"thumbnailUrl":"https:\/\/sites.uef.fi\/fine\/wp-content\/uploads\/sites\/158\/2024\/03\/logot_vokus_1-1024x213.jpg","datePublished":"2024-03-11T09:55:56+00:00","dateModified":"2024-06-28T07:41:32+00:00","breadcrumb":{"@id":"https:\/\/sites.uef.fi\/fine\/front-page\/main-on-going-research\/voimalaitoskattilat-osana-kiertotalouden-ja-uusiutuvan-energian-ratkaisuja-vokus\/#breadcrumb"},"inLanguage":"en-US","potentialAction":[{"@type":"ReadAction","target":["https:\/\/sites.uef.fi\/fine\/front-page\/main-on-going-research\/voimalaitoskattilat-osana-kiertotalouden-ja-uusiutuvan-energian-ratkaisuja-vokus\/"]}]},{"@type":"ImageObject","inLanguage":"en-US","@id":"https:\/\/sites.uef.fi\/fine\/front-page\/main-on-going-research\/voimalaitoskattilat-osana-kiertotalouden-ja-uusiutuvan-energian-ratkaisuja-vokus\/#primaryimage","url":"https:\/\/sites.uef.fi\/fine\/wp-content\/uploads\/sites\/158\/2024\/03\/logot_vokus_1-scaled.jpg","contentUrl":"https:\/\/sites.uef.fi\/fine\/wp-content\/uploads\/sites\/158\/2024\/03\/logot_vokus_1-scaled.jpg","width":2560,"height":532,"caption":"VOKUS logo"},{"@type":"BreadcrumbList","@id":"https:\/\/sites.uef.fi\/fine\/front-page\/main-on-going-research\/voimalaitoskattilat-osana-kiertotalouden-ja-uusiutuvan-energian-ratkaisuja-vokus\/#breadcrumb","itemListElement":[{"@type":"ListItem","position":1,"name":"Home","item":"https:\/\/sites.uef.fi\/fine\/"},{"@type":"ListItem","position":2,"name":"Front page","item":"https:\/\/sites.uef.fi\/fine\/"},{"@type":"ListItem","position":3,"name":"Research projects","item":"https:\/\/sites.uef.fi\/fine\/front-page\/main-on-going-research\/"},{"@type":"ListItem","position":4,"name":"Voimalaitoskattilat osana kiertotalouden ja uusiutuvan energian ratkaisuja (VOKUS)"}]},{"@type":"WebSite","@id":"https:\/\/sites.uef.fi\/fine\/#website","url":"https:\/\/sites.uef.fi\/fine\/","name":"Fine Particle and Aerosol Technology Laboratory","description":"","potentialAction":[{"@type":"SearchAction","target":{"@type":"EntryPoint","urlTemplate":"https:\/\/sites.uef.fi\/fine\/?s={search_term_string}"},"query-input":{"@type":"PropertyValueSpecification","valueRequired":true,"valueName":"search_term_string"}}],"inLanguage":"en-US"}]}},"_links":{"self":[{"href":"https:\/\/sites.uef.fi\/fine\/wp-json\/wp\/v2\/pages\/2895","targetHints":{"allow":["GET"]}}],"collection":[{"href":"https:\/\/sites.uef.fi\/fine\/wp-json\/wp\/v2\/pages"}],"about":[{"href":"https:\/\/sites.uef.fi\/fine\/wp-json\/wp\/v2\/types\/page"}],"author":[{"embeddable":true,"href":"https:\/\/sites.uef.fi\/fine\/wp-json\/wp\/v2\/users\/246"}],"replies":[{"embeddable":true,"href":"https:\/\/sites.uef.fi\/fine\/wp-json\/wp\/v2\/comments?post=2895"}],"version-history":[{"count":1,"href":"https:\/\/sites.uef.fi\/fine\/wp-json\/wp\/v2\/pages\/2895\/revisions"}],"predecessor-version":[{"id":2907,"href":"https:\/\/sites.uef.fi\/fine\/wp-json\/wp\/v2\/pages\/2895\/revisions\/2907"}],"up":[{"embeddable":true,"href":"https:\/\/sites.uef.fi\/fine\/wp-json\/wp\/v2\/pages\/146"}],"wp:attachment":[{"href":"https:\/\/sites.uef.fi\/fine\/wp-json\/wp\/v2\/media?parent=2895"}],"curies":[{"name":"wp","href":"https:\/\/api.w.org\/{rel}","templated":true}]}}