{"id":3052,"date":"2024-09-26T13:29:22","date_gmt":"2024-09-26T10:29:22","guid":{"rendered":"https:\/\/sites.uef.fi\/fine\/?page_id=3052"},"modified":"2024-09-26T13:29:23","modified_gmt":"2024-09-26T10:29:23","slug":"tyoperaisen-altistumisen-vahentaminen-pakokaasuille-ja-hiukkasille-pahis","status":"publish","type":"page","link":"https:\/\/sites.uef.fi\/fine\/front-page\/main-on-going-research\/tyoperaisen-altistumisen-vahentaminen-pakokaasuille-ja-hiukkasille-pahis\/","title":{"rendered":"Ty\u00f6per\u00e4isen altistumisen v\u00e4hent\u00e4minen pakokaasuille ja hiukkasille (PAHIS)"},"content":{"rendered":"\n<p>Duration: 1.8.2024-31.1.2027<\/p>\n\n\n\n<p>Funding: The Finnish Work Environment Fund<\/p>\n\n\n\n<p>Valtioneuvoston asetuksen (Vna 1267\/2019) my\u00f6t\u00e4 ty\u00f6ntekij\u00f6iden altistumista sy\u00f6p\u00e4vaarallisille aineille tulisi selvitt\u00e4\u00e4 ja tarvittaessa v\u00e4hent\u00e4\u00e4 entist\u00e4 tehokkaammin. T\u00e4ss\u00e4 hankkeessa selvitet\u00e4\u00e4n eri aloilla tapahtuvaa altistumista erityisesti dieselpakokaasuille ja muille hiukkas- ja kaasumaisille ilmav\u00e4litteisille sy\u00f6p\u00e4vaarallisille altisteille. Lis\u00e4ksi kehitet\u00e4\u00e4n monitorointimenetelmi\u00e4 altisteiden seurantaan sek\u00e4 toimenpiteit\u00e4 altistumisen v\u00e4hent\u00e4miseksi.<\/p>\n\n\n\n<p>For more information: Prof. Olli Sippula, tel. +358 40 355 3397, olli.sippula(at)uef.fi<\/p>\n\n\n\n<p><\/p>\n","protected":false},"excerpt":{"rendered":"<p>Duration: 1.8.2024-31.1.2027 Funding: The Finnish Work Environment Fund Valtioneuvoston asetuksen (Vna 1267\/2019) my\u00f6t\u00e4 ty\u00f6ntekij\u00f6iden altistumista sy\u00f6p\u00e4vaarallisille aineille tulisi selvitt\u00e4\u00e4 ja tarvittaessa v\u00e4hent\u00e4\u00e4 entist\u00e4 tehokkaammin. T\u00e4ss\u00e4 hankkeessa selvitet\u00e4\u00e4n eri aloilla tapahtuvaa altistumista erityisesti dieselpakokaasuille ja muille hiukkas- ja kaasumaisille ilmav\u00e4litteisille sy\u00f6p\u00e4vaarallisille altisteille. Lis\u00e4ksi kehitet\u00e4\u00e4n monitorointimenetelmi\u00e4 altisteiden seurantaan sek\u00e4 toimenpiteit\u00e4 altistumisen v\u00e4hent\u00e4miseksi. For more information: Prof. Olli [&hellip;]<\/p>\n","protected":false},"author":246,"featured_media":0,"parent":146,"menu_order":0,"comment_status":"closed","ping_status":"closed","template":"","meta":{"_acf_changed":false,"footnotes":""},"class_list":["post-3052","page","type-page","status-publish","hentry"],"acf":[],"yoast_head":"<!-- This site is optimized with the Yoast SEO plugin v27.3 - https:\/\/yoast.com\/product\/yoast-seo-wordpress\/ -->\n<title>Ty\u00f6per\u00e4isen altistumisen v\u00e4hent\u00e4minen pakokaasuille ja hiukkasille (PAHIS) - Fine Particle and Aerosol Technology Laboratory<\/title>\n<meta name=\"robots\" content=\"index, follow, max-snippet:-1, max-image-preview:large, max-video-preview:-1\" \/>\n<link rel=\"canonical\" href=\"https:\/\/sites.uef.fi\/fine\/front-page\/main-on-going-research\/tyoperaisen-altistumisen-vahentaminen-pakokaasuille-ja-hiukkasille-pahis\/\" \/>\n<meta property=\"og:locale\" content=\"en_US\" \/>\n<meta property=\"og:type\" content=\"article\" \/>\n<meta property=\"og:title\" content=\"Ty\u00f6per\u00e4isen altistumisen v\u00e4hent\u00e4minen pakokaasuille ja hiukkasille (PAHIS) - Fine Particle and Aerosol Technology Laboratory\" \/>\n<meta property=\"og:description\" content=\"Duration: 1.8.2024-31.1.2027 Funding: The Finnish Work Environment Fund Valtioneuvoston asetuksen (Vna 1267\/2019) my\u00f6t\u00e4 ty\u00f6ntekij\u00f6iden altistumista sy\u00f6p\u00e4vaarallisille aineille tulisi selvitt\u00e4\u00e4 ja tarvittaessa v\u00e4hent\u00e4\u00e4 entist\u00e4 tehokkaammin. T\u00e4ss\u00e4 hankkeessa selvitet\u00e4\u00e4n eri aloilla tapahtuvaa altistumista erityisesti dieselpakokaasuille ja muille hiukkas- ja kaasumaisille ilmav\u00e4litteisille sy\u00f6p\u00e4vaarallisille altisteille. Lis\u00e4ksi kehitet\u00e4\u00e4n monitorointimenetelmi\u00e4 altisteiden seurantaan sek\u00e4 toimenpiteit\u00e4 altistumisen v\u00e4hent\u00e4miseksi. For more information: Prof. Olli [&hellip;]\" \/>\n<meta property=\"og:url\" content=\"https:\/\/sites.uef.fi\/fine\/front-page\/main-on-going-research\/tyoperaisen-altistumisen-vahentaminen-pakokaasuille-ja-hiukkasille-pahis\/\" \/>\n<meta property=\"og:site_name\" content=\"Fine Particle and Aerosol Technology Laboratory\" \/>\n<meta property=\"article:modified_time\" content=\"2024-09-26T10:29:23+00:00\" \/>\n<meta name=\"twitter:card\" content=\"summary_large_image\" \/>\n<meta name=\"twitter:label1\" content=\"Est. reading time\" \/>\n\t<meta name=\"twitter:data1\" content=\"1 minute\" \/>\n<script type=\"application\/ld+json\" class=\"yoast-schema-graph\">{\"@context\":\"https:\\\/\\\/schema.org\",\"@graph\":[{\"@type\":\"WebPage\",\"@id\":\"https:\\\/\\\/sites.uef.fi\\\/fine\\\/front-page\\\/main-on-going-research\\\/tyoperaisen-altistumisen-vahentaminen-pakokaasuille-ja-hiukkasille-pahis\\\/\",\"url\":\"https:\\\/\\\/sites.uef.fi\\\/fine\\\/front-page\\\/main-on-going-research\\\/tyoperaisen-altistumisen-vahentaminen-pakokaasuille-ja-hiukkasille-pahis\\\/\",\"name\":\"Ty\u00f6per\u00e4isen altistumisen v\u00e4hent\u00e4minen pakokaasuille ja hiukkasille (PAHIS) - Fine Particle and Aerosol Technology Laboratory\",\"isPartOf\":{\"@id\":\"https:\\\/\\\/sites.uef.fi\\\/fine\\\/#website\"},\"datePublished\":\"2024-09-26T10:29:22+00:00\",\"dateModified\":\"2024-09-26T10:29:23+00:00\",\"breadcrumb\":{\"@id\":\"https:\\\/\\\/sites.uef.fi\\\/fine\\\/front-page\\\/main-on-going-research\\\/tyoperaisen-altistumisen-vahentaminen-pakokaasuille-ja-hiukkasille-pahis\\\/#breadcrumb\"},\"inLanguage\":\"en-US\",\"potentialAction\":[{\"@type\":\"ReadAction\",\"target\":[\"https:\\\/\\\/sites.uef.fi\\\/fine\\\/front-page\\\/main-on-going-research\\\/tyoperaisen-altistumisen-vahentaminen-pakokaasuille-ja-hiukkasille-pahis\\\/\"]}]},{\"@type\":\"BreadcrumbList\",\"@id\":\"https:\\\/\\\/sites.uef.fi\\\/fine\\\/front-page\\\/main-on-going-research\\\/tyoperaisen-altistumisen-vahentaminen-pakokaasuille-ja-hiukkasille-pahis\\\/#breadcrumb\",\"itemListElement\":[{\"@type\":\"ListItem\",\"position\":1,\"name\":\"Home\",\"item\":\"https:\\\/\\\/sites.uef.fi\\\/fine\\\/\"},{\"@type\":\"ListItem\",\"position\":2,\"name\":\"Front page\",\"item\":\"https:\\\/\\\/sites.uef.fi\\\/fine\\\/\"},{\"@type\":\"ListItem\",\"position\":3,\"name\":\"Research projects\",\"item\":\"https:\\\/\\\/sites.uef.fi\\\/fine\\\/front-page\\\/main-on-going-research\\\/\"},{\"@type\":\"ListItem\",\"position\":4,\"name\":\"Ty\u00f6per\u00e4isen altistumisen v\u00e4hent\u00e4minen pakokaasuille ja hiukkasille (PAHIS)\"}]},{\"@type\":\"WebSite\",\"@id\":\"https:\\\/\\\/sites.uef.fi\\\/fine\\\/#website\",\"url\":\"https:\\\/\\\/sites.uef.fi\\\/fine\\\/\",\"name\":\"Fine Particle and Aerosol Technology Laboratory\",\"description\":\"\",\"potentialAction\":[{\"@type\":\"SearchAction\",\"target\":{\"@type\":\"EntryPoint\",\"urlTemplate\":\"https:\\\/\\\/sites.uef.fi\\\/fine\\\/?s={search_term_string}\"},\"query-input\":{\"@type\":\"PropertyValueSpecification\",\"valueRequired\":true,\"valueName\":\"search_term_string\"}}],\"inLanguage\":\"en-US\"}]}<\/script>\n<!-- \/ Yoast SEO plugin. -->","yoast_head_json":{"title":"Ty\u00f6per\u00e4isen altistumisen v\u00e4hent\u00e4minen pakokaasuille ja hiukkasille (PAHIS) - Fine Particle and Aerosol Technology Laboratory","robots":{"index":"index","follow":"follow","max-snippet":"max-snippet:-1","max-image-preview":"max-image-preview:large","max-video-preview":"max-video-preview:-1"},"canonical":"https:\/\/sites.uef.fi\/fine\/front-page\/main-on-going-research\/tyoperaisen-altistumisen-vahentaminen-pakokaasuille-ja-hiukkasille-pahis\/","og_locale":"en_US","og_type":"article","og_title":"Ty\u00f6per\u00e4isen altistumisen v\u00e4hent\u00e4minen pakokaasuille ja hiukkasille (PAHIS) - Fine Particle and Aerosol Technology Laboratory","og_description":"Duration: 1.8.2024-31.1.2027 Funding: The Finnish Work Environment Fund Valtioneuvoston asetuksen (Vna 1267\/2019) my\u00f6t\u00e4 ty\u00f6ntekij\u00f6iden altistumista sy\u00f6p\u00e4vaarallisille aineille tulisi selvitt\u00e4\u00e4 ja tarvittaessa v\u00e4hent\u00e4\u00e4 entist\u00e4 tehokkaammin. T\u00e4ss\u00e4 hankkeessa selvitet\u00e4\u00e4n eri aloilla tapahtuvaa altistumista erityisesti dieselpakokaasuille ja muille hiukkas- ja kaasumaisille ilmav\u00e4litteisille sy\u00f6p\u00e4vaarallisille altisteille. Lis\u00e4ksi kehitet\u00e4\u00e4n monitorointimenetelmi\u00e4 altisteiden seurantaan sek\u00e4 toimenpiteit\u00e4 altistumisen v\u00e4hent\u00e4miseksi. For more information: Prof. Olli [&hellip;]","og_url":"https:\/\/sites.uef.fi\/fine\/front-page\/main-on-going-research\/tyoperaisen-altistumisen-vahentaminen-pakokaasuille-ja-hiukkasille-pahis\/","og_site_name":"Fine Particle and Aerosol Technology Laboratory","article_modified_time":"2024-09-26T10:29:23+00:00","twitter_card":"summary_large_image","twitter_misc":{"Est. reading time":"1 minute"},"schema":{"@context":"https:\/\/schema.org","@graph":[{"@type":"WebPage","@id":"https:\/\/sites.uef.fi\/fine\/front-page\/main-on-going-research\/tyoperaisen-altistumisen-vahentaminen-pakokaasuille-ja-hiukkasille-pahis\/","url":"https:\/\/sites.uef.fi\/fine\/front-page\/main-on-going-research\/tyoperaisen-altistumisen-vahentaminen-pakokaasuille-ja-hiukkasille-pahis\/","name":"Ty\u00f6per\u00e4isen altistumisen v\u00e4hent\u00e4minen pakokaasuille ja hiukkasille (PAHIS) - Fine Particle and Aerosol Technology Laboratory","isPartOf":{"@id":"https:\/\/sites.uef.fi\/fine\/#website"},"datePublished":"2024-09-26T10:29:22+00:00","dateModified":"2024-09-26T10:29:23+00:00","breadcrumb":{"@id":"https:\/\/sites.uef.fi\/fine\/front-page\/main-on-going-research\/tyoperaisen-altistumisen-vahentaminen-pakokaasuille-ja-hiukkasille-pahis\/#breadcrumb"},"inLanguage":"en-US","potentialAction":[{"@type":"ReadAction","target":["https:\/\/sites.uef.fi\/fine\/front-page\/main-on-going-research\/tyoperaisen-altistumisen-vahentaminen-pakokaasuille-ja-hiukkasille-pahis\/"]}]},{"@type":"BreadcrumbList","@id":"https:\/\/sites.uef.fi\/fine\/front-page\/main-on-going-research\/tyoperaisen-altistumisen-vahentaminen-pakokaasuille-ja-hiukkasille-pahis\/#breadcrumb","itemListElement":[{"@type":"ListItem","position":1,"name":"Home","item":"https:\/\/sites.uef.fi\/fine\/"},{"@type":"ListItem","position":2,"name":"Front page","item":"https:\/\/sites.uef.fi\/fine\/"},{"@type":"ListItem","position":3,"name":"Research projects","item":"https:\/\/sites.uef.fi\/fine\/front-page\/main-on-going-research\/"},{"@type":"ListItem","position":4,"name":"Ty\u00f6per\u00e4isen altistumisen v\u00e4hent\u00e4minen pakokaasuille ja hiukkasille (PAHIS)"}]},{"@type":"WebSite","@id":"https:\/\/sites.uef.fi\/fine\/#website","url":"https:\/\/sites.uef.fi\/fine\/","name":"Fine Particle and Aerosol Technology Laboratory","description":"","potentialAction":[{"@type":"SearchAction","target":{"@type":"EntryPoint","urlTemplate":"https:\/\/sites.uef.fi\/fine\/?s={search_term_string}"},"query-input":{"@type":"PropertyValueSpecification","valueRequired":true,"valueName":"search_term_string"}}],"inLanguage":"en-US"}]}},"_links":{"self":[{"href":"https:\/\/sites.uef.fi\/fine\/wp-json\/wp\/v2\/pages\/3052","targetHints":{"allow":["GET"]}}],"collection":[{"href":"https:\/\/sites.uef.fi\/fine\/wp-json\/wp\/v2\/pages"}],"about":[{"href":"https:\/\/sites.uef.fi\/fine\/wp-json\/wp\/v2\/types\/page"}],"author":[{"embeddable":true,"href":"https:\/\/sites.uef.fi\/fine\/wp-json\/wp\/v2\/users\/246"}],"replies":[{"embeddable":true,"href":"https:\/\/sites.uef.fi\/fine\/wp-json\/wp\/v2\/comments?post=3052"}],"version-history":[{"count":1,"href":"https:\/\/sites.uef.fi\/fine\/wp-json\/wp\/v2\/pages\/3052\/revisions"}],"predecessor-version":[{"id":3055,"href":"https:\/\/sites.uef.fi\/fine\/wp-json\/wp\/v2\/pages\/3052\/revisions\/3055"}],"up":[{"embeddable":true,"href":"https:\/\/sites.uef.fi\/fine\/wp-json\/wp\/v2\/pages\/146"}],"wp:attachment":[{"href":"https:\/\/sites.uef.fi\/fine\/wp-json\/wp\/v2\/media?parent=3052"}],"curies":[{"name":"wp","href":"https:\/\/api.w.org\/{rel}","templated":true}]}}