{"id":316,"date":"2020-11-02T12:57:57","date_gmt":"2020-11-02T10:57:57","guid":{"rendered":"https:\/\/sites.uef.fi\/fine\/?page_id=316"},"modified":"2023-11-07T12:28:49","modified_gmt":"2023-11-07T10:28:49","slug":"reports","status":"publish","type":"page","link":"https:\/\/sites.uef.fi\/fine\/front-page\/publications-and-reports\/reports\/","title":{"rendered":"Reports"},"content":{"rendered":"\n<p>KOPONEN, HANNA, KARJALAINEN, ANTTI, HYTTINEN, M, PASANEN, PERTTI, SIPPULA, OLLI, 2023. <a href=\"http:\/\/urn.fi\/URN:ISBN:978-952-61-4975-2\">TY\u00d6NTEKIJ\u00d6IDEN ALTISTUMISEN V\u00c4HENT\u00c4MINEN SY\u00d6P\u00c4VAARALLISILLE ILMAN EP\u00c4PUHTAUKSILLE KAIVOSYMP\u00c4RIST\u00d6ISS\u00c4 (TASK): LOPPURAPORTTI.<\/a> Publications of the University of Eastern Finland. Reports and Studies in Science, Forestry and Technology, 3. ISBN: 978-952-61-4975-2.<\/p>\n\n\n\n<p>LUKKARINEN, KAISU, KOPONEN, HANNA, KARJALAINEN, ANTTI, HYTTINEN, MARKO, PASANEN, PERTTI, SIPPULA, OLLI, 2023. <a href=\"http:\/\/urn.fi\/URN:ISBN:978-952-61-4973-8\">TY\u00d6PER\u00c4INEN ALTISTUMINEN DIESELNOELLE, KITEISELLE KVARTSILLE JA P\u00d6LYLLE KAIVOSYMP\u00c4RIST\u00d6ISS\u00c4: KIRJALLISUUSKATSAUS OSANA TASK-HANKETTA.<\/a> Publications of the University of Eastern Finland. Reports and Studies in Science, Forestry and Technology, 2. ISBN: 978-952-61-4973-8.<\/p>\n\n\n\n<p>Jarkko Tissari, Jani Leskinen, Heikki Lamberg, Valtteri Nieminen, Sampsa V\u00e4\u00e4t\u00e4inen, Hanna Koponen, Maria Myllynen, Mikko Savolahti ja Niko Karvosenoja (2019), <a href=\"https:\/\/sites.uef.fi\/fine\/wp-content\/uploads\/sites\/158\/2020\/11\/kiuas_loppuraportti-1.pdf\">Kiukaiden p\u00e4\u00e4st\u00f6t ja niiden v\u00e4hent\u00e4minen (KIUAS)<\/a>, KIUAS-hankkeen loppuraportti, It\u00e4-Suomen yliopisto, Ymp\u00e4rist\u00f6- ja biotieteiden laitos, Pienhiukkas- ja aerosolitekniikan laboratorio<\/p>\n\n\n\n<p>Jani Leskinen, Mirella Miettinen ja Jorma Jokiniemi (2016) <a href=\"https:\/\/sites.uef.fi\/fine\/wp-content\/uploads\/sites\/158\/2020\/11\/nanohiukkasille_altistuminen_asfaltointityossa_loppuraportti.pdf\">Nanohiukkasille altistuminen asfaltointityossa<\/a>. Ty\u00f6suojelurahaston hankkeen 115509 loppuraportti. It\u00e4-Suomen yliopisto, Ymp\u00e4rist\u00f6- ja biotieteiden laitos. ISBN: 978-952-61-2258-8.<\/p>\n\n\n\n<p>Miettinen, M., Torvela, T., Koponen, H., Leskinen, J., L\u00e4hde A., Tissari, J., Jokiniemi, J. (2015) Kuinka paljon ja millaisille nanohiukkasille ty\u00f6paikoilla altistutaan Suomessa? Ty\u00f6suojelurahaston hankkeen 114255 loppuraportti. It\u00e4-Suomen yliopisto.<\/p>\n\n\n\n<p>Hyt\u00f6nen, K., Jokiniemi, J. (eds.) <a href=\"https:\/\/sites.uef.fi\/fine\/wp-content\/uploads\/sites\/158\/2020\/11\/PAVAFinalReport.pdf\">Reduction of fine particle emissions from residential wood combustion<\/a>. Kuopion yliopiston ymp\u00e4rist\u00f6tieteen laitosten monistesarja, 2\/2007. Kuopion yliopisto, Ymp\u00e4rist\u00f6tieteen laitos, Pienhiukkas- ja aerosolitekniikan laboratorio, 2007.<\/p>\n\n\n\n<p>Tissari, J., Salonen, R. O., Vesterinen, R., Jokiniemi, J. (toim.) Puun polton p\u00e4\u00e4st\u00f6t, ilmanlaatu ja terveys. Kuopion yliopiston ymp\u00e4rist\u00f6tieteen laitosten monistesarja, 2\/2007. Kuopion yliopisto, Ymp\u00e4rist\u00f6tieteen laitos, Pienhiukkas- ja aerosolitekniikan laboratorio, 2007.<\/p>\n\n\n\n<p>Tissari, J. (toim.), Raunemaa, T., Jokiniemi, J., Sippula, O., Hyt\u00f6nen, K., Linna, V., Oravainen, H., Pyyk\u00f6nen, J., Tuomi, S., Vesterinen, R., Taipale, R., Kolsi, A., Nuutinen, I., Kouki, J., Vuorio, K.: Puun polton pienhiukkasp\u00e4\u00e4st\u00f6t. Loppuraportti. Kuopion yliopiston ymp\u00e4rist\u00f6tieteiden laitosten monistesarja, 2\/2005. Kuopion yliopisto, Pienhiukkas- ja aerosolitekniikan laboratorio, 2005.<\/p>\n","protected":false},"excerpt":{"rendered":"<p>KOPONEN, HANNA, KARJALAINEN, ANTTI, HYTTINEN, M, PASANEN, PERTTI, SIPPULA, OLLI, 2023. TY\u00d6NTEKIJ\u00d6IDEN ALTISTUMISEN V\u00c4HENT\u00c4MINEN SY\u00d6P\u00c4VAARALLISILLE ILMAN EP\u00c4PUHTAUKSILLE KAIVOSYMP\u00c4RIST\u00d6ISS\u00c4 (TASK): LOPPURAPORTTI. Publications of the University of Eastern Finland. Reports and Studies in Science, Forestry and Technology, 3. ISBN: 978-952-61-4975-2. LUKKARINEN, KAISU, KOPONEN, HANNA, KARJALAINEN, ANTTI, HYTTINEN, MARKO, PASANEN, PERTTI, SIPPULA, OLLI, 2023. TY\u00d6PER\u00c4INEN ALTISTUMINEN DIESELNOELLE, KITEISELLE [&hellip;]<\/p>\n","protected":false},"author":246,"featured_media":0,"parent":300,"menu_order":2,"comment_status":"closed","ping_status":"closed","template":"","meta":{"_acf_changed":false,"footnotes":""},"class_list":["post-316","page","type-page","status-publish","hentry"],"acf":[],"yoast_head":"<!-- This site is optimized with the Yoast SEO plugin v27.1.1 - https:\/\/yoast.com\/product\/yoast-seo-wordpress\/ -->\n<title>Reports - Fine Particle and Aerosol Technology Laboratory<\/title>\n<meta name=\"robots\" content=\"index, follow, max-snippet:-1, max-image-preview:large, max-video-preview:-1\" \/>\n<link rel=\"canonical\" href=\"https:\/\/sites.uef.fi\/fine\/front-page\/publications-and-reports\/reports\/\" \/>\n<meta property=\"og:locale\" content=\"en_US\" \/>\n<meta property=\"og:type\" content=\"article\" \/>\n<meta property=\"og:title\" content=\"Reports - Fine Particle and Aerosol Technology Laboratory\" \/>\n<meta property=\"og:description\" content=\"KOPONEN, HANNA, KARJALAINEN, ANTTI, HYTTINEN, M, PASANEN, PERTTI, SIPPULA, OLLI, 2023. TY\u00d6NTEKIJ\u00d6IDEN ALTISTUMISEN V\u00c4HENT\u00c4MINEN SY\u00d6P\u00c4VAARALLISILLE ILMAN EP\u00c4PUHTAUKSILLE KAIVOSYMP\u00c4RIST\u00d6ISS\u00c4 (TASK): LOPPURAPORTTI. Publications of the University of Eastern Finland. Reports and Studies in Science, Forestry and Technology, 3. ISBN: 978-952-61-4975-2. LUKKARINEN, KAISU, KOPONEN, HANNA, KARJALAINEN, ANTTI, HYTTINEN, MARKO, PASANEN, PERTTI, SIPPULA, OLLI, 2023. TY\u00d6PER\u00c4INEN ALTISTUMINEN DIESELNOELLE, KITEISELLE [&hellip;]\" \/>\n<meta property=\"og:url\" content=\"https:\/\/sites.uef.fi\/fine\/front-page\/publications-and-reports\/reports\/\" \/>\n<meta property=\"og:site_name\" content=\"Fine Particle and Aerosol Technology Laboratory\" \/>\n<meta property=\"article:modified_time\" content=\"2023-11-07T10:28:49+00:00\" \/>\n<meta name=\"twitter:card\" content=\"summary_large_image\" \/>\n<meta name=\"twitter:label1\" content=\"Est. reading time\" \/>\n\t<meta name=\"twitter:data1\" content=\"2 minutes\" \/>\n<script type=\"application\/ld+json\" class=\"yoast-schema-graph\">{\"@context\":\"https:\/\/schema.org\",\"@graph\":[{\"@type\":\"WebPage\",\"@id\":\"https:\/\/sites.uef.fi\/fine\/front-page\/publications-and-reports\/reports\/\",\"url\":\"https:\/\/sites.uef.fi\/fine\/front-page\/publications-and-reports\/reports\/\",\"name\":\"Reports - Fine Particle and Aerosol Technology Laboratory\",\"isPartOf\":{\"@id\":\"https:\/\/sites.uef.fi\/fine\/#website\"},\"datePublished\":\"2020-11-02T10:57:57+00:00\",\"dateModified\":\"2023-11-07T10:28:49+00:00\",\"breadcrumb\":{\"@id\":\"https:\/\/sites.uef.fi\/fine\/front-page\/publications-and-reports\/reports\/#breadcrumb\"},\"inLanguage\":\"en-US\",\"potentialAction\":[{\"@type\":\"ReadAction\",\"target\":[\"https:\/\/sites.uef.fi\/fine\/front-page\/publications-and-reports\/reports\/\"]}]},{\"@type\":\"BreadcrumbList\",\"@id\":\"https:\/\/sites.uef.fi\/fine\/front-page\/publications-and-reports\/reports\/#breadcrumb\",\"itemListElement\":[{\"@type\":\"ListItem\",\"position\":1,\"name\":\"Home\",\"item\":\"https:\/\/sites.uef.fi\/fine\/\"},{\"@type\":\"ListItem\",\"position\":2,\"name\":\"Front page\",\"item\":\"https:\/\/sites.uef.fi\/fine\/\"},{\"@type\":\"ListItem\",\"position\":3,\"name\":\"Publications and reports\",\"item\":\"https:\/\/sites.uef.fi\/fine\/front-page\/publications-and-reports\/\"},{\"@type\":\"ListItem\",\"position\":4,\"name\":\"Reports\"}]},{\"@type\":\"WebSite\",\"@id\":\"https:\/\/sites.uef.fi\/fine\/#website\",\"url\":\"https:\/\/sites.uef.fi\/fine\/\",\"name\":\"Fine Particle and Aerosol Technology Laboratory\",\"description\":\"\",\"potentialAction\":[{\"@type\":\"SearchAction\",\"target\":{\"@type\":\"EntryPoint\",\"urlTemplate\":\"https:\/\/sites.uef.fi\/fine\/?s={search_term_string}\"},\"query-input\":{\"@type\":\"PropertyValueSpecification\",\"valueRequired\":true,\"valueName\":\"search_term_string\"}}],\"inLanguage\":\"en-US\"}]}<\/script>\n<!-- \/ Yoast SEO plugin. -->","yoast_head_json":{"title":"Reports - Fine Particle and Aerosol Technology Laboratory","robots":{"index":"index","follow":"follow","max-snippet":"max-snippet:-1","max-image-preview":"max-image-preview:large","max-video-preview":"max-video-preview:-1"},"canonical":"https:\/\/sites.uef.fi\/fine\/front-page\/publications-and-reports\/reports\/","og_locale":"en_US","og_type":"article","og_title":"Reports - Fine Particle and Aerosol Technology Laboratory","og_description":"KOPONEN, HANNA, KARJALAINEN, ANTTI, HYTTINEN, M, PASANEN, PERTTI, SIPPULA, OLLI, 2023. TY\u00d6NTEKIJ\u00d6IDEN ALTISTUMISEN V\u00c4HENT\u00c4MINEN SY\u00d6P\u00c4VAARALLISILLE ILMAN EP\u00c4PUHTAUKSILLE KAIVOSYMP\u00c4RIST\u00d6ISS\u00c4 (TASK): LOPPURAPORTTI. Publications of the University of Eastern Finland. Reports and Studies in Science, Forestry and Technology, 3. ISBN: 978-952-61-4975-2. LUKKARINEN, KAISU, KOPONEN, HANNA, KARJALAINEN, ANTTI, HYTTINEN, MARKO, PASANEN, PERTTI, SIPPULA, OLLI, 2023. TY\u00d6PER\u00c4INEN ALTISTUMINEN DIESELNOELLE, KITEISELLE [&hellip;]","og_url":"https:\/\/sites.uef.fi\/fine\/front-page\/publications-and-reports\/reports\/","og_site_name":"Fine Particle and Aerosol Technology Laboratory","article_modified_time":"2023-11-07T10:28:49+00:00","twitter_card":"summary_large_image","twitter_misc":{"Est. reading time":"2 minutes"},"schema":{"@context":"https:\/\/schema.org","@graph":[{"@type":"WebPage","@id":"https:\/\/sites.uef.fi\/fine\/front-page\/publications-and-reports\/reports\/","url":"https:\/\/sites.uef.fi\/fine\/front-page\/publications-and-reports\/reports\/","name":"Reports - Fine Particle and Aerosol Technology Laboratory","isPartOf":{"@id":"https:\/\/sites.uef.fi\/fine\/#website"},"datePublished":"2020-11-02T10:57:57+00:00","dateModified":"2023-11-07T10:28:49+00:00","breadcrumb":{"@id":"https:\/\/sites.uef.fi\/fine\/front-page\/publications-and-reports\/reports\/#breadcrumb"},"inLanguage":"en-US","potentialAction":[{"@type":"ReadAction","target":["https:\/\/sites.uef.fi\/fine\/front-page\/publications-and-reports\/reports\/"]}]},{"@type":"BreadcrumbList","@id":"https:\/\/sites.uef.fi\/fine\/front-page\/publications-and-reports\/reports\/#breadcrumb","itemListElement":[{"@type":"ListItem","position":1,"name":"Home","item":"https:\/\/sites.uef.fi\/fine\/"},{"@type":"ListItem","position":2,"name":"Front page","item":"https:\/\/sites.uef.fi\/fine\/"},{"@type":"ListItem","position":3,"name":"Publications and reports","item":"https:\/\/sites.uef.fi\/fine\/front-page\/publications-and-reports\/"},{"@type":"ListItem","position":4,"name":"Reports"}]},{"@type":"WebSite","@id":"https:\/\/sites.uef.fi\/fine\/#website","url":"https:\/\/sites.uef.fi\/fine\/","name":"Fine Particle and Aerosol Technology Laboratory","description":"","potentialAction":[{"@type":"SearchAction","target":{"@type":"EntryPoint","urlTemplate":"https:\/\/sites.uef.fi\/fine\/?s={search_term_string}"},"query-input":{"@type":"PropertyValueSpecification","valueRequired":true,"valueName":"search_term_string"}}],"inLanguage":"en-US"}]}},"_links":{"self":[{"href":"https:\/\/sites.uef.fi\/fine\/wp-json\/wp\/v2\/pages\/316","targetHints":{"allow":["GET"]}}],"collection":[{"href":"https:\/\/sites.uef.fi\/fine\/wp-json\/wp\/v2\/pages"}],"about":[{"href":"https:\/\/sites.uef.fi\/fine\/wp-json\/wp\/v2\/types\/page"}],"author":[{"embeddable":true,"href":"https:\/\/sites.uef.fi\/fine\/wp-json\/wp\/v2\/users\/246"}],"replies":[{"embeddable":true,"href":"https:\/\/sites.uef.fi\/fine\/wp-json\/wp\/v2\/comments?post=316"}],"version-history":[{"count":2,"href":"https:\/\/sites.uef.fi\/fine\/wp-json\/wp\/v2\/pages\/316\/revisions"}],"predecessor-version":[{"id":2707,"href":"https:\/\/sites.uef.fi\/fine\/wp-json\/wp\/v2\/pages\/316\/revisions\/2707"}],"up":[{"embeddable":true,"href":"https:\/\/sites.uef.fi\/fine\/wp-json\/wp\/v2\/pages\/300"}],"wp:attachment":[{"href":"https:\/\/sites.uef.fi\/fine\/wp-json\/wp\/v2\/media?parent=316"}],"curies":[{"name":"wp","href":"https:\/\/api.w.org\/{rel}","templated":true}]}}