{"id":322,"date":"2020-11-02T12:58:39","date_gmt":"2020-11-02T10:58:39","guid":{"rendered":"https:\/\/sites.uef.fi\/fine\/?page_id=322"},"modified":"2023-11-07T12:30:39","modified_gmt":"2023-11-07T10:30:39","slug":"dissertations","status":"publish","type":"page","link":"https:\/\/sites.uef.fi\/fine\/front-page\/publications-and-reports\/dissertations\/","title":{"rendered":"Dissertations"},"content":{"rendered":"\n<p><a href=\"https:\/\/www.uef.fi\/en\/doctoral-dissertations\">UEF Dissertation press releases&nbsp;<\/a><\/p>\n\n\n\n<p><a href=\"https:\/\/epublications.uef.fi\/\">UEF Dissertations&nbsp;<\/a><\/p>\n\n\n\n<h2 class=\"wp-block-heading\">Heikki Suhonen 29.10.2021<\/h2>\n\n\n\n<p>Novel electrical particle emission reduction methods for small-scale biomass combustion<\/p>\n\n\n\n<p>Opponent Professor, Dr. Heinz Burtscher, University of Applied Sciences and Arts Northwestern Switzerland, Switzerland, and custos Associate Professor Olli Sippula, University of Eastern Finland.<\/p>\n\n\n\n<h2 class=\"wp-block-heading\">Ar\u016bnas Me\u0161\u010deriakovas 4.6.2021<\/h2>\n\n\n\n<p>Synthesis, characteristics and application of doped carbon structures<\/p>\n\n\n\n<p>Opponent Professor, Dr. Albert Nasibulin, Center for Photonics and Quantum Materials, Skolkovo Institute of Science and Technology, and custos Associate Professor Anna L\u00e4hde, University of Eastern Finland.<\/p>\n\n\n\n<h2 class=\"wp-block-heading\">Julija Grigonyte-\u200bLopez Rodriguez 4.12.2020<\/h2>\n\n\n\n<p>Reduction of fine particle emissions from small-scale wood combustion using a novel heat exchanger system<\/p>\n\n\n\n<p>Opponent Laboratory Support Scientific Consultant, PhD Terttaliisa Lind, Paul Scherrer Institut, Switzerland, and custos Professor Jorma Jokiniemi, University of Eastern Finland<span style=\"float: none;background-color: #ffffff;color: #333333;cursor: text;font-family: 'Libre Franklin','Helvetica Neue',helvetica,arial,sans-serif;font-size: 16px;font-style: normal;font-variant: normal;font-weight: 400;letter-spacing: normal;text-align: left;text-decoration: none;text-indent: 0px;text-transform: none\">.<\/span><\/p>\n\n\n\n<h2 class=\"wp-block-heading\">Anni Hartikainen 21.8.2020, Kuopio<\/h2>\n\n\n\n<p>Transformation of organic aerosol from residential wood combustion during atmospheric aging processes<\/p>\n\n\n\n<p>Opponent Professor Andrea D\u2019Anna, University of Naples Federico II, and custos Associate Professor Olli Sippula, University of Eastern Finland.<\/p>\n\n\n\n<h2 class=\"wp-block-heading\">Miika Kortelainen 12.4.2019, Kuopio<\/h2>\n\n\n\n<p>Fine particle and gas emissions from small-scale biomass combustion: Temporal variation and influence of fuel type<\/p>\n\n\n\n<p>Opponent Docent Aki Virkkula, Finnish Meteorological Institute, and custos Professor Jorma Jokiniemi, University of Eastern Finland.<\/p>\n\n\n\n<h2 class=\"wp-block-heading\">Tommi Karhunen, 16.8.2016, Kuopio<\/h2>\n\n\n\n<p>On gas-phase synthesis of nanoparticles for advanced energy solutions<\/p>\n\n\n\n<p>Opponent Lecturer Karsten Wegner, Swiss Federal Institute of Technology (ETH Z\u00fcrich), and custos Professor Jorma Jokiniemi, University of Eastern Finland.<\/p>\n\n\n\n<h2 class=\"wp-block-heading\">Kati Nuutinen, 9.6.2016, Kuopio<\/h2>\n\n\n\n<p>Polycyclic aromatic hydrocarbon emissions from residential wood combustion<\/p>\n\n\n\n<p>Opponent Professor Hannele Hakola, Finnish Meteorological Institute, and custos Professor Jorma Jokiniemi, University of Eastern Finland.<\/p>\n\n\n\n<h2 class=\"wp-block-heading\">Jani Leskinen, 13.11.2015, Kuopio<\/h2>\n\n\n\n<p>Physical characterisation of source specific nanoparticles<\/p>\n\n\n\n<p>Opponent Professor Tuukka Pet\u00e4j\u00e4, University of Helsinki, and custos Professor Jorma Jokiniemi, University of Eastern Finland.<\/p>\n\n\n\n<h2 class=\"wp-block-heading\">Jarno Ruusunen, 16.10.2015, Kuopio<\/h2>\n\n\n\n<p>Studies of nanoparticle synthesis and physico-chemical properties of aerosols<\/p>\n\n\n\n<p>Opponent Professor Lutz M\u00e4dler, University of Bremen, and custos Professor Jorma Jokiniemi, University of Eastern Finland.<\/p>\n\n\n\n<h2 class=\"wp-block-heading\">Tiina Torvela, 27.2.2015, Kuopio<\/h2>\n\n\n\n<p>Fine Particle Formation in Biomass Combustion and Flame Synthesis &#8211; Morphological Features and Toxicity<\/p>\n\n\n\n<p>Opponent Associate Professor Joakim Pagels, Lund University, and custos Professor Jorma Jokiniemi, University of Eastern Finland.<\/p>\n\n\n\n<h2 class=\"wp-block-heading\">Heikki Lamberg, 21.11.2014, Kuopio<\/h2>\n\n\n\n<p>Small-scale pellet boiler emissions &#8211; characterization and comparison to other combustion units<\/p>\n\n\n\n<p>Opponent Professor Ralf Zimmermann, University of Rostock, and custos Professor Jorma Jokiniemi, University of Eastern Finland.<\/p>\n\n\n\n<h2 class=\"wp-block-heading\">Mika Ihalainen, 25.4.2014, Kuopio<\/h2>\n\n\n\n<p>Fragmentation of bounce of nanosize agglomerates by inertial impaction<\/p>\n\n\n\n<p>Opponent Professor Wolfgang Koch, Fraunhofer Institute for Toxicology and Experimental Medicine, and custos Professor Jorma Jokiniemi, University of Eastern Finland.<\/p>\n\n\n\n<h2 class=\"wp-block-heading\">Mirella Miettinen, 28.3.2014, Kuopio<\/h2>\n\n\n\n<p>Engineered nanomaterials via aerosol routes: formation, characteristics and safety aspects<\/p>\n\n\n\n<p>Opponent Professor Jyrki M\u00e4kel\u00e4, Tampere University, and custos Professor Jorma Jokiniemi, University of Eastern Finland.<\/p>\n","protected":false},"excerpt":{"rendered":"<p>UEF Dissertation press releases&nbsp; UEF Dissertations&nbsp; Heikki Suhonen 29.10.2021 Novel electrical particle emission reduction methods for small-scale biomass combustion Opponent Professor, Dr. Heinz Burtscher, University of Applied Sciences and Arts Northwestern Switzerland, Switzerland, and custos Associate Professor Olli Sippula, University of Eastern Finland. Ar\u016bnas Me\u0161\u010deriakovas 4.6.2021 Synthesis, characteristics and application of doped carbon structures Opponent [&hellip;]<\/p>\n","protected":false},"author":246,"featured_media":0,"parent":300,"menu_order":3,"comment_status":"closed","ping_status":"closed","template":"","meta":{"_acf_changed":false,"footnotes":""},"class_list":["post-322","page","type-page","status-publish","hentry"],"acf":[],"yoast_head":"<!-- This site is optimized with the Yoast SEO plugin v27.1.1 - https:\/\/yoast.com\/product\/yoast-seo-wordpress\/ -->\n<title>Dissertations - Fine Particle and Aerosol Technology Laboratory<\/title>\n<meta name=\"robots\" content=\"index, follow, max-snippet:-1, max-image-preview:large, max-video-preview:-1\" \/>\n<link rel=\"canonical\" href=\"https:\/\/sites.uef.fi\/fine\/front-page\/publications-and-reports\/dissertations\/\" \/>\n<meta property=\"og:locale\" content=\"en_US\" \/>\n<meta property=\"og:type\" content=\"article\" \/>\n<meta property=\"og:title\" content=\"Dissertations - Fine Particle and Aerosol Technology Laboratory\" \/>\n<meta property=\"og:description\" content=\"UEF Dissertation press releases&nbsp; UEF Dissertations&nbsp; Heikki Suhonen 29.10.2021 Novel electrical particle emission reduction methods for small-scale biomass combustion Opponent Professor, Dr. Heinz Burtscher, University of Applied Sciences and Arts Northwestern Switzerland, Switzerland, and custos Associate Professor Olli Sippula, University of Eastern Finland. Ar\u016bnas Me\u0161\u010deriakovas 4.6.2021 Synthesis, characteristics and application of doped carbon structures Opponent [&hellip;]\" \/>\n<meta property=\"og:url\" content=\"https:\/\/sites.uef.fi\/fine\/front-page\/publications-and-reports\/dissertations\/\" \/>\n<meta property=\"og:site_name\" content=\"Fine Particle and Aerosol Technology Laboratory\" \/>\n<meta property=\"article:modified_time\" content=\"2023-11-07T10:30:39+00:00\" \/>\n<meta name=\"twitter:card\" content=\"summary_large_image\" \/>\n<meta name=\"twitter:label1\" content=\"Est. reading time\" \/>\n\t<meta name=\"twitter:data1\" content=\"2 minutes\" \/>\n<script type=\"application\/ld+json\" class=\"yoast-schema-graph\">{\"@context\":\"https:\/\/schema.org\",\"@graph\":[{\"@type\":\"WebPage\",\"@id\":\"https:\/\/sites.uef.fi\/fine\/front-page\/publications-and-reports\/dissertations\/\",\"url\":\"https:\/\/sites.uef.fi\/fine\/front-page\/publications-and-reports\/dissertations\/\",\"name\":\"Dissertations - Fine Particle and Aerosol Technology Laboratory\",\"isPartOf\":{\"@id\":\"https:\/\/sites.uef.fi\/fine\/#website\"},\"datePublished\":\"2020-11-02T10:58:39+00:00\",\"dateModified\":\"2023-11-07T10:30:39+00:00\",\"breadcrumb\":{\"@id\":\"https:\/\/sites.uef.fi\/fine\/front-page\/publications-and-reports\/dissertations\/#breadcrumb\"},\"inLanguage\":\"en-US\",\"potentialAction\":[{\"@type\":\"ReadAction\",\"target\":[\"https:\/\/sites.uef.fi\/fine\/front-page\/publications-and-reports\/dissertations\/\"]}]},{\"@type\":\"BreadcrumbList\",\"@id\":\"https:\/\/sites.uef.fi\/fine\/front-page\/publications-and-reports\/dissertations\/#breadcrumb\",\"itemListElement\":[{\"@type\":\"ListItem\",\"position\":1,\"name\":\"Home\",\"item\":\"https:\/\/sites.uef.fi\/fine\/\"},{\"@type\":\"ListItem\",\"position\":2,\"name\":\"Front page\",\"item\":\"https:\/\/sites.uef.fi\/fine\/\"},{\"@type\":\"ListItem\",\"position\":3,\"name\":\"Publications and reports\",\"item\":\"https:\/\/sites.uef.fi\/fine\/front-page\/publications-and-reports\/\"},{\"@type\":\"ListItem\",\"position\":4,\"name\":\"Dissertations\"}]},{\"@type\":\"WebSite\",\"@id\":\"https:\/\/sites.uef.fi\/fine\/#website\",\"url\":\"https:\/\/sites.uef.fi\/fine\/\",\"name\":\"Fine Particle and Aerosol Technology Laboratory\",\"description\":\"\",\"potentialAction\":[{\"@type\":\"SearchAction\",\"target\":{\"@type\":\"EntryPoint\",\"urlTemplate\":\"https:\/\/sites.uef.fi\/fine\/?s={search_term_string}\"},\"query-input\":{\"@type\":\"PropertyValueSpecification\",\"valueRequired\":true,\"valueName\":\"search_term_string\"}}],\"inLanguage\":\"en-US\"}]}<\/script>\n<!-- \/ Yoast SEO plugin. -->","yoast_head_json":{"title":"Dissertations - Fine Particle and Aerosol Technology Laboratory","robots":{"index":"index","follow":"follow","max-snippet":"max-snippet:-1","max-image-preview":"max-image-preview:large","max-video-preview":"max-video-preview:-1"},"canonical":"https:\/\/sites.uef.fi\/fine\/front-page\/publications-and-reports\/dissertations\/","og_locale":"en_US","og_type":"article","og_title":"Dissertations - Fine Particle and Aerosol Technology Laboratory","og_description":"UEF Dissertation press releases&nbsp; UEF Dissertations&nbsp; Heikki Suhonen 29.10.2021 Novel electrical particle emission reduction methods for small-scale biomass combustion Opponent Professor, Dr. Heinz Burtscher, University of Applied Sciences and Arts Northwestern Switzerland, Switzerland, and custos Associate Professor Olli Sippula, University of Eastern Finland. Ar\u016bnas Me\u0161\u010deriakovas 4.6.2021 Synthesis, characteristics and application of doped carbon structures Opponent [&hellip;]","og_url":"https:\/\/sites.uef.fi\/fine\/front-page\/publications-and-reports\/dissertations\/","og_site_name":"Fine Particle and Aerosol Technology Laboratory","article_modified_time":"2023-11-07T10:30:39+00:00","twitter_card":"summary_large_image","twitter_misc":{"Est. reading time":"2 minutes"},"schema":{"@context":"https:\/\/schema.org","@graph":[{"@type":"WebPage","@id":"https:\/\/sites.uef.fi\/fine\/front-page\/publications-and-reports\/dissertations\/","url":"https:\/\/sites.uef.fi\/fine\/front-page\/publications-and-reports\/dissertations\/","name":"Dissertations - Fine Particle and Aerosol Technology Laboratory","isPartOf":{"@id":"https:\/\/sites.uef.fi\/fine\/#website"},"datePublished":"2020-11-02T10:58:39+00:00","dateModified":"2023-11-07T10:30:39+00:00","breadcrumb":{"@id":"https:\/\/sites.uef.fi\/fine\/front-page\/publications-and-reports\/dissertations\/#breadcrumb"},"inLanguage":"en-US","potentialAction":[{"@type":"ReadAction","target":["https:\/\/sites.uef.fi\/fine\/front-page\/publications-and-reports\/dissertations\/"]}]},{"@type":"BreadcrumbList","@id":"https:\/\/sites.uef.fi\/fine\/front-page\/publications-and-reports\/dissertations\/#breadcrumb","itemListElement":[{"@type":"ListItem","position":1,"name":"Home","item":"https:\/\/sites.uef.fi\/fine\/"},{"@type":"ListItem","position":2,"name":"Front page","item":"https:\/\/sites.uef.fi\/fine\/"},{"@type":"ListItem","position":3,"name":"Publications and reports","item":"https:\/\/sites.uef.fi\/fine\/front-page\/publications-and-reports\/"},{"@type":"ListItem","position":4,"name":"Dissertations"}]},{"@type":"WebSite","@id":"https:\/\/sites.uef.fi\/fine\/#website","url":"https:\/\/sites.uef.fi\/fine\/","name":"Fine Particle and Aerosol Technology Laboratory","description":"","potentialAction":[{"@type":"SearchAction","target":{"@type":"EntryPoint","urlTemplate":"https:\/\/sites.uef.fi\/fine\/?s={search_term_string}"},"query-input":{"@type":"PropertyValueSpecification","valueRequired":true,"valueName":"search_term_string"}}],"inLanguage":"en-US"}]}},"_links":{"self":[{"href":"https:\/\/sites.uef.fi\/fine\/wp-json\/wp\/v2\/pages\/322","targetHints":{"allow":["GET"]}}],"collection":[{"href":"https:\/\/sites.uef.fi\/fine\/wp-json\/wp\/v2\/pages"}],"about":[{"href":"https:\/\/sites.uef.fi\/fine\/wp-json\/wp\/v2\/types\/page"}],"author":[{"embeddable":true,"href":"https:\/\/sites.uef.fi\/fine\/wp-json\/wp\/v2\/users\/246"}],"replies":[{"embeddable":true,"href":"https:\/\/sites.uef.fi\/fine\/wp-json\/wp\/v2\/comments?post=322"}],"version-history":[{"count":2,"href":"https:\/\/sites.uef.fi\/fine\/wp-json\/wp\/v2\/pages\/322\/revisions"}],"predecessor-version":[{"id":2713,"href":"https:\/\/sites.uef.fi\/fine\/wp-json\/wp\/v2\/pages\/322\/revisions\/2713"}],"up":[{"embeddable":true,"href":"https:\/\/sites.uef.fi\/fine\/wp-json\/wp\/v2\/pages\/300"}],"wp:attachment":[{"href":"https:\/\/sites.uef.fi\/fine\/wp-json\/wp\/v2\/media?parent=322"}],"curies":[{"name":"wp","href":"https:\/\/api.w.org\/{rel}","templated":true}]}}