{"id":551,"date":"2020-11-05T12:17:38","date_gmt":"2020-11-05T10:17:38","guid":{"rendered":"https:\/\/sites.uef.fi\/fine\/?page_id=551"},"modified":"2023-11-07T10:39:35","modified_gmt":"2023-11-07T08:39:35","slug":"kiuas-2","status":"publish","type":"page","link":"https:\/\/sites.uef.fi\/fine\/front-page\/main-on-going-research\/kiuas-2\/","title":{"rendered":"KIUAS-2"},"content":{"rendered":"\n<h1 class=\"wp-block-heading\">Kiukaiden ymp\u00e4rist\u00f6vaikutusten v\u00e4hent\u00e4minen (KIUAS-2)<\/h1>\n\n\n\n<p>Kesto: 1.6.2019-31.12.2023<\/p>\n\n\n\n<p>Hankkeessa mukana: Harvia Finland Oy, Narvi Oy, Teuvan Keitintehdas Oy, Misa Oy, Muko Oy, Premec Oy, IKI-Kiuas Oy, Metallitekniikka Hannu Laajala, Sosiaali- ja terveysministeri\u00f6, Ymp\u00e4rist\u00f6ministeri\u00f6, Helsingin seudun ymp\u00e4rist\u00f6palvelut, Helsingin kaupunki, Kuopion kaupunki, Turun kaupunki, Tampereen kaupunki, Lahden kaupunki, Vantaan kaupunki, Espoon kaupunki, Suomen omakotiliitto<\/p>\n\n\n\n<p>KIUAS2-hankkeessa jatketaan kiukaiden parissa aloitettua ty\u00f6t\u00e4 keskittyen kiukaiden kehitt\u00e4miseen, koulutukseen ja KIUAS\u2013hankkeessa ehdotetun vapaaehtoisen ymp\u00e4rist\u00f6merkinn\u00e4n kriteerist\u00f6n arviointiin ja tarvittaessa edelleen kehitt\u00e4miseen ja mahdolliseen k\u00e4ytt\u00f6\u00f6nottoon. Hankkeella toimeenpannaan kansallisen ilmansuojeluohjelman 2030 ehdotuksia.<\/p>\n\n\n\n<p>Hankkeen tavoitteina ovat<\/p>\n\n\n\n<ul class=\"wp-block-list\">\n<li>tuottaa mittaustietoa, jonka pohjalta kiuasmalleja on yksil\u00f6llisesti mahdollista kehitt\u00e4\u00e4 aiempaa v\u00e4h\u00e4p\u00e4\u00e4st\u00f6isemmiksi ja hy\u00f6tysuhteeltaan tehokkaammiksi<\/li>\n\n\n\n<li>tuottaa tietoa hyvist\u00e4 polttotavoista ja k\u00e4ytt\u00e4jien mahdollisuuksista vaikuttaa p\u00e4\u00e4st\u00f6ihin<\/li>\n\n\n\n<li>selvitt\u00e4\u00e4 puukiukaiden tuottamien hiukkasten pitoisuuksia sis\u00e4ilmassa ja ottaa t\u00e4m\u00e4 huomioon kiukaiden kehitysty\u00f6ss\u00e4<\/li>\n\n\n\n<li>selvitt\u00e4\u00e4 kiukaiden p\u00e4\u00e4st\u00f6jen v\u00e4hent\u00e4miseen vaikuttavia tekij\u00f6it\u00e4 ja uusien halpojen puhdistinratkaisujen k\u00e4ytt\u00f6\u00e4 kiukaissa erikseen rakennettavan tutkimuskiukaan avulla<\/li>\n\n\n\n<li>tuottaa aineistoa kiukaiden standardisointia ja muita kehityshankkeita tukeviin tarpeisiin<\/li>\n\n\n\n<li>tehostaa puun pienpolton p\u00e4\u00e4st\u00f6ihin liittyv\u00e4\u00e4 viestint\u00e4\u00e4 kuluttajille ja uusimman p\u00e4\u00e4st\u00f6tiedon siirtoa kuntien ja viranomaisten k\u00e4ytt\u00f6\u00f6n<\/li>\n\n\n\n<li>ottaa k\u00e4ytt\u00f6\u00f6n ymp\u00e4rist\u00f6merkint\u00e4 kiukaille siten, ett\u00e4 kuluttajien olisi mahdollista valita v\u00e4h\u00e4p\u00e4\u00e4st\u00f6inen kiuas<\/li>\n<\/ul>\n\n\n\n<p>Lis\u00e4tietoja: Doc. Jarkko Tissari, tel. +358 40 355 3237, jarkko.tissari(at)uef.fi<\/p>\n","protected":false},"excerpt":{"rendered":"<p>Kiukaiden ymp\u00e4rist\u00f6vaikutusten v\u00e4hent\u00e4minen (KIUAS-2) Kesto: 1.6.2019-31.12.2023 Hankkeessa mukana: Harvia Finland Oy, Narvi Oy, Teuvan Keitintehdas Oy, Misa Oy, Muko Oy, Premec Oy, IKI-Kiuas Oy, Metallitekniikka Hannu Laajala, Sosiaali- ja terveysministeri\u00f6, Ymp\u00e4rist\u00f6ministeri\u00f6, Helsingin seudun ymp\u00e4rist\u00f6palvelut, Helsingin kaupunki, Kuopion kaupunki, Turun kaupunki, Tampereen kaupunki, Lahden kaupunki, Vantaan kaupunki, Espoon kaupunki, Suomen omakotiliitto KIUAS2-hankkeessa jatketaan kiukaiden parissa aloitettua [&hellip;]<\/p>\n","protected":false},"author":246,"featured_media":0,"parent":146,"menu_order":3,"comment_status":"closed","ping_status":"closed","template":"","meta":{"_acf_changed":false,"footnotes":""},"class_list":["post-551","page","type-page","status-publish","hentry"],"acf":[],"yoast_head":"<!-- This site is optimized with the Yoast SEO plugin v27.1.1 - https:\/\/yoast.com\/product\/yoast-seo-wordpress\/ -->\n<title>KIUAS-2 - Fine Particle and Aerosol Technology Laboratory<\/title>\n<meta name=\"robots\" content=\"index, follow, max-snippet:-1, max-image-preview:large, max-video-preview:-1\" \/>\n<link rel=\"canonical\" href=\"https:\/\/sites.uef.fi\/fine\/front-page\/main-on-going-research\/kiuas-2\/\" \/>\n<meta property=\"og:locale\" content=\"en_US\" \/>\n<meta property=\"og:type\" content=\"article\" \/>\n<meta property=\"og:title\" content=\"KIUAS-2 - Fine Particle and Aerosol Technology Laboratory\" \/>\n<meta property=\"og:description\" content=\"Kiukaiden ymp\u00e4rist\u00f6vaikutusten v\u00e4hent\u00e4minen (KIUAS-2) Kesto: 1.6.2019-31.12.2023 Hankkeessa mukana: Harvia Finland Oy, Narvi Oy, Teuvan Keitintehdas Oy, Misa Oy, Muko Oy, Premec Oy, IKI-Kiuas Oy, Metallitekniikka Hannu Laajala, Sosiaali- ja terveysministeri\u00f6, Ymp\u00e4rist\u00f6ministeri\u00f6, Helsingin seudun ymp\u00e4rist\u00f6palvelut, Helsingin kaupunki, Kuopion kaupunki, Turun kaupunki, Tampereen kaupunki, Lahden kaupunki, Vantaan kaupunki, Espoon kaupunki, Suomen omakotiliitto KIUAS2-hankkeessa jatketaan kiukaiden parissa aloitettua [&hellip;]\" \/>\n<meta property=\"og:url\" content=\"https:\/\/sites.uef.fi\/fine\/front-page\/main-on-going-research\/kiuas-2\/\" \/>\n<meta property=\"og:site_name\" content=\"Fine Particle and Aerosol Technology Laboratory\" \/>\n<meta property=\"article:modified_time\" content=\"2023-11-07T08:39:35+00:00\" \/>\n<meta name=\"twitter:card\" content=\"summary_large_image\" \/>\n<meta name=\"twitter:label1\" content=\"Est. reading time\" \/>\n\t<meta name=\"twitter:data1\" content=\"1 minute\" \/>\n<script type=\"application\/ld+json\" class=\"yoast-schema-graph\">{\"@context\":\"https:\/\/schema.org\",\"@graph\":[{\"@type\":\"WebPage\",\"@id\":\"https:\/\/sites.uef.fi\/fine\/front-page\/main-on-going-research\/kiuas-2\/\",\"url\":\"https:\/\/sites.uef.fi\/fine\/front-page\/main-on-going-research\/kiuas-2\/\",\"name\":\"KIUAS-2 - Fine Particle and Aerosol Technology Laboratory\",\"isPartOf\":{\"@id\":\"https:\/\/sites.uef.fi\/fine\/#website\"},\"datePublished\":\"2020-11-05T10:17:38+00:00\",\"dateModified\":\"2023-11-07T08:39:35+00:00\",\"breadcrumb\":{\"@id\":\"https:\/\/sites.uef.fi\/fine\/front-page\/main-on-going-research\/kiuas-2\/#breadcrumb\"},\"inLanguage\":\"en-US\",\"potentialAction\":[{\"@type\":\"ReadAction\",\"target\":[\"https:\/\/sites.uef.fi\/fine\/front-page\/main-on-going-research\/kiuas-2\/\"]}]},{\"@type\":\"BreadcrumbList\",\"@id\":\"https:\/\/sites.uef.fi\/fine\/front-page\/main-on-going-research\/kiuas-2\/#breadcrumb\",\"itemListElement\":[{\"@type\":\"ListItem\",\"position\":1,\"name\":\"Home\",\"item\":\"https:\/\/sites.uef.fi\/fine\/\"},{\"@type\":\"ListItem\",\"position\":2,\"name\":\"Front page\",\"item\":\"https:\/\/sites.uef.fi\/fine\/\"},{\"@type\":\"ListItem\",\"position\":3,\"name\":\"Research projects\",\"item\":\"https:\/\/sites.uef.fi\/fine\/front-page\/main-on-going-research\/\"},{\"@type\":\"ListItem\",\"position\":4,\"name\":\"KIUAS-2\"}]},{\"@type\":\"WebSite\",\"@id\":\"https:\/\/sites.uef.fi\/fine\/#website\",\"url\":\"https:\/\/sites.uef.fi\/fine\/\",\"name\":\"Fine Particle and Aerosol Technology Laboratory\",\"description\":\"\",\"potentialAction\":[{\"@type\":\"SearchAction\",\"target\":{\"@type\":\"EntryPoint\",\"urlTemplate\":\"https:\/\/sites.uef.fi\/fine\/?s={search_term_string}\"},\"query-input\":{\"@type\":\"PropertyValueSpecification\",\"valueRequired\":true,\"valueName\":\"search_term_string\"}}],\"inLanguage\":\"en-US\"}]}<\/script>\n<!-- \/ Yoast SEO plugin. -->","yoast_head_json":{"title":"KIUAS-2 - Fine Particle and Aerosol Technology Laboratory","robots":{"index":"index","follow":"follow","max-snippet":"max-snippet:-1","max-image-preview":"max-image-preview:large","max-video-preview":"max-video-preview:-1"},"canonical":"https:\/\/sites.uef.fi\/fine\/front-page\/main-on-going-research\/kiuas-2\/","og_locale":"en_US","og_type":"article","og_title":"KIUAS-2 - Fine Particle and Aerosol Technology Laboratory","og_description":"Kiukaiden ymp\u00e4rist\u00f6vaikutusten v\u00e4hent\u00e4minen (KIUAS-2) Kesto: 1.6.2019-31.12.2023 Hankkeessa mukana: Harvia Finland Oy, Narvi Oy, Teuvan Keitintehdas Oy, Misa Oy, Muko Oy, Premec Oy, IKI-Kiuas Oy, Metallitekniikka Hannu Laajala, Sosiaali- ja terveysministeri\u00f6, Ymp\u00e4rist\u00f6ministeri\u00f6, Helsingin seudun ymp\u00e4rist\u00f6palvelut, Helsingin kaupunki, Kuopion kaupunki, Turun kaupunki, Tampereen kaupunki, Lahden kaupunki, Vantaan kaupunki, Espoon kaupunki, Suomen omakotiliitto KIUAS2-hankkeessa jatketaan kiukaiden parissa aloitettua [&hellip;]","og_url":"https:\/\/sites.uef.fi\/fine\/front-page\/main-on-going-research\/kiuas-2\/","og_site_name":"Fine Particle and Aerosol Technology Laboratory","article_modified_time":"2023-11-07T08:39:35+00:00","twitter_card":"summary_large_image","twitter_misc":{"Est. reading time":"1 minute"},"schema":{"@context":"https:\/\/schema.org","@graph":[{"@type":"WebPage","@id":"https:\/\/sites.uef.fi\/fine\/front-page\/main-on-going-research\/kiuas-2\/","url":"https:\/\/sites.uef.fi\/fine\/front-page\/main-on-going-research\/kiuas-2\/","name":"KIUAS-2 - Fine Particle and Aerosol Technology Laboratory","isPartOf":{"@id":"https:\/\/sites.uef.fi\/fine\/#website"},"datePublished":"2020-11-05T10:17:38+00:00","dateModified":"2023-11-07T08:39:35+00:00","breadcrumb":{"@id":"https:\/\/sites.uef.fi\/fine\/front-page\/main-on-going-research\/kiuas-2\/#breadcrumb"},"inLanguage":"en-US","potentialAction":[{"@type":"ReadAction","target":["https:\/\/sites.uef.fi\/fine\/front-page\/main-on-going-research\/kiuas-2\/"]}]},{"@type":"BreadcrumbList","@id":"https:\/\/sites.uef.fi\/fine\/front-page\/main-on-going-research\/kiuas-2\/#breadcrumb","itemListElement":[{"@type":"ListItem","position":1,"name":"Home","item":"https:\/\/sites.uef.fi\/fine\/"},{"@type":"ListItem","position":2,"name":"Front page","item":"https:\/\/sites.uef.fi\/fine\/"},{"@type":"ListItem","position":3,"name":"Research projects","item":"https:\/\/sites.uef.fi\/fine\/front-page\/main-on-going-research\/"},{"@type":"ListItem","position":4,"name":"KIUAS-2"}]},{"@type":"WebSite","@id":"https:\/\/sites.uef.fi\/fine\/#website","url":"https:\/\/sites.uef.fi\/fine\/","name":"Fine Particle and Aerosol Technology Laboratory","description":"","potentialAction":[{"@type":"SearchAction","target":{"@type":"EntryPoint","urlTemplate":"https:\/\/sites.uef.fi\/fine\/?s={search_term_string}"},"query-input":{"@type":"PropertyValueSpecification","valueRequired":true,"valueName":"search_term_string"}}],"inLanguage":"en-US"}]}},"_links":{"self":[{"href":"https:\/\/sites.uef.fi\/fine\/wp-json\/wp\/v2\/pages\/551","targetHints":{"allow":["GET"]}}],"collection":[{"href":"https:\/\/sites.uef.fi\/fine\/wp-json\/wp\/v2\/pages"}],"about":[{"href":"https:\/\/sites.uef.fi\/fine\/wp-json\/wp\/v2\/types\/page"}],"author":[{"embeddable":true,"href":"https:\/\/sites.uef.fi\/fine\/wp-json\/wp\/v2\/users\/246"}],"replies":[{"embeddable":true,"href":"https:\/\/sites.uef.fi\/fine\/wp-json\/wp\/v2\/comments?post=551"}],"version-history":[{"count":2,"href":"https:\/\/sites.uef.fi\/fine\/wp-json\/wp\/v2\/pages\/551\/revisions"}],"predecessor-version":[{"id":2635,"href":"https:\/\/sites.uef.fi\/fine\/wp-json\/wp\/v2\/pages\/551\/revisions\/2635"}],"up":[{"embeddable":true,"href":"https:\/\/sites.uef.fi\/fine\/wp-json\/wp\/v2\/pages\/146"}],"wp:attachment":[{"href":"https:\/\/sites.uef.fi\/fine\/wp-json\/wp\/v2\/media?parent=551"}],"curies":[{"name":"wp","href":"https:\/\/api.w.org\/{rel}","templated":true}]}}