{"id":631,"date":"2020-11-05T15:44:06","date_gmt":"2020-11-05T13:44:06","guid":{"rendered":"https:\/\/sites.uef.fi\/fine\/?page_id=631"},"modified":"2023-11-07T10:51:03","modified_gmt":"2023-11-07T08:51:03","slug":"kiuas","status":"publish","type":"page","link":"https:\/\/sites.uef.fi\/fine\/front-page\/main-on-going-research\/kiuas\/","title":{"rendered":"KIUAS"},"content":{"rendered":"\n<h1 class=\"wp-block-heading\">Kiukaiden p\u00e4\u00e4st\u00f6t ja niiden v\u00e4hent\u00e4minen (KIUAS)<\/h1>\n\n\n\n<p>Kiukaiden p\u00e4\u00e4st\u00f6t ja niiden v\u00e4hent\u00e4minen \u2013KIUAS- tutkimushanke p\u00e4\u00e4ttyi 31.3.2019. Hankkeessa kehitettiin mittauskonsepti, joka on tehokas, nopea ja luotettava tapa verrata kiukaiden toimintaa, tehokkuutta ja todellisia pienhiukkas- ja kaasup\u00e4\u00e4st\u00f6j\u00e4. Mittauksissa havaittiin, ett\u00e4 jokaisella kiuasmallilla on yksil\u00f6llisi\u00e4 ominaisuuksia polttoajan, l\u00e4mp\u00f6tilojen, ilmakertoimen, hy\u00f6tysuhteen ja p\u00e4\u00e4st\u00f6jen osalta. My\u00f6s k\u00e4ytt\u00f6tapa vaikutti kiukaisiin yksil\u00f6llisesti. Pienhiukkasten massap\u00e4\u00e4st\u00f6iss\u00e4 (PM1) oli 7\u2013kertaisia eroja ja polysyklisten aromaattisten hiilivetyjen (PAH) p\u00e4\u00e4st\u00f6iss\u00e4 yli 100\u2013kertaisia eroja kiukaiden v\u00e4lill\u00e4, joten kiukaissa n\u00e4ytt\u00e4isi olevan suuri kehityspotentiaali. Puun kosteudella oli merkitt\u00e4v\u00e4 vaikutus sek\u00e4 p\u00e4\u00e4st\u00f6ihin ett\u00e4 saunan toimintaan, joten kosteus olisikin ehdottomasti huomioitava tarkemmin testausstandardeissa ja vertailtaessa p\u00e4\u00e4st\u00f6tuloksia. Alustavien arvioiden mukaan Suomen kiukaiden pienhiukkasp\u00e4\u00e4st\u00f6arvio alenee t\u00e4m\u00e4n tutkimuksen perusteella noin kolmanneksella, mutta kiukaat ovat silti suurin yksitt\u00e4inen p\u00e4\u00e4st\u00f6l\u00e4hde sek\u00e4 pienhiukkasten massalle ett\u00e4 mustahiilihiukkasille. Tutkimusty\u00f6 kiukaiden parissa jatkuu tulevassa KIUAS -2 tutkimushankkeessa.<\/p>\n\n\n\n<p><a href=\"https:\/\/sites.uef.fi\/fine\/wp-content\/uploads\/sites\/158\/2020\/11\/kiuas_loppuraportti.pdf\">Hankkeen loppuraportti<\/a><\/p>\n\n\n\n<p><a href=\"https:\/\/www.youtube.com\/watch?v=C9HLBMvPwQg&amp;feature=youtu.be\">Video \u201dSauno hiukkasen puhtaammin\u201d<\/a><\/p>\n\n\n\n<p><a href=\"https:\/\/sites.uef.fi\/fine\/front-page\/main-on-going-research\/kiuas\/seminar-23-5-2018\/\">Hankkeessa j\u00e4rjestetyn seminaarin aineisto<\/a><\/p>\n\n\n\n<p>Hanketta on esitelty mm. seuraavissa artikkeleissa:<\/p>\n\n\n\n<p><a href=\"https:\/\/issuu.com\/sauna-lehti\/docs\/sauna_2_2018_verkkoon\">Sauna \u2013lehti<\/a><\/p>\n\n\n\n<p>YLE: <a href=\"https:\/\/yle.fi\/uutiset\/3-9606586\">1<\/a>, <a href=\"https:\/\/yle.fi\/uutiset\/3-9808865\">2<\/a>, <a href=\"https:\/\/yle.fi\/uutiset\/3-10644819\">3<\/a>, <a href=\"https:\/\/yle.fi\/uutiset\/3-10663789\">4<\/a><\/p>\n\n\n\n<p><a href=\"https:\/\/saunologia.fi\/simo-laboratorio\/\">Saunologi.fi-sivusto<\/a><\/p>\n\n\n\n<p>Ilta-Sanomat <a href=\"https:\/\/www.is.fi\/asuminen\/art-2000005559827.html\">1<\/a>, <a href=\"https:\/\/www.is.fi\/kotimaa\/art-2000006049626.html?cs=email\">2<\/a><\/p>\n\n\n\n<p><a href=\"https:\/\/www.mtvuutiset.fi\/artikkeli\/puusaunassa-piilee-vakava-terveysriski-nain-vahennat-pienhiukkaspaastoja\/7301592#gs.k51f6s\">MTV3<\/a><\/p>\n\n\n\n<p><a href=\"https:\/\/www.hs.fi\/kotimaa\/art-2000006015391.html\">HS<\/a><\/p>\n\n\n\n<p>Apu \u2013lehti <a href=\"https:\/\/www.apu.fi\/artikkelit\/puukiuas-on-paastopommi-ala-tee-niin-kuin-on-aina-tehty\">1<\/a>, <a href=\"https:\/\/www.apu.fi\/artikkelit\/saunakansan-uusavuttomuus-kaupunkilaisille-tulossa-polttopuukurssit\">2<\/a><\/p>\n\n\n\n<p>Lis\u00e4tietoja: Doc. Jarkko Tissari, tel. +358 40 355 3237, jarkko.tissari(at)uef.fi<\/p>\n","protected":false},"excerpt":{"rendered":"<p>Kiukaiden p\u00e4\u00e4st\u00f6t ja niiden v\u00e4hent\u00e4minen (KIUAS) Kiukaiden p\u00e4\u00e4st\u00f6t ja niiden v\u00e4hent\u00e4minen \u2013KIUAS- tutkimushanke p\u00e4\u00e4ttyi 31.3.2019. Hankkeessa kehitettiin mittauskonsepti, joka on tehokas, nopea ja luotettava tapa verrata kiukaiden toimintaa, tehokkuutta ja todellisia pienhiukkas- ja kaasup\u00e4\u00e4st\u00f6j\u00e4. Mittauksissa havaittiin, ett\u00e4 jokaisella kiuasmallilla on yksil\u00f6llisi\u00e4 ominaisuuksia polttoajan, l\u00e4mp\u00f6tilojen, ilmakertoimen, hy\u00f6tysuhteen ja p\u00e4\u00e4st\u00f6jen osalta. My\u00f6s k\u00e4ytt\u00f6tapa vaikutti kiukaisiin yksil\u00f6llisesti. Pienhiukkasten [&hellip;]<\/p>\n","protected":false},"author":246,"featured_media":0,"parent":146,"menu_order":12,"comment_status":"closed","ping_status":"closed","template":"","meta":{"_acf_changed":false,"footnotes":""},"class_list":["post-631","page","type-page","status-publish","hentry"],"acf":[],"yoast_head":"<!-- This site is optimized with the Yoast SEO plugin v27.1.1 - https:\/\/yoast.com\/product\/yoast-seo-wordpress\/ -->\n<title>KIUAS - Fine Particle and Aerosol Technology Laboratory<\/title>\n<meta name=\"robots\" content=\"index, follow, max-snippet:-1, max-image-preview:large, max-video-preview:-1\" \/>\n<link rel=\"canonical\" href=\"https:\/\/sites.uef.fi\/fine\/front-page\/main-on-going-research\/kiuas\/\" \/>\n<meta property=\"og:locale\" content=\"en_US\" \/>\n<meta property=\"og:type\" content=\"article\" \/>\n<meta property=\"og:title\" content=\"KIUAS - Fine Particle and Aerosol Technology Laboratory\" \/>\n<meta property=\"og:description\" content=\"Kiukaiden p\u00e4\u00e4st\u00f6t ja niiden v\u00e4hent\u00e4minen (KIUAS) Kiukaiden p\u00e4\u00e4st\u00f6t ja niiden v\u00e4hent\u00e4minen \u2013KIUAS- tutkimushanke p\u00e4\u00e4ttyi 31.3.2019. Hankkeessa kehitettiin mittauskonsepti, joka on tehokas, nopea ja luotettava tapa verrata kiukaiden toimintaa, tehokkuutta ja todellisia pienhiukkas- ja kaasup\u00e4\u00e4st\u00f6j\u00e4. Mittauksissa havaittiin, ett\u00e4 jokaisella kiuasmallilla on yksil\u00f6llisi\u00e4 ominaisuuksia polttoajan, l\u00e4mp\u00f6tilojen, ilmakertoimen, hy\u00f6tysuhteen ja p\u00e4\u00e4st\u00f6jen osalta. My\u00f6s k\u00e4ytt\u00f6tapa vaikutti kiukaisiin yksil\u00f6llisesti. Pienhiukkasten [&hellip;]\" \/>\n<meta property=\"og:url\" content=\"https:\/\/sites.uef.fi\/fine\/front-page\/main-on-going-research\/kiuas\/\" \/>\n<meta property=\"og:site_name\" content=\"Fine Particle and Aerosol Technology Laboratory\" \/>\n<meta property=\"article:modified_time\" content=\"2023-11-07T08:51:03+00:00\" \/>\n<meta name=\"twitter:card\" content=\"summary_large_image\" \/>\n<meta name=\"twitter:label1\" content=\"Est. reading time\" \/>\n\t<meta name=\"twitter:data1\" content=\"1 minute\" \/>\n<script type=\"application\/ld+json\" class=\"yoast-schema-graph\">{\"@context\":\"https:\/\/schema.org\",\"@graph\":[{\"@type\":\"WebPage\",\"@id\":\"https:\/\/sites.uef.fi\/fine\/front-page\/main-on-going-research\/kiuas\/\",\"url\":\"https:\/\/sites.uef.fi\/fine\/front-page\/main-on-going-research\/kiuas\/\",\"name\":\"KIUAS - Fine Particle and Aerosol Technology Laboratory\",\"isPartOf\":{\"@id\":\"https:\/\/sites.uef.fi\/fine\/#website\"},\"datePublished\":\"2020-11-05T13:44:06+00:00\",\"dateModified\":\"2023-11-07T08:51:03+00:00\",\"breadcrumb\":{\"@id\":\"https:\/\/sites.uef.fi\/fine\/front-page\/main-on-going-research\/kiuas\/#breadcrumb\"},\"inLanguage\":\"en-US\",\"potentialAction\":[{\"@type\":\"ReadAction\",\"target\":[\"https:\/\/sites.uef.fi\/fine\/front-page\/main-on-going-research\/kiuas\/\"]}]},{\"@type\":\"BreadcrumbList\",\"@id\":\"https:\/\/sites.uef.fi\/fine\/front-page\/main-on-going-research\/kiuas\/#breadcrumb\",\"itemListElement\":[{\"@type\":\"ListItem\",\"position\":1,\"name\":\"Home\",\"item\":\"https:\/\/sites.uef.fi\/fine\/\"},{\"@type\":\"ListItem\",\"position\":2,\"name\":\"Front page\",\"item\":\"https:\/\/sites.uef.fi\/fine\/\"},{\"@type\":\"ListItem\",\"position\":3,\"name\":\"Research projects\",\"item\":\"https:\/\/sites.uef.fi\/fine\/front-page\/main-on-going-research\/\"},{\"@type\":\"ListItem\",\"position\":4,\"name\":\"KIUAS\"}]},{\"@type\":\"WebSite\",\"@id\":\"https:\/\/sites.uef.fi\/fine\/#website\",\"url\":\"https:\/\/sites.uef.fi\/fine\/\",\"name\":\"Fine Particle and Aerosol Technology Laboratory\",\"description\":\"\",\"potentialAction\":[{\"@type\":\"SearchAction\",\"target\":{\"@type\":\"EntryPoint\",\"urlTemplate\":\"https:\/\/sites.uef.fi\/fine\/?s={search_term_string}\"},\"query-input\":{\"@type\":\"PropertyValueSpecification\",\"valueRequired\":true,\"valueName\":\"search_term_string\"}}],\"inLanguage\":\"en-US\"}]}<\/script>\n<!-- \/ Yoast SEO plugin. -->","yoast_head_json":{"title":"KIUAS - Fine Particle and Aerosol Technology Laboratory","robots":{"index":"index","follow":"follow","max-snippet":"max-snippet:-1","max-image-preview":"max-image-preview:large","max-video-preview":"max-video-preview:-1"},"canonical":"https:\/\/sites.uef.fi\/fine\/front-page\/main-on-going-research\/kiuas\/","og_locale":"en_US","og_type":"article","og_title":"KIUAS - Fine Particle and Aerosol Technology Laboratory","og_description":"Kiukaiden p\u00e4\u00e4st\u00f6t ja niiden v\u00e4hent\u00e4minen (KIUAS) Kiukaiden p\u00e4\u00e4st\u00f6t ja niiden v\u00e4hent\u00e4minen \u2013KIUAS- tutkimushanke p\u00e4\u00e4ttyi 31.3.2019. Hankkeessa kehitettiin mittauskonsepti, joka on tehokas, nopea ja luotettava tapa verrata kiukaiden toimintaa, tehokkuutta ja todellisia pienhiukkas- ja kaasup\u00e4\u00e4st\u00f6j\u00e4. Mittauksissa havaittiin, ett\u00e4 jokaisella kiuasmallilla on yksil\u00f6llisi\u00e4 ominaisuuksia polttoajan, l\u00e4mp\u00f6tilojen, ilmakertoimen, hy\u00f6tysuhteen ja p\u00e4\u00e4st\u00f6jen osalta. My\u00f6s k\u00e4ytt\u00f6tapa vaikutti kiukaisiin yksil\u00f6llisesti. Pienhiukkasten [&hellip;]","og_url":"https:\/\/sites.uef.fi\/fine\/front-page\/main-on-going-research\/kiuas\/","og_site_name":"Fine Particle and Aerosol Technology Laboratory","article_modified_time":"2023-11-07T08:51:03+00:00","twitter_card":"summary_large_image","twitter_misc":{"Est. reading time":"1 minute"},"schema":{"@context":"https:\/\/schema.org","@graph":[{"@type":"WebPage","@id":"https:\/\/sites.uef.fi\/fine\/front-page\/main-on-going-research\/kiuas\/","url":"https:\/\/sites.uef.fi\/fine\/front-page\/main-on-going-research\/kiuas\/","name":"KIUAS - Fine Particle and Aerosol Technology Laboratory","isPartOf":{"@id":"https:\/\/sites.uef.fi\/fine\/#website"},"datePublished":"2020-11-05T13:44:06+00:00","dateModified":"2023-11-07T08:51:03+00:00","breadcrumb":{"@id":"https:\/\/sites.uef.fi\/fine\/front-page\/main-on-going-research\/kiuas\/#breadcrumb"},"inLanguage":"en-US","potentialAction":[{"@type":"ReadAction","target":["https:\/\/sites.uef.fi\/fine\/front-page\/main-on-going-research\/kiuas\/"]}]},{"@type":"BreadcrumbList","@id":"https:\/\/sites.uef.fi\/fine\/front-page\/main-on-going-research\/kiuas\/#breadcrumb","itemListElement":[{"@type":"ListItem","position":1,"name":"Home","item":"https:\/\/sites.uef.fi\/fine\/"},{"@type":"ListItem","position":2,"name":"Front page","item":"https:\/\/sites.uef.fi\/fine\/"},{"@type":"ListItem","position":3,"name":"Research projects","item":"https:\/\/sites.uef.fi\/fine\/front-page\/main-on-going-research\/"},{"@type":"ListItem","position":4,"name":"KIUAS"}]},{"@type":"WebSite","@id":"https:\/\/sites.uef.fi\/fine\/#website","url":"https:\/\/sites.uef.fi\/fine\/","name":"Fine Particle and Aerosol Technology Laboratory","description":"","potentialAction":[{"@type":"SearchAction","target":{"@type":"EntryPoint","urlTemplate":"https:\/\/sites.uef.fi\/fine\/?s={search_term_string}"},"query-input":{"@type":"PropertyValueSpecification","valueRequired":true,"valueName":"search_term_string"}}],"inLanguage":"en-US"}]}},"_links":{"self":[{"href":"https:\/\/sites.uef.fi\/fine\/wp-json\/wp\/v2\/pages\/631","targetHints":{"allow":["GET"]}}],"collection":[{"href":"https:\/\/sites.uef.fi\/fine\/wp-json\/wp\/v2\/pages"}],"about":[{"href":"https:\/\/sites.uef.fi\/fine\/wp-json\/wp\/v2\/types\/page"}],"author":[{"embeddable":true,"href":"https:\/\/sites.uef.fi\/fine\/wp-json\/wp\/v2\/users\/246"}],"replies":[{"embeddable":true,"href":"https:\/\/sites.uef.fi\/fine\/wp-json\/wp\/v2\/comments?post=631"}],"version-history":[{"count":2,"href":"https:\/\/sites.uef.fi\/fine\/wp-json\/wp\/v2\/pages\/631\/revisions"}],"predecessor-version":[{"id":2683,"href":"https:\/\/sites.uef.fi\/fine\/wp-json\/wp\/v2\/pages\/631\/revisions\/2683"}],"up":[{"embeddable":true,"href":"https:\/\/sites.uef.fi\/fine\/wp-json\/wp\/v2\/pages\/146"}],"wp:attachment":[{"href":"https:\/\/sites.uef.fi\/fine\/wp-json\/wp\/v2\/media?parent=631"}],"curies":[{"name":"wp","href":"https:\/\/api.w.org\/{rel}","templated":true}]}}