{"id":66,"date":"2020-09-29T12:17:51","date_gmt":"2020-09-29T09:17:51","guid":{"rendered":"https:\/\/sites.uef.fi\/fine\/?page_id=66"},"modified":"2025-09-18T09:44:14","modified_gmt":"2025-09-18T06:44:14","slug":"news","status":"publish","type":"page","link":"https:\/\/sites.uef.fi\/fine\/front-page\/news\/","title":{"rendered":"News"},"content":{"rendered":"\n<h2 class=\"wp-block-heading\">SmokeFreeHomes Nepal project: Strengthening Research Capacity through Seminars &#8211; Part 1 November 10th 2025 (18.9.2025)<\/h2>\n\n\n\n<p>Read more (<a href=\"https:\/\/sites.uef.fi\/fine\/front-page\/main-on-going-research\/technological-and-socio-economic-solutions-to-reduce-indoor-air-pollution-in-nepal-smokefreehomes-nepal\/strengthening-research-capacity-through-seminars\/\">link to page<\/a>)<\/p>\n\n\n\n<h2 class=\"wp-block-heading\">Save the Date: Workshop on Kathmandu\/Online &#8211; 17th&nbsp;October 2024 (28.6.2024)<\/h2>\n\n\n\n<p>Read more (<a href=\"https:\/\/sites.uef.fi\/fine\/technological-and-socio-economic-solutions-to-reduce-indoor-air-pollution-in-nepal-smokefreehomes-nepal\/workshop-on-kathmandu-online-17th-october-2024\/\">link to workshop web page<\/a>)<\/p>\n\n\n\n<h2 class=\"wp-block-heading\">VOKUS project provides information about the carbon-neutral energy production and circular economy in power plant boilers (11.3.2024)<\/h2>\n\n\n\n<p>A new project \u201dPower plants as part of Circular Economy and Renewable energy solutions\u201d (Voimalaitoskattilat osana kiertotalouden ja uusiutuvan energian ratkaisuja, VOKUS), funded by the European Union and The Regional Council of Pohjois-Savo (Just Transition Fund) develops the operations of North-Savo&#8217;s energy sector. Read more (<a href=\"https:\/\/sites.uef.fi\/fine\/voimalaitoskattilat-osana-kiertotalouden-ja-uusiutuvan-energian-ratkaisuja-vokus\/\">link to project web pages<\/a>).<\/p>\n\n\n\n<h2 class=\"wp-block-heading\">SmokeFreeHomes Nepal project clarifies levels of indoor air pollutants in Nepalese homes and aims to reduce the exposure (11.3.2024)<\/h2>\n\n\n\n<p>SmokeFreeHomes Nepal (Technological and socio-economic solutions to reduce indoor air pollution in Nepal) project will clarify the levels of indoor air pollutants, estimate emission factors and SOA potential, aim to reduce the exposure for indoor air pollutants and produce information for the assessment of health and climate effects and for Nepalese emission database and energy policies. The project is part of the research programme DEVELOP2 (the Academy Programme for Development Research) and is funded by the Ministry for Foreign Affairs of Finland. Kathmandu University and Tribhuvan University will serve as partner institutions. Read more (<a href=\"https:\/\/sites.uef.fi\/fine\/technological-and-socio-economic-solutions-to-reduce-indoor-air-pollution-in-nepal-smokefreehomes-nepal\/\">link to project web pages<\/a>).<\/p>\n\n\n\n<h2 class=\"wp-block-heading\">Ajankohtaista puun pienpoltosta \u2013 pienpolton p\u00e4\u00e4st\u00f6t, ilmanlaatu ja terveys \u2013seminaari 14.11.2023<\/h2>\n\n\n\n<p>It\u00e4-Suomen yliopiston Pienhiukkas- ja aerosolitekniikan laboratorio on j\u00e4rjest\u00e4nyt pienpolttoon liittyvi\u00e4 symposiumeja, seminaareja ja yleis\u00f6tapahtumia jo reilun parin vuosikymmenen ajan. Nyt j\u00e4rjestett\u00e4v\u00e4 yleis\u00f6lle avoin ajankohtaisseminaari on samalla p\u00e4\u00e4ttyv\u00e4n KIUAS-2-hankkeen loppuseminaari. Seminaarissa esitell\u00e4\u00e4n my\u00f6s EU:n komission LIFE-ohjelman rahoittaman Real-LIFE Emissions -hankkeen tuloksia. &nbsp;<a href=\"https:\/\/sites.uef.fi\/fine\/wp-content\/uploads\/sites\/158\/2023\/09\/Kiuas2esite.pdf\">Seminaarin esite ja ohjelma (linkki PDF-tiedostoon)<\/a><\/p>\n\n\n\n<h2 class=\"wp-block-heading\">2nd symposium on carbon dioxide capture, storage and utilization in Kuopio November 3-4, 2022 (24.10.2022)<\/h2>\n\n\n\n<p>Read more from the MOF project pages (<a href=\"https:\/\/sites.uef.fi\/fine\/front-page\/main-on-going-research\/mofc1\/\">link to the web pages<\/a>).<\/p>\n\n\n\n<h2 class=\"wp-block-heading\">1 st international real-life emissions workshop on small-scale combustion in Kuopio on November 9, 2022 (14.10.2022)<\/h2>\n\n\n\n<p>Read more about the workshop organized by the Real-LIFE emissions project consortium (<a href=\"https:\/\/sites.uef.fi\/real-life-emissions\/homepage\/workshops\/\">link to project web pages<\/a>).<\/p>\n\n\n\n<h2 class=\"wp-block-heading\">Olli Sippula appointed as Professor in Emissions of Combustion Processes at the University of Eastern Finland (27.5.2022)<\/h2>\n\n\n\n<p>Olli Sippula appointed as Professor 1 March 2022. Read more (<a href=\"https:\/\/www.uef.fi\/en\/article\/emissions-from-combustion-processes-have-many-adverse-effects-and-new-methods-are-needed-to-control\">link to UEF web pages<\/a>).<\/p>\n\n\n\n<h2 class=\"wp-block-heading\">ULTRAHAS project provides information about ultrafine particles from different transport modes (7.4.2022)<\/h2>\n\n\n\n<p>ULTRHAS (ULtrafine particles from TRansportation \u2013 Health Assessment of Sources) project will provide enhanced understanding of the health threats posed by ultrafine particles from different transport modes, optimize a framework for toxicity and hazard assessment of aerosols, and provide guidance for prioritization of mitigation measures and future legislation on air pollutants. The project is funded by the EU\u2019s Research and Innovation programme Horizon 2020. Read more in Finnish (<a href=\"https:\/\/www.uef.fi\/fi\/artikkeli\/liikennemuotojen-paastoille-uusi-vaaraluokitus\">link to UEF web page<\/a>) or in English (<a href=\"https:\/\/www.fhi.no\/en\/studies\/ultrhas\/\">link to project web pages<\/a>).<\/p>\n\n\n\n<h2 class=\"wp-block-heading\">Doctoral dissertation of MSc (tech) Heikki Suhonen (29.10.2021)<\/h2>\n\n\n\n<p>The doctoral dissertation of MSc (tech) Heikki Suhonen, entitled \u201cNovel electrical particle emission reduction methods for small-scale biomass combustion\u201d will be examined at the Faculty of Science and Forestry on 29.10.2021 in Kuopio. The opponent in the public examination will be Professor, Dr. Heinz Burtscher, University of Applied Sciences and Arts Northwestern Switzerland, Switzerland, and the custos will be Associate Professor Olli Sippula, University of Eastern Finland. Read more (<a href=\"https:\/\/www.uef.fi\/fi\/artikkeli\/di-heikki-suhonen-vaitos-29102021-uutta-teknologiaa-puun-pienpolton-paastojen-vahentamiseen\">link to UEF web page<\/a>).<\/p>\n\n\n\n<h2 class=\"wp-block-heading\">Novel fine particle reduction method for small-scale wood combustion (26.8.2021)<\/h2>\n\n\n\n<p>Novel fine particle reduction method for small-scale wood combustion was developed in FINE laboratory. <a href=\"https:\/\/www.uef.fi\/fi\/artikkeli\/uusi-menetelma-puun-pienpolton-hiukkaspaastojen-vahentamiseksi\">Read more in Finnish (link to UEF web page)<\/a>.<\/p>\n\n\n\n<h2 class=\"wp-block-heading\">YLE news: Emission certificate for sauna stoves is planned (4.2.2021)<\/h2>\n\n\n\n<p>YLE reported about sauna stove emission and visited SIMO residential wood combustion simulator (<a href=\"https:\/\/yle.fi\/uutiset\/3-11770021\">link to the YLE news, in Finnish<\/a>).<\/p>\n\n\n\n<h2 class=\"wp-block-heading\">New information about photochemical transformation of residential wood combustion emissions (26.11.2020)<\/h2>\n\n\n\n<p>Photochemical transformation of residential wood combustion emissions was investigated in ILMARI research unit. <a href=\"https:\/\/www.ilmatieteenlaitos.fi\/uutinen\/5RTyRKLSQfj9ZGem8K5Lpl\">Read more in Finnish (link to Finnish Meteorological Institute web pages<\/a>).<\/p>\n\n\n\n<h2 class=\"wp-block-heading\">Doctoral dissertation of MSc Julija Grigonyte-Lopez Rodriguez (18.11.2020)<\/h2>\n\n\n\n<p>The doctoral dissertation of MSc Julija Grigonyte-Lopez Rodriguez, entitled Reduction of fine particle emissions from small-scale wood combustion using a novel heat exchanger system will be examined at the Faculty of Science and Forestry on the 4th of December in Kuopio. The opponent in the public examination will be Laboratory Support Scientific Consultant, PhD Terttaliisa Lind, Paul Scherrer Institut, Switzerland, and the custos will be Professor Jorma Jokiniemi, University of Eastern Finland. <a href=\"https:\/\/www.uef.fi\/en\/article\/reduction-of-fine-particle-emissions-from-small-scale-wood-combustion-using-a-novel-heat-exchanger\">Read more (link to UEF web page).<\/a><\/p>\n","protected":false},"excerpt":{"rendered":"<p>SmokeFreeHomes Nepal project: Strengthening Research Capacity through Seminars &#8211; Part 1 November 10th 2025 (18.9.2025) Read more (link to page) Save the Date: Workshop on Kathmandu\/Online &#8211; 17th&nbsp;October 2024 (28.6.2024) Read more (link to workshop web page) VOKUS project provides information about the carbon-neutral energy production and circular economy in power plant boilers (11.3.2024) A [&hellip;]<\/p>\n","protected":false},"author":246,"featured_media":0,"parent":32,"menu_order":1,"comment_status":"closed","ping_status":"closed","template":"","meta":{"_acf_changed":false,"footnotes":""},"class_list":["post-66","page","type-page","status-publish","hentry"],"acf":[],"yoast_head":"<!-- This site is optimized with the Yoast SEO plugin v27.1.1 - https:\/\/yoast.com\/product\/yoast-seo-wordpress\/ -->\n<title>News - Fine Particle and Aerosol Technology Laboratory<\/title>\n<meta name=\"robots\" content=\"index, follow, max-snippet:-1, max-image-preview:large, max-video-preview:-1\" \/>\n<link rel=\"canonical\" href=\"https:\/\/sites.uef.fi\/fine\/front-page\/news\/\" \/>\n<meta property=\"og:locale\" content=\"en_US\" \/>\n<meta property=\"og:type\" content=\"article\" \/>\n<meta property=\"og:title\" content=\"News - Fine Particle and Aerosol Technology Laboratory\" \/>\n<meta property=\"og:description\" content=\"SmokeFreeHomes Nepal project: Strengthening Research Capacity through Seminars &#8211; Part 1 November 10th 2025 (18.9.2025) Read more (link to page) Save the Date: Workshop on Kathmandu\/Online &#8211; 17th&nbsp;October 2024 (28.6.2024) Read more (link to workshop web page) VOKUS project provides information about the carbon-neutral energy production and circular economy in power plant boilers (11.3.2024) A [&hellip;]\" \/>\n<meta property=\"og:url\" content=\"https:\/\/sites.uef.fi\/fine\/front-page\/news\/\" \/>\n<meta property=\"og:site_name\" content=\"Fine Particle and Aerosol Technology Laboratory\" \/>\n<meta property=\"article:modified_time\" content=\"2025-09-18T06:44:14+00:00\" \/>\n<meta name=\"twitter:card\" content=\"summary_large_image\" \/>\n<meta name=\"twitter:label1\" content=\"Est. reading time\" \/>\n\t<meta name=\"twitter:data1\" content=\"4 minutes\" \/>\n<script type=\"application\/ld+json\" class=\"yoast-schema-graph\">{\"@context\":\"https:\/\/schema.org\",\"@graph\":[{\"@type\":\"WebPage\",\"@id\":\"https:\/\/sites.uef.fi\/fine\/front-page\/news\/\",\"url\":\"https:\/\/sites.uef.fi\/fine\/front-page\/news\/\",\"name\":\"News - Fine Particle and Aerosol Technology Laboratory\",\"isPartOf\":{\"@id\":\"https:\/\/sites.uef.fi\/fine\/#website\"},\"datePublished\":\"2020-09-29T09:17:51+00:00\",\"dateModified\":\"2025-09-18T06:44:14+00:00\",\"breadcrumb\":{\"@id\":\"https:\/\/sites.uef.fi\/fine\/front-page\/news\/#breadcrumb\"},\"inLanguage\":\"en-US\",\"potentialAction\":[{\"@type\":\"ReadAction\",\"target\":[\"https:\/\/sites.uef.fi\/fine\/front-page\/news\/\"]}]},{\"@type\":\"BreadcrumbList\",\"@id\":\"https:\/\/sites.uef.fi\/fine\/front-page\/news\/#breadcrumb\",\"itemListElement\":[{\"@type\":\"ListItem\",\"position\":1,\"name\":\"Home\",\"item\":\"https:\/\/sites.uef.fi\/fine\/\"},{\"@type\":\"ListItem\",\"position\":2,\"name\":\"Front page\",\"item\":\"https:\/\/sites.uef.fi\/fine\/\"},{\"@type\":\"ListItem\",\"position\":3,\"name\":\"News\"}]},{\"@type\":\"WebSite\",\"@id\":\"https:\/\/sites.uef.fi\/fine\/#website\",\"url\":\"https:\/\/sites.uef.fi\/fine\/\",\"name\":\"Fine Particle and Aerosol Technology Laboratory\",\"description\":\"\",\"potentialAction\":[{\"@type\":\"SearchAction\",\"target\":{\"@type\":\"EntryPoint\",\"urlTemplate\":\"https:\/\/sites.uef.fi\/fine\/?s={search_term_string}\"},\"query-input\":{\"@type\":\"PropertyValueSpecification\",\"valueRequired\":true,\"valueName\":\"search_term_string\"}}],\"inLanguage\":\"en-US\"}]}<\/script>\n<!-- \/ Yoast SEO plugin. -->","yoast_head_json":{"title":"News - Fine Particle and Aerosol Technology Laboratory","robots":{"index":"index","follow":"follow","max-snippet":"max-snippet:-1","max-image-preview":"max-image-preview:large","max-video-preview":"max-video-preview:-1"},"canonical":"https:\/\/sites.uef.fi\/fine\/front-page\/news\/","og_locale":"en_US","og_type":"article","og_title":"News - Fine Particle and Aerosol Technology Laboratory","og_description":"SmokeFreeHomes Nepal project: Strengthening Research Capacity through Seminars &#8211; Part 1 November 10th 2025 (18.9.2025) Read more (link to page) Save the Date: Workshop on Kathmandu\/Online &#8211; 17th&nbsp;October 2024 (28.6.2024) Read more (link to workshop web page) VOKUS project provides information about the carbon-neutral energy production and circular economy in power plant boilers (11.3.2024) A [&hellip;]","og_url":"https:\/\/sites.uef.fi\/fine\/front-page\/news\/","og_site_name":"Fine Particle and Aerosol Technology Laboratory","article_modified_time":"2025-09-18T06:44:14+00:00","twitter_card":"summary_large_image","twitter_misc":{"Est. reading time":"4 minutes"},"schema":{"@context":"https:\/\/schema.org","@graph":[{"@type":"WebPage","@id":"https:\/\/sites.uef.fi\/fine\/front-page\/news\/","url":"https:\/\/sites.uef.fi\/fine\/front-page\/news\/","name":"News - Fine Particle and Aerosol Technology Laboratory","isPartOf":{"@id":"https:\/\/sites.uef.fi\/fine\/#website"},"datePublished":"2020-09-29T09:17:51+00:00","dateModified":"2025-09-18T06:44:14+00:00","breadcrumb":{"@id":"https:\/\/sites.uef.fi\/fine\/front-page\/news\/#breadcrumb"},"inLanguage":"en-US","potentialAction":[{"@type":"ReadAction","target":["https:\/\/sites.uef.fi\/fine\/front-page\/news\/"]}]},{"@type":"BreadcrumbList","@id":"https:\/\/sites.uef.fi\/fine\/front-page\/news\/#breadcrumb","itemListElement":[{"@type":"ListItem","position":1,"name":"Home","item":"https:\/\/sites.uef.fi\/fine\/"},{"@type":"ListItem","position":2,"name":"Front page","item":"https:\/\/sites.uef.fi\/fine\/"},{"@type":"ListItem","position":3,"name":"News"}]},{"@type":"WebSite","@id":"https:\/\/sites.uef.fi\/fine\/#website","url":"https:\/\/sites.uef.fi\/fine\/","name":"Fine Particle and Aerosol Technology Laboratory","description":"","potentialAction":[{"@type":"SearchAction","target":{"@type":"EntryPoint","urlTemplate":"https:\/\/sites.uef.fi\/fine\/?s={search_term_string}"},"query-input":{"@type":"PropertyValueSpecification","valueRequired":true,"valueName":"search_term_string"}}],"inLanguage":"en-US"}]}},"_links":{"self":[{"href":"https:\/\/sites.uef.fi\/fine\/wp-json\/wp\/v2\/pages\/66","targetHints":{"allow":["GET"]}}],"collection":[{"href":"https:\/\/sites.uef.fi\/fine\/wp-json\/wp\/v2\/pages"}],"about":[{"href":"https:\/\/sites.uef.fi\/fine\/wp-json\/wp\/v2\/types\/page"}],"author":[{"embeddable":true,"href":"https:\/\/sites.uef.fi\/fine\/wp-json\/wp\/v2\/users\/246"}],"replies":[{"embeddable":true,"href":"https:\/\/sites.uef.fi\/fine\/wp-json\/wp\/v2\/comments?post=66"}],"version-history":[{"count":2,"href":"https:\/\/sites.uef.fi\/fine\/wp-json\/wp\/v2\/pages\/66\/revisions"}],"predecessor-version":[{"id":3141,"href":"https:\/\/sites.uef.fi\/fine\/wp-json\/wp\/v2\/pages\/66\/revisions\/3141"}],"up":[{"embeddable":true,"href":"https:\/\/sites.uef.fi\/fine\/wp-json\/wp\/v2\/pages\/32"}],"wp:attachment":[{"href":"https:\/\/sites.uef.fi\/fine\/wp-json\/wp\/v2\/media?parent=66"}],"curies":[{"name":"wp","href":"https:\/\/api.w.org\/{rel}","templated":true}]}}