{"id":134,"date":"2022-01-18T16:27:45","date_gmt":"2022-01-18T16:27:45","guid":{"rendered":"https:\/\/sites.uef.fi\/flaiec\/?page_id=134"},"modified":"2026-03-27T11:59:35","modified_gmt":"2026-03-27T09:59:35","slug":"keynotes","status":"publish","type":"page","link":"https:\/\/sites.uef.fi\/flaiec\/keynotes\/","title":{"rendered":"Keynote speakers 2026"},"content":{"rendered":"\n<p><strong>FLAIEC <\/strong>2026 has excellent keynotes. We are very happy to welcome professor Bart Rientes, senior lecturer Eduardo Oliveira, professor P\u00e4ivi H\u00e4kkinen and professor Teemu Roos to Joensuu in October!<\/p>\n\n\n\n<p>Details about keynote speakers and their presentations are presented below.<\/p>\n\n\n\n<div class=\"person-card\">\n        <h2>Keynotes 2026<\/h2>\n    \n                    <a href=\"https:\/\/iet.open.ac.uk\/people\/bart.rienties\" class=\"person-card-link hover-scale-down\">\n                            <div class=\"person-card-item\">\n                    <div class=\"person-card-column-left\">\n                                                    <img decoding=\"async\" class=\"person-card-image\" src=\"https:\/\/sites.uef.fi\/flaiec\/wp-content\/uploads\/sites\/341\/2026\/03\/Bart_Rienties_large_colour.jpg\" alt=\"Bart Rienties\" \/>\n                                            <\/div>\n\n                    <div class=\"person-card-column-right\">\n                                                <p class=\"person-card-name\">Bart Rienties<\/p>\n                        \n                                                <p class=\"person-card-position\"> Professor of Learning Analytics<\/p>\n                        \n                                                <p class=\"person-card-organisation\">Open University UK<\/p>\n                        \n                        \n                                                    <div>\n\t\t\t\t\t\t\t<svg xmlns=\"http:\/\/www.w3.org\/2000\/svg\" height=\"25px\" viewBox=\"0 -960 960 960\" width=\"24px\" ><path fill=\"currentColor\" d=\"M200-120q-33 0-56.5-23.5T120-200v-560q0-33 23.5-56.5T200-840h280v80H200v560h560v-280h80v280q0 33-23.5 56.5T760-120H200Zm188-212-56-56 372-372H560v-80h280v280h-80v-144L388-332Z\"\/><\/svg>\t\t\t\t\t\t\t<\/div>\n                                            <\/div>\n                <\/div>\n                            <\/a>\n                            <\/div>\n\n\n\t<div id=\"accordion-block_fcf22da63bb3ca94999cfc0cab0ee23b\" class=\"accordions\">\n\t\t\t\t\t<div class=\"accordion accordion-js\">\n\t\t\t\t<button class=\"accordion__button\" aria-controls=\"content-9529\" aria-expanded=\"false\" id=\"accordion-control-9529\">\n\t\t\t\t\t<h3 class=\"accordion__heading\" >\n\t\t\t\t\t\tKeynote bio: Bart Rienties\t\t\t\t\t<\/h3>\n\t\t\t\t<\/button>\n\t\t\t\t<div class=\"accordion__content\" role=\"region\" aria-labelledby=\"accordion-control-9529\" aria-hidden=\"true\" id=\"content-9529\">\n\t\t\t\t\t<p><span data-olk-copy-source=\"MessageBody\">Dr. Bart Rienties is Professor of Learning Analytics and Director of the Institute of Educational Technology (IET) at the Open University UK (OU). Since IET was established in 1970 we have been central to the OU\u2019s mission to be the world leader in researching, innovating and delivering supported, open and distance learning. As educational psychologist, he conducts multi-disciplinary research on work-based and collaborative learning environments and focuses on the role of social interaction in learning, which is published in leading academic journals and books. His primary research interests are focussed on Learning Analytics, Learning Design, and the role of motivation in learning. Furthermore, Bart is interested in broader internationalisation aspects of higher education. He has successfully led a range of institutional\/national\/European projects, currently leads the \u00a35M Research Capacity Hub for ESRC, and has received a range of awards for his educational innovation projects. Until May 2026 he is President of the Society of Learning Analytics Research (SoLAR), the largest researcher community on learning analytics. He has published over 300 academic outputs, and is the 1st most published and cited author on learning design and learning analytics in the period 2014-2023 (Drugova et al. 2024), the 2nd most published author on learning analytics in period 2004-2024 (K\u0131l\u0131\u00e7 &amp; \u0130zmirli, 2024), Networks in Education in period 1969-2020 (Saqr et al. 2022), and social network analysis in period 1988-2022 (Gandasari et al., 2024)<\/span><\/p>\n\t\t\t\t<\/div>\n\t\t\t<\/div>\n\t\t\t<\/div>\n\t\n\n\t<div id=\"accordion-block_abcba105618cc77263a3e95a4b1fda72\" class=\"accordions\">\n\t\t\t\t\t<div class=\"accordion accordion-js\">\n\t\t\t\t<button class=\"accordion__button\" aria-controls=\"content-7639\" aria-expanded=\"false\" id=\"accordion-control-7639\">\n\t\t\t\t\t<h3 class=\"accordion__heading\" >\n\t\t\t\t\t\tKeynote abstract: Is there still a need for learning analytics in the age of AI: lessons learned from the Open University UK\t\t\t\t\t<\/h3>\n\t\t\t\t<\/button>\n\t\t\t\t<div class=\"accordion__content\" role=\"region\" aria-labelledby=\"accordion-control-7639\" aria-hidden=\"true\" id=\"content-7639\">\n\t\t\t\t\t<p>WILL BE UPDATED SOON!<\/p>\n\t\t\t\t<\/div>\n\t\t\t<\/div>\n\t\t\t<\/div>\n\t\n\n\n<div class=\"person-card\">\n    \n                    <a href=\"https:\/\/www.eduoliveira.com\/\" class=\"person-card-link hover-scale-down\">\n                            <div class=\"person-card-item\">\n                    <div class=\"person-card-column-left\">\n                                                    <img decoding=\"async\" class=\"person-card-image\" src=\"https:\/\/sites.uef.fi\/flaiec\/wp-content\/uploads\/sites\/341\/2026\/03\/oliveira.png\" alt=\"Eduardo Oliveira\" \/>\n                                            <\/div>\n\n                    <div class=\"person-card-column-right\">\n                                                <p class=\"person-card-name\">Eduardo Oliveira<\/p>\n                        \n                                                <p class=\"person-card-position\">Senior Lecturer<\/p>\n                        \n                                                <p class=\"person-card-organisation\"> University of Melbourne<\/p>\n                        \n                        \n                                                    <div>\n\t\t\t\t\t\t\t<svg xmlns=\"http:\/\/www.w3.org\/2000\/svg\" height=\"25px\" viewBox=\"0 -960 960 960\" width=\"24px\" ><path fill=\"currentColor\" d=\"M200-120q-33 0-56.5-23.5T120-200v-560q0-33 23.5-56.5T200-840h280v80H200v560h560v-280h80v280q0 33-23.5 56.5T760-120H200Zm188-212-56-56 372-372H560v-80h280v280h-80v-144L388-332Z\"\/><\/svg>\t\t\t\t\t\t\t<\/div>\n                                            <\/div>\n                <\/div>\n                            <\/a>\n                            <\/div>\n\n\n\t<div id=\"accordion-block_01a033427aa38bf0e21e442cf337dc52\" class=\"accordions\">\n\t\t\t\t\t<div class=\"accordion accordion-js\">\n\t\t\t\t<button class=\"accordion__button\" aria-controls=\"content-6281\" aria-expanded=\"false\" id=\"accordion-control-6281\">\n\t\t\t\t\t<h3 class=\"accordion__heading\" >\n\t\t\t\t\t\tKeynote bio: Eduardo Oliveira\t\t\t\t\t<\/h3>\n\t\t\t\t<\/button>\n\t\t\t\t<div class=\"accordion__content\" role=\"region\" aria-labelledby=\"accordion-control-6281\" aria-hidden=\"true\" id=\"content-6281\">\n\t\t\t\t\t<p><span data-olk-copy-source=\"MessageBody\">Dr. Eduardo Oliveira is a Senior Lecturer and Assistant Dean (Diversity and Inclusion) at the University of Melbourne. Drawing on 16 years of industry experience as a senior software engineer for corporations like Motorola and Samsung, his multidisciplinary research bridges Artificial Intelligence, Learning Analytics, and Software Engineering. Guided by models of self-regulated learning, his predominantly quantitative research combines learning analytics trace data with self-reported surveys to explore responsible human-AI interactions, writing analytics, and the design of scalable pedagogical infrastructures that assure learning and preserve student agency. Actively translating research into practice, he has deployed &#8220;human-in-the-loop&#8221; AI tools for over 4,700 students and a GenAI framework upskilling 1,400+ staff. He has secured over $1.7M AUD in competitive funding, leading major initiatives in AI in education for the Commonwealth, the Australian eSafety Commissioner, TOEFL\u00ae (USA), and CNPq (Brazil). A celebrated educator, his accolades include SFHEA (2025), the GEM Scott Teaching Fellowship (2024), the Edward Brown Award for T&amp;L Excellence (2023), and the FEIT Kelvin Medal for T&amp;L Excellence (2022).<\/span><\/p>\n\t\t\t\t<\/div>\n\t\t\t<\/div>\n\t\t\t<\/div>\n\t\n\n\t<div id=\"accordion-block_05a6659351135aea0a37fdf1abd50170\" class=\"accordions\">\n\t\t\t\t\t<div class=\"accordion accordion-js\">\n\t\t\t\t<button class=\"accordion__button\" aria-controls=\"content-9467\" aria-expanded=\"false\" id=\"accordion-control-9467\">\n\t\t\t\t\t<h3 class=\"accordion__heading\" >\n\t\t\t\t\t\tKeynote abstract: Scaffolding Responsible Human\u2013AI Collaboration in Higher Education: Assuring Learning through Agency, Evidence, and Trust\t\t\t\t\t<\/h3>\n\t\t\t\t<\/button>\n\t\t\t\t<div class=\"accordion__content\" role=\"region\" aria-labelledby=\"accordion-control-9467\" aria-hidden=\"true\" id=\"content-9467\">\n\t\t\t\t\t<p><span data-olk-copy-source=\"MessageBody\">As Generative AI reshapes higher education, institutions in Australia have faced a critical mandate from regulatory bodies like TEQSA: move beyond the defensive policing of academic misconduct and proactively scaffold responsible AI use. This keynote presents an applied, practical approach to cultivating human-AI hybrid intelligence in the classroom while rigorously aligning with institutional secured assessment requirements. Drawing on large-scale curriculum innovations at the University of Melbourne that have impacted over 6,000 staff and students, Dr. Oliveira will walk attendees through a suite of successful learning analytics and AI initiatives he has led to assure learning. The presentation will highlight applied examples such as the deployment of the IntelliJourney platform to support self-regulated learning and a university-wide GenAI literacy framework developed through the GEM Scott Fellowship. It will also showcase the engineering of custom &#8220;human-in-the-loop&#8221; tools including GenAI code-reviewers that provide formative feedback rather than automated solutions, and motivational modelling platforms that help students refine software requirements while strictly preserving their cognitive agency. Furthermore, the session will examine the strategic transition of large-size classrooms toward Interactive Oral Assessments and other secured assessment approaches as robust mechanisms to authenticate student competence. Ultimately, this keynote offers educators and institutional leaders a scalable blueprint for leveraging learning analytics and AI to foster learner agency, capture reliable evidence of learning, and rebuild trust in an AI-augmented educational landscape.<\/span><\/p>\n\t\t\t\t<\/div>\n\t\t\t<\/div>\n\t\t\t<\/div>\n\t\n\n\n<div class=\"person-card\">\n    \n    <\/div>\n\n\n\n<div class=\"person-card\">\n    \n                    <a href=\"https:\/\/www.jyu.fi\/en\/people\/paivi-hakkinen\" class=\"person-card-link hover-scale-down\">\n                            <div class=\"person-card-item\">\n                    <div class=\"person-card-column-left\">\n                                                    <img decoding=\"async\" class=\"person-card-image\" src=\"https:\/\/sites.uef.fi\/flaiec\/wp-content\/uploads\/sites\/341\/2026\/03\/HakkinenPaivi-scaled.jpg\" alt=\"P\u00e4ivi H\u00e4kkinen\" \/>\n                                            <\/div>\n\n                    <div class=\"person-card-column-right\">\n                                                <p class=\"person-card-name\">P\u00e4ivi H\u00e4kkinen<\/p>\n                        \n                                                <p class=\"person-card-position\">Professor<\/p>\n                        \n                                                <p class=\"person-card-organisation\">the Finnish Institute for Educational Research (FIER)<\/p>\n                        \n                        \n                                                    <div>\n\t\t\t\t\t\t\t<svg xmlns=\"http:\/\/www.w3.org\/2000\/svg\" height=\"25px\" viewBox=\"0 -960 960 960\" width=\"24px\" ><path fill=\"currentColor\" d=\"M200-120q-33 0-56.5-23.5T120-200v-560q0-33 23.5-56.5T200-840h280v80H200v560h560v-280h80v280q0 33-23.5 56.5T760-120H200Zm188-212-56-56 372-372H560v-80h280v280h-80v-144L388-332Z\"\/><\/svg>\t\t\t\t\t\t\t<\/div>\n                                            <\/div>\n                <\/div>\n                            <\/a>\n                            <\/div>\n\n\n\t<div id=\"accordion-block_078193d15598f9184f71866234a51cd2\" class=\"accordions\">\n\t\t\t\t\t<div class=\"accordion accordion-js\">\n\t\t\t\t<button class=\"accordion__button\" aria-controls=\"content-1284\" aria-expanded=\"false\" id=\"accordion-control-1284\">\n\t\t\t\t\t<h3 class=\"accordion__heading\" >\n\t\t\t\t\t\tKeynote bio: P\u00e4ivi H\u00e4kkinen\t\t\t\t\t<\/h3>\n\t\t\t\t<\/button>\n\t\t\t\t<div class=\"accordion__content\" role=\"region\" aria-labelledby=\"accordion-control-1284\" aria-hidden=\"true\" id=\"content-1284\">\n\t\t\t\t\t<div data-olk-copy-source=\"MessageBody\">P\u00e4ivi H\u00e4kkinen is a Professor of Educational Technology at the Finnish Institute for Educational Research, University of Jyv\u00e4skyl\u00e4, Finland. She leads the research area on technology-enhanced learning and, together with her research group, has established a systematic research line focusing on the processes and outcomes of computer-supported collaborative learning. Her recent research interests also include the potential of AI in and for learning and collaboration. She has extensive experience as a principal investigator of research projects in the field, and she currently leads the research area\u00a0<i>Scalable Digital Solutions for Teaching and Learning<\/i>\u00a0within the EDUCA Flagship project funded by the Research Council of Finland.<\/div>\n\t\t\t\t<\/div>\n\t\t\t<\/div>\n\t\t\t<\/div>\n\t\n\n\t<div id=\"accordion-block_ac114a10212ac469011bf863825014c3\" class=\"accordions\">\n\t\t\t\t\t<div class=\"accordion accordion-js\">\n\t\t\t\t<button class=\"accordion__button\" aria-controls=\"content-1347\" aria-expanded=\"false\" id=\"accordion-control-1347\">\n\t\t\t\t\t<h3 class=\"accordion__heading\" >\n\t\t\t\t\t\tKeynote abstract: \t\t\t\t\t<\/h3>\n\t\t\t\t<\/button>\n\t\t\t\t<div class=\"accordion__content\" role=\"region\" aria-labelledby=\"accordion-control-1347\" aria-hidden=\"true\" id=\"content-1347\">\n\t\t\t\t\t<p>WILL BE UPDATED SOON!<\/p>\n\t\t\t\t<\/div>\n\t\t\t<\/div>\n\t\t\t<\/div>\n\t\n\n\n<div class=\"person-card\">\n    \n                    <div class=\"person-card-item\">\n                    <div class=\"person-card-column-left\">\n                                                    <img decoding=\"async\" class=\"person-card-image\" src=\"https:\/\/sites.uef.fi\/flaiec\/wp-content\/uploads\/sites\/341\/2026\/03\/TeemuRoos5571p__1.jpg\" alt=\"Teemu Roos\" \/>\n                                            <\/div>\n\n                    <div class=\"person-card-column-right\">\n                                                <p class=\"person-card-name\">Teemu Roos<\/p>\n                        \n                                                <p class=\"person-card-position\">Professor<\/p>\n                        \n                                                <p class=\"person-card-organisation\">University of Helsinki<\/p>\n                        \n                        \n                                            <\/div>\n                <\/div>\n                            <\/div>\n\n\n\n<div class=\"links-block\">\n\n    \n    <ul class=\"link-list\">\n            <\/ul>\n<\/div>\n\n\t<div id=\"accordion-block_6a4da085ee8a4df4350f8eac07d1e53b\" class=\"accordions\">\n\t\t\t\t\t<div class=\"accordion accordion-js\">\n\t\t\t\t<button class=\"accordion__button\" aria-controls=\"content-8189\" aria-expanded=\"false\" id=\"accordion-control-8189\">\n\t\t\t\t\t<h3 class=\"accordion__heading\" >\n\t\t\t\t\t\tKeynote bio: Teemu Roos\t\t\t\t\t<\/h3>\n\t\t\t\t<\/button>\n\t\t\t\t<div class=\"accordion__content\" role=\"region\" aria-labelledby=\"accordion-control-8189\" aria-hidden=\"true\" id=\"content-8189\">\n\t\t\t\t\t<p>Teemu Roos is a Professor of Computer Science at the University of Helsinki. He is also the leader of the AI Education programme at the Finnish Center for AI. Roos is the lead instructor of the Elements of AI online course has a pivotal role in Finland&#8217;s unique, inclusive AI strategy, with over 450 000 participants to date.<\/p>\n\t\t\t\t<\/div>\n\t\t\t<\/div>\n\t\t\t<\/div>\n\t\n\n\t<div id=\"accordion-block_ac114a10212ac469011bf863825014c3\" class=\"accordions\">\n\t\t\t\t\t<div class=\"accordion accordion-js\">\n\t\t\t\t<button class=\"accordion__button\" aria-controls=\"content-6321\" aria-expanded=\"false\" id=\"accordion-control-6321\">\n\t\t\t\t\t<h3 class=\"accordion__heading\" >\n\t\t\t\t\t\tKeynote abstract: \t\t\t\t\t<\/h3>\n\t\t\t\t<\/button>\n\t\t\t\t<div class=\"accordion__content\" role=\"region\" aria-labelledby=\"accordion-control-6321\" aria-hidden=\"true\" id=\"content-6321\">\n\t\t\t\t\t<p>WILL BE UPDATED SOON!<\/p>\n\t\t\t\t<\/div>\n\t\t\t<\/div>\n\t\t\t<\/div>\n\t","protected":false},"excerpt":{"rendered":"<p>FLAIEC 2026 has excellent keynotes. We are very happy to welcome professor Bart Rientes, senior lecturer Eduardo Oliveira, professor P\u00e4ivi H\u00e4kkinen and professor Teemu Roos to Joensuu in October! Details about keynote speakers and their presentations are presented below.<\/p>\n","protected":false},"author":176,"featured_media":0,"parent":0,"menu_order":0,"comment_status":"closed","ping_status":"closed","template":"","meta":{"_acf_changed":false,"footnotes":""},"class_list":["post-134","page","type-page","status-publish","hentry"],"acf":[],"yoast_head":"<!-- This site is optimized with the Yoast SEO plugin v27.3 - https:\/\/yoast.com\/product\/yoast-seo-wordpress\/ -->\n<title>Keynote speakers 2026 - Finnish Learning Analytics and Artificial Intelligence in Education Conference<\/title>\n<meta name=\"robots\" content=\"index, follow, max-snippet:-1, max-image-preview:large, max-video-preview:-1\" \/>\n<link rel=\"canonical\" href=\"https:\/\/sites.uef.fi\/flaiec\/keynotes\/\" \/>\n<meta property=\"og:locale\" content=\"en_US\" \/>\n<meta property=\"og:type\" content=\"article\" \/>\n<meta property=\"og:title\" content=\"Keynote speakers 2026 - Finnish Learning Analytics and Artificial Intelligence in Education Conference\" \/>\n<meta property=\"og:description\" content=\"FLAIEC 2026 has excellent keynotes. We are very happy to welcome professor Bart Rientes, senior lecturer Eduardo Oliveira, professor P\u00e4ivi H\u00e4kkinen and professor Teemu Roos to Joensuu in October! Details about keynote speakers and their presentations are presented below.\" \/>\n<meta property=\"og:url\" content=\"https:\/\/sites.uef.fi\/flaiec\/keynotes\/\" \/>\n<meta property=\"og:site_name\" content=\"Finnish Learning Analytics and Artificial Intelligence in Education Conference\" \/>\n<meta property=\"article:modified_time\" content=\"2026-03-27T09:59:35+00:00\" \/>\n<meta name=\"twitter:card\" content=\"summary_large_image\" \/>\n<meta name=\"twitter:label1\" content=\"Est. reading time\" \/>\n\t<meta name=\"twitter:data1\" content=\"1 minute\" \/>\n<script type=\"application\/ld+json\" class=\"yoast-schema-graph\">{\"@context\":\"https:\\\/\\\/schema.org\",\"@graph\":[{\"@type\":\"WebPage\",\"@id\":\"https:\\\/\\\/sites.uef.fi\\\/flaiec\\\/keynotes\\\/\",\"url\":\"https:\\\/\\\/sites.uef.fi\\\/flaiec\\\/keynotes\\\/\",\"name\":\"Keynote speakers 2026 - Finnish Learning Analytics and Artificial Intelligence in Education Conference\",\"isPartOf\":{\"@id\":\"https:\\\/\\\/sites.uef.fi\\\/flaiec\\\/#website\"},\"datePublished\":\"2022-01-18T16:27:45+00:00\",\"dateModified\":\"2026-03-27T09:59:35+00:00\",\"breadcrumb\":{\"@id\":\"https:\\\/\\\/sites.uef.fi\\\/flaiec\\\/keynotes\\\/#breadcrumb\"},\"inLanguage\":\"en-US\",\"potentialAction\":[{\"@type\":\"ReadAction\",\"target\":[\"https:\\\/\\\/sites.uef.fi\\\/flaiec\\\/keynotes\\\/\"]}]},{\"@type\":\"BreadcrumbList\",\"@id\":\"https:\\\/\\\/sites.uef.fi\\\/flaiec\\\/keynotes\\\/#breadcrumb\",\"itemListElement\":[{\"@type\":\"ListItem\",\"position\":1,\"name\":\"Home\",\"item\":\"https:\\\/\\\/sites.uef.fi\\\/flaiec\\\/\"},{\"@type\":\"ListItem\",\"position\":2,\"name\":\"Keynote speakers 2026\"}]},{\"@type\":\"WebSite\",\"@id\":\"https:\\\/\\\/sites.uef.fi\\\/flaiec\\\/#website\",\"url\":\"https:\\\/\\\/sites.uef.fi\\\/flaiec\\\/\",\"name\":\"Finnish Learning Analytics and Artificial Intelligence in Education Conference\",\"description\":\"\",\"publisher\":{\"@id\":\"https:\\\/\\\/sites.uef.fi\\\/flaiec\\\/#organization\"},\"potentialAction\":[{\"@type\":\"SearchAction\",\"target\":{\"@type\":\"EntryPoint\",\"urlTemplate\":\"https:\\\/\\\/sites.uef.fi\\\/flaiec\\\/?s={search_term_string}\"},\"query-input\":{\"@type\":\"PropertyValueSpecification\",\"valueRequired\":true,\"valueName\":\"search_term_string\"}}],\"inLanguage\":\"en-US\"},{\"@type\":\"Organization\",\"@id\":\"https:\\\/\\\/sites.uef.fi\\\/flaiec\\\/#organization\",\"name\":\"Finnish Learning Analytics and Artificial Intelligence in Education Conference\",\"url\":\"https:\\\/\\\/sites.uef.fi\\\/flaiec\\\/\",\"logo\":{\"@type\":\"ImageObject\",\"inLanguage\":\"en-US\",\"@id\":\"https:\\\/\\\/sites.uef.fi\\\/flaiec\\\/#\\\/schema\\\/logo\\\/image\\\/\",\"url\":\"https:\\\/\\\/sites.uef.fi\\\/flaiec\\\/wp-content\\\/uploads\\\/sites\\\/341\\\/2022\\\/01\\\/cropped-UEF_FLAIEC_Logo_Ilman_Tekstia.png\",\"contentUrl\":\"https:\\\/\\\/sites.uef.fi\\\/flaiec\\\/wp-content\\\/uploads\\\/sites\\\/341\\\/2022\\\/01\\\/cropped-UEF_FLAIEC_Logo_Ilman_Tekstia.png\",\"width\":250,\"height\":250,\"caption\":\"Finnish Learning Analytics and Artificial Intelligence in Education Conference\"},\"image\":{\"@id\":\"https:\\\/\\\/sites.uef.fi\\\/flaiec\\\/#\\\/schema\\\/logo\\\/image\\\/\"}}]}<\/script>\n<!-- \/ Yoast SEO plugin. -->","yoast_head_json":{"title":"Keynote speakers 2026 - Finnish Learning Analytics and Artificial Intelligence in Education Conference","robots":{"index":"index","follow":"follow","max-snippet":"max-snippet:-1","max-image-preview":"max-image-preview:large","max-video-preview":"max-video-preview:-1"},"canonical":"https:\/\/sites.uef.fi\/flaiec\/keynotes\/","og_locale":"en_US","og_type":"article","og_title":"Keynote speakers 2026 - Finnish Learning Analytics and Artificial Intelligence in Education Conference","og_description":"FLAIEC 2026 has excellent keynotes. We are very happy to welcome professor Bart Rientes, senior lecturer Eduardo Oliveira, professor P\u00e4ivi H\u00e4kkinen and professor Teemu Roos to Joensuu in October! Details about keynote speakers and their presentations are presented below.","og_url":"https:\/\/sites.uef.fi\/flaiec\/keynotes\/","og_site_name":"Finnish Learning Analytics and Artificial Intelligence in Education Conference","article_modified_time":"2026-03-27T09:59:35+00:00","twitter_card":"summary_large_image","twitter_misc":{"Est. reading time":"1 minute"},"schema":{"@context":"https:\/\/schema.org","@graph":[{"@type":"WebPage","@id":"https:\/\/sites.uef.fi\/flaiec\/keynotes\/","url":"https:\/\/sites.uef.fi\/flaiec\/keynotes\/","name":"Keynote speakers 2026 - Finnish Learning Analytics and Artificial Intelligence in Education Conference","isPartOf":{"@id":"https:\/\/sites.uef.fi\/flaiec\/#website"},"datePublished":"2022-01-18T16:27:45+00:00","dateModified":"2026-03-27T09:59:35+00:00","breadcrumb":{"@id":"https:\/\/sites.uef.fi\/flaiec\/keynotes\/#breadcrumb"},"inLanguage":"en-US","potentialAction":[{"@type":"ReadAction","target":["https:\/\/sites.uef.fi\/flaiec\/keynotes\/"]}]},{"@type":"BreadcrumbList","@id":"https:\/\/sites.uef.fi\/flaiec\/keynotes\/#breadcrumb","itemListElement":[{"@type":"ListItem","position":1,"name":"Home","item":"https:\/\/sites.uef.fi\/flaiec\/"},{"@type":"ListItem","position":2,"name":"Keynote speakers 2026"}]},{"@type":"WebSite","@id":"https:\/\/sites.uef.fi\/flaiec\/#website","url":"https:\/\/sites.uef.fi\/flaiec\/","name":"Finnish Learning Analytics and Artificial Intelligence in Education Conference","description":"","publisher":{"@id":"https:\/\/sites.uef.fi\/flaiec\/#organization"},"potentialAction":[{"@type":"SearchAction","target":{"@type":"EntryPoint","urlTemplate":"https:\/\/sites.uef.fi\/flaiec\/?s={search_term_string}"},"query-input":{"@type":"PropertyValueSpecification","valueRequired":true,"valueName":"search_term_string"}}],"inLanguage":"en-US"},{"@type":"Organization","@id":"https:\/\/sites.uef.fi\/flaiec\/#organization","name":"Finnish Learning Analytics and Artificial Intelligence in Education Conference","url":"https:\/\/sites.uef.fi\/flaiec\/","logo":{"@type":"ImageObject","inLanguage":"en-US","@id":"https:\/\/sites.uef.fi\/flaiec\/#\/schema\/logo\/image\/","url":"https:\/\/sites.uef.fi\/flaiec\/wp-content\/uploads\/sites\/341\/2022\/01\/cropped-UEF_FLAIEC_Logo_Ilman_Tekstia.png","contentUrl":"https:\/\/sites.uef.fi\/flaiec\/wp-content\/uploads\/sites\/341\/2022\/01\/cropped-UEF_FLAIEC_Logo_Ilman_Tekstia.png","width":250,"height":250,"caption":"Finnish Learning Analytics and Artificial Intelligence in Education Conference"},"image":{"@id":"https:\/\/sites.uef.fi\/flaiec\/#\/schema\/logo\/image\/"}}]}},"_links":{"self":[{"href":"https:\/\/sites.uef.fi\/flaiec\/wp-json\/wp\/v2\/pages\/134","targetHints":{"allow":["GET"]}}],"collection":[{"href":"https:\/\/sites.uef.fi\/flaiec\/wp-json\/wp\/v2\/pages"}],"about":[{"href":"https:\/\/sites.uef.fi\/flaiec\/wp-json\/wp\/v2\/types\/page"}],"author":[{"embeddable":true,"href":"https:\/\/sites.uef.fi\/flaiec\/wp-json\/wp\/v2\/users\/176"}],"replies":[{"embeddable":true,"href":"https:\/\/sites.uef.fi\/flaiec\/wp-json\/wp\/v2\/comments?post=134"}],"version-history":[{"count":1,"href":"https:\/\/sites.uef.fi\/flaiec\/wp-json\/wp\/v2\/pages\/134\/revisions"}],"predecessor-version":[{"id":2827,"href":"https:\/\/sites.uef.fi\/flaiec\/wp-json\/wp\/v2\/pages\/134\/revisions\/2827"}],"wp:attachment":[{"href":"https:\/\/sites.uef.fi\/flaiec\/wp-json\/wp\/v2\/media?parent=134"}],"curies":[{"name":"wp","href":"https:\/\/api.w.org\/{rel}","templated":true}]}}