{"id":1058,"date":"2020-08-07T15:56:28","date_gmt":"2020-08-07T12:56:28","guid":{"rendered":"https:\/\/sites.uef.fi\/flippaus\/?page_id=1058"},"modified":"2020-12-18T21:27:53","modified_gmt":"2020-12-18T19:27:53","slug":"flippedlearning","status":"publish","type":"page","link":"https:\/\/sites.uef.fi\/flippaus\/flippedlearning\/","title":{"rendered":"Flipped Learning -hanke"},"content":{"rendered":"\n<h1 class=\"wp-block-heading\">Flipped Learning -hanke<\/h1>\n\n\n\n<p>Flipped Learning -hanke oli yksi kokonaisuus Opetus- ja Kulttuuriministeri\u00f6n rahoittamassa ja Turun yliopiston koordinoimassa <a href=\"https:\/\/sites.utu.fi\/okmdigipeda\/\"><em>Korkeakoulujen henkil\u00f6st\u00f6n pedagogisen ja digitaalisen opetus- ja ohjausosaamisen vahvistaminen<\/em><\/a> \u2013k\u00e4rkihankkeessa (2017\u20132019). Flipped Learning -hanke kuului <em>Opetushenkil\u00f6kunnan digitaidot ajantasalle!<\/em> \u2013osahankeen piiriin, jossa yhteisty\u00f6yliopistoja olivat Jyv\u00e4skyl\u00e4n yliopisto, Taideyliopisto ja Turun yliopisto.<\/p>\n\n\n\n<figure class=\"wp-block-image is-resized\"><img loading=\"lazy\" decoding=\"async\" src=\"https:\/\/sites.uef.fi\/flippaus\/wp-content\/uploads\/sites\/83\/2020\/12\/hankekaavio_v2-1024x494.jpg\" alt=\"\" class=\"wp-image-2147\" width=\"768\" height=\"371\" srcset=\"https:\/\/sites.uef.fi\/flippaus\/wp-content\/uploads\/sites\/83\/2020\/12\/hankekaavio_v2-1024x494.jpg 1024w, https:\/\/sites.uef.fi\/flippaus\/wp-content\/uploads\/sites\/83\/2020\/12\/hankekaavio_v2-300x145.jpg 300w, https:\/\/sites.uef.fi\/flippaus\/wp-content\/uploads\/sites\/83\/2020\/12\/hankekaavio_v2-768x371.jpg 768w, https:\/\/sites.uef.fi\/flippaus\/wp-content\/uploads\/sites\/83\/2020\/12\/hankekaavio_v2.jpg 1038w\" sizes=\"auto, (max-width: 706px) 89vw, (max-width: 767px) 82vw, 740px\" \/><\/figure>\n\n\n\n<p>Flipped Learning -hankkeen tavoitteena oli tutkimusperustaisesti kehitt\u00e4\u00e4 yliopistoissa opetusta antavien henkil\u00f6iden digipedagogisia taitoja, tarjoten heille paremmat valmiudet opiskelijal\u00e4ht\u00f6isten ja oppijakeskeisten opetusmenetelmien hy\u00f6dynt\u00e4miseen sek\u00e4 edist\u00e4en n\u00e4in opiskelijoiden opiskelu- ja ty\u00f6el\u00e4m\u00e4taitoja. Hankkeessa k\u00e4\u00e4nteinen opetus (Flipped Classroom) ett\u00e4 k\u00e4\u00e4nteinen oppiminen (Flipped Learning) olivat keskeisi\u00e4 l\u00e4hestymistapoja.<\/p>\n\n\n\n<p>Hankkeen aikana koulutettiin opettajia k\u00e4\u00e4nteisen opetuksen pariin sek\u00e4 It\u00e4-Suomen yliopistossa, ett\u00e4 yhteisty\u00f6yliopistoissa. Kev\u00e4\u00e4ll\u00e4 2018 k\u00e4ynnistyneen koulutuksen aikana opettajat suunnittelivat ja toteuttivat opetuksensa \u201dflippausta\u201d hy\u00f6dynt\u00e4en. Osana hanketta ty\u00f6stettiin my\u00f6s t\u00e4m\u00e4 julkinen, flippaukseen liittyv\u00e4 materiaali, Flippausmanuaali, jota k\u00e4ytettiin my\u00f6s koulutuksessa. Koulutusta ja tukea tarjottiin opettajille yksil\u00f6llisesti ja ryhmitt\u00e4in.<\/p>\n\n\n\n<p>Yhteisty\u00f6yliopistojen opettajat suunnittelivat flippausmenetelm\u00e4n k\u00e4ytt\u00f6\u00f6nottoa omassa yliopistossaan ja j\u00e4rjestiv\u00e4t flippauskoulutukset kiinnostuneille opettajille. Flipped Learning -hankkeen akateemisena johtajana toimi tutkijatohtori Erkko Sointu.<\/p>\n\n\n\n<p>Osana hanketta my\u00f6nnettiin UEF:ssa avustuksia opetuksen ja flippauksen kehitt\u00e4mist\u00e4 varten. Rahoitusta my\u00f6nnettiin kuudelle hankkeelle, joiden raportit l\u00f6ytyv\u00e4t Flippausmanuaalin <a href=\"https:\/\/sites.uef.fi\/flippaus\/flippedlearning\/kehittamishankkeet\/\" target=\"_blank\" rel=\"noreferrer noopener\">kehitt\u00e4mishankkeet-sivulta<\/a>.<\/p>\n\n\n\n<h3 class=\"wp-block-heading\">Hankkeen ty\u00f6ryhm\u00e4:<\/h3>\n\n\n\n<ul class=\"wp-block-list\"><li>Laura Hirsto, tutkimusjohtaja, Opettajien digitaidot ajantasalle -alahankkeen johtaja ja Flipped Learning -hankkeen projektin johtaja<\/li><li>Erkko Sointu, tutkijatohtori (tenure track), Flipped Learning -hankkeen akateeminen johtaja<\/li><li>Tuula Heide, Opetus- ja oppimispalveluiden p\u00e4\u00e4llikk\u00f6, Opintopalvelut<\/li><li>Jenni Kankaanp\u00e4\u00e4, projektitutkija<\/li><li>Antti Ronkainen, projektitutkija<\/li><li>Antti Kauppila, suunnittelija, Opintopalvelut<\/li><\/ul>\n\n\n\n<p>Katso hankkeesta vuoden 2018 Pedaforum-konferenssia varten tehty esittelyvideo:<\/p>\n\n\n\n<figure class=\"wp-block-embed-youtube aligncenter wp-block-embed is-type-video is-provider-youtube wp-embed-aspect-4-3 wp-has-aspect-ratio\"><div class=\"wp-block-embed__wrapper\">\n<iframe loading=\"lazy\" title=\"Flipped Learning \u2013hanke opetushenkil\u00f6st\u00f6n digi- ja pedagogisten taitojen vahvistajana\" width=\"525\" height=\"394\" src=\"https:\/\/www.youtube.com\/embed\/tJbqE8icyCo?feature=oembed\" frameborder=\"0\" allow=\"accelerometer; autoplay; clipboard-write; encrypted-media; gyroscope; picture-in-picture; web-share\" referrerpolicy=\"strict-origin-when-cross-origin\" allowfullscreen><\/iframe>\n<\/div><\/figure>\n","protected":false},"excerpt":{"rendered":"<p>Flipped Learning -hanke Flipped Learning -hanke oli yksi kokonaisuus Opetus- ja Kulttuuriministeri\u00f6n rahoittamassa ja Turun yliopiston koordinoimassa Korkeakoulujen henkil\u00f6st\u00f6n pedagogisen ja digitaalisen opetus- ja ohjausosaamisen vahvistaminen \u2013k\u00e4rkihankkeessa (2017\u20132019). Flipped Learning -hanke kuului Opetushenkil\u00f6kunnan digitaidot ajantasalle! \u2013osahankeen piiriin, jossa yhteisty\u00f6yliopistoja olivat Jyv\u00e4skyl\u00e4n yliopisto, Taideyliopisto ja Turun yliopisto. Flipped Learning -hankkeen tavoitteena oli tutkimusperustaisesti kehitt\u00e4\u00e4 yliopistoissa opetusta &hellip; <\/p>\n<p class=\"link-more\"><a href=\"https:\/\/sites.uef.fi\/flippaus\/flippedlearning\/\" class=\"more-link\">Jatka lukemista<span class=\"screen-reader-text\"> &#8221;Flipped Learning -hanke&#8221;<\/span><\/a><\/p>\n","protected":false},"author":176,"featured_media":0,"parent":0,"menu_order":0,"comment_status":"closed","ping_status":"closed","template":"","meta":{"_acf_changed":false,"_monsterinsights_skip_tracking":false,"_monsterinsights_sitenote_active":false,"_monsterinsights_sitenote_note":"","_monsterinsights_sitenote_category":0,"footnotes":""},"class_list":["post-1058","page","type-page","status-publish","hentry"],"acf":[],"yoast_head":"<!-- This site is optimized with the Yoast SEO plugin v27.1.1 - https:\/\/yoast.com\/product\/yoast-seo-wordpress\/ -->\n<title>Flipped Learning -hanke - Flipped Learning<\/title>\n<meta name=\"robots\" content=\"index, follow, max-snippet:-1, max-image-preview:large, max-video-preview:-1\" \/>\n<link rel=\"canonical\" href=\"https:\/\/sites.uef.fi\/flippaus\/flippedlearning\/\" \/>\n<meta property=\"og:locale\" content=\"fi_FI\" \/>\n<meta property=\"og:type\" content=\"article\" \/>\n<meta property=\"og:title\" content=\"Flipped Learning -hanke - Flipped Learning\" \/>\n<meta property=\"og:description\" content=\"Flipped Learning -hanke Flipped Learning -hanke oli yksi kokonaisuus Opetus- ja Kulttuuriministeri\u00f6n rahoittamassa ja Turun yliopiston koordinoimassa Korkeakoulujen henkil\u00f6st\u00f6n pedagogisen ja digitaalisen opetus- ja ohjausosaamisen vahvistaminen \u2013k\u00e4rkihankkeessa (2017\u20132019). Flipped Learning -hanke kuului Opetushenkil\u00f6kunnan digitaidot ajantasalle! \u2013osahankeen piiriin, jossa yhteisty\u00f6yliopistoja olivat Jyv\u00e4skyl\u00e4n yliopisto, Taideyliopisto ja Turun yliopisto. Flipped Learning -hankkeen tavoitteena oli tutkimusperustaisesti kehitt\u00e4\u00e4 yliopistoissa opetusta &hellip; Jatka lukemista &quot;Flipped Learning -hanke&quot;\" \/>\n<meta property=\"og:url\" content=\"https:\/\/sites.uef.fi\/flippaus\/flippedlearning\/\" \/>\n<meta property=\"og:site_name\" content=\"Flipped Learning\" \/>\n<meta property=\"article:modified_time\" content=\"2020-12-18T19:27:53+00:00\" \/>\n<meta property=\"og:image\" content=\"https:\/\/sites.uef.fi\/flippaus\/wp-content\/uploads\/sites\/83\/2020\/12\/hankekaavio_v2-1024x494.jpg\" \/>\n<meta name=\"twitter:card\" content=\"summary_large_image\" \/>\n<meta name=\"twitter:label1\" content=\"Arvioitu lukuaika\" \/>\n\t<meta name=\"twitter:data1\" content=\"1 minuutti\" \/>\n<script type=\"application\/ld+json\" class=\"yoast-schema-graph\">{\"@context\":\"https:\/\/schema.org\",\"@graph\":[{\"@type\":\"WebPage\",\"@id\":\"https:\/\/sites.uef.fi\/flippaus\/flippedlearning\/\",\"url\":\"https:\/\/sites.uef.fi\/flippaus\/flippedlearning\/\",\"name\":\"Flipped Learning -hanke - Flipped Learning\",\"isPartOf\":{\"@id\":\"https:\/\/sites.uef.fi\/flippaus\/#website\"},\"primaryImageOfPage\":{\"@id\":\"https:\/\/sites.uef.fi\/flippaus\/flippedlearning\/#primaryimage\"},\"image\":{\"@id\":\"https:\/\/sites.uef.fi\/flippaus\/flippedlearning\/#primaryimage\"},\"thumbnailUrl\":\"https:\/\/sites.uef.fi\/flippaus\/wp-content\/uploads\/sites\/83\/2020\/12\/hankekaavio_v2-1024x494.jpg\",\"datePublished\":\"2020-08-07T12:56:28+00:00\",\"dateModified\":\"2020-12-18T19:27:53+00:00\",\"breadcrumb\":{\"@id\":\"https:\/\/sites.uef.fi\/flippaus\/flippedlearning\/#breadcrumb\"},\"inLanguage\":\"fi\",\"potentialAction\":[{\"@type\":\"ReadAction\",\"target\":[\"https:\/\/sites.uef.fi\/flippaus\/flippedlearning\/\"]}]},{\"@type\":\"ImageObject\",\"inLanguage\":\"fi\",\"@id\":\"https:\/\/sites.uef.fi\/flippaus\/flippedlearning\/#primaryimage\",\"url\":\"https:\/\/sites.uef.fi\/flippaus\/wp-content\/uploads\/sites\/83\/2020\/12\/hankekaavio_v2.jpg\",\"contentUrl\":\"https:\/\/sites.uef.fi\/flippaus\/wp-content\/uploads\/sites\/83\/2020\/12\/hankekaavio_v2.jpg\",\"width\":1038,\"height\":501},{\"@type\":\"BreadcrumbList\",\"@id\":\"https:\/\/sites.uef.fi\/flippaus\/flippedlearning\/#breadcrumb\",\"itemListElement\":[{\"@type\":\"ListItem\",\"position\":1,\"name\":\"Home\",\"item\":\"https:\/\/sites.uef.fi\/flippaus\/\"},{\"@type\":\"ListItem\",\"position\":2,\"name\":\"Flipped Learning -hanke\"}]},{\"@type\":\"WebSite\",\"@id\":\"https:\/\/sites.uef.fi\/flippaus\/#website\",\"url\":\"https:\/\/sites.uef.fi\/flippaus\/\",\"name\":\"Flipped Learning\",\"description\":\"\",\"publisher\":{\"@id\":\"https:\/\/sites.uef.fi\/flippaus\/#organization\"},\"potentialAction\":[{\"@type\":\"SearchAction\",\"target\":{\"@type\":\"EntryPoint\",\"urlTemplate\":\"https:\/\/sites.uef.fi\/flippaus\/?s={search_term_string}\"},\"query-input\":{\"@type\":\"PropertyValueSpecification\",\"valueRequired\":true,\"valueName\":\"search_term_string\"}}],\"inLanguage\":\"fi\"},{\"@type\":\"Organization\",\"@id\":\"https:\/\/sites.uef.fi\/flippaus\/#organization\",\"name\":\"Flipped Learning\",\"url\":\"https:\/\/sites.uef.fi\/flippaus\/\",\"logo\":{\"@type\":\"ImageObject\",\"inLanguage\":\"fi\",\"@id\":\"https:\/\/sites.uef.fi\/flippaus\/#\/schema\/logo\/image\/\",\"url\":\"https:\/\/sites.uef.fi\/flippaus\/wp-content\/uploads\/sites\/83\/2020\/05\/cropped-UEF_wordpress_white.png\",\"contentUrl\":\"https:\/\/sites.uef.fi\/flippaus\/wp-content\/uploads\/sites\/83\/2020\/05\/cropped-UEF_wordpress_white.png\",\"width\":250,\"height\":250,\"caption\":\"Flipped Learning\"},\"image\":{\"@id\":\"https:\/\/sites.uef.fi\/flippaus\/#\/schema\/logo\/image\/\"}}]}<\/script>\n<!-- \/ Yoast SEO plugin. -->","yoast_head_json":{"title":"Flipped Learning -hanke - Flipped Learning","robots":{"index":"index","follow":"follow","max-snippet":"max-snippet:-1","max-image-preview":"max-image-preview:large","max-video-preview":"max-video-preview:-1"},"canonical":"https:\/\/sites.uef.fi\/flippaus\/flippedlearning\/","og_locale":"fi_FI","og_type":"article","og_title":"Flipped Learning -hanke - Flipped Learning","og_description":"Flipped Learning -hanke Flipped Learning -hanke oli yksi kokonaisuus Opetus- ja Kulttuuriministeri\u00f6n rahoittamassa ja Turun yliopiston koordinoimassa Korkeakoulujen henkil\u00f6st\u00f6n pedagogisen ja digitaalisen opetus- ja ohjausosaamisen vahvistaminen \u2013k\u00e4rkihankkeessa (2017\u20132019). Flipped Learning -hanke kuului Opetushenkil\u00f6kunnan digitaidot ajantasalle! \u2013osahankeen piiriin, jossa yhteisty\u00f6yliopistoja olivat Jyv\u00e4skyl\u00e4n yliopisto, Taideyliopisto ja Turun yliopisto. Flipped Learning -hankkeen tavoitteena oli tutkimusperustaisesti kehitt\u00e4\u00e4 yliopistoissa opetusta &hellip; Jatka lukemista \"Flipped Learning -hanke\"","og_url":"https:\/\/sites.uef.fi\/flippaus\/flippedlearning\/","og_site_name":"Flipped Learning","article_modified_time":"2020-12-18T19:27:53+00:00","og_image":[{"url":"https:\/\/sites.uef.fi\/flippaus\/wp-content\/uploads\/sites\/83\/2020\/12\/hankekaavio_v2-1024x494.jpg","type":"","width":"","height":""}],"twitter_card":"summary_large_image","twitter_misc":{"Arvioitu lukuaika":"1 minuutti"},"schema":{"@context":"https:\/\/schema.org","@graph":[{"@type":"WebPage","@id":"https:\/\/sites.uef.fi\/flippaus\/flippedlearning\/","url":"https:\/\/sites.uef.fi\/flippaus\/flippedlearning\/","name":"Flipped Learning -hanke - Flipped Learning","isPartOf":{"@id":"https:\/\/sites.uef.fi\/flippaus\/#website"},"primaryImageOfPage":{"@id":"https:\/\/sites.uef.fi\/flippaus\/flippedlearning\/#primaryimage"},"image":{"@id":"https:\/\/sites.uef.fi\/flippaus\/flippedlearning\/#primaryimage"},"thumbnailUrl":"https:\/\/sites.uef.fi\/flippaus\/wp-content\/uploads\/sites\/83\/2020\/12\/hankekaavio_v2-1024x494.jpg","datePublished":"2020-08-07T12:56:28+00:00","dateModified":"2020-12-18T19:27:53+00:00","breadcrumb":{"@id":"https:\/\/sites.uef.fi\/flippaus\/flippedlearning\/#breadcrumb"},"inLanguage":"fi","potentialAction":[{"@type":"ReadAction","target":["https:\/\/sites.uef.fi\/flippaus\/flippedlearning\/"]}]},{"@type":"ImageObject","inLanguage":"fi","@id":"https:\/\/sites.uef.fi\/flippaus\/flippedlearning\/#primaryimage","url":"https:\/\/sites.uef.fi\/flippaus\/wp-content\/uploads\/sites\/83\/2020\/12\/hankekaavio_v2.jpg","contentUrl":"https:\/\/sites.uef.fi\/flippaus\/wp-content\/uploads\/sites\/83\/2020\/12\/hankekaavio_v2.jpg","width":1038,"height":501},{"@type":"BreadcrumbList","@id":"https:\/\/sites.uef.fi\/flippaus\/flippedlearning\/#breadcrumb","itemListElement":[{"@type":"ListItem","position":1,"name":"Home","item":"https:\/\/sites.uef.fi\/flippaus\/"},{"@type":"ListItem","position":2,"name":"Flipped Learning -hanke"}]},{"@type":"WebSite","@id":"https:\/\/sites.uef.fi\/flippaus\/#website","url":"https:\/\/sites.uef.fi\/flippaus\/","name":"Flipped Learning","description":"","publisher":{"@id":"https:\/\/sites.uef.fi\/flippaus\/#organization"},"potentialAction":[{"@type":"SearchAction","target":{"@type":"EntryPoint","urlTemplate":"https:\/\/sites.uef.fi\/flippaus\/?s={search_term_string}"},"query-input":{"@type":"PropertyValueSpecification","valueRequired":true,"valueName":"search_term_string"}}],"inLanguage":"fi"},{"@type":"Organization","@id":"https:\/\/sites.uef.fi\/flippaus\/#organization","name":"Flipped Learning","url":"https:\/\/sites.uef.fi\/flippaus\/","logo":{"@type":"ImageObject","inLanguage":"fi","@id":"https:\/\/sites.uef.fi\/flippaus\/#\/schema\/logo\/image\/","url":"https:\/\/sites.uef.fi\/flippaus\/wp-content\/uploads\/sites\/83\/2020\/05\/cropped-UEF_wordpress_white.png","contentUrl":"https:\/\/sites.uef.fi\/flippaus\/wp-content\/uploads\/sites\/83\/2020\/05\/cropped-UEF_wordpress_white.png","width":250,"height":250,"caption":"Flipped Learning"},"image":{"@id":"https:\/\/sites.uef.fi\/flippaus\/#\/schema\/logo\/image\/"}}]}},"_links":{"self":[{"href":"https:\/\/sites.uef.fi\/flippaus\/wp-json\/wp\/v2\/pages\/1058","targetHints":{"allow":["GET"]}}],"collection":[{"href":"https:\/\/sites.uef.fi\/flippaus\/wp-json\/wp\/v2\/pages"}],"about":[{"href":"https:\/\/sites.uef.fi\/flippaus\/wp-json\/wp\/v2\/types\/page"}],"author":[{"embeddable":true,"href":"https:\/\/sites.uef.fi\/flippaus\/wp-json\/wp\/v2\/users\/176"}],"replies":[{"embeddable":true,"href":"https:\/\/sites.uef.fi\/flippaus\/wp-json\/wp\/v2\/comments?post=1058"}],"version-history":[{"count":2,"href":"https:\/\/sites.uef.fi\/flippaus\/wp-json\/wp\/v2\/pages\/1058\/revisions"}],"predecessor-version":[{"id":3073,"href":"https:\/\/sites.uef.fi\/flippaus\/wp-json\/wp\/v2\/pages\/1058\/revisions\/3073"}],"wp:attachment":[{"href":"https:\/\/sites.uef.fi\/flippaus\/wp-json\/wp\/v2\/media?parent=1058"}],"curies":[{"name":"wp","href":"https:\/\/api.w.org\/{rel}","templated":true}]}}