{"id":1067,"date":"2020-08-07T15:58:21","date_gmt":"2020-08-07T12:58:21","guid":{"rendered":"https:\/\/sites.uef.fi\/flippaus\/?page_id=1067"},"modified":"2020-12-17T13:31:15","modified_gmt":"2020-12-17T11:31:15","slug":"kehittamishankkeet","status":"publish","type":"page","link":"https:\/\/sites.uef.fi\/flippaus\/flippedlearning\/kehittamishankkeet\/","title":{"rendered":"Kehitt\u00e4mishankkeet"},"content":{"rendered":"\n<h1 class=\"wp-block-heading\" id=\"yui_patched_v3_11_0_1_1596804664647_653\">Flipped Learning -kehitt\u00e4mishankkeet<\/h1>\n\n\n\n<p>Osana Flipped Learning -hanketta oli It\u00e4-Suomen yliopiston opetushenkil\u00f6st\u00f6ll\u00e4 vuonna 2018 mahdollisuus hakea rahoitusta opetuksen kehitt\u00e4miseen ja erityisesti Flipped Classroom- ja Flipped Learning-toimintaan. Rahoitusta my\u00f6nnettiin kuudelle hankkeelle kaikista eri tiedekunnista. Osa rahoituksen saajista oli jo opetustaan flippaavia opettajia, osalle rahoitus tarjosi mahdollisuuden muuttaa ja kehitt\u00e4\u00e4 opetustaan ja l\u00f6yt\u00e4\u00e4 uusia ratkaisuja. T\u00e4ll\u00e4 sivustolla rahoitusta saaneet hankkeet kertovat kehitt\u00e4misprojekteistaan. Kuhunkin hankkeeseen p\u00e4\u00e4see tutustumaan sen nime\u00e4 klikkaamalla tai yl\u00e4reunan valikosta.<\/p>\n\n\n\n<p><a href=\"https:\/\/sites.google.com\/view\/integroimallaparemmaksi\/integroimalla-paremmaksi-hanke\" target=\"_blank\" rel=\"noreferrer noopener\">Integroimalla paremmaksi<\/a>  (Susanna Kohonen &amp; Sinikka Kettunen, kielikeskus;&nbsp; Jonna Kosonen,  oikeustieteiden laitos) Huom. Hankesivu on UEF:n sivujen ulkopuolella<\/p>\n\n\n\n<p><a href=\"https:\/\/sites.uef.fi\/flippaus\/fl-hanke\/kehittamishankkeet\/irtoprotetiikan-opintojakson-kehittaminen\/\">Irtoprotetiikan opintojakson kehitt\u00e4minen<\/a> (Satu Korpisaari, l\u00e4\u00e4ketieteen laitos, hammasl\u00e4\u00e4ketieteen yksikk\u00f6)<\/p>\n\n\n\n<p><a href=\"https:\/\/sites.uef.fi\/flippaus\/fl-hanke\/kehittamishankkeet\/karjalan-kieli-flippaa\/\">Karjalan kieli flippaa<\/a> (Helka Riionheimo &amp; Milla Uusitupa, humanistinen osasto)<\/p>\n\n\n\n<p><a href=\"https:\/\/sites.uef.fi\/flippaus\/fl-hanke\/kehittamishankkeet\/metadatasta-opiskelijoiden-ohjaukseen\/\">Metadatasta opiskelijoiden ohjaukseen<\/a> (Vesa Paajanen, ymp\u00e4rist\u00f6- ja biotieteiden laitos)<\/p>\n\n\n\n<p><a href=\"https:\/\/sites.uef.fi\/flippaus\/fl-hanke\/kehittamishankkeet\/nyt-riittaa-luennointi\/\">Nyt riitt\u00e4\u00e4 luennointi! Peruskurssia flippaamaan<\/a> (Helena Kantanen &amp; Outi-Maaria Palo-oja, kauppatieteiden laitos)<\/p>\n\n\n\n<p><a href=\"https:\/\/sites.uef.fi\/flippaus\/fl-hanke\/kehittamishankkeet\/vuorovaikutustaidot-lastentautien-kurssilla\/\">Vuorovaikutustaidot ja ongelmal\u00e4ht\u00f6inen virtuaaliopetus lastentautien ja lastenneurologian kurssilla<\/a> (Pekka Arikoski &amp; Eija Piippo-Savolainen, l\u00e4\u00e4ketieteen laitos)<\/p>\n","protected":false},"excerpt":{"rendered":"<p>Flipped Learning -kehitt\u00e4mishankkeet Osana Flipped Learning -hanketta oli It\u00e4-Suomen yliopiston opetushenkil\u00f6st\u00f6ll\u00e4 vuonna 2018 mahdollisuus hakea rahoitusta opetuksen kehitt\u00e4miseen ja erityisesti Flipped Classroom- ja Flipped Learning-toimintaan. Rahoitusta my\u00f6nnettiin kuudelle hankkeelle kaikista eri tiedekunnista. Osa rahoituksen saajista oli jo opetustaan flippaavia opettajia, osalle rahoitus tarjosi mahdollisuuden muuttaa ja kehitt\u00e4\u00e4 opetustaan ja l\u00f6yt\u00e4\u00e4 uusia ratkaisuja. T\u00e4ll\u00e4 sivustolla rahoitusta &hellip; <\/p>\n<p class=\"link-more\"><a href=\"https:\/\/sites.uef.fi\/flippaus\/flippedlearning\/kehittamishankkeet\/\" class=\"more-link\">Jatka lukemista<span class=\"screen-reader-text\"> &#8221;Kehitt\u00e4mishankkeet&#8221;<\/span><\/a><\/p>\n","protected":false},"author":176,"featured_media":0,"parent":1058,"menu_order":1,"comment_status":"closed","ping_status":"closed","template":"","meta":{"_acf_changed":false,"_monsterinsights_skip_tracking":false,"_monsterinsights_sitenote_active":false,"_monsterinsights_sitenote_note":"","_monsterinsights_sitenote_category":0,"footnotes":""},"class_list":["post-1067","page","type-page","status-publish","hentry"],"acf":[],"yoast_head":"<!-- This site is optimized with the Yoast SEO plugin v27.1.1 - https:\/\/yoast.com\/product\/yoast-seo-wordpress\/ -->\n<title>Kehitt\u00e4mishankkeet - Flipped Learning<\/title>\n<meta name=\"robots\" content=\"index, follow, max-snippet:-1, max-image-preview:large, max-video-preview:-1\" \/>\n<link rel=\"canonical\" href=\"https:\/\/sites.uef.fi\/flippaus\/flippedlearning\/kehittamishankkeet\/\" \/>\n<meta property=\"og:locale\" content=\"fi_FI\" \/>\n<meta property=\"og:type\" content=\"article\" \/>\n<meta property=\"og:title\" content=\"Kehitt\u00e4mishankkeet - Flipped Learning\" \/>\n<meta property=\"og:description\" content=\"Flipped Learning -kehitt\u00e4mishankkeet Osana Flipped Learning -hanketta oli It\u00e4-Suomen yliopiston opetushenkil\u00f6st\u00f6ll\u00e4 vuonna 2018 mahdollisuus hakea rahoitusta opetuksen kehitt\u00e4miseen ja erityisesti Flipped Classroom- ja Flipped Learning-toimintaan. Rahoitusta my\u00f6nnettiin kuudelle hankkeelle kaikista eri tiedekunnista. Osa rahoituksen saajista oli jo opetustaan flippaavia opettajia, osalle rahoitus tarjosi mahdollisuuden muuttaa ja kehitt\u00e4\u00e4 opetustaan ja l\u00f6yt\u00e4\u00e4 uusia ratkaisuja. T\u00e4ll\u00e4 sivustolla rahoitusta &hellip; Jatka lukemista &quot;Kehitt\u00e4mishankkeet&quot;\" \/>\n<meta property=\"og:url\" content=\"https:\/\/sites.uef.fi\/flippaus\/flippedlearning\/kehittamishankkeet\/\" \/>\n<meta property=\"og:site_name\" content=\"Flipped Learning\" \/>\n<meta property=\"article:modified_time\" content=\"2020-12-17T11:31:15+00:00\" \/>\n<meta name=\"twitter:card\" content=\"summary_large_image\" \/>\n<meta name=\"twitter:label1\" content=\"Arvioitu lukuaika\" \/>\n\t<meta name=\"twitter:data1\" content=\"1 minuutti\" \/>\n<script type=\"application\/ld+json\" class=\"yoast-schema-graph\">{\"@context\":\"https:\/\/schema.org\",\"@graph\":[{\"@type\":\"WebPage\",\"@id\":\"https:\/\/sites.uef.fi\/flippaus\/flippedlearning\/kehittamishankkeet\/\",\"url\":\"https:\/\/sites.uef.fi\/flippaus\/flippedlearning\/kehittamishankkeet\/\",\"name\":\"Kehitt\u00e4mishankkeet - Flipped Learning\",\"isPartOf\":{\"@id\":\"https:\/\/sites.uef.fi\/flippaus\/#website\"},\"datePublished\":\"2020-08-07T12:58:21+00:00\",\"dateModified\":\"2020-12-17T11:31:15+00:00\",\"breadcrumb\":{\"@id\":\"https:\/\/sites.uef.fi\/flippaus\/flippedlearning\/kehittamishankkeet\/#breadcrumb\"},\"inLanguage\":\"fi\",\"potentialAction\":[{\"@type\":\"ReadAction\",\"target\":[\"https:\/\/sites.uef.fi\/flippaus\/flippedlearning\/kehittamishankkeet\/\"]}]},{\"@type\":\"BreadcrumbList\",\"@id\":\"https:\/\/sites.uef.fi\/flippaus\/flippedlearning\/kehittamishankkeet\/#breadcrumb\",\"itemListElement\":[{\"@type\":\"ListItem\",\"position\":1,\"name\":\"Home\",\"item\":\"https:\/\/sites.uef.fi\/flippaus\/\"},{\"@type\":\"ListItem\",\"position\":2,\"name\":\"Flipped Learning -hanke\",\"item\":\"https:\/\/sites.uef.fi\/flippaus\/flippedlearning\/\"},{\"@type\":\"ListItem\",\"position\":3,\"name\":\"Kehitt\u00e4mishankkeet\"}]},{\"@type\":\"WebSite\",\"@id\":\"https:\/\/sites.uef.fi\/flippaus\/#website\",\"url\":\"https:\/\/sites.uef.fi\/flippaus\/\",\"name\":\"Flipped Learning\",\"description\":\"\",\"publisher\":{\"@id\":\"https:\/\/sites.uef.fi\/flippaus\/#organization\"},\"potentialAction\":[{\"@type\":\"SearchAction\",\"target\":{\"@type\":\"EntryPoint\",\"urlTemplate\":\"https:\/\/sites.uef.fi\/flippaus\/?s={search_term_string}\"},\"query-input\":{\"@type\":\"PropertyValueSpecification\",\"valueRequired\":true,\"valueName\":\"search_term_string\"}}],\"inLanguage\":\"fi\"},{\"@type\":\"Organization\",\"@id\":\"https:\/\/sites.uef.fi\/flippaus\/#organization\",\"name\":\"Flipped Learning\",\"url\":\"https:\/\/sites.uef.fi\/flippaus\/\",\"logo\":{\"@type\":\"ImageObject\",\"inLanguage\":\"fi\",\"@id\":\"https:\/\/sites.uef.fi\/flippaus\/#\/schema\/logo\/image\/\",\"url\":\"https:\/\/sites.uef.fi\/flippaus\/wp-content\/uploads\/sites\/83\/2020\/05\/cropped-UEF_wordpress_white.png\",\"contentUrl\":\"https:\/\/sites.uef.fi\/flippaus\/wp-content\/uploads\/sites\/83\/2020\/05\/cropped-UEF_wordpress_white.png\",\"width\":250,\"height\":250,\"caption\":\"Flipped Learning\"},\"image\":{\"@id\":\"https:\/\/sites.uef.fi\/flippaus\/#\/schema\/logo\/image\/\"}}]}<\/script>\n<!-- \/ Yoast SEO plugin. -->","yoast_head_json":{"title":"Kehitt\u00e4mishankkeet - Flipped Learning","robots":{"index":"index","follow":"follow","max-snippet":"max-snippet:-1","max-image-preview":"max-image-preview:large","max-video-preview":"max-video-preview:-1"},"canonical":"https:\/\/sites.uef.fi\/flippaus\/flippedlearning\/kehittamishankkeet\/","og_locale":"fi_FI","og_type":"article","og_title":"Kehitt\u00e4mishankkeet - Flipped Learning","og_description":"Flipped Learning -kehitt\u00e4mishankkeet Osana Flipped Learning -hanketta oli It\u00e4-Suomen yliopiston opetushenkil\u00f6st\u00f6ll\u00e4 vuonna 2018 mahdollisuus hakea rahoitusta opetuksen kehitt\u00e4miseen ja erityisesti Flipped Classroom- ja Flipped Learning-toimintaan. Rahoitusta my\u00f6nnettiin kuudelle hankkeelle kaikista eri tiedekunnista. Osa rahoituksen saajista oli jo opetustaan flippaavia opettajia, osalle rahoitus tarjosi mahdollisuuden muuttaa ja kehitt\u00e4\u00e4 opetustaan ja l\u00f6yt\u00e4\u00e4 uusia ratkaisuja. T\u00e4ll\u00e4 sivustolla rahoitusta &hellip; Jatka lukemista \"Kehitt\u00e4mishankkeet\"","og_url":"https:\/\/sites.uef.fi\/flippaus\/flippedlearning\/kehittamishankkeet\/","og_site_name":"Flipped Learning","article_modified_time":"2020-12-17T11:31:15+00:00","twitter_card":"summary_large_image","twitter_misc":{"Arvioitu lukuaika":"1 minuutti"},"schema":{"@context":"https:\/\/schema.org","@graph":[{"@type":"WebPage","@id":"https:\/\/sites.uef.fi\/flippaus\/flippedlearning\/kehittamishankkeet\/","url":"https:\/\/sites.uef.fi\/flippaus\/flippedlearning\/kehittamishankkeet\/","name":"Kehitt\u00e4mishankkeet - Flipped Learning","isPartOf":{"@id":"https:\/\/sites.uef.fi\/flippaus\/#website"},"datePublished":"2020-08-07T12:58:21+00:00","dateModified":"2020-12-17T11:31:15+00:00","breadcrumb":{"@id":"https:\/\/sites.uef.fi\/flippaus\/flippedlearning\/kehittamishankkeet\/#breadcrumb"},"inLanguage":"fi","potentialAction":[{"@type":"ReadAction","target":["https:\/\/sites.uef.fi\/flippaus\/flippedlearning\/kehittamishankkeet\/"]}]},{"@type":"BreadcrumbList","@id":"https:\/\/sites.uef.fi\/flippaus\/flippedlearning\/kehittamishankkeet\/#breadcrumb","itemListElement":[{"@type":"ListItem","position":1,"name":"Home","item":"https:\/\/sites.uef.fi\/flippaus\/"},{"@type":"ListItem","position":2,"name":"Flipped Learning -hanke","item":"https:\/\/sites.uef.fi\/flippaus\/flippedlearning\/"},{"@type":"ListItem","position":3,"name":"Kehitt\u00e4mishankkeet"}]},{"@type":"WebSite","@id":"https:\/\/sites.uef.fi\/flippaus\/#website","url":"https:\/\/sites.uef.fi\/flippaus\/","name":"Flipped Learning","description":"","publisher":{"@id":"https:\/\/sites.uef.fi\/flippaus\/#organization"},"potentialAction":[{"@type":"SearchAction","target":{"@type":"EntryPoint","urlTemplate":"https:\/\/sites.uef.fi\/flippaus\/?s={search_term_string}"},"query-input":{"@type":"PropertyValueSpecification","valueRequired":true,"valueName":"search_term_string"}}],"inLanguage":"fi"},{"@type":"Organization","@id":"https:\/\/sites.uef.fi\/flippaus\/#organization","name":"Flipped Learning","url":"https:\/\/sites.uef.fi\/flippaus\/","logo":{"@type":"ImageObject","inLanguage":"fi","@id":"https:\/\/sites.uef.fi\/flippaus\/#\/schema\/logo\/image\/","url":"https:\/\/sites.uef.fi\/flippaus\/wp-content\/uploads\/sites\/83\/2020\/05\/cropped-UEF_wordpress_white.png","contentUrl":"https:\/\/sites.uef.fi\/flippaus\/wp-content\/uploads\/sites\/83\/2020\/05\/cropped-UEF_wordpress_white.png","width":250,"height":250,"caption":"Flipped Learning"},"image":{"@id":"https:\/\/sites.uef.fi\/flippaus\/#\/schema\/logo\/image\/"}}]}},"_links":{"self":[{"href":"https:\/\/sites.uef.fi\/flippaus\/wp-json\/wp\/v2\/pages\/1067","targetHints":{"allow":["GET"]}}],"collection":[{"href":"https:\/\/sites.uef.fi\/flippaus\/wp-json\/wp\/v2\/pages"}],"about":[{"href":"https:\/\/sites.uef.fi\/flippaus\/wp-json\/wp\/v2\/types\/page"}],"author":[{"embeddable":true,"href":"https:\/\/sites.uef.fi\/flippaus\/wp-json\/wp\/v2\/users\/176"}],"replies":[{"embeddable":true,"href":"https:\/\/sites.uef.fi\/flippaus\/wp-json\/wp\/v2\/comments?post=1067"}],"version-history":[{"count":2,"href":"https:\/\/sites.uef.fi\/flippaus\/wp-json\/wp\/v2\/pages\/1067\/revisions"}],"predecessor-version":[{"id":2797,"href":"https:\/\/sites.uef.fi\/flippaus\/wp-json\/wp\/v2\/pages\/1067\/revisions\/2797"}],"up":[{"embeddable":true,"href":"https:\/\/sites.uef.fi\/flippaus\/wp-json\/wp\/v2\/pages\/1058"}],"wp:attachment":[{"href":"https:\/\/sites.uef.fi\/flippaus\/wp-json\/wp\/v2\/media?parent=1067"}],"curies":[{"name":"wp","href":"https:\/\/api.w.org\/{rel}","templated":true}]}}