{"id":1082,"date":"2020-08-07T16:09:40","date_gmt":"2020-08-07T13:09:40","guid":{"rendered":"https:\/\/sites.uef.fi\/flippaus\/?page_id=1082"},"modified":"2023-10-10T15:23:03","modified_gmt":"2023-10-10T12:23:03","slug":"moodle","status":"publish","type":"page","link":"https:\/\/sites.uef.fi\/flippaus\/flippauksen-toteutus\/laitteet-ja-ohjelmistot\/moodle\/","title":{"rendered":"Moodle"},"content":{"rendered":"\n<p class=\"has-vivid-red-color has-text-color has-medium-font-size\"><strong>Hyv\u00e4 vierailija! Mediapalvelimen vaihdoksen vuoksi p\u00e4ivit\u00e4mme sivustoa ja videoiden toiminnassa on h\u00e4iri\u00f6it\u00e4 lokakuun aikana. Pahoittelemme t\u00e4st\u00e4 aiheutuvaa haittaa.<\/strong><\/p>\n\n\n\n<h1 class=\"wp-block-heading\" id=\"yui_patched_v3_11_0_1_1596805479436_441\">Moodle<\/h1>\n\n\n\n<p><em>Laatinut: Antti Ronkainen, projektitutkija, Soveltavan kasvatustieteen ja opettajankoulutuksen osasto<\/em><\/p>\n\n\n\n<p>T\u00e4ll\u00e4 sivulla k\u00e4yd\u00e4\u00e4n l\u00e4pi Moodlen k\u00e4ytt\u00f6\u00f6nottoa liittyvi\u00e4 asioita. Jos  k\u00e4yt\u00f6ss\u00e4si on Moodle, mutta et aiemmin ole opintojaksoa luonut, perehdy  t\u00e4m\u00e4n sivun perusteisiin. Mik\u00e4li Moodle on jo tuttu, voit tutustua <a href=\"https:\/\/sites.uef.fi\/flippaus\/flippauksen-toteutus\/laitteet-ja-ohjelmistot\/moodle\/esimerkkeja-moodlen-kaytosta\/\">k\u00e4yt\u00e4nn\u00f6n esimerkkeihin<\/a>.<\/p>\n\n\n\n<p>Videoilla k\u00e4yd\u00e4\u00e4n l\u00e4pi perusasioita Moodle-oppimisymp\u00e4rist\u00f6st\u00e4. Videomateriaalin avulla p\u00e4\u00e4see muun muassa alkuun kurssipohjan k\u00e4ytt\u00f6\u00f6notossa, asetusten muokkaamisessa, aineistojen lis\u00e4\u00e4misess\u00e4 ja ulkoasun muokkaamisessa. \nVideoiden katsomisen lis\u00e4ksi kannattaa tutustua Moodle-ohjeisiin osoitteessa <a href=\"https:\/\/docs.moodle.org\/2x\/fi\/Opettajan_opas\">https:\/\/docs.moodle.org\/2x\/fi\/Opettajan_opas<\/a>. Materiaali on suunnattu p\u00e4\u00e4asiallisesti vasta-alkajille, mutta kokeneempikin k\u00e4ytt\u00e4j\u00e4 voi l\u00f6yt\u00e4\u00e4 videoista uusia asioita.<\/p>\n\n\n\n<h2 class=\"wp-block-heading\" id=\"alkuunmoodlessa\">Alkuun Moodlen k\u00e4yt\u00f6ss\u00e4<\/h2>\n\n\n\n<p>Kiinnostaako Moodlen k\u00e4ytt\u00f6, mutta et viel\u00e4 tied\u00e4, kuinka l\u00e4hte\u00e4 asian kanssa  liikkeelle? T\u00e4ll\u00e4 videolla n\u00e4ytet\u00e4\u00e4n mm. kuinka tilaat itsellesi uuden kurssipohjan k\u00e4ytt\u00f6\u00f6si. Videon kesto on 07:50.<\/p>\n\n\n<iframe loading=\"lazy\" src=\"https:\/\/uef.cloud.panopto.eu\/Panopto\/Pages\/Embed.aspx?id=115bc5fa-a314-4d87-bc2a-b06700c6557f&autoplay=false&offerviewer=false&showtitle=false&showbrand=false&captions=false&interactivity=none\" height=\"375\" width=\"500\" style=\"border: 1px solid #464646;\" allowfullscreen allow=\"autoplay\" aria-label=\"Panopto Embedded Video Player\"><\/iframe>\n\n\n\n<h2 class=\"wp-block-heading\" id=\"yleissilmays\">Yleissilm\u00e4ys Moodle-kurssipohjan asetuksiin<\/h2>\n\n\n\n<p>Uusi kurssipohja on nyt saatu k\u00e4ytt\u00f6\u00f6n, kuinka t\u00e4st\u00e4 eteenp\u00e4in? Videolla  luodaan silm\u00e4ys kurssipohjan asetuksiin, joihin on hyv\u00e4 kiinnitt\u00e4\u00e4 huomiota ennen kurssin varsinaista rakentelua ja alkamista: mm. kurssin rakenne eri  vaihtoehtoineen, k\u00e4ytt\u00e4j\u00e4hallinta, opiskelijoiden lis\u00e4\u00e4minen kurssille, kurssiavain, ryhmien k\u00e4ytt\u00f6, kurssiraportit ja niist\u00e4 saatavat tiedot,  arviointiin liittyvi\u00e4 toimintoja ja vaihda roolia -toiminto. Videon kesto on 09:50.<\/p>\n\n\n<iframe loading=\"lazy\" src=\"https:\/\/uef.cloud.panopto.eu\/Panopto\/Pages\/Embed.aspx?id=096fe026-6176-44ea-8d14-b06700c9b686&autoplay=false&offerviewer=false&showtitle=false&showbrand=false&captions=false&interactivity=none\" height=\"375\" width=\"500\" style=\"border: 1px solid #464646;\" allowfullscreen allow=\"autoplay\" aria-label=\"Panopto Embedded Video Player\"><\/iframe>\n\n\n\n<h2 class=\"wp-block-heading\" id=\"aineistonlisays\">Aineistojen lis\u00e4\u00e4minen kurssipohjalle<\/h2>\n\n\n\n<p>Mit\u00e4 Moodlen aineistot ovat ja kuinka niit\u00e4 lis\u00e4t\u00e4\u00e4n kurssipohjalle? Esimerkeiss\u00e4 k\u00e4yd\u00e4\u00e4n l\u00e4pi tiedosto, verkko-osoitteen linkitt\u00e4minen, tiedoston lis\u00e4\u00e4minen O365-pilvipalvelusta sek\u00e4 alasivun luominen kurssipohjalle. Lis\u00e4ksi esitell\u00e4\u00e4n kansion k\u00e4ytt\u00f6\u00e4. Videon kesto on 11:18.<\/p>\n\n\n<iframe loading=\"lazy\" src=\"https:\/\/uef.cloud.panopto.eu\/Panopto\/Pages\/Embed.aspx?id=ba34d2e9-cf07-482e-b2a8-b06700c650f7&autoplay=false&offerviewer=false&showtitle=false&showbrand=false&captions=false&interactivity=none\" height=\"375\" width=\"500\" style=\"border: 1px solid #464646;\" allowfullscreen allow=\"autoplay\" aria-label=\"Panopto Embedded Video Player\"><\/iframe>\n\n\n\n<h2 class=\"wp-block-heading\" id=\"upottaminen\">Verkkosis\u00e4ll\u00f6n upottaminen kurssipohjalle<\/h2>\n\n\n\n<p>Upottaminen (embedding) tarkoittaa verkkosis\u00e4ll\u00f6n tuomista kurssipohjalle siten, ett\u00e4 se on n\u00e4kyviss\u00e4 ja k\u00e4ytett\u00e4viss\u00e4 suoraan oppimisymp\u00e4rist\u00f6ss\u00e4. Sis\u00e4ll\u00f6n upottaminen onnistuu, jos saatavilla on upotuskoodi. Videolla k\u00e4yd\u00e4\u00e4n l\u00e4pi upotuskoodin etsint\u00e4 ja sis\u00e4ll\u00f6n upottaminen Office365:st\u00e4. Videon kesto on 5:37.<\/p>\n\n\n<iframe loading=\"lazy\" src=\"https:\/\/uef.cloud.panopto.eu\/Panopto\/Pages\/Embed.aspx?id=33859bfe-879b-472b-9833-b06700c8656b&autoplay=false&offerviewer=false&showtitle=false&showbrand=false&captions=false&interactivity=none\" height=\"375\" width=\"500\" style=\"border: 1px solid #464646;\" allowfullscreen allow=\"autoplay\" aria-label=\"Panopto Embedded Video Player\"><\/iframe>\n\n\n\n<h2 class=\"wp-block-heading\" id=\"aktiviteetti\">Aktiviteetin lis\u00e4\u00e4minen kurssipohjalle<\/h2>\n\n\n\n<p>Mit\u00e4 ovat Moodlen aktiviteetit ja mihin niit\u00e4 voi k\u00e4ytt\u00e4\u00e4? Aktiviteetin  lis\u00e4\u00e4minen kurssipohjalle, esimerkkin\u00e4 keskustelualue asetuksineen. Videon kesto on 6:07.<\/p>\n\n\n<iframe loading=\"lazy\" src=\"https:\/\/uef.cloud.panopto.eu\/Panopto\/Pages\/Embed.aspx?id=c9697ab5-e488-4215-9e5c-b06700c650a5&autoplay=false&offerviewer=false&showtitle=false&showbrand=false&captions=false&interactivity=none\" height=\"375\" width=\"500\" style=\"border: 1px solid #464646;\" allowfullscreen allow=\"autoplay\" aria-label=\"Panopto Embedded Video Player\"><\/iframe>\n\n\n\n<h2 class=\"wp-block-heading\" id=\"ulkoasu\">Kurssipohjan ulkoasun muokkausta<\/h2>\n\n\n\n<p>Kurssipohjasta saa pienell\u00e4 vaivalla mukavamman n\u00e4k\u00f6isen ja selke\u00e4mm\u00e4n k\u00e4ytt\u00e4\u00e4. Videolla k\u00e4yd\u00e4\u00e4n l\u00e4pi muutamia keinoja vaikuttaa kurssin\u00e4kym\u00e4\u00e4n: kuvan lis\u00e4\u00e4minen, tekstin muotoileminen, v\u00e4liotsikoiden hy\u00f6dynt\u00e4minen, aineistojen siirtely ja kansioiden hy\u00f6dynt\u00e4minen. Videon kesto on 10:12.<\/p>\n\n\n<iframe loading=\"lazy\" src=\"https:\/\/uef.cloud.panopto.eu\/Panopto\/Pages\/Embed.aspx?id=7d7e9857-52a7-4843-a081-b06700c6f505&autoplay=false&offerviewer=false&showtitle=false&showbrand=false&captions=false&interactivity=none\" height=\"375\" width=\"500\" style=\"border: 1px solid #464646;\" allowfullscreen allow=\"autoplay\" aria-label=\"Panopto Embedded Video Player\"><\/iframe>\n","protected":false},"excerpt":{"rendered":"<p>Hyv\u00e4 vierailija! Mediapalvelimen vaihdoksen vuoksi p\u00e4ivit\u00e4mme sivustoa ja videoiden toiminnassa on h\u00e4iri\u00f6it\u00e4 lokakuun aikana. Pahoittelemme t\u00e4st\u00e4 aiheutuvaa haittaa. Moodle Laatinut: Antti Ronkainen, projektitutkija, Soveltavan kasvatustieteen ja opettajankoulutuksen osasto T\u00e4ll\u00e4 sivulla k\u00e4yd\u00e4\u00e4n l\u00e4pi Moodlen k\u00e4ytt\u00f6\u00f6nottoa liittyvi\u00e4 asioita. Jos k\u00e4yt\u00f6ss\u00e4si on Moodle, mutta et aiemmin ole opintojaksoa luonut, perehdy t\u00e4m\u00e4n sivun perusteisiin. Mik\u00e4li Moodle on jo tuttu, &hellip; <\/p>\n<p class=\"link-more\"><a href=\"https:\/\/sites.uef.fi\/flippaus\/flippauksen-toteutus\/laitteet-ja-ohjelmistot\/moodle\/\" class=\"more-link\">Jatka lukemista<span class=\"screen-reader-text\"> &#8221;Moodle&#8221;<\/span><\/a><\/p>\n","protected":false},"author":176,"featured_media":0,"parent":926,"menu_order":2,"comment_status":"closed","ping_status":"closed","template":"","meta":{"_acf_changed":false,"_monsterinsights_skip_tracking":false,"_monsterinsights_sitenote_active":false,"_monsterinsights_sitenote_note":"","_monsterinsights_sitenote_category":0,"footnotes":""},"class_list":["post-1082","page","type-page","status-publish","hentry"],"acf":[],"yoast_head":"<!-- This site is optimized with the Yoast SEO plugin v27.1.1 - https:\/\/yoast.com\/product\/yoast-seo-wordpress\/ -->\n<title>Moodle - Flipped Learning<\/title>\n<meta name=\"robots\" content=\"index, follow, max-snippet:-1, max-image-preview:large, max-video-preview:-1\" \/>\n<link rel=\"canonical\" href=\"https:\/\/sites.uef.fi\/flippaus\/flippauksen-toteutus\/laitteet-ja-ohjelmistot\/moodle\/\" \/>\n<meta property=\"og:locale\" content=\"fi_FI\" \/>\n<meta property=\"og:type\" content=\"article\" \/>\n<meta property=\"og:title\" content=\"Moodle - Flipped Learning\" \/>\n<meta property=\"og:description\" content=\"Hyv\u00e4 vierailija! Mediapalvelimen vaihdoksen vuoksi p\u00e4ivit\u00e4mme sivustoa ja videoiden toiminnassa on h\u00e4iri\u00f6it\u00e4 lokakuun aikana. Pahoittelemme t\u00e4st\u00e4 aiheutuvaa haittaa. Moodle Laatinut: Antti Ronkainen, projektitutkija, Soveltavan kasvatustieteen ja opettajankoulutuksen osasto T\u00e4ll\u00e4 sivulla k\u00e4yd\u00e4\u00e4n l\u00e4pi Moodlen k\u00e4ytt\u00f6\u00f6nottoa liittyvi\u00e4 asioita. Jos k\u00e4yt\u00f6ss\u00e4si on Moodle, mutta et aiemmin ole opintojaksoa luonut, perehdy t\u00e4m\u00e4n sivun perusteisiin. Mik\u00e4li Moodle on jo tuttu, &hellip; Jatka lukemista &quot;Moodle&quot;\" \/>\n<meta property=\"og:url\" content=\"https:\/\/sites.uef.fi\/flippaus\/flippauksen-toteutus\/laitteet-ja-ohjelmistot\/moodle\/\" \/>\n<meta property=\"og:site_name\" content=\"Flipped Learning\" \/>\n<meta property=\"article:modified_time\" content=\"2023-10-10T12:23:03+00:00\" \/>\n<meta name=\"twitter:card\" content=\"summary_large_image\" \/>\n<meta name=\"twitter:label1\" content=\"Arvioitu lukuaika\" \/>\n\t<meta name=\"twitter:data1\" content=\"3 minuuttia\" \/>\n<script type=\"application\/ld+json\" class=\"yoast-schema-graph\">{\"@context\":\"https:\/\/schema.org\",\"@graph\":[{\"@type\":\"WebPage\",\"@id\":\"https:\/\/sites.uef.fi\/flippaus\/flippauksen-toteutus\/laitteet-ja-ohjelmistot\/moodle\/\",\"url\":\"https:\/\/sites.uef.fi\/flippaus\/flippauksen-toteutus\/laitteet-ja-ohjelmistot\/moodle\/\",\"name\":\"Moodle - Flipped Learning\",\"isPartOf\":{\"@id\":\"https:\/\/sites.uef.fi\/flippaus\/#website\"},\"datePublished\":\"2020-08-07T13:09:40+00:00\",\"dateModified\":\"2023-10-10T12:23:03+00:00\",\"breadcrumb\":{\"@id\":\"https:\/\/sites.uef.fi\/flippaus\/flippauksen-toteutus\/laitteet-ja-ohjelmistot\/moodle\/#breadcrumb\"},\"inLanguage\":\"fi\",\"potentialAction\":[{\"@type\":\"ReadAction\",\"target\":[\"https:\/\/sites.uef.fi\/flippaus\/flippauksen-toteutus\/laitteet-ja-ohjelmistot\/moodle\/\"]}]},{\"@type\":\"BreadcrumbList\",\"@id\":\"https:\/\/sites.uef.fi\/flippaus\/flippauksen-toteutus\/laitteet-ja-ohjelmistot\/moodle\/#breadcrumb\",\"itemListElement\":[{\"@type\":\"ListItem\",\"position\":1,\"name\":\"Home\",\"item\":\"https:\/\/sites.uef.fi\/flippaus\/\"},{\"@type\":\"ListItem\",\"position\":2,\"name\":\"Flippauksen toteutus\",\"item\":\"https:\/\/sites.uef.fi\/flippaus\/flippauksen-toteutus\/\"},{\"@type\":\"ListItem\",\"position\":3,\"name\":\"Laitteet ja ohjelmistot\",\"item\":\"https:\/\/sites.uef.fi\/flippaus\/flippauksen-toteutus\/laitteet-ja-ohjelmistot\/\"},{\"@type\":\"ListItem\",\"position\":4,\"name\":\"Moodle\"}]},{\"@type\":\"WebSite\",\"@id\":\"https:\/\/sites.uef.fi\/flippaus\/#website\",\"url\":\"https:\/\/sites.uef.fi\/flippaus\/\",\"name\":\"Flipped Learning\",\"description\":\"\",\"publisher\":{\"@id\":\"https:\/\/sites.uef.fi\/flippaus\/#organization\"},\"potentialAction\":[{\"@type\":\"SearchAction\",\"target\":{\"@type\":\"EntryPoint\",\"urlTemplate\":\"https:\/\/sites.uef.fi\/flippaus\/?s={search_term_string}\"},\"query-input\":{\"@type\":\"PropertyValueSpecification\",\"valueRequired\":true,\"valueName\":\"search_term_string\"}}],\"inLanguage\":\"fi\"},{\"@type\":\"Organization\",\"@id\":\"https:\/\/sites.uef.fi\/flippaus\/#organization\",\"name\":\"Flipped Learning\",\"url\":\"https:\/\/sites.uef.fi\/flippaus\/\",\"logo\":{\"@type\":\"ImageObject\",\"inLanguage\":\"fi\",\"@id\":\"https:\/\/sites.uef.fi\/flippaus\/#\/schema\/logo\/image\/\",\"url\":\"https:\/\/sites.uef.fi\/flippaus\/wp-content\/uploads\/sites\/83\/2020\/05\/cropped-UEF_wordpress_white.png\",\"contentUrl\":\"https:\/\/sites.uef.fi\/flippaus\/wp-content\/uploads\/sites\/83\/2020\/05\/cropped-UEF_wordpress_white.png\",\"width\":250,\"height\":250,\"caption\":\"Flipped Learning\"},\"image\":{\"@id\":\"https:\/\/sites.uef.fi\/flippaus\/#\/schema\/logo\/image\/\"}}]}<\/script>\n<!-- \/ Yoast SEO plugin. -->","yoast_head_json":{"title":"Moodle - Flipped Learning","robots":{"index":"index","follow":"follow","max-snippet":"max-snippet:-1","max-image-preview":"max-image-preview:large","max-video-preview":"max-video-preview:-1"},"canonical":"https:\/\/sites.uef.fi\/flippaus\/flippauksen-toteutus\/laitteet-ja-ohjelmistot\/moodle\/","og_locale":"fi_FI","og_type":"article","og_title":"Moodle - Flipped Learning","og_description":"Hyv\u00e4 vierailija! Mediapalvelimen vaihdoksen vuoksi p\u00e4ivit\u00e4mme sivustoa ja videoiden toiminnassa on h\u00e4iri\u00f6it\u00e4 lokakuun aikana. Pahoittelemme t\u00e4st\u00e4 aiheutuvaa haittaa. Moodle Laatinut: Antti Ronkainen, projektitutkija, Soveltavan kasvatustieteen ja opettajankoulutuksen osasto T\u00e4ll\u00e4 sivulla k\u00e4yd\u00e4\u00e4n l\u00e4pi Moodlen k\u00e4ytt\u00f6\u00f6nottoa liittyvi\u00e4 asioita. Jos k\u00e4yt\u00f6ss\u00e4si on Moodle, mutta et aiemmin ole opintojaksoa luonut, perehdy t\u00e4m\u00e4n sivun perusteisiin. Mik\u00e4li Moodle on jo tuttu, &hellip; Jatka lukemista \"Moodle\"","og_url":"https:\/\/sites.uef.fi\/flippaus\/flippauksen-toteutus\/laitteet-ja-ohjelmistot\/moodle\/","og_site_name":"Flipped Learning","article_modified_time":"2023-10-10T12:23:03+00:00","twitter_card":"summary_large_image","twitter_misc":{"Arvioitu lukuaika":"3 minuuttia"},"schema":{"@context":"https:\/\/schema.org","@graph":[{"@type":"WebPage","@id":"https:\/\/sites.uef.fi\/flippaus\/flippauksen-toteutus\/laitteet-ja-ohjelmistot\/moodle\/","url":"https:\/\/sites.uef.fi\/flippaus\/flippauksen-toteutus\/laitteet-ja-ohjelmistot\/moodle\/","name":"Moodle - Flipped Learning","isPartOf":{"@id":"https:\/\/sites.uef.fi\/flippaus\/#website"},"datePublished":"2020-08-07T13:09:40+00:00","dateModified":"2023-10-10T12:23:03+00:00","breadcrumb":{"@id":"https:\/\/sites.uef.fi\/flippaus\/flippauksen-toteutus\/laitteet-ja-ohjelmistot\/moodle\/#breadcrumb"},"inLanguage":"fi","potentialAction":[{"@type":"ReadAction","target":["https:\/\/sites.uef.fi\/flippaus\/flippauksen-toteutus\/laitteet-ja-ohjelmistot\/moodle\/"]}]},{"@type":"BreadcrumbList","@id":"https:\/\/sites.uef.fi\/flippaus\/flippauksen-toteutus\/laitteet-ja-ohjelmistot\/moodle\/#breadcrumb","itemListElement":[{"@type":"ListItem","position":1,"name":"Home","item":"https:\/\/sites.uef.fi\/flippaus\/"},{"@type":"ListItem","position":2,"name":"Flippauksen toteutus","item":"https:\/\/sites.uef.fi\/flippaus\/flippauksen-toteutus\/"},{"@type":"ListItem","position":3,"name":"Laitteet ja ohjelmistot","item":"https:\/\/sites.uef.fi\/flippaus\/flippauksen-toteutus\/laitteet-ja-ohjelmistot\/"},{"@type":"ListItem","position":4,"name":"Moodle"}]},{"@type":"WebSite","@id":"https:\/\/sites.uef.fi\/flippaus\/#website","url":"https:\/\/sites.uef.fi\/flippaus\/","name":"Flipped Learning","description":"","publisher":{"@id":"https:\/\/sites.uef.fi\/flippaus\/#organization"},"potentialAction":[{"@type":"SearchAction","target":{"@type":"EntryPoint","urlTemplate":"https:\/\/sites.uef.fi\/flippaus\/?s={search_term_string}"},"query-input":{"@type":"PropertyValueSpecification","valueRequired":true,"valueName":"search_term_string"}}],"inLanguage":"fi"},{"@type":"Organization","@id":"https:\/\/sites.uef.fi\/flippaus\/#organization","name":"Flipped Learning","url":"https:\/\/sites.uef.fi\/flippaus\/","logo":{"@type":"ImageObject","inLanguage":"fi","@id":"https:\/\/sites.uef.fi\/flippaus\/#\/schema\/logo\/image\/","url":"https:\/\/sites.uef.fi\/flippaus\/wp-content\/uploads\/sites\/83\/2020\/05\/cropped-UEF_wordpress_white.png","contentUrl":"https:\/\/sites.uef.fi\/flippaus\/wp-content\/uploads\/sites\/83\/2020\/05\/cropped-UEF_wordpress_white.png","width":250,"height":250,"caption":"Flipped Learning"},"image":{"@id":"https:\/\/sites.uef.fi\/flippaus\/#\/schema\/logo\/image\/"}}]}},"_links":{"self":[{"href":"https:\/\/sites.uef.fi\/flippaus\/wp-json\/wp\/v2\/pages\/1082","targetHints":{"allow":["GET"]}}],"collection":[{"href":"https:\/\/sites.uef.fi\/flippaus\/wp-json\/wp\/v2\/pages"}],"about":[{"href":"https:\/\/sites.uef.fi\/flippaus\/wp-json\/wp\/v2\/types\/page"}],"author":[{"embeddable":true,"href":"https:\/\/sites.uef.fi\/flippaus\/wp-json\/wp\/v2\/users\/176"}],"replies":[{"embeddable":true,"href":"https:\/\/sites.uef.fi\/flippaus\/wp-json\/wp\/v2\/comments?post=1082"}],"version-history":[{"count":2,"href":"https:\/\/sites.uef.fi\/flippaus\/wp-json\/wp\/v2\/pages\/1082\/revisions"}],"predecessor-version":[{"id":3334,"href":"https:\/\/sites.uef.fi\/flippaus\/wp-json\/wp\/v2\/pages\/1082\/revisions\/3334"}],"up":[{"embeddable":true,"href":"https:\/\/sites.uef.fi\/flippaus\/wp-json\/wp\/v2\/pages\/926"}],"wp:attachment":[{"href":"https:\/\/sites.uef.fi\/flippaus\/wp-json\/wp\/v2\/media?parent=1082"}],"curies":[{"name":"wp","href":"https:\/\/api.w.org\/{rel}","templated":true}]}}