{"id":1091,"date":"2020-08-07T16:12:51","date_gmt":"2020-08-07T13:12:51","guid":{"rendered":"https:\/\/sites.uef.fi\/flippaus\/?page_id=1091"},"modified":"2023-10-10T15:23:36","modified_gmt":"2023-10-10T12:23:36","slug":"esimerkkeja-moodlen-kaytosta","status":"publish","type":"page","link":"https:\/\/sites.uef.fi\/flippaus\/flippauksen-toteutus\/laitteet-ja-ohjelmistot\/moodle\/esimerkkeja-moodlen-kaytosta\/","title":{"rendered":"Esimerkkej\u00e4 Moodlen k\u00e4yt\u00f6st\u00e4"},"content":{"rendered":"\n<p class=\"has-vivid-red-color has-text-color has-medium-font-size\"><strong>Hyv\u00e4 vierailija! Mediapalvelimen vaihdoksen vuoksi p\u00e4ivit\u00e4mme sivustoa ja videoiden toiminnassa on h\u00e4iri\u00f6it\u00e4 lokakuun aikana. Pahoittelemme t\u00e4st\u00e4 aiheutuvaa haittaa.<\/strong><\/p>\n\n\n\n<h1 class=\"wp-block-heading\">Esimerkkej\u00e4 Moodlen k\u00e4yt\u00f6st\u00e4<\/h1>\n\n\n\n<p><em>Videot laatinut: Erkki Pesonen, yliopistonlehtori, Tietojenk\u00e4sittelytieteen laitos<\/em><\/p>\n\n\n\n<h2 class=\"wp-block-heading\" id=\"moodleflipesim\">Esimerkki flipatun opintojakson rakenteesta<\/h2>\n\n\n\n<p>Videolla (kesto 6:22) Erkki Pesonen kertoo opintojakson Moodle-ymp\u00e4rist\u00f6n rakenteesta k\u00e4ytt\u00e4en esimerkkin\u00e4 omaa Johdatus tietojenk\u00e4sittelyyn -opintojaksoaan. Siin\u00e4 teema on jaettu viikkokohtaisiin lohkoihin, johon on my\u00f6s merkitty oppimistavoitteet. Aihe on eritelty opiskeltavaan materiaaliin, teht\u00e4viin sek\u00e4 oheismateriaaliin.<\/p>\n\n\n<iframe loading=\"lazy\" src=\"https:\/\/uef.cloud.panopto.eu\/Panopto\/Pages\/Embed.aspx?id=a74a863d-08b6-4beb-bfbc-b06700c66239&autoplay=false&offerviewer=false&showtitle=false&showbrand=false&captions=false&interactivity=none\" height=\"375\" width=\"500\" style=\"border: 1px solid #464646;\" allowfullscreen allow=\"autoplay\" aria-label=\"Panopto Embedded Video Player\"><\/iframe>\n\n\n\n<h2 class=\"wp-block-heading\" id=\"esittmoodle\">Esimerkki materiaalin esitt\u00e4mistavoista Moodlessa<\/h2>\n\n\n\n<p>Videolla kerrotaan, miten sis\u00e4lt\u00f6\u00e4 (teksti\u00e4, kuvia ja videoita) voi esitt\u00e4\u00e4  Moodlen ymp\u00e4rist\u00f6ss\u00e4 sivu- ja kirjaty\u00f6kaluja k\u00e4ytt\u00e4en. Videolla kerrotaan my\u00f6s videon linkitt\u00e4misest\u00e4 ja upottamisesta. Huomaa, ett\u00e4 jokaisen videon lis\u00e4\u00e4misen j\u00e4lkeen tulee muutokset tallentaa, muuten video ei tallennu. Videon kesto on 3:01.<\/p>\n\n\n<iframe loading=\"lazy\" src=\"https:\/\/uef.cloud.panopto.eu\/Panopto\/Pages\/Embed.aspx?id=40383c47-d144-406b-a7d4-b06700c66740&autoplay=false&offerviewer=false&showtitle=false&showbrand=false&captions=false&interactivity=none\" height=\"375\" width=\"500\" style=\"border: 1px solid #464646;\" allowfullscreen allow=\"autoplay\" aria-label=\"Panopto Embedded Video Player\"><\/iframe>\n\n\n\n<h2 class=\"wp-block-heading\" id=\"arviointimoodle\">Kurssiarviointien tuominen Moodleen<\/h2>\n\n\n\n<p>Videolla (kesto 4:06) n\u00e4ytet\u00e4\u00e4n, miten kurssiarvioinnit saa viety\u00e4 Moodlesta Exceliin ja  kuinka vastaavasti muualla tehdyt arvioinnit voi sy\u00f6tt\u00e4\u00e4 Moodleen, jos kaikki arvioinnit haluaa Moodleen.<\/p>\n\n\n<iframe loading=\"lazy\" src=\"https:\/\/uef.cloud.panopto.eu\/Panopto\/Pages\/Embed.aspx?id=6f816307-1509-42db-9855-b06700c6d974&autoplay=false&offerviewer=false&showtitle=false&showbrand=false&captions=false&interactivity=none\" height=\"375\" width=\"500\" style=\"border: 1px solid #464646;\" allowfullscreen allow=\"autoplay\" aria-label=\"Panopto Embedded Video Player\"><\/iframe>\n","protected":false},"excerpt":{"rendered":"<p>Hyv\u00e4 vierailija! Mediapalvelimen vaihdoksen vuoksi p\u00e4ivit\u00e4mme sivustoa ja videoiden toiminnassa on h\u00e4iri\u00f6it\u00e4 lokakuun aikana. Pahoittelemme t\u00e4st\u00e4 aiheutuvaa haittaa. Esimerkkej\u00e4 Moodlen k\u00e4yt\u00f6st\u00e4 Videot laatinut: Erkki Pesonen, yliopistonlehtori, Tietojenk\u00e4sittelytieteen laitos Esimerkki flipatun opintojakson rakenteesta Videolla (kesto 6:22) Erkki Pesonen kertoo opintojakson Moodle-ymp\u00e4rist\u00f6n rakenteesta k\u00e4ytt\u00e4en esimerkkin\u00e4 omaa Johdatus tietojenk\u00e4sittelyyn -opintojaksoaan. Siin\u00e4 teema on jaettu viikkokohtaisiin lohkoihin, johon on &hellip; <\/p>\n<p class=\"link-more\"><a href=\"https:\/\/sites.uef.fi\/flippaus\/flippauksen-toteutus\/laitteet-ja-ohjelmistot\/moodle\/esimerkkeja-moodlen-kaytosta\/\" class=\"more-link\">Jatka lukemista<span class=\"screen-reader-text\"> &#8221;Esimerkkej\u00e4 Moodlen k\u00e4yt\u00f6st\u00e4&#8221;<\/span><\/a><\/p>\n","protected":false},"author":176,"featured_media":0,"parent":1082,"menu_order":1,"comment_status":"closed","ping_status":"closed","template":"","meta":{"_acf_changed":false,"_monsterinsights_skip_tracking":false,"_monsterinsights_sitenote_active":false,"_monsterinsights_sitenote_note":"","_monsterinsights_sitenote_category":0,"footnotes":""},"class_list":["post-1091","page","type-page","status-publish","hentry"],"acf":[],"yoast_head":"<!-- This site is optimized with the Yoast SEO plugin v27.1.1 - https:\/\/yoast.com\/product\/yoast-seo-wordpress\/ -->\n<title>Esimerkkej\u00e4 Moodlen k\u00e4yt\u00f6st\u00e4 - Flipped Learning<\/title>\n<meta name=\"robots\" content=\"index, follow, max-snippet:-1, max-image-preview:large, max-video-preview:-1\" \/>\n<link rel=\"canonical\" href=\"https:\/\/sites.uef.fi\/flippaus\/flippauksen-toteutus\/laitteet-ja-ohjelmistot\/moodle\/esimerkkeja-moodlen-kaytosta\/\" \/>\n<meta property=\"og:locale\" content=\"fi_FI\" \/>\n<meta property=\"og:type\" content=\"article\" \/>\n<meta property=\"og:title\" content=\"Esimerkkej\u00e4 Moodlen k\u00e4yt\u00f6st\u00e4 - Flipped Learning\" \/>\n<meta property=\"og:description\" content=\"Hyv\u00e4 vierailija! Mediapalvelimen vaihdoksen vuoksi p\u00e4ivit\u00e4mme sivustoa ja videoiden toiminnassa on h\u00e4iri\u00f6it\u00e4 lokakuun aikana. Pahoittelemme t\u00e4st\u00e4 aiheutuvaa haittaa. Esimerkkej\u00e4 Moodlen k\u00e4yt\u00f6st\u00e4 Videot laatinut: Erkki Pesonen, yliopistonlehtori, Tietojenk\u00e4sittelytieteen laitos Esimerkki flipatun opintojakson rakenteesta Videolla (kesto 6:22) Erkki Pesonen kertoo opintojakson Moodle-ymp\u00e4rist\u00f6n rakenteesta k\u00e4ytt\u00e4en esimerkkin\u00e4 omaa Johdatus tietojenk\u00e4sittelyyn -opintojaksoaan. Siin\u00e4 teema on jaettu viikkokohtaisiin lohkoihin, johon on &hellip; Jatka lukemista &quot;Esimerkkej\u00e4 Moodlen k\u00e4yt\u00f6st\u00e4&quot;\" \/>\n<meta property=\"og:url\" content=\"https:\/\/sites.uef.fi\/flippaus\/flippauksen-toteutus\/laitteet-ja-ohjelmistot\/moodle\/esimerkkeja-moodlen-kaytosta\/\" \/>\n<meta property=\"og:site_name\" content=\"Flipped Learning\" \/>\n<meta property=\"article:modified_time\" content=\"2023-10-10T12:23:36+00:00\" \/>\n<meta name=\"twitter:card\" content=\"summary_large_image\" \/>\n<meta name=\"twitter:label1\" content=\"Arvioitu lukuaika\" \/>\n\t<meta name=\"twitter:data1\" content=\"1 minuutti\" \/>\n<script type=\"application\/ld+json\" class=\"yoast-schema-graph\">{\"@context\":\"https:\/\/schema.org\",\"@graph\":[{\"@type\":\"WebPage\",\"@id\":\"https:\/\/sites.uef.fi\/flippaus\/flippauksen-toteutus\/laitteet-ja-ohjelmistot\/moodle\/esimerkkeja-moodlen-kaytosta\/\",\"url\":\"https:\/\/sites.uef.fi\/flippaus\/flippauksen-toteutus\/laitteet-ja-ohjelmistot\/moodle\/esimerkkeja-moodlen-kaytosta\/\",\"name\":\"Esimerkkej\u00e4 Moodlen k\u00e4yt\u00f6st\u00e4 - Flipped Learning\",\"isPartOf\":{\"@id\":\"https:\/\/sites.uef.fi\/flippaus\/#website\"},\"datePublished\":\"2020-08-07T13:12:51+00:00\",\"dateModified\":\"2023-10-10T12:23:36+00:00\",\"breadcrumb\":{\"@id\":\"https:\/\/sites.uef.fi\/flippaus\/flippauksen-toteutus\/laitteet-ja-ohjelmistot\/moodle\/esimerkkeja-moodlen-kaytosta\/#breadcrumb\"},\"inLanguage\":\"fi\",\"potentialAction\":[{\"@type\":\"ReadAction\",\"target\":[\"https:\/\/sites.uef.fi\/flippaus\/flippauksen-toteutus\/laitteet-ja-ohjelmistot\/moodle\/esimerkkeja-moodlen-kaytosta\/\"]}]},{\"@type\":\"BreadcrumbList\",\"@id\":\"https:\/\/sites.uef.fi\/flippaus\/flippauksen-toteutus\/laitteet-ja-ohjelmistot\/moodle\/esimerkkeja-moodlen-kaytosta\/#breadcrumb\",\"itemListElement\":[{\"@type\":\"ListItem\",\"position\":1,\"name\":\"Home\",\"item\":\"https:\/\/sites.uef.fi\/flippaus\/\"},{\"@type\":\"ListItem\",\"position\":2,\"name\":\"Flippauksen toteutus\",\"item\":\"https:\/\/sites.uef.fi\/flippaus\/flippauksen-toteutus\/\"},{\"@type\":\"ListItem\",\"position\":3,\"name\":\"Laitteet ja ohjelmistot\",\"item\":\"https:\/\/sites.uef.fi\/flippaus\/flippauksen-toteutus\/laitteet-ja-ohjelmistot\/\"},{\"@type\":\"ListItem\",\"position\":4,\"name\":\"Moodle\",\"item\":\"https:\/\/sites.uef.fi\/flippaus\/flippauksen-toteutus\/laitteet-ja-ohjelmistot\/moodle\/\"},{\"@type\":\"ListItem\",\"position\":5,\"name\":\"Esimerkkej\u00e4 Moodlen k\u00e4yt\u00f6st\u00e4\"}]},{\"@type\":\"WebSite\",\"@id\":\"https:\/\/sites.uef.fi\/flippaus\/#website\",\"url\":\"https:\/\/sites.uef.fi\/flippaus\/\",\"name\":\"Flipped Learning\",\"description\":\"\",\"publisher\":{\"@id\":\"https:\/\/sites.uef.fi\/flippaus\/#organization\"},\"potentialAction\":[{\"@type\":\"SearchAction\",\"target\":{\"@type\":\"EntryPoint\",\"urlTemplate\":\"https:\/\/sites.uef.fi\/flippaus\/?s={search_term_string}\"},\"query-input\":{\"@type\":\"PropertyValueSpecification\",\"valueRequired\":true,\"valueName\":\"search_term_string\"}}],\"inLanguage\":\"fi\"},{\"@type\":\"Organization\",\"@id\":\"https:\/\/sites.uef.fi\/flippaus\/#organization\",\"name\":\"Flipped Learning\",\"url\":\"https:\/\/sites.uef.fi\/flippaus\/\",\"logo\":{\"@type\":\"ImageObject\",\"inLanguage\":\"fi\",\"@id\":\"https:\/\/sites.uef.fi\/flippaus\/#\/schema\/logo\/image\/\",\"url\":\"https:\/\/sites.uef.fi\/flippaus\/wp-content\/uploads\/sites\/83\/2020\/05\/cropped-UEF_wordpress_white.png\",\"contentUrl\":\"https:\/\/sites.uef.fi\/flippaus\/wp-content\/uploads\/sites\/83\/2020\/05\/cropped-UEF_wordpress_white.png\",\"width\":250,\"height\":250,\"caption\":\"Flipped Learning\"},\"image\":{\"@id\":\"https:\/\/sites.uef.fi\/flippaus\/#\/schema\/logo\/image\/\"}}]}<\/script>\n<!-- \/ Yoast SEO plugin. -->","yoast_head_json":{"title":"Esimerkkej\u00e4 Moodlen k\u00e4yt\u00f6st\u00e4 - Flipped Learning","robots":{"index":"index","follow":"follow","max-snippet":"max-snippet:-1","max-image-preview":"max-image-preview:large","max-video-preview":"max-video-preview:-1"},"canonical":"https:\/\/sites.uef.fi\/flippaus\/flippauksen-toteutus\/laitteet-ja-ohjelmistot\/moodle\/esimerkkeja-moodlen-kaytosta\/","og_locale":"fi_FI","og_type":"article","og_title":"Esimerkkej\u00e4 Moodlen k\u00e4yt\u00f6st\u00e4 - Flipped Learning","og_description":"Hyv\u00e4 vierailija! Mediapalvelimen vaihdoksen vuoksi p\u00e4ivit\u00e4mme sivustoa ja videoiden toiminnassa on h\u00e4iri\u00f6it\u00e4 lokakuun aikana. Pahoittelemme t\u00e4st\u00e4 aiheutuvaa haittaa. Esimerkkej\u00e4 Moodlen k\u00e4yt\u00f6st\u00e4 Videot laatinut: Erkki Pesonen, yliopistonlehtori, Tietojenk\u00e4sittelytieteen laitos Esimerkki flipatun opintojakson rakenteesta Videolla (kesto 6:22) Erkki Pesonen kertoo opintojakson Moodle-ymp\u00e4rist\u00f6n rakenteesta k\u00e4ytt\u00e4en esimerkkin\u00e4 omaa Johdatus tietojenk\u00e4sittelyyn -opintojaksoaan. Siin\u00e4 teema on jaettu viikkokohtaisiin lohkoihin, johon on &hellip; Jatka lukemista \"Esimerkkej\u00e4 Moodlen k\u00e4yt\u00f6st\u00e4\"","og_url":"https:\/\/sites.uef.fi\/flippaus\/flippauksen-toteutus\/laitteet-ja-ohjelmistot\/moodle\/esimerkkeja-moodlen-kaytosta\/","og_site_name":"Flipped Learning","article_modified_time":"2023-10-10T12:23:36+00:00","twitter_card":"summary_large_image","twitter_misc":{"Arvioitu lukuaika":"1 minuutti"},"schema":{"@context":"https:\/\/schema.org","@graph":[{"@type":"WebPage","@id":"https:\/\/sites.uef.fi\/flippaus\/flippauksen-toteutus\/laitteet-ja-ohjelmistot\/moodle\/esimerkkeja-moodlen-kaytosta\/","url":"https:\/\/sites.uef.fi\/flippaus\/flippauksen-toteutus\/laitteet-ja-ohjelmistot\/moodle\/esimerkkeja-moodlen-kaytosta\/","name":"Esimerkkej\u00e4 Moodlen k\u00e4yt\u00f6st\u00e4 - Flipped Learning","isPartOf":{"@id":"https:\/\/sites.uef.fi\/flippaus\/#website"},"datePublished":"2020-08-07T13:12:51+00:00","dateModified":"2023-10-10T12:23:36+00:00","breadcrumb":{"@id":"https:\/\/sites.uef.fi\/flippaus\/flippauksen-toteutus\/laitteet-ja-ohjelmistot\/moodle\/esimerkkeja-moodlen-kaytosta\/#breadcrumb"},"inLanguage":"fi","potentialAction":[{"@type":"ReadAction","target":["https:\/\/sites.uef.fi\/flippaus\/flippauksen-toteutus\/laitteet-ja-ohjelmistot\/moodle\/esimerkkeja-moodlen-kaytosta\/"]}]},{"@type":"BreadcrumbList","@id":"https:\/\/sites.uef.fi\/flippaus\/flippauksen-toteutus\/laitteet-ja-ohjelmistot\/moodle\/esimerkkeja-moodlen-kaytosta\/#breadcrumb","itemListElement":[{"@type":"ListItem","position":1,"name":"Home","item":"https:\/\/sites.uef.fi\/flippaus\/"},{"@type":"ListItem","position":2,"name":"Flippauksen toteutus","item":"https:\/\/sites.uef.fi\/flippaus\/flippauksen-toteutus\/"},{"@type":"ListItem","position":3,"name":"Laitteet ja ohjelmistot","item":"https:\/\/sites.uef.fi\/flippaus\/flippauksen-toteutus\/laitteet-ja-ohjelmistot\/"},{"@type":"ListItem","position":4,"name":"Moodle","item":"https:\/\/sites.uef.fi\/flippaus\/flippauksen-toteutus\/laitteet-ja-ohjelmistot\/moodle\/"},{"@type":"ListItem","position":5,"name":"Esimerkkej\u00e4 Moodlen k\u00e4yt\u00f6st\u00e4"}]},{"@type":"WebSite","@id":"https:\/\/sites.uef.fi\/flippaus\/#website","url":"https:\/\/sites.uef.fi\/flippaus\/","name":"Flipped Learning","description":"","publisher":{"@id":"https:\/\/sites.uef.fi\/flippaus\/#organization"},"potentialAction":[{"@type":"SearchAction","target":{"@type":"EntryPoint","urlTemplate":"https:\/\/sites.uef.fi\/flippaus\/?s={search_term_string}"},"query-input":{"@type":"PropertyValueSpecification","valueRequired":true,"valueName":"search_term_string"}}],"inLanguage":"fi"},{"@type":"Organization","@id":"https:\/\/sites.uef.fi\/flippaus\/#organization","name":"Flipped Learning","url":"https:\/\/sites.uef.fi\/flippaus\/","logo":{"@type":"ImageObject","inLanguage":"fi","@id":"https:\/\/sites.uef.fi\/flippaus\/#\/schema\/logo\/image\/","url":"https:\/\/sites.uef.fi\/flippaus\/wp-content\/uploads\/sites\/83\/2020\/05\/cropped-UEF_wordpress_white.png","contentUrl":"https:\/\/sites.uef.fi\/flippaus\/wp-content\/uploads\/sites\/83\/2020\/05\/cropped-UEF_wordpress_white.png","width":250,"height":250,"caption":"Flipped Learning"},"image":{"@id":"https:\/\/sites.uef.fi\/flippaus\/#\/schema\/logo\/image\/"}}]}},"_links":{"self":[{"href":"https:\/\/sites.uef.fi\/flippaus\/wp-json\/wp\/v2\/pages\/1091","targetHints":{"allow":["GET"]}}],"collection":[{"href":"https:\/\/sites.uef.fi\/flippaus\/wp-json\/wp\/v2\/pages"}],"about":[{"href":"https:\/\/sites.uef.fi\/flippaus\/wp-json\/wp\/v2\/types\/page"}],"author":[{"embeddable":true,"href":"https:\/\/sites.uef.fi\/flippaus\/wp-json\/wp\/v2\/users\/176"}],"replies":[{"embeddable":true,"href":"https:\/\/sites.uef.fi\/flippaus\/wp-json\/wp\/v2\/comments?post=1091"}],"version-history":[{"count":2,"href":"https:\/\/sites.uef.fi\/flippaus\/wp-json\/wp\/v2\/pages\/1091\/revisions"}],"predecessor-version":[{"id":3337,"href":"https:\/\/sites.uef.fi\/flippaus\/wp-json\/wp\/v2\/pages\/1091\/revisions\/3337"}],"up":[{"embeddable":true,"href":"https:\/\/sites.uef.fi\/flippaus\/wp-json\/wp\/v2\/pages\/1082"}],"wp:attachment":[{"href":"https:\/\/sites.uef.fi\/flippaus\/wp-json\/wp\/v2\/media?parent=1091"}],"curies":[{"name":"wp","href":"https:\/\/api.w.org\/{rel}","templated":true}]}}