{"id":1101,"date":"2020-08-07T17:01:40","date_gmt":"2020-08-07T14:01:40","guid":{"rendered":"https:\/\/sites.uef.fi\/flippaus\/?page_id=1101"},"modified":"2023-10-10T15:24:17","modified_gmt":"2023-10-10T12:24:17","slug":"office-365","status":"publish","type":"page","link":"https:\/\/sites.uef.fi\/flippaus\/flippauksen-toteutus\/laitteet-ja-ohjelmistot\/office-365\/","title":{"rendered":"Office 365"},"content":{"rendered":"\n<p class=\"has-vivid-red-color has-text-color has-medium-font-size\"><strong>Hyv\u00e4 vierailija! Mediapalvelimen vaihdoksen vuoksi p\u00e4ivit\u00e4mme sivustoa ja videoiden toiminnassa on h\u00e4iri\u00f6it\u00e4 lokakuun aikana. Pahoittelemme t\u00e4st\u00e4 aiheutuvaa haittaa.<\/strong><\/p>\n\n\n\n<h1 class=\"wp-block-heading\">Office 365 opetuksessa<\/h1>\n\n\n\n<p><em>Laatinut: Pasi Vahimaa, professori, Fysiikan ja matematiikan laitos<\/em><\/p>\n\n\n\n<p>Halutessasi voit katsoa t\u00e4m\u00e4n sivun materiaalit <a rel=\"noreferrer noopener\" href=\"https:\/\/sway.com\/Q7NJkuQkGVn12pan?ref=Link\" target=\"_blank\">Sway-esityksen\u00e4<\/a> (avautuu uudelle v\u00e4lilehdelle).<\/p>\n\n\n\n<p>Office 365 (O365) on k\u00e4yt\u00f6ss\u00e4 useissa korkeakouluissa ja sen ohjelmavalikoimasta l\u00f6ytyy sovelluksia my\u00f6s opintojakson verkkoymp\u00e4rist\u00f6n luomiseen. T\u00e4lle sivulle on koottu muutamia videoita siit\u00e4, miten eri O365-ty\u00f6kaluja voi k\u00e4ytt\u00e4\u00e4 flipped classroom -opetuksessa. Aluksi esitell\u00e4\u00e4n eri ty\u00f6kaluja, ja lopuksi on viel\u00e4 video, jossa Pasi Vahimaa kertoo miten h\u00e4n k\u00e4ytt\u00e4\u00e4 n\u00e4it\u00e4 ty\u00f6kaluja omassa opetuksessaan.<\/p>\n\n\n\n<h2 class=\"wp-block-heading\" id=\"videopp\">Videoiden tekeminen PowerPointilla<\/h2>\n\n\n\n<p>Flippauksessa videot ovat yleens\u00e4 t\u00e4rke\u00e4 v\u00e4line jakaa opetusta. T\u00e4ss\u00e4 video siit\u00e4, miten PowerPointilla voi tehd\u00e4 videoita. Huomaathan, ett\u00e4 videolla k\u00e4ytett\u00e4v\u00e4 PowerPoint on automaattisesti p\u00e4ivittyv\u00e4 O365-versio. Videon kesto on 7:49.<\/p>\n\n\n<iframe loading=\"lazy\" src=\"https:\/\/uef.cloud.panopto.eu\/Panopto\/Pages\/Embed.aspx?id=2283d3d7-d1b8-4907-b143-b06700c91a57&autoplay=false&offerviewer=false&showtitle=false&showbrand=false&captions=false&interactivity=none\" height=\"375\" width=\"500\" style=\"border: 1px solid #464646;\" allowfullscreen allow=\"autoplay\" aria-label=\"Panopto Embedded Video Player\"><\/iframe>\n\n\n\n<h2 class=\"wp-block-heading\" id=\"forms\">Forms<\/h2>\n\n\n\n<p>Officesta l\u00f6ytyy my\u00f6s ty\u00f6kalu erilaisten visailujen ja kyselyjen j\u00e4rjest\u00e4miseen, sen nimi on Forms. Sill\u00e4 voi laatia esimerkiksi visailun, jolla testataan ovatko opiskelijat opiskelleet ja oppineet kunkin opetuskerran materiaalin. Visailut on mahdollista tehd\u00e4 itsens\u00e4 automaattisesti korjaaviksi tai opettaja voi ne itse tarkistaa. Videolla (kesto 7:09) n\u00e4ytet\u00e4\u00e4n my\u00f6s, miten visailun voi luoda ja jakaa erilaisissa ymp\u00e4rist\u00f6iss\u00e4.<\/p>\n\n\n<iframe loading=\"lazy\" src=\"https:\/\/uef.cloud.panopto.eu\/Panopto\/Pages\/Embed.aspx?id=1c71e7b5-edff-4477-8e52-b06700c74d47&autoplay=false&offerviewer=false&showtitle=false&showbrand=false&captions=false&interactivity=none\" height=\"375\" width=\"500\" style=\"border: 1px solid #464646;\" allowfullscreen allow=\"autoplay\" aria-label=\"Panopto Embedded Video Player\"><\/iframe>\n\n\n\n<h2 class=\"wp-block-heading\" id=\"onenote\">OneNote<\/h2>\n\n\n\n<p>Flipatun opintojakson materiaalia voi laittaa jakoon erilaisten kanavien kautta. Yksi mahdollinen ty\u00f6kalu on OneNote. Erityisesti sen Class Notebook on tarkoitettu opetuksessa k\u00e4ytett\u00e4v\u00e4ksi ty\u00f6kaluksi. Sen avulla onnistuu sek\u00e4 materiaalin jakaminen opettajalta opiskelijoille, ryhm\u00e4ty\u00f6skentely, ett\u00e4 opiskelijoiden oppimisp\u00e4iv\u00e4kirjojen laatiminen. Class Notebookia voi k\u00e4ytt\u00e4\u00e4 sellaisenaan, mutta sellainen syntyy automaattisesti my\u00f6s opintojakson luomisen yhteydess\u00e4 Teamsiin. Videon kesto on 5:10.<\/p>\n\n\n<iframe loading=\"lazy\" src=\"https:\/\/uef.cloud.panopto.eu\/Panopto\/Pages\/Embed.aspx?id=e76b5d40-61aa-49c6-b235-b06700c77dfe&autoplay=false&offerviewer=false&showtitle=false&showbrand=false&captions=false&interactivity=none\" height=\"375\" width=\"500\" style=\"border: 1px solid #464646;\" allowfullscreen allow=\"autoplay\" aria-label=\"Panopto Embedded Video Player\"><\/iframe>\n\n\n\n<h2 class=\"wp-block-heading\" id=\"teams\">Teams<\/h2>\n\n\n\n<p>Microsoft on julkaissut ryhm\u00e4ty\u00f6skentelyyn Teams-nimisen palvelun. Tiimiin voi koota samaan paikkaan eri formaateissa olevaa materiaalia ja lis\u00e4ksi se mahdollistaa muun muassa keskustelun, oppimateriaalin jakamisen sek\u00e4 teht\u00e4vien palauttamisen. Tiimej\u00e4 voi luoda erilaisiin k\u00e4ytt\u00f6tarkoituksiin, seuraavalla videolla, jonka kesto on 8:18, k\u00e4sitell\u00e4\u00e4n opetustarkoitukseen luotavaa tiimi\u00e4.<\/p>\n\n\n<iframe loading=\"lazy\" src=\"https:\/\/uef.cloud.panopto.eu\/Panopto\/Pages\/Embed.aspx?id=649a1e5e-4fe0-45c8-8653-b06700c8adf4&autoplay=false&offerviewer=false&showtitle=false&showbrand=false&captions=false&interactivity=none\" height=\"375\" width=\"500\" style=\"border: 1px solid #464646;\" allowfullscreen allow=\"autoplay\" aria-label=\"Panopto Embedded Video Player\"><\/iframe>\n\n\n\n<p>Materiaalin jakamiseen soveltuu Teamsin lis\u00e4ksi videolla mainittu Sharepoint-sivu, joka syntyy tiimin luomisen yhteydess\u00e4. Sharepoint mahdollistaa nettisivumaisemman ulkoasun materiaalin esitt\u00e4miselle ja sinne on mahdollista luoda sivut kullekin aihepiirille ja jakaa ne halutessaan Teamsiin.<\/p>\n\n\n\n<p>Edell\u00e4 k\u00e4siteltyyn Teamsiin liittyy oleellisesti O365-ryhm\u00e4 groups). Ryhm\u00e4n voi luoda eri ohjelmissa, mutta t\u00e4ll\u00f6in k\u00e4ytett\u00e4viss\u00e4 olevat ohjelmat vaihtelevat (aiheesta lis\u00e4\u00e4 <a rel=\"noreferrer noopener\" href=\"https:\/\/support.office.com\/fi-fi\/article\/lis%C3%A4tietoja-office-365-ryhmist%C3%A4-b565caa1-5c40-40ef-9915-60fdb2d97fa2\" target=\"_blank\">t\u00e4\u00e4ll\u00e4<\/a>). Teamsin kautta luotu ryhm\u00e4 tarjoaa erityisesti opetusk\u00e4ytt\u00f6\u00e4 ajatellen hy\u00f6dyllisi\u00e4 ominaisuuksia ja tarjonnee my\u00f6s laajimmat mahdollisuudet ryhm\u00e4n toimintaan my\u00f6s muissa O365-ohjelmissa. Eri O365-ohjelmien kautta luotavien ryhmien k\u00e4ytt\u00f6\u00f6n tulevista ohjelmista voi my\u00f6s lukea esimerkiksi Jump to 365 -blogin postauksesta <a href=\"https:\/\/www.jumpto365.com\/blog\/everyday-guide-to-office-365-groups\" target=\"_blank\" rel=\"noreferrer noopener\">An Everyday guide to Microsoft Office 365 Groups<\/a> (avautuu uudelle v\u00e4lilehdelle).<\/p>\n\n\n\n<h2 class=\"wp-block-heading\" id=\"o365flip\">Esimerkki o365:n k\u00e4yt\u00f6st\u00e4 flipatulla opintojaksolla<\/h2>\n\n\n\n<p>T\u00e4ss\u00e4 viel\u00e4 Pasi Vahimaan kertomus siit\u00e4, miten h\u00e4n k\u00e4ytt\u00e4\u00e4 n\u00e4it\u00e4 eri ty\u00f6kaluja omassa opetuksessaan. Videon kesto: 5:21.<\/p>\n\n\n<iframe loading=\"lazy\" src=\"https:\/\/uef.cloud.panopto.eu\/Panopto\/Pages\/Embed.aspx?id=6d0c81a3-a4d8-430c-86bc-b06700c76943&autoplay=false&offerviewer=false&showtitle=false&showbrand=false&captions=false&interactivity=none\" height=\"375\" width=\"500\" style=\"border: 1px solid #464646;\" allowfullscreen allow=\"autoplay\" aria-label=\"Panopto Embedded Video Player\"><\/iframe>\n\n\n\n<p>Ja lopuksi viel\u00e4 flippauksen hengen mukaisesti pikkuinen visailu, jolla voit testata miten hyvin olet sis\u00e4ist\u00e4nyt t\u00e4ll\u00e4 sivulla esitetyt asiat. Visailuun voit vastata suoraan seuraavalla lomakkeella tai avata sen <a rel=\"noreferrer noopener\" href=\"https:\/\/forms.office.com\/Pages\/ResponsePage.aspx?id=Lp-HhwRz8ku68mPn-D88NIgjidNRkp9Fn4iFTecqiTxUQU04VDkxREFZRVpBQkhVRThTVDVQMU1JMy4u\" target=\"_blank\">t\u00e4st\u00e4<\/a>.<\/p>\n\n\n<iframe loading=\"lazy\" allowfullscreen=\"\" frameborder=\"0\" height=\"480px\" marginheight=\"0\" marginwidth=\"0\" mozallowfullscreen=\"\" msallowfullscreen=\"\" scrolling=\"no\" src=\"https:\/\/forms.office.com\/Pages\/ResponsePage.aspx?id=Lp-HhwRz8ku68mPn-D88NIgjidNRkp9Fn4iFTecqiTxUQU04VDkxREFZRVpBQkhVRThTVDVQMU1JMy4u&amp;embed=true\" style=\"border: none; max-width:100%; max-height:100vh\" webkitallowfullscreen=\"\" width=\"560px\"><\/iframe>\n","protected":false},"excerpt":{"rendered":"<p>Hyv\u00e4 vierailija! Mediapalvelimen vaihdoksen vuoksi p\u00e4ivit\u00e4mme sivustoa ja videoiden toiminnassa on h\u00e4iri\u00f6it\u00e4 lokakuun aikana. Pahoittelemme t\u00e4st\u00e4 aiheutuvaa haittaa. Office 365 opetuksessa Laatinut: Pasi Vahimaa, professori, Fysiikan ja matematiikan laitos Halutessasi voit katsoa t\u00e4m\u00e4n sivun materiaalit Sway-esityksen\u00e4 (avautuu uudelle v\u00e4lilehdelle). Office 365 (O365) on k\u00e4yt\u00f6ss\u00e4 useissa korkeakouluissa ja sen ohjelmavalikoimasta l\u00f6ytyy sovelluksia my\u00f6s opintojakson verkkoymp\u00e4rist\u00f6n luomiseen. &hellip; <\/p>\n<p class=\"link-more\"><a href=\"https:\/\/sites.uef.fi\/flippaus\/flippauksen-toteutus\/laitteet-ja-ohjelmistot\/office-365\/\" class=\"more-link\">Jatka lukemista<span class=\"screen-reader-text\"> &#8221;Office 365&#8221;<\/span><\/a><\/p>\n","protected":false},"author":176,"featured_media":0,"parent":926,"menu_order":3,"comment_status":"closed","ping_status":"closed","template":"","meta":{"_acf_changed":false,"_monsterinsights_skip_tracking":false,"_monsterinsights_sitenote_active":false,"_monsterinsights_sitenote_note":"","_monsterinsights_sitenote_category":0,"footnotes":""},"class_list":["post-1101","page","type-page","status-publish","hentry"],"acf":[],"yoast_head":"<!-- This site is optimized with the Yoast SEO plugin v27.1.1 - https:\/\/yoast.com\/product\/yoast-seo-wordpress\/ -->\n<title>Office 365 - Flipped Learning<\/title>\n<meta name=\"robots\" content=\"index, follow, max-snippet:-1, max-image-preview:large, max-video-preview:-1\" \/>\n<link rel=\"canonical\" href=\"https:\/\/sites.uef.fi\/flippaus\/flippauksen-toteutus\/laitteet-ja-ohjelmistot\/office-365\/\" \/>\n<meta property=\"og:locale\" content=\"fi_FI\" \/>\n<meta property=\"og:type\" content=\"article\" \/>\n<meta property=\"og:title\" content=\"Office 365 - Flipped Learning\" \/>\n<meta property=\"og:description\" content=\"Hyv\u00e4 vierailija! Mediapalvelimen vaihdoksen vuoksi p\u00e4ivit\u00e4mme sivustoa ja videoiden toiminnassa on h\u00e4iri\u00f6it\u00e4 lokakuun aikana. Pahoittelemme t\u00e4st\u00e4 aiheutuvaa haittaa. Office 365 opetuksessa Laatinut: Pasi Vahimaa, professori, Fysiikan ja matematiikan laitos Halutessasi voit katsoa t\u00e4m\u00e4n sivun materiaalit Sway-esityksen\u00e4 (avautuu uudelle v\u00e4lilehdelle). Office 365 (O365) on k\u00e4yt\u00f6ss\u00e4 useissa korkeakouluissa ja sen ohjelmavalikoimasta l\u00f6ytyy sovelluksia my\u00f6s opintojakson verkkoymp\u00e4rist\u00f6n luomiseen. &hellip; Jatka lukemista &quot;Office 365&quot;\" \/>\n<meta property=\"og:url\" content=\"https:\/\/sites.uef.fi\/flippaus\/flippauksen-toteutus\/laitteet-ja-ohjelmistot\/office-365\/\" \/>\n<meta property=\"og:site_name\" content=\"Flipped Learning\" \/>\n<meta property=\"article:modified_time\" content=\"2023-10-10T12:24:17+00:00\" \/>\n<meta name=\"twitter:card\" content=\"summary_large_image\" \/>\n<meta name=\"twitter:label1\" content=\"Arvioitu lukuaika\" \/>\n\t<meta name=\"twitter:data1\" content=\"3 minuuttia\" \/>\n<script type=\"application\/ld+json\" class=\"yoast-schema-graph\">{\"@context\":\"https:\/\/schema.org\",\"@graph\":[{\"@type\":\"WebPage\",\"@id\":\"https:\/\/sites.uef.fi\/flippaus\/flippauksen-toteutus\/laitteet-ja-ohjelmistot\/office-365\/\",\"url\":\"https:\/\/sites.uef.fi\/flippaus\/flippauksen-toteutus\/laitteet-ja-ohjelmistot\/office-365\/\",\"name\":\"Office 365 - Flipped Learning\",\"isPartOf\":{\"@id\":\"https:\/\/sites.uef.fi\/flippaus\/#website\"},\"datePublished\":\"2020-08-07T14:01:40+00:00\",\"dateModified\":\"2023-10-10T12:24:17+00:00\",\"breadcrumb\":{\"@id\":\"https:\/\/sites.uef.fi\/flippaus\/flippauksen-toteutus\/laitteet-ja-ohjelmistot\/office-365\/#breadcrumb\"},\"inLanguage\":\"fi\",\"potentialAction\":[{\"@type\":\"ReadAction\",\"target\":[\"https:\/\/sites.uef.fi\/flippaus\/flippauksen-toteutus\/laitteet-ja-ohjelmistot\/office-365\/\"]}]},{\"@type\":\"BreadcrumbList\",\"@id\":\"https:\/\/sites.uef.fi\/flippaus\/flippauksen-toteutus\/laitteet-ja-ohjelmistot\/office-365\/#breadcrumb\",\"itemListElement\":[{\"@type\":\"ListItem\",\"position\":1,\"name\":\"Home\",\"item\":\"https:\/\/sites.uef.fi\/flippaus\/\"},{\"@type\":\"ListItem\",\"position\":2,\"name\":\"Flippauksen toteutus\",\"item\":\"https:\/\/sites.uef.fi\/flippaus\/flippauksen-toteutus\/\"},{\"@type\":\"ListItem\",\"position\":3,\"name\":\"Laitteet ja ohjelmistot\",\"item\":\"https:\/\/sites.uef.fi\/flippaus\/flippauksen-toteutus\/laitteet-ja-ohjelmistot\/\"},{\"@type\":\"ListItem\",\"position\":4,\"name\":\"Office 365\"}]},{\"@type\":\"WebSite\",\"@id\":\"https:\/\/sites.uef.fi\/flippaus\/#website\",\"url\":\"https:\/\/sites.uef.fi\/flippaus\/\",\"name\":\"Flipped Learning\",\"description\":\"\",\"publisher\":{\"@id\":\"https:\/\/sites.uef.fi\/flippaus\/#organization\"},\"potentialAction\":[{\"@type\":\"SearchAction\",\"target\":{\"@type\":\"EntryPoint\",\"urlTemplate\":\"https:\/\/sites.uef.fi\/flippaus\/?s={search_term_string}\"},\"query-input\":{\"@type\":\"PropertyValueSpecification\",\"valueRequired\":true,\"valueName\":\"search_term_string\"}}],\"inLanguage\":\"fi\"},{\"@type\":\"Organization\",\"@id\":\"https:\/\/sites.uef.fi\/flippaus\/#organization\",\"name\":\"Flipped Learning\",\"url\":\"https:\/\/sites.uef.fi\/flippaus\/\",\"logo\":{\"@type\":\"ImageObject\",\"inLanguage\":\"fi\",\"@id\":\"https:\/\/sites.uef.fi\/flippaus\/#\/schema\/logo\/image\/\",\"url\":\"https:\/\/sites.uef.fi\/flippaus\/wp-content\/uploads\/sites\/83\/2020\/05\/cropped-UEF_wordpress_white.png\",\"contentUrl\":\"https:\/\/sites.uef.fi\/flippaus\/wp-content\/uploads\/sites\/83\/2020\/05\/cropped-UEF_wordpress_white.png\",\"width\":250,\"height\":250,\"caption\":\"Flipped Learning\"},\"image\":{\"@id\":\"https:\/\/sites.uef.fi\/flippaus\/#\/schema\/logo\/image\/\"}}]}<\/script>\n<!-- \/ Yoast SEO plugin. -->","yoast_head_json":{"title":"Office 365 - Flipped Learning","robots":{"index":"index","follow":"follow","max-snippet":"max-snippet:-1","max-image-preview":"max-image-preview:large","max-video-preview":"max-video-preview:-1"},"canonical":"https:\/\/sites.uef.fi\/flippaus\/flippauksen-toteutus\/laitteet-ja-ohjelmistot\/office-365\/","og_locale":"fi_FI","og_type":"article","og_title":"Office 365 - Flipped Learning","og_description":"Hyv\u00e4 vierailija! Mediapalvelimen vaihdoksen vuoksi p\u00e4ivit\u00e4mme sivustoa ja videoiden toiminnassa on h\u00e4iri\u00f6it\u00e4 lokakuun aikana. Pahoittelemme t\u00e4st\u00e4 aiheutuvaa haittaa. Office 365 opetuksessa Laatinut: Pasi Vahimaa, professori, Fysiikan ja matematiikan laitos Halutessasi voit katsoa t\u00e4m\u00e4n sivun materiaalit Sway-esityksen\u00e4 (avautuu uudelle v\u00e4lilehdelle). Office 365 (O365) on k\u00e4yt\u00f6ss\u00e4 useissa korkeakouluissa ja sen ohjelmavalikoimasta l\u00f6ytyy sovelluksia my\u00f6s opintojakson verkkoymp\u00e4rist\u00f6n luomiseen. &hellip; Jatka lukemista \"Office 365\"","og_url":"https:\/\/sites.uef.fi\/flippaus\/flippauksen-toteutus\/laitteet-ja-ohjelmistot\/office-365\/","og_site_name":"Flipped Learning","article_modified_time":"2023-10-10T12:24:17+00:00","twitter_card":"summary_large_image","twitter_misc":{"Arvioitu lukuaika":"3 minuuttia"},"schema":{"@context":"https:\/\/schema.org","@graph":[{"@type":"WebPage","@id":"https:\/\/sites.uef.fi\/flippaus\/flippauksen-toteutus\/laitteet-ja-ohjelmistot\/office-365\/","url":"https:\/\/sites.uef.fi\/flippaus\/flippauksen-toteutus\/laitteet-ja-ohjelmistot\/office-365\/","name":"Office 365 - Flipped Learning","isPartOf":{"@id":"https:\/\/sites.uef.fi\/flippaus\/#website"},"datePublished":"2020-08-07T14:01:40+00:00","dateModified":"2023-10-10T12:24:17+00:00","breadcrumb":{"@id":"https:\/\/sites.uef.fi\/flippaus\/flippauksen-toteutus\/laitteet-ja-ohjelmistot\/office-365\/#breadcrumb"},"inLanguage":"fi","potentialAction":[{"@type":"ReadAction","target":["https:\/\/sites.uef.fi\/flippaus\/flippauksen-toteutus\/laitteet-ja-ohjelmistot\/office-365\/"]}]},{"@type":"BreadcrumbList","@id":"https:\/\/sites.uef.fi\/flippaus\/flippauksen-toteutus\/laitteet-ja-ohjelmistot\/office-365\/#breadcrumb","itemListElement":[{"@type":"ListItem","position":1,"name":"Home","item":"https:\/\/sites.uef.fi\/flippaus\/"},{"@type":"ListItem","position":2,"name":"Flippauksen toteutus","item":"https:\/\/sites.uef.fi\/flippaus\/flippauksen-toteutus\/"},{"@type":"ListItem","position":3,"name":"Laitteet ja ohjelmistot","item":"https:\/\/sites.uef.fi\/flippaus\/flippauksen-toteutus\/laitteet-ja-ohjelmistot\/"},{"@type":"ListItem","position":4,"name":"Office 365"}]},{"@type":"WebSite","@id":"https:\/\/sites.uef.fi\/flippaus\/#website","url":"https:\/\/sites.uef.fi\/flippaus\/","name":"Flipped Learning","description":"","publisher":{"@id":"https:\/\/sites.uef.fi\/flippaus\/#organization"},"potentialAction":[{"@type":"SearchAction","target":{"@type":"EntryPoint","urlTemplate":"https:\/\/sites.uef.fi\/flippaus\/?s={search_term_string}"},"query-input":{"@type":"PropertyValueSpecification","valueRequired":true,"valueName":"search_term_string"}}],"inLanguage":"fi"},{"@type":"Organization","@id":"https:\/\/sites.uef.fi\/flippaus\/#organization","name":"Flipped Learning","url":"https:\/\/sites.uef.fi\/flippaus\/","logo":{"@type":"ImageObject","inLanguage":"fi","@id":"https:\/\/sites.uef.fi\/flippaus\/#\/schema\/logo\/image\/","url":"https:\/\/sites.uef.fi\/flippaus\/wp-content\/uploads\/sites\/83\/2020\/05\/cropped-UEF_wordpress_white.png","contentUrl":"https:\/\/sites.uef.fi\/flippaus\/wp-content\/uploads\/sites\/83\/2020\/05\/cropped-UEF_wordpress_white.png","width":250,"height":250,"caption":"Flipped Learning"},"image":{"@id":"https:\/\/sites.uef.fi\/flippaus\/#\/schema\/logo\/image\/"}}]}},"_links":{"self":[{"href":"https:\/\/sites.uef.fi\/flippaus\/wp-json\/wp\/v2\/pages\/1101","targetHints":{"allow":["GET"]}}],"collection":[{"href":"https:\/\/sites.uef.fi\/flippaus\/wp-json\/wp\/v2\/pages"}],"about":[{"href":"https:\/\/sites.uef.fi\/flippaus\/wp-json\/wp\/v2\/types\/page"}],"author":[{"embeddable":true,"href":"https:\/\/sites.uef.fi\/flippaus\/wp-json\/wp\/v2\/users\/176"}],"replies":[{"embeddable":true,"href":"https:\/\/sites.uef.fi\/flippaus\/wp-json\/wp\/v2\/comments?post=1101"}],"version-history":[{"count":2,"href":"https:\/\/sites.uef.fi\/flippaus\/wp-json\/wp\/v2\/pages\/1101\/revisions"}],"predecessor-version":[{"id":3340,"href":"https:\/\/sites.uef.fi\/flippaus\/wp-json\/wp\/v2\/pages\/1101\/revisions\/3340"}],"up":[{"embeddable":true,"href":"https:\/\/sites.uef.fi\/flippaus\/wp-json\/wp\/v2\/pages\/926"}],"wp:attachment":[{"href":"https:\/\/sites.uef.fi\/flippaus\/wp-json\/wp\/v2\/media?parent=1101"}],"curies":[{"name":"wp","href":"https:\/\/api.w.org\/{rel}","templated":true}]}}