{"id":1128,"date":"2020-08-07T17:15:52","date_gmt":"2020-08-07T14:15:52","guid":{"rendered":"https:\/\/sites.uef.fi\/flippaus\/?page_id=1128"},"modified":"2023-10-31T09:21:00","modified_gmt":"2023-10-31T07:21:00","slug":"opiskelijalle","status":"publish","type":"page","link":"https:\/\/sites.uef.fi\/flippaus\/opiskelijalle\/","title":{"rendered":"Opiskelijalle"},"content":{"rendered":"\n<h1 class=\"wp-block-heading\" id=\"flipopiskelussa\">Opiskelijalle &#8211; Flippaus opiskelumenetelm\u00e4n\u00e4<\/h1>\n\n\n\n<p>Opiskelussa olemme usein tottuneet siihen, ett\u00e4 opettaja kertoo asiat esimerkiksi luennoilla. T\u00e4m\u00e4n j\u00e4lkeen opiskellaan itsen\u00e4isesti kotona tenttiin lukien ja teht\u00e4vi\u00e4 tehden. Flippauksessa (Flipped Classroom tai Flipped Learning) asia on p\u00e4invastoin, kun k\u00e4sitelt\u00e4v\u00e4 asia opiskellaan itse ennen kontaktitapaamista. Kontaktitapaamisessa opiskeltua asiaa k\u00e4sitell\u00e4\u00e4n yhdess\u00e4 opettajan ja muiden opiskelijoiden kanssa.<\/p>\n\n\n\n<p>Flippauksessa, kuten muissakin oppimisl\u00e4ht\u00f6isiss\u00e4 opiskelumenetelmiss\u00e4 vastuu omasta oppimisesta korostuu ja se vaatii itsekuria sek\u00e4 ajanhallintaa. Luentojen v\u00e4hyys lukuj\u00e4rjestyksess\u00e4 ei siis v\u00e4ltt\u00e4m\u00e4tt\u00e4 merkitse sit\u00e4, ett\u00e4 kaikki tyhj\u00e4 olisi vapaa-aikaa.<\/p>\n\n\n\n<p>T\u00e4lle sivulle on koottu ohjeita ja vinkkej\u00e4 flipatulla opintojaksolla opiskeluun, mutta ohjeet soveltuvat erinomaisesti muuhunkin opiskeluun. Seuraavalla videolla Sovelletun fysiikan laitoksen lehtori Markku Saarelainen kertoo flippauksesta opiskelijan n\u00e4k\u00f6kulmasta.<strong> <\/strong>Videon kesto on 03:19.<\/p>\n\n\n<iframe loading=\"lazy\" src=\"https:\/\/uef.cloud.panopto.eu\/Panopto\/Pages\/Embed.aspx?id=e79d9efb-cabd-4245-8119-b06700c671ae&autoplay=false&offerviewer=false&showtitle=false&showbrand=false&captions=false&interactivity=none\" height=\"375\" width=\"500\" style=\"border: 1px solid #464646;\" allowfullscreen allow=\"autoplay\" aria-label=\"Panopto Embedded Video Player\"><\/iframe>\n\n\n\n<h2 class=\"wp-block-heading\" id=\"opisktyopeda\">Flippaus ja ty\u00f6el\u00e4m\u00e4taidot<\/h2>\n\n\n\n<p>Ty\u00f6el\u00e4m\u00e4ss\u00e4 tarvitaan useita erilaisia taitoja, joista osa on yleisi\u00e4 ja alasta riippumattomia. Seuraavalla videolla professori Laura Hirsto kertoo ty\u00f6el\u00e4m\u00e4taitojen harjaannuttamisesta opintojaksoilla.<\/p>\n\n\n<iframe loading=\"lazy\" src=\"https:\/\/uef.cloud.panopto.eu\/Panopto\/Pages\/Embed.aspx?id=e624ffc4-d01a-40ea-b7ef-b09800a741d2&autoplay=false&offerviewer=false&showtitle=false&showbrand=false&captions=false&interactivity=none\" height=\"375\" width=\"500\" style=\"border: 1px solid #464646;\" allowfullscreen allow=\"autoplay\" aria-label=\"Panopto Embedded Video Player\"><\/iframe>\n\n\n\n<h2 class=\"wp-block-heading\" id=\"hyvaopisk\">Opintopsykologin vinkkej\u00e4 hyv\u00e4\u00e4n opiskeluun<\/h2>\n\n\n\n<p>Opintopsykologit ovat koonneet flippauksen ja muiden opintojen kannalta oleellisia asioita parille videolle. Ensimm\u00e4inen video (kesto 07:34) k\u00e4sittelee opiskelun aloitusta:<\/p>\n\n\n<iframe loading=\"lazy\" src=\"https:\/\/uef.cloud.panopto.eu\/Panopto\/Pages\/Embed.aspx?id=99bbc755-d101-4ef9-9ef9-b06700c7beed&autoplay=false&offerviewer=false&showtitle=false&showbrand=false&captions=false&interactivity=none\" height=\"375\" width=\"500\" style=\"border: 1px solid #464646;\" allowfullscreen allow=\"autoplay\" aria-label=\"Panopto Embedded Video Player\"><\/iframe>\n\n\n\n<p>Toinen video (kesto 10:26) k\u00e4sittelee flipattavan opintojakson aikana huomioitavia asioita:<\/p>\n\n\n<iframe loading=\"lazy\" src=\"https:\/\/uef.cloud.panopto.eu\/Panopto\/Pages\/Embed.aspx?id=4bbcaee1-73cb-4c39-8dbb-b06700c7a879&autoplay=false&offerviewer=false&showtitle=false&showbrand=false&captions=false&interactivity=none\" height=\"375\" width=\"500\" style=\"border: 1px solid #464646;\" allowfullscreen allow=\"autoplay\" aria-label=\"Panopto Embedded Video Player\"><\/iframe>\n\n\n\n<h2 class=\"wp-block-heading\">Linkkej\u00e4<\/h2>\n\n\n\n<h3 class=\"wp-block-heading\">Tukea psyykkiseen hyvinvointiin<\/h3>\n\n\n\n<ul class=\"wp-block-list\">\n<li><a href=\"http:\/\/www.mielenterveystalo.fi\/\">Mielenterveystalo<\/a> on HUS:n sivusto, jolla on paljon luotettavaa tietoa, omahoito-ohjelmia ja palvelu-ohjausta mielenterveys- ja p\u00e4ihdeasioihin liittyen<\/li>\n\n\n\n<li><a href=\"http:\/\/www.nyyti.fi\">Nyyti ry:n sivuilta<\/a> l\u00f6ytyy tukea hyvinvointiin, el\u00e4m\u00e4nhallintaan ja opiskelun sujumiseen, sek\u00e4 esimerkiksi nettivertaistukiryhmi\u00e4 ja keskusteluapua el\u00e4m\u00e4n ongelmakohdissa.\n<ul class=\"wp-block-list\">\n<li><a href=\"https:\/\/www.nyyti.fi\/opiskelijoille\/opi-elamantaitoa\/\" data-type=\"URL\" data-id=\"https:\/\/www.nyyti.fi\/opiskelijoille\/opi-elamantaitoa\/\">Nyyti ry:n julkaisu el\u00e4m\u00e4ntaidoista Ole oman el\u00e4m\u00e4si t\u00e4hti! Opiskelijan opas el\u00e4m\u00e4ntaidoista<\/a><\/li>\n\n\n\n<li>Harjoituksia stressinhallintaan, mielialaan ja el\u00e4m\u00e4n mielekkyyteen sek\u00e4 esimerkiksi tietoisuusharjoituksia l\u00f6ytyy <a href=\"http:\/\/oivamieli.fi\/\">Oivan nettisivuilta<\/a><\/li>\n\n\n\n<li><a href=\"http:\/\/www.mielenterveysseura.fi\/fi\">Suomen mielenterveysseuran sivuilta<\/a> l\u00f6ytyy tietoa ja materiaalia stressinhallinnasta ja esimerkiksi rentoutumisharjoituksia\n<ul class=\"wp-block-list\">\n<li>Mielenterveysseura on laatinut <a href=\"http:\/\/www.mielenterveysseura.fi\/fi\/kehitt%C3%A4mistoiminta\/lapset-ja-nuoret\/unitehdas\">nuorille suunnatun tietopaketin unesta<\/a> <\/li>\n<\/ul>\n<\/li>\n<\/ul>\n<\/li>\n\n\n\n<li> <a href=\"https:\/\/www.ttl.fi\/teemat\/tyohyvinvointi-ja-tyokyky\/elintavat\/uni-ja-palautuminen\" data-type=\"URL\" data-id=\"https:\/\/www.ttl.fi\/teemat\/tyohyvinvointi-ja-tyokyky\/elintavat\/uni-ja-palautuminen\">Ty\u00f6terveyslaitoksen sivusto ty\u00f6ik\u00e4isten unesta ja palautumisesta<\/a><\/li>\n<\/ul>\n\n\n\n<h3 class=\"wp-block-heading\"> Tukea opiskelutaitoihin <\/h3>\n\n\n\n<ul class=\"wp-block-list\">\n<li>Avoin yliopisto, opiskelutaidosta tietoa ja ohjeita <a href=\"http:\/\/www.opiskelutaidot.fi\/\">http:\/\/www.opiskelutaidot.fi\/<\/a>\n<ul class=\"wp-block-list\">\n<li><a href=\"http:\/\/www.nyyti.fi\/wp\/wp-content\/uploads\/2016\/08\/Ole-oman-elamasi-tahti.pdf\">Nyyti ry:n julkaisu el\u00e4m\u00e4ntaidoista Ole oman el\u00e4m\u00e4si t\u00e4hti! Opiskelijan opas el\u00e4m\u00e4ntaidoista<\/a> (pdf-tiedosto) <\/li>\n\n\n\n<li>Harjoituksia stressinhallintaan, mielialaan ja el\u00e4m\u00e4n mielekkyyteen sek\u00e4 esimerkiksi tietoisuusharjoituksia l\u00f6ytyy <a href=\"http:\/\/oivamieli.fi\/\">Oivan nettisivuilta<\/a><\/li>\n\n\n\n<li><a href=\"http:\/\/www.mielenterveysseura.fi\/fi\">Suomen mielenterveysseuran sivuilta<\/a> l\u00f6ytyy tietoa ja materiaalia stressinhallinnasta ja esimerkiksi rentoutumisharjoituksia\n<ul class=\"wp-block-list\">\n<li>Mielenterveysseura on laatinut <a href=\"http:\/\/www.mielenterveysseura.fi\/fi\/kehitt%C3%A4mistoiminta\/lapset-ja-nuoret\/unitehdas\">nuorille suunnatun tietopaketin unesta<\/a> <\/li>\n<\/ul>\n<\/li>\n<\/ul>\n<\/li>\n\n\n\n<li><a href=\"https:\/\/www.ttl.fi\/tyoikaisten-unettomuuden-hoito\/\">Ty\u00f6terveyslaitoksen sivusto ty\u00f6ik\u00e4isten unettomuudesta<\/a><\/li>\n\n\n\n<li>Superopiskelija -nettikirja opiskelutaidoista:<a href=\"http:\/\/www.tommivalkonen.com\/\">http:\/\/www.tommivalkonen.com\/ <\/a> <\/li>\n<\/ul>\n\n\n\n<h3 class=\"wp-block-heading\"> Tukea oppimiseen erilaisille oppijoille<\/h3>\n\n\n\n<ul class=\"wp-block-list\">\n<li>Apua, neuvontaa ja koulutusta erilaisille oppijoille, tukea oppimisvaikeuksissa: <a href=\"https:\/\/www.eoliitto.fi\/\" data-type=\"URL\" data-id=\"https:\/\/www.eoliitto.fi\/\">Erilaisten oppijoiden liitto<\/a><\/li>\n\n\n\n<li>Esteett\u00f6myys korkeakoulussa -hankkeen sivut, tukipalvelut ja hyv\u00e4t k\u00e4yt\u00e4nn\u00f6t opiskeluj\u00e4rjestelyiss\u00e4: <a href=\"http:\/\/www.esok.fi\">esok.fi<\/a><\/li>\n<\/ul>\n\n\n\n<h3 class=\"wp-block-heading\">Tukea ADD\/ADHD-haasteissa<\/h3>\n\n\n\n<ul class=\"wp-block-list\">\n<li> ADHD-liiton sivusto, jolla tietoa ja tukea el\u00e4m\u00e4n eri osa-alueisiin liittyen: <a href=\"http:\/\/www.adhd-liitto.fi\/\">adhd-liitto.fi<\/a>  <\/li>\n<\/ul>\n","protected":false},"excerpt":{"rendered":"<p>Opiskelijalle &#8211; Flippaus opiskelumenetelm\u00e4n\u00e4 Opiskelussa olemme usein tottuneet siihen, ett\u00e4 opettaja kertoo asiat esimerkiksi luennoilla. T\u00e4m\u00e4n j\u00e4lkeen opiskellaan itsen\u00e4isesti kotona tenttiin lukien ja teht\u00e4vi\u00e4 tehden. Flippauksessa (Flipped Classroom tai Flipped Learning) asia on p\u00e4invastoin, kun k\u00e4sitelt\u00e4v\u00e4 asia opiskellaan itse ennen kontaktitapaamista. Kontaktitapaamisessa opiskeltua asiaa k\u00e4sitell\u00e4\u00e4n yhdess\u00e4 opettajan ja muiden opiskelijoiden kanssa. Flippauksessa, kuten muissakin oppimisl\u00e4ht\u00f6isiss\u00e4 &hellip; <\/p>\n<p class=\"link-more\"><a href=\"https:\/\/sites.uef.fi\/flippaus\/opiskelijalle\/\" class=\"more-link\">Jatka lukemista<span class=\"screen-reader-text\"> &#8221;Opiskelijalle&#8221;<\/span><\/a><\/p>\n","protected":false},"author":176,"featured_media":0,"parent":0,"menu_order":0,"comment_status":"closed","ping_status":"closed","template":"","meta":{"_acf_changed":false,"_monsterinsights_skip_tracking":false,"_monsterinsights_sitenote_active":false,"_monsterinsights_sitenote_note":"","_monsterinsights_sitenote_category":0,"footnotes":""},"class_list":["post-1128","page","type-page","status-publish","hentry"],"acf":[],"yoast_head":"<!-- This site is optimized with the Yoast SEO plugin v27.1.1 - https:\/\/yoast.com\/product\/yoast-seo-wordpress\/ -->\n<title>Opiskelijalle - Flipped Learning<\/title>\n<meta name=\"robots\" content=\"index, follow, max-snippet:-1, max-image-preview:large, max-video-preview:-1\" \/>\n<link rel=\"canonical\" href=\"https:\/\/sites.uef.fi\/flippaus\/opiskelijalle\/\" \/>\n<meta property=\"og:locale\" content=\"fi_FI\" \/>\n<meta property=\"og:type\" content=\"article\" \/>\n<meta property=\"og:title\" content=\"Opiskelijalle - Flipped Learning\" \/>\n<meta property=\"og:description\" content=\"Opiskelijalle &#8211; Flippaus opiskelumenetelm\u00e4n\u00e4 Opiskelussa olemme usein tottuneet siihen, ett\u00e4 opettaja kertoo asiat esimerkiksi luennoilla. T\u00e4m\u00e4n j\u00e4lkeen opiskellaan itsen\u00e4isesti kotona tenttiin lukien ja teht\u00e4vi\u00e4 tehden. Flippauksessa (Flipped Classroom tai Flipped Learning) asia on p\u00e4invastoin, kun k\u00e4sitelt\u00e4v\u00e4 asia opiskellaan itse ennen kontaktitapaamista. Kontaktitapaamisessa opiskeltua asiaa k\u00e4sitell\u00e4\u00e4n yhdess\u00e4 opettajan ja muiden opiskelijoiden kanssa. Flippauksessa, kuten muissakin oppimisl\u00e4ht\u00f6isiss\u00e4 &hellip; Jatka lukemista &quot;Opiskelijalle&quot;\" \/>\n<meta property=\"og:url\" content=\"https:\/\/sites.uef.fi\/flippaus\/opiskelijalle\/\" \/>\n<meta property=\"og:site_name\" content=\"Flipped Learning\" \/>\n<meta property=\"article:modified_time\" content=\"2023-10-31T07:21:00+00:00\" \/>\n<meta name=\"twitter:card\" content=\"summary_large_image\" \/>\n<meta name=\"twitter:label1\" content=\"Arvioitu lukuaika\" \/>\n\t<meta name=\"twitter:data1\" content=\"3 minuuttia\" \/>\n<script type=\"application\/ld+json\" class=\"yoast-schema-graph\">{\"@context\":\"https:\/\/schema.org\",\"@graph\":[{\"@type\":\"WebPage\",\"@id\":\"https:\/\/sites.uef.fi\/flippaus\/opiskelijalle\/\",\"url\":\"https:\/\/sites.uef.fi\/flippaus\/opiskelijalle\/\",\"name\":\"Opiskelijalle - Flipped Learning\",\"isPartOf\":{\"@id\":\"https:\/\/sites.uef.fi\/flippaus\/#website\"},\"datePublished\":\"2020-08-07T14:15:52+00:00\",\"dateModified\":\"2023-10-31T07:21:00+00:00\",\"breadcrumb\":{\"@id\":\"https:\/\/sites.uef.fi\/flippaus\/opiskelijalle\/#breadcrumb\"},\"inLanguage\":\"fi\",\"potentialAction\":[{\"@type\":\"ReadAction\",\"target\":[\"https:\/\/sites.uef.fi\/flippaus\/opiskelijalle\/\"]}]},{\"@type\":\"BreadcrumbList\",\"@id\":\"https:\/\/sites.uef.fi\/flippaus\/opiskelijalle\/#breadcrumb\",\"itemListElement\":[{\"@type\":\"ListItem\",\"position\":1,\"name\":\"Home\",\"item\":\"https:\/\/sites.uef.fi\/flippaus\/\"},{\"@type\":\"ListItem\",\"position\":2,\"name\":\"Opiskelijalle\"}]},{\"@type\":\"WebSite\",\"@id\":\"https:\/\/sites.uef.fi\/flippaus\/#website\",\"url\":\"https:\/\/sites.uef.fi\/flippaus\/\",\"name\":\"Flipped Learning\",\"description\":\"\",\"publisher\":{\"@id\":\"https:\/\/sites.uef.fi\/flippaus\/#organization\"},\"potentialAction\":[{\"@type\":\"SearchAction\",\"target\":{\"@type\":\"EntryPoint\",\"urlTemplate\":\"https:\/\/sites.uef.fi\/flippaus\/?s={search_term_string}\"},\"query-input\":{\"@type\":\"PropertyValueSpecification\",\"valueRequired\":true,\"valueName\":\"search_term_string\"}}],\"inLanguage\":\"fi\"},{\"@type\":\"Organization\",\"@id\":\"https:\/\/sites.uef.fi\/flippaus\/#organization\",\"name\":\"Flipped Learning\",\"url\":\"https:\/\/sites.uef.fi\/flippaus\/\",\"logo\":{\"@type\":\"ImageObject\",\"inLanguage\":\"fi\",\"@id\":\"https:\/\/sites.uef.fi\/flippaus\/#\/schema\/logo\/image\/\",\"url\":\"https:\/\/sites.uef.fi\/flippaus\/wp-content\/uploads\/sites\/83\/2020\/05\/cropped-UEF_wordpress_white.png\",\"contentUrl\":\"https:\/\/sites.uef.fi\/flippaus\/wp-content\/uploads\/sites\/83\/2020\/05\/cropped-UEF_wordpress_white.png\",\"width\":250,\"height\":250,\"caption\":\"Flipped Learning\"},\"image\":{\"@id\":\"https:\/\/sites.uef.fi\/flippaus\/#\/schema\/logo\/image\/\"}}]}<\/script>\n<!-- \/ Yoast SEO plugin. -->","yoast_head_json":{"title":"Opiskelijalle - Flipped Learning","robots":{"index":"index","follow":"follow","max-snippet":"max-snippet:-1","max-image-preview":"max-image-preview:large","max-video-preview":"max-video-preview:-1"},"canonical":"https:\/\/sites.uef.fi\/flippaus\/opiskelijalle\/","og_locale":"fi_FI","og_type":"article","og_title":"Opiskelijalle - Flipped Learning","og_description":"Opiskelijalle &#8211; Flippaus opiskelumenetelm\u00e4n\u00e4 Opiskelussa olemme usein tottuneet siihen, ett\u00e4 opettaja kertoo asiat esimerkiksi luennoilla. T\u00e4m\u00e4n j\u00e4lkeen opiskellaan itsen\u00e4isesti kotona tenttiin lukien ja teht\u00e4vi\u00e4 tehden. Flippauksessa (Flipped Classroom tai Flipped Learning) asia on p\u00e4invastoin, kun k\u00e4sitelt\u00e4v\u00e4 asia opiskellaan itse ennen kontaktitapaamista. Kontaktitapaamisessa opiskeltua asiaa k\u00e4sitell\u00e4\u00e4n yhdess\u00e4 opettajan ja muiden opiskelijoiden kanssa. Flippauksessa, kuten muissakin oppimisl\u00e4ht\u00f6isiss\u00e4 &hellip; Jatka lukemista \"Opiskelijalle\"","og_url":"https:\/\/sites.uef.fi\/flippaus\/opiskelijalle\/","og_site_name":"Flipped Learning","article_modified_time":"2023-10-31T07:21:00+00:00","twitter_card":"summary_large_image","twitter_misc":{"Arvioitu lukuaika":"3 minuuttia"},"schema":{"@context":"https:\/\/schema.org","@graph":[{"@type":"WebPage","@id":"https:\/\/sites.uef.fi\/flippaus\/opiskelijalle\/","url":"https:\/\/sites.uef.fi\/flippaus\/opiskelijalle\/","name":"Opiskelijalle - Flipped Learning","isPartOf":{"@id":"https:\/\/sites.uef.fi\/flippaus\/#website"},"datePublished":"2020-08-07T14:15:52+00:00","dateModified":"2023-10-31T07:21:00+00:00","breadcrumb":{"@id":"https:\/\/sites.uef.fi\/flippaus\/opiskelijalle\/#breadcrumb"},"inLanguage":"fi","potentialAction":[{"@type":"ReadAction","target":["https:\/\/sites.uef.fi\/flippaus\/opiskelijalle\/"]}]},{"@type":"BreadcrumbList","@id":"https:\/\/sites.uef.fi\/flippaus\/opiskelijalle\/#breadcrumb","itemListElement":[{"@type":"ListItem","position":1,"name":"Home","item":"https:\/\/sites.uef.fi\/flippaus\/"},{"@type":"ListItem","position":2,"name":"Opiskelijalle"}]},{"@type":"WebSite","@id":"https:\/\/sites.uef.fi\/flippaus\/#website","url":"https:\/\/sites.uef.fi\/flippaus\/","name":"Flipped Learning","description":"","publisher":{"@id":"https:\/\/sites.uef.fi\/flippaus\/#organization"},"potentialAction":[{"@type":"SearchAction","target":{"@type":"EntryPoint","urlTemplate":"https:\/\/sites.uef.fi\/flippaus\/?s={search_term_string}"},"query-input":{"@type":"PropertyValueSpecification","valueRequired":true,"valueName":"search_term_string"}}],"inLanguage":"fi"},{"@type":"Organization","@id":"https:\/\/sites.uef.fi\/flippaus\/#organization","name":"Flipped Learning","url":"https:\/\/sites.uef.fi\/flippaus\/","logo":{"@type":"ImageObject","inLanguage":"fi","@id":"https:\/\/sites.uef.fi\/flippaus\/#\/schema\/logo\/image\/","url":"https:\/\/sites.uef.fi\/flippaus\/wp-content\/uploads\/sites\/83\/2020\/05\/cropped-UEF_wordpress_white.png","contentUrl":"https:\/\/sites.uef.fi\/flippaus\/wp-content\/uploads\/sites\/83\/2020\/05\/cropped-UEF_wordpress_white.png","width":250,"height":250,"caption":"Flipped Learning"},"image":{"@id":"https:\/\/sites.uef.fi\/flippaus\/#\/schema\/logo\/image\/"}}]}},"_links":{"self":[{"href":"https:\/\/sites.uef.fi\/flippaus\/wp-json\/wp\/v2\/pages\/1128","targetHints":{"allow":["GET"]}}],"collection":[{"href":"https:\/\/sites.uef.fi\/flippaus\/wp-json\/wp\/v2\/pages"}],"about":[{"href":"https:\/\/sites.uef.fi\/flippaus\/wp-json\/wp\/v2\/types\/page"}],"author":[{"embeddable":true,"href":"https:\/\/sites.uef.fi\/flippaus\/wp-json\/wp\/v2\/users\/176"}],"replies":[{"embeddable":true,"href":"https:\/\/sites.uef.fi\/flippaus\/wp-json\/wp\/v2\/comments?post=1128"}],"version-history":[{"count":2,"href":"https:\/\/sites.uef.fi\/flippaus\/wp-json\/wp\/v2\/pages\/1128\/revisions"}],"predecessor-version":[{"id":3454,"href":"https:\/\/sites.uef.fi\/flippaus\/wp-json\/wp\/v2\/pages\/1128\/revisions\/3454"}],"wp:attachment":[{"href":"https:\/\/sites.uef.fi\/flippaus\/wp-json\/wp\/v2\/media?parent=1128"}],"curies":[{"name":"wp","href":"https:\/\/api.w.org\/{rel}","templated":true}]}}