{"id":1149,"date":"2020-08-07T17:32:14","date_gmt":"2020-08-07T14:32:14","guid":{"rendered":"https:\/\/sites.uef.fi\/flippaus\/?page_id=1149"},"modified":"2020-12-17T13:30:26","modified_gmt":"2020-12-17T11:30:26","slug":"tekijanoikeudet","status":"publish","type":"page","link":"https:\/\/sites.uef.fi\/flippaus\/tekijanoikeudet\/","title":{"rendered":"Tekij\u00e4noikeudet"},"content":{"rendered":"\n<h1 class=\"wp-block-heading\">Tekij\u00e4noikeudet<\/h1>\n\n\n\n<p>Jokaisen tulee olla tarkka k\u00e4ytt\u00e4ess\u00e4\u00e4n toisten materiaalia omassa opetuksessaan. Internetiss\u00e4 on paljon materiaalia, ja vaikka opetusk\u00e4ytt\u00f6 antaa mahdollisuuksia, se ei suinkaan tarkoita sit\u00e4, ett\u00e4 netist\u00e4 saa ottaa mit\u00e4 vain. Kannattaa siis aina tarkastaa, onko tekij\u00e4 rajoittanut k\u00e4ytt\u00f6\u00e4. Koska tekij\u00e4noikeudet ja luvat vaihtelevat eri koulutusasteilla ja riippuen siit\u00e4, onko kyse maksuttomasta vai maksullisesta koulutuksesta, emme tarjoa asiaan valmiiksi pureskeltuja ratkaisuja. L\u00e4hde ja tekij\u00e4 on kannattaa mainita aina, tarvittaessa tulee kysy\u00e4 lupa. K\u00e4ytt\u00f6oikeuksia voi hahmottaa esimerkiksi <a href=\"http:\/\/www.opettajantekijanoikeus.fi\/aineisto\/selvita-kayttooikeutesi-kyselyn-avulla\/\" target=\"_blank\" rel=\"noreferrer noopener\">Tarmo Toikkasen laatiman vuokaavion<\/a> avulla.<\/p>\n\n\n\n<h2 class=\"wp-block-heading\">Videot<\/h2>\n\n\n\n<p>Flippauksessa videot ovat usein k\u00e4ytetty tapa esitt\u00e4\u00e4 asioita ja lis\u00e4ksi erityisesti Youtubesta l\u00f6ytyy paljon materiaalia. Vaikka videot olisivat julkisesti saatavilla, on ne tulkittavissa elokuvateoksiksi, mink\u00e4 vuoksi niit\u00e4 ei voi vapaasti ilman tekij\u00e4n lupaa opetuksessa k\u00e4ytt\u00e4\u00e4. Poikkeuksen muodostavat CC-lisenssill\u00e4 varustetut videot, mutta n\u00e4it\u00e4 Youtubessa on vain murto-osa. Koska useimmiten videot ovat julkisesti katsottavissa, voi opiskelijoille jakaa linkin, jotta he voivat itse katsoa videot.<\/p>\n\n\n\n<p>Mik\u00e4li tallennat opetuksen et\u00e4osallistujia varten tai my\u00f6hemp\u00e4\u00e4 katselua varten ja jaat sen verkkoon, huomaa, ett\u00e4 n\u00e4ytt\u00e4m\u00e4\u00e4si muiden materiaalia ei saa niill\u00e4 n\u00e4ky\u00e4. Se katsotaan materiaalin jakamiseksi.<\/p>\n\n\n\n<h2 class=\"wp-block-heading\">CC-lisenssi<\/h2>\n\n\n\n<p>Kuvia, musiikkia ja videoita etsitt\u00e4ess\u00e4 kannattaa k\u00e4ytt\u00e4\u00e4 CC-lisensoitua (Creative Commons) materiaalia. T\u00e4ll\u00e4 merkinn\u00e4ll\u00e4 varustettua materiaalia l\u00f6ytyy verkosta paljon. Sosiaalisen median kanavissa (esim. Flickr tai Youtube) kannattaa kuitenkin huomioida, ettei kaikissa t\u00e4t\u00e4 lisenssi\u00e4 ole.<\/p>\n\n\n\n<p>CC-lisenssien avulla tekij\u00e4 m\u00e4\u00e4rittelee, miten h\u00e4nen tekem\u00e4\u00e4ns\u00e4 aineistoa saa k\u00e4ytt\u00e4\u00e4, muokata tai jakaa. Lisenssej\u00e4 on erilaisia, joten niiden kanssa tulee olla tarkka etsiess\u00e4si materiaalia k\u00e4ytt\u00f6\u00f6si. Vastaavasti CC-lisensseill\u00e4 voit m\u00e4\u00e4ritell\u00e4 sen, miten muut saavat materiaaliasi k\u00e4ytt\u00e4\u00e4, mik\u00e4li jaat oppimateriaaliasi julkisesti. CC-lisenssin k\u00e4ytt\u00f6\u00f6nottoa pohtiessa kannattaa huomioida my\u00f6s esimerkiksi ty\u00f6suhteeseen liittyv\u00e4t oikeuksiensiirto- ja tekij\u00e4noikeussopimukset.<\/p>\n\n\n\n<p>Lis\u00e4tietoa: <a href=\"https:\/\/creativecommons.fi\/\" target=\"_blank\" rel=\"noreferrer noopener\">creativecommons.fi<\/a> ja <a href=\"http:\/\/creativecommons.org\" target=\"_blank\" rel=\"noreferrer noopener\">creativecommons.org<\/a><\/p>\n\n\n\n<h2 class=\"wp-block-heading\">Hy\u00f6dyllisi\u00e4 linkkej\u00e4 ja luettavaa<\/h2>\n\n\n\n<ul class=\"wp-block-list\"><li> <a rel=\"noreferrer noopener\" href=\"https:\/\/operight.fi\/\" target=\"_blank\">Operight -hankkeen sivusto tekij\u00e4noikeuksista opetusty\u00f6ss\u00e4 <\/a><\/li><li> <a rel=\"noreferrer noopener\" href=\"http:\/\/www.opettajantekijanoikeus.fi\/\" target=\"_blank\">Opettajan tekij\u00e4noikeus<\/a> -sivustolla on tietoa opetukseen liittyvist\u00e4 tekij\u00e4noikeusasioista<\/li><li> <a rel=\"noreferrer noopener\" href=\"https:\/\/www.finlex.fi\/fi\/laki\/ajantasa\/1961\/19610404\" target=\"_blank\">Tekij\u00e4noikeuslaki (Finlex)<\/a><\/li><li> <a rel=\"noreferrer noopener\" href=\"http:\/\/www.tekijanoikeus.fi\/\" target=\"_blank\">Tekijanoikeus.fi<\/a> on kokoava sivusto tekij\u00e4noikeuksista helposti ymm\u00e4rrett\u00e4v\u00e4ss\u00e4 muodossa.  Soveltuu kaikille, vaikka oppimateriaali on suunnattu erityisesti  peruskouluun. <\/li><li> <a rel=\"noreferrer noopener\" href=\"http:\/\/minedu.fi\/tekijanoikeus\" target=\"_blank\">Opetusministeri\u00f6n sivusto tekij\u00e4noikeuksista<\/a><\/li><li> Toikkanen, T. &amp; Oksanen, V. (2011) Opettajan tekij\u00e4noikeusopas. Porvoo: Finn Lectura. <\/li><\/ul>\n\n\n\n<h3 class=\"wp-block-heading\">Tekij\u00e4noikeusj\u00e4rjest\u00f6jen sivut<\/h3>\n\n\n\n<figure class=\"wp-block-table\"><table class=\"\"><tbody><tr><td><a href=\"http:\/\/www.kopiraitti.fi\" target=\"_blank\" rel=\"noreferrer noopener\">Kopiraitti<\/a><\/td><td>Kopioston ja Opetus- ja kulttuuriministeri\u00f6n tekij\u00e4noikeusopas, josta l\u00f6ytyy tietoa opetusta ajatellen<\/td><\/tr><tr><td><a href=\"http:\/\/www.kopiosto.fi\" target=\"_blank\" rel=\"noreferrer noopener\">Kopiosto<\/a><\/td><td>Esitt\u00e4vien taiteilijoiden, tekij\u00f6iden ja kustantajien tekij\u00e4noikeusj\u00e4rjest\u00f6. Tietoa kopioluvista ja esimerkiksi kuvien tallentamisesta.<\/td><\/tr><tr><td><a href=\"http:\/\/www.gramex.fi\" target=\"_blank\" rel=\"noreferrer noopener\">Gramex<\/a><\/td><td>Musiikkialan tekij\u00e4noikeudet (esitt\u00e4v\u00e4t taiteilijat ja tuottajat)<\/td><\/tr><tr><td><a href=\"http:\/\/www.teosto.fi\" target=\"_blank\" rel=\"noreferrer noopener\">Teosto<\/a><\/td><td>Musiikkialan tekij\u00e4noikeudet (s\u00e4velt\u00e4j\u00e4t, sanoittajat, sovittajat ja musiikinkustantajat)<\/td><\/tr><tr><td><a href=\"http:\/\/www.kuvasto.fi\" target=\"_blank\" rel=\"noreferrer noopener\">Kuvasto<\/a><\/td><td>Kuvateosten tekij\u00e4noikeudet<\/td><\/tr><tr><td><a href=\"https:\/\/www.sanasto.fi\/\" target=\"_blank\" rel=\"noreferrer noopener\">Sanasto<\/a><\/td><td>Kirjallisuuden alan tekij\u00e4noikeusj\u00e4rjest\u00f6<\/td><\/tr><tr><td><a href=\"http:\/\/www.tuotos.fi\" target=\"_blank\" rel=\"noreferrer noopener\">Tuotos<\/a><\/td><td>Audiovisuaalisten tuotosten tekij\u00e4noikeudet<\/td><\/tr><\/tbody><\/table><\/figure>\n","protected":false},"excerpt":{"rendered":"<p>Tekij\u00e4noikeudet Jokaisen tulee olla tarkka k\u00e4ytt\u00e4ess\u00e4\u00e4n toisten materiaalia omassa opetuksessaan. Internetiss\u00e4 on paljon materiaalia, ja vaikka opetusk\u00e4ytt\u00f6 antaa mahdollisuuksia, se ei suinkaan tarkoita sit\u00e4, ett\u00e4 netist\u00e4 saa ottaa mit\u00e4 vain. Kannattaa siis aina tarkastaa, onko tekij\u00e4 rajoittanut k\u00e4ytt\u00f6\u00e4. Koska tekij\u00e4noikeudet ja luvat vaihtelevat eri koulutusasteilla ja riippuen siit\u00e4, onko kyse maksuttomasta vai maksullisesta koulutuksesta, emme &hellip; <\/p>\n<p class=\"link-more\"><a href=\"https:\/\/sites.uef.fi\/flippaus\/tekijanoikeudet\/\" class=\"more-link\">Jatka lukemista<span class=\"screen-reader-text\"> &#8221;Tekij\u00e4noikeudet&#8221;<\/span><\/a><\/p>\n","protected":false},"author":176,"featured_media":0,"parent":0,"menu_order":0,"comment_status":"closed","ping_status":"closed","template":"","meta":{"_acf_changed":false,"_monsterinsights_skip_tracking":false,"_monsterinsights_sitenote_active":false,"_monsterinsights_sitenote_note":"","_monsterinsights_sitenote_category":0,"footnotes":""},"class_list":["post-1149","page","type-page","status-publish","hentry"],"acf":[],"yoast_head":"<!-- This site is optimized with the Yoast SEO plugin v27.1.1 - https:\/\/yoast.com\/product\/yoast-seo-wordpress\/ -->\n<title>Tekij\u00e4noikeudet - Flipped Learning<\/title>\n<meta name=\"robots\" content=\"index, follow, max-snippet:-1, max-image-preview:large, max-video-preview:-1\" \/>\n<link rel=\"canonical\" href=\"https:\/\/sites.uef.fi\/flippaus\/tekijanoikeudet\/\" \/>\n<meta property=\"og:locale\" content=\"fi_FI\" \/>\n<meta property=\"og:type\" content=\"article\" \/>\n<meta property=\"og:title\" content=\"Tekij\u00e4noikeudet - Flipped Learning\" \/>\n<meta property=\"og:description\" content=\"Tekij\u00e4noikeudet Jokaisen tulee olla tarkka k\u00e4ytt\u00e4ess\u00e4\u00e4n toisten materiaalia omassa opetuksessaan. Internetiss\u00e4 on paljon materiaalia, ja vaikka opetusk\u00e4ytt\u00f6 antaa mahdollisuuksia, se ei suinkaan tarkoita sit\u00e4, ett\u00e4 netist\u00e4 saa ottaa mit\u00e4 vain. Kannattaa siis aina tarkastaa, onko tekij\u00e4 rajoittanut k\u00e4ytt\u00f6\u00e4. Koska tekij\u00e4noikeudet ja luvat vaihtelevat eri koulutusasteilla ja riippuen siit\u00e4, onko kyse maksuttomasta vai maksullisesta koulutuksesta, emme &hellip; Jatka lukemista &quot;Tekij\u00e4noikeudet&quot;\" \/>\n<meta property=\"og:url\" content=\"https:\/\/sites.uef.fi\/flippaus\/tekijanoikeudet\/\" \/>\n<meta property=\"og:site_name\" content=\"Flipped Learning\" \/>\n<meta property=\"article:modified_time\" content=\"2020-12-17T11:30:26+00:00\" \/>\n<meta name=\"twitter:card\" content=\"summary_large_image\" \/>\n<meta name=\"twitter:label1\" content=\"Arvioitu lukuaika\" \/>\n\t<meta name=\"twitter:data1\" content=\"2 minuuttia\" \/>\n<script type=\"application\/ld+json\" class=\"yoast-schema-graph\">{\"@context\":\"https:\/\/schema.org\",\"@graph\":[{\"@type\":\"WebPage\",\"@id\":\"https:\/\/sites.uef.fi\/flippaus\/tekijanoikeudet\/\",\"url\":\"https:\/\/sites.uef.fi\/flippaus\/tekijanoikeudet\/\",\"name\":\"Tekij\u00e4noikeudet - Flipped Learning\",\"isPartOf\":{\"@id\":\"https:\/\/sites.uef.fi\/flippaus\/#website\"},\"datePublished\":\"2020-08-07T14:32:14+00:00\",\"dateModified\":\"2020-12-17T11:30:26+00:00\",\"breadcrumb\":{\"@id\":\"https:\/\/sites.uef.fi\/flippaus\/tekijanoikeudet\/#breadcrumb\"},\"inLanguage\":\"fi\",\"potentialAction\":[{\"@type\":\"ReadAction\",\"target\":[\"https:\/\/sites.uef.fi\/flippaus\/tekijanoikeudet\/\"]}]},{\"@type\":\"BreadcrumbList\",\"@id\":\"https:\/\/sites.uef.fi\/flippaus\/tekijanoikeudet\/#breadcrumb\",\"itemListElement\":[{\"@type\":\"ListItem\",\"position\":1,\"name\":\"Home\",\"item\":\"https:\/\/sites.uef.fi\/flippaus\/\"},{\"@type\":\"ListItem\",\"position\":2,\"name\":\"Tekij\u00e4noikeudet\"}]},{\"@type\":\"WebSite\",\"@id\":\"https:\/\/sites.uef.fi\/flippaus\/#website\",\"url\":\"https:\/\/sites.uef.fi\/flippaus\/\",\"name\":\"Flipped Learning\",\"description\":\"\",\"publisher\":{\"@id\":\"https:\/\/sites.uef.fi\/flippaus\/#organization\"},\"potentialAction\":[{\"@type\":\"SearchAction\",\"target\":{\"@type\":\"EntryPoint\",\"urlTemplate\":\"https:\/\/sites.uef.fi\/flippaus\/?s={search_term_string}\"},\"query-input\":{\"@type\":\"PropertyValueSpecification\",\"valueRequired\":true,\"valueName\":\"search_term_string\"}}],\"inLanguage\":\"fi\"},{\"@type\":\"Organization\",\"@id\":\"https:\/\/sites.uef.fi\/flippaus\/#organization\",\"name\":\"Flipped Learning\",\"url\":\"https:\/\/sites.uef.fi\/flippaus\/\",\"logo\":{\"@type\":\"ImageObject\",\"inLanguage\":\"fi\",\"@id\":\"https:\/\/sites.uef.fi\/flippaus\/#\/schema\/logo\/image\/\",\"url\":\"https:\/\/sites.uef.fi\/flippaus\/wp-content\/uploads\/sites\/83\/2020\/05\/cropped-UEF_wordpress_white.png\",\"contentUrl\":\"https:\/\/sites.uef.fi\/flippaus\/wp-content\/uploads\/sites\/83\/2020\/05\/cropped-UEF_wordpress_white.png\",\"width\":250,\"height\":250,\"caption\":\"Flipped Learning\"},\"image\":{\"@id\":\"https:\/\/sites.uef.fi\/flippaus\/#\/schema\/logo\/image\/\"}}]}<\/script>\n<!-- \/ Yoast SEO plugin. -->","yoast_head_json":{"title":"Tekij\u00e4noikeudet - Flipped Learning","robots":{"index":"index","follow":"follow","max-snippet":"max-snippet:-1","max-image-preview":"max-image-preview:large","max-video-preview":"max-video-preview:-1"},"canonical":"https:\/\/sites.uef.fi\/flippaus\/tekijanoikeudet\/","og_locale":"fi_FI","og_type":"article","og_title":"Tekij\u00e4noikeudet - Flipped Learning","og_description":"Tekij\u00e4noikeudet Jokaisen tulee olla tarkka k\u00e4ytt\u00e4ess\u00e4\u00e4n toisten materiaalia omassa opetuksessaan. Internetiss\u00e4 on paljon materiaalia, ja vaikka opetusk\u00e4ytt\u00f6 antaa mahdollisuuksia, se ei suinkaan tarkoita sit\u00e4, ett\u00e4 netist\u00e4 saa ottaa mit\u00e4 vain. Kannattaa siis aina tarkastaa, onko tekij\u00e4 rajoittanut k\u00e4ytt\u00f6\u00e4. Koska tekij\u00e4noikeudet ja luvat vaihtelevat eri koulutusasteilla ja riippuen siit\u00e4, onko kyse maksuttomasta vai maksullisesta koulutuksesta, emme &hellip; Jatka lukemista \"Tekij\u00e4noikeudet\"","og_url":"https:\/\/sites.uef.fi\/flippaus\/tekijanoikeudet\/","og_site_name":"Flipped Learning","article_modified_time":"2020-12-17T11:30:26+00:00","twitter_card":"summary_large_image","twitter_misc":{"Arvioitu lukuaika":"2 minuuttia"},"schema":{"@context":"https:\/\/schema.org","@graph":[{"@type":"WebPage","@id":"https:\/\/sites.uef.fi\/flippaus\/tekijanoikeudet\/","url":"https:\/\/sites.uef.fi\/flippaus\/tekijanoikeudet\/","name":"Tekij\u00e4noikeudet - Flipped Learning","isPartOf":{"@id":"https:\/\/sites.uef.fi\/flippaus\/#website"},"datePublished":"2020-08-07T14:32:14+00:00","dateModified":"2020-12-17T11:30:26+00:00","breadcrumb":{"@id":"https:\/\/sites.uef.fi\/flippaus\/tekijanoikeudet\/#breadcrumb"},"inLanguage":"fi","potentialAction":[{"@type":"ReadAction","target":["https:\/\/sites.uef.fi\/flippaus\/tekijanoikeudet\/"]}]},{"@type":"BreadcrumbList","@id":"https:\/\/sites.uef.fi\/flippaus\/tekijanoikeudet\/#breadcrumb","itemListElement":[{"@type":"ListItem","position":1,"name":"Home","item":"https:\/\/sites.uef.fi\/flippaus\/"},{"@type":"ListItem","position":2,"name":"Tekij\u00e4noikeudet"}]},{"@type":"WebSite","@id":"https:\/\/sites.uef.fi\/flippaus\/#website","url":"https:\/\/sites.uef.fi\/flippaus\/","name":"Flipped Learning","description":"","publisher":{"@id":"https:\/\/sites.uef.fi\/flippaus\/#organization"},"potentialAction":[{"@type":"SearchAction","target":{"@type":"EntryPoint","urlTemplate":"https:\/\/sites.uef.fi\/flippaus\/?s={search_term_string}"},"query-input":{"@type":"PropertyValueSpecification","valueRequired":true,"valueName":"search_term_string"}}],"inLanguage":"fi"},{"@type":"Organization","@id":"https:\/\/sites.uef.fi\/flippaus\/#organization","name":"Flipped Learning","url":"https:\/\/sites.uef.fi\/flippaus\/","logo":{"@type":"ImageObject","inLanguage":"fi","@id":"https:\/\/sites.uef.fi\/flippaus\/#\/schema\/logo\/image\/","url":"https:\/\/sites.uef.fi\/flippaus\/wp-content\/uploads\/sites\/83\/2020\/05\/cropped-UEF_wordpress_white.png","contentUrl":"https:\/\/sites.uef.fi\/flippaus\/wp-content\/uploads\/sites\/83\/2020\/05\/cropped-UEF_wordpress_white.png","width":250,"height":250,"caption":"Flipped Learning"},"image":{"@id":"https:\/\/sites.uef.fi\/flippaus\/#\/schema\/logo\/image\/"}}]}},"_links":{"self":[{"href":"https:\/\/sites.uef.fi\/flippaus\/wp-json\/wp\/v2\/pages\/1149","targetHints":{"allow":["GET"]}}],"collection":[{"href":"https:\/\/sites.uef.fi\/flippaus\/wp-json\/wp\/v2\/pages"}],"about":[{"href":"https:\/\/sites.uef.fi\/flippaus\/wp-json\/wp\/v2\/types\/page"}],"author":[{"embeddable":true,"href":"https:\/\/sites.uef.fi\/flippaus\/wp-json\/wp\/v2\/users\/176"}],"replies":[{"embeddable":true,"href":"https:\/\/sites.uef.fi\/flippaus\/wp-json\/wp\/v2\/comments?post=1149"}],"version-history":[{"count":1,"href":"https:\/\/sites.uef.fi\/flippaus\/wp-json\/wp\/v2\/pages\/1149\/revisions"}],"predecessor-version":[{"id":1155,"href":"https:\/\/sites.uef.fi\/flippaus\/wp-json\/wp\/v2\/pages\/1149\/revisions\/1155"}],"wp:attachment":[{"href":"https:\/\/sites.uef.fi\/flippaus\/wp-json\/wp\/v2\/media?parent=1149"}],"curies":[{"name":"wp","href":"https:\/\/api.w.org\/{rel}","templated":true}]}}