{"id":1158,"date":"2020-08-07T17:39:01","date_gmt":"2020-08-07T14:39:01","guid":{"rendered":"https:\/\/sites.uef.fi\/flippaus\/?page_id=1158"},"modified":"2020-12-17T13:27:29","modified_gmt":"2020-12-17T11:27:29","slug":"sisallys","status":"publish","type":"page","link":"https:\/\/sites.uef.fi\/flippaus\/sisallys\/","title":{"rendered":"Sis\u00e4llys"},"content":{"rendered":"\n<h1 class=\"wp-block-heading\" id=\"sisluetalku\">Manuaalin sis\u00e4llysluettelo<\/h1>\n\n\n\n<p>Koska flippausmanuaalin opettajan osio on laaja, on alle koottu sivuston  sis\u00e4llysluettelo. Sivuille p\u00e4\u00e4see siirtym\u00e4\u00e4n otsikkoja klikkaamaalla, videoiden yhteyteen on merkitty my\u00f6s tekij\u00e4. <br><\/p>\n\n\n\n<h2 class=\"wp-block-heading\">Flippausmanuaali eli kuinka k\u00e4\u00e4nt\u00e4\u00e4 opetus?<\/h2>\n\n\n\n<p><a href=\"http:\/\/sites.uef.fi\/flippaus\/flippausmanuaali\">Flippausesittely<\/a> (Erkko Sointu)<br><a href=\"http:\/\/sites.uef.fi\/flippaus\/flippausmanuaali\/#johdanto\">Miksi flipata? Johdantoa flippaukseen<\/a> (Erkko Sointu)<br><a href=\"http:\/\/sites.uef.fi\/flippaus\/flippausmanuaali\/#TPACK\">TPACK ja Flipped Classroom<\/a> (Teemu Valtonen)<br><a href=\"http:\/\/sites.uef.fi\/flippaus\/flippausmanuaali\/#opiskelijalahtoisyys\">Opiskelijal\u00e4ht\u00f6inen opetus k\u00e4\u00e4nteisen luokkahuoneen kontekstissa<\/a> (Laura Hirsto)<br><a href=\"http:\/\/sites.uef.fi\/flippaus\/flippausmanuaali\/#arviointi1\">Muuttuvat k\u00e4sitykset arvioinnista: Arviointi flippauksessa, osa 1<\/a> (P\u00e4ivi Atjonen)<\/p>\n\n\n\n<h3 class=\"wp-block-heading\">Flippauksen suunnittelu<\/h3>\n\n\n\n<p><a href=\"http:\/\/sites.uef.fi\/flippaus\/opintojakson-suunnittelu\">Suunnittelupolku p\u00e4hkin\u00e4nkuoressa<\/a> (Jenni Kankaanp\u00e4\u00e4)<br><a href=\"http:\/\/sites.uef.fi\/flippaus\/opintojakson-suunnittelu\/#ydinaines\">Flipped classroom -menetelm\u00e4n ABC: Ydinaines ja osaamistavoitteet<\/a> (Markku Saarelainen)<br><a href=\"https:\/\/sites.uef.fi\/flippaus\/opintojakson-suunnittelu\/#tyopeda\">Ty\u00f6el\u00e4m\u00e4taitojen opettamisen suunnittelu<\/a> (Sanna V\u00e4is\u00e4nen)<br><a href=\"http:\/\/sites.uef.fi\/flippaus\/opintojakson-suunnittelu\/#arviointi2\">Arviointi flippauksen suunnitteluvaiheessa: Arviointi flippauksessa, osa 2<\/a> (P\u00e4ivi Atjonen)<br><a href=\"http:\/\/sites.uef.fi\/flippaus\/opintojakson-suunnittelu#ennakkomateriaali\">Ennakkomateriaali<\/a><br><a href=\"http:\/\/sites.uef.fi\/flippaus\/opintojakson-suunnittelu\/#aikataulutus\">Aikataulutus<\/a><br><a href=\"http:\/\/sites.uef.fi\/flippaus\/opintojakson-suunnittelu\/#kontaktiopetus\">Kontaktiopetus<\/a><\/p>\n\n\n\n<h3 class=\"wp-block-heading\">Flippauksen tuotanto ja toteutus<\/h3>\n\n\n\n<p><a href=\"http:\/\/sites.uef.fi\/flippaus\/flippauksen-toteutus\/#tiedonhaku\">Flipatun tiedonhaun kurssit<\/a> (Riitta Holopainen)<br><a href=\"http:\/\/sites.uef.fi\/flippaus\/flippauksen-toteutus\/#fliprav\">Flippaus opintomuotona ravitsemusterapiaopinnoissa<\/a> (Ursula Schwab)<\/p>\n\n\n\n<h4 class=\"wp-block-heading\">Arviointi flippauksen aikana<\/h4>\n\n\n\n<p><a href=\"http:\/\/sites.uef.fi\/flippaus\/flippauksen-toteutus\/arviointi\/\">Arviointi flippauksen toteutusvaiheessa: Arviointi flippauksessa, osa 3<\/a> (P\u00e4ivi Atjonen)<br><a href=\"http:\/\/sites.uef.fi\/flippaus\/flippauksen-toteutus\/arviointi\/#itsearviointi\">Itsearviointi Moodleen palautetuissa teht\u00e4viss\u00e4<\/a> (Erkki Pesonen)<br><a href=\"http:\/\/sites.uef.fi\/flippaus\/flippauksen-toteutus\/arviointi\/#arvideo\">Oppimisen arviointi: videopalaute<\/a> (Riitta Holopainen)<br><a href=\"http:\/\/sites.uef.fi\/flippaus\/flippauksen-toteutus\/arviointi\/#pisteet\">Kurssin arvioinnissa kaikesta tekemisest\u00e4 saa pisteit\u00e4<\/a> (Erkki Pesonen)<\/p>\n\n\n\n<h4 class=\"wp-block-heading\">Ennakkomateriaalit<\/h4>\n\n\n\n<p><a href=\"http:\/\/sites.uef.fi\/flippaus\/ennakkomateriaalit\/#pakkotayd\">Pakollinen materiaali VS t\u00e4ydent\u00e4v\u00e4 aines<\/a><br><a href=\"http:\/\/sites.uef.fi\/flippaus\/ennakkomateriaalit\/#omamateriaali\">Oman materiaalin tekeminen<\/a><br><a href=\"http:\/\/sites.uef.fi\/flippaus\/ennakkomateriaalit\/#maaraika\">Materiaalin m\u00e4\u00e4r\u00e4 ja ajank\u00e4ytt\u00f6<\/a><br><a href=\"http:\/\/sites.uef.fi\/flippaus\/ennakkomateriaalit\/#opittu\">Onko asia opiskeltu?<\/a> (Erkki Pesonen)<\/p>\n\n\n\n<h5 class=\"wp-block-heading\">Esiintyminen ja esitt\u00e4minen videoilla<\/h5>\n\n\n\n<p><a href=\"http:\/\/sites.uef.fi\/flippaus\/esiintyminen-videolla\/#videosuunn\">Videoiden suunnittelun pohjaksi<\/a> (Sanna Niskanen)<br><a href=\"http:\/\/sites.uef.fi\/flippaus\/esiintyminen-videolla\/#opetusviestutkimus\">Tiivis katsaus opetusviestinn\u00e4n tutkimukseen<\/a> (Sanna Niskanen)<br><a href=\"http:\/\/sites.uef.fi\/flippaus\/esiintyminen-videolla\/#opettaminenvideolla\">Opettaminen videolla<\/a> (Sanna Niskanen)<br><a href=\"http:\/\/sites.uef.fi\/flippaus\/esiintyminen-videolla\/#kuvavideo\">Kuvavideo opetuksessa: Miten voin puhua kameralle kuin opiskelijalle?<\/a> (Sanna Niskanen)<br><a href=\"http:\/\/sites.uef.fi\/flippaus\/esiintyminen-videolla\/#diasuunnittelu\">Muutamia vinkkej\u00e4 luentovideoiden tekemiseen<\/a> (Jenni Kankaanp\u00e4\u00e4)<\/p>\n\n\n\n<h4 class=\"wp-block-heading\">Mit\u00e4 tehd\u00e4 kontaktiopetuksessa?<\/h4>\n\n\n\n<p><a href=\"http:\/\/sites.uef.fi\/flippaus\/kontaktiopetus\/#pbl\">Ongelmaperustainen oppiminen (Problem-Based Learning, PBL)<\/a> (Erkko Sointu)<br><a href=\"http:\/\/sites.uef.fi\/flippaus\/kontaktiopetus\/#tutkivaoppiminen\">Tutkiva oppiminen<\/a> (Teemu Valtonen)<br><a href=\"http:\/\/sites.uef.fi\/flippaus\/kontaktiopetus\/#cbl\">Case-Based Learning<\/a> (Kati M\u00e4kitalo)<br><a href=\"http:\/\/sites.uef.fi\/flippaus\/kontaktiopetus\/#peerinstruction\">Vertaisoppiminen (Peer Instruction)<\/a> (Tapio Nevalainen)<br><a href=\"http:\/\/sites.uef.fi\/flippaus\/kontaktiopetus\/#kotitehtavat\">Kotiteht\u00e4vien l\u00e4pik\u00e4ynti pienryhmiss\u00e4<\/a> (Erkki Pesonen)<\/p>\n\n\n\n<h5 class=\"wp-block-heading\">Katoaako vuorovaikutus, kun kontaktiopetus v\u00e4henee?<\/h5>\n\n\n\n<p><a href=\"http:\/\/sites.uef.fi\/flippaus\/vuorovaikutus\/#vuorovaikirjall\">Vuorovaikutus verkkokursseilla<\/a> (Vesa Paajanen)<br><a href=\"http:\/\/sites.uef.fi\/flippaus\/vuorovaikutus\/#vuorovaikutusverkossa\">Vuorovaikutus verkkokursseilla: Esimerkit verkossa<\/a> (Vesa Paajanen)<br><a href=\"http:\/\/sites.uef.fi\/flippaus\/vuorovaikutus\/#vuorovaikutuskontaktit\">Vuorovaikutus verkkokursseilla: Projektit ja pelit kontaktiopetuksessa<\/a> (Vesa Paajanen)<\/p>\n\n\n\n<h4 class=\"wp-block-heading\">Flippauksessa k\u00e4ytettyj\u00e4 laitteita ja ohjelmistoja<\/h4>\n\n\n\n<p><a href=\"http:\/\/sites.uef.fi\/flippaus\/laitteet-ja-ohjelmistot\/#verkkoymparisto\">Verkkoymp\u00e4rist\u00f6j\u00e4 oppimiselle<\/a><br><a href=\"http:\/\/sites.uef.fi\/flippaus\/laitteet-ja-ohjelmistot\/#ennakkomateriaaliohjelma\">Ennakkomateriaalin tekemiseen k\u00e4ytettyj\u00e4 ohjelmia<\/a><br>PowerPoint<br>Keynote<br>Kuvallinen ilmaisu<br>N\u00e4yt\u00f6n tapahtumien tallentaminen (Planet eStream)<br><a href=\"http:\/\/sites.uef.fi\/flippaus\/laitteet-ja-ohjelmistot\/#sovelluksia\">Sovelluksia kontaktiopetukseen ja yhteiseen ty\u00f6skentelyyn<\/a><\/p>\n\n\n\n<h5 class=\"wp-block-heading\">Videomateriaalin editointi ja tallennus<\/h5>\n\n\n\n<p><a href=\"https:\/\/sites.uef.fi\/flippaus\/flippauksen-toteutus\/laitteet-ja-ohjelmistot\/videomateriaalin-editointi-ja-tallennus\/#thingl\">Planet eStreamin encoderin k\u00e4ytt\u00f6<\/a> (Erkko Sointu)<br><a href=\"https:\/\/sites.uef.fi\/flippaus\/flippauksen-toteutus\/laitteet-ja-ohjelmistot\/videomateriaalin-editointi-ja-tallennus\/#thingl\">Planet eStreamin mediapalvelimen esittely ja videon lis\u00e4\u00e4minen<\/a> (Erkko Sointu, Antti Kauppila)<br><a href=\"https:\/\/sites.uef.fi\/flippaus\/flippauksen-toteutus\/laitteet-ja-ohjelmistot\/videomateriaalin-editointi-ja-tallennus\/#thingl\">Videon editointi mediapalvelimella<\/a> (Antti Kauppila, Erkko Sointu)<br><a href=\"https:\/\/sites.uef.fi\/flippaus\/flippauksen-toteutus\/laitteet-ja-ohjelmistot\/videomateriaalin-editointi-ja-tallennus\/#thingl\">Videon jakaminen ja Moodleen upottaminen<\/a> (Erkko Sointu)<\/p>\n\n\n\n<h5 class=\"wp-block-heading\"><strong>Moodle<\/strong><\/h5>\n\n\n\n<p><a href=\"https:\/\/sites.uef.fi\/flippaus\/flippauksen-toteutus\/laitteet-ja-ohjelmistot\/moodle\/#alkuunmoodlessa\">Alkuun Moodlen k\u00e4yt\u00f6ss\u00e4<\/a> (Antti Ronkainen)<br><a href=\"https:\/\/sites.uef.fi\/flippaus\/flippauksen-toteutus\/laitteet-ja-ohjelmistot\/moodle\/#yleissilmays\" data-type=\"URL\" data-id=\"https:\/\/sites.uef.fi\/flippaus\/flippauksen-toteutus\/laitteet-ja-ohjelmistot\/moodle\/#yleissilmays\">Yleissilm\u00e4ys Moodle-kurssipohjan asetuksiin<\/a> (Antti Ronkainen)<br><a href=\"https:\/\/sites.uef.fi\/flippaus\/flippauksen-toteutus\/laitteet-ja-ohjelmistot\/moodle\/#aineistonlisays\">Aineistojen lis\u00e4\u00e4minen kurssipohjalle<\/a> (Antti Ronkainen)<br><a href=\"https:\/\/sites.uef.fi\/flippaus\/flippauksen-toteutus\/laitteet-ja-ohjelmistot\/moodle\/#upottaminen\">Verkkosis\u00e4ll\u00f6n upottaminen kurssipohjalle<\/a> (Antti Ronkainen)<br><a href=\"https:\/\/sites.uef.fi\/flippaus\/flippauksen-toteutus\/laitteet-ja-ohjelmistot\/moodle\/#aktiviteetti\">Aktiviteetin lis\u00e4\u00e4minen kurssipohjalle<\/a> (Antti Ronkainen)<br><a href=\"https:\/\/sites.uef.fi\/flippaus\/flippauksen-toteutus\/laitteet-ja-ohjelmistot\/moodle\/#ulkoasu\">Kurssipohjan ulkoasun muokkausta<\/a> (Antti Ronkainen)<\/p>\n\n\n\n<h5 class=\"wp-block-heading\"><strong>Esimerkkej\u00e4 Moodlen k\u00e4yt\u00f6st\u00e4<\/strong><\/h5>\n\n\n\n<p><a href=\"https:\/\/sites.uef.fi\/flippaus\/flippauksen-toteutus\/laitteet-ja-ohjelmistot\/moodle\/esimerkkeja-moodlen-kaytosta\/#moodleflipesim\">Esimerkki flipatun opintojakson rakenteesta<\/a> (Erkki Pesonen)<br><a href=\"https:\/\/sites.uef.fi\/flippaus\/flippauksen-toteutus\/laitteet-ja-ohjelmistot\/moodle\/esimerkkeja-moodlen-kaytosta\/#esittmoodle\">Esimerkki materiaalin esitt\u00e4mistavoista Moodlessa<\/a> (Erkki Pesonen)<br><a href=\"https:\/\/sites.uef.fi\/flippaus\/flippauksen-toteutus\/laitteet-ja-ohjelmistot\/moodle\/esimerkkeja-moodlen-kaytosta\/#arviointimoodle\">Kurssiarviointien tuominen Moodleen<\/a> (Erkki Pesonen)<\/p>\n\n\n\n<h5 class=\"wp-block-heading\"><strong>Office 365<\/strong><\/h5>\n\n\n\n<p><a href=\"https:\/\/sites.uef.fi\/flippaus\/flippauksen-toteutus\/laitteet-ja-ohjelmistot\/office-365\/#videopp\">Videoita PowerPointilla<\/a> (Pasi Vahimaa)<br><a href=\"https:\/\/sites.uef.fi\/flippaus\/flippauksen-toteutus\/laitteet-ja-ohjelmistot\/office-365\/#forms\">Office Forms opetuksessa<\/a> (Pasi Vahimaa)<br><a href=\"https:\/\/sites.uef.fi\/flippaus\/flippauksen-toteutus\/laitteet-ja-ohjelmistot\/office-365\/#onenote\">OneNote opetuksessa<\/a> (Pasi Vahimaa)<br><a href=\"https:\/\/sites.uef.fi\/flippaus\/flippauksen-toteutus\/laitteet-ja-ohjelmistot\/office-365\/#teams\">Teams opetuksessa<\/a> (Pasi Vahimaa)<br><a href=\"https:\/\/sites.uef.fi\/flippaus\/flippauksen-toteutus\/laitteet-ja-ohjelmistot\/office-365\/#o365flip\">Office 365 flippauksessa<\/a> (Pasi Vahimaa)<\/p>\n\n\n\n<h5 class=\"wp-block-heading\">Adobe Connect<\/h5>\n\n\n\n<p><a href=\"http:\/\/www.uef.fi\/web\/flippaus\/adobe-connect\/#huoneperus\">AC-huoneen perustaminen<\/a> (Antti Ronkainen)<br><a href=\"http:\/\/www.uef.fi\/web\/flippaus\/adobe-connect\/#achall\">AC:n hallintan\u00e4kym\u00e4<\/a> (Antti Ronkainen)<br><a href=\"http:\/\/www.uef.fi\/web\/flippaus\/adobe-connect\/#acaccess\">AC-huoneeseen meneminen<\/a> (Antti Ronkainen)<br><a href=\"http:\/\/www.uef.fi\/web\/flippaus\/adobe-connect\/#acaani\">\u00c4\u00e4niasetukset<\/a> (Antti Ronkainen)<br><a href=\"http:\/\/www.uef.fi\/web\/flippaus\/adobe-connect\/#ackokous\">Kokousvalmistelut<\/a> (Antti Ronkainen)<br><a href=\"http:\/\/www.uef.fi\/web\/flippaus\/adobe-connect\/#acjakaminen\">Sis\u00e4ll\u00f6n jakaminen<\/a> (Antti Ronkainen)<br><a href=\"http:\/\/www.uef.fi\/web\/flippaus\/adobe-connect\/#actall\">Tapaamisen tallentaminen<\/a> (Antti Ronkainen)<br><a href=\"http:\/\/www.uef.fi\/web\/flippaus\/adobe-connect\/#aclahieta\">L\u00e4hi- ja verkko-opetuksen yhdist\u00e4minen<\/a> (Antti Ronkainen)<\/p>\n\n\n\n<h4 class=\"wp-block-heading\">Opiskelijoiden ohjaus ja ohjeistus<\/h4>\n\n\n\n<p><a href=\"http:\/\/sites.uef.fi\/flippaus\/opiskelijoiden-ohjaus-ja-ohjeistus\/#ryhmaohjaus\">Ryhm\u00e4ohjauksen n\u00e4k\u00f6kulmia flippaukseen<\/a> (Leena Penttinen)<br><a href=\"https:\/\/sites.uef.fi\/flippaus\/flippauksen-toteutus\/opiskelijoiden-ohjaus-ja-ohjeistus\/#flipohjaus\">Esimerkkej\u00e4 opiskelijoiden ohjeistuksesta flippauksen pariin ja ohjauksesta opintojakson aikana<\/a> (Lasse Heikkinen)<\/p>\n\n\n\n<h3 class=\"wp-block-heading\"><a href=\"http:\/\/sites.uef.fi\/flippaus\/tekijanoikeudet\">Tekij\u00e4noikeudet<\/a><\/h3>\n\n\n\n<h3 class=\"wp-block-heading\">T\u00e4ydent\u00e4v\u00e4 n\u00e4k\u00f6kulma<\/h3>\n\n\n\n<h4 class=\"wp-block-heading\"><a href=\"https:\/\/sites.uef.fi\/flippaus\/taydentava-nakokulma\/integratiivinen-pedagogiikka\/\">Integratiivinen pedagogiikka<\/a><strong> (P\u00e4ivi Tynj\u00e4l\u00e4)<\/strong><\/h4>\n\n\n\n<h4 class=\"wp-block-heading\">Oppimisymp\u00e4rist\u00f6t<\/h4>\n\n\n\n<p><a href=\"https:\/\/sites.uef.fi\/flippaus\/opetuksen-kehittajalle\/#oppympajattelu\">Oppimisymp\u00e4rist\u00f6ajattelu <\/a>(Jyri Manninen)<br><a href=\"https:\/\/sites.uef.fi\/flippaus\/opetuksen-kehittajalle\/#5nakokulmaa\">Viisi n\u00e4k\u00f6kulmaa oppimisymp\u00e4rist\u00f6ihin<\/a> (Jyri Manninen)<br><a href=\"https:\/\/sites.uef.fi\/flippaus\/opetuksen-kehittajalle\/#didakt\">Didaktiset l\u00e4hestymist<\/a><a href=\"https:\/\/sites.uef.fi\/flippaus\/opetuksen-kehittajalle\/#opympdidakt\">avat<\/a> (Jyri Manninen)<\/p>\n\n\n\n<h4 class=\"wp-block-heading\">K\u00e4\u00e4nteinen oppiminen<\/h4>\n\n\n\n<p><a href=\"https:\/\/sites.uef.fi\/flippaus\/taydentava-nakokulma\/kaanteinen-oppiminen\/#itseohj\">Itseohjautuvuuteen ohjaaminen<\/a> (Marika Toivola)<br><a href=\"https:\/\/sites.uef.fi\/flippaus\/taydentava-nakokulma\/kaanteinen-oppiminen\/#fliparv\">K\u00e4\u00e4nteinen arviointi<\/a> (Marika Toivola)<\/p>\n","protected":false},"excerpt":{"rendered":"<p>Manuaalin sis\u00e4llysluettelo Koska flippausmanuaalin opettajan osio on laaja, on alle koottu sivuston sis\u00e4llysluettelo. Sivuille p\u00e4\u00e4see siirtym\u00e4\u00e4n otsikkoja klikkaamaalla, videoiden yhteyteen on merkitty my\u00f6s tekij\u00e4. Flippausmanuaali eli kuinka k\u00e4\u00e4nt\u00e4\u00e4 opetus? Flippausesittely (Erkko Sointu)Miksi flipata? Johdantoa flippaukseen (Erkko Sointu)TPACK ja Flipped Classroom (Teemu Valtonen)Opiskelijal\u00e4ht\u00f6inen opetus k\u00e4\u00e4nteisen luokkahuoneen kontekstissa (Laura Hirsto)Muuttuvat k\u00e4sitykset arvioinnista: Arviointi flippauksessa, osa 1 (P\u00e4ivi &hellip; <\/p>\n<p class=\"link-more\"><a href=\"https:\/\/sites.uef.fi\/flippaus\/sisallys\/\" class=\"more-link\">Jatka lukemista<span class=\"screen-reader-text\"> &#8221;Sis\u00e4llys&#8221;<\/span><\/a><\/p>\n","protected":false},"author":176,"featured_media":0,"parent":0,"menu_order":0,"comment_status":"closed","ping_status":"closed","template":"","meta":{"_acf_changed":false,"_monsterinsights_skip_tracking":false,"_monsterinsights_sitenote_active":false,"_monsterinsights_sitenote_note":"","_monsterinsights_sitenote_category":0,"footnotes":""},"class_list":["post-1158","page","type-page","status-publish","hentry"],"acf":[],"yoast_head":"<!-- This site is optimized with the Yoast SEO plugin v27.1.1 - https:\/\/yoast.com\/product\/yoast-seo-wordpress\/ -->\n<title>Sis\u00e4llys - Flipped Learning<\/title>\n<meta name=\"robots\" content=\"index, follow, max-snippet:-1, max-image-preview:large, max-video-preview:-1\" \/>\n<link rel=\"canonical\" href=\"https:\/\/sites.uef.fi\/flippaus\/sisallys\/\" \/>\n<meta property=\"og:locale\" content=\"fi_FI\" \/>\n<meta property=\"og:type\" content=\"article\" \/>\n<meta property=\"og:title\" content=\"Sis\u00e4llys - Flipped Learning\" \/>\n<meta property=\"og:description\" content=\"Manuaalin sis\u00e4llysluettelo Koska flippausmanuaalin opettajan osio on laaja, on alle koottu sivuston sis\u00e4llysluettelo. Sivuille p\u00e4\u00e4see siirtym\u00e4\u00e4n otsikkoja klikkaamaalla, videoiden yhteyteen on merkitty my\u00f6s tekij\u00e4. Flippausmanuaali eli kuinka k\u00e4\u00e4nt\u00e4\u00e4 opetus? Flippausesittely (Erkko Sointu)Miksi flipata? Johdantoa flippaukseen (Erkko Sointu)TPACK ja Flipped Classroom (Teemu Valtonen)Opiskelijal\u00e4ht\u00f6inen opetus k\u00e4\u00e4nteisen luokkahuoneen kontekstissa (Laura Hirsto)Muuttuvat k\u00e4sitykset arvioinnista: Arviointi flippauksessa, osa 1 (P\u00e4ivi &hellip; Jatka lukemista &quot;Sis\u00e4llys&quot;\" \/>\n<meta property=\"og:url\" content=\"https:\/\/sites.uef.fi\/flippaus\/sisallys\/\" \/>\n<meta property=\"og:site_name\" content=\"Flipped Learning\" \/>\n<meta property=\"article:modified_time\" content=\"2020-12-17T11:27:29+00:00\" \/>\n<meta name=\"twitter:card\" content=\"summary_large_image\" \/>\n<meta name=\"twitter:label1\" content=\"Arvioitu lukuaika\" \/>\n\t<meta name=\"twitter:data1\" content=\"3 minuuttia\" \/>\n<script type=\"application\/ld+json\" class=\"yoast-schema-graph\">{\"@context\":\"https:\/\/schema.org\",\"@graph\":[{\"@type\":\"WebPage\",\"@id\":\"https:\/\/sites.uef.fi\/flippaus\/sisallys\/\",\"url\":\"https:\/\/sites.uef.fi\/flippaus\/sisallys\/\",\"name\":\"Sis\u00e4llys - Flipped Learning\",\"isPartOf\":{\"@id\":\"https:\/\/sites.uef.fi\/flippaus\/#website\"},\"datePublished\":\"2020-08-07T14:39:01+00:00\",\"dateModified\":\"2020-12-17T11:27:29+00:00\",\"breadcrumb\":{\"@id\":\"https:\/\/sites.uef.fi\/flippaus\/sisallys\/#breadcrumb\"},\"inLanguage\":\"fi\",\"potentialAction\":[{\"@type\":\"ReadAction\",\"target\":[\"https:\/\/sites.uef.fi\/flippaus\/sisallys\/\"]}]},{\"@type\":\"BreadcrumbList\",\"@id\":\"https:\/\/sites.uef.fi\/flippaus\/sisallys\/#breadcrumb\",\"itemListElement\":[{\"@type\":\"ListItem\",\"position\":1,\"name\":\"Home\",\"item\":\"https:\/\/sites.uef.fi\/flippaus\/\"},{\"@type\":\"ListItem\",\"position\":2,\"name\":\"Sis\u00e4llys\"}]},{\"@type\":\"WebSite\",\"@id\":\"https:\/\/sites.uef.fi\/flippaus\/#website\",\"url\":\"https:\/\/sites.uef.fi\/flippaus\/\",\"name\":\"Flipped Learning\",\"description\":\"\",\"publisher\":{\"@id\":\"https:\/\/sites.uef.fi\/flippaus\/#organization\"},\"potentialAction\":[{\"@type\":\"SearchAction\",\"target\":{\"@type\":\"EntryPoint\",\"urlTemplate\":\"https:\/\/sites.uef.fi\/flippaus\/?s={search_term_string}\"},\"query-input\":{\"@type\":\"PropertyValueSpecification\",\"valueRequired\":true,\"valueName\":\"search_term_string\"}}],\"inLanguage\":\"fi\"},{\"@type\":\"Organization\",\"@id\":\"https:\/\/sites.uef.fi\/flippaus\/#organization\",\"name\":\"Flipped Learning\",\"url\":\"https:\/\/sites.uef.fi\/flippaus\/\",\"logo\":{\"@type\":\"ImageObject\",\"inLanguage\":\"fi\",\"@id\":\"https:\/\/sites.uef.fi\/flippaus\/#\/schema\/logo\/image\/\",\"url\":\"https:\/\/sites.uef.fi\/flippaus\/wp-content\/uploads\/sites\/83\/2020\/05\/cropped-UEF_wordpress_white.png\",\"contentUrl\":\"https:\/\/sites.uef.fi\/flippaus\/wp-content\/uploads\/sites\/83\/2020\/05\/cropped-UEF_wordpress_white.png\",\"width\":250,\"height\":250,\"caption\":\"Flipped Learning\"},\"image\":{\"@id\":\"https:\/\/sites.uef.fi\/flippaus\/#\/schema\/logo\/image\/\"}}]}<\/script>\n<!-- \/ Yoast SEO plugin. -->","yoast_head_json":{"title":"Sis\u00e4llys - Flipped Learning","robots":{"index":"index","follow":"follow","max-snippet":"max-snippet:-1","max-image-preview":"max-image-preview:large","max-video-preview":"max-video-preview:-1"},"canonical":"https:\/\/sites.uef.fi\/flippaus\/sisallys\/","og_locale":"fi_FI","og_type":"article","og_title":"Sis\u00e4llys - Flipped Learning","og_description":"Manuaalin sis\u00e4llysluettelo Koska flippausmanuaalin opettajan osio on laaja, on alle koottu sivuston sis\u00e4llysluettelo. Sivuille p\u00e4\u00e4see siirtym\u00e4\u00e4n otsikkoja klikkaamaalla, videoiden yhteyteen on merkitty my\u00f6s tekij\u00e4. Flippausmanuaali eli kuinka k\u00e4\u00e4nt\u00e4\u00e4 opetus? Flippausesittely (Erkko Sointu)Miksi flipata? Johdantoa flippaukseen (Erkko Sointu)TPACK ja Flipped Classroom (Teemu Valtonen)Opiskelijal\u00e4ht\u00f6inen opetus k\u00e4\u00e4nteisen luokkahuoneen kontekstissa (Laura Hirsto)Muuttuvat k\u00e4sitykset arvioinnista: Arviointi flippauksessa, osa 1 (P\u00e4ivi &hellip; Jatka lukemista \"Sis\u00e4llys\"","og_url":"https:\/\/sites.uef.fi\/flippaus\/sisallys\/","og_site_name":"Flipped Learning","article_modified_time":"2020-12-17T11:27:29+00:00","twitter_card":"summary_large_image","twitter_misc":{"Arvioitu lukuaika":"3 minuuttia"},"schema":{"@context":"https:\/\/schema.org","@graph":[{"@type":"WebPage","@id":"https:\/\/sites.uef.fi\/flippaus\/sisallys\/","url":"https:\/\/sites.uef.fi\/flippaus\/sisallys\/","name":"Sis\u00e4llys - Flipped Learning","isPartOf":{"@id":"https:\/\/sites.uef.fi\/flippaus\/#website"},"datePublished":"2020-08-07T14:39:01+00:00","dateModified":"2020-12-17T11:27:29+00:00","breadcrumb":{"@id":"https:\/\/sites.uef.fi\/flippaus\/sisallys\/#breadcrumb"},"inLanguage":"fi","potentialAction":[{"@type":"ReadAction","target":["https:\/\/sites.uef.fi\/flippaus\/sisallys\/"]}]},{"@type":"BreadcrumbList","@id":"https:\/\/sites.uef.fi\/flippaus\/sisallys\/#breadcrumb","itemListElement":[{"@type":"ListItem","position":1,"name":"Home","item":"https:\/\/sites.uef.fi\/flippaus\/"},{"@type":"ListItem","position":2,"name":"Sis\u00e4llys"}]},{"@type":"WebSite","@id":"https:\/\/sites.uef.fi\/flippaus\/#website","url":"https:\/\/sites.uef.fi\/flippaus\/","name":"Flipped Learning","description":"","publisher":{"@id":"https:\/\/sites.uef.fi\/flippaus\/#organization"},"potentialAction":[{"@type":"SearchAction","target":{"@type":"EntryPoint","urlTemplate":"https:\/\/sites.uef.fi\/flippaus\/?s={search_term_string}"},"query-input":{"@type":"PropertyValueSpecification","valueRequired":true,"valueName":"search_term_string"}}],"inLanguage":"fi"},{"@type":"Organization","@id":"https:\/\/sites.uef.fi\/flippaus\/#organization","name":"Flipped Learning","url":"https:\/\/sites.uef.fi\/flippaus\/","logo":{"@type":"ImageObject","inLanguage":"fi","@id":"https:\/\/sites.uef.fi\/flippaus\/#\/schema\/logo\/image\/","url":"https:\/\/sites.uef.fi\/flippaus\/wp-content\/uploads\/sites\/83\/2020\/05\/cropped-UEF_wordpress_white.png","contentUrl":"https:\/\/sites.uef.fi\/flippaus\/wp-content\/uploads\/sites\/83\/2020\/05\/cropped-UEF_wordpress_white.png","width":250,"height":250,"caption":"Flipped Learning"},"image":{"@id":"https:\/\/sites.uef.fi\/flippaus\/#\/schema\/logo\/image\/"}}]}},"_links":{"self":[{"href":"https:\/\/sites.uef.fi\/flippaus\/wp-json\/wp\/v2\/pages\/1158","targetHints":{"allow":["GET"]}}],"collection":[{"href":"https:\/\/sites.uef.fi\/flippaus\/wp-json\/wp\/v2\/pages"}],"about":[{"href":"https:\/\/sites.uef.fi\/flippaus\/wp-json\/wp\/v2\/types\/page"}],"author":[{"embeddable":true,"href":"https:\/\/sites.uef.fi\/flippaus\/wp-json\/wp\/v2\/users\/176"}],"replies":[{"embeddable":true,"href":"https:\/\/sites.uef.fi\/flippaus\/wp-json\/wp\/v2\/comments?post=1158"}],"version-history":[{"count":1,"href":"https:\/\/sites.uef.fi\/flippaus\/wp-json\/wp\/v2\/pages\/1158\/revisions"}],"predecessor-version":[{"id":2893,"href":"https:\/\/sites.uef.fi\/flippaus\/wp-json\/wp\/v2\/pages\/1158\/revisions\/2893"}],"wp:attachment":[{"href":"https:\/\/sites.uef.fi\/flippaus\/wp-json\/wp\/v2\/media?parent=1158"}],"curies":[{"name":"wp","href":"https:\/\/api.w.org\/{rel}","templated":true}]}}