{"id":1807,"date":"2020-11-13T19:27:23","date_gmt":"2020-11-13T17:27:23","guid":{"rendered":"https:\/\/sites.uef.fi\/flippaus\/?page_id=1807"},"modified":"2023-10-31T09:20:10","modified_gmt":"2023-10-31T07:20:10","slug":"integratiivinen-pedagogiikka","status":"publish","type":"page","link":"https:\/\/sites.uef.fi\/flippaus\/taydentava-nakokulma\/integratiivinen-pedagogiikka\/","title":{"rendered":"Integratiivinen pedagogiikka"},"content":{"rendered":"\n<h1 class=\"wp-block-heading\">Integratiivinen pedagogiikka<\/h1>\n\n\n\n<p>Opintojaksoa suunniteltaessa kannattaa pohtia opiskelijoiden osaamisen ja asiantuntijuuden kehittymist\u00e4. Integratiivisessa pedagogiikassa on kyse erilaisisten asiantuntijuuden elementtien yhdist\u00e4misest\u00e4 oppimisen ja ty\u00f6skentelyn aikana, esimerkiksi k\u00e4yt\u00e4nn\u00f6n harjoitusten avulla tai soveltamalla teoreettista tietoa k\u00e4yt\u00e4nt\u00f6\u00f6n. Integratiivinen pedagogiikka ei itsess\u00e4\u00e4n ole menetelm\u00e4, vaan pedagoginen malli, jota sovellettaessa voidaan hy\u00f6dynt\u00e4\u00e4 monenlaisia eri menetelmi\u00e4. Videolla (kesto 26:53) professori P\u00e4ivi Tynj\u00e4l\u00e4 Koulutuksen tutkimuslaitokselta, Jyv\u00e4skyl\u00e4n yliopistosta, kertoo asiantuntijuuden rakentumisesta ja integratiivisesta pedagogiikasta.<\/p>\n\n\n<iframe loading=\"lazy\" src=\"https:\/\/uef.cloud.panopto.eu\/Panopto\/Pages\/Embed.aspx?id=6a9b2c06-97bb-464e-9390-b06700cd7016&autoplay=false&offerviewer=false&showtitle=false&showbrand=false&captions=false&interactivity=none\" height=\"375\" width=\"500\" style=\"border: 1px solid #464646;\" allowfullscreen allow=\"autoplay\" aria-label=\"Panopto Embedded Video Player\"><\/iframe>\n","protected":false},"excerpt":{"rendered":"<p>Integratiivinen pedagogiikka Opintojaksoa suunniteltaessa kannattaa pohtia opiskelijoiden osaamisen ja asiantuntijuuden kehittymist\u00e4. Integratiivisessa pedagogiikassa on kyse erilaisisten asiantuntijuuden elementtien yhdist\u00e4misest\u00e4 oppimisen ja ty\u00f6skentelyn aikana, esimerkiksi k\u00e4yt\u00e4nn\u00f6n harjoitusten avulla tai soveltamalla teoreettista tietoa k\u00e4yt\u00e4nt\u00f6\u00f6n. Integratiivinen pedagogiikka ei itsess\u00e4\u00e4n ole menetelm\u00e4, vaan pedagoginen malli, jota sovellettaessa voidaan hy\u00f6dynt\u00e4\u00e4 monenlaisia eri menetelmi\u00e4. Videolla (kesto 26:53) professori P\u00e4ivi Tynj\u00e4l\u00e4 Koulutuksen &hellip; <\/p>\n<p class=\"link-more\"><a href=\"https:\/\/sites.uef.fi\/flippaus\/taydentava-nakokulma\/integratiivinen-pedagogiikka\/\" class=\"more-link\">Jatka lukemista<span class=\"screen-reader-text\"> &#8221;Integratiivinen pedagogiikka&#8221;<\/span><\/a><\/p>\n","protected":false},"author":176,"featured_media":0,"parent":1759,"menu_order":0,"comment_status":"closed","ping_status":"closed","template":"","meta":{"_acf_changed":false,"_monsterinsights_skip_tracking":false,"_monsterinsights_sitenote_active":false,"_monsterinsights_sitenote_note":"","_monsterinsights_sitenote_category":0,"footnotes":""},"class_list":["post-1807","page","type-page","status-publish","hentry"],"acf":[],"yoast_head":"<!-- This site is optimized with the Yoast SEO plugin v27.1.1 - https:\/\/yoast.com\/product\/yoast-seo-wordpress\/ -->\n<title>Integratiivinen pedagogiikka - Flipped Learning<\/title>\n<meta name=\"robots\" content=\"index, follow, max-snippet:-1, max-image-preview:large, max-video-preview:-1\" \/>\n<link rel=\"canonical\" href=\"https:\/\/sites.uef.fi\/flippaus\/taydentava-nakokulma\/integratiivinen-pedagogiikka\/\" \/>\n<meta property=\"og:locale\" content=\"fi_FI\" \/>\n<meta property=\"og:type\" content=\"article\" \/>\n<meta property=\"og:title\" content=\"Integratiivinen pedagogiikka - Flipped Learning\" \/>\n<meta property=\"og:description\" content=\"Integratiivinen pedagogiikka Opintojaksoa suunniteltaessa kannattaa pohtia opiskelijoiden osaamisen ja asiantuntijuuden kehittymist\u00e4. Integratiivisessa pedagogiikassa on kyse erilaisisten asiantuntijuuden elementtien yhdist\u00e4misest\u00e4 oppimisen ja ty\u00f6skentelyn aikana, esimerkiksi k\u00e4yt\u00e4nn\u00f6n harjoitusten avulla tai soveltamalla teoreettista tietoa k\u00e4yt\u00e4nt\u00f6\u00f6n. Integratiivinen pedagogiikka ei itsess\u00e4\u00e4n ole menetelm\u00e4, vaan pedagoginen malli, jota sovellettaessa voidaan hy\u00f6dynt\u00e4\u00e4 monenlaisia eri menetelmi\u00e4. Videolla (kesto 26:53) professori P\u00e4ivi Tynj\u00e4l\u00e4 Koulutuksen &hellip; Jatka lukemista &quot;Integratiivinen pedagogiikka&quot;\" \/>\n<meta property=\"og:url\" content=\"https:\/\/sites.uef.fi\/flippaus\/taydentava-nakokulma\/integratiivinen-pedagogiikka\/\" \/>\n<meta property=\"og:site_name\" content=\"Flipped Learning\" \/>\n<meta property=\"article:modified_time\" content=\"2023-10-31T07:20:10+00:00\" \/>\n<meta name=\"twitter:card\" content=\"summary_large_image\" \/>\n<meta name=\"twitter:label1\" content=\"Arvioitu lukuaika\" \/>\n\t<meta name=\"twitter:data1\" content=\"1 minuutti\" \/>\n<script type=\"application\/ld+json\" class=\"yoast-schema-graph\">{\"@context\":\"https:\/\/schema.org\",\"@graph\":[{\"@type\":\"WebPage\",\"@id\":\"https:\/\/sites.uef.fi\/flippaus\/taydentava-nakokulma\/integratiivinen-pedagogiikka\/\",\"url\":\"https:\/\/sites.uef.fi\/flippaus\/taydentava-nakokulma\/integratiivinen-pedagogiikka\/\",\"name\":\"Integratiivinen pedagogiikka - Flipped Learning\",\"isPartOf\":{\"@id\":\"https:\/\/sites.uef.fi\/flippaus\/#website\"},\"datePublished\":\"2020-11-13T17:27:23+00:00\",\"dateModified\":\"2023-10-31T07:20:10+00:00\",\"breadcrumb\":{\"@id\":\"https:\/\/sites.uef.fi\/flippaus\/taydentava-nakokulma\/integratiivinen-pedagogiikka\/#breadcrumb\"},\"inLanguage\":\"fi\",\"potentialAction\":[{\"@type\":\"ReadAction\",\"target\":[\"https:\/\/sites.uef.fi\/flippaus\/taydentava-nakokulma\/integratiivinen-pedagogiikka\/\"]}]},{\"@type\":\"BreadcrumbList\",\"@id\":\"https:\/\/sites.uef.fi\/flippaus\/taydentava-nakokulma\/integratiivinen-pedagogiikka\/#breadcrumb\",\"itemListElement\":[{\"@type\":\"ListItem\",\"position\":1,\"name\":\"Home\",\"item\":\"https:\/\/sites.uef.fi\/flippaus\/\"},{\"@type\":\"ListItem\",\"position\":2,\"name\":\"T\u00e4ydent\u00e4v\u00e4 n\u00e4k\u00f6kulma\",\"item\":\"https:\/\/sites.uef.fi\/flippaus\/taydentava-nakokulma\/\"},{\"@type\":\"ListItem\",\"position\":3,\"name\":\"Integratiivinen pedagogiikka\"}]},{\"@type\":\"WebSite\",\"@id\":\"https:\/\/sites.uef.fi\/flippaus\/#website\",\"url\":\"https:\/\/sites.uef.fi\/flippaus\/\",\"name\":\"Flipped Learning\",\"description\":\"\",\"publisher\":{\"@id\":\"https:\/\/sites.uef.fi\/flippaus\/#organization\"},\"potentialAction\":[{\"@type\":\"SearchAction\",\"target\":{\"@type\":\"EntryPoint\",\"urlTemplate\":\"https:\/\/sites.uef.fi\/flippaus\/?s={search_term_string}\"},\"query-input\":{\"@type\":\"PropertyValueSpecification\",\"valueRequired\":true,\"valueName\":\"search_term_string\"}}],\"inLanguage\":\"fi\"},{\"@type\":\"Organization\",\"@id\":\"https:\/\/sites.uef.fi\/flippaus\/#organization\",\"name\":\"Flipped Learning\",\"url\":\"https:\/\/sites.uef.fi\/flippaus\/\",\"logo\":{\"@type\":\"ImageObject\",\"inLanguage\":\"fi\",\"@id\":\"https:\/\/sites.uef.fi\/flippaus\/#\/schema\/logo\/image\/\",\"url\":\"https:\/\/sites.uef.fi\/flippaus\/wp-content\/uploads\/sites\/83\/2020\/05\/cropped-UEF_wordpress_white.png\",\"contentUrl\":\"https:\/\/sites.uef.fi\/flippaus\/wp-content\/uploads\/sites\/83\/2020\/05\/cropped-UEF_wordpress_white.png\",\"width\":250,\"height\":250,\"caption\":\"Flipped Learning\"},\"image\":{\"@id\":\"https:\/\/sites.uef.fi\/flippaus\/#\/schema\/logo\/image\/\"}}]}<\/script>\n<!-- \/ Yoast SEO plugin. -->","yoast_head_json":{"title":"Integratiivinen pedagogiikka - Flipped Learning","robots":{"index":"index","follow":"follow","max-snippet":"max-snippet:-1","max-image-preview":"max-image-preview:large","max-video-preview":"max-video-preview:-1"},"canonical":"https:\/\/sites.uef.fi\/flippaus\/taydentava-nakokulma\/integratiivinen-pedagogiikka\/","og_locale":"fi_FI","og_type":"article","og_title":"Integratiivinen pedagogiikka - Flipped Learning","og_description":"Integratiivinen pedagogiikka Opintojaksoa suunniteltaessa kannattaa pohtia opiskelijoiden osaamisen ja asiantuntijuuden kehittymist\u00e4. Integratiivisessa pedagogiikassa on kyse erilaisisten asiantuntijuuden elementtien yhdist\u00e4misest\u00e4 oppimisen ja ty\u00f6skentelyn aikana, esimerkiksi k\u00e4yt\u00e4nn\u00f6n harjoitusten avulla tai soveltamalla teoreettista tietoa k\u00e4yt\u00e4nt\u00f6\u00f6n. Integratiivinen pedagogiikka ei itsess\u00e4\u00e4n ole menetelm\u00e4, vaan pedagoginen malli, jota sovellettaessa voidaan hy\u00f6dynt\u00e4\u00e4 monenlaisia eri menetelmi\u00e4. Videolla (kesto 26:53) professori P\u00e4ivi Tynj\u00e4l\u00e4 Koulutuksen &hellip; Jatka lukemista \"Integratiivinen pedagogiikka\"","og_url":"https:\/\/sites.uef.fi\/flippaus\/taydentava-nakokulma\/integratiivinen-pedagogiikka\/","og_site_name":"Flipped Learning","article_modified_time":"2023-10-31T07:20:10+00:00","twitter_card":"summary_large_image","twitter_misc":{"Arvioitu lukuaika":"1 minuutti"},"schema":{"@context":"https:\/\/schema.org","@graph":[{"@type":"WebPage","@id":"https:\/\/sites.uef.fi\/flippaus\/taydentava-nakokulma\/integratiivinen-pedagogiikka\/","url":"https:\/\/sites.uef.fi\/flippaus\/taydentava-nakokulma\/integratiivinen-pedagogiikka\/","name":"Integratiivinen pedagogiikka - Flipped Learning","isPartOf":{"@id":"https:\/\/sites.uef.fi\/flippaus\/#website"},"datePublished":"2020-11-13T17:27:23+00:00","dateModified":"2023-10-31T07:20:10+00:00","breadcrumb":{"@id":"https:\/\/sites.uef.fi\/flippaus\/taydentava-nakokulma\/integratiivinen-pedagogiikka\/#breadcrumb"},"inLanguage":"fi","potentialAction":[{"@type":"ReadAction","target":["https:\/\/sites.uef.fi\/flippaus\/taydentava-nakokulma\/integratiivinen-pedagogiikka\/"]}]},{"@type":"BreadcrumbList","@id":"https:\/\/sites.uef.fi\/flippaus\/taydentava-nakokulma\/integratiivinen-pedagogiikka\/#breadcrumb","itemListElement":[{"@type":"ListItem","position":1,"name":"Home","item":"https:\/\/sites.uef.fi\/flippaus\/"},{"@type":"ListItem","position":2,"name":"T\u00e4ydent\u00e4v\u00e4 n\u00e4k\u00f6kulma","item":"https:\/\/sites.uef.fi\/flippaus\/taydentava-nakokulma\/"},{"@type":"ListItem","position":3,"name":"Integratiivinen pedagogiikka"}]},{"@type":"WebSite","@id":"https:\/\/sites.uef.fi\/flippaus\/#website","url":"https:\/\/sites.uef.fi\/flippaus\/","name":"Flipped Learning","description":"","publisher":{"@id":"https:\/\/sites.uef.fi\/flippaus\/#organization"},"potentialAction":[{"@type":"SearchAction","target":{"@type":"EntryPoint","urlTemplate":"https:\/\/sites.uef.fi\/flippaus\/?s={search_term_string}"},"query-input":{"@type":"PropertyValueSpecification","valueRequired":true,"valueName":"search_term_string"}}],"inLanguage":"fi"},{"@type":"Organization","@id":"https:\/\/sites.uef.fi\/flippaus\/#organization","name":"Flipped Learning","url":"https:\/\/sites.uef.fi\/flippaus\/","logo":{"@type":"ImageObject","inLanguage":"fi","@id":"https:\/\/sites.uef.fi\/flippaus\/#\/schema\/logo\/image\/","url":"https:\/\/sites.uef.fi\/flippaus\/wp-content\/uploads\/sites\/83\/2020\/05\/cropped-UEF_wordpress_white.png","contentUrl":"https:\/\/sites.uef.fi\/flippaus\/wp-content\/uploads\/sites\/83\/2020\/05\/cropped-UEF_wordpress_white.png","width":250,"height":250,"caption":"Flipped Learning"},"image":{"@id":"https:\/\/sites.uef.fi\/flippaus\/#\/schema\/logo\/image\/"}}]}},"_links":{"self":[{"href":"https:\/\/sites.uef.fi\/flippaus\/wp-json\/wp\/v2\/pages\/1807","targetHints":{"allow":["GET"]}}],"collection":[{"href":"https:\/\/sites.uef.fi\/flippaus\/wp-json\/wp\/v2\/pages"}],"about":[{"href":"https:\/\/sites.uef.fi\/flippaus\/wp-json\/wp\/v2\/types\/page"}],"author":[{"embeddable":true,"href":"https:\/\/sites.uef.fi\/flippaus\/wp-json\/wp\/v2\/users\/176"}],"replies":[{"embeddable":true,"href":"https:\/\/sites.uef.fi\/flippaus\/wp-json\/wp\/v2\/comments?post=1807"}],"version-history":[{"count":2,"href":"https:\/\/sites.uef.fi\/flippaus\/wp-json\/wp\/v2\/pages\/1807\/revisions"}],"predecessor-version":[{"id":3445,"href":"https:\/\/sites.uef.fi\/flippaus\/wp-json\/wp\/v2\/pages\/1807\/revisions\/3445"}],"up":[{"embeddable":true,"href":"https:\/\/sites.uef.fi\/flippaus\/wp-json\/wp\/v2\/pages\/1759"}],"wp:attachment":[{"href":"https:\/\/sites.uef.fi\/flippaus\/wp-json\/wp\/v2\/media?parent=1807"}],"curies":[{"name":"wp","href":"https:\/\/api.w.org\/{rel}","templated":true}]}}