{"id":1819,"date":"2020-11-13T19:34:40","date_gmt":"2020-11-13T17:34:40","guid":{"rendered":"https:\/\/sites.uef.fi\/flippaus\/?page_id=1819"},"modified":"2020-12-17T15:47:42","modified_gmt":"2020-12-17T13:47:42","slug":"fera2019-digipeda","status":"publish","type":"page","link":"https:\/\/sites.uef.fi\/flippaus\/flippedlearning\/fera2019-digipeda\/","title":{"rendered":"FERA 2019 pre-conference"},"content":{"rendered":"\n<h1 class=\"wp-block-heading\" id=\"yui_patched_v3_11_0_1_1608111415018_484\">Enhancing digi-pedagogical skills of higher education staff and change of learning environments \/\/ Korkeakoulujen henkil\u00f6st\u00f6n digipedagogisen osaamisen vahvistaminen ja oppimisymp\u00e4rist\u00f6jen muutos<\/h1>\n\n\n\n<p><strong>Nov 20, 2019, Sokos Hotel Kimmel, Joensuu, Finland<\/strong><\/p>\n\n\n\n<p>To facilitate meeting the requirements of 21st century student-centered learning, it is important to strengthen higher education teachers&#8217; digi-pedagogical skills. This includes the development of pedagogical thinking, technical infrastructures and learning environments. Importantly, any development needs to be based on rigorous assessment and research. FERA pre-conference was arranged on November 20, 2019 in Joensuu, and it explored and outlined a wide array of research and practices around digi-pedagogical learning. <a href=\"https:\/\/sites.uef.fi\/flippaus\/flippedlearning\/fera2019-digipeda\/programme\/\">The program<\/a> included invited presentations by professor <strong>Mien Segers<\/strong> (University of Maastricht) and distinguished researcher <strong>Filip Dochy<\/strong>. UEF DigiPeda (i.e. Flipped Learning) project was responsible for arranging the pre-conference as part of the Finnish Ministry of Education and Culture funded key development project.\u00a0<\/p>\n\n\n\n<p id=\"yui_patched_v3_11_0_1_1608118310613_455\">Additionally, a special issue, <a rel=\"noreferrer noopener\" href=\"https:\/\/ijlter.org\/index.php\/ijlter\/issue\/view\/77\" target=\"_blank\">Transforming Higher Education Teaching and Learning Environments<\/a>, was published in the <em>International Journal of Learning, Teaching and Educational Research<\/em> (Vol. 18, No. 13, December 2019). Submissions recognizing the topics of the Special Issue and the FERA 2019 pre-conference theme, as well as other topics regarding the development of digital teaching and supervision environments and skills in higher education, were welcome. Novel approaches to digi-pedagogical research and practices are welcomed. Despite having thematic similarities with the pre-conference, submission and publication of a manuscript did not require attendance or a presentation in the seminar.<\/p>\n\n\n\n<h2 class=\"wp-block-heading\">Pre-conference persons in charge and guest editors of the special issue<\/h2>\n\n\n\n<p>Erkko Sointu, University of Eastern Finland (UEF), erkko.sointu (at) uef.fi<\/p>\n\n\n\n<p>Laura Hirsto, University of Eastern Finland<\/p>\n\n\n\n<p>Mari Murtonen, University of Turku<\/p>\n\n\n\n<h2 class=\"wp-block-heading\">Pre-conference was organized by Flipped Learning and Verme<sup>2<\/sup> (peer mentoring) projects, which were funded by the Finnish Ministry of Education and Culture:<\/h2>\n\n\n\n<figure class=\"wp-block-image size-full is-resized\"><img loading=\"lazy\" decoding=\"async\" src=\"https:\/\/sites.uef.fi\/flippaus\/wp-content\/uploads\/sites\/83\/2020\/12\/flipme2.png\" alt=\"\" class=\"wp-image-2655\" width=\"592\" height=\"97\" srcset=\"https:\/\/sites.uef.fi\/flippaus\/wp-content\/uploads\/sites\/83\/2020\/12\/flipme2.png 1183w, https:\/\/sites.uef.fi\/flippaus\/wp-content\/uploads\/sites\/83\/2020\/12\/flipme2-300x49.png 300w, https:\/\/sites.uef.fi\/flippaus\/wp-content\/uploads\/sites\/83\/2020\/12\/flipme2-1024x168.png 1024w, https:\/\/sites.uef.fi\/flippaus\/wp-content\/uploads\/sites\/83\/2020\/12\/flipme2-768x126.png 768w\" sizes=\"auto, (max-width: 592px) 100vw, 592px\" \/><\/figure>\n\n\n\n<figure class=\"wp-block-image size-full is-resized\"><img loading=\"lazy\" decoding=\"async\" src=\"https:\/\/sites.uef.fi\/flippaus\/wp-content\/uploads\/sites\/83\/2020\/12\/MineduKey.png\" alt=\"\" class=\"wp-image-2637\" width=\"608\" height=\"152\" srcset=\"https:\/\/sites.uef.fi\/flippaus\/wp-content\/uploads\/sites\/83\/2020\/12\/MineduKey.png 810w, https:\/\/sites.uef.fi\/flippaus\/wp-content\/uploads\/sites\/83\/2020\/12\/MineduKey-300x75.png 300w, https:\/\/sites.uef.fi\/flippaus\/wp-content\/uploads\/sites\/83\/2020\/12\/MineduKey-768x192.png 768w\" sizes=\"auto, (max-width: 608px) 100vw, 608px\" \/><\/figure>\n","protected":false},"excerpt":{"rendered":"<p>Enhancing digi-pedagogical skills of higher education staff and change of learning environments \/\/ Korkeakoulujen henkil\u00f6st\u00f6n digipedagogisen osaamisen vahvistaminen ja oppimisymp\u00e4rist\u00f6jen muutos Nov 20, 2019, Sokos Hotel Kimmel, Joensuu, Finland To facilitate meeting the requirements of 21st century student-centered learning, it is important to strengthen higher education teachers&#8217; digi-pedagogical skills. This includes the development of pedagogical &hellip; <\/p>\n<p class=\"link-more\"><a href=\"https:\/\/sites.uef.fi\/flippaus\/flippedlearning\/fera2019-digipeda\/\" class=\"more-link\">Jatka lukemista<span class=\"screen-reader-text\"> &#8221;FERA 2019 pre-conference&#8221;<\/span><\/a><\/p>\n","protected":false},"author":176,"featured_media":0,"parent":1058,"menu_order":0,"comment_status":"closed","ping_status":"closed","template":"","meta":{"_acf_changed":false,"_monsterinsights_skip_tracking":false,"_monsterinsights_sitenote_active":false,"_monsterinsights_sitenote_note":"","_monsterinsights_sitenote_category":0,"footnotes":""},"class_list":["post-1819","page","type-page","status-publish","hentry"],"acf":[],"yoast_head":"<!-- This site is optimized with the Yoast SEO plugin v27.1.1 - https:\/\/yoast.com\/product\/yoast-seo-wordpress\/ -->\n<title>FERA 2019 pre-conference - Flipped Learning<\/title>\n<meta name=\"robots\" content=\"index, follow, max-snippet:-1, max-image-preview:large, max-video-preview:-1\" \/>\n<link rel=\"canonical\" href=\"https:\/\/sites.uef.fi\/flippaus\/flippedlearning\/fera2019-digipeda\/\" \/>\n<meta property=\"og:locale\" content=\"fi_FI\" \/>\n<meta property=\"og:type\" content=\"article\" \/>\n<meta property=\"og:title\" content=\"FERA 2019 pre-conference - Flipped Learning\" \/>\n<meta property=\"og:description\" content=\"Enhancing digi-pedagogical skills of higher education staff and change of learning environments \/\/ Korkeakoulujen henkil\u00f6st\u00f6n digipedagogisen osaamisen vahvistaminen ja oppimisymp\u00e4rist\u00f6jen muutos Nov 20, 2019, Sokos Hotel Kimmel, Joensuu, Finland To facilitate meeting the requirements of 21st century student-centered learning, it is important to strengthen higher education teachers&#8217; digi-pedagogical skills. This includes the development of pedagogical &hellip; Jatka lukemista &quot;FERA 2019 pre-conference&quot;\" \/>\n<meta property=\"og:url\" content=\"https:\/\/sites.uef.fi\/flippaus\/flippedlearning\/fera2019-digipeda\/\" \/>\n<meta property=\"og:site_name\" content=\"Flipped Learning\" \/>\n<meta property=\"article:modified_time\" content=\"2020-12-17T13:47:42+00:00\" \/>\n<meta property=\"og:image\" content=\"https:\/\/sites.uef.fi\/flippaus\/wp-content\/uploads\/sites\/83\/2020\/12\/flipme2.png\" \/>\n<meta name=\"twitter:card\" content=\"summary_large_image\" \/>\n<meta name=\"twitter:label1\" content=\"Arvioitu lukuaika\" \/>\n\t<meta name=\"twitter:data1\" content=\"1 minuutti\" \/>\n<script type=\"application\/ld+json\" class=\"yoast-schema-graph\">{\"@context\":\"https:\/\/schema.org\",\"@graph\":[{\"@type\":\"WebPage\",\"@id\":\"https:\/\/sites.uef.fi\/flippaus\/flippedlearning\/fera2019-digipeda\/\",\"url\":\"https:\/\/sites.uef.fi\/flippaus\/flippedlearning\/fera2019-digipeda\/\",\"name\":\"FERA 2019 pre-conference - Flipped Learning\",\"isPartOf\":{\"@id\":\"https:\/\/sites.uef.fi\/flippaus\/#website\"},\"primaryImageOfPage\":{\"@id\":\"https:\/\/sites.uef.fi\/flippaus\/flippedlearning\/fera2019-digipeda\/#primaryimage\"},\"image\":{\"@id\":\"https:\/\/sites.uef.fi\/flippaus\/flippedlearning\/fera2019-digipeda\/#primaryimage\"},\"thumbnailUrl\":\"https:\/\/sites.uef.fi\/flippaus\/wp-content\/uploads\/sites\/83\/2020\/12\/flipme2.png\",\"datePublished\":\"2020-11-13T17:34:40+00:00\",\"dateModified\":\"2020-12-17T13:47:42+00:00\",\"breadcrumb\":{\"@id\":\"https:\/\/sites.uef.fi\/flippaus\/flippedlearning\/fera2019-digipeda\/#breadcrumb\"},\"inLanguage\":\"fi\",\"potentialAction\":[{\"@type\":\"ReadAction\",\"target\":[\"https:\/\/sites.uef.fi\/flippaus\/flippedlearning\/fera2019-digipeda\/\"]}]},{\"@type\":\"ImageObject\",\"inLanguage\":\"fi\",\"@id\":\"https:\/\/sites.uef.fi\/flippaus\/flippedlearning\/fera2019-digipeda\/#primaryimage\",\"url\":\"https:\/\/sites.uef.fi\/flippaus\/wp-content\/uploads\/sites\/83\/2020\/12\/flipme2.png\",\"contentUrl\":\"https:\/\/sites.uef.fi\/flippaus\/wp-content\/uploads\/sites\/83\/2020\/12\/flipme2.png\",\"width\":1183,\"height\":194},{\"@type\":\"BreadcrumbList\",\"@id\":\"https:\/\/sites.uef.fi\/flippaus\/flippedlearning\/fera2019-digipeda\/#breadcrumb\",\"itemListElement\":[{\"@type\":\"ListItem\",\"position\":1,\"name\":\"Home\",\"item\":\"https:\/\/sites.uef.fi\/flippaus\/\"},{\"@type\":\"ListItem\",\"position\":2,\"name\":\"Flipped Learning -hanke\",\"item\":\"https:\/\/sites.uef.fi\/flippaus\/flippedlearning\/\"},{\"@type\":\"ListItem\",\"position\":3,\"name\":\"FERA 2019 pre-conference\"}]},{\"@type\":\"WebSite\",\"@id\":\"https:\/\/sites.uef.fi\/flippaus\/#website\",\"url\":\"https:\/\/sites.uef.fi\/flippaus\/\",\"name\":\"Flipped Learning\",\"description\":\"\",\"publisher\":{\"@id\":\"https:\/\/sites.uef.fi\/flippaus\/#organization\"},\"potentialAction\":[{\"@type\":\"SearchAction\",\"target\":{\"@type\":\"EntryPoint\",\"urlTemplate\":\"https:\/\/sites.uef.fi\/flippaus\/?s={search_term_string}\"},\"query-input\":{\"@type\":\"PropertyValueSpecification\",\"valueRequired\":true,\"valueName\":\"search_term_string\"}}],\"inLanguage\":\"fi\"},{\"@type\":\"Organization\",\"@id\":\"https:\/\/sites.uef.fi\/flippaus\/#organization\",\"name\":\"Flipped Learning\",\"url\":\"https:\/\/sites.uef.fi\/flippaus\/\",\"logo\":{\"@type\":\"ImageObject\",\"inLanguage\":\"fi\",\"@id\":\"https:\/\/sites.uef.fi\/flippaus\/#\/schema\/logo\/image\/\",\"url\":\"https:\/\/sites.uef.fi\/flippaus\/wp-content\/uploads\/sites\/83\/2020\/05\/cropped-UEF_wordpress_white.png\",\"contentUrl\":\"https:\/\/sites.uef.fi\/flippaus\/wp-content\/uploads\/sites\/83\/2020\/05\/cropped-UEF_wordpress_white.png\",\"width\":250,\"height\":250,\"caption\":\"Flipped Learning\"},\"image\":{\"@id\":\"https:\/\/sites.uef.fi\/flippaus\/#\/schema\/logo\/image\/\"}}]}<\/script>\n<!-- \/ Yoast SEO plugin. -->","yoast_head_json":{"title":"FERA 2019 pre-conference - Flipped Learning","robots":{"index":"index","follow":"follow","max-snippet":"max-snippet:-1","max-image-preview":"max-image-preview:large","max-video-preview":"max-video-preview:-1"},"canonical":"https:\/\/sites.uef.fi\/flippaus\/flippedlearning\/fera2019-digipeda\/","og_locale":"fi_FI","og_type":"article","og_title":"FERA 2019 pre-conference - Flipped Learning","og_description":"Enhancing digi-pedagogical skills of higher education staff and change of learning environments \/\/ Korkeakoulujen henkil\u00f6st\u00f6n digipedagogisen osaamisen vahvistaminen ja oppimisymp\u00e4rist\u00f6jen muutos Nov 20, 2019, Sokos Hotel Kimmel, Joensuu, Finland To facilitate meeting the requirements of 21st century student-centered learning, it is important to strengthen higher education teachers&#8217; digi-pedagogical skills. This includes the development of pedagogical &hellip; Jatka lukemista \"FERA 2019 pre-conference\"","og_url":"https:\/\/sites.uef.fi\/flippaus\/flippedlearning\/fera2019-digipeda\/","og_site_name":"Flipped Learning","article_modified_time":"2020-12-17T13:47:42+00:00","og_image":[{"url":"https:\/\/sites.uef.fi\/flippaus\/wp-content\/uploads\/sites\/83\/2020\/12\/flipme2.png","type":"","width":"","height":""}],"twitter_card":"summary_large_image","twitter_misc":{"Arvioitu lukuaika":"1 minuutti"},"schema":{"@context":"https:\/\/schema.org","@graph":[{"@type":"WebPage","@id":"https:\/\/sites.uef.fi\/flippaus\/flippedlearning\/fera2019-digipeda\/","url":"https:\/\/sites.uef.fi\/flippaus\/flippedlearning\/fera2019-digipeda\/","name":"FERA 2019 pre-conference - Flipped Learning","isPartOf":{"@id":"https:\/\/sites.uef.fi\/flippaus\/#website"},"primaryImageOfPage":{"@id":"https:\/\/sites.uef.fi\/flippaus\/flippedlearning\/fera2019-digipeda\/#primaryimage"},"image":{"@id":"https:\/\/sites.uef.fi\/flippaus\/flippedlearning\/fera2019-digipeda\/#primaryimage"},"thumbnailUrl":"https:\/\/sites.uef.fi\/flippaus\/wp-content\/uploads\/sites\/83\/2020\/12\/flipme2.png","datePublished":"2020-11-13T17:34:40+00:00","dateModified":"2020-12-17T13:47:42+00:00","breadcrumb":{"@id":"https:\/\/sites.uef.fi\/flippaus\/flippedlearning\/fera2019-digipeda\/#breadcrumb"},"inLanguage":"fi","potentialAction":[{"@type":"ReadAction","target":["https:\/\/sites.uef.fi\/flippaus\/flippedlearning\/fera2019-digipeda\/"]}]},{"@type":"ImageObject","inLanguage":"fi","@id":"https:\/\/sites.uef.fi\/flippaus\/flippedlearning\/fera2019-digipeda\/#primaryimage","url":"https:\/\/sites.uef.fi\/flippaus\/wp-content\/uploads\/sites\/83\/2020\/12\/flipme2.png","contentUrl":"https:\/\/sites.uef.fi\/flippaus\/wp-content\/uploads\/sites\/83\/2020\/12\/flipme2.png","width":1183,"height":194},{"@type":"BreadcrumbList","@id":"https:\/\/sites.uef.fi\/flippaus\/flippedlearning\/fera2019-digipeda\/#breadcrumb","itemListElement":[{"@type":"ListItem","position":1,"name":"Home","item":"https:\/\/sites.uef.fi\/flippaus\/"},{"@type":"ListItem","position":2,"name":"Flipped Learning -hanke","item":"https:\/\/sites.uef.fi\/flippaus\/flippedlearning\/"},{"@type":"ListItem","position":3,"name":"FERA 2019 pre-conference"}]},{"@type":"WebSite","@id":"https:\/\/sites.uef.fi\/flippaus\/#website","url":"https:\/\/sites.uef.fi\/flippaus\/","name":"Flipped Learning","description":"","publisher":{"@id":"https:\/\/sites.uef.fi\/flippaus\/#organization"},"potentialAction":[{"@type":"SearchAction","target":{"@type":"EntryPoint","urlTemplate":"https:\/\/sites.uef.fi\/flippaus\/?s={search_term_string}"},"query-input":{"@type":"PropertyValueSpecification","valueRequired":true,"valueName":"search_term_string"}}],"inLanguage":"fi"},{"@type":"Organization","@id":"https:\/\/sites.uef.fi\/flippaus\/#organization","name":"Flipped Learning","url":"https:\/\/sites.uef.fi\/flippaus\/","logo":{"@type":"ImageObject","inLanguage":"fi","@id":"https:\/\/sites.uef.fi\/flippaus\/#\/schema\/logo\/image\/","url":"https:\/\/sites.uef.fi\/flippaus\/wp-content\/uploads\/sites\/83\/2020\/05\/cropped-UEF_wordpress_white.png","contentUrl":"https:\/\/sites.uef.fi\/flippaus\/wp-content\/uploads\/sites\/83\/2020\/05\/cropped-UEF_wordpress_white.png","width":250,"height":250,"caption":"Flipped Learning"},"image":{"@id":"https:\/\/sites.uef.fi\/flippaus\/#\/schema\/logo\/image\/"}}]}},"_links":{"self":[{"href":"https:\/\/sites.uef.fi\/flippaus\/wp-json\/wp\/v2\/pages\/1819","targetHints":{"allow":["GET"]}}],"collection":[{"href":"https:\/\/sites.uef.fi\/flippaus\/wp-json\/wp\/v2\/pages"}],"about":[{"href":"https:\/\/sites.uef.fi\/flippaus\/wp-json\/wp\/v2\/types\/page"}],"author":[{"embeddable":true,"href":"https:\/\/sites.uef.fi\/flippaus\/wp-json\/wp\/v2\/users\/176"}],"replies":[{"embeddable":true,"href":"https:\/\/sites.uef.fi\/flippaus\/wp-json\/wp\/v2\/comments?post=1819"}],"version-history":[{"count":2,"href":"https:\/\/sites.uef.fi\/flippaus\/wp-json\/wp\/v2\/pages\/1819\/revisions"}],"predecessor-version":[{"id":3022,"href":"https:\/\/sites.uef.fi\/flippaus\/wp-json\/wp\/v2\/pages\/1819\/revisions\/3022"}],"up":[{"embeddable":true,"href":"https:\/\/sites.uef.fi\/flippaus\/wp-json\/wp\/v2\/pages\/1058"}],"wp:attachment":[{"href":"https:\/\/sites.uef.fi\/flippaus\/wp-json\/wp\/v2\/media?parent=1819"}],"curies":[{"name":"wp","href":"https:\/\/api.w.org\/{rel}","templated":true}]}}