{"id":2243,"date":"2020-12-15T20:05:48","date_gmt":"2020-12-15T18:05:48","guid":{"rendered":"https:\/\/sites.uef.fi\/flippaus\/?page_id=2243"},"modified":"2023-10-31T09:19:51","modified_gmt":"2023-10-31T07:19:51","slug":"opiskelijoiden-ohjaus-ja-ohjeistus","status":"publish","type":"page","link":"https:\/\/sites.uef.fi\/flippaus\/flippauksen-toteutus\/opiskelijoiden-ohjaus-ja-ohjeistus\/","title":{"rendered":"Opiskelijoiden ohjaus ja ohjeistus"},"content":{"rendered":"\n<h1 class=\"wp-block-heading\" id=\"yui_patched_v3_11_0_1_1608055228221_638\">Opiskelijoiden ohjaus ja ohjeistus -Miten saan opiskelijat mukaan?<\/h1>\n\n\n\n<p>Vaikka opiskelijat pit\u00e4v\u00e4t flippausta keskim\u00e4\u00e4r\u00e4isesti hyv\u00e4n\u00e4 oppimismenetelm\u00e4n\u00e4, voi opettajakeskeiseen oppimiseen tottuneelle muutos kuitenkin olla haasteellinen eik\u00e4 omien oppimistapojen muuttaminen v\u00e4ltt\u00e4m\u00e4tt\u00e4 tapahdu hetkess\u00e4.&nbsp; Flippausmanuaalin <a href=\"https:\/\/sites.uef.fi\/flippaus\/opiskelijalle\/\" target=\"_blank\" rel=\"noreferrer noopener\">Opiskelijalle<\/a> -osioon on koottu opiskelun kannalta t\u00e4rkeit\u00e4 asioita, jotka soveltuvat opiskelijan tueksi my\u00f6s perinteiseen opetukseen. Sivuun voi tutustua itse ja my\u00f6s ohjata opiskelijoita tutustumaan siihen. Sivustolla yliopistonlehtori Markku Saarelainen kertoo opiskelijoille flippauksesta ja muun materiaalin ovat koonneet opintopsykologit.<\/p>\n\n\n\n<h2 class=\"wp-block-heading\" id=\"ryhmaohjaus\">Ryhm\u00e4ohjauksen n\u00e4k\u00f6kulmia flippaukseen<\/h2>\n\n\n\n<p>Flippauksessa on syyt\u00e4 kiinnitt\u00e4\u00e4 huomioita opiskelijoiden ohjaukseen. Seuraavalla videolla (kesto 9:28) yliopistonlehtori Leena Penttinen kertoo ryhm\u00e4ohjauksesta ja vertaisyhm\u00e4n merkityksest\u00e4 oppimisessa. Pedagogiikan tulee olla tavoitteellista paitsi oppimisprosessin, my\u00f6s ryhm\u00e4n toiminnan osalta.<\/p>\n\n\n<iframe loading=\"lazy\" src=\"https:\/\/uef.cloud.panopto.eu\/Panopto\/Pages\/Embed.aspx?id=edcaac5a-4472-41dc-8402-b06700c83804&autoplay=false&offerviewer=false&showtitle=false&showbrand=false&captions=false&interactivity=none\" height=\"375\" width=\"500\" style=\"border: 1px solid #464646;\" allowfullscreen allow=\"autoplay\" aria-label=\"Panopto Embedded Video Player\"><\/iframe>\n\n\n\n<h2 class=\"wp-block-heading\" id=\"flipohjaus\">Esimerkkej\u00e4 opiskelijoiden ohjeistuksesta flippauksen pariin ja ohjauksesta opintojakson aikana<\/h2>\n\n\n\n<p>Videolla yliopistotutkija Lasse Heikkinen kertoo omien opiskelijoidensa ohjaamisesta. Kurssialustana on Moodle, jota k\u00e4ytet\u00e4\u00e4n esimerkkin\u00e4, miten opintojakso on sinne rakennettu ja mit\u00e4 ohjauksellisia elementtej\u00e4 siin\u00e4 on k\u00e4ytetty. Lasse k\u00e4ytt\u00e4\u00e4 opintojakson alussa tunnin perehdytt\u00e4\u00e4kseen opiskelijat flippauksen pariin, mit\u00e4 se opiskelijan kannalta tarkoittaa ja mit\u00e4 Moodlessa on. Vaikka omassa organisaatiossa ei Moodlea olisi k\u00e4yt\u00f6ss\u00e4, avaa video tapaustyyppisesti flippauksen toteutusta ja ohjausta.<\/p>\n\n\n<iframe loading=\"lazy\" src=\"https:\/\/uef.cloud.panopto.eu\/Panopto\/Pages\/Embed.aspx?id=fb485b64-3858-49fd-aa42-b06700c7f3f1&autoplay=false&offerviewer=false&showtitle=false&showbrand=false&captions=false&interactivity=none\" height=\"375\" width=\"500\" style=\"border: 1px solid #464646;\" allowfullscreen allow=\"autoplay\" aria-label=\"Panopto Embedded Video Player\"><\/iframe>\n\n\n\n<p>My\u00f6s yliopistonlehtori Anna Kaasinen Sovelletun fyiikan laitokselta k\u00e4ytt\u00e4\u00e4 ensimm\u00e4isell\u00e4 kerralla aikaa flippauksen k\u00e4sittelyyn. Opastaessaan opiskelijoita flippauksen pariin, h\u00e4n kertoo tavoitteista, vaatimuksista, hy\u00f6dyist\u00e4 ja vaaranpaikoista. Annan k\u00e4ytt\u00e4m\u00e4\u00e4n (vuodelta 2016) ohjeistukseen voi tutustua <a href=\"https:\/\/sites.uef.fi\/flippaus\/wp-content\/uploads\/sites\/83\/2020\/12\/Flipmanuaali_opiskelijoidenohjeet.pdf\">t\u00e4st\u00e4<\/a>.<\/p>\n","protected":false},"excerpt":{"rendered":"<p>Opiskelijoiden ohjaus ja ohjeistus -Miten saan opiskelijat mukaan? Vaikka opiskelijat pit\u00e4v\u00e4t flippausta keskim\u00e4\u00e4r\u00e4isesti hyv\u00e4n\u00e4 oppimismenetelm\u00e4n\u00e4, voi opettajakeskeiseen oppimiseen tottuneelle muutos kuitenkin olla haasteellinen eik\u00e4 omien oppimistapojen muuttaminen v\u00e4ltt\u00e4m\u00e4tt\u00e4 tapahdu hetkess\u00e4.&nbsp; Flippausmanuaalin Opiskelijalle -osioon on koottu opiskelun kannalta t\u00e4rkeit\u00e4 asioita, jotka soveltuvat opiskelijan tueksi my\u00f6s perinteiseen opetukseen. Sivuun voi tutustua itse ja my\u00f6s ohjata opiskelijoita tutustumaan &hellip; <\/p>\n<p class=\"link-more\"><a href=\"https:\/\/sites.uef.fi\/flippaus\/flippauksen-toteutus\/opiskelijoiden-ohjaus-ja-ohjeistus\/\" class=\"more-link\">Jatka lukemista<span class=\"screen-reader-text\"> &#8221;Opiskelijoiden ohjaus ja ohjeistus&#8221;<\/span><\/a><\/p>\n","protected":false},"author":176,"featured_media":0,"parent":477,"menu_order":0,"comment_status":"closed","ping_status":"closed","template":"","meta":{"_acf_changed":false,"_monsterinsights_skip_tracking":false,"_monsterinsights_sitenote_active":false,"_monsterinsights_sitenote_note":"","_monsterinsights_sitenote_category":0,"footnotes":""},"class_list":["post-2243","page","type-page","status-publish","hentry"],"acf":[],"yoast_head":"<!-- This site is optimized with the Yoast SEO plugin v27.1.1 - https:\/\/yoast.com\/product\/yoast-seo-wordpress\/ -->\n<title>Opiskelijoiden ohjaus ja ohjeistus - Flipped Learning<\/title>\n<meta name=\"robots\" content=\"index, follow, max-snippet:-1, max-image-preview:large, max-video-preview:-1\" \/>\n<link rel=\"canonical\" href=\"https:\/\/sites.uef.fi\/flippaus\/flippauksen-toteutus\/opiskelijoiden-ohjaus-ja-ohjeistus\/\" \/>\n<meta property=\"og:locale\" content=\"fi_FI\" \/>\n<meta property=\"og:type\" content=\"article\" \/>\n<meta property=\"og:title\" content=\"Opiskelijoiden ohjaus ja ohjeistus - Flipped Learning\" \/>\n<meta property=\"og:description\" content=\"Opiskelijoiden ohjaus ja ohjeistus -Miten saan opiskelijat mukaan? Vaikka opiskelijat pit\u00e4v\u00e4t flippausta keskim\u00e4\u00e4r\u00e4isesti hyv\u00e4n\u00e4 oppimismenetelm\u00e4n\u00e4, voi opettajakeskeiseen oppimiseen tottuneelle muutos kuitenkin olla haasteellinen eik\u00e4 omien oppimistapojen muuttaminen v\u00e4ltt\u00e4m\u00e4tt\u00e4 tapahdu hetkess\u00e4.&nbsp; Flippausmanuaalin Opiskelijalle -osioon on koottu opiskelun kannalta t\u00e4rkeit\u00e4 asioita, jotka soveltuvat opiskelijan tueksi my\u00f6s perinteiseen opetukseen. Sivuun voi tutustua itse ja my\u00f6s ohjata opiskelijoita tutustumaan &hellip; Jatka lukemista &quot;Opiskelijoiden ohjaus ja ohjeistus&quot;\" \/>\n<meta property=\"og:url\" content=\"https:\/\/sites.uef.fi\/flippaus\/flippauksen-toteutus\/opiskelijoiden-ohjaus-ja-ohjeistus\/\" \/>\n<meta property=\"og:site_name\" content=\"Flipped Learning\" \/>\n<meta property=\"article:modified_time\" content=\"2023-10-31T07:19:51+00:00\" \/>\n<meta name=\"twitter:card\" content=\"summary_large_image\" \/>\n<meta name=\"twitter:label1\" content=\"Arvioitu lukuaika\" \/>\n\t<meta name=\"twitter:data1\" content=\"2 minuuttia\" \/>\n<script type=\"application\/ld+json\" class=\"yoast-schema-graph\">{\"@context\":\"https:\/\/schema.org\",\"@graph\":[{\"@type\":\"WebPage\",\"@id\":\"https:\/\/sites.uef.fi\/flippaus\/flippauksen-toteutus\/opiskelijoiden-ohjaus-ja-ohjeistus\/\",\"url\":\"https:\/\/sites.uef.fi\/flippaus\/flippauksen-toteutus\/opiskelijoiden-ohjaus-ja-ohjeistus\/\",\"name\":\"Opiskelijoiden ohjaus ja ohjeistus - Flipped Learning\",\"isPartOf\":{\"@id\":\"https:\/\/sites.uef.fi\/flippaus\/#website\"},\"datePublished\":\"2020-12-15T18:05:48+00:00\",\"dateModified\":\"2023-10-31T07:19:51+00:00\",\"breadcrumb\":{\"@id\":\"https:\/\/sites.uef.fi\/flippaus\/flippauksen-toteutus\/opiskelijoiden-ohjaus-ja-ohjeistus\/#breadcrumb\"},\"inLanguage\":\"fi\",\"potentialAction\":[{\"@type\":\"ReadAction\",\"target\":[\"https:\/\/sites.uef.fi\/flippaus\/flippauksen-toteutus\/opiskelijoiden-ohjaus-ja-ohjeistus\/\"]}]},{\"@type\":\"BreadcrumbList\",\"@id\":\"https:\/\/sites.uef.fi\/flippaus\/flippauksen-toteutus\/opiskelijoiden-ohjaus-ja-ohjeistus\/#breadcrumb\",\"itemListElement\":[{\"@type\":\"ListItem\",\"position\":1,\"name\":\"Home\",\"item\":\"https:\/\/sites.uef.fi\/flippaus\/\"},{\"@type\":\"ListItem\",\"position\":2,\"name\":\"Flippauksen toteutus\",\"item\":\"https:\/\/sites.uef.fi\/flippaus\/flippauksen-toteutus\/\"},{\"@type\":\"ListItem\",\"position\":3,\"name\":\"Opiskelijoiden ohjaus ja ohjeistus\"}]},{\"@type\":\"WebSite\",\"@id\":\"https:\/\/sites.uef.fi\/flippaus\/#website\",\"url\":\"https:\/\/sites.uef.fi\/flippaus\/\",\"name\":\"Flipped Learning\",\"description\":\"\",\"publisher\":{\"@id\":\"https:\/\/sites.uef.fi\/flippaus\/#organization\"},\"potentialAction\":[{\"@type\":\"SearchAction\",\"target\":{\"@type\":\"EntryPoint\",\"urlTemplate\":\"https:\/\/sites.uef.fi\/flippaus\/?s={search_term_string}\"},\"query-input\":{\"@type\":\"PropertyValueSpecification\",\"valueRequired\":true,\"valueName\":\"search_term_string\"}}],\"inLanguage\":\"fi\"},{\"@type\":\"Organization\",\"@id\":\"https:\/\/sites.uef.fi\/flippaus\/#organization\",\"name\":\"Flipped Learning\",\"url\":\"https:\/\/sites.uef.fi\/flippaus\/\",\"logo\":{\"@type\":\"ImageObject\",\"inLanguage\":\"fi\",\"@id\":\"https:\/\/sites.uef.fi\/flippaus\/#\/schema\/logo\/image\/\",\"url\":\"https:\/\/sites.uef.fi\/flippaus\/wp-content\/uploads\/sites\/83\/2020\/05\/cropped-UEF_wordpress_white.png\",\"contentUrl\":\"https:\/\/sites.uef.fi\/flippaus\/wp-content\/uploads\/sites\/83\/2020\/05\/cropped-UEF_wordpress_white.png\",\"width\":250,\"height\":250,\"caption\":\"Flipped Learning\"},\"image\":{\"@id\":\"https:\/\/sites.uef.fi\/flippaus\/#\/schema\/logo\/image\/\"}}]}<\/script>\n<!-- \/ Yoast SEO plugin. -->","yoast_head_json":{"title":"Opiskelijoiden ohjaus ja ohjeistus - Flipped Learning","robots":{"index":"index","follow":"follow","max-snippet":"max-snippet:-1","max-image-preview":"max-image-preview:large","max-video-preview":"max-video-preview:-1"},"canonical":"https:\/\/sites.uef.fi\/flippaus\/flippauksen-toteutus\/opiskelijoiden-ohjaus-ja-ohjeistus\/","og_locale":"fi_FI","og_type":"article","og_title":"Opiskelijoiden ohjaus ja ohjeistus - Flipped Learning","og_description":"Opiskelijoiden ohjaus ja ohjeistus -Miten saan opiskelijat mukaan? Vaikka opiskelijat pit\u00e4v\u00e4t flippausta keskim\u00e4\u00e4r\u00e4isesti hyv\u00e4n\u00e4 oppimismenetelm\u00e4n\u00e4, voi opettajakeskeiseen oppimiseen tottuneelle muutos kuitenkin olla haasteellinen eik\u00e4 omien oppimistapojen muuttaminen v\u00e4ltt\u00e4m\u00e4tt\u00e4 tapahdu hetkess\u00e4.&nbsp; Flippausmanuaalin Opiskelijalle -osioon on koottu opiskelun kannalta t\u00e4rkeit\u00e4 asioita, jotka soveltuvat opiskelijan tueksi my\u00f6s perinteiseen opetukseen. Sivuun voi tutustua itse ja my\u00f6s ohjata opiskelijoita tutustumaan &hellip; Jatka lukemista \"Opiskelijoiden ohjaus ja ohjeistus\"","og_url":"https:\/\/sites.uef.fi\/flippaus\/flippauksen-toteutus\/opiskelijoiden-ohjaus-ja-ohjeistus\/","og_site_name":"Flipped Learning","article_modified_time":"2023-10-31T07:19:51+00:00","twitter_card":"summary_large_image","twitter_misc":{"Arvioitu lukuaika":"2 minuuttia"},"schema":{"@context":"https:\/\/schema.org","@graph":[{"@type":"WebPage","@id":"https:\/\/sites.uef.fi\/flippaus\/flippauksen-toteutus\/opiskelijoiden-ohjaus-ja-ohjeistus\/","url":"https:\/\/sites.uef.fi\/flippaus\/flippauksen-toteutus\/opiskelijoiden-ohjaus-ja-ohjeistus\/","name":"Opiskelijoiden ohjaus ja ohjeistus - Flipped Learning","isPartOf":{"@id":"https:\/\/sites.uef.fi\/flippaus\/#website"},"datePublished":"2020-12-15T18:05:48+00:00","dateModified":"2023-10-31T07:19:51+00:00","breadcrumb":{"@id":"https:\/\/sites.uef.fi\/flippaus\/flippauksen-toteutus\/opiskelijoiden-ohjaus-ja-ohjeistus\/#breadcrumb"},"inLanguage":"fi","potentialAction":[{"@type":"ReadAction","target":["https:\/\/sites.uef.fi\/flippaus\/flippauksen-toteutus\/opiskelijoiden-ohjaus-ja-ohjeistus\/"]}]},{"@type":"BreadcrumbList","@id":"https:\/\/sites.uef.fi\/flippaus\/flippauksen-toteutus\/opiskelijoiden-ohjaus-ja-ohjeistus\/#breadcrumb","itemListElement":[{"@type":"ListItem","position":1,"name":"Home","item":"https:\/\/sites.uef.fi\/flippaus\/"},{"@type":"ListItem","position":2,"name":"Flippauksen toteutus","item":"https:\/\/sites.uef.fi\/flippaus\/flippauksen-toteutus\/"},{"@type":"ListItem","position":3,"name":"Opiskelijoiden ohjaus ja ohjeistus"}]},{"@type":"WebSite","@id":"https:\/\/sites.uef.fi\/flippaus\/#website","url":"https:\/\/sites.uef.fi\/flippaus\/","name":"Flipped Learning","description":"","publisher":{"@id":"https:\/\/sites.uef.fi\/flippaus\/#organization"},"potentialAction":[{"@type":"SearchAction","target":{"@type":"EntryPoint","urlTemplate":"https:\/\/sites.uef.fi\/flippaus\/?s={search_term_string}"},"query-input":{"@type":"PropertyValueSpecification","valueRequired":true,"valueName":"search_term_string"}}],"inLanguage":"fi"},{"@type":"Organization","@id":"https:\/\/sites.uef.fi\/flippaus\/#organization","name":"Flipped Learning","url":"https:\/\/sites.uef.fi\/flippaus\/","logo":{"@type":"ImageObject","inLanguage":"fi","@id":"https:\/\/sites.uef.fi\/flippaus\/#\/schema\/logo\/image\/","url":"https:\/\/sites.uef.fi\/flippaus\/wp-content\/uploads\/sites\/83\/2020\/05\/cropped-UEF_wordpress_white.png","contentUrl":"https:\/\/sites.uef.fi\/flippaus\/wp-content\/uploads\/sites\/83\/2020\/05\/cropped-UEF_wordpress_white.png","width":250,"height":250,"caption":"Flipped Learning"},"image":{"@id":"https:\/\/sites.uef.fi\/flippaus\/#\/schema\/logo\/image\/"}}]}},"_links":{"self":[{"href":"https:\/\/sites.uef.fi\/flippaus\/wp-json\/wp\/v2\/pages\/2243","targetHints":{"allow":["GET"]}}],"collection":[{"href":"https:\/\/sites.uef.fi\/flippaus\/wp-json\/wp\/v2\/pages"}],"about":[{"href":"https:\/\/sites.uef.fi\/flippaus\/wp-json\/wp\/v2\/types\/page"}],"author":[{"embeddable":true,"href":"https:\/\/sites.uef.fi\/flippaus\/wp-json\/wp\/v2\/users\/176"}],"replies":[{"embeddable":true,"href":"https:\/\/sites.uef.fi\/flippaus\/wp-json\/wp\/v2\/comments?post=2243"}],"version-history":[{"count":2,"href":"https:\/\/sites.uef.fi\/flippaus\/wp-json\/wp\/v2\/pages\/2243\/revisions"}],"predecessor-version":[{"id":3442,"href":"https:\/\/sites.uef.fi\/flippaus\/wp-json\/wp\/v2\/pages\/2243\/revisions\/3442"}],"up":[{"embeddable":true,"href":"https:\/\/sites.uef.fi\/flippaus\/wp-json\/wp\/v2\/pages\/477"}],"wp:attachment":[{"href":"https:\/\/sites.uef.fi\/flippaus\/wp-json\/wp\/v2\/media?parent=2243"}],"curies":[{"name":"wp","href":"https:\/\/api.w.org\/{rel}","templated":true}]}}