{"id":2285,"date":"2020-12-15T22:17:59","date_gmt":"2020-12-15T20:17:59","guid":{"rendered":"https:\/\/sites.uef.fi\/flippaus\/?page_id=2285"},"modified":"2023-10-31T09:21:59","modified_gmt":"2023-10-31T07:21:59","slug":"karjalan-kieli-flippaa","status":"publish","type":"page","link":"https:\/\/sites.uef.fi\/flippaus\/flippedlearning\/kehittamishankkeet\/karjalan-kieli-flippaa\/","title":{"rendered":"Karjalan kieli flippaa"},"content":{"rendered":"\n<h1 class=\"wp-block-heading\" id=\"yui_patched_v3_11_0_1_1608063273695_444\">Karjalan kieli flippaa!<\/h1>\n\n\n\n<h2 class=\"wp-block-heading\">Flippaustoiminnan aloittaminen karjalan kielen oppiaineessa<\/h2>\n\n\n\n<p>T\u00e4ll\u00e4 sivulla tutustutaan karjalan kielen ja kulttuurin oppiaineessa lukuvuotena 2018\u20132019 toteutettuun flippaushankkeeseen. Hankkeessa suunniteltiin ja tallennettiin kaksi videoluentokokonaisuutta, joista toinen esittelee karjalan kielen oppiaineessa teht\u00e4v\u00e4\u00e4 tutkimusta ja toinen tutustuttaa katsojansa er\u00e4\u00e4n karjalan kielimuodon, livvinkarjalan, alkeisiin. Seuraavalla videolla hankkeen puuhanaisena toiminut suomen kielen post doc -tutkija Milla Uusitupa esittelee tarkemmin hankkeen taustaa ja tavoitteita.<\/p>\n\n\n<iframe loading=\"lazy\" src=\"https:\/\/uef.cloud.panopto.eu\/Panopto\/Pages\/Embed.aspx?id=a8186b03-aab7-47e1-a588-b06700c68e91&autoplay=false&offerviewer=false&showtitle=false&showbrand=false&captions=false&interactivity=none\" height=\"375\" width=\"500\" style=\"border: 1px solid #464646;\" allowfullscreen allow=\"autoplay\" aria-label=\"Panopto Embedded Video Player\"><\/iframe>\n\n\n\n<h2 class=\"wp-block-heading\">Pagin paginua jatkau<\/h2>\n\n\n\n<p>Karjalan kieli flippaa! -hankkeessa toteutetuista videoluentokokonaisuuksista ensimm\u00e4inen esittelee It\u00e4-Suomen yliopistossa teht\u00e4v\u00e4\u00e4 karjalan kielen tutkimusta. Luentokokonaisuuden tekemisen tavoitteena oli paitsi tuottaa opetusmateriaaleja ja tuoda n\u00e4kyvyytt\u00e4 oppiaineelle my\u00f6s tutustuttaa mahdollisimman moni karjalan kielen tutkija ja opettaja opetusvideoiden tekoon. Seuraavalla videolla Milla Uusitupa kertoo, millaisia vaiheita kymmenen videoluentoa sis\u00e4lt\u00e4v\u00e4n kokonaisuuden suunnitteluun ja toteutukseen kuului.<\/p>\n\n\n<iframe loading=\"lazy\" src=\"https:\/\/uef.cloud.panopto.eu\/Panopto\/Pages\/Embed.aspx?id=6b375e1c-5b6c-4561-b56a-b06700c82020&autoplay=false&offerviewer=false&showtitle=false&showbrand=false&captions=false&interactivity=none\" height=\"375\" width=\"500\" style=\"border: 1px solid #464646;\" allowfullscreen allow=\"autoplay\" aria-label=\"Panopto Embedded Video Player\"><\/iframe>\n\n\n\n<h2 class=\"wp-block-heading\">Ig\u00e4 el\u00e4, ig\u00e4 opastu<\/h2>\n\n\n\n<p>Karjalan kieli flippaa! -hankkeen toinen luentokokonaisuus sis\u00e4lt\u00e4\u00e4 seitsem\u00e4n lyhytt\u00e4 katsausta livvinkarjalan kielioppiin ja puhekieleen. Livvinkarjala on yksi karjalan kielen murre, jota puhutaan sek\u00e4 Ven\u00e4j\u00e4ll\u00e4 ett\u00e4 Suomessa. My\u00f6s livvinkarjalan opetusvideot palvelevat karjalan kielest\u00e4 kiinnostuneita molemmin puolin rajaa. Seuraavalla videolla Milla Uusitupa k\u00e4y lyhyesti l\u00e4pi, millaisia vaiheita kielikurssivideoiden tekemiseen sis\u00e4ltyi.<\/p>\n\n\n<iframe loading=\"lazy\" src=\"https:\/\/uef.cloud.panopto.eu\/Panopto\/Pages\/Embed.aspx?id=fc36d11e-2e09-44d1-a572-b06700c68040&autoplay=false&offerviewer=false&showtitle=false&showbrand=false&captions=false&interactivity=none\" height=\"375\" width=\"500\" style=\"border: 1px solid #464646;\" allowfullscreen allow=\"autoplay\" aria-label=\"Panopto Embedded Video Player\"><\/iframe>\n\n\n\n<h2 class=\"wp-block-heading\">Tietopaketti kaikille karjalan kielest\u00e4 kiinnostuneille<\/h2>\n\n\n\n<p>Sek\u00e4 <em>Pagin paginua jatkau<\/em> ett\u00e4 <em>Ig\u00e4 el\u00e4, ig\u00e4 opastu<\/em> -videoluennot ovat kaikille avoimia ja katsottavissa yliopiston nettisivuilla: <a href=\"https:\/\/sites.uef.fi\/karjala\/videoluennot\/\">https:\/\/sites.uef.fi\/karjala\/videoluennot\/<\/a>. Kaikkiin videoihin voi valita my\u00f6s tekstityksen.<\/p>\n\n\n\n<h2 class=\"wp-block-heading\">Yhteystiedot<\/h2>\n\n\n\n<p>Hankkeen vastuuhenkil\u00f6<\/p>\n\n\n\n<p>Helka Riionheimo<\/p>\n\n\n\n<p>Hankkeen koordinaattori<\/p>\n\n\n\n<p>Milla Uusitupa<\/p>\n\n\n\n<p>S\u00e4hk\u00f6posti: etunimi.sukunimi@uef.fi<\/p>\n","protected":false},"excerpt":{"rendered":"<p>Karjalan kieli flippaa! Flippaustoiminnan aloittaminen karjalan kielen oppiaineessa T\u00e4ll\u00e4 sivulla tutustutaan karjalan kielen ja kulttuurin oppiaineessa lukuvuotena 2018\u20132019 toteutettuun flippaushankkeeseen. Hankkeessa suunniteltiin ja tallennettiin kaksi videoluentokokonaisuutta, joista toinen esittelee karjalan kielen oppiaineessa teht\u00e4v\u00e4\u00e4 tutkimusta ja toinen tutustuttaa katsojansa er\u00e4\u00e4n karjalan kielimuodon, livvinkarjalan, alkeisiin. Seuraavalla videolla hankkeen puuhanaisena toiminut suomen kielen post doc -tutkija Milla Uusitupa &hellip; <\/p>\n<p class=\"link-more\"><a href=\"https:\/\/sites.uef.fi\/flippaus\/flippedlearning\/kehittamishankkeet\/karjalan-kieli-flippaa\/\" class=\"more-link\">Jatka lukemista<span class=\"screen-reader-text\"> &#8221;Karjalan kieli flippaa&#8221;<\/span><\/a><\/p>\n","protected":false},"author":176,"featured_media":0,"parent":1067,"menu_order":2,"comment_status":"closed","ping_status":"closed","template":"","meta":{"_acf_changed":false,"_monsterinsights_skip_tracking":false,"_monsterinsights_sitenote_active":false,"_monsterinsights_sitenote_note":"","_monsterinsights_sitenote_category":0,"footnotes":""},"class_list":["post-2285","page","type-page","status-publish","hentry"],"acf":[],"yoast_head":"<!-- This site is optimized with the Yoast SEO plugin v27.1.1 - https:\/\/yoast.com\/product\/yoast-seo-wordpress\/ -->\n<title>Karjalan kieli flippaa - Flipped Learning<\/title>\n<meta name=\"robots\" content=\"index, follow, max-snippet:-1, max-image-preview:large, max-video-preview:-1\" \/>\n<link rel=\"canonical\" href=\"https:\/\/sites.uef.fi\/flippaus\/flippedlearning\/kehittamishankkeet\/karjalan-kieli-flippaa\/\" \/>\n<meta property=\"og:locale\" content=\"fi_FI\" \/>\n<meta property=\"og:type\" content=\"article\" \/>\n<meta property=\"og:title\" content=\"Karjalan kieli flippaa - Flipped Learning\" \/>\n<meta property=\"og:description\" content=\"Karjalan kieli flippaa! Flippaustoiminnan aloittaminen karjalan kielen oppiaineessa T\u00e4ll\u00e4 sivulla tutustutaan karjalan kielen ja kulttuurin oppiaineessa lukuvuotena 2018\u20132019 toteutettuun flippaushankkeeseen. Hankkeessa suunniteltiin ja tallennettiin kaksi videoluentokokonaisuutta, joista toinen esittelee karjalan kielen oppiaineessa teht\u00e4v\u00e4\u00e4 tutkimusta ja toinen tutustuttaa katsojansa er\u00e4\u00e4n karjalan kielimuodon, livvinkarjalan, alkeisiin. Seuraavalla videolla hankkeen puuhanaisena toiminut suomen kielen post doc -tutkija Milla Uusitupa &hellip; Jatka lukemista &quot;Karjalan kieli flippaa&quot;\" \/>\n<meta property=\"og:url\" content=\"https:\/\/sites.uef.fi\/flippaus\/flippedlearning\/kehittamishankkeet\/karjalan-kieli-flippaa\/\" \/>\n<meta property=\"og:site_name\" content=\"Flipped Learning\" \/>\n<meta property=\"article:modified_time\" content=\"2023-10-31T07:21:59+00:00\" \/>\n<meta name=\"twitter:card\" content=\"summary_large_image\" \/>\n<meta name=\"twitter:label1\" content=\"Arvioitu lukuaika\" \/>\n\t<meta name=\"twitter:data1\" content=\"2 minuuttia\" \/>\n<script type=\"application\/ld+json\" class=\"yoast-schema-graph\">{\"@context\":\"https:\/\/schema.org\",\"@graph\":[{\"@type\":\"WebPage\",\"@id\":\"https:\/\/sites.uef.fi\/flippaus\/flippedlearning\/kehittamishankkeet\/karjalan-kieli-flippaa\/\",\"url\":\"https:\/\/sites.uef.fi\/flippaus\/flippedlearning\/kehittamishankkeet\/karjalan-kieli-flippaa\/\",\"name\":\"Karjalan kieli flippaa - Flipped Learning\",\"isPartOf\":{\"@id\":\"https:\/\/sites.uef.fi\/flippaus\/#website\"},\"datePublished\":\"2020-12-15T20:17:59+00:00\",\"dateModified\":\"2023-10-31T07:21:59+00:00\",\"breadcrumb\":{\"@id\":\"https:\/\/sites.uef.fi\/flippaus\/flippedlearning\/kehittamishankkeet\/karjalan-kieli-flippaa\/#breadcrumb\"},\"inLanguage\":\"fi\",\"potentialAction\":[{\"@type\":\"ReadAction\",\"target\":[\"https:\/\/sites.uef.fi\/flippaus\/flippedlearning\/kehittamishankkeet\/karjalan-kieli-flippaa\/\"]}]},{\"@type\":\"BreadcrumbList\",\"@id\":\"https:\/\/sites.uef.fi\/flippaus\/flippedlearning\/kehittamishankkeet\/karjalan-kieli-flippaa\/#breadcrumb\",\"itemListElement\":[{\"@type\":\"ListItem\",\"position\":1,\"name\":\"Home\",\"item\":\"https:\/\/sites.uef.fi\/flippaus\/\"},{\"@type\":\"ListItem\",\"position\":2,\"name\":\"Flipped Learning -hanke\",\"item\":\"https:\/\/sites.uef.fi\/flippaus\/flippedlearning\/\"},{\"@type\":\"ListItem\",\"position\":3,\"name\":\"Kehitt\u00e4mishankkeet\",\"item\":\"https:\/\/sites.uef.fi\/flippaus\/flippedlearning\/kehittamishankkeet\/\"},{\"@type\":\"ListItem\",\"position\":4,\"name\":\"Karjalan kieli flippaa\"}]},{\"@type\":\"WebSite\",\"@id\":\"https:\/\/sites.uef.fi\/flippaus\/#website\",\"url\":\"https:\/\/sites.uef.fi\/flippaus\/\",\"name\":\"Flipped Learning\",\"description\":\"\",\"publisher\":{\"@id\":\"https:\/\/sites.uef.fi\/flippaus\/#organization\"},\"potentialAction\":[{\"@type\":\"SearchAction\",\"target\":{\"@type\":\"EntryPoint\",\"urlTemplate\":\"https:\/\/sites.uef.fi\/flippaus\/?s={search_term_string}\"},\"query-input\":{\"@type\":\"PropertyValueSpecification\",\"valueRequired\":true,\"valueName\":\"search_term_string\"}}],\"inLanguage\":\"fi\"},{\"@type\":\"Organization\",\"@id\":\"https:\/\/sites.uef.fi\/flippaus\/#organization\",\"name\":\"Flipped Learning\",\"url\":\"https:\/\/sites.uef.fi\/flippaus\/\",\"logo\":{\"@type\":\"ImageObject\",\"inLanguage\":\"fi\",\"@id\":\"https:\/\/sites.uef.fi\/flippaus\/#\/schema\/logo\/image\/\",\"url\":\"https:\/\/sites.uef.fi\/flippaus\/wp-content\/uploads\/sites\/83\/2020\/05\/cropped-UEF_wordpress_white.png\",\"contentUrl\":\"https:\/\/sites.uef.fi\/flippaus\/wp-content\/uploads\/sites\/83\/2020\/05\/cropped-UEF_wordpress_white.png\",\"width\":250,\"height\":250,\"caption\":\"Flipped Learning\"},\"image\":{\"@id\":\"https:\/\/sites.uef.fi\/flippaus\/#\/schema\/logo\/image\/\"}}]}<\/script>\n<!-- \/ Yoast SEO plugin. -->","yoast_head_json":{"title":"Karjalan kieli flippaa - Flipped Learning","robots":{"index":"index","follow":"follow","max-snippet":"max-snippet:-1","max-image-preview":"max-image-preview:large","max-video-preview":"max-video-preview:-1"},"canonical":"https:\/\/sites.uef.fi\/flippaus\/flippedlearning\/kehittamishankkeet\/karjalan-kieli-flippaa\/","og_locale":"fi_FI","og_type":"article","og_title":"Karjalan kieli flippaa - Flipped Learning","og_description":"Karjalan kieli flippaa! Flippaustoiminnan aloittaminen karjalan kielen oppiaineessa T\u00e4ll\u00e4 sivulla tutustutaan karjalan kielen ja kulttuurin oppiaineessa lukuvuotena 2018\u20132019 toteutettuun flippaushankkeeseen. Hankkeessa suunniteltiin ja tallennettiin kaksi videoluentokokonaisuutta, joista toinen esittelee karjalan kielen oppiaineessa teht\u00e4v\u00e4\u00e4 tutkimusta ja toinen tutustuttaa katsojansa er\u00e4\u00e4n karjalan kielimuodon, livvinkarjalan, alkeisiin. Seuraavalla videolla hankkeen puuhanaisena toiminut suomen kielen post doc -tutkija Milla Uusitupa &hellip; Jatka lukemista \"Karjalan kieli flippaa\"","og_url":"https:\/\/sites.uef.fi\/flippaus\/flippedlearning\/kehittamishankkeet\/karjalan-kieli-flippaa\/","og_site_name":"Flipped Learning","article_modified_time":"2023-10-31T07:21:59+00:00","twitter_card":"summary_large_image","twitter_misc":{"Arvioitu lukuaika":"2 minuuttia"},"schema":{"@context":"https:\/\/schema.org","@graph":[{"@type":"WebPage","@id":"https:\/\/sites.uef.fi\/flippaus\/flippedlearning\/kehittamishankkeet\/karjalan-kieli-flippaa\/","url":"https:\/\/sites.uef.fi\/flippaus\/flippedlearning\/kehittamishankkeet\/karjalan-kieli-flippaa\/","name":"Karjalan kieli flippaa - Flipped Learning","isPartOf":{"@id":"https:\/\/sites.uef.fi\/flippaus\/#website"},"datePublished":"2020-12-15T20:17:59+00:00","dateModified":"2023-10-31T07:21:59+00:00","breadcrumb":{"@id":"https:\/\/sites.uef.fi\/flippaus\/flippedlearning\/kehittamishankkeet\/karjalan-kieli-flippaa\/#breadcrumb"},"inLanguage":"fi","potentialAction":[{"@type":"ReadAction","target":["https:\/\/sites.uef.fi\/flippaus\/flippedlearning\/kehittamishankkeet\/karjalan-kieli-flippaa\/"]}]},{"@type":"BreadcrumbList","@id":"https:\/\/sites.uef.fi\/flippaus\/flippedlearning\/kehittamishankkeet\/karjalan-kieli-flippaa\/#breadcrumb","itemListElement":[{"@type":"ListItem","position":1,"name":"Home","item":"https:\/\/sites.uef.fi\/flippaus\/"},{"@type":"ListItem","position":2,"name":"Flipped Learning -hanke","item":"https:\/\/sites.uef.fi\/flippaus\/flippedlearning\/"},{"@type":"ListItem","position":3,"name":"Kehitt\u00e4mishankkeet","item":"https:\/\/sites.uef.fi\/flippaus\/flippedlearning\/kehittamishankkeet\/"},{"@type":"ListItem","position":4,"name":"Karjalan kieli flippaa"}]},{"@type":"WebSite","@id":"https:\/\/sites.uef.fi\/flippaus\/#website","url":"https:\/\/sites.uef.fi\/flippaus\/","name":"Flipped Learning","description":"","publisher":{"@id":"https:\/\/sites.uef.fi\/flippaus\/#organization"},"potentialAction":[{"@type":"SearchAction","target":{"@type":"EntryPoint","urlTemplate":"https:\/\/sites.uef.fi\/flippaus\/?s={search_term_string}"},"query-input":{"@type":"PropertyValueSpecification","valueRequired":true,"valueName":"search_term_string"}}],"inLanguage":"fi"},{"@type":"Organization","@id":"https:\/\/sites.uef.fi\/flippaus\/#organization","name":"Flipped Learning","url":"https:\/\/sites.uef.fi\/flippaus\/","logo":{"@type":"ImageObject","inLanguage":"fi","@id":"https:\/\/sites.uef.fi\/flippaus\/#\/schema\/logo\/image\/","url":"https:\/\/sites.uef.fi\/flippaus\/wp-content\/uploads\/sites\/83\/2020\/05\/cropped-UEF_wordpress_white.png","contentUrl":"https:\/\/sites.uef.fi\/flippaus\/wp-content\/uploads\/sites\/83\/2020\/05\/cropped-UEF_wordpress_white.png","width":250,"height":250,"caption":"Flipped Learning"},"image":{"@id":"https:\/\/sites.uef.fi\/flippaus\/#\/schema\/logo\/image\/"}}]}},"_links":{"self":[{"href":"https:\/\/sites.uef.fi\/flippaus\/wp-json\/wp\/v2\/pages\/2285","targetHints":{"allow":["GET"]}}],"collection":[{"href":"https:\/\/sites.uef.fi\/flippaus\/wp-json\/wp\/v2\/pages"}],"about":[{"href":"https:\/\/sites.uef.fi\/flippaus\/wp-json\/wp\/v2\/types\/page"}],"author":[{"embeddable":true,"href":"https:\/\/sites.uef.fi\/flippaus\/wp-json\/wp\/v2\/users\/176"}],"replies":[{"embeddable":true,"href":"https:\/\/sites.uef.fi\/flippaus\/wp-json\/wp\/v2\/comments?post=2285"}],"version-history":[{"count":2,"href":"https:\/\/sites.uef.fi\/flippaus\/wp-json\/wp\/v2\/pages\/2285\/revisions"}],"predecessor-version":[{"id":3460,"href":"https:\/\/sites.uef.fi\/flippaus\/wp-json\/wp\/v2\/pages\/2285\/revisions\/3460"}],"up":[{"embeddable":true,"href":"https:\/\/sites.uef.fi\/flippaus\/wp-json\/wp\/v2\/pages\/1067"}],"wp:attachment":[{"href":"https:\/\/sites.uef.fi\/flippaus\/wp-json\/wp\/v2\/media?parent=2285"}],"curies":[{"name":"wp","href":"https:\/\/api.w.org\/{rel}","templated":true}]}}