{"id":2294,"date":"2020-12-15T22:26:39","date_gmt":"2020-12-15T20:26:39","guid":{"rendered":"https:\/\/sites.uef.fi\/flippaus\/?page_id=2294"},"modified":"2023-10-31T09:22:52","modified_gmt":"2023-10-31T07:22:52","slug":"metadatasta-opiskelijoiden-ohjaukseen","status":"publish","type":"page","link":"https:\/\/sites.uef.fi\/flippaus\/flippedlearning\/kehittamishankkeet\/metadatasta-opiskelijoiden-ohjaukseen\/","title":{"rendered":"Metadatasta opiskelijoiden ohjaukseen"},"content":{"rendered":"\n<h1 class=\"wp-block-heading\" id=\"yui_patched_v3_11_0_1_1608063793478_647\">Metadatasta opiskelijoiden ohjaukseen<\/h1>\n\n\n\n<p><strong>Hankkeen vastuuhenkil\u00f6<\/strong><\/p>\n\n\n\n<p>Vesa Paajanen, yliopistonlehtori, ymp\u00e4rist\u00f6- ja biotieteiden laitos<\/p>\n\n\n<iframe loading=\"lazy\" src=\"https:\/\/uef.cloud.panopto.eu\/Panopto\/Pages\/Embed.aspx?id=80625f6f-2de9-4f7e-a56d-b06700ced008&autoplay=false&offerviewer=false&showtitle=false&showbrand=false&captions=false&interactivity=none\" height=\"375\" width=\"500\" style=\"border: 1px solid #464646;\" allowfullscreen allow=\"autoplay\" aria-label=\"Panopto Embedded Video Player\"><\/iframe>\n\n\n\n<p>Oppimisymp\u00e4rist\u00f6jen kehitt\u00e4mishanke keskittyi soveltamaan Moodlen lokitietoja ja oppimisanalytiikkaa mahdollisuutena auttaa opiskelijoita p\u00e4\u00e4sem\u00e4\u00e4n yliopistokurssista l\u00e4pi ja saavuttamaan paremmin itselleen sopivia oppimistavoitteita.<\/p>\n\n\n\n<p>Hanke perustui 2016 kehitettyyn Flipped classroom kurssiin Solu- ja molekyylibiologian perusteet, joka on j\u00e4rjestetty 2 kampuksella vuosittain n. 150 opiskelijalle. Kurssi sis\u00e4lt\u00e4\u00e4 runsaasti verkkomateriaalia ja opiskelijoiden etenemist\u00e4 kurssilla on seurattu, jotta kurssista voidaan l\u00f6yt\u00e4\u00e4 ja parantaa vaikeita osioita. Olemme useana vuonna havainneet kyseisell\u00e4 kurssilla, ett\u00e4 osalla opiskelijoista on hyvin v\u00e4h\u00e4n s\u00e4hk\u00f6isen materiaalin kurssiaktiivisuutta ja suurella osalla n\u00e4ist\u00e4 opiskelijoista on vaikeuksia p\u00e4\u00e4st\u00e4 kurssista l\u00e4pi. Lis\u00e4ksi tarkempi analyysi on osoittanut, ett\u00e4 kurssiaktiivisuus (Moodlen lokitietojen m\u00e4\u00e4r\u00e4) vaikuttaa suuresti kurssimenestykseen.<\/p>\n\n\n\n<p>Olemme olettaneet, ett\u00e4 kurssiaktiivisuutta lis\u00e4\u00e4m\u00e4ll\u00e4 voitaisiin oppimistuloksia parantaa ja siksi olemme pyrkineet motivoimaan opiskelijoita tarjoamalla heille lokitietoja, mutta virkaty\u00f6n\u00e4 henkil\u00f6kohtaiset viestit ovat liian ty\u00f6l\u00e4it\u00e4 j\u00e4rjestett\u00e4v\u00e4ksi.<\/p>\n\n\n\n<p>Kehitt\u00e4mishankkeeseen palkattiin tutkimusavustaja analysoimaan loki-tietoja ja l\u00e4hett\u00e4m\u00e4\u00e4n henkil\u00f6kohtaista palautetta opiskelijoille. Palkkakulujen lis\u00e4ksi projektin rahoitus k\u00e4ytettiin uusimman tutkimustiedon saamiseen kirjallisuushankinnoilla ja osallistumalla yliopistopedagogia p\u00e4iville (Pedaforum 2018). Hankitut teokset esitt\u00e4v\u00e4t eri puolia s\u00e4hk\u00f6isen oppimisymp\u00e4rist\u00f6n kehitt\u00e4mist\u00e4 ja oppimisanalytiikan sovelluksia. Yliopistopedagogia-p\u00e4iville osallistuminen puolestaan mahdollisti keskustelut oppimisanalytiikan asiantuntijoiden kanssa.<\/p>\n\n\n\n<figure class=\"wp-block-table is-style-regular\"><table><thead><tr><th>teos<\/th><th>kuvaus<\/th><\/tr><\/thead><tbody><tr><td><strong>Daniel: Big data and learning analytics in higher education 2017<\/strong><\/td><td>kokoomateos oppimisanalytiikan laskentamalleista ja ohjelmoinnista<\/td><\/tr><tr><td><strong>Gagliardi: The analytics revolution in higher education 2018<\/strong><\/td><td>yleisteos oppimisanalytiikan k\u00e4yt\u00f6st\u00e4 etenkin oppilaitostasolla<\/td><\/tr><tr><td><strong>Lester Learning analytics in higher education 2019<\/strong><\/td><td>kokoomateos oppimisanalytiikan sovelluksista opetuksessa<\/td><\/tr><tr><td><strong>Wright: Student-teacher interaction in online learning environments 2015<\/strong><\/td><td>Kokoomateos vuorovaikutuksen merkityksest\u00e4 s\u00e4hk\u00f6isiss\u00e4 oppimisymp\u00e4rist\u00f6iss\u00e4<\/td><\/tr><\/tbody><\/table><\/figure>\n\n\n\n<p>Kurssin tietosuoja j\u00e4rjestettiin yhteisty\u00f6ss\u00e4 yliopiston tietosuoja-asiantuntijan ja IT-tuen kanssa. Informaatiota k\u00e4siteltiin yksinomaan yliopiston koneilla ja tallennettiin yliopiston verkkolevylle. Lis\u00e4ksi opiskelijoilta pyydettiin kirjallinen suostumus tutkimusaineiston akateemiselle k\u00e4yt\u00f6lle. Projektille perustettiin my\u00f6s oma s\u00e4hk\u00f6postitili, jotta tutkimusavustajan ei tarvitse l\u00e4hett\u00e4\u00e4 opiskelijoille postia henkil\u00f6kohtaiselta s\u00e4hk\u00f6postitililt\u00e4\u00e4n. T\u00e4ll\u00e4 pyrittiin est\u00e4m\u00e4\u00e4n erilaiset h\u00e4irint\u00e4mahdollisuudet kurssilla, jolle osallistuu paljon opiskelijoita.<\/p>\n\n\n\n<p>Syksyll\u00e4 2018 kurssille ilmoittautui 195 opiskelijaa, jotka jaettiin satunnaisesti kahteen ryhm\u00e4\u00e4n. Ryhm\u00e4jaossa huomioitiin opiskelijoiden kampus ja p\u00e4\u00e4aineet, jotta ryhm\u00e4t saadaan mahdollisimman hyvin vastaamaan toisiaan. Syksyn aikana toiselle ryhm\u00e4lle l\u00e4hetettiin henkil\u00f6kohtaista s\u00e4hk\u00f6postia viikoittain sis\u00e4lt\u00e4en graafisen, numeerisen ja sanallisen kuvauksen henkil\u00f6kohtaisesta kurssiaktiivisuudesta ja sen vertaamisen kurssille osallistuneiden keskim\u00e4\u00e4r\u00e4iseen aktiivisuuteen. Palaute pyrittiin laatimaan samalla tavalla kuin kaupallisissa oppimisanalytiikkaohjelmissa. Sanallisessa palautteessa pyrittiin kannustamaan opiskelijoita tasaiseen opiskelurytmiin.<\/p>\n\n\n\n<p>Hankkeen lopuksi ryhmien v\u00e4lisi\u00e4 eroja verrattiin tenttiin osallistumisen, kurssin l\u00e4p\u00e4isyn, tenttipisteiden ja verkkomateriaalin k\u00e4yt\u00f6n osalta. Viikoittainen henkil\u00f6kohtainen palaute lis\u00e4si hieman todenn\u00e4k\u00f6isyytt\u00e4 osallistua kurssin tentteihin ja saavuttaa hyv\u00e4ksytty arvosana. Sen sijaan palaute ei osoittautunut tehokkaaksi keinoksi lis\u00e4t\u00e4 kurssimateriaalin k\u00e4ytt\u00f6\u00e4 tai korottaa arvosanoja. Siten oppimisanalytiikan tulosten soveltamista kurssien kehitysty\u00f6ss\u00e4 ja opiskelijoiden motivoijana on selvitett\u00e4v\u00e4 my\u00f6s jatkossa.<\/p>\n","protected":false},"excerpt":{"rendered":"<p>Metadatasta opiskelijoiden ohjaukseen Hankkeen vastuuhenkil\u00f6 Vesa Paajanen, yliopistonlehtori, ymp\u00e4rist\u00f6- ja biotieteiden laitos Oppimisymp\u00e4rist\u00f6jen kehitt\u00e4mishanke keskittyi soveltamaan Moodlen lokitietoja ja oppimisanalytiikkaa mahdollisuutena auttaa opiskelijoita p\u00e4\u00e4sem\u00e4\u00e4n yliopistokurssista l\u00e4pi ja saavuttamaan paremmin itselleen sopivia oppimistavoitteita. Hanke perustui 2016 kehitettyyn Flipped classroom kurssiin Solu- ja molekyylibiologian perusteet, joka on j\u00e4rjestetty 2 kampuksella vuosittain n. 150 opiskelijalle. Kurssi sis\u00e4lt\u00e4\u00e4 runsaasti &hellip; <\/p>\n<p class=\"link-more\"><a href=\"https:\/\/sites.uef.fi\/flippaus\/flippedlearning\/kehittamishankkeet\/metadatasta-opiskelijoiden-ohjaukseen\/\" class=\"more-link\">Jatka lukemista<span class=\"screen-reader-text\"> &#8221;Metadatasta opiskelijoiden ohjaukseen&#8221;<\/span><\/a><\/p>\n","protected":false},"author":176,"featured_media":0,"parent":1067,"menu_order":3,"comment_status":"closed","ping_status":"closed","template":"","meta":{"_acf_changed":false,"_monsterinsights_skip_tracking":false,"_monsterinsights_sitenote_active":false,"_monsterinsights_sitenote_note":"","_monsterinsights_sitenote_category":0,"footnotes":""},"class_list":["post-2294","page","type-page","status-publish","hentry"],"acf":[],"yoast_head":"<!-- This site is optimized with the Yoast SEO plugin v27.3 - https:\/\/yoast.com\/product\/yoast-seo-wordpress\/ -->\n<title>Metadatasta opiskelijoiden ohjaukseen - Flipped Learning<\/title>\n<meta name=\"robots\" content=\"index, follow, max-snippet:-1, max-image-preview:large, max-video-preview:-1\" \/>\n<link rel=\"canonical\" href=\"https:\/\/sites.uef.fi\/flippaus\/flippedlearning\/kehittamishankkeet\/metadatasta-opiskelijoiden-ohjaukseen\/\" \/>\n<meta property=\"og:locale\" content=\"fi_FI\" \/>\n<meta property=\"og:type\" content=\"article\" \/>\n<meta property=\"og:title\" content=\"Metadatasta opiskelijoiden ohjaukseen - Flipped Learning\" \/>\n<meta property=\"og:description\" content=\"Metadatasta opiskelijoiden ohjaukseen Hankkeen vastuuhenkil\u00f6 Vesa Paajanen, yliopistonlehtori, ymp\u00e4rist\u00f6- ja biotieteiden laitos Oppimisymp\u00e4rist\u00f6jen kehitt\u00e4mishanke keskittyi soveltamaan Moodlen lokitietoja ja oppimisanalytiikkaa mahdollisuutena auttaa opiskelijoita p\u00e4\u00e4sem\u00e4\u00e4n yliopistokurssista l\u00e4pi ja saavuttamaan paremmin itselleen sopivia oppimistavoitteita. Hanke perustui 2016 kehitettyyn Flipped classroom kurssiin Solu- ja molekyylibiologian perusteet, joka on j\u00e4rjestetty 2 kampuksella vuosittain n. 150 opiskelijalle. Kurssi sis\u00e4lt\u00e4\u00e4 runsaasti &hellip; Jatka lukemista &quot;Metadatasta opiskelijoiden ohjaukseen&quot;\" \/>\n<meta property=\"og:url\" content=\"https:\/\/sites.uef.fi\/flippaus\/flippedlearning\/kehittamishankkeet\/metadatasta-opiskelijoiden-ohjaukseen\/\" \/>\n<meta property=\"og:site_name\" content=\"Flipped Learning\" \/>\n<meta property=\"article:modified_time\" content=\"2023-10-31T07:22:52+00:00\" \/>\n<meta name=\"twitter:card\" content=\"summary_large_image\" \/>\n<meta name=\"twitter:label1\" content=\"Arvioitu lukuaika\" \/>\n\t<meta name=\"twitter:data1\" content=\"3 minuuttia\" \/>\n<script type=\"application\/ld+json\" class=\"yoast-schema-graph\">{\"@context\":\"https:\\\/\\\/schema.org\",\"@graph\":[{\"@type\":\"WebPage\",\"@id\":\"https:\\\/\\\/sites.uef.fi\\\/flippaus\\\/flippedlearning\\\/kehittamishankkeet\\\/metadatasta-opiskelijoiden-ohjaukseen\\\/\",\"url\":\"https:\\\/\\\/sites.uef.fi\\\/flippaus\\\/flippedlearning\\\/kehittamishankkeet\\\/metadatasta-opiskelijoiden-ohjaukseen\\\/\",\"name\":\"Metadatasta opiskelijoiden ohjaukseen - Flipped Learning\",\"isPartOf\":{\"@id\":\"https:\\\/\\\/sites.uef.fi\\\/flippaus\\\/#website\"},\"datePublished\":\"2020-12-15T20:26:39+00:00\",\"dateModified\":\"2023-10-31T07:22:52+00:00\",\"breadcrumb\":{\"@id\":\"https:\\\/\\\/sites.uef.fi\\\/flippaus\\\/flippedlearning\\\/kehittamishankkeet\\\/metadatasta-opiskelijoiden-ohjaukseen\\\/#breadcrumb\"},\"inLanguage\":\"fi\",\"potentialAction\":[{\"@type\":\"ReadAction\",\"target\":[\"https:\\\/\\\/sites.uef.fi\\\/flippaus\\\/flippedlearning\\\/kehittamishankkeet\\\/metadatasta-opiskelijoiden-ohjaukseen\\\/\"]}]},{\"@type\":\"BreadcrumbList\",\"@id\":\"https:\\\/\\\/sites.uef.fi\\\/flippaus\\\/flippedlearning\\\/kehittamishankkeet\\\/metadatasta-opiskelijoiden-ohjaukseen\\\/#breadcrumb\",\"itemListElement\":[{\"@type\":\"ListItem\",\"position\":1,\"name\":\"Home\",\"item\":\"https:\\\/\\\/sites.uef.fi\\\/flippaus\\\/\"},{\"@type\":\"ListItem\",\"position\":2,\"name\":\"Flipped Learning -hanke\",\"item\":\"https:\\\/\\\/sites.uef.fi\\\/flippaus\\\/flippedlearning\\\/\"},{\"@type\":\"ListItem\",\"position\":3,\"name\":\"Kehitt\u00e4mishankkeet\",\"item\":\"https:\\\/\\\/sites.uef.fi\\\/flippaus\\\/flippedlearning\\\/kehittamishankkeet\\\/\"},{\"@type\":\"ListItem\",\"position\":4,\"name\":\"Metadatasta opiskelijoiden ohjaukseen\"}]},{\"@type\":\"WebSite\",\"@id\":\"https:\\\/\\\/sites.uef.fi\\\/flippaus\\\/#website\",\"url\":\"https:\\\/\\\/sites.uef.fi\\\/flippaus\\\/\",\"name\":\"Flipped Learning\",\"description\":\"\",\"publisher\":{\"@id\":\"https:\\\/\\\/sites.uef.fi\\\/flippaus\\\/#organization\"},\"potentialAction\":[{\"@type\":\"SearchAction\",\"target\":{\"@type\":\"EntryPoint\",\"urlTemplate\":\"https:\\\/\\\/sites.uef.fi\\\/flippaus\\\/?s={search_term_string}\"},\"query-input\":{\"@type\":\"PropertyValueSpecification\",\"valueRequired\":true,\"valueName\":\"search_term_string\"}}],\"inLanguage\":\"fi\"},{\"@type\":\"Organization\",\"@id\":\"https:\\\/\\\/sites.uef.fi\\\/flippaus\\\/#organization\",\"name\":\"Flipped Learning\",\"url\":\"https:\\\/\\\/sites.uef.fi\\\/flippaus\\\/\",\"logo\":{\"@type\":\"ImageObject\",\"inLanguage\":\"fi\",\"@id\":\"https:\\\/\\\/sites.uef.fi\\\/flippaus\\\/#\\\/schema\\\/logo\\\/image\\\/\",\"url\":\"https:\\\/\\\/sites.uef.fi\\\/flippaus\\\/wp-content\\\/uploads\\\/sites\\\/83\\\/2020\\\/05\\\/cropped-UEF_wordpress_white.png\",\"contentUrl\":\"https:\\\/\\\/sites.uef.fi\\\/flippaus\\\/wp-content\\\/uploads\\\/sites\\\/83\\\/2020\\\/05\\\/cropped-UEF_wordpress_white.png\",\"width\":250,\"height\":250,\"caption\":\"Flipped Learning\"},\"image\":{\"@id\":\"https:\\\/\\\/sites.uef.fi\\\/flippaus\\\/#\\\/schema\\\/logo\\\/image\\\/\"}}]}<\/script>\n<!-- \/ Yoast SEO plugin. -->","yoast_head_json":{"title":"Metadatasta opiskelijoiden ohjaukseen - Flipped Learning","robots":{"index":"index","follow":"follow","max-snippet":"max-snippet:-1","max-image-preview":"max-image-preview:large","max-video-preview":"max-video-preview:-1"},"canonical":"https:\/\/sites.uef.fi\/flippaus\/flippedlearning\/kehittamishankkeet\/metadatasta-opiskelijoiden-ohjaukseen\/","og_locale":"fi_FI","og_type":"article","og_title":"Metadatasta opiskelijoiden ohjaukseen - Flipped Learning","og_description":"Metadatasta opiskelijoiden ohjaukseen Hankkeen vastuuhenkil\u00f6 Vesa Paajanen, yliopistonlehtori, ymp\u00e4rist\u00f6- ja biotieteiden laitos Oppimisymp\u00e4rist\u00f6jen kehitt\u00e4mishanke keskittyi soveltamaan Moodlen lokitietoja ja oppimisanalytiikkaa mahdollisuutena auttaa opiskelijoita p\u00e4\u00e4sem\u00e4\u00e4n yliopistokurssista l\u00e4pi ja saavuttamaan paremmin itselleen sopivia oppimistavoitteita. Hanke perustui 2016 kehitettyyn Flipped classroom kurssiin Solu- ja molekyylibiologian perusteet, joka on j\u00e4rjestetty 2 kampuksella vuosittain n. 150 opiskelijalle. Kurssi sis\u00e4lt\u00e4\u00e4 runsaasti &hellip; Jatka lukemista \"Metadatasta opiskelijoiden ohjaukseen\"","og_url":"https:\/\/sites.uef.fi\/flippaus\/flippedlearning\/kehittamishankkeet\/metadatasta-opiskelijoiden-ohjaukseen\/","og_site_name":"Flipped Learning","article_modified_time":"2023-10-31T07:22:52+00:00","twitter_card":"summary_large_image","twitter_misc":{"Arvioitu lukuaika":"3 minuuttia"},"schema":{"@context":"https:\/\/schema.org","@graph":[{"@type":"WebPage","@id":"https:\/\/sites.uef.fi\/flippaus\/flippedlearning\/kehittamishankkeet\/metadatasta-opiskelijoiden-ohjaukseen\/","url":"https:\/\/sites.uef.fi\/flippaus\/flippedlearning\/kehittamishankkeet\/metadatasta-opiskelijoiden-ohjaukseen\/","name":"Metadatasta opiskelijoiden ohjaukseen - Flipped Learning","isPartOf":{"@id":"https:\/\/sites.uef.fi\/flippaus\/#website"},"datePublished":"2020-12-15T20:26:39+00:00","dateModified":"2023-10-31T07:22:52+00:00","breadcrumb":{"@id":"https:\/\/sites.uef.fi\/flippaus\/flippedlearning\/kehittamishankkeet\/metadatasta-opiskelijoiden-ohjaukseen\/#breadcrumb"},"inLanguage":"fi","potentialAction":[{"@type":"ReadAction","target":["https:\/\/sites.uef.fi\/flippaus\/flippedlearning\/kehittamishankkeet\/metadatasta-opiskelijoiden-ohjaukseen\/"]}]},{"@type":"BreadcrumbList","@id":"https:\/\/sites.uef.fi\/flippaus\/flippedlearning\/kehittamishankkeet\/metadatasta-opiskelijoiden-ohjaukseen\/#breadcrumb","itemListElement":[{"@type":"ListItem","position":1,"name":"Home","item":"https:\/\/sites.uef.fi\/flippaus\/"},{"@type":"ListItem","position":2,"name":"Flipped Learning -hanke","item":"https:\/\/sites.uef.fi\/flippaus\/flippedlearning\/"},{"@type":"ListItem","position":3,"name":"Kehitt\u00e4mishankkeet","item":"https:\/\/sites.uef.fi\/flippaus\/flippedlearning\/kehittamishankkeet\/"},{"@type":"ListItem","position":4,"name":"Metadatasta opiskelijoiden ohjaukseen"}]},{"@type":"WebSite","@id":"https:\/\/sites.uef.fi\/flippaus\/#website","url":"https:\/\/sites.uef.fi\/flippaus\/","name":"Flipped Learning","description":"","publisher":{"@id":"https:\/\/sites.uef.fi\/flippaus\/#organization"},"potentialAction":[{"@type":"SearchAction","target":{"@type":"EntryPoint","urlTemplate":"https:\/\/sites.uef.fi\/flippaus\/?s={search_term_string}"},"query-input":{"@type":"PropertyValueSpecification","valueRequired":true,"valueName":"search_term_string"}}],"inLanguage":"fi"},{"@type":"Organization","@id":"https:\/\/sites.uef.fi\/flippaus\/#organization","name":"Flipped Learning","url":"https:\/\/sites.uef.fi\/flippaus\/","logo":{"@type":"ImageObject","inLanguage":"fi","@id":"https:\/\/sites.uef.fi\/flippaus\/#\/schema\/logo\/image\/","url":"https:\/\/sites.uef.fi\/flippaus\/wp-content\/uploads\/sites\/83\/2020\/05\/cropped-UEF_wordpress_white.png","contentUrl":"https:\/\/sites.uef.fi\/flippaus\/wp-content\/uploads\/sites\/83\/2020\/05\/cropped-UEF_wordpress_white.png","width":250,"height":250,"caption":"Flipped Learning"},"image":{"@id":"https:\/\/sites.uef.fi\/flippaus\/#\/schema\/logo\/image\/"}}]}},"_links":{"self":[{"href":"https:\/\/sites.uef.fi\/flippaus\/wp-json\/wp\/v2\/pages\/2294","targetHints":{"allow":["GET"]}}],"collection":[{"href":"https:\/\/sites.uef.fi\/flippaus\/wp-json\/wp\/v2\/pages"}],"about":[{"href":"https:\/\/sites.uef.fi\/flippaus\/wp-json\/wp\/v2\/types\/page"}],"author":[{"embeddable":true,"href":"https:\/\/sites.uef.fi\/flippaus\/wp-json\/wp\/v2\/users\/176"}],"replies":[{"embeddable":true,"href":"https:\/\/sites.uef.fi\/flippaus\/wp-json\/wp\/v2\/comments?post=2294"}],"version-history":[{"count":2,"href":"https:\/\/sites.uef.fi\/flippaus\/wp-json\/wp\/v2\/pages\/2294\/revisions"}],"predecessor-version":[{"id":3463,"href":"https:\/\/sites.uef.fi\/flippaus\/wp-json\/wp\/v2\/pages\/2294\/revisions\/3463"}],"up":[{"embeddable":true,"href":"https:\/\/sites.uef.fi\/flippaus\/wp-json\/wp\/v2\/pages\/1067"}],"wp:attachment":[{"href":"https:\/\/sites.uef.fi\/flippaus\/wp-json\/wp\/v2\/media?parent=2294"}],"curies":[{"name":"wp","href":"https:\/\/api.w.org\/{rel}","templated":true}]}}