{"id":2336,"date":"2020-12-15T22:46:10","date_gmt":"2020-12-15T20:46:10","guid":{"rendered":"https:\/\/sites.uef.fi\/flippaus\/?page_id=2336"},"modified":"2020-12-17T13:31:31","modified_gmt":"2020-12-17T11:31:31","slug":"nyt-riittaa-luennointi","status":"publish","type":"page","link":"https:\/\/sites.uef.fi\/flippaus\/flippedlearning\/kehittamishankkeet\/nyt-riittaa-luennointi\/","title":{"rendered":"Nyt riitt\u00e4\u00e4 luennointi"},"content":{"rendered":"\n<h1 class=\"wp-block-heading\" id=\"yui_patched_v3_11_0_1_1608064649082_445\">Nyt riitt\u00e4\u00e4 luennointi! Peruskurssia flippaamaan<\/h1>\n\n\n\n<p><em>Helena Kantanen &amp; Outi-Maaria Palo-oja, Kauppatieteiden laitos<\/em><\/p>\n\n\n\n<p>T\u00e4ss\u00e4 raportissa on useita alasivuja, joihin p\u00e4\u00e4see yl\u00e4reunan navigaatiosta. Sivun lopusta l\u00f6ytyv\u00e4\u00e4 kuvaketta klikkaamalla p\u00e4\u00e4see siirtym\u00e4\u00e4n seuraavalle sivulle.<\/p>\n\n\n\n<h2 class=\"wp-block-heading\">Taustaa<\/h2>\n\n\n\n<p>Markkinoinnin perusteet -kurssilla (6 op) oli aiemmin 30 tuntia luokkaopetusta, josta noin 24 tuntia oli luennointia ja kuusi tuntia opiskelijoitten case-esityksi\u00e4. Yritystapaukset oli etsitty englanninkielisist\u00e4 markkinoinnin oppikirjoista ja esitykset valmisteltiin noin kuuden hengen ryhmiss\u00e4. Luokkatapaamisen aluksi oli yleens\u00e4 esitys tai kaksi edellisen luentokerran teemasta ja sitten mentiin uuteen aiheeseen. Oppimisen arviointi perustui monivalintatenttiin.<\/p>\n\n\n\n<figure class=\"wp-block-image size-large\"><img loading=\"lazy\" decoding=\"async\" width=\"453\" height=\"603\" src=\"https:\/\/sites.uef.fi\/flippaus\/wp-content\/uploads\/sites\/83\/2020\/12\/Kuva1.jpg\" alt=\"\" class=\"wp-image-2345\" srcset=\"https:\/\/sites.uef.fi\/flippaus\/wp-content\/uploads\/sites\/83\/2020\/12\/Kuva1.jpg 453w, https:\/\/sites.uef.fi\/flippaus\/wp-content\/uploads\/sites\/83\/2020\/12\/Kuva1-225x300.jpg 225w\" sizes=\"auto, (max-width: 453px) 100vw, 453px\" \/><figcaption>L\u00e4ht\u00f6tilanne. Kuva: Perttu Pakkanen<\/figcaption><\/figure>\n\n\n\n<p>Luennoilla k\u00e4ytiin vaihtelevasti, varsinkin sivuaineopiskelijoilla oli vaikeuksia mahduttaa luentoja lukuj\u00e4rjestyksiins\u00e4. Monivalintatentti koettiin vaikeaksi, hylk\u00e4\u00e4misprosentti oli melko korkea (takavuosina jopa 30 %, erilaisten kehitt\u00e4mistoimien j\u00e4lkeen 15 %), joten oli ilmeist\u00e4, ett\u00e4 kurssin ty\u00f6skentelytavat eiv\u00e4t tukeneet oppimista parhaalla mahdollisella tavalla.<\/p>\n\n\n\n<p>Aiemmin kauppatieteiden fukseilla oli etuly\u00f6ntiasema, koska he olivat opiskelleet markkinointia jo p\u00e4\u00e4sykoekirjoista. Vuodesta 2018 alkaen opiskelijat ovat tulleet kauppatieteisiin lukiokurssien tiedoilla, joten samanlaista eroa p\u00e4\u00e4- ja sivuaineopiskelijoiden v\u00e4lill\u00e4 ei en\u00e4\u00e4 ole. Toisaalta opiskeluvalmiuksien ja -taitojen osalta fuksit ja paljon pidemm\u00e4lle edenneet sivuaineopiskelijat ovat hyvin erilaisessa tilanteessa, joten heterogeenisuus leimaa kurssia edelleen.<\/p>\n\n\n\n<p>Kurssin uudistus liittyi keskeisesti my\u00f6s koko yliopiston tavoitteisiin rakentaa fukseille hyv\u00e4 ensimm\u00e4inen vuosi ja auttaa heit\u00e4 kiinnittym\u00e4\u00e4n entist\u00e4 paremmin opiskelukaupunkiin, yliopistoon, omaan tieteenalaan ja tulevaisuuden ty\u00f6teht\u00e4viin. Uudistuksen ajankohta oli siten varsin otollinen.<\/p>\n\n\n\n<p>Kurssilla oli v. 2019 yhteens\u00e4 106 opiskelijaa, joista vajaa puolet oli kauppatieteiden fukseja ja reilu puolet kauppatieteiden sivuaineopiskelijoita tai yksitt\u00e4isen kauppatieteiden kurssin opiskelijoita.<\/p>\n\n\n\n<div class=\"wp-block-buttons is-layout-flex wp-block-buttons-is-layout-flex\">\n<div class=\"wp-block-button is-style-fill\"><a class=\"wp-block-button__link has-background\" href=\"https:\/\/sites.uef.fi\/flippaus\/fl-hanke\/kehittamishankkeet\/nyt-riittaa-luennointi\/tavoitteet\/\" style=\"background-color:#1f9cb0\">TAVOITTEET, AIKATAULU &amp; OPPIMATERIAALI &gt;<\/a><\/div>\n<\/div>\n\n\n\n<p><\/p>\n","protected":false},"excerpt":{"rendered":"<p>Nyt riitt\u00e4\u00e4 luennointi! Peruskurssia flippaamaan Helena Kantanen &amp; Outi-Maaria Palo-oja, Kauppatieteiden laitos T\u00e4ss\u00e4 raportissa on useita alasivuja, joihin p\u00e4\u00e4see yl\u00e4reunan navigaatiosta. Sivun lopusta l\u00f6ytyv\u00e4\u00e4 kuvaketta klikkaamalla p\u00e4\u00e4see siirtym\u00e4\u00e4n seuraavalle sivulle. Taustaa Markkinoinnin perusteet -kurssilla (6 op) oli aiemmin 30 tuntia luokkaopetusta, josta noin 24 tuntia oli luennointia ja kuusi tuntia opiskelijoitten case-esityksi\u00e4. Yritystapaukset oli etsitty &hellip; <\/p>\n<p class=\"link-more\"><a href=\"https:\/\/sites.uef.fi\/flippaus\/flippedlearning\/kehittamishankkeet\/nyt-riittaa-luennointi\/\" class=\"more-link\">Jatka lukemista<span class=\"screen-reader-text\"> &#8221;Nyt riitt\u00e4\u00e4 luennointi&#8221;<\/span><\/a><\/p>\n","protected":false},"author":176,"featured_media":0,"parent":1067,"menu_order":4,"comment_status":"closed","ping_status":"closed","template":"","meta":{"_acf_changed":false,"_monsterinsights_skip_tracking":false,"_monsterinsights_sitenote_active":false,"_monsterinsights_sitenote_note":"","_monsterinsights_sitenote_category":0,"footnotes":""},"class_list":["post-2336","page","type-page","status-publish","hentry"],"acf":[],"yoast_head":"<!-- This site is optimized with the Yoast SEO plugin v27.1.1 - https:\/\/yoast.com\/product\/yoast-seo-wordpress\/ -->\n<title>Nyt riitt\u00e4\u00e4 luennointi - Flipped Learning<\/title>\n<meta name=\"robots\" content=\"index, follow, max-snippet:-1, max-image-preview:large, max-video-preview:-1\" \/>\n<link rel=\"canonical\" href=\"https:\/\/sites.uef.fi\/flippaus\/flippedlearning\/kehittamishankkeet\/nyt-riittaa-luennointi\/\" \/>\n<meta property=\"og:locale\" content=\"fi_FI\" \/>\n<meta property=\"og:type\" content=\"article\" \/>\n<meta property=\"og:title\" content=\"Nyt riitt\u00e4\u00e4 luennointi - Flipped Learning\" \/>\n<meta property=\"og:description\" content=\"Nyt riitt\u00e4\u00e4 luennointi! Peruskurssia flippaamaan Helena Kantanen &amp; Outi-Maaria Palo-oja, Kauppatieteiden laitos T\u00e4ss\u00e4 raportissa on useita alasivuja, joihin p\u00e4\u00e4see yl\u00e4reunan navigaatiosta. Sivun lopusta l\u00f6ytyv\u00e4\u00e4 kuvaketta klikkaamalla p\u00e4\u00e4see siirtym\u00e4\u00e4n seuraavalle sivulle. Taustaa Markkinoinnin perusteet -kurssilla (6 op) oli aiemmin 30 tuntia luokkaopetusta, josta noin 24 tuntia oli luennointia ja kuusi tuntia opiskelijoitten case-esityksi\u00e4. Yritystapaukset oli etsitty &hellip; Jatka lukemista &quot;Nyt riitt\u00e4\u00e4 luennointi&quot;\" \/>\n<meta property=\"og:url\" content=\"https:\/\/sites.uef.fi\/flippaus\/flippedlearning\/kehittamishankkeet\/nyt-riittaa-luennointi\/\" \/>\n<meta property=\"og:site_name\" content=\"Flipped Learning\" \/>\n<meta property=\"article:modified_time\" content=\"2020-12-17T11:31:31+00:00\" \/>\n<meta property=\"og:image\" content=\"https:\/\/sites.uef.fi\/flippaus\/wp-content\/uploads\/sites\/83\/2020\/12\/Kuva1.jpg\" \/>\n<meta name=\"twitter:card\" content=\"summary_large_image\" \/>\n<meta name=\"twitter:label1\" content=\"Arvioitu lukuaika\" \/>\n\t<meta name=\"twitter:data1\" content=\"1 minuutti\" \/>\n<script type=\"application\/ld+json\" class=\"yoast-schema-graph\">{\"@context\":\"https:\/\/schema.org\",\"@graph\":[{\"@type\":\"WebPage\",\"@id\":\"https:\/\/sites.uef.fi\/flippaus\/flippedlearning\/kehittamishankkeet\/nyt-riittaa-luennointi\/\",\"url\":\"https:\/\/sites.uef.fi\/flippaus\/flippedlearning\/kehittamishankkeet\/nyt-riittaa-luennointi\/\",\"name\":\"Nyt riitt\u00e4\u00e4 luennointi - Flipped Learning\",\"isPartOf\":{\"@id\":\"https:\/\/sites.uef.fi\/flippaus\/#website\"},\"primaryImageOfPage\":{\"@id\":\"https:\/\/sites.uef.fi\/flippaus\/flippedlearning\/kehittamishankkeet\/nyt-riittaa-luennointi\/#primaryimage\"},\"image\":{\"@id\":\"https:\/\/sites.uef.fi\/flippaus\/flippedlearning\/kehittamishankkeet\/nyt-riittaa-luennointi\/#primaryimage\"},\"thumbnailUrl\":\"https:\/\/sites.uef.fi\/flippaus\/wp-content\/uploads\/sites\/83\/2020\/12\/Kuva1.jpg\",\"datePublished\":\"2020-12-15T20:46:10+00:00\",\"dateModified\":\"2020-12-17T11:31:31+00:00\",\"breadcrumb\":{\"@id\":\"https:\/\/sites.uef.fi\/flippaus\/flippedlearning\/kehittamishankkeet\/nyt-riittaa-luennointi\/#breadcrumb\"},\"inLanguage\":\"fi\",\"potentialAction\":[{\"@type\":\"ReadAction\",\"target\":[\"https:\/\/sites.uef.fi\/flippaus\/flippedlearning\/kehittamishankkeet\/nyt-riittaa-luennointi\/\"]}]},{\"@type\":\"ImageObject\",\"inLanguage\":\"fi\",\"@id\":\"https:\/\/sites.uef.fi\/flippaus\/flippedlearning\/kehittamishankkeet\/nyt-riittaa-luennointi\/#primaryimage\",\"url\":\"https:\/\/sites.uef.fi\/flippaus\/wp-content\/uploads\/sites\/83\/2020\/12\/Kuva1.jpg\",\"contentUrl\":\"https:\/\/sites.uef.fi\/flippaus\/wp-content\/uploads\/sites\/83\/2020\/12\/Kuva1.jpg\",\"width\":453,\"height\":603,\"caption\":\"L\u00e4ht\u00f6tilanne\"},{\"@type\":\"BreadcrumbList\",\"@id\":\"https:\/\/sites.uef.fi\/flippaus\/flippedlearning\/kehittamishankkeet\/nyt-riittaa-luennointi\/#breadcrumb\",\"itemListElement\":[{\"@type\":\"ListItem\",\"position\":1,\"name\":\"Home\",\"item\":\"https:\/\/sites.uef.fi\/flippaus\/\"},{\"@type\":\"ListItem\",\"position\":2,\"name\":\"Flipped Learning -hanke\",\"item\":\"https:\/\/sites.uef.fi\/flippaus\/flippedlearning\/\"},{\"@type\":\"ListItem\",\"position\":3,\"name\":\"Kehitt\u00e4mishankkeet\",\"item\":\"https:\/\/sites.uef.fi\/flippaus\/flippedlearning\/kehittamishankkeet\/\"},{\"@type\":\"ListItem\",\"position\":4,\"name\":\"Nyt riitt\u00e4\u00e4 luennointi\"}]},{\"@type\":\"WebSite\",\"@id\":\"https:\/\/sites.uef.fi\/flippaus\/#website\",\"url\":\"https:\/\/sites.uef.fi\/flippaus\/\",\"name\":\"Flipped Learning\",\"description\":\"\",\"publisher\":{\"@id\":\"https:\/\/sites.uef.fi\/flippaus\/#organization\"},\"potentialAction\":[{\"@type\":\"SearchAction\",\"target\":{\"@type\":\"EntryPoint\",\"urlTemplate\":\"https:\/\/sites.uef.fi\/flippaus\/?s={search_term_string}\"},\"query-input\":{\"@type\":\"PropertyValueSpecification\",\"valueRequired\":true,\"valueName\":\"search_term_string\"}}],\"inLanguage\":\"fi\"},{\"@type\":\"Organization\",\"@id\":\"https:\/\/sites.uef.fi\/flippaus\/#organization\",\"name\":\"Flipped Learning\",\"url\":\"https:\/\/sites.uef.fi\/flippaus\/\",\"logo\":{\"@type\":\"ImageObject\",\"inLanguage\":\"fi\",\"@id\":\"https:\/\/sites.uef.fi\/flippaus\/#\/schema\/logo\/image\/\",\"url\":\"https:\/\/sites.uef.fi\/flippaus\/wp-content\/uploads\/sites\/83\/2020\/05\/cropped-UEF_wordpress_white.png\",\"contentUrl\":\"https:\/\/sites.uef.fi\/flippaus\/wp-content\/uploads\/sites\/83\/2020\/05\/cropped-UEF_wordpress_white.png\",\"width\":250,\"height\":250,\"caption\":\"Flipped Learning\"},\"image\":{\"@id\":\"https:\/\/sites.uef.fi\/flippaus\/#\/schema\/logo\/image\/\"}}]}<\/script>\n<!-- \/ Yoast SEO plugin. -->","yoast_head_json":{"title":"Nyt riitt\u00e4\u00e4 luennointi - Flipped Learning","robots":{"index":"index","follow":"follow","max-snippet":"max-snippet:-1","max-image-preview":"max-image-preview:large","max-video-preview":"max-video-preview:-1"},"canonical":"https:\/\/sites.uef.fi\/flippaus\/flippedlearning\/kehittamishankkeet\/nyt-riittaa-luennointi\/","og_locale":"fi_FI","og_type":"article","og_title":"Nyt riitt\u00e4\u00e4 luennointi - Flipped Learning","og_description":"Nyt riitt\u00e4\u00e4 luennointi! Peruskurssia flippaamaan Helena Kantanen &amp; Outi-Maaria Palo-oja, Kauppatieteiden laitos T\u00e4ss\u00e4 raportissa on useita alasivuja, joihin p\u00e4\u00e4see yl\u00e4reunan navigaatiosta. Sivun lopusta l\u00f6ytyv\u00e4\u00e4 kuvaketta klikkaamalla p\u00e4\u00e4see siirtym\u00e4\u00e4n seuraavalle sivulle. Taustaa Markkinoinnin perusteet -kurssilla (6 op) oli aiemmin 30 tuntia luokkaopetusta, josta noin 24 tuntia oli luennointia ja kuusi tuntia opiskelijoitten case-esityksi\u00e4. Yritystapaukset oli etsitty &hellip; Jatka lukemista \"Nyt riitt\u00e4\u00e4 luennointi\"","og_url":"https:\/\/sites.uef.fi\/flippaus\/flippedlearning\/kehittamishankkeet\/nyt-riittaa-luennointi\/","og_site_name":"Flipped Learning","article_modified_time":"2020-12-17T11:31:31+00:00","og_image":[{"url":"https:\/\/sites.uef.fi\/flippaus\/wp-content\/uploads\/sites\/83\/2020\/12\/Kuva1.jpg","type":"","width":"","height":""}],"twitter_card":"summary_large_image","twitter_misc":{"Arvioitu lukuaika":"1 minuutti"},"schema":{"@context":"https:\/\/schema.org","@graph":[{"@type":"WebPage","@id":"https:\/\/sites.uef.fi\/flippaus\/flippedlearning\/kehittamishankkeet\/nyt-riittaa-luennointi\/","url":"https:\/\/sites.uef.fi\/flippaus\/flippedlearning\/kehittamishankkeet\/nyt-riittaa-luennointi\/","name":"Nyt riitt\u00e4\u00e4 luennointi - Flipped Learning","isPartOf":{"@id":"https:\/\/sites.uef.fi\/flippaus\/#website"},"primaryImageOfPage":{"@id":"https:\/\/sites.uef.fi\/flippaus\/flippedlearning\/kehittamishankkeet\/nyt-riittaa-luennointi\/#primaryimage"},"image":{"@id":"https:\/\/sites.uef.fi\/flippaus\/flippedlearning\/kehittamishankkeet\/nyt-riittaa-luennointi\/#primaryimage"},"thumbnailUrl":"https:\/\/sites.uef.fi\/flippaus\/wp-content\/uploads\/sites\/83\/2020\/12\/Kuva1.jpg","datePublished":"2020-12-15T20:46:10+00:00","dateModified":"2020-12-17T11:31:31+00:00","breadcrumb":{"@id":"https:\/\/sites.uef.fi\/flippaus\/flippedlearning\/kehittamishankkeet\/nyt-riittaa-luennointi\/#breadcrumb"},"inLanguage":"fi","potentialAction":[{"@type":"ReadAction","target":["https:\/\/sites.uef.fi\/flippaus\/flippedlearning\/kehittamishankkeet\/nyt-riittaa-luennointi\/"]}]},{"@type":"ImageObject","inLanguage":"fi","@id":"https:\/\/sites.uef.fi\/flippaus\/flippedlearning\/kehittamishankkeet\/nyt-riittaa-luennointi\/#primaryimage","url":"https:\/\/sites.uef.fi\/flippaus\/wp-content\/uploads\/sites\/83\/2020\/12\/Kuva1.jpg","contentUrl":"https:\/\/sites.uef.fi\/flippaus\/wp-content\/uploads\/sites\/83\/2020\/12\/Kuva1.jpg","width":453,"height":603,"caption":"L\u00e4ht\u00f6tilanne"},{"@type":"BreadcrumbList","@id":"https:\/\/sites.uef.fi\/flippaus\/flippedlearning\/kehittamishankkeet\/nyt-riittaa-luennointi\/#breadcrumb","itemListElement":[{"@type":"ListItem","position":1,"name":"Home","item":"https:\/\/sites.uef.fi\/flippaus\/"},{"@type":"ListItem","position":2,"name":"Flipped Learning -hanke","item":"https:\/\/sites.uef.fi\/flippaus\/flippedlearning\/"},{"@type":"ListItem","position":3,"name":"Kehitt\u00e4mishankkeet","item":"https:\/\/sites.uef.fi\/flippaus\/flippedlearning\/kehittamishankkeet\/"},{"@type":"ListItem","position":4,"name":"Nyt riitt\u00e4\u00e4 luennointi"}]},{"@type":"WebSite","@id":"https:\/\/sites.uef.fi\/flippaus\/#website","url":"https:\/\/sites.uef.fi\/flippaus\/","name":"Flipped Learning","description":"","publisher":{"@id":"https:\/\/sites.uef.fi\/flippaus\/#organization"},"potentialAction":[{"@type":"SearchAction","target":{"@type":"EntryPoint","urlTemplate":"https:\/\/sites.uef.fi\/flippaus\/?s={search_term_string}"},"query-input":{"@type":"PropertyValueSpecification","valueRequired":true,"valueName":"search_term_string"}}],"inLanguage":"fi"},{"@type":"Organization","@id":"https:\/\/sites.uef.fi\/flippaus\/#organization","name":"Flipped Learning","url":"https:\/\/sites.uef.fi\/flippaus\/","logo":{"@type":"ImageObject","inLanguage":"fi","@id":"https:\/\/sites.uef.fi\/flippaus\/#\/schema\/logo\/image\/","url":"https:\/\/sites.uef.fi\/flippaus\/wp-content\/uploads\/sites\/83\/2020\/05\/cropped-UEF_wordpress_white.png","contentUrl":"https:\/\/sites.uef.fi\/flippaus\/wp-content\/uploads\/sites\/83\/2020\/05\/cropped-UEF_wordpress_white.png","width":250,"height":250,"caption":"Flipped Learning"},"image":{"@id":"https:\/\/sites.uef.fi\/flippaus\/#\/schema\/logo\/image\/"}}]}},"_links":{"self":[{"href":"https:\/\/sites.uef.fi\/flippaus\/wp-json\/wp\/v2\/pages\/2336","targetHints":{"allow":["GET"]}}],"collection":[{"href":"https:\/\/sites.uef.fi\/flippaus\/wp-json\/wp\/v2\/pages"}],"about":[{"href":"https:\/\/sites.uef.fi\/flippaus\/wp-json\/wp\/v2\/types\/page"}],"author":[{"embeddable":true,"href":"https:\/\/sites.uef.fi\/flippaus\/wp-json\/wp\/v2\/users\/176"}],"replies":[{"embeddable":true,"href":"https:\/\/sites.uef.fi\/flippaus\/wp-json\/wp\/v2\/comments?post=2336"}],"version-history":[{"count":2,"href":"https:\/\/sites.uef.fi\/flippaus\/wp-json\/wp\/v2\/pages\/2336\/revisions"}],"predecessor-version":[{"id":2435,"href":"https:\/\/sites.uef.fi\/flippaus\/wp-json\/wp\/v2\/pages\/2336\/revisions\/2435"}],"up":[{"embeddable":true,"href":"https:\/\/sites.uef.fi\/flippaus\/wp-json\/wp\/v2\/pages\/1067"}],"wp:attachment":[{"href":"https:\/\/sites.uef.fi\/flippaus\/wp-json\/wp\/v2\/media?parent=2336"}],"curies":[{"name":"wp","href":"https:\/\/api.w.org\/{rel}","templated":true}]}}