{"id":2438,"date":"2020-12-15T23:14:19","date_gmt":"2020-12-15T21:14:19","guid":{"rendered":"https:\/\/sites.uef.fi\/flippaus\/?page_id=2438"},"modified":"2023-10-31T09:23:24","modified_gmt":"2023-10-31T07:23:24","slug":"ohjaajatiimi","status":"publish","type":"page","link":"https:\/\/sites.uef.fi\/flippaus\/flippedlearning\/kehittamishankkeet\/nyt-riittaa-luennointi\/ohjaajatiimi\/","title":{"rendered":"Ohjaajatiimi"},"content":{"rendered":"\n<h1 class=\"wp-block-heading\" id=\"yui_patched_v3_11_0_1_1608066683892_447\">Ohjaajatiimi<\/h1>\n\n\n\n<p>Kurssin ohjaajatiimiin kuului kaksi yliopistonlehtoria, kolme opetusavustajaa ja aikuiskasvatustieteen opetusharjoittelija. Helena Kantanen vastasi kurssin kokonaisuuden suunnittelusta ja toteuttamista sek\u00e4 opetusvideoista. Outi-Maaria Palo-oja vastasi mm. videoiden editoinnista ja itseopiskeluteht\u00e4vist\u00e4 sek\u00e4 opetusteknologiasta. Kaikki toimivat harjoituksissa ryhm\u00e4nohjaajina.<\/p>\n\n\n\n<p>Ohjaajien teht\u00e4v\u00e4t oli m\u00e4\u00e4ritelty seuraavasti:<\/p>\n\n\n\n<ul class=\"wp-block-list\">\n<li>On puolueeton sis\u00e4ll\u00f6n suhteen<\/li>\n\n\n\n<li>Sitoutuu siihen, ett\u00e4 ryhm\u00e4 saavuttaa p\u00e4\u00e4m\u00e4\u00e4r\u00e4ns\u00e4<\/li>\n\n\n\n<li>Edist\u00e4\u00e4 ryhm\u00e4n ja yksil\u00f6iden ty\u00f6skentely\u00e4 yll\u00e4pit\u00e4m\u00e4ll\u00e4 rakentavaa ja positiivista ilmapiiri\u00e4<\/li>\n\n\n\n<li>Rohkaisee ja varmistaa kaikkien osallistumisen ihmisten erilaisuutta kunnioittaen<\/li>\n\n\n\n<li>Varmistaa tulosten tallentamisen ja sen, ett\u00e4 kaikki tiet\u00e4v\u00e4t mit\u00e4 tehd\u00e4\u00e4n ja mit\u00e4 on sovittu<\/li>\n\n\n\n<li>Vastaa aikataulussa pysymisest\u00e4 ja ty\u00f6n etenemisest\u00e4<br>(Summa, T. &amp; Tuominen, K. 2009. Fasilitaattorin ty\u00f6kirja)<\/li>\n<\/ul>\n\n\n\n<p>Kurssin Moodle-sivuilla oli tiimille oma suljettu alueensa, miss\u00e4 jaettiin erilaisia pedagogisia vinkkej\u00e4 ja alla esitelty, viikoittain p\u00e4ivittyv\u00e4 kurssik\u00e4sikirja.<\/p>\n\n\n\n<p>N\u00e4in ohjaajatiimi esitt\u00e4ytyi kurssin Moodle-sivuilla (klikkaamalla saa kuvan suuremmaksi):<\/p>\n\n\n\n<figure class=\"wp-block-image size-full is-resized\"><a href=\"https:\/\/padlet.com\/palooja\/MAR2019_staff\" target=\"_blank\" rel=\"noreferrer noopener\"><img loading=\"lazy\" decoding=\"async\" width=\"1470\" height=\"861\" src=\"https:\/\/sites.uef.fi\/flippaus\/wp-content\/uploads\/sites\/83\/2020\/12\/Kuva3.jpg\" alt=\"kuvassa on ohjaajatiimin j\u00e4senten kuvat ja lyhyet esittelyt\" class=\"wp-image-2351\" style=\"width:735px;height:431px\" srcset=\"https:\/\/sites.uef.fi\/flippaus\/wp-content\/uploads\/sites\/83\/2020\/12\/Kuva3.jpg 1470w, https:\/\/sites.uef.fi\/flippaus\/wp-content\/uploads\/sites\/83\/2020\/12\/Kuva3-300x176.jpg 300w, https:\/\/sites.uef.fi\/flippaus\/wp-content\/uploads\/sites\/83\/2020\/12\/Kuva3-1024x600.jpg 1024w, https:\/\/sites.uef.fi\/flippaus\/wp-content\/uploads\/sites\/83\/2020\/12\/Kuva3-768x450.jpg 768w\" sizes=\"auto, (max-width: 706px) 89vw, (max-width: 767px) 82vw, 740px\" \/><\/a><\/figure>\n\n\n\n<p>Videolla (kesto 38 sekuntia) opetusavustajat kertovat kokemuksistaan.<\/p>\n\n\n<iframe loading=\"lazy\" src=\"https:\/\/uef.cloud.panopto.eu\/Panopto\/Pages\/Embed.aspx?id=0ae006cd-93f6-4648-8069-b0980086b5a2&autoplay=false&offerviewer=false&showtitle=false&showbrand=false&captions=false&interactivity=none\" height=\"375\" width=\"500\" style=\"border: 1px solid #464646;\" allowfullscreen allow=\"autoplay\" aria-label=\"Panopto Embedded Video Player\"><\/iframe>\n\n\n\n<div class=\"wp-block-buttons is-layout-flex wp-block-buttons-is-layout-flex\">\n<div class=\"wp-block-button\"><a class=\"wp-block-button__link has-background wp-element-button\" href=\"https:\/\/sites.uef.fi\/flippaus\/fl-hanke\/kehittamishankkeet\/nyt-riittaa-luennointi\/kurssikasikirja\/\" style=\"background-color:#1f9cb0\">KURSSIK\u00c4SIKIRJA &gt;<\/a><\/div>\n<\/div>\n","protected":false},"excerpt":{"rendered":"<p>Ohjaajatiimi Kurssin ohjaajatiimiin kuului kaksi yliopistonlehtoria, kolme opetusavustajaa ja aikuiskasvatustieteen opetusharjoittelija. Helena Kantanen vastasi kurssin kokonaisuuden suunnittelusta ja toteuttamista sek\u00e4 opetusvideoista. Outi-Maaria Palo-oja vastasi mm. videoiden editoinnista ja itseopiskeluteht\u00e4vist\u00e4 sek\u00e4 opetusteknologiasta. Kaikki toimivat harjoituksissa ryhm\u00e4nohjaajina. Ohjaajien teht\u00e4v\u00e4t oli m\u00e4\u00e4ritelty seuraavasti: Kurssin Moodle-sivuilla oli tiimille oma suljettu alueensa, miss\u00e4 jaettiin erilaisia pedagogisia vinkkej\u00e4 ja alla esitelty, &hellip; <\/p>\n<p class=\"link-more\"><a href=\"https:\/\/sites.uef.fi\/flippaus\/flippedlearning\/kehittamishankkeet\/nyt-riittaa-luennointi\/ohjaajatiimi\/\" class=\"more-link\">Jatka lukemista<span class=\"screen-reader-text\"> &#8221;Ohjaajatiimi&#8221;<\/span><\/a><\/p>\n","protected":false},"author":176,"featured_media":0,"parent":2336,"menu_order":1,"comment_status":"closed","ping_status":"closed","template":"","meta":{"_acf_changed":false,"_monsterinsights_skip_tracking":false,"_monsterinsights_sitenote_active":false,"_monsterinsights_sitenote_note":"","_monsterinsights_sitenote_category":0,"footnotes":""},"class_list":["post-2438","page","type-page","status-publish","hentry"],"acf":[],"yoast_head":"<!-- This site is optimized with the Yoast SEO plugin v27.1.1 - https:\/\/yoast.com\/product\/yoast-seo-wordpress\/ -->\n<title>Ohjaajatiimi - Flipped Learning<\/title>\n<meta name=\"robots\" content=\"index, follow, max-snippet:-1, max-image-preview:large, max-video-preview:-1\" \/>\n<link rel=\"canonical\" href=\"https:\/\/sites.uef.fi\/flippaus\/flippedlearning\/kehittamishankkeet\/nyt-riittaa-luennointi\/ohjaajatiimi\/\" \/>\n<meta property=\"og:locale\" content=\"fi_FI\" \/>\n<meta property=\"og:type\" content=\"article\" \/>\n<meta property=\"og:title\" content=\"Ohjaajatiimi - Flipped Learning\" \/>\n<meta property=\"og:description\" content=\"Ohjaajatiimi Kurssin ohjaajatiimiin kuului kaksi yliopistonlehtoria, kolme opetusavustajaa ja aikuiskasvatustieteen opetusharjoittelija. Helena Kantanen vastasi kurssin kokonaisuuden suunnittelusta ja toteuttamista sek\u00e4 opetusvideoista. Outi-Maaria Palo-oja vastasi mm. videoiden editoinnista ja itseopiskeluteht\u00e4vist\u00e4 sek\u00e4 opetusteknologiasta. Kaikki toimivat harjoituksissa ryhm\u00e4nohjaajina. Ohjaajien teht\u00e4v\u00e4t oli m\u00e4\u00e4ritelty seuraavasti: Kurssin Moodle-sivuilla oli tiimille oma suljettu alueensa, miss\u00e4 jaettiin erilaisia pedagogisia vinkkej\u00e4 ja alla esitelty, &hellip; Jatka lukemista &quot;Ohjaajatiimi&quot;\" \/>\n<meta property=\"og:url\" content=\"https:\/\/sites.uef.fi\/flippaus\/flippedlearning\/kehittamishankkeet\/nyt-riittaa-luennointi\/ohjaajatiimi\/\" \/>\n<meta property=\"og:site_name\" content=\"Flipped Learning\" \/>\n<meta property=\"article:modified_time\" content=\"2023-10-31T07:23:24+00:00\" \/>\n<meta property=\"og:image\" content=\"https:\/\/sites.uef.fi\/flippaus\/wp-content\/uploads\/sites\/83\/2020\/12\/Kuva3.jpg\" \/>\n<meta name=\"twitter:card\" content=\"summary_large_image\" \/>\n<meta name=\"twitter:label1\" content=\"Arvioitu lukuaika\" \/>\n\t<meta name=\"twitter:data1\" content=\"2 minuuttia\" \/>\n<script type=\"application\/ld+json\" class=\"yoast-schema-graph\">{\"@context\":\"https:\/\/schema.org\",\"@graph\":[{\"@type\":\"WebPage\",\"@id\":\"https:\/\/sites.uef.fi\/flippaus\/flippedlearning\/kehittamishankkeet\/nyt-riittaa-luennointi\/ohjaajatiimi\/\",\"url\":\"https:\/\/sites.uef.fi\/flippaus\/flippedlearning\/kehittamishankkeet\/nyt-riittaa-luennointi\/ohjaajatiimi\/\",\"name\":\"Ohjaajatiimi - Flipped Learning\",\"isPartOf\":{\"@id\":\"https:\/\/sites.uef.fi\/flippaus\/#website\"},\"primaryImageOfPage\":{\"@id\":\"https:\/\/sites.uef.fi\/flippaus\/flippedlearning\/kehittamishankkeet\/nyt-riittaa-luennointi\/ohjaajatiimi\/#primaryimage\"},\"image\":{\"@id\":\"https:\/\/sites.uef.fi\/flippaus\/flippedlearning\/kehittamishankkeet\/nyt-riittaa-luennointi\/ohjaajatiimi\/#primaryimage\"},\"thumbnailUrl\":\"https:\/\/sites.uef.fi\/flippaus\/wp-content\/uploads\/sites\/83\/2020\/12\/Kuva3.jpg\",\"datePublished\":\"2020-12-15T21:14:19+00:00\",\"dateModified\":\"2023-10-31T07:23:24+00:00\",\"breadcrumb\":{\"@id\":\"https:\/\/sites.uef.fi\/flippaus\/flippedlearning\/kehittamishankkeet\/nyt-riittaa-luennointi\/ohjaajatiimi\/#breadcrumb\"},\"inLanguage\":\"fi\",\"potentialAction\":[{\"@type\":\"ReadAction\",\"target\":[\"https:\/\/sites.uef.fi\/flippaus\/flippedlearning\/kehittamishankkeet\/nyt-riittaa-luennointi\/ohjaajatiimi\/\"]}]},{\"@type\":\"ImageObject\",\"inLanguage\":\"fi\",\"@id\":\"https:\/\/sites.uef.fi\/flippaus\/flippedlearning\/kehittamishankkeet\/nyt-riittaa-luennointi\/ohjaajatiimi\/#primaryimage\",\"url\":\"https:\/\/sites.uef.fi\/flippaus\/wp-content\/uploads\/sites\/83\/2020\/12\/Kuva3.jpg\",\"contentUrl\":\"https:\/\/sites.uef.fi\/flippaus\/wp-content\/uploads\/sites\/83\/2020\/12\/Kuva3.jpg\",\"width\":1470,\"height\":861,\"caption\":\"kuvassa on ohjaajatiimin j\u00e4senten kuvat ja lyhyet esittelyt\"},{\"@type\":\"BreadcrumbList\",\"@id\":\"https:\/\/sites.uef.fi\/flippaus\/flippedlearning\/kehittamishankkeet\/nyt-riittaa-luennointi\/ohjaajatiimi\/#breadcrumb\",\"itemListElement\":[{\"@type\":\"ListItem\",\"position\":1,\"name\":\"Home\",\"item\":\"https:\/\/sites.uef.fi\/flippaus\/\"},{\"@type\":\"ListItem\",\"position\":2,\"name\":\"Flipped Learning -hanke\",\"item\":\"https:\/\/sites.uef.fi\/flippaus\/flippedlearning\/\"},{\"@type\":\"ListItem\",\"position\":3,\"name\":\"Kehitt\u00e4mishankkeet\",\"item\":\"https:\/\/sites.uef.fi\/flippaus\/flippedlearning\/kehittamishankkeet\/\"},{\"@type\":\"ListItem\",\"position\":4,\"name\":\"Nyt riitt\u00e4\u00e4 luennointi\",\"item\":\"https:\/\/sites.uef.fi\/flippaus\/flippedlearning\/kehittamishankkeet\/nyt-riittaa-luennointi\/\"},{\"@type\":\"ListItem\",\"position\":5,\"name\":\"Ohjaajatiimi\"}]},{\"@type\":\"WebSite\",\"@id\":\"https:\/\/sites.uef.fi\/flippaus\/#website\",\"url\":\"https:\/\/sites.uef.fi\/flippaus\/\",\"name\":\"Flipped Learning\",\"description\":\"\",\"publisher\":{\"@id\":\"https:\/\/sites.uef.fi\/flippaus\/#organization\"},\"potentialAction\":[{\"@type\":\"SearchAction\",\"target\":{\"@type\":\"EntryPoint\",\"urlTemplate\":\"https:\/\/sites.uef.fi\/flippaus\/?s={search_term_string}\"},\"query-input\":{\"@type\":\"PropertyValueSpecification\",\"valueRequired\":true,\"valueName\":\"search_term_string\"}}],\"inLanguage\":\"fi\"},{\"@type\":\"Organization\",\"@id\":\"https:\/\/sites.uef.fi\/flippaus\/#organization\",\"name\":\"Flipped Learning\",\"url\":\"https:\/\/sites.uef.fi\/flippaus\/\",\"logo\":{\"@type\":\"ImageObject\",\"inLanguage\":\"fi\",\"@id\":\"https:\/\/sites.uef.fi\/flippaus\/#\/schema\/logo\/image\/\",\"url\":\"https:\/\/sites.uef.fi\/flippaus\/wp-content\/uploads\/sites\/83\/2020\/05\/cropped-UEF_wordpress_white.png\",\"contentUrl\":\"https:\/\/sites.uef.fi\/flippaus\/wp-content\/uploads\/sites\/83\/2020\/05\/cropped-UEF_wordpress_white.png\",\"width\":250,\"height\":250,\"caption\":\"Flipped Learning\"},\"image\":{\"@id\":\"https:\/\/sites.uef.fi\/flippaus\/#\/schema\/logo\/image\/\"}}]}<\/script>\n<!-- \/ Yoast SEO plugin. -->","yoast_head_json":{"title":"Ohjaajatiimi - Flipped Learning","robots":{"index":"index","follow":"follow","max-snippet":"max-snippet:-1","max-image-preview":"max-image-preview:large","max-video-preview":"max-video-preview:-1"},"canonical":"https:\/\/sites.uef.fi\/flippaus\/flippedlearning\/kehittamishankkeet\/nyt-riittaa-luennointi\/ohjaajatiimi\/","og_locale":"fi_FI","og_type":"article","og_title":"Ohjaajatiimi - Flipped Learning","og_description":"Ohjaajatiimi Kurssin ohjaajatiimiin kuului kaksi yliopistonlehtoria, kolme opetusavustajaa ja aikuiskasvatustieteen opetusharjoittelija. Helena Kantanen vastasi kurssin kokonaisuuden suunnittelusta ja toteuttamista sek\u00e4 opetusvideoista. Outi-Maaria Palo-oja vastasi mm. videoiden editoinnista ja itseopiskeluteht\u00e4vist\u00e4 sek\u00e4 opetusteknologiasta. Kaikki toimivat harjoituksissa ryhm\u00e4nohjaajina. Ohjaajien teht\u00e4v\u00e4t oli m\u00e4\u00e4ritelty seuraavasti: Kurssin Moodle-sivuilla oli tiimille oma suljettu alueensa, miss\u00e4 jaettiin erilaisia pedagogisia vinkkej\u00e4 ja alla esitelty, &hellip; Jatka lukemista \"Ohjaajatiimi\"","og_url":"https:\/\/sites.uef.fi\/flippaus\/flippedlearning\/kehittamishankkeet\/nyt-riittaa-luennointi\/ohjaajatiimi\/","og_site_name":"Flipped Learning","article_modified_time":"2023-10-31T07:23:24+00:00","og_image":[{"url":"https:\/\/sites.uef.fi\/flippaus\/wp-content\/uploads\/sites\/83\/2020\/12\/Kuva3.jpg","type":"","width":"","height":""}],"twitter_card":"summary_large_image","twitter_misc":{"Arvioitu lukuaika":"2 minuuttia"},"schema":{"@context":"https:\/\/schema.org","@graph":[{"@type":"WebPage","@id":"https:\/\/sites.uef.fi\/flippaus\/flippedlearning\/kehittamishankkeet\/nyt-riittaa-luennointi\/ohjaajatiimi\/","url":"https:\/\/sites.uef.fi\/flippaus\/flippedlearning\/kehittamishankkeet\/nyt-riittaa-luennointi\/ohjaajatiimi\/","name":"Ohjaajatiimi - Flipped Learning","isPartOf":{"@id":"https:\/\/sites.uef.fi\/flippaus\/#website"},"primaryImageOfPage":{"@id":"https:\/\/sites.uef.fi\/flippaus\/flippedlearning\/kehittamishankkeet\/nyt-riittaa-luennointi\/ohjaajatiimi\/#primaryimage"},"image":{"@id":"https:\/\/sites.uef.fi\/flippaus\/flippedlearning\/kehittamishankkeet\/nyt-riittaa-luennointi\/ohjaajatiimi\/#primaryimage"},"thumbnailUrl":"https:\/\/sites.uef.fi\/flippaus\/wp-content\/uploads\/sites\/83\/2020\/12\/Kuva3.jpg","datePublished":"2020-12-15T21:14:19+00:00","dateModified":"2023-10-31T07:23:24+00:00","breadcrumb":{"@id":"https:\/\/sites.uef.fi\/flippaus\/flippedlearning\/kehittamishankkeet\/nyt-riittaa-luennointi\/ohjaajatiimi\/#breadcrumb"},"inLanguage":"fi","potentialAction":[{"@type":"ReadAction","target":["https:\/\/sites.uef.fi\/flippaus\/flippedlearning\/kehittamishankkeet\/nyt-riittaa-luennointi\/ohjaajatiimi\/"]}]},{"@type":"ImageObject","inLanguage":"fi","@id":"https:\/\/sites.uef.fi\/flippaus\/flippedlearning\/kehittamishankkeet\/nyt-riittaa-luennointi\/ohjaajatiimi\/#primaryimage","url":"https:\/\/sites.uef.fi\/flippaus\/wp-content\/uploads\/sites\/83\/2020\/12\/Kuva3.jpg","contentUrl":"https:\/\/sites.uef.fi\/flippaus\/wp-content\/uploads\/sites\/83\/2020\/12\/Kuva3.jpg","width":1470,"height":861,"caption":"kuvassa on ohjaajatiimin j\u00e4senten kuvat ja lyhyet esittelyt"},{"@type":"BreadcrumbList","@id":"https:\/\/sites.uef.fi\/flippaus\/flippedlearning\/kehittamishankkeet\/nyt-riittaa-luennointi\/ohjaajatiimi\/#breadcrumb","itemListElement":[{"@type":"ListItem","position":1,"name":"Home","item":"https:\/\/sites.uef.fi\/flippaus\/"},{"@type":"ListItem","position":2,"name":"Flipped Learning -hanke","item":"https:\/\/sites.uef.fi\/flippaus\/flippedlearning\/"},{"@type":"ListItem","position":3,"name":"Kehitt\u00e4mishankkeet","item":"https:\/\/sites.uef.fi\/flippaus\/flippedlearning\/kehittamishankkeet\/"},{"@type":"ListItem","position":4,"name":"Nyt riitt\u00e4\u00e4 luennointi","item":"https:\/\/sites.uef.fi\/flippaus\/flippedlearning\/kehittamishankkeet\/nyt-riittaa-luennointi\/"},{"@type":"ListItem","position":5,"name":"Ohjaajatiimi"}]},{"@type":"WebSite","@id":"https:\/\/sites.uef.fi\/flippaus\/#website","url":"https:\/\/sites.uef.fi\/flippaus\/","name":"Flipped Learning","description":"","publisher":{"@id":"https:\/\/sites.uef.fi\/flippaus\/#organization"},"potentialAction":[{"@type":"SearchAction","target":{"@type":"EntryPoint","urlTemplate":"https:\/\/sites.uef.fi\/flippaus\/?s={search_term_string}"},"query-input":{"@type":"PropertyValueSpecification","valueRequired":true,"valueName":"search_term_string"}}],"inLanguage":"fi"},{"@type":"Organization","@id":"https:\/\/sites.uef.fi\/flippaus\/#organization","name":"Flipped Learning","url":"https:\/\/sites.uef.fi\/flippaus\/","logo":{"@type":"ImageObject","inLanguage":"fi","@id":"https:\/\/sites.uef.fi\/flippaus\/#\/schema\/logo\/image\/","url":"https:\/\/sites.uef.fi\/flippaus\/wp-content\/uploads\/sites\/83\/2020\/05\/cropped-UEF_wordpress_white.png","contentUrl":"https:\/\/sites.uef.fi\/flippaus\/wp-content\/uploads\/sites\/83\/2020\/05\/cropped-UEF_wordpress_white.png","width":250,"height":250,"caption":"Flipped Learning"},"image":{"@id":"https:\/\/sites.uef.fi\/flippaus\/#\/schema\/logo\/image\/"}}]}},"_links":{"self":[{"href":"https:\/\/sites.uef.fi\/flippaus\/wp-json\/wp\/v2\/pages\/2438","targetHints":{"allow":["GET"]}}],"collection":[{"href":"https:\/\/sites.uef.fi\/flippaus\/wp-json\/wp\/v2\/pages"}],"about":[{"href":"https:\/\/sites.uef.fi\/flippaus\/wp-json\/wp\/v2\/types\/page"}],"author":[{"embeddable":true,"href":"https:\/\/sites.uef.fi\/flippaus\/wp-json\/wp\/v2\/users\/176"}],"replies":[{"embeddable":true,"href":"https:\/\/sites.uef.fi\/flippaus\/wp-json\/wp\/v2\/comments?post=2438"}],"version-history":[{"count":2,"href":"https:\/\/sites.uef.fi\/flippaus\/wp-json\/wp\/v2\/pages\/2438\/revisions"}],"predecessor-version":[{"id":3469,"href":"https:\/\/sites.uef.fi\/flippaus\/wp-json\/wp\/v2\/pages\/2438\/revisions\/3469"}],"up":[{"embeddable":true,"href":"https:\/\/sites.uef.fi\/flippaus\/wp-json\/wp\/v2\/pages\/2336"}],"wp:attachment":[{"href":"https:\/\/sites.uef.fi\/flippaus\/wp-json\/wp\/v2\/media?parent=2438"}],"curies":[{"name":"wp","href":"https:\/\/api.w.org\/{rel}","templated":true}]}}