{"id":2456,"date":"2020-12-15T23:26:54","date_gmt":"2020-12-15T21:26:54","guid":{"rendered":"https:\/\/sites.uef.fi\/flippaus\/?page_id=2456"},"modified":"2020-12-17T13:31:44","modified_gmt":"2020-12-17T11:31:44","slug":"kurssikasikirja","status":"publish","type":"page","link":"https:\/\/sites.uef.fi\/flippaus\/flippedlearning\/kehittamishankkeet\/nyt-riittaa-luennointi\/kurssikasikirja\/","title":{"rendered":"Kurssik\u00e4sikirja"},"content":{"rendered":"\n<h1 class=\"wp-block-heading\" id=\"yui_patched_v3_11_0_1_1608067351149_441\">Kurssik\u00e4sikirja<\/h1>\n\n\n\n<p>Heti alussa p\u00e4\u00e4tettiin koota kurssimanuaali, jotta kaikki ohjaajat olisivat kartalla siit\u00e4, miten harjoitukset toteutetaan. Vastuuopettaja t\u00e4ydensi k\u00e4sikirjaa viikoittain kurssin edetess\u00e4 ja ohjaajatiimi tutustui aina ennalta kunkin kerran ty\u00f6skentelyyn. Kurssin ideoinnissa oli suureksi avuksi Ideapakka-aineisto (<a href=\"http:\/\/www.ideapakka.fi\">www.ideapakka.fi<\/a>) ja erityisesti sen Oppiminen ja ryhm\u00e4ty\u00f6skentely -osio.<\/p>\n\n\n\n<p>K\u00e4sikirjassa oli ohjaajien tueksi lyhyesti p\u00e4iv\u00e4n harjoituksen teoriatausta, tavoitteet ja tutustumisideoita. Yritimme saada variaatiota niin tutustumisteht\u00e4viin kuin aiheitten k\u00e4sittelyyn ja niiden purkuun, jotta mielenkiinto s\u00e4ilyisi. Loppuun oli listattu ongelmatilanteita, kuten mit\u00e4 tehd\u00e4, jos joku dominoi ryhm\u00e4ss\u00e4, tai ei ole lainkaan tutustunut ennakkoaineistoon.<\/p>\n\n\n\n<figure class=\"wp-block-image size-large\"><img loading=\"lazy\" decoding=\"async\" width=\"327\" height=\"333\" src=\"https:\/\/sites.uef.fi\/flippaus\/wp-content\/uploads\/sites\/83\/2020\/12\/Kuva4.jpg\" alt=\"Kuvassa avustajan kommentti: &quot;Kurssimanuaali oli hyv\u00e4. Sit\u00e4 k\u00e4ytin itsekin paljon.&quot;\" class=\"wp-image-2354\" srcset=\"https:\/\/sites.uef.fi\/flippaus\/wp-content\/uploads\/sites\/83\/2020\/12\/Kuva4.jpg 327w, https:\/\/sites.uef.fi\/flippaus\/wp-content\/uploads\/sites\/83\/2020\/12\/Kuva4-295x300.jpg 295w\" sizes=\"auto, (max-width: 327px) 100vw, 327px\" \/><figcaption>Opetusavustaja-Lauran kommentti kurssimanuaalista.<\/figcaption><\/figure>\n\n\n\n<p>K\u00e4sikirjan rakenne oli seuraava:<\/p>\n\n\n\n<ol class=\"wp-block-list\"><li>K\u00e4sikirjan tavoite, ryhm\u00e4nohjaajien teht\u00e4v\u00e4t ja harjoitusten aikataulu<\/li><li>Tutustumis- ja l\u00e4mmittelyideoita<\/li><li>Case-harjoitusten k\u00e4sittely<\/li><li>Yhteenveto- ja p\u00e4\u00e4t\u00f6stapoja<\/li><li>Tuotosten jakaminen Moodlessa<\/li><li>Ongelmatilanteita<\/li><\/ol>\n\n\n\n<figure class=\"wp-block-image size-large\"><img loading=\"lazy\" decoding=\"async\" width=\"723\" height=\"542\" src=\"https:\/\/sites.uef.fi\/flippaus\/wp-content\/uploads\/sites\/83\/2020\/12\/Kuva5.jpg\" alt=\"\" class=\"wp-image-2357\" srcset=\"https:\/\/sites.uef.fi\/flippaus\/wp-content\/uploads\/sites\/83\/2020\/12\/Kuva5.jpg 723w, https:\/\/sites.uef.fi\/flippaus\/wp-content\/uploads\/sites\/83\/2020\/12\/Kuva5-300x225.jpg 300w\" sizes=\"auto, (max-width: 723px) 100vw, 723px\" \/><figcaption>Case-harjoitustilanne k\u00e4yt\u00e4nn\u00f6ss\u00e4 1. Kuva: Helena Kantanen<\/figcaption><\/figure>\n\n\n\n<div class=\"wp-block-buttons is-layout-flex wp-block-buttons-is-layout-flex\">\n<div class=\"wp-block-button\"><a class=\"wp-block-button__link has-background\" href=\"https:\/\/sites.uef.fi\/flippaus\/fl-hanke\/kehittamishankkeet\/nyt-riittaa-luennointi\/esimerkki-case\/\" style=\"background-color:#1f9cb0\">ESIMERKKEJ\u00c4 CASE-HARJOITUKSESTA &gt;<\/a><\/div>\n<\/div>\n","protected":false},"excerpt":{"rendered":"<p>Kurssik\u00e4sikirja Heti alussa p\u00e4\u00e4tettiin koota kurssimanuaali, jotta kaikki ohjaajat olisivat kartalla siit\u00e4, miten harjoitukset toteutetaan. Vastuuopettaja t\u00e4ydensi k\u00e4sikirjaa viikoittain kurssin edetess\u00e4 ja ohjaajatiimi tutustui aina ennalta kunkin kerran ty\u00f6skentelyyn. Kurssin ideoinnissa oli suureksi avuksi Ideapakka-aineisto (www.ideapakka.fi) ja erityisesti sen Oppiminen ja ryhm\u00e4ty\u00f6skentely -osio. K\u00e4sikirjassa oli ohjaajien tueksi lyhyesti p\u00e4iv\u00e4n harjoituksen teoriatausta, tavoitteet ja tutustumisideoita. Yritimme &hellip; <\/p>\n<p class=\"link-more\"><a href=\"https:\/\/sites.uef.fi\/flippaus\/flippedlearning\/kehittamishankkeet\/nyt-riittaa-luennointi\/kurssikasikirja\/\" class=\"more-link\">Jatka lukemista<span class=\"screen-reader-text\"> &#8221;Kurssik\u00e4sikirja&#8221;<\/span><\/a><\/p>\n","protected":false},"author":176,"featured_media":0,"parent":2336,"menu_order":2,"comment_status":"closed","ping_status":"closed","template":"","meta":{"_acf_changed":false,"_monsterinsights_skip_tracking":false,"_monsterinsights_sitenote_active":false,"_monsterinsights_sitenote_note":"","_monsterinsights_sitenote_category":0,"footnotes":""},"class_list":["post-2456","page","type-page","status-publish","hentry"],"acf":[],"yoast_head":"<!-- This site is optimized with the Yoast SEO plugin v27.1.1 - https:\/\/yoast.com\/product\/yoast-seo-wordpress\/ -->\n<title>Kurssik\u00e4sikirja - Flipped Learning<\/title>\n<meta name=\"robots\" content=\"index, follow, max-snippet:-1, max-image-preview:large, max-video-preview:-1\" \/>\n<link rel=\"canonical\" href=\"https:\/\/sites.uef.fi\/flippaus\/flippedlearning\/kehittamishankkeet\/nyt-riittaa-luennointi\/kurssikasikirja\/\" \/>\n<meta property=\"og:locale\" content=\"fi_FI\" \/>\n<meta property=\"og:type\" content=\"article\" \/>\n<meta property=\"og:title\" content=\"Kurssik\u00e4sikirja - Flipped Learning\" \/>\n<meta property=\"og:description\" content=\"Kurssik\u00e4sikirja Heti alussa p\u00e4\u00e4tettiin koota kurssimanuaali, jotta kaikki ohjaajat olisivat kartalla siit\u00e4, miten harjoitukset toteutetaan. Vastuuopettaja t\u00e4ydensi k\u00e4sikirjaa viikoittain kurssin edetess\u00e4 ja ohjaajatiimi tutustui aina ennalta kunkin kerran ty\u00f6skentelyyn. Kurssin ideoinnissa oli suureksi avuksi Ideapakka-aineisto (www.ideapakka.fi) ja erityisesti sen Oppiminen ja ryhm\u00e4ty\u00f6skentely -osio. K\u00e4sikirjassa oli ohjaajien tueksi lyhyesti p\u00e4iv\u00e4n harjoituksen teoriatausta, tavoitteet ja tutustumisideoita. Yritimme &hellip; Jatka lukemista &quot;Kurssik\u00e4sikirja&quot;\" \/>\n<meta property=\"og:url\" content=\"https:\/\/sites.uef.fi\/flippaus\/flippedlearning\/kehittamishankkeet\/nyt-riittaa-luennointi\/kurssikasikirja\/\" \/>\n<meta property=\"og:site_name\" content=\"Flipped Learning\" \/>\n<meta property=\"article:modified_time\" content=\"2020-12-17T11:31:44+00:00\" \/>\n<meta property=\"og:image\" content=\"https:\/\/sites.uef.fi\/flippaus\/wp-content\/uploads\/sites\/83\/2020\/12\/Kuva4.jpg\" \/>\n<meta name=\"twitter:card\" content=\"summary_large_image\" \/>\n<meta name=\"twitter:label1\" content=\"Arvioitu lukuaika\" \/>\n\t<meta name=\"twitter:data1\" content=\"1 minuutti\" \/>\n<script type=\"application\/ld+json\" class=\"yoast-schema-graph\">{\"@context\":\"https:\/\/schema.org\",\"@graph\":[{\"@type\":\"WebPage\",\"@id\":\"https:\/\/sites.uef.fi\/flippaus\/flippedlearning\/kehittamishankkeet\/nyt-riittaa-luennointi\/kurssikasikirja\/\",\"url\":\"https:\/\/sites.uef.fi\/flippaus\/flippedlearning\/kehittamishankkeet\/nyt-riittaa-luennointi\/kurssikasikirja\/\",\"name\":\"Kurssik\u00e4sikirja - Flipped Learning\",\"isPartOf\":{\"@id\":\"https:\/\/sites.uef.fi\/flippaus\/#website\"},\"primaryImageOfPage\":{\"@id\":\"https:\/\/sites.uef.fi\/flippaus\/flippedlearning\/kehittamishankkeet\/nyt-riittaa-luennointi\/kurssikasikirja\/#primaryimage\"},\"image\":{\"@id\":\"https:\/\/sites.uef.fi\/flippaus\/flippedlearning\/kehittamishankkeet\/nyt-riittaa-luennointi\/kurssikasikirja\/#primaryimage\"},\"thumbnailUrl\":\"https:\/\/sites.uef.fi\/flippaus\/wp-content\/uploads\/sites\/83\/2020\/12\/Kuva4.jpg\",\"datePublished\":\"2020-12-15T21:26:54+00:00\",\"dateModified\":\"2020-12-17T11:31:44+00:00\",\"breadcrumb\":{\"@id\":\"https:\/\/sites.uef.fi\/flippaus\/flippedlearning\/kehittamishankkeet\/nyt-riittaa-luennointi\/kurssikasikirja\/#breadcrumb\"},\"inLanguage\":\"fi\",\"potentialAction\":[{\"@type\":\"ReadAction\",\"target\":[\"https:\/\/sites.uef.fi\/flippaus\/flippedlearning\/kehittamishankkeet\/nyt-riittaa-luennointi\/kurssikasikirja\/\"]}]},{\"@type\":\"ImageObject\",\"inLanguage\":\"fi\",\"@id\":\"https:\/\/sites.uef.fi\/flippaus\/flippedlearning\/kehittamishankkeet\/nyt-riittaa-luennointi\/kurssikasikirja\/#primaryimage\",\"url\":\"https:\/\/sites.uef.fi\/flippaus\/wp-content\/uploads\/sites\/83\/2020\/12\/Kuva4.jpg\",\"contentUrl\":\"https:\/\/sites.uef.fi\/flippaus\/wp-content\/uploads\/sites\/83\/2020\/12\/Kuva4.jpg\",\"width\":327,\"height\":333},{\"@type\":\"BreadcrumbList\",\"@id\":\"https:\/\/sites.uef.fi\/flippaus\/flippedlearning\/kehittamishankkeet\/nyt-riittaa-luennointi\/kurssikasikirja\/#breadcrumb\",\"itemListElement\":[{\"@type\":\"ListItem\",\"position\":1,\"name\":\"Home\",\"item\":\"https:\/\/sites.uef.fi\/flippaus\/\"},{\"@type\":\"ListItem\",\"position\":2,\"name\":\"Flipped Learning -hanke\",\"item\":\"https:\/\/sites.uef.fi\/flippaus\/flippedlearning\/\"},{\"@type\":\"ListItem\",\"position\":3,\"name\":\"Kehitt\u00e4mishankkeet\",\"item\":\"https:\/\/sites.uef.fi\/flippaus\/flippedlearning\/kehittamishankkeet\/\"},{\"@type\":\"ListItem\",\"position\":4,\"name\":\"Nyt riitt\u00e4\u00e4 luennointi\",\"item\":\"https:\/\/sites.uef.fi\/flippaus\/flippedlearning\/kehittamishankkeet\/nyt-riittaa-luennointi\/\"},{\"@type\":\"ListItem\",\"position\":5,\"name\":\"Kurssik\u00e4sikirja\"}]},{\"@type\":\"WebSite\",\"@id\":\"https:\/\/sites.uef.fi\/flippaus\/#website\",\"url\":\"https:\/\/sites.uef.fi\/flippaus\/\",\"name\":\"Flipped Learning\",\"description\":\"\",\"publisher\":{\"@id\":\"https:\/\/sites.uef.fi\/flippaus\/#organization\"},\"potentialAction\":[{\"@type\":\"SearchAction\",\"target\":{\"@type\":\"EntryPoint\",\"urlTemplate\":\"https:\/\/sites.uef.fi\/flippaus\/?s={search_term_string}\"},\"query-input\":{\"@type\":\"PropertyValueSpecification\",\"valueRequired\":true,\"valueName\":\"search_term_string\"}}],\"inLanguage\":\"fi\"},{\"@type\":\"Organization\",\"@id\":\"https:\/\/sites.uef.fi\/flippaus\/#organization\",\"name\":\"Flipped Learning\",\"url\":\"https:\/\/sites.uef.fi\/flippaus\/\",\"logo\":{\"@type\":\"ImageObject\",\"inLanguage\":\"fi\",\"@id\":\"https:\/\/sites.uef.fi\/flippaus\/#\/schema\/logo\/image\/\",\"url\":\"https:\/\/sites.uef.fi\/flippaus\/wp-content\/uploads\/sites\/83\/2020\/05\/cropped-UEF_wordpress_white.png\",\"contentUrl\":\"https:\/\/sites.uef.fi\/flippaus\/wp-content\/uploads\/sites\/83\/2020\/05\/cropped-UEF_wordpress_white.png\",\"width\":250,\"height\":250,\"caption\":\"Flipped Learning\"},\"image\":{\"@id\":\"https:\/\/sites.uef.fi\/flippaus\/#\/schema\/logo\/image\/\"}}]}<\/script>\n<!-- \/ Yoast SEO plugin. -->","yoast_head_json":{"title":"Kurssik\u00e4sikirja - Flipped Learning","robots":{"index":"index","follow":"follow","max-snippet":"max-snippet:-1","max-image-preview":"max-image-preview:large","max-video-preview":"max-video-preview:-1"},"canonical":"https:\/\/sites.uef.fi\/flippaus\/flippedlearning\/kehittamishankkeet\/nyt-riittaa-luennointi\/kurssikasikirja\/","og_locale":"fi_FI","og_type":"article","og_title":"Kurssik\u00e4sikirja - Flipped Learning","og_description":"Kurssik\u00e4sikirja Heti alussa p\u00e4\u00e4tettiin koota kurssimanuaali, jotta kaikki ohjaajat olisivat kartalla siit\u00e4, miten harjoitukset toteutetaan. Vastuuopettaja t\u00e4ydensi k\u00e4sikirjaa viikoittain kurssin edetess\u00e4 ja ohjaajatiimi tutustui aina ennalta kunkin kerran ty\u00f6skentelyyn. Kurssin ideoinnissa oli suureksi avuksi Ideapakka-aineisto (www.ideapakka.fi) ja erityisesti sen Oppiminen ja ryhm\u00e4ty\u00f6skentely -osio. K\u00e4sikirjassa oli ohjaajien tueksi lyhyesti p\u00e4iv\u00e4n harjoituksen teoriatausta, tavoitteet ja tutustumisideoita. Yritimme &hellip; Jatka lukemista \"Kurssik\u00e4sikirja\"","og_url":"https:\/\/sites.uef.fi\/flippaus\/flippedlearning\/kehittamishankkeet\/nyt-riittaa-luennointi\/kurssikasikirja\/","og_site_name":"Flipped Learning","article_modified_time":"2020-12-17T11:31:44+00:00","og_image":[{"url":"https:\/\/sites.uef.fi\/flippaus\/wp-content\/uploads\/sites\/83\/2020\/12\/Kuva4.jpg","type":"","width":"","height":""}],"twitter_card":"summary_large_image","twitter_misc":{"Arvioitu lukuaika":"1 minuutti"},"schema":{"@context":"https:\/\/schema.org","@graph":[{"@type":"WebPage","@id":"https:\/\/sites.uef.fi\/flippaus\/flippedlearning\/kehittamishankkeet\/nyt-riittaa-luennointi\/kurssikasikirja\/","url":"https:\/\/sites.uef.fi\/flippaus\/flippedlearning\/kehittamishankkeet\/nyt-riittaa-luennointi\/kurssikasikirja\/","name":"Kurssik\u00e4sikirja - Flipped Learning","isPartOf":{"@id":"https:\/\/sites.uef.fi\/flippaus\/#website"},"primaryImageOfPage":{"@id":"https:\/\/sites.uef.fi\/flippaus\/flippedlearning\/kehittamishankkeet\/nyt-riittaa-luennointi\/kurssikasikirja\/#primaryimage"},"image":{"@id":"https:\/\/sites.uef.fi\/flippaus\/flippedlearning\/kehittamishankkeet\/nyt-riittaa-luennointi\/kurssikasikirja\/#primaryimage"},"thumbnailUrl":"https:\/\/sites.uef.fi\/flippaus\/wp-content\/uploads\/sites\/83\/2020\/12\/Kuva4.jpg","datePublished":"2020-12-15T21:26:54+00:00","dateModified":"2020-12-17T11:31:44+00:00","breadcrumb":{"@id":"https:\/\/sites.uef.fi\/flippaus\/flippedlearning\/kehittamishankkeet\/nyt-riittaa-luennointi\/kurssikasikirja\/#breadcrumb"},"inLanguage":"fi","potentialAction":[{"@type":"ReadAction","target":["https:\/\/sites.uef.fi\/flippaus\/flippedlearning\/kehittamishankkeet\/nyt-riittaa-luennointi\/kurssikasikirja\/"]}]},{"@type":"ImageObject","inLanguage":"fi","@id":"https:\/\/sites.uef.fi\/flippaus\/flippedlearning\/kehittamishankkeet\/nyt-riittaa-luennointi\/kurssikasikirja\/#primaryimage","url":"https:\/\/sites.uef.fi\/flippaus\/wp-content\/uploads\/sites\/83\/2020\/12\/Kuva4.jpg","contentUrl":"https:\/\/sites.uef.fi\/flippaus\/wp-content\/uploads\/sites\/83\/2020\/12\/Kuva4.jpg","width":327,"height":333},{"@type":"BreadcrumbList","@id":"https:\/\/sites.uef.fi\/flippaus\/flippedlearning\/kehittamishankkeet\/nyt-riittaa-luennointi\/kurssikasikirja\/#breadcrumb","itemListElement":[{"@type":"ListItem","position":1,"name":"Home","item":"https:\/\/sites.uef.fi\/flippaus\/"},{"@type":"ListItem","position":2,"name":"Flipped Learning -hanke","item":"https:\/\/sites.uef.fi\/flippaus\/flippedlearning\/"},{"@type":"ListItem","position":3,"name":"Kehitt\u00e4mishankkeet","item":"https:\/\/sites.uef.fi\/flippaus\/flippedlearning\/kehittamishankkeet\/"},{"@type":"ListItem","position":4,"name":"Nyt riitt\u00e4\u00e4 luennointi","item":"https:\/\/sites.uef.fi\/flippaus\/flippedlearning\/kehittamishankkeet\/nyt-riittaa-luennointi\/"},{"@type":"ListItem","position":5,"name":"Kurssik\u00e4sikirja"}]},{"@type":"WebSite","@id":"https:\/\/sites.uef.fi\/flippaus\/#website","url":"https:\/\/sites.uef.fi\/flippaus\/","name":"Flipped Learning","description":"","publisher":{"@id":"https:\/\/sites.uef.fi\/flippaus\/#organization"},"potentialAction":[{"@type":"SearchAction","target":{"@type":"EntryPoint","urlTemplate":"https:\/\/sites.uef.fi\/flippaus\/?s={search_term_string}"},"query-input":{"@type":"PropertyValueSpecification","valueRequired":true,"valueName":"search_term_string"}}],"inLanguage":"fi"},{"@type":"Organization","@id":"https:\/\/sites.uef.fi\/flippaus\/#organization","name":"Flipped Learning","url":"https:\/\/sites.uef.fi\/flippaus\/","logo":{"@type":"ImageObject","inLanguage":"fi","@id":"https:\/\/sites.uef.fi\/flippaus\/#\/schema\/logo\/image\/","url":"https:\/\/sites.uef.fi\/flippaus\/wp-content\/uploads\/sites\/83\/2020\/05\/cropped-UEF_wordpress_white.png","contentUrl":"https:\/\/sites.uef.fi\/flippaus\/wp-content\/uploads\/sites\/83\/2020\/05\/cropped-UEF_wordpress_white.png","width":250,"height":250,"caption":"Flipped Learning"},"image":{"@id":"https:\/\/sites.uef.fi\/flippaus\/#\/schema\/logo\/image\/"}}]}},"_links":{"self":[{"href":"https:\/\/sites.uef.fi\/flippaus\/wp-json\/wp\/v2\/pages\/2456","targetHints":{"allow":["GET"]}}],"collection":[{"href":"https:\/\/sites.uef.fi\/flippaus\/wp-json\/wp\/v2\/pages"}],"about":[{"href":"https:\/\/sites.uef.fi\/flippaus\/wp-json\/wp\/v2\/types\/page"}],"author":[{"embeddable":true,"href":"https:\/\/sites.uef.fi\/flippaus\/wp-json\/wp\/v2\/users\/176"}],"replies":[{"embeddable":true,"href":"https:\/\/sites.uef.fi\/flippaus\/wp-json\/wp\/v2\/comments?post=2456"}],"version-history":[{"count":2,"href":"https:\/\/sites.uef.fi\/flippaus\/wp-json\/wp\/v2\/pages\/2456\/revisions"}],"predecessor-version":[{"id":2486,"href":"https:\/\/sites.uef.fi\/flippaus\/wp-json\/wp\/v2\/pages\/2456\/revisions\/2486"}],"up":[{"embeddable":true,"href":"https:\/\/sites.uef.fi\/flippaus\/wp-json\/wp\/v2\/pages\/2336"}],"wp:attachment":[{"href":"https:\/\/sites.uef.fi\/flippaus\/wp-json\/wp\/v2\/media?parent=2456"}],"curies":[{"name":"wp","href":"https:\/\/api.w.org\/{rel}","templated":true}]}}