{"id":2465,"date":"2020-12-15T23:34:35","date_gmt":"2020-12-15T21:34:35","guid":{"rendered":"https:\/\/sites.uef.fi\/flippaus\/?page_id=2465"},"modified":"2023-10-31T09:23:45","modified_gmt":"2023-10-31T07:23:45","slug":"esimerkki-case","status":"publish","type":"page","link":"https:\/\/sites.uef.fi\/flippaus\/flippedlearning\/kehittamishankkeet\/nyt-riittaa-luennointi\/esimerkki-case\/","title":{"rendered":"Esimerkki-case"},"content":{"rendered":"\n<h1 class=\"wp-block-heading\" id=\"yui_patched_v3_11_0_1_1608067667101_646\">Esimerkki case-harjoituksesta<\/h1>\n\n\n\n<p>Harjoitusten k\u00e4sittelyyn oli tehty ohjeellinen tuntisuunnitelma, kuten t\u00e4ss\u00e4 palvelujen markkinointi ja Airbnb.<\/p>\n\n\n\n<p><strong>Palvelujen markkinointi: Airbnb<\/strong><\/p>\n\n\n\n<p><strong>Paikallisissa kodeissa asuminen perinteisen hotellimajoituksen haastajana.<\/strong><\/p>\n\n\n\n<p><em>Airbnb: Making Hospitality Authentic<\/em><\/p>\n\n\n\n<p><em>L\u00e4hde: Kotler, P. &amp; Armstrong, G. 2018. Principles of Marketing. Global Edition. Pearson, 275\u2013277.<\/em><\/p>\n\n\n\n<p><strong>P\u00f6ytiin jaettava aineisto<\/strong>:<\/p>\n\n\n\n<ul class=\"wp-block-list\">\n<li>7P-dia<\/li>\n\n\n\n<li>Palvelujen laadun arviointi -dia<\/li>\n\n\n\n<li>case-teksti<\/li>\n<\/ul>\n\n\n\n<figure class=\"wp-block-table alignleft\"><table><tbody><tr><td><strong>Tutustuminen <\/strong>jokainen ryhm\u00e4 omalla tavallaan<\/td><td><strong>5 min<\/strong><\/td><\/tr><tr><td><strong>Teht\u00e4v\u00e4<\/strong> Palvelujen laadun arviointi eri asiakasryhmien kautta (joka ryhm\u00e4lle oma asiakastyyppi):<br>Seikkailija<br>Lapsi<br>El\u00e4kel\u00e4inen<br>Ty\u00f6matkalainen<br>Ty\u00f6ik\u00e4inen lomamatkalainen<\/td><td><strong>60 min<\/strong><\/td><\/tr><\/tbody><\/table><\/figure>\n\n\n<div class=\"wp-block-image\">\n<figure class=\"aligncenter size-full is-resized\"><img loading=\"lazy\" decoding=\"async\" width=\"808\" height=\"606\" src=\"https:\/\/sites.uef.fi\/flippaus\/wp-content\/uploads\/sites\/83\/2020\/12\/Kuva6.jpg\" alt=\"\" class=\"wp-image-2360\" style=\"width:606px;height:455px\" srcset=\"https:\/\/sites.uef.fi\/flippaus\/wp-content\/uploads\/sites\/83\/2020\/12\/Kuva6.jpg 808w, https:\/\/sites.uef.fi\/flippaus\/wp-content\/uploads\/sites\/83\/2020\/12\/Kuva6-300x225.jpg 300w, https:\/\/sites.uef.fi\/flippaus\/wp-content\/uploads\/sites\/83\/2020\/12\/Kuva6-768x576.jpg 768w\" sizes=\"auto, (max-width: 706px) 89vw, (max-width: 767px) 82vw, 740px\" \/><figcaption class=\"wp-element-caption\">Case-harjoitustilanne k\u00e4yt\u00e4nn\u00f6ss\u00e4 2. Kuva: Helena Kantanen<\/figcaption><\/figure>\n<\/div>\n\n\n<ol class=\"wp-block-list\">\n<li>Rakentakaa asiakasprofiili: ik\u00e4, sukupuoli, koulutus, ty\u00f6 (jos relevantti), varallisuus, harrastukset, arvostukset, matkaseura, matkan ajankohta, matkan valintaan vaikuttavat p\u00e4\u00e4t\u00f6ksentekoperiaatteet, palvelujen markkinointimixin vaikutus p\u00e4\u00e4t\u00f6ksentekoon (7P: tuote, hinta, jakelu, markkinointiviestint\u00e4, ihmiset, prosessit, fyysinen ymp\u00e4rist\u00f6)<\/li>\n\n\n\n<li>Minne asiakkaanne matkustaa ja miksi, miten pitk\u00e4ksi aikaa, mit\u00e4 asiakas aikoo kohteessa tehd\u00e4?<\/li>\n\n\n\n<li>Miss\u00e4 asiakkaanne majoittuu, kenen kanssa, mill\u00e4 perusteella valitsee majoituksensa? Onko Airbnb vaihtoehto, miksi on, miksi ei?<\/li>\n\n\n\n<li>Miten asiakkaanne arvioi erityisesti majoituksen laatua:<\/li>\n<\/ol>\n\n\n<div class=\"wp-block-image\">\n<figure class=\"aligncenter size-full is-resized\"><img loading=\"lazy\" decoding=\"async\" width=\"824\" height=\"439\" src=\"https:\/\/sites.uef.fi\/flippaus\/wp-content\/uploads\/sites\/83\/2020\/12\/Kuva7.jpg\" alt=\"\" class=\"wp-image-2363\" style=\"width:618px;height:329px\" srcset=\"https:\/\/sites.uef.fi\/flippaus\/wp-content\/uploads\/sites\/83\/2020\/12\/Kuva7.jpg 824w, https:\/\/sites.uef.fi\/flippaus\/wp-content\/uploads\/sites\/83\/2020\/12\/Kuva7-300x160.jpg 300w, https:\/\/sites.uef.fi\/flippaus\/wp-content\/uploads\/sites\/83\/2020\/12\/Kuva7-768x409.jpg 768w\" sizes=\"auto, (max-width: 706px) 89vw, (max-width: 767px) 82vw, 740px\" \/><\/figure>\n<\/div>\n\n\n<figure class=\"wp-block-table\"><table><tbody><tr><td><strong>Tuotos ja purku<\/strong><br>Kuullaan jokaisen ryhm\u00e4n tuotokset ja keskustellaan niist\u00e4<br>Laura kuvaa fl\u00e4pit Moodleen<\/td><td><strong>25 min<\/strong><\/td><\/tr><\/tbody><\/table><\/figure>\n\n\n\n<p><strong>Yhteenvetoon:<\/strong><\/p>\n\n\n\n<p>Kauppatieteiden laitoksella tehty <a href=\"https:\/\/www.uef.fi\/fi\/artikkeli\/matkailijat-shoppailevat-hotelliketjujen-kanta-asiakasohjelmilla\">tutkimus hotellien kanta-asiakasohjelmista<\/a> (Tourism Marketing and Management)<\/p>\n\n\n\n<p>Yksi t\u00e4ss\u00e4 harjoituksessa tuotetuista fl\u00e4peist\u00e4, jotka jaettiin Moodlessa harjoituksen j\u00e4lkeen:<\/p>\n\n\n<div class=\"wp-block-image\">\n<figure class=\"aligncenter size-full is-resized\"><img loading=\"lazy\" decoding=\"async\" width=\"583\" height=\"776\" src=\"https:\/\/sites.uef.fi\/flippaus\/wp-content\/uploads\/sites\/83\/2020\/12\/Kuva8.jpg\" alt=\"\" class=\"wp-image-2366\" style=\"width:437px;height:582px\" srcset=\"https:\/\/sites.uef.fi\/flippaus\/wp-content\/uploads\/sites\/83\/2020\/12\/Kuva8.jpg 583w, https:\/\/sites.uef.fi\/flippaus\/wp-content\/uploads\/sites\/83\/2020\/12\/Kuva8-225x300.jpg 225w\" sizes=\"auto, (max-width: 583px) 100vw, 583px\" \/><figcaption class=\"wp-element-caption\">Sanna Seikkailijan majoituspalvelun valinta ja arviointi.<\/figcaption><\/figure>\n<\/div>\n\n\n<p>Segmentointia k\u00e4sitelleess\u00e4 Rolex-harjoituksessa tuotettu Padlet-sein\u00e4: <a href=\"https:\/\/padlet.com\/helena_kantanen\/Rolex\">https:\/\/padlet.com\/helena_kantanen\/Rolex<\/a><\/p>\n\n\n\n<p>Videolla (50 sekuntia) opiskelijat kommentoivat case-harjoituksia.<\/p>\n\n\n<iframe loading=\"lazy\" src=\"https:\/\/uef.cloud.panopto.eu\/Panopto\/Pages\/Embed.aspx?id=61ff7235-4861-4543-87e1-b06700c73377&autoplay=false&offerviewer=false&showtitle=false&showbrand=false&captions=false&interactivity=none\" height=\"375\" width=\"500\" style=\"border: 1px solid #464646;\" allowfullscreen allow=\"autoplay\" aria-label=\"Panopto Embedded Video Player\"><\/iframe>\n\n\n\n<div class=\"wp-block-buttons is-layout-flex wp-block-buttons-is-layout-flex\">\n<div class=\"wp-block-button\"><a class=\"wp-block-button__link has-background wp-element-button\" href=\"https:\/\/sites.uef.fi\/flippaus\/fl-hanke\/kehittamishankkeet\/nyt-riittaa-luennointi\/oppimistulokset-ja-palaute\/\" style=\"background-color:#1f9cb0\">OPPIMISTULOKSET JA PALAUTE &gt;<\/a><\/div>\n<\/div>\n\n\n\n<p><\/p>\n","protected":false},"excerpt":{"rendered":"<p>Esimerkki case-harjoituksesta Harjoitusten k\u00e4sittelyyn oli tehty ohjeellinen tuntisuunnitelma, kuten t\u00e4ss\u00e4 palvelujen markkinointi ja Airbnb. Palvelujen markkinointi: Airbnb Paikallisissa kodeissa asuminen perinteisen hotellimajoituksen haastajana. Airbnb: Making Hospitality Authentic L\u00e4hde: Kotler, P. &amp; Armstrong, G. 2018. Principles of Marketing. Global Edition. Pearson, 275\u2013277. P\u00f6ytiin jaettava aineisto: Tutustuminen jokainen ryhm\u00e4 omalla tavallaan 5 min Teht\u00e4v\u00e4 Palvelujen laadun arviointi &hellip; <\/p>\n<p class=\"link-more\"><a href=\"https:\/\/sites.uef.fi\/flippaus\/flippedlearning\/kehittamishankkeet\/nyt-riittaa-luennointi\/esimerkki-case\/\" class=\"more-link\">Jatka lukemista<span class=\"screen-reader-text\"> &#8221;Esimerkki-case&#8221;<\/span><\/a><\/p>\n","protected":false},"author":176,"featured_media":0,"parent":2336,"menu_order":3,"comment_status":"closed","ping_status":"closed","template":"","meta":{"_acf_changed":false,"_monsterinsights_skip_tracking":false,"_monsterinsights_sitenote_active":false,"_monsterinsights_sitenote_note":"","_monsterinsights_sitenote_category":0,"footnotes":""},"class_list":["post-2465","page","type-page","status-publish","hentry"],"acf":[],"yoast_head":"<!-- This site is optimized with the Yoast SEO plugin v27.1.1 - https:\/\/yoast.com\/product\/yoast-seo-wordpress\/ -->\n<title>Esimerkki-case - Flipped Learning<\/title>\n<meta name=\"robots\" content=\"index, follow, max-snippet:-1, max-image-preview:large, max-video-preview:-1\" \/>\n<link rel=\"canonical\" href=\"https:\/\/sites.uef.fi\/flippaus\/flippedlearning\/kehittamishankkeet\/nyt-riittaa-luennointi\/esimerkki-case\/\" \/>\n<meta property=\"og:locale\" content=\"fi_FI\" \/>\n<meta property=\"og:type\" content=\"article\" \/>\n<meta property=\"og:title\" content=\"Esimerkki-case - Flipped Learning\" \/>\n<meta property=\"og:description\" content=\"Esimerkki case-harjoituksesta Harjoitusten k\u00e4sittelyyn oli tehty ohjeellinen tuntisuunnitelma, kuten t\u00e4ss\u00e4 palvelujen markkinointi ja Airbnb. Palvelujen markkinointi: Airbnb Paikallisissa kodeissa asuminen perinteisen hotellimajoituksen haastajana. Airbnb: Making Hospitality Authentic L\u00e4hde: Kotler, P. &amp; Armstrong, G. 2018. Principles of Marketing. Global Edition. Pearson, 275\u2013277. P\u00f6ytiin jaettava aineisto: Tutustuminen jokainen ryhm\u00e4 omalla tavallaan 5 min Teht\u00e4v\u00e4 Palvelujen laadun arviointi &hellip; Jatka lukemista &quot;Esimerkki-case&quot;\" \/>\n<meta property=\"og:url\" content=\"https:\/\/sites.uef.fi\/flippaus\/flippedlearning\/kehittamishankkeet\/nyt-riittaa-luennointi\/esimerkki-case\/\" \/>\n<meta property=\"og:site_name\" content=\"Flipped Learning\" \/>\n<meta property=\"article:modified_time\" content=\"2023-10-31T07:23:45+00:00\" \/>\n<meta property=\"og:image\" content=\"https:\/\/sites.uef.fi\/flippaus\/wp-content\/uploads\/sites\/83\/2020\/12\/Kuva6.jpg\" \/>\n<meta name=\"twitter:card\" content=\"summary_large_image\" \/>\n<meta name=\"twitter:label1\" content=\"Arvioitu lukuaika\" \/>\n\t<meta name=\"twitter:data1\" content=\"2 minuuttia\" \/>\n<script type=\"application\/ld+json\" class=\"yoast-schema-graph\">{\"@context\":\"https:\/\/schema.org\",\"@graph\":[{\"@type\":\"WebPage\",\"@id\":\"https:\/\/sites.uef.fi\/flippaus\/flippedlearning\/kehittamishankkeet\/nyt-riittaa-luennointi\/esimerkki-case\/\",\"url\":\"https:\/\/sites.uef.fi\/flippaus\/flippedlearning\/kehittamishankkeet\/nyt-riittaa-luennointi\/esimerkki-case\/\",\"name\":\"Esimerkki-case - Flipped Learning\",\"isPartOf\":{\"@id\":\"https:\/\/sites.uef.fi\/flippaus\/#website\"},\"primaryImageOfPage\":{\"@id\":\"https:\/\/sites.uef.fi\/flippaus\/flippedlearning\/kehittamishankkeet\/nyt-riittaa-luennointi\/esimerkki-case\/#primaryimage\"},\"image\":{\"@id\":\"https:\/\/sites.uef.fi\/flippaus\/flippedlearning\/kehittamishankkeet\/nyt-riittaa-luennointi\/esimerkki-case\/#primaryimage\"},\"thumbnailUrl\":\"https:\/\/sites.uef.fi\/flippaus\/wp-content\/uploads\/sites\/83\/2020\/12\/Kuva6.jpg\",\"datePublished\":\"2020-12-15T21:34:35+00:00\",\"dateModified\":\"2023-10-31T07:23:45+00:00\",\"breadcrumb\":{\"@id\":\"https:\/\/sites.uef.fi\/flippaus\/flippedlearning\/kehittamishankkeet\/nyt-riittaa-luennointi\/esimerkki-case\/#breadcrumb\"},\"inLanguage\":\"fi\",\"potentialAction\":[{\"@type\":\"ReadAction\",\"target\":[\"https:\/\/sites.uef.fi\/flippaus\/flippedlearning\/kehittamishankkeet\/nyt-riittaa-luennointi\/esimerkki-case\/\"]}]},{\"@type\":\"ImageObject\",\"inLanguage\":\"fi\",\"@id\":\"https:\/\/sites.uef.fi\/flippaus\/flippedlearning\/kehittamishankkeet\/nyt-riittaa-luennointi\/esimerkki-case\/#primaryimage\",\"url\":\"https:\/\/sites.uef.fi\/flippaus\/wp-content\/uploads\/sites\/83\/2020\/12\/Kuva6.jpg\",\"contentUrl\":\"https:\/\/sites.uef.fi\/flippaus\/wp-content\/uploads\/sites\/83\/2020\/12\/Kuva6.jpg\",\"width\":808,\"height\":606},{\"@type\":\"BreadcrumbList\",\"@id\":\"https:\/\/sites.uef.fi\/flippaus\/flippedlearning\/kehittamishankkeet\/nyt-riittaa-luennointi\/esimerkki-case\/#breadcrumb\",\"itemListElement\":[{\"@type\":\"ListItem\",\"position\":1,\"name\":\"Home\",\"item\":\"https:\/\/sites.uef.fi\/flippaus\/\"},{\"@type\":\"ListItem\",\"position\":2,\"name\":\"Flipped Learning -hanke\",\"item\":\"https:\/\/sites.uef.fi\/flippaus\/flippedlearning\/\"},{\"@type\":\"ListItem\",\"position\":3,\"name\":\"Kehitt\u00e4mishankkeet\",\"item\":\"https:\/\/sites.uef.fi\/flippaus\/flippedlearning\/kehittamishankkeet\/\"},{\"@type\":\"ListItem\",\"position\":4,\"name\":\"Nyt riitt\u00e4\u00e4 luennointi\",\"item\":\"https:\/\/sites.uef.fi\/flippaus\/flippedlearning\/kehittamishankkeet\/nyt-riittaa-luennointi\/\"},{\"@type\":\"ListItem\",\"position\":5,\"name\":\"Esimerkki-case\"}]},{\"@type\":\"WebSite\",\"@id\":\"https:\/\/sites.uef.fi\/flippaus\/#website\",\"url\":\"https:\/\/sites.uef.fi\/flippaus\/\",\"name\":\"Flipped Learning\",\"description\":\"\",\"publisher\":{\"@id\":\"https:\/\/sites.uef.fi\/flippaus\/#organization\"},\"potentialAction\":[{\"@type\":\"SearchAction\",\"target\":{\"@type\":\"EntryPoint\",\"urlTemplate\":\"https:\/\/sites.uef.fi\/flippaus\/?s={search_term_string}\"},\"query-input\":{\"@type\":\"PropertyValueSpecification\",\"valueRequired\":true,\"valueName\":\"search_term_string\"}}],\"inLanguage\":\"fi\"},{\"@type\":\"Organization\",\"@id\":\"https:\/\/sites.uef.fi\/flippaus\/#organization\",\"name\":\"Flipped Learning\",\"url\":\"https:\/\/sites.uef.fi\/flippaus\/\",\"logo\":{\"@type\":\"ImageObject\",\"inLanguage\":\"fi\",\"@id\":\"https:\/\/sites.uef.fi\/flippaus\/#\/schema\/logo\/image\/\",\"url\":\"https:\/\/sites.uef.fi\/flippaus\/wp-content\/uploads\/sites\/83\/2020\/05\/cropped-UEF_wordpress_white.png\",\"contentUrl\":\"https:\/\/sites.uef.fi\/flippaus\/wp-content\/uploads\/sites\/83\/2020\/05\/cropped-UEF_wordpress_white.png\",\"width\":250,\"height\":250,\"caption\":\"Flipped Learning\"},\"image\":{\"@id\":\"https:\/\/sites.uef.fi\/flippaus\/#\/schema\/logo\/image\/\"}}]}<\/script>\n<!-- \/ Yoast SEO plugin. -->","yoast_head_json":{"title":"Esimerkki-case - Flipped Learning","robots":{"index":"index","follow":"follow","max-snippet":"max-snippet:-1","max-image-preview":"max-image-preview:large","max-video-preview":"max-video-preview:-1"},"canonical":"https:\/\/sites.uef.fi\/flippaus\/flippedlearning\/kehittamishankkeet\/nyt-riittaa-luennointi\/esimerkki-case\/","og_locale":"fi_FI","og_type":"article","og_title":"Esimerkki-case - Flipped Learning","og_description":"Esimerkki case-harjoituksesta Harjoitusten k\u00e4sittelyyn oli tehty ohjeellinen tuntisuunnitelma, kuten t\u00e4ss\u00e4 palvelujen markkinointi ja Airbnb. Palvelujen markkinointi: Airbnb Paikallisissa kodeissa asuminen perinteisen hotellimajoituksen haastajana. Airbnb: Making Hospitality Authentic L\u00e4hde: Kotler, P. &amp; Armstrong, G. 2018. Principles of Marketing. Global Edition. Pearson, 275\u2013277. P\u00f6ytiin jaettava aineisto: Tutustuminen jokainen ryhm\u00e4 omalla tavallaan 5 min Teht\u00e4v\u00e4 Palvelujen laadun arviointi &hellip; Jatka lukemista \"Esimerkki-case\"","og_url":"https:\/\/sites.uef.fi\/flippaus\/flippedlearning\/kehittamishankkeet\/nyt-riittaa-luennointi\/esimerkki-case\/","og_site_name":"Flipped Learning","article_modified_time":"2023-10-31T07:23:45+00:00","og_image":[{"url":"https:\/\/sites.uef.fi\/flippaus\/wp-content\/uploads\/sites\/83\/2020\/12\/Kuva6.jpg","type":"","width":"","height":""}],"twitter_card":"summary_large_image","twitter_misc":{"Arvioitu lukuaika":"2 minuuttia"},"schema":{"@context":"https:\/\/schema.org","@graph":[{"@type":"WebPage","@id":"https:\/\/sites.uef.fi\/flippaus\/flippedlearning\/kehittamishankkeet\/nyt-riittaa-luennointi\/esimerkki-case\/","url":"https:\/\/sites.uef.fi\/flippaus\/flippedlearning\/kehittamishankkeet\/nyt-riittaa-luennointi\/esimerkki-case\/","name":"Esimerkki-case - Flipped Learning","isPartOf":{"@id":"https:\/\/sites.uef.fi\/flippaus\/#website"},"primaryImageOfPage":{"@id":"https:\/\/sites.uef.fi\/flippaus\/flippedlearning\/kehittamishankkeet\/nyt-riittaa-luennointi\/esimerkki-case\/#primaryimage"},"image":{"@id":"https:\/\/sites.uef.fi\/flippaus\/flippedlearning\/kehittamishankkeet\/nyt-riittaa-luennointi\/esimerkki-case\/#primaryimage"},"thumbnailUrl":"https:\/\/sites.uef.fi\/flippaus\/wp-content\/uploads\/sites\/83\/2020\/12\/Kuva6.jpg","datePublished":"2020-12-15T21:34:35+00:00","dateModified":"2023-10-31T07:23:45+00:00","breadcrumb":{"@id":"https:\/\/sites.uef.fi\/flippaus\/flippedlearning\/kehittamishankkeet\/nyt-riittaa-luennointi\/esimerkki-case\/#breadcrumb"},"inLanguage":"fi","potentialAction":[{"@type":"ReadAction","target":["https:\/\/sites.uef.fi\/flippaus\/flippedlearning\/kehittamishankkeet\/nyt-riittaa-luennointi\/esimerkki-case\/"]}]},{"@type":"ImageObject","inLanguage":"fi","@id":"https:\/\/sites.uef.fi\/flippaus\/flippedlearning\/kehittamishankkeet\/nyt-riittaa-luennointi\/esimerkki-case\/#primaryimage","url":"https:\/\/sites.uef.fi\/flippaus\/wp-content\/uploads\/sites\/83\/2020\/12\/Kuva6.jpg","contentUrl":"https:\/\/sites.uef.fi\/flippaus\/wp-content\/uploads\/sites\/83\/2020\/12\/Kuva6.jpg","width":808,"height":606},{"@type":"BreadcrumbList","@id":"https:\/\/sites.uef.fi\/flippaus\/flippedlearning\/kehittamishankkeet\/nyt-riittaa-luennointi\/esimerkki-case\/#breadcrumb","itemListElement":[{"@type":"ListItem","position":1,"name":"Home","item":"https:\/\/sites.uef.fi\/flippaus\/"},{"@type":"ListItem","position":2,"name":"Flipped Learning -hanke","item":"https:\/\/sites.uef.fi\/flippaus\/flippedlearning\/"},{"@type":"ListItem","position":3,"name":"Kehitt\u00e4mishankkeet","item":"https:\/\/sites.uef.fi\/flippaus\/flippedlearning\/kehittamishankkeet\/"},{"@type":"ListItem","position":4,"name":"Nyt riitt\u00e4\u00e4 luennointi","item":"https:\/\/sites.uef.fi\/flippaus\/flippedlearning\/kehittamishankkeet\/nyt-riittaa-luennointi\/"},{"@type":"ListItem","position":5,"name":"Esimerkki-case"}]},{"@type":"WebSite","@id":"https:\/\/sites.uef.fi\/flippaus\/#website","url":"https:\/\/sites.uef.fi\/flippaus\/","name":"Flipped Learning","description":"","publisher":{"@id":"https:\/\/sites.uef.fi\/flippaus\/#organization"},"potentialAction":[{"@type":"SearchAction","target":{"@type":"EntryPoint","urlTemplate":"https:\/\/sites.uef.fi\/flippaus\/?s={search_term_string}"},"query-input":{"@type":"PropertyValueSpecification","valueRequired":true,"valueName":"search_term_string"}}],"inLanguage":"fi"},{"@type":"Organization","@id":"https:\/\/sites.uef.fi\/flippaus\/#organization","name":"Flipped Learning","url":"https:\/\/sites.uef.fi\/flippaus\/","logo":{"@type":"ImageObject","inLanguage":"fi","@id":"https:\/\/sites.uef.fi\/flippaus\/#\/schema\/logo\/image\/","url":"https:\/\/sites.uef.fi\/flippaus\/wp-content\/uploads\/sites\/83\/2020\/05\/cropped-UEF_wordpress_white.png","contentUrl":"https:\/\/sites.uef.fi\/flippaus\/wp-content\/uploads\/sites\/83\/2020\/05\/cropped-UEF_wordpress_white.png","width":250,"height":250,"caption":"Flipped Learning"},"image":{"@id":"https:\/\/sites.uef.fi\/flippaus\/#\/schema\/logo\/image\/"}}]}},"_links":{"self":[{"href":"https:\/\/sites.uef.fi\/flippaus\/wp-json\/wp\/v2\/pages\/2465","targetHints":{"allow":["GET"]}}],"collection":[{"href":"https:\/\/sites.uef.fi\/flippaus\/wp-json\/wp\/v2\/pages"}],"about":[{"href":"https:\/\/sites.uef.fi\/flippaus\/wp-json\/wp\/v2\/types\/page"}],"author":[{"embeddable":true,"href":"https:\/\/sites.uef.fi\/flippaus\/wp-json\/wp\/v2\/users\/176"}],"replies":[{"embeddable":true,"href":"https:\/\/sites.uef.fi\/flippaus\/wp-json\/wp\/v2\/comments?post=2465"}],"version-history":[{"count":2,"href":"https:\/\/sites.uef.fi\/flippaus\/wp-json\/wp\/v2\/pages\/2465\/revisions"}],"predecessor-version":[{"id":3472,"href":"https:\/\/sites.uef.fi\/flippaus\/wp-json\/wp\/v2\/pages\/2465\/revisions\/3472"}],"up":[{"embeddable":true,"href":"https:\/\/sites.uef.fi\/flippaus\/wp-json\/wp\/v2\/pages\/2336"}],"wp:attachment":[{"href":"https:\/\/sites.uef.fi\/flippaus\/wp-json\/wp\/v2\/media?parent=2465"}],"curies":[{"name":"wp","href":"https:\/\/api.w.org\/{rel}","templated":true}]}}