{"id":2513,"date":"2020-12-15T23:51:48","date_gmt":"2020-12-15T21:51:48","guid":{"rendered":"https:\/\/sites.uef.fi\/flippaus\/?page_id=2513"},"modified":"2023-10-31T09:24:12","modified_gmt":"2023-10-31T07:24:12","slug":"oppimistulokset-ja-palaute","status":"publish","type":"page","link":"https:\/\/sites.uef.fi\/flippaus\/flippedlearning\/kehittamishankkeet\/nyt-riittaa-luennointi\/oppimistulokset-ja-palaute\/","title":{"rendered":"Oppimistulokset ja palaute"},"content":{"rendered":"\n<h1 class=\"wp-block-heading\" id=\"yui_patched_v3_11_0_1_1608068750309_651\">Oppimistulokset ja palaute<\/h1>\n\n\n\n<h2 class=\"wp-block-heading\" id=\"yui_patched_v3_11_0_1_1608068750309_636\">Itseopiskeluteht\u00e4v\u00e4t ja tenttitulokset<\/h2>\n\n\n\n<p>Kurssin arvosana koostui tentist\u00e4 (max 40 pistett\u00e4) ja opetusvideoihin liittyvist\u00e4 itseopiskeluteht\u00e4vist\u00e4 (max 6 lis\u00e4pistett\u00e4). Itseopiskeluteht\u00e4v\u00e4t eiv\u00e4t olleet pakollisia mutta 67 % opiskelijoista teki ne kaikki. Kuvio osoittaa, miten itseopiskeluteht\u00e4vist\u00e4 saatiin lis\u00e4pisteit\u00e4 tenttiin. 36 % opiskelijoista ker\u00e4si itseopiskeluteht\u00e4vien avulla 6 tai 5 lis\u00e4pistett\u00e4 kurssisuoritukseensa.<\/p>\n\n\n\n<figure class=\"wp-block-image size-full is-resized\"><img loading=\"lazy\" decoding=\"async\" width=\"752\" height=\"452\" src=\"https:\/\/sites.uef.fi\/flippaus\/wp-content\/uploads\/sites\/83\/2020\/12\/Kuva9.jpg\" alt=\"\" class=\"wp-image-2369\" style=\"width:564px;height:339px\" srcset=\"https:\/\/sites.uef.fi\/flippaus\/wp-content\/uploads\/sites\/83\/2020\/12\/Kuva9.jpg 752w, https:\/\/sites.uef.fi\/flippaus\/wp-content\/uploads\/sites\/83\/2020\/12\/Kuva9-300x180.jpg 300w\" sizes=\"auto, (max-width: 706px) 89vw, (max-width: 767px) 82vw, 740px\" \/><\/figure>\n\n\n\n<p>Tentti oli hyvin samanlainen kuin aiempina vuosinakin: 40 monivalintakysymyst\u00e4 ja kaksi valinnaista, lyhytt\u00e4, soveltavaa teht\u00e4v\u00e4\u00e4 (esim. Kerro muotituotteiden jakelun haasteista. Esimerkkin\u00e4 Zara tai H&amp;M).<\/p>\n\n\n\n<p>Tenttitulokset olivat kuitenkin huikean paljon parempia kuin aiemmin, sill\u00e4 opiskelijat olivat perehtyneet tentin kysymyksiin jo tehdess\u00e4\u00e4n opetusvideoihin liittyvi\u00e4 itseopiskeluteht\u00e4vi\u00e4. Kurssin Moodle-sivulla oli k\u00e4yt\u00f6ss\u00e4 opintojen edistymisen seuranta -palkki, mist\u00e4 opiskelijat voivat seurata omaa edistymist\u00e4\u00e4n ja mist\u00e4 opettajat n\u00e4kiv\u00e4t, miten ennakkoaineistoihin on perehdytty. Aikaisempina vuosina tentin soveltaviin kysymyksiin on vastattu hyvin niukasti mutta nyt opiskelijat vastasivat ahkerasti my\u00f6s niihin.<\/p>\n\n\n\n<p>Alla oleva kuvio osoittaa kurssiarvosanajakauman v. 2018 ja 2019 ja sen, miten itseopiskeluteht\u00e4v\u00e4t vaikuttivat kurssiarvosanoihin. Kuvioon on vertailun vuoksi merkitty vuoden 2019 arvosanat sek\u00e4 pelk\u00e4n tentin perusteella ett\u00e4 itseopiskeluteht\u00e4v\u00e4pisteiden kanssa. Kuviosta n\u00e4hd\u00e4\u00e4n, ett\u00e4 ilman itseopiskeluteht\u00e4v\u00e4pisteit\u00e4kin kurssin arvosanat olivat parempia kuin edellisen\u00e4 vuotena ja hyl\u00e4ttyj\u00e4 tenttej\u00e4 oli vain muutama. Itseopiskeluteht\u00e4v\u00e4t n\u00e4ytt\u00e4v\u00e4t parantaneen erityisesti hyvin tentiss\u00e4 menestyneiden opiskelijoitten tuloksia; monet, jotka olisivat saaneet tentist\u00e4 arvosanan 4, saivat nyt arvosanan 5.<\/p>\n\n\n\n<figure class=\"wp-block-image size-full is-resized\"><img loading=\"lazy\" decoding=\"async\" width=\"876\" height=\"585\" src=\"https:\/\/sites.uef.fi\/flippaus\/wp-content\/uploads\/sites\/83\/2020\/12\/Kuva10.jpg\" alt=\"\" class=\"wp-image-2375\" style=\"width:657px;height:439px\" srcset=\"https:\/\/sites.uef.fi\/flippaus\/wp-content\/uploads\/sites\/83\/2020\/12\/Kuva10.jpg 876w, https:\/\/sites.uef.fi\/flippaus\/wp-content\/uploads\/sites\/83\/2020\/12\/Kuva10-300x200.jpg 300w, https:\/\/sites.uef.fi\/flippaus\/wp-content\/uploads\/sites\/83\/2020\/12\/Kuva10-768x513.jpg 768w\" sizes=\"auto, (max-width: 706px) 89vw, (max-width: 767px) 82vw, 740px\" \/><figcaption class=\"wp-element-caption\">Itseopiskeluteht\u00e4v\u00e4t paransivat opintosuorituksia kauttaaltaan ja hyl\u00e4ttyj\u00e4 tenttej\u00e4 oli vain muutama.<\/figcaption><\/figure>\n\n\n\n<h2 class=\"wp-block-heading\">Opiskelijapalaute<\/h2>\n\n\n\n<p>Videolla (32 sekuntia) opiskelijat kertovat siit\u00e4, miten t\u00e4llainen ty\u00f6skentely sopi heille.<\/p>\n\n\n<iframe loading=\"lazy\" src=\"https:\/\/uef.cloud.panopto.eu\/Panopto\/Pages\/Embed.aspx?id=39cf62d2-30b6-4eec-985c-b09800885882&autoplay=false&offerviewer=false&showtitle=false&showbrand=false&captions=false&interactivity=none\" height=\"375\" width=\"500\" style=\"border: 1px solid #464646;\" allowfullscreen allow=\"autoplay\" aria-label=\"Panopto Embedded Video Player\"><\/iframe>\n\n\n\n<p>Kurssista ker\u00e4ttiin tentin j\u00e4lkeen opiskelijapalaute my\u00f6s Forms-lomakkeen avulla, koska palaute haluttiin kohdentaa erityisesti uudistuksen ydinkohtiin. Palautteeseen vastasi 39 opiskelijaa (37 %), joista 19 oli kauppatieteiden p\u00e4\u00e4aineopiskelijoita, 14 sivuaineopiskelijoita ja 6 yksitt\u00e4isen kurssin suorittajia.<\/p>\n\n\n\n<p>Palautteeseen vastanneilla oli varsin mukavasti kokemusta eri harjoituksista:<\/p>\n\n\n\n<figure class=\"wp-block-image size-full is-resized\"><img loading=\"lazy\" decoding=\"async\" width=\"1470\" height=\"811\" src=\"https:\/\/sites.uef.fi\/flippaus\/wp-content\/uploads\/sites\/83\/2020\/12\/Kuva11.jpg\" alt=\"\" class=\"wp-image-2378\" style=\"width:735px;height:406px\" srcset=\"https:\/\/sites.uef.fi\/flippaus\/wp-content\/uploads\/sites\/83\/2020\/12\/Kuva11.jpg 1470w, https:\/\/sites.uef.fi\/flippaus\/wp-content\/uploads\/sites\/83\/2020\/12\/Kuva11-300x166.jpg 300w, https:\/\/sites.uef.fi\/flippaus\/wp-content\/uploads\/sites\/83\/2020\/12\/Kuva11-1024x565.jpg 1024w, https:\/\/sites.uef.fi\/flippaus\/wp-content\/uploads\/sites\/83\/2020\/12\/Kuva11-768x424.jpg 768w\" sizes=\"auto, (max-width: 706px) 89vw, (max-width: 767px) 82vw, 740px\" \/><figcaption class=\"wp-element-caption\">Kyselyyn vastanneiden opiskelijoiden osallistuminen eri case-harjoituksiin.<\/figcaption><\/figure>\n\n\n\n<p>Palautteen mukaan luentojen itseopiskelu, itseopiskeluteht\u00e4v\u00e4t ja case-harjoitukset tukivat oppimista hyvin tai eritt\u00e4in hyvin, aloitus- ja kertausluentojen merkitys oli v\u00e4h\u00e4isempi. 56 % opiskelijoista oli sit\u00e4 mielt\u00e4, ett\u00e4 t\u00e4llainen opiskelutapa sopi heille \u201deritt\u00e4in hyvin\u201d, 41 % vastasi t\u00e4h\u00e4n \u201dhyvin\u201d ja vain yksi opiskelija \u201dhuonosti\u201d. T\u00e4m\u00e4 yksi ei kuitenkaan t\u00e4sment\u00e4nyt, miten h\u00e4n mieluummin opiskelisi.&nbsp; Kurssin ty\u00f6m\u00e4\u00e4r\u00e4\u00e4 pidettiin sopivana, joskin muutama sivuaineopiskelija koki sen melko v\u00e4h\u00e4iseksi.<\/p>\n\n\n\n<p>Avoimissa palautteissa case-harjoituksia luonnehdittiin mm. mielenkiintoisiksi, todella hyviksi, teoriaa konkretisoiviksi, positiivisiksi yll\u00e4tyksiksi ja matalan kynnyksen oppimismenetelm\u00e4ksi. \u201dCase-harjoitukset ja kotona tehdyt tentit aivan huippuja\u201d, kommentoi er\u00e4s, ja \u201dOpetusvideot oli tosi hyvi\u00e4\u201d, mainitsi toinen. On my\u00f6s huomionarvoista, ett\u00e4 opiskelija, jolla on luki-h\u00e4iri\u00f6, koki hyv\u00e4ksi sen, ett\u00e4 opetusvideoita voi tauottaa ja kelata taaksep\u00e4in. Yksi opiskelija mainitsi, ett\u00e4 ryhm\u00e4tilanteet ovat h\u00e4nelle hankalia mutta ett\u00e4 niit\u00e4kin on hyv\u00e4 harjoitella.<\/p>\n\n\n\n<p>Harjoitusten m\u00e4\u00e4r\u00e4\u00e4 (nelj\u00e4 pakollista) pidettiin sopivana (85 %), tosin kuuden opiskelijan mielest\u00e4 se oli liian v\u00e4h\u00e4n. Harjoituksia olisi saanut valita enemm\u00e4nkin kuin nuo nelj\u00e4 pakollista mutta vain muutama opiskelija teki niin. Harjoitusten kestoa (kaksi tuntia) pitiv\u00e4t kaikki sopivana. Opiskelijat kokivat valmistautuneensa harjoituksiin p\u00e4\u00e4s\u00e4\u00e4nt\u00f6isesti hyvin tai eritt\u00e4in hyvin tutustumalla luentoaineistoihin ja case-harjoituksen tekstiin mutta harjoituksen teemaan liittyv\u00e4\u00e4n kurssikirjan lukuun oli tutustunut vain puolet opiskelijoista. 87 % opiskelijoista osallistui mielest\u00e4\u00e4n aktiivisesti harjoitusten keskusteluun ja ryhm\u00e4ty\u00f6n tuottamiseen.<\/p>\n\n\n\n<figure class=\"wp-block-image size-full is-resized\"><img loading=\"lazy\" decoding=\"async\" width=\"1574\" height=\"724\" src=\"https:\/\/sites.uef.fi\/flippaus\/wp-content\/uploads\/sites\/83\/2020\/12\/Kuva12.jpg\" alt=\"\" class=\"wp-image-2381\" style=\"width:787px;height:362px\" srcset=\"https:\/\/sites.uef.fi\/flippaus\/wp-content\/uploads\/sites\/83\/2020\/12\/Kuva12.jpg 1574w, https:\/\/sites.uef.fi\/flippaus\/wp-content\/uploads\/sites\/83\/2020\/12\/Kuva12-300x138.jpg 300w, https:\/\/sites.uef.fi\/flippaus\/wp-content\/uploads\/sites\/83\/2020\/12\/Kuva12-1024x471.jpg 1024w, https:\/\/sites.uef.fi\/flippaus\/wp-content\/uploads\/sites\/83\/2020\/12\/Kuva12-768x353.jpg 768w, https:\/\/sites.uef.fi\/flippaus\/wp-content\/uploads\/sites\/83\/2020\/12\/Kuva12-1536x707.jpg 1536w\" sizes=\"auto, (max-width: 706px) 89vw, (max-width: 767px) 82vw, 740px\" \/><figcaption class=\"wp-element-caption\">Opiskelijoitten omat arviot heid\u00e4n aktiivisuudestaan ennen harjoituksia ja niiden aikana. Kurssikirjan heikkoa k\u00e4ytt\u00f6\u00e4 selitt\u00e4\u00e4 osin se, ett\u00e4 Pearsonin e-kirja oli ollut kirjastollamme vain koek\u00e4yt\u00f6ss\u00e4 ja se poistui yll\u00e4tt\u00e4en kurssin alkupuolella.<\/figcaption><\/figure>\n\n\n\n<p>Yksitt\u00e4isist\u00e4 case-harjoituksista eniten mainintoja sai tuotteeseen ja br\u00e4ndin uudistamiseen liittyv\u00e4 Carlsberg-case: \u201dEn ole koskaan pohtinut tuotteistamista noin monipuolisesti! Eritt\u00e4in silmi\u00e4 avaavaa :)\u201d.<\/p>\n\n\n\n<p>Ohjaajatiimin ty\u00f6skentelyyn opiskelijat olivat my\u00f6s p\u00e4\u00e4s\u00e4\u00e4nt\u00f6isesti tyytyv\u00e4isi\u00e4. Ohjaajia pidettiin rentoina mutta tomerina, kannustavina, avuliaina, asiantuntevina ja osaavina. Jonkun mielest\u00e4 keskustelua olisi voinut ohjata enemm\u00e4nkin. T\u00e4ss\u00e4 tiivistyy monen kokemus: \u201dTy\u00f6skentely\u00e4 ohjattiin selke\u00e4sti, mutta ei liikaa. Opiskelijoille annettiin tilaa ja mahdollisuus itse mietti\u00e4 ja keskustella aiheesta. Apua kuitenkin sai tarvittaessa.\u201d<\/p>\n\n\n\n<p>Kysyimme my\u00f6s kehitt\u00e4misideoita jatkoa varten ja saimmekin konkreettisia ehdotuksia, jotka tosin olivat osin ristiriitaisia<\/p>\n\n\n\n<ul class=\"wp-block-list\">\n<li>enemm\u00e4n pakollisia case-harjoituksia<\/li>\n\n\n\n<li>enemm\u00e4n osallistujia\/harjoitus<\/li>\n\n\n\n<li>v\u00e4likertausluento motivoimaan eteenp\u00e4in<\/li>\n\n\n\n<li>enemm\u00e4n luentoja harjoitusten sijaan<\/li>\n\n\n\n<li>mahdollisuus yritt\u00e4\u00e4 itseopiskelutenttej\u00e4 useamman kerran<\/li>\n\n\n\n<li>monipuolisempia itseopiskeluteht\u00e4vi\u00e4 (ei vain Moodle-tenttej\u00e4)<\/li>\n\n\n\n<li>luentodiat aiemmin jakoon<\/li>\n\n\n\n<li>helppolukuisempi kurssikirja.<\/li>\n<\/ul>\n\n\n\n<p>Varsin monta t\u00e4m\u00e4n tyyppist\u00e4 mainintaa my\u00f6s saimme: \u201dKurssi t\u00e4llaisenaan oikein toimiva.\u201d<\/p>\n\n\n\n<div class=\"wp-block-buttons is-layout-flex wp-block-buttons-is-layout-flex\">\n<div class=\"wp-block-button\"><a class=\"wp-block-button__link has-background wp-element-button\" href=\"https:\/\/sites.uef.fi\/flippaus\/fl-hanke\/kehittamishankkeet\/nyt-riittaa-luennointi\/yhteenveto\/\" style=\"background-color:#1f9cb0\">YHTEENVETO JA LIS\u00c4\u00c4 AIHEESTA &gt;<\/a><\/div>\n<\/div>\n\n\n\n<p><\/p>\n","protected":false},"excerpt":{"rendered":"<p>Oppimistulokset ja palaute Itseopiskeluteht\u00e4v\u00e4t ja tenttitulokset Kurssin arvosana koostui tentist\u00e4 (max 40 pistett\u00e4) ja opetusvideoihin liittyvist\u00e4 itseopiskeluteht\u00e4vist\u00e4 (max 6 lis\u00e4pistett\u00e4). Itseopiskeluteht\u00e4v\u00e4t eiv\u00e4t olleet pakollisia mutta 67 % opiskelijoista teki ne kaikki. Kuvio osoittaa, miten itseopiskeluteht\u00e4vist\u00e4 saatiin lis\u00e4pisteit\u00e4 tenttiin. 36 % opiskelijoista ker\u00e4si itseopiskeluteht\u00e4vien avulla 6 tai 5 lis\u00e4pistett\u00e4 kurssisuoritukseensa. Tentti oli hyvin samanlainen kuin aiempina &hellip; <\/p>\n<p class=\"link-more\"><a href=\"https:\/\/sites.uef.fi\/flippaus\/flippedlearning\/kehittamishankkeet\/nyt-riittaa-luennointi\/oppimistulokset-ja-palaute\/\" class=\"more-link\">Jatka lukemista<span class=\"screen-reader-text\"> &#8221;Oppimistulokset ja palaute&#8221;<\/span><\/a><\/p>\n","protected":false},"author":176,"featured_media":0,"parent":2336,"menu_order":4,"comment_status":"closed","ping_status":"closed","template":"","meta":{"_acf_changed":false,"_monsterinsights_skip_tracking":false,"_monsterinsights_sitenote_active":false,"_monsterinsights_sitenote_note":"","_monsterinsights_sitenote_category":0,"footnotes":""},"class_list":["post-2513","page","type-page","status-publish","hentry"],"acf":[],"yoast_head":"<!-- This site is optimized with the Yoast SEO plugin v27.1.1 - https:\/\/yoast.com\/product\/yoast-seo-wordpress\/ -->\n<title>Oppimistulokset ja palaute - Flipped Learning<\/title>\n<meta name=\"robots\" content=\"index, follow, max-snippet:-1, max-image-preview:large, max-video-preview:-1\" \/>\n<link rel=\"canonical\" href=\"https:\/\/sites.uef.fi\/flippaus\/flippedlearning\/kehittamishankkeet\/nyt-riittaa-luennointi\/oppimistulokset-ja-palaute\/\" \/>\n<meta property=\"og:locale\" content=\"fi_FI\" \/>\n<meta property=\"og:type\" content=\"article\" \/>\n<meta property=\"og:title\" content=\"Oppimistulokset ja palaute - Flipped Learning\" \/>\n<meta property=\"og:description\" content=\"Oppimistulokset ja palaute Itseopiskeluteht\u00e4v\u00e4t ja tenttitulokset Kurssin arvosana koostui tentist\u00e4 (max 40 pistett\u00e4) ja opetusvideoihin liittyvist\u00e4 itseopiskeluteht\u00e4vist\u00e4 (max 6 lis\u00e4pistett\u00e4). Itseopiskeluteht\u00e4v\u00e4t eiv\u00e4t olleet pakollisia mutta 67 % opiskelijoista teki ne kaikki. Kuvio osoittaa, miten itseopiskeluteht\u00e4vist\u00e4 saatiin lis\u00e4pisteit\u00e4 tenttiin. 36 % opiskelijoista ker\u00e4si itseopiskeluteht\u00e4vien avulla 6 tai 5 lis\u00e4pistett\u00e4 kurssisuoritukseensa. Tentti oli hyvin samanlainen kuin aiempina &hellip; Jatka lukemista &quot;Oppimistulokset ja palaute&quot;\" \/>\n<meta property=\"og:url\" content=\"https:\/\/sites.uef.fi\/flippaus\/flippedlearning\/kehittamishankkeet\/nyt-riittaa-luennointi\/oppimistulokset-ja-palaute\/\" \/>\n<meta property=\"og:site_name\" content=\"Flipped Learning\" \/>\n<meta property=\"article:modified_time\" content=\"2023-10-31T07:24:12+00:00\" \/>\n<meta property=\"og:image\" content=\"https:\/\/sites.uef.fi\/flippaus\/wp-content\/uploads\/sites\/83\/2020\/12\/Kuva9.jpg\" \/>\n<meta name=\"twitter:card\" content=\"summary_large_image\" \/>\n<meta name=\"twitter:label1\" content=\"Arvioitu lukuaika\" \/>\n\t<meta name=\"twitter:data1\" content=\"5 minuuttia\" \/>\n<script type=\"application\/ld+json\" class=\"yoast-schema-graph\">{\"@context\":\"https:\/\/schema.org\",\"@graph\":[{\"@type\":\"WebPage\",\"@id\":\"https:\/\/sites.uef.fi\/flippaus\/flippedlearning\/kehittamishankkeet\/nyt-riittaa-luennointi\/oppimistulokset-ja-palaute\/\",\"url\":\"https:\/\/sites.uef.fi\/flippaus\/flippedlearning\/kehittamishankkeet\/nyt-riittaa-luennointi\/oppimistulokset-ja-palaute\/\",\"name\":\"Oppimistulokset ja palaute - Flipped Learning\",\"isPartOf\":{\"@id\":\"https:\/\/sites.uef.fi\/flippaus\/#website\"},\"primaryImageOfPage\":{\"@id\":\"https:\/\/sites.uef.fi\/flippaus\/flippedlearning\/kehittamishankkeet\/nyt-riittaa-luennointi\/oppimistulokset-ja-palaute\/#primaryimage\"},\"image\":{\"@id\":\"https:\/\/sites.uef.fi\/flippaus\/flippedlearning\/kehittamishankkeet\/nyt-riittaa-luennointi\/oppimistulokset-ja-palaute\/#primaryimage\"},\"thumbnailUrl\":\"https:\/\/sites.uef.fi\/flippaus\/wp-content\/uploads\/sites\/83\/2020\/12\/Kuva9.jpg\",\"datePublished\":\"2020-12-15T21:51:48+00:00\",\"dateModified\":\"2023-10-31T07:24:12+00:00\",\"breadcrumb\":{\"@id\":\"https:\/\/sites.uef.fi\/flippaus\/flippedlearning\/kehittamishankkeet\/nyt-riittaa-luennointi\/oppimistulokset-ja-palaute\/#breadcrumb\"},\"inLanguage\":\"fi\",\"potentialAction\":[{\"@type\":\"ReadAction\",\"target\":[\"https:\/\/sites.uef.fi\/flippaus\/flippedlearning\/kehittamishankkeet\/nyt-riittaa-luennointi\/oppimistulokset-ja-palaute\/\"]}]},{\"@type\":\"ImageObject\",\"inLanguage\":\"fi\",\"@id\":\"https:\/\/sites.uef.fi\/flippaus\/flippedlearning\/kehittamishankkeet\/nyt-riittaa-luennointi\/oppimistulokset-ja-palaute\/#primaryimage\",\"url\":\"https:\/\/sites.uef.fi\/flippaus\/wp-content\/uploads\/sites\/83\/2020\/12\/Kuva9.jpg\",\"contentUrl\":\"https:\/\/sites.uef.fi\/flippaus\/wp-content\/uploads\/sites\/83\/2020\/12\/Kuva9.jpg\",\"width\":752,\"height\":452},{\"@type\":\"BreadcrumbList\",\"@id\":\"https:\/\/sites.uef.fi\/flippaus\/flippedlearning\/kehittamishankkeet\/nyt-riittaa-luennointi\/oppimistulokset-ja-palaute\/#breadcrumb\",\"itemListElement\":[{\"@type\":\"ListItem\",\"position\":1,\"name\":\"Home\",\"item\":\"https:\/\/sites.uef.fi\/flippaus\/\"},{\"@type\":\"ListItem\",\"position\":2,\"name\":\"Flipped Learning -hanke\",\"item\":\"https:\/\/sites.uef.fi\/flippaus\/flippedlearning\/\"},{\"@type\":\"ListItem\",\"position\":3,\"name\":\"Kehitt\u00e4mishankkeet\",\"item\":\"https:\/\/sites.uef.fi\/flippaus\/flippedlearning\/kehittamishankkeet\/\"},{\"@type\":\"ListItem\",\"position\":4,\"name\":\"Nyt riitt\u00e4\u00e4 luennointi\",\"item\":\"https:\/\/sites.uef.fi\/flippaus\/flippedlearning\/kehittamishankkeet\/nyt-riittaa-luennointi\/\"},{\"@type\":\"ListItem\",\"position\":5,\"name\":\"Oppimistulokset ja palaute\"}]},{\"@type\":\"WebSite\",\"@id\":\"https:\/\/sites.uef.fi\/flippaus\/#website\",\"url\":\"https:\/\/sites.uef.fi\/flippaus\/\",\"name\":\"Flipped Learning\",\"description\":\"\",\"publisher\":{\"@id\":\"https:\/\/sites.uef.fi\/flippaus\/#organization\"},\"potentialAction\":[{\"@type\":\"SearchAction\",\"target\":{\"@type\":\"EntryPoint\",\"urlTemplate\":\"https:\/\/sites.uef.fi\/flippaus\/?s={search_term_string}\"},\"query-input\":{\"@type\":\"PropertyValueSpecification\",\"valueRequired\":true,\"valueName\":\"search_term_string\"}}],\"inLanguage\":\"fi\"},{\"@type\":\"Organization\",\"@id\":\"https:\/\/sites.uef.fi\/flippaus\/#organization\",\"name\":\"Flipped Learning\",\"url\":\"https:\/\/sites.uef.fi\/flippaus\/\",\"logo\":{\"@type\":\"ImageObject\",\"inLanguage\":\"fi\",\"@id\":\"https:\/\/sites.uef.fi\/flippaus\/#\/schema\/logo\/image\/\",\"url\":\"https:\/\/sites.uef.fi\/flippaus\/wp-content\/uploads\/sites\/83\/2020\/05\/cropped-UEF_wordpress_white.png\",\"contentUrl\":\"https:\/\/sites.uef.fi\/flippaus\/wp-content\/uploads\/sites\/83\/2020\/05\/cropped-UEF_wordpress_white.png\",\"width\":250,\"height\":250,\"caption\":\"Flipped Learning\"},\"image\":{\"@id\":\"https:\/\/sites.uef.fi\/flippaus\/#\/schema\/logo\/image\/\"}}]}<\/script>\n<!-- \/ Yoast SEO plugin. -->","yoast_head_json":{"title":"Oppimistulokset ja palaute - Flipped Learning","robots":{"index":"index","follow":"follow","max-snippet":"max-snippet:-1","max-image-preview":"max-image-preview:large","max-video-preview":"max-video-preview:-1"},"canonical":"https:\/\/sites.uef.fi\/flippaus\/flippedlearning\/kehittamishankkeet\/nyt-riittaa-luennointi\/oppimistulokset-ja-palaute\/","og_locale":"fi_FI","og_type":"article","og_title":"Oppimistulokset ja palaute - Flipped Learning","og_description":"Oppimistulokset ja palaute Itseopiskeluteht\u00e4v\u00e4t ja tenttitulokset Kurssin arvosana koostui tentist\u00e4 (max 40 pistett\u00e4) ja opetusvideoihin liittyvist\u00e4 itseopiskeluteht\u00e4vist\u00e4 (max 6 lis\u00e4pistett\u00e4). Itseopiskeluteht\u00e4v\u00e4t eiv\u00e4t olleet pakollisia mutta 67 % opiskelijoista teki ne kaikki. Kuvio osoittaa, miten itseopiskeluteht\u00e4vist\u00e4 saatiin lis\u00e4pisteit\u00e4 tenttiin. 36 % opiskelijoista ker\u00e4si itseopiskeluteht\u00e4vien avulla 6 tai 5 lis\u00e4pistett\u00e4 kurssisuoritukseensa. Tentti oli hyvin samanlainen kuin aiempina &hellip; Jatka lukemista \"Oppimistulokset ja palaute\"","og_url":"https:\/\/sites.uef.fi\/flippaus\/flippedlearning\/kehittamishankkeet\/nyt-riittaa-luennointi\/oppimistulokset-ja-palaute\/","og_site_name":"Flipped Learning","article_modified_time":"2023-10-31T07:24:12+00:00","og_image":[{"url":"https:\/\/sites.uef.fi\/flippaus\/wp-content\/uploads\/sites\/83\/2020\/12\/Kuva9.jpg","type":"","width":"","height":""}],"twitter_card":"summary_large_image","twitter_misc":{"Arvioitu lukuaika":"5 minuuttia"},"schema":{"@context":"https:\/\/schema.org","@graph":[{"@type":"WebPage","@id":"https:\/\/sites.uef.fi\/flippaus\/flippedlearning\/kehittamishankkeet\/nyt-riittaa-luennointi\/oppimistulokset-ja-palaute\/","url":"https:\/\/sites.uef.fi\/flippaus\/flippedlearning\/kehittamishankkeet\/nyt-riittaa-luennointi\/oppimistulokset-ja-palaute\/","name":"Oppimistulokset ja palaute - Flipped Learning","isPartOf":{"@id":"https:\/\/sites.uef.fi\/flippaus\/#website"},"primaryImageOfPage":{"@id":"https:\/\/sites.uef.fi\/flippaus\/flippedlearning\/kehittamishankkeet\/nyt-riittaa-luennointi\/oppimistulokset-ja-palaute\/#primaryimage"},"image":{"@id":"https:\/\/sites.uef.fi\/flippaus\/flippedlearning\/kehittamishankkeet\/nyt-riittaa-luennointi\/oppimistulokset-ja-palaute\/#primaryimage"},"thumbnailUrl":"https:\/\/sites.uef.fi\/flippaus\/wp-content\/uploads\/sites\/83\/2020\/12\/Kuva9.jpg","datePublished":"2020-12-15T21:51:48+00:00","dateModified":"2023-10-31T07:24:12+00:00","breadcrumb":{"@id":"https:\/\/sites.uef.fi\/flippaus\/flippedlearning\/kehittamishankkeet\/nyt-riittaa-luennointi\/oppimistulokset-ja-palaute\/#breadcrumb"},"inLanguage":"fi","potentialAction":[{"@type":"ReadAction","target":["https:\/\/sites.uef.fi\/flippaus\/flippedlearning\/kehittamishankkeet\/nyt-riittaa-luennointi\/oppimistulokset-ja-palaute\/"]}]},{"@type":"ImageObject","inLanguage":"fi","@id":"https:\/\/sites.uef.fi\/flippaus\/flippedlearning\/kehittamishankkeet\/nyt-riittaa-luennointi\/oppimistulokset-ja-palaute\/#primaryimage","url":"https:\/\/sites.uef.fi\/flippaus\/wp-content\/uploads\/sites\/83\/2020\/12\/Kuva9.jpg","contentUrl":"https:\/\/sites.uef.fi\/flippaus\/wp-content\/uploads\/sites\/83\/2020\/12\/Kuva9.jpg","width":752,"height":452},{"@type":"BreadcrumbList","@id":"https:\/\/sites.uef.fi\/flippaus\/flippedlearning\/kehittamishankkeet\/nyt-riittaa-luennointi\/oppimistulokset-ja-palaute\/#breadcrumb","itemListElement":[{"@type":"ListItem","position":1,"name":"Home","item":"https:\/\/sites.uef.fi\/flippaus\/"},{"@type":"ListItem","position":2,"name":"Flipped Learning -hanke","item":"https:\/\/sites.uef.fi\/flippaus\/flippedlearning\/"},{"@type":"ListItem","position":3,"name":"Kehitt\u00e4mishankkeet","item":"https:\/\/sites.uef.fi\/flippaus\/flippedlearning\/kehittamishankkeet\/"},{"@type":"ListItem","position":4,"name":"Nyt riitt\u00e4\u00e4 luennointi","item":"https:\/\/sites.uef.fi\/flippaus\/flippedlearning\/kehittamishankkeet\/nyt-riittaa-luennointi\/"},{"@type":"ListItem","position":5,"name":"Oppimistulokset ja palaute"}]},{"@type":"WebSite","@id":"https:\/\/sites.uef.fi\/flippaus\/#website","url":"https:\/\/sites.uef.fi\/flippaus\/","name":"Flipped Learning","description":"","publisher":{"@id":"https:\/\/sites.uef.fi\/flippaus\/#organization"},"potentialAction":[{"@type":"SearchAction","target":{"@type":"EntryPoint","urlTemplate":"https:\/\/sites.uef.fi\/flippaus\/?s={search_term_string}"},"query-input":{"@type":"PropertyValueSpecification","valueRequired":true,"valueName":"search_term_string"}}],"inLanguage":"fi"},{"@type":"Organization","@id":"https:\/\/sites.uef.fi\/flippaus\/#organization","name":"Flipped Learning","url":"https:\/\/sites.uef.fi\/flippaus\/","logo":{"@type":"ImageObject","inLanguage":"fi","@id":"https:\/\/sites.uef.fi\/flippaus\/#\/schema\/logo\/image\/","url":"https:\/\/sites.uef.fi\/flippaus\/wp-content\/uploads\/sites\/83\/2020\/05\/cropped-UEF_wordpress_white.png","contentUrl":"https:\/\/sites.uef.fi\/flippaus\/wp-content\/uploads\/sites\/83\/2020\/05\/cropped-UEF_wordpress_white.png","width":250,"height":250,"caption":"Flipped Learning"},"image":{"@id":"https:\/\/sites.uef.fi\/flippaus\/#\/schema\/logo\/image\/"}}]}},"_links":{"self":[{"href":"https:\/\/sites.uef.fi\/flippaus\/wp-json\/wp\/v2\/pages\/2513","targetHints":{"allow":["GET"]}}],"collection":[{"href":"https:\/\/sites.uef.fi\/flippaus\/wp-json\/wp\/v2\/pages"}],"about":[{"href":"https:\/\/sites.uef.fi\/flippaus\/wp-json\/wp\/v2\/types\/page"}],"author":[{"embeddable":true,"href":"https:\/\/sites.uef.fi\/flippaus\/wp-json\/wp\/v2\/users\/176"}],"replies":[{"embeddable":true,"href":"https:\/\/sites.uef.fi\/flippaus\/wp-json\/wp\/v2\/comments?post=2513"}],"version-history":[{"count":2,"href":"https:\/\/sites.uef.fi\/flippaus\/wp-json\/wp\/v2\/pages\/2513\/revisions"}],"predecessor-version":[{"id":3475,"href":"https:\/\/sites.uef.fi\/flippaus\/wp-json\/wp\/v2\/pages\/2513\/revisions\/3475"}],"up":[{"embeddable":true,"href":"https:\/\/sites.uef.fi\/flippaus\/wp-json\/wp\/v2\/pages\/2336"}],"wp:attachment":[{"href":"https:\/\/sites.uef.fi\/flippaus\/wp-json\/wp\/v2\/media?parent=2513"}],"curies":[{"name":"wp","href":"https:\/\/api.w.org\/{rel}","templated":true}]}}