{"id":2528,"date":"2020-12-15T23:55:48","date_gmt":"2020-12-15T21:55:48","guid":{"rendered":"https:\/\/sites.uef.fi\/flippaus\/?page_id=2528"},"modified":"2020-12-17T13:31:56","modified_gmt":"2020-12-17T11:31:56","slug":"yhteenveto","status":"publish","type":"page","link":"https:\/\/sites.uef.fi\/flippaus\/flippedlearning\/kehittamishankkeet\/nyt-riittaa-luennointi\/yhteenveto\/","title":{"rendered":"Yhteenveto"},"content":{"rendered":"\n<h1 class=\"wp-block-heading\" id=\"yui_patched_v3_11_0_1_1608069273811_450\">Yhteenveto<\/h1>\n\n\n\n<p>Flippaamalla peruskurssin pystyimme muuttamaan opiskelun etupainotteiseksi: asiat on opiskeltu hyvinkin syv\u00e4llisesti jo paljon ennen tentti\u00e4, joten tentti on vain pieni osa kokonaissuoritusta. Opiskeluilmapiiri koettiin harjoituksissa hyvin my\u00f6nteiseksi, mik\u00e4 tukee osaltaan sek\u00e4 yliopiston ett\u00e4 laitoksen tavoitteita kiinnitt\u00e4\u00e4 fuksit paremmin omaan yliopistoon ja opiskelualaan.<\/p>\n\n\n\n<p>On tietysti asioita, joita emme osanneet ennakoida emmek\u00e4 saaneet kohdalleen viel\u00e4 t\u00e4ll\u00e4 ensimm\u00e4isell\u00e4 kierroksella. Ennakkoaineistot toimivat kuitenkin hyvin, samoin itseopiskeluteht\u00e4v\u00e4t. Meill\u00e4 oli kova miettiminen harjoitusten m\u00e4\u00e4r\u00e4ss\u00e4 ja rajasimme maksimiosallistujam\u00e4\u00e4r\u00e4n 36:een meille osoitetun opetustilan rajoitteiden takia ja koska meill\u00e4 oli k\u00e4ytett\u00e4viss\u00e4 korkeintaan kuusi ryhm\u00e4nohjaajaa\/harjoitus. Jatkossa on mietitt\u00e4v\u00e4, pit\u00e4isik\u00f6 pakollisia harjoituksia olla enemm\u00e4n. Resurssit voivat olla haaste: pariopettajaty\u00f6skentely ei ole laitoksellamme tavallista, joten kurssi tulisi toteuttaa vain yhden yliopistonlehtorin voimin. Lis\u00e4ksi on mietitt\u00e4v\u00e4, mist\u00e4 saadaan rahat opetusavustajien palkkioihin. Opettajien kannalta yhdess\u00e4 tiimin kanssa suunnitteleminen ja opettaminen oli pedagogisesti mielek\u00e4st\u00e4, tehokasta ja rikastavaa, joten on todella toivottavaa, ett\u00e4 t\u00e4m\u00e4n tyyppinen ty\u00f6skentely saisi jatkua. Kokeilimme kurssin aikana paria harjoitusta vain kahden ohjaajan voimin ja ryhmien ty\u00f6skentely oli tuolloin paljon tehottomampaa ja ohjaaja j\u00e4i ulkopuoliseksi.<\/p>\n\n\n\n<p>Paluuta entiseen ei kuitenkaan ole. Flippaamalla peruskurssin olemme p\u00e4\u00e4sseet aivan uudelle tasolle niin opettamisessa, oppimisessa kuin yhteis\u00f6llisyyden kokemuksessa. Opetusharjoittelija-Anuliinan kommentti sopii varmasti meid\u00e4n jokaisen suuhun: \u201dFlippaus opetusmenetelm\u00e4n\u00e4 oli \u00e4\u00e4rimm\u00e4isen innostava kokemus. Opin paljon!\u201d<\/p>\n\n\n\n<p>Kiit\u00e4mme l\u00e4mpim\u00e4sti yliopistoa kehitt\u00e4misrahasta ja koko ohjaajatiimi\u00e4 ja opiskelijoita erinomaisesta yhteisty\u00f6st\u00e4.<\/p>\n\n\n\n<h2 class=\"wp-block-heading\">Lue lis\u00e4\u00e4<\/h2>\n\n\n\n<p>Vastuuopettaja Helena Kantasen blogi<\/p>\n\n\n\n<ul class=\"wp-block-list\"><li><a href=\"https:\/\/kurssiakaantamassa.blogspot.com\/2018\/11\/syksyn-kehittamisprojekteja-osa-3.html\">Uudistamisen perusteet<\/a> 23.11.2018<\/li><li><a href=\"https:\/\/kurssiakaantamassa.blogspot.com\/2019\/01\/\">Tunnelmia kurssin startista<\/a> 15.1.2019<\/li><li><a href=\"https:\/\/kurssiakaantamassa.blogspot.com\/2019\/02\/\">Kurssin puoliv\u00e4list\u00e4<\/a> 12.2.2019<\/li><\/ul>\n\n\n\n<p><\/p>\n","protected":false},"excerpt":{"rendered":"<p>Yhteenveto Flippaamalla peruskurssin pystyimme muuttamaan opiskelun etupainotteiseksi: asiat on opiskeltu hyvinkin syv\u00e4llisesti jo paljon ennen tentti\u00e4, joten tentti on vain pieni osa kokonaissuoritusta. Opiskeluilmapiiri koettiin harjoituksissa hyvin my\u00f6nteiseksi, mik\u00e4 tukee osaltaan sek\u00e4 yliopiston ett\u00e4 laitoksen tavoitteita kiinnitt\u00e4\u00e4 fuksit paremmin omaan yliopistoon ja opiskelualaan. On tietysti asioita, joita emme osanneet ennakoida emmek\u00e4 saaneet kohdalleen viel\u00e4 t\u00e4ll\u00e4 &hellip; <\/p>\n<p class=\"link-more\"><a href=\"https:\/\/sites.uef.fi\/flippaus\/flippedlearning\/kehittamishankkeet\/nyt-riittaa-luennointi\/yhteenveto\/\" class=\"more-link\">Jatka lukemista<span class=\"screen-reader-text\"> &#8221;Yhteenveto&#8221;<\/span><\/a><\/p>\n","protected":false},"author":176,"featured_media":0,"parent":2336,"menu_order":5,"comment_status":"closed","ping_status":"closed","template":"","meta":{"_acf_changed":false,"_monsterinsights_skip_tracking":false,"_monsterinsights_sitenote_active":false,"_monsterinsights_sitenote_note":"","_monsterinsights_sitenote_category":0,"footnotes":""},"class_list":["post-2528","page","type-page","status-publish","hentry"],"acf":[],"yoast_head":"<!-- This site is optimized with the Yoast SEO plugin v27.1.1 - https:\/\/yoast.com\/product\/yoast-seo-wordpress\/ -->\n<title>Yhteenveto - Flipped Learning<\/title>\n<meta name=\"robots\" content=\"index, follow, max-snippet:-1, max-image-preview:large, max-video-preview:-1\" \/>\n<link rel=\"canonical\" href=\"https:\/\/sites.uef.fi\/flippaus\/flippedlearning\/kehittamishankkeet\/nyt-riittaa-luennointi\/yhteenveto\/\" \/>\n<meta property=\"og:locale\" content=\"fi_FI\" \/>\n<meta property=\"og:type\" content=\"article\" \/>\n<meta property=\"og:title\" content=\"Yhteenveto - Flipped Learning\" \/>\n<meta property=\"og:description\" content=\"Yhteenveto Flippaamalla peruskurssin pystyimme muuttamaan opiskelun etupainotteiseksi: asiat on opiskeltu hyvinkin syv\u00e4llisesti jo paljon ennen tentti\u00e4, joten tentti on vain pieni osa kokonaissuoritusta. Opiskeluilmapiiri koettiin harjoituksissa hyvin my\u00f6nteiseksi, mik\u00e4 tukee osaltaan sek\u00e4 yliopiston ett\u00e4 laitoksen tavoitteita kiinnitt\u00e4\u00e4 fuksit paremmin omaan yliopistoon ja opiskelualaan. On tietysti asioita, joita emme osanneet ennakoida emmek\u00e4 saaneet kohdalleen viel\u00e4 t\u00e4ll\u00e4 &hellip; Jatka lukemista &quot;Yhteenveto&quot;\" \/>\n<meta property=\"og:url\" content=\"https:\/\/sites.uef.fi\/flippaus\/flippedlearning\/kehittamishankkeet\/nyt-riittaa-luennointi\/yhteenveto\/\" \/>\n<meta property=\"og:site_name\" content=\"Flipped Learning\" \/>\n<meta property=\"article:modified_time\" content=\"2020-12-17T11:31:56+00:00\" \/>\n<meta name=\"twitter:card\" content=\"summary_large_image\" \/>\n<meta name=\"twitter:label1\" content=\"Arvioitu lukuaika\" \/>\n\t<meta name=\"twitter:data1\" content=\"1 minuutti\" \/>\n<script type=\"application\/ld+json\" class=\"yoast-schema-graph\">{\"@context\":\"https:\/\/schema.org\",\"@graph\":[{\"@type\":\"WebPage\",\"@id\":\"https:\/\/sites.uef.fi\/flippaus\/flippedlearning\/kehittamishankkeet\/nyt-riittaa-luennointi\/yhteenveto\/\",\"url\":\"https:\/\/sites.uef.fi\/flippaus\/flippedlearning\/kehittamishankkeet\/nyt-riittaa-luennointi\/yhteenveto\/\",\"name\":\"Yhteenveto - Flipped Learning\",\"isPartOf\":{\"@id\":\"https:\/\/sites.uef.fi\/flippaus\/#website\"},\"datePublished\":\"2020-12-15T21:55:48+00:00\",\"dateModified\":\"2020-12-17T11:31:56+00:00\",\"breadcrumb\":{\"@id\":\"https:\/\/sites.uef.fi\/flippaus\/flippedlearning\/kehittamishankkeet\/nyt-riittaa-luennointi\/yhteenveto\/#breadcrumb\"},\"inLanguage\":\"fi\",\"potentialAction\":[{\"@type\":\"ReadAction\",\"target\":[\"https:\/\/sites.uef.fi\/flippaus\/flippedlearning\/kehittamishankkeet\/nyt-riittaa-luennointi\/yhteenveto\/\"]}]},{\"@type\":\"BreadcrumbList\",\"@id\":\"https:\/\/sites.uef.fi\/flippaus\/flippedlearning\/kehittamishankkeet\/nyt-riittaa-luennointi\/yhteenveto\/#breadcrumb\",\"itemListElement\":[{\"@type\":\"ListItem\",\"position\":1,\"name\":\"Home\",\"item\":\"https:\/\/sites.uef.fi\/flippaus\/\"},{\"@type\":\"ListItem\",\"position\":2,\"name\":\"Flipped Learning -hanke\",\"item\":\"https:\/\/sites.uef.fi\/flippaus\/flippedlearning\/\"},{\"@type\":\"ListItem\",\"position\":3,\"name\":\"Kehitt\u00e4mishankkeet\",\"item\":\"https:\/\/sites.uef.fi\/flippaus\/flippedlearning\/kehittamishankkeet\/\"},{\"@type\":\"ListItem\",\"position\":4,\"name\":\"Nyt riitt\u00e4\u00e4 luennointi\",\"item\":\"https:\/\/sites.uef.fi\/flippaus\/flippedlearning\/kehittamishankkeet\/nyt-riittaa-luennointi\/\"},{\"@type\":\"ListItem\",\"position\":5,\"name\":\"Yhteenveto\"}]},{\"@type\":\"WebSite\",\"@id\":\"https:\/\/sites.uef.fi\/flippaus\/#website\",\"url\":\"https:\/\/sites.uef.fi\/flippaus\/\",\"name\":\"Flipped Learning\",\"description\":\"\",\"publisher\":{\"@id\":\"https:\/\/sites.uef.fi\/flippaus\/#organization\"},\"potentialAction\":[{\"@type\":\"SearchAction\",\"target\":{\"@type\":\"EntryPoint\",\"urlTemplate\":\"https:\/\/sites.uef.fi\/flippaus\/?s={search_term_string}\"},\"query-input\":{\"@type\":\"PropertyValueSpecification\",\"valueRequired\":true,\"valueName\":\"search_term_string\"}}],\"inLanguage\":\"fi\"},{\"@type\":\"Organization\",\"@id\":\"https:\/\/sites.uef.fi\/flippaus\/#organization\",\"name\":\"Flipped Learning\",\"url\":\"https:\/\/sites.uef.fi\/flippaus\/\",\"logo\":{\"@type\":\"ImageObject\",\"inLanguage\":\"fi\",\"@id\":\"https:\/\/sites.uef.fi\/flippaus\/#\/schema\/logo\/image\/\",\"url\":\"https:\/\/sites.uef.fi\/flippaus\/wp-content\/uploads\/sites\/83\/2020\/05\/cropped-UEF_wordpress_white.png\",\"contentUrl\":\"https:\/\/sites.uef.fi\/flippaus\/wp-content\/uploads\/sites\/83\/2020\/05\/cropped-UEF_wordpress_white.png\",\"width\":250,\"height\":250,\"caption\":\"Flipped Learning\"},\"image\":{\"@id\":\"https:\/\/sites.uef.fi\/flippaus\/#\/schema\/logo\/image\/\"}}]}<\/script>\n<!-- \/ Yoast SEO plugin. -->","yoast_head_json":{"title":"Yhteenveto - Flipped Learning","robots":{"index":"index","follow":"follow","max-snippet":"max-snippet:-1","max-image-preview":"max-image-preview:large","max-video-preview":"max-video-preview:-1"},"canonical":"https:\/\/sites.uef.fi\/flippaus\/flippedlearning\/kehittamishankkeet\/nyt-riittaa-luennointi\/yhteenveto\/","og_locale":"fi_FI","og_type":"article","og_title":"Yhteenveto - Flipped Learning","og_description":"Yhteenveto Flippaamalla peruskurssin pystyimme muuttamaan opiskelun etupainotteiseksi: asiat on opiskeltu hyvinkin syv\u00e4llisesti jo paljon ennen tentti\u00e4, joten tentti on vain pieni osa kokonaissuoritusta. Opiskeluilmapiiri koettiin harjoituksissa hyvin my\u00f6nteiseksi, mik\u00e4 tukee osaltaan sek\u00e4 yliopiston ett\u00e4 laitoksen tavoitteita kiinnitt\u00e4\u00e4 fuksit paremmin omaan yliopistoon ja opiskelualaan. On tietysti asioita, joita emme osanneet ennakoida emmek\u00e4 saaneet kohdalleen viel\u00e4 t\u00e4ll\u00e4 &hellip; Jatka lukemista \"Yhteenveto\"","og_url":"https:\/\/sites.uef.fi\/flippaus\/flippedlearning\/kehittamishankkeet\/nyt-riittaa-luennointi\/yhteenveto\/","og_site_name":"Flipped Learning","article_modified_time":"2020-12-17T11:31:56+00:00","twitter_card":"summary_large_image","twitter_misc":{"Arvioitu lukuaika":"1 minuutti"},"schema":{"@context":"https:\/\/schema.org","@graph":[{"@type":"WebPage","@id":"https:\/\/sites.uef.fi\/flippaus\/flippedlearning\/kehittamishankkeet\/nyt-riittaa-luennointi\/yhteenveto\/","url":"https:\/\/sites.uef.fi\/flippaus\/flippedlearning\/kehittamishankkeet\/nyt-riittaa-luennointi\/yhteenveto\/","name":"Yhteenveto - Flipped Learning","isPartOf":{"@id":"https:\/\/sites.uef.fi\/flippaus\/#website"},"datePublished":"2020-12-15T21:55:48+00:00","dateModified":"2020-12-17T11:31:56+00:00","breadcrumb":{"@id":"https:\/\/sites.uef.fi\/flippaus\/flippedlearning\/kehittamishankkeet\/nyt-riittaa-luennointi\/yhteenveto\/#breadcrumb"},"inLanguage":"fi","potentialAction":[{"@type":"ReadAction","target":["https:\/\/sites.uef.fi\/flippaus\/flippedlearning\/kehittamishankkeet\/nyt-riittaa-luennointi\/yhteenveto\/"]}]},{"@type":"BreadcrumbList","@id":"https:\/\/sites.uef.fi\/flippaus\/flippedlearning\/kehittamishankkeet\/nyt-riittaa-luennointi\/yhteenveto\/#breadcrumb","itemListElement":[{"@type":"ListItem","position":1,"name":"Home","item":"https:\/\/sites.uef.fi\/flippaus\/"},{"@type":"ListItem","position":2,"name":"Flipped Learning -hanke","item":"https:\/\/sites.uef.fi\/flippaus\/flippedlearning\/"},{"@type":"ListItem","position":3,"name":"Kehitt\u00e4mishankkeet","item":"https:\/\/sites.uef.fi\/flippaus\/flippedlearning\/kehittamishankkeet\/"},{"@type":"ListItem","position":4,"name":"Nyt riitt\u00e4\u00e4 luennointi","item":"https:\/\/sites.uef.fi\/flippaus\/flippedlearning\/kehittamishankkeet\/nyt-riittaa-luennointi\/"},{"@type":"ListItem","position":5,"name":"Yhteenveto"}]},{"@type":"WebSite","@id":"https:\/\/sites.uef.fi\/flippaus\/#website","url":"https:\/\/sites.uef.fi\/flippaus\/","name":"Flipped Learning","description":"","publisher":{"@id":"https:\/\/sites.uef.fi\/flippaus\/#organization"},"potentialAction":[{"@type":"SearchAction","target":{"@type":"EntryPoint","urlTemplate":"https:\/\/sites.uef.fi\/flippaus\/?s={search_term_string}"},"query-input":{"@type":"PropertyValueSpecification","valueRequired":true,"valueName":"search_term_string"}}],"inLanguage":"fi"},{"@type":"Organization","@id":"https:\/\/sites.uef.fi\/flippaus\/#organization","name":"Flipped Learning","url":"https:\/\/sites.uef.fi\/flippaus\/","logo":{"@type":"ImageObject","inLanguage":"fi","@id":"https:\/\/sites.uef.fi\/flippaus\/#\/schema\/logo\/image\/","url":"https:\/\/sites.uef.fi\/flippaus\/wp-content\/uploads\/sites\/83\/2020\/05\/cropped-UEF_wordpress_white.png","contentUrl":"https:\/\/sites.uef.fi\/flippaus\/wp-content\/uploads\/sites\/83\/2020\/05\/cropped-UEF_wordpress_white.png","width":250,"height":250,"caption":"Flipped Learning"},"image":{"@id":"https:\/\/sites.uef.fi\/flippaus\/#\/schema\/logo\/image\/"}}]}},"_links":{"self":[{"href":"https:\/\/sites.uef.fi\/flippaus\/wp-json\/wp\/v2\/pages\/2528","targetHints":{"allow":["GET"]}}],"collection":[{"href":"https:\/\/sites.uef.fi\/flippaus\/wp-json\/wp\/v2\/pages"}],"about":[{"href":"https:\/\/sites.uef.fi\/flippaus\/wp-json\/wp\/v2\/types\/page"}],"author":[{"embeddable":true,"href":"https:\/\/sites.uef.fi\/flippaus\/wp-json\/wp\/v2\/users\/176"}],"replies":[{"embeddable":true,"href":"https:\/\/sites.uef.fi\/flippaus\/wp-json\/wp\/v2\/comments?post=2528"}],"version-history":[{"count":2,"href":"https:\/\/sites.uef.fi\/flippaus\/wp-json\/wp\/v2\/pages\/2528\/revisions"}],"predecessor-version":[{"id":2537,"href":"https:\/\/sites.uef.fi\/flippaus\/wp-json\/wp\/v2\/pages\/2528\/revisions\/2537"}],"up":[{"embeddable":true,"href":"https:\/\/sites.uef.fi\/flippaus\/wp-json\/wp\/v2\/pages\/2336"}],"wp:attachment":[{"href":"https:\/\/sites.uef.fi\/flippaus\/wp-json\/wp\/v2\/media?parent=2528"}],"curies":[{"name":"wp","href":"https:\/\/api.w.org\/{rel}","templated":true}]}}