{"id":2552,"date":"2020-12-16T00:23:02","date_gmt":"2020-12-15T22:23:02","guid":{"rendered":"https:\/\/sites.uef.fi\/flippaus\/?page_id=2552"},"modified":"2023-10-31T09:24:31","modified_gmt":"2023-10-31T07:24:31","slug":"vuorovaikutustaidot-lastentautien-kurssilla","status":"publish","type":"page","link":"https:\/\/sites.uef.fi\/flippaus\/flippedlearning\/kehittamishankkeet\/vuorovaikutustaidot-lastentautien-kurssilla\/","title":{"rendered":"Vuorovaikutustaidot lastentautien kurssilla"},"content":{"rendered":"\n<h1 class=\"wp-block-heading\" id=\"yui_patched_v3_11_0_1_1608069749126_452\">Vuorovaikutustaidot ja ongelmal\u00e4ht\u00f6inen virtuaaliopetus lastentautien ja lastenneurologian kurssilla<\/h1>\n\n\n\n<p><strong>Hankkeen vastuuhenkil\u00f6t<\/strong><\/p>\n\n\n\n<p>Pekka Arikoski, Lastentautien dosentti, kliininen opettaja<\/p>\n\n\n\n<p>Eija Piippo-Savolainen, Lastentautien dosentti, kliininen opettaja<\/p>\n\n\n\n<p><strong>It\u00e4-Suomen yliopiston opetuksen kehitt\u00e4misraha 2018<\/strong><\/p>\n\n\n\n<p>Saimme It\u00e4-Suomen yliopiston Flipped Classroom -opetuksen kehitt\u00e4misrahoitusta vuodelle 2018.&nbsp; T\u00e4ll\u00e4 sivulla kuvaamme kehitt\u00e4misprojektin suunnittelun, toteutuksen ja opiskelijapalautteen sek\u00e4 oman arviomme projektin onnistumisesta.<\/p>\n\n\n\n<h2 class=\"wp-block-heading\">Tausta<\/h2>\n\n\n\n<p>Lapsen sairastaminen koskee koko perhett\u00e4. N\u00e4in ollen l\u00e4\u00e4k\u00e4rin vuorovaikutustaidot niin lapsen kuin my\u00f6s h\u00e4nen vanhempiensa kanssa ovat keskeisi\u00e4 onnistuneen hoitotuloksen saavuttamiseksi. Aiemmassa lastentautien koulutusohjelmassa vuorovaikutustaitojen opettaminen perustui l\u00e4hinn\u00e4 mallioppimiseen.<\/p>\n\n\n\n<h2 class=\"wp-block-heading\">Tavoitteet<\/h2>\n\n\n\n<ul class=\"wp-block-list\">\n<li>kehitt\u00e4\u00e4 vuorovaikutustaitoja l\u00e4\u00e4k\u00e4rin ja lapsipotilaan vanhempien v\u00e4lisess\u00e4 kommunikaatiossa<\/li>\n\n\n\n<li>motivoida opiskelijat tietoisesti kehitt\u00e4m\u00e4\u00e4n vuorovaikutustaitojaan haastavissa hoitotilanteissa<\/li>\n<\/ul>\n\n\n\n<p>T\u00e4ll\u00e4 videolla kuvaamme hankkeemme l\u00e4ht\u00f6kohdat.<\/p>\n\n\n<iframe loading=\"lazy\" src=\"https:\/\/uef.cloud.panopto.eu\/Panopto\/Pages\/Embed.aspx?id=5779f53f-ee97-421f-9caf-b068005a6756&autoplay=false&offerviewer=false&showtitle=false&showbrand=false&captions=false&interactivity=none\" height=\"375\" width=\"500\" style=\"border: 1px solid #464646;\" allowfullscreen allow=\"autoplay\" aria-label=\"Panopto Embedded Video Player\"><\/iframe>\n\n\n\n<h2 class=\"wp-block-heading\">Hankkeen suunnittelu ja toteutus<\/h2>\n\n\n\n<p>Tuotimme projektissamme nelj\u00e4 opetusvideota haasteellisista kohtaamisista potilaan ja h\u00e4nen perheens\u00e4 kanssa. Seuraavalla videolla esittelemme n\u00e4yttelij\u00f6iden ja kuvaajan rekrytoinnin, k\u00e4sikirjoitusten tekemisen sek\u00e4 opetusvideoiden toteuttamisprosessin.<\/p>\n\n\n<iframe loading=\"lazy\" src=\"https:\/\/uef.cloud.panopto.eu\/Panopto\/Pages\/Embed.aspx?id=bfa3f237-4131-4a91-8403-b068005a46ed&autoplay=false&offerviewer=false&showtitle=false&showbrand=false&captions=false&interactivity=none\" height=\"375\" width=\"500\" style=\"border: 1px solid #464646;\" allowfullscreen allow=\"autoplay\" aria-label=\"Panopto Embedded Video Player\"><\/iframe>\n\n\n\n<h2 class=\"wp-block-heading\">Opetuksen k\u00e4yt\u00e4nn\u00f6n toteutus<\/h2>\n\n\n\n<p>Ennakkoteht\u00e4v\u00e4n\u00e4 opiskelijat tutustuivat tuottamiimme opetusvideoihin Moodle-oppimisymp\u00e4rist\u00f6ss\u00e4. Seminaarimuotoisessa opetuksessa syvennyttiin ennakkoteht\u00e4v\u00e4n ja videoiden pohjalta l\u00e4\u00e4k\u00e4rin ja lapsen vanhemman v\u00e4lisess\u00e4 vuorovaikutuksessa esille tuleviin haasteisiin. Seuraavassa videossa kuvaamme tarkemmin t\u00e4m\u00e4n prosessin. <\/p>\n\n\n<iframe loading=\"lazy\" src=\"https:\/\/uef.cloud.panopto.eu\/Panopto\/Pages\/Embed.aspx?id=9735ab40-9694-4088-ba23-b068005a2de2&autoplay=false&offerviewer=false&showtitle=false&showbrand=false&captions=false&interactivity=none\" height=\"375\" width=\"500\" style=\"border: 1px solid #464646;\" allowfullscreen allow=\"autoplay\" aria-label=\"Panopto Embedded Video Player\"><\/iframe>\n\n\n\n<h2 class=\"wp-block-heading\">Projektiarviointi<\/h2>\n\n\n\n<p>Alla olevassa videossa kuvaamme opiskelijapalautteen sek\u00e4 omat tuntemuksemme opetuksen onnistumisesta.<\/p>\n\n\n<iframe loading=\"lazy\" src=\"https:\/\/uef.cloud.panopto.eu\/Panopto\/Pages\/Embed.aspx?id=856b1d6f-d04b-41b9-93c8-b068005a7da1&autoplay=false&offerviewer=false&showtitle=false&showbrand=false&captions=false&interactivity=none\" height=\"375\" width=\"500\" style=\"border: 1px solid #464646;\" allowfullscreen allow=\"autoplay\" aria-label=\"Panopto Embedded Video Player\"><\/iframe>\n","protected":false},"excerpt":{"rendered":"<p>Vuorovaikutustaidot ja ongelmal\u00e4ht\u00f6inen virtuaaliopetus lastentautien ja lastenneurologian kurssilla Hankkeen vastuuhenkil\u00f6t Pekka Arikoski, Lastentautien dosentti, kliininen opettaja Eija Piippo-Savolainen, Lastentautien dosentti, kliininen opettaja It\u00e4-Suomen yliopiston opetuksen kehitt\u00e4misraha 2018 Saimme It\u00e4-Suomen yliopiston Flipped Classroom -opetuksen kehitt\u00e4misrahoitusta vuodelle 2018.&nbsp; T\u00e4ll\u00e4 sivulla kuvaamme kehitt\u00e4misprojektin suunnittelun, toteutuksen ja opiskelijapalautteen sek\u00e4 oman arviomme projektin onnistumisesta. Tausta Lapsen sairastaminen koskee koko perhett\u00e4. &hellip; <\/p>\n<p class=\"link-more\"><a href=\"https:\/\/sites.uef.fi\/flippaus\/flippedlearning\/kehittamishankkeet\/vuorovaikutustaidot-lastentautien-kurssilla\/\" class=\"more-link\">Jatka lukemista<span class=\"screen-reader-text\"> &#8221;Vuorovaikutustaidot lastentautien kurssilla&#8221;<\/span><\/a><\/p>\n","protected":false},"author":176,"featured_media":0,"parent":1067,"menu_order":5,"comment_status":"closed","ping_status":"closed","template":"","meta":{"_acf_changed":false,"_monsterinsights_skip_tracking":false,"_monsterinsights_sitenote_active":false,"_monsterinsights_sitenote_note":"","_monsterinsights_sitenote_category":0,"footnotes":""},"class_list":["post-2552","page","type-page","status-publish","hentry"],"acf":[],"yoast_head":"<!-- This site is optimized with the Yoast SEO plugin v27.1.1 - https:\/\/yoast.com\/product\/yoast-seo-wordpress\/ -->\n<title>Vuorovaikutustaidot lastentautien kurssilla - Flipped Learning<\/title>\n<meta name=\"robots\" content=\"index, follow, max-snippet:-1, max-image-preview:large, max-video-preview:-1\" \/>\n<link rel=\"canonical\" href=\"https:\/\/sites.uef.fi\/flippaus\/flippedlearning\/kehittamishankkeet\/vuorovaikutustaidot-lastentautien-kurssilla\/\" \/>\n<meta property=\"og:locale\" content=\"fi_FI\" \/>\n<meta property=\"og:type\" content=\"article\" \/>\n<meta property=\"og:title\" content=\"Vuorovaikutustaidot lastentautien kurssilla - Flipped Learning\" \/>\n<meta property=\"og:description\" content=\"Vuorovaikutustaidot ja ongelmal\u00e4ht\u00f6inen virtuaaliopetus lastentautien ja lastenneurologian kurssilla Hankkeen vastuuhenkil\u00f6t Pekka Arikoski, Lastentautien dosentti, kliininen opettaja Eija Piippo-Savolainen, Lastentautien dosentti, kliininen opettaja It\u00e4-Suomen yliopiston opetuksen kehitt\u00e4misraha 2018 Saimme It\u00e4-Suomen yliopiston Flipped Classroom -opetuksen kehitt\u00e4misrahoitusta vuodelle 2018.&nbsp; T\u00e4ll\u00e4 sivulla kuvaamme kehitt\u00e4misprojektin suunnittelun, toteutuksen ja opiskelijapalautteen sek\u00e4 oman arviomme projektin onnistumisesta. Tausta Lapsen sairastaminen koskee koko perhett\u00e4. &hellip; Jatka lukemista &quot;Vuorovaikutustaidot lastentautien kurssilla&quot;\" \/>\n<meta property=\"og:url\" content=\"https:\/\/sites.uef.fi\/flippaus\/flippedlearning\/kehittamishankkeet\/vuorovaikutustaidot-lastentautien-kurssilla\/\" \/>\n<meta property=\"og:site_name\" content=\"Flipped Learning\" \/>\n<meta property=\"article:modified_time\" content=\"2023-10-31T07:24:31+00:00\" \/>\n<meta name=\"twitter:card\" content=\"summary_large_image\" \/>\n<meta name=\"twitter:label1\" content=\"Arvioitu lukuaika\" \/>\n\t<meta name=\"twitter:data1\" content=\"2 minuuttia\" \/>\n<script type=\"application\/ld+json\" class=\"yoast-schema-graph\">{\"@context\":\"https:\/\/schema.org\",\"@graph\":[{\"@type\":\"WebPage\",\"@id\":\"https:\/\/sites.uef.fi\/flippaus\/flippedlearning\/kehittamishankkeet\/vuorovaikutustaidot-lastentautien-kurssilla\/\",\"url\":\"https:\/\/sites.uef.fi\/flippaus\/flippedlearning\/kehittamishankkeet\/vuorovaikutustaidot-lastentautien-kurssilla\/\",\"name\":\"Vuorovaikutustaidot lastentautien kurssilla - Flipped Learning\",\"isPartOf\":{\"@id\":\"https:\/\/sites.uef.fi\/flippaus\/#website\"},\"datePublished\":\"2020-12-15T22:23:02+00:00\",\"dateModified\":\"2023-10-31T07:24:31+00:00\",\"breadcrumb\":{\"@id\":\"https:\/\/sites.uef.fi\/flippaus\/flippedlearning\/kehittamishankkeet\/vuorovaikutustaidot-lastentautien-kurssilla\/#breadcrumb\"},\"inLanguage\":\"fi\",\"potentialAction\":[{\"@type\":\"ReadAction\",\"target\":[\"https:\/\/sites.uef.fi\/flippaus\/flippedlearning\/kehittamishankkeet\/vuorovaikutustaidot-lastentautien-kurssilla\/\"]}]},{\"@type\":\"BreadcrumbList\",\"@id\":\"https:\/\/sites.uef.fi\/flippaus\/flippedlearning\/kehittamishankkeet\/vuorovaikutustaidot-lastentautien-kurssilla\/#breadcrumb\",\"itemListElement\":[{\"@type\":\"ListItem\",\"position\":1,\"name\":\"Home\",\"item\":\"https:\/\/sites.uef.fi\/flippaus\/\"},{\"@type\":\"ListItem\",\"position\":2,\"name\":\"Flipped Learning -hanke\",\"item\":\"https:\/\/sites.uef.fi\/flippaus\/flippedlearning\/\"},{\"@type\":\"ListItem\",\"position\":3,\"name\":\"Kehitt\u00e4mishankkeet\",\"item\":\"https:\/\/sites.uef.fi\/flippaus\/flippedlearning\/kehittamishankkeet\/\"},{\"@type\":\"ListItem\",\"position\":4,\"name\":\"Vuorovaikutustaidot lastentautien kurssilla\"}]},{\"@type\":\"WebSite\",\"@id\":\"https:\/\/sites.uef.fi\/flippaus\/#website\",\"url\":\"https:\/\/sites.uef.fi\/flippaus\/\",\"name\":\"Flipped Learning\",\"description\":\"\",\"publisher\":{\"@id\":\"https:\/\/sites.uef.fi\/flippaus\/#organization\"},\"potentialAction\":[{\"@type\":\"SearchAction\",\"target\":{\"@type\":\"EntryPoint\",\"urlTemplate\":\"https:\/\/sites.uef.fi\/flippaus\/?s={search_term_string}\"},\"query-input\":{\"@type\":\"PropertyValueSpecification\",\"valueRequired\":true,\"valueName\":\"search_term_string\"}}],\"inLanguage\":\"fi\"},{\"@type\":\"Organization\",\"@id\":\"https:\/\/sites.uef.fi\/flippaus\/#organization\",\"name\":\"Flipped Learning\",\"url\":\"https:\/\/sites.uef.fi\/flippaus\/\",\"logo\":{\"@type\":\"ImageObject\",\"inLanguage\":\"fi\",\"@id\":\"https:\/\/sites.uef.fi\/flippaus\/#\/schema\/logo\/image\/\",\"url\":\"https:\/\/sites.uef.fi\/flippaus\/wp-content\/uploads\/sites\/83\/2020\/05\/cropped-UEF_wordpress_white.png\",\"contentUrl\":\"https:\/\/sites.uef.fi\/flippaus\/wp-content\/uploads\/sites\/83\/2020\/05\/cropped-UEF_wordpress_white.png\",\"width\":250,\"height\":250,\"caption\":\"Flipped Learning\"},\"image\":{\"@id\":\"https:\/\/sites.uef.fi\/flippaus\/#\/schema\/logo\/image\/\"}}]}<\/script>\n<!-- \/ Yoast SEO plugin. -->","yoast_head_json":{"title":"Vuorovaikutustaidot lastentautien kurssilla - Flipped Learning","robots":{"index":"index","follow":"follow","max-snippet":"max-snippet:-1","max-image-preview":"max-image-preview:large","max-video-preview":"max-video-preview:-1"},"canonical":"https:\/\/sites.uef.fi\/flippaus\/flippedlearning\/kehittamishankkeet\/vuorovaikutustaidot-lastentautien-kurssilla\/","og_locale":"fi_FI","og_type":"article","og_title":"Vuorovaikutustaidot lastentautien kurssilla - Flipped Learning","og_description":"Vuorovaikutustaidot ja ongelmal\u00e4ht\u00f6inen virtuaaliopetus lastentautien ja lastenneurologian kurssilla Hankkeen vastuuhenkil\u00f6t Pekka Arikoski, Lastentautien dosentti, kliininen opettaja Eija Piippo-Savolainen, Lastentautien dosentti, kliininen opettaja It\u00e4-Suomen yliopiston opetuksen kehitt\u00e4misraha 2018 Saimme It\u00e4-Suomen yliopiston Flipped Classroom -opetuksen kehitt\u00e4misrahoitusta vuodelle 2018.&nbsp; T\u00e4ll\u00e4 sivulla kuvaamme kehitt\u00e4misprojektin suunnittelun, toteutuksen ja opiskelijapalautteen sek\u00e4 oman arviomme projektin onnistumisesta. Tausta Lapsen sairastaminen koskee koko perhett\u00e4. &hellip; Jatka lukemista \"Vuorovaikutustaidot lastentautien kurssilla\"","og_url":"https:\/\/sites.uef.fi\/flippaus\/flippedlearning\/kehittamishankkeet\/vuorovaikutustaidot-lastentautien-kurssilla\/","og_site_name":"Flipped Learning","article_modified_time":"2023-10-31T07:24:31+00:00","twitter_card":"summary_large_image","twitter_misc":{"Arvioitu lukuaika":"2 minuuttia"},"schema":{"@context":"https:\/\/schema.org","@graph":[{"@type":"WebPage","@id":"https:\/\/sites.uef.fi\/flippaus\/flippedlearning\/kehittamishankkeet\/vuorovaikutustaidot-lastentautien-kurssilla\/","url":"https:\/\/sites.uef.fi\/flippaus\/flippedlearning\/kehittamishankkeet\/vuorovaikutustaidot-lastentautien-kurssilla\/","name":"Vuorovaikutustaidot lastentautien kurssilla - Flipped Learning","isPartOf":{"@id":"https:\/\/sites.uef.fi\/flippaus\/#website"},"datePublished":"2020-12-15T22:23:02+00:00","dateModified":"2023-10-31T07:24:31+00:00","breadcrumb":{"@id":"https:\/\/sites.uef.fi\/flippaus\/flippedlearning\/kehittamishankkeet\/vuorovaikutustaidot-lastentautien-kurssilla\/#breadcrumb"},"inLanguage":"fi","potentialAction":[{"@type":"ReadAction","target":["https:\/\/sites.uef.fi\/flippaus\/flippedlearning\/kehittamishankkeet\/vuorovaikutustaidot-lastentautien-kurssilla\/"]}]},{"@type":"BreadcrumbList","@id":"https:\/\/sites.uef.fi\/flippaus\/flippedlearning\/kehittamishankkeet\/vuorovaikutustaidot-lastentautien-kurssilla\/#breadcrumb","itemListElement":[{"@type":"ListItem","position":1,"name":"Home","item":"https:\/\/sites.uef.fi\/flippaus\/"},{"@type":"ListItem","position":2,"name":"Flipped Learning -hanke","item":"https:\/\/sites.uef.fi\/flippaus\/flippedlearning\/"},{"@type":"ListItem","position":3,"name":"Kehitt\u00e4mishankkeet","item":"https:\/\/sites.uef.fi\/flippaus\/flippedlearning\/kehittamishankkeet\/"},{"@type":"ListItem","position":4,"name":"Vuorovaikutustaidot lastentautien kurssilla"}]},{"@type":"WebSite","@id":"https:\/\/sites.uef.fi\/flippaus\/#website","url":"https:\/\/sites.uef.fi\/flippaus\/","name":"Flipped Learning","description":"","publisher":{"@id":"https:\/\/sites.uef.fi\/flippaus\/#organization"},"potentialAction":[{"@type":"SearchAction","target":{"@type":"EntryPoint","urlTemplate":"https:\/\/sites.uef.fi\/flippaus\/?s={search_term_string}"},"query-input":{"@type":"PropertyValueSpecification","valueRequired":true,"valueName":"search_term_string"}}],"inLanguage":"fi"},{"@type":"Organization","@id":"https:\/\/sites.uef.fi\/flippaus\/#organization","name":"Flipped Learning","url":"https:\/\/sites.uef.fi\/flippaus\/","logo":{"@type":"ImageObject","inLanguage":"fi","@id":"https:\/\/sites.uef.fi\/flippaus\/#\/schema\/logo\/image\/","url":"https:\/\/sites.uef.fi\/flippaus\/wp-content\/uploads\/sites\/83\/2020\/05\/cropped-UEF_wordpress_white.png","contentUrl":"https:\/\/sites.uef.fi\/flippaus\/wp-content\/uploads\/sites\/83\/2020\/05\/cropped-UEF_wordpress_white.png","width":250,"height":250,"caption":"Flipped Learning"},"image":{"@id":"https:\/\/sites.uef.fi\/flippaus\/#\/schema\/logo\/image\/"}}]}},"_links":{"self":[{"href":"https:\/\/sites.uef.fi\/flippaus\/wp-json\/wp\/v2\/pages\/2552","targetHints":{"allow":["GET"]}}],"collection":[{"href":"https:\/\/sites.uef.fi\/flippaus\/wp-json\/wp\/v2\/pages"}],"about":[{"href":"https:\/\/sites.uef.fi\/flippaus\/wp-json\/wp\/v2\/types\/page"}],"author":[{"embeddable":true,"href":"https:\/\/sites.uef.fi\/flippaus\/wp-json\/wp\/v2\/users\/176"}],"replies":[{"embeddable":true,"href":"https:\/\/sites.uef.fi\/flippaus\/wp-json\/wp\/v2\/comments?post=2552"}],"version-history":[{"count":2,"href":"https:\/\/sites.uef.fi\/flippaus\/wp-json\/wp\/v2\/pages\/2552\/revisions"}],"predecessor-version":[{"id":3478,"href":"https:\/\/sites.uef.fi\/flippaus\/wp-json\/wp\/v2\/pages\/2552\/revisions\/3478"}],"up":[{"embeddable":true,"href":"https:\/\/sites.uef.fi\/flippaus\/wp-json\/wp\/v2\/pages\/1067"}],"wp:attachment":[{"href":"https:\/\/sites.uef.fi\/flippaus\/wp-json\/wp\/v2\/media?parent=2552"}],"curies":[{"name":"wp","href":"https:\/\/api.w.org\/{rel}","templated":true}]}}