{"id":2585,"date":"2020-12-16T10:31:41","date_gmt":"2020-12-16T08:31:41","guid":{"rendered":"https:\/\/sites.uef.fi\/flippaus\/?page_id=2585"},"modified":"2020-12-17T15:50:53","modified_gmt":"2020-12-17T13:50:53","slug":"programme","status":"publish","type":"page","link":"https:\/\/sites.uef.fi\/flippaus\/flippedlearning\/fera2019-digipeda\/programme\/","title":{"rendered":"Programme"},"content":{"rendered":"\n<h1 class=\"wp-block-heading\" id=\"yui_patched_v3_11_0_1_1608107310753_448\">Pre-conference presentations<\/h1>\n\n\n\n<p>The pre-conference was started with presentation of professor Mien Segers. Three sessions of presentations were arranged during the day, and posters were presented during coffee breaks. The day was wrapped up by the distinguished researcher Filip Dochy with reflections on the development of teaching and learning in higher education. Information about the speakers, as well as the topics of the presentations can be seen below.<\/p>\n\n\n\n<h2 class=\"wp-block-heading\"><strong>Mien Segers<\/strong><\/h2>\n\n\n\n<div class=\"wp-block-columns is-layout-flex wp-container-core-columns-is-layout-9d6595d7 wp-block-columns-is-layout-flex\">\n<div class=\"wp-block-column is-vertically-aligned-top is-layout-flow wp-block-column-is-layout-flow\" style=\"flex-basis:33.33%\">\n<figure class=\"wp-block-image size-large\"><img loading=\"lazy\" decoding=\"async\" width=\"182\" height=\"274\" src=\"https:\/\/sites.uef.fi\/flippaus\/wp-content\/uploads\/sites\/83\/2020\/12\/Mien-Segers-photo.jpg\" alt=\"\" class=\"wp-image-2634\" \/><\/figure>\n<\/div>\n\n\n\n<div class=\"wp-block-column is-layout-flow wp-block-column-is-layout-flow\" style=\"flex-basis:66.66%\">\n<h2 class=\"wp-block-heading\"><strong>How to facilitate and support learning that leads to impact that lasts? The High Impacts learning that Lasts Model<\/strong><\/h2>\n\n\n\n<p><strong>Abstract:<\/strong> If futurologist are correct and 60% of the jobs in the near future do not exist yet, then higher education faces an interesting challenge: how to prepare for an unknown future? Starting from the participants\u2019 memorable learning experiences, I will introduce the High Impact Learning that Lasts model and its scientific foundations. This is the step towards a &nbsp;team-based knowledge sharing assignment on participants\u2019 positive experiences with the HILL model and challenges faced. <\/p>\n\n\n\n<p><strong>Biography:<\/strong> Mien Segers is full professor at the Maastricht University School of Business and Economics. Her research focuses on the question how to support and facilitate impactful learning. In this respect, together with Filip Dochy, she has developed the High Impact Learning that Lasts model. In her studies, she pays specific attention to Assessment as Learning and the role of feedback seeking and giving. In her latest projects, she explores new methodological approaches to trace online learning processes in the workplace and the use of behavioral data as input for a feedback dialogue. Her research is published in many reputed journals and books. In addition, her findings have been a source of inspiration for the innovation of many educational and training programs. &nbsp;<\/p>\n<\/div>\n<\/div>\n\n\n\n<h2 class=\"wp-block-heading\">Filip Dochy<\/h2>\n\n\n\n<div class=\"wp-block-columns is-layout-flex wp-container-core-columns-is-layout-9d6595d7 wp-block-columns-is-layout-flex\">\n<div class=\"wp-block-column is-layout-flow wp-block-column-is-layout-flow\" style=\"flex-basis:33.33%\">\n<div class=\"wp-block-image\"><figure class=\"alignleft size-medium is-resized\"><img decoding=\"async\" src=\"https:\/\/sites.uef.fi\/flippaus\/wp-content\/uploads\/sites\/83\/2020\/12\/PhilipDochy-200x300.jpg\" alt=\"\" class=\"wp-image-2640\" width=\"182\" srcset=\"https:\/\/sites.uef.fi\/flippaus\/wp-content\/uploads\/sites\/83\/2020\/12\/PhilipDochy-200x300.jpg 200w, https:\/\/sites.uef.fi\/flippaus\/wp-content\/uploads\/sites\/83\/2020\/12\/PhilipDochy-683x1024.jpg 683w, https:\/\/sites.uef.fi\/flippaus\/wp-content\/uploads\/sites\/83\/2020\/12\/PhilipDochy-768x1152.jpg 768w, https:\/\/sites.uef.fi\/flippaus\/wp-content\/uploads\/sites\/83\/2020\/12\/PhilipDochy-1024x1536.jpg 1024w, https:\/\/sites.uef.fi\/flippaus\/wp-content\/uploads\/sites\/83\/2020\/12\/PhilipDochy-1365x2048.jpg 1365w, https:\/\/sites.uef.fi\/flippaus\/wp-content\/uploads\/sites\/83\/2020\/12\/PhilipDochy-scaled.jpg 1707w\" sizes=\"(max-width: 200px) 100vw, 200px\" \/><\/figure><\/div>\n<\/div>\n\n\n\n<div class=\"wp-block-column is-layout-flow wp-block-column-is-layout-flow\" style=\"flex-basis:66.66%\">\n<p><strong>Biography: <\/strong>Dr. Filip Dochy worked the last 30 years as professor of research on Learning and Development in Organisations at 5 different faculties in 4 universities in Belgium and the Netherlands. Currently, he acts as a member of the Academia Europaea, the European Academy of&nbsp;Science.<\/p>\n\n\n\n<p>He is also a \u201cTOP 1% scientist\u201d at the Universal Scientific&nbsp;Education and Research Network (USERN)<\/p>\n\n\n\n<p>He is Past President of EARLI (the European&nbsp;Association for Research on Learning &amp;&nbsp;Instruction (<a href=\"http:\/\/www.earli.org\">www.earli.org<\/a>). He is founder of EAPRIL (<a href=\"http:\/\/www.EAPRIL.org\">www.EAPRIL.org<\/a>), the European association for practice oriented research and innovation in organisations and he is founding editor of the Educational Research Review and Frontline Learning Research.<\/p>\n\n\n\n<p>He wrote over 350 articles and books, of which recently: <em>Building blocks of High Impact Learning<\/em> (in Flemish; Amsterdam: Boom) and <em>Creating impact through future&nbsp;learning: The High Impact Learning that&nbsp;Lasts Model<\/em>. (London: Routledge&nbsp;Publishers). All info on HILL (books, videos, downloads, \u2026):&nbsp;<a href=\"http:\/\/www.highimpactlearningthatlasts.com\">www.highimpactlearningthatlasts.com<\/a><\/p>\n<\/div>\n<\/div>\n\n\n\n<h2 class=\"wp-block-heading\">Sessions<\/h2>\n\n\n\n<p>Some of the presentations are published by the permission of the presenter, and can be viewed by clicking the title.<\/p>\n\n\n\n<p><strong>1<sup>st<\/sup> SESSION<\/strong><\/p>\n\n\n\n<figure class=\"wp-block-table\"><table><thead><tr><th>Title<\/th><th>Author\/s<\/th><\/tr><\/thead><tbody><tr><td><a href=\"https:\/\/sites.uef.fi\/flippaus\/fl-hanke\/fera2019-digipeda\/digipeda-presentations\/#5pmodel\">Empirical testing of 5P Learning Environment Model<\/a><\/td><td>Jyri Manninen<br>University of Eastern Finland, Finland<\/td><\/tr><tr><td>Towards renewing education- processes in which new learning spaces are constructed and developed<\/td><td>Anna Kristiina Kokko &amp; Laura Hirsto<br>University of Eastern Finland, Finland<\/td><\/tr><tr><td><a href=\"https:\/\/sites.uef.fi\/flippaus\/fl-hanke\/fera2019-digipeda\/digipeda-presentations\/#palest\">Teacher Education without Walls &#8211; New models for STEM and Teacher Education in the Digital age in Palestine<\/a><\/td><td>Hille Janhonen-Abruquah<sup>1<\/sup>, Ahmad Aljanazrah<sup>2<\/sup>, Montaser Al-Halabi<sup>3<\/sup>, Antti Ronkainen<sup>4<\/sup> &amp; Teemu Valtonen<sup>4<\/sup><br><sup>1<\/sup>University of Helsinki, Finland<br><sup>2<\/sup>Birzeit University, Palestine<br><sup>3<\/sup>Al-Azhar University, Palestine<br><sup>4<\/sup>University of Eastern Finland, Finland<\/td><\/tr><\/tbody><\/table><\/figure>\n\n\n\n<p><strong>2<sup>nd<\/sup> SESSION<em><\/em><\/strong><\/p>\n\n\n\n<figure class=\"wp-block-table\"><table class=\"has-fixed-layout\"><thead><tr><th>Title<\/th><th>Author\/s<\/th><\/tr><\/thead><tbody><tr><td>Government key projects as a tool for the development of learning and teaching in Finnish universities<\/td><td>Riitta Pyykk\u00f6, Birgitta Vuorinen &amp; Minna Vuorio-Lehti<br>University of Turku, Finland<\/td><\/tr><tr><td>Designing pedagogies to promote learning 21st-century skills in higher education<\/td><td>Hanna Vuoj\u00e4rvi<sup>1<\/sup>, Miikka Eriksson<sup>2<\/sup> &amp; Henriikka Vartiainen<sup>2<\/sup><br><sup>1<\/sup>University of Lapland, Finland<br>2 University of Eastern Finland, Finland<\/td><\/tr><tr><td><a href=\"https:\/\/sites.uef.fi\/flippaus\/fl-hanke\/fera2019-digipeda\/digipeda-presentations\/#howuteach\">Enhancing higher education teachers&#8217; pedagogical awareness and readiness to adopt new teaching methods and tools through the HowUTeach self-reflection tool<\/a><\/td><td>&nbsp;Liisa Postareff<sup>1<\/sup>, Anna Parpala<sup>2<\/sup> &amp; Telle Hailikari<sup>2<\/sup><br><sup>1<\/sup>H\u00e4me University of Applied Sciences, Finland<br><sup>2<\/sup>University of Helsinki, Finland<\/td><\/tr><tr><td>Digitutors as peer support of teachers in the development of university teaching &nbsp;<\/td><td>P\u00e4ivikki J\u00e4\u00e4skel\u00e4, Sanna Honkim\u00e4ki, Kati Laine<\/td><\/tr><tr><td><a href=\"https:\/\/sites.uef.fi\/flippaus\/fl-hanke\/fera2019-digipeda\/digipeda-presentations\/#peerwise\">How wise is PeerWise for student assessment?<\/a><\/td><td>Kwok Ng<br>University of Eastern Finland, Finland<\/td><\/tr><\/tbody><\/table><\/figure>\n\n\n\n<p><strong>3<sup>rd<\/sup> SESSION<\/strong><\/p>\n\n\n\n<figure class=\"wp-block-table\"><table class=\"has-fixed-layout\"><thead><tr><th>Title<\/th><th>Author\/s<\/th><\/tr><\/thead><tbody><tr><td>The flipped classroom approach for teaching cross-cultural communication to millennials<\/td><td>Jonna Koponen<br>University of Eastern Finland, Finland<\/td><\/tr><tr><td><a href=\"https:\/\/sites.uef.fi\/flippaus\/fl-hanke\/fera2019-digipeda\/digipeda-presentations\/#tuniflip\">Piloting flipped methods in Engineering Mathematics courses in Tampere University &nbsp;<\/a><\/td><td>Simo Ali-L\u00f6ytty, Jani Hirvonen, Terhi Kaarakka, Ilmari Puhakka &amp; Elina Viro<br>Tampere University, Finland<\/td><\/tr><tr><td>Exploring students&#8217; experiences of self-regulation and flipped classroom in a large lecture course in teacher education<\/td><td>Sanna V\u00e4is\u00e4nen, Laura Hirsto, Anni Arffman<br>University of Eastern Finland<\/td><\/tr><\/tbody><\/table><\/figure>\n\n\n\n<h2 class=\"wp-block-heading\">Posters<\/h2>\n\n\n\n<p>Alphabetical Order by the Family name of the 1st Author<\/p>\n\n\n\n<figure class=\"wp-block-table\"><table class=\"has-fixed-layout\"><thead><tr><th>Title<\/th><th>Author\/s<\/th><\/tr><\/thead><tbody><tr><td>Flipped Learning project as a change agent in universities<\/td><td>Jenni Kankaanp\u00e4\u00e4, Erkko Sointu, Antti Ronkainen &amp; Laura Hirsto<br>University of Eastern Finland, Finland<\/td><\/tr><tr><td>UNIPS \u2013 University Pedagogical Support 2017-2019<\/td><td>Mari Murtonen, Henna Vilppu, Hanna Nori, Samuli Laato, Heidi Salmento &amp; Emilia Lipponen<br>University of Turku, Finland<\/td><\/tr><tr><td>To Catch The (Next) Wave: Developing English Language Teachers&#8217; Digital Literacy<\/td><td>Xuan Nguyen<br>University of Eastern Finland, Finland<\/td><\/tr><\/tbody><\/table><\/figure>\n\n\n\n<p><\/p>\n","protected":false},"excerpt":{"rendered":"<p>Pre-conference presentations The pre-conference was started with presentation of professor Mien Segers. Three sessions of presentations were arranged during the day, and posters were presented during coffee breaks. The day was wrapped up by the distinguished researcher Filip Dochy with reflections on the development of teaching and learning in higher education. Information about the speakers, &hellip; <\/p>\n<p class=\"link-more\"><a href=\"https:\/\/sites.uef.fi\/flippaus\/flippedlearning\/fera2019-digipeda\/programme\/\" class=\"more-link\">Jatka lukemista<span class=\"screen-reader-text\"> &#8221;Programme&#8221;<\/span><\/a><\/p>\n","protected":false},"author":176,"featured_media":0,"parent":1819,"menu_order":0,"comment_status":"closed","ping_status":"closed","template":"","meta":{"_acf_changed":false,"_monsterinsights_skip_tracking":false,"_monsterinsights_sitenote_active":false,"_monsterinsights_sitenote_note":"","_monsterinsights_sitenote_category":0,"footnotes":""},"class_list":["post-2585","page","type-page","status-publish","hentry"],"acf":[],"yoast_head":"<!-- This site is optimized with the Yoast SEO plugin v27.1.1 - https:\/\/yoast.com\/product\/yoast-seo-wordpress\/ -->\n<title>Programme - Flipped Learning<\/title>\n<meta name=\"robots\" content=\"index, follow, max-snippet:-1, max-image-preview:large, max-video-preview:-1\" \/>\n<link rel=\"canonical\" href=\"https:\/\/sites.uef.fi\/flippaus\/flippedlearning\/fera2019-digipeda\/programme\/\" \/>\n<meta property=\"og:locale\" content=\"fi_FI\" \/>\n<meta property=\"og:type\" content=\"article\" \/>\n<meta property=\"og:title\" content=\"Programme - Flipped Learning\" \/>\n<meta property=\"og:description\" content=\"Pre-conference presentations The pre-conference was started with presentation of professor Mien Segers. Three sessions of presentations were arranged during the day, and posters were presented during coffee breaks. The day was wrapped up by the distinguished researcher Filip Dochy with reflections on the development of teaching and learning in higher education. Information about the speakers, &hellip; Jatka lukemista &quot;Programme&quot;\" \/>\n<meta property=\"og:url\" content=\"https:\/\/sites.uef.fi\/flippaus\/flippedlearning\/fera2019-digipeda\/programme\/\" \/>\n<meta property=\"og:site_name\" content=\"Flipped Learning\" \/>\n<meta property=\"article:modified_time\" content=\"2020-12-17T13:50:53+00:00\" \/>\n<meta property=\"og:image\" content=\"https:\/\/sites.uef.fi\/flippaus\/wp-content\/uploads\/sites\/83\/2020\/12\/Mien-Segers-photo.jpg\" \/>\n<meta name=\"twitter:card\" content=\"summary_large_image\" \/>\n<meta name=\"twitter:label1\" content=\"Arvioitu lukuaika\" \/>\n\t<meta name=\"twitter:data1\" content=\"4 minuuttia\" \/>\n<script type=\"application\/ld+json\" class=\"yoast-schema-graph\">{\"@context\":\"https:\/\/schema.org\",\"@graph\":[{\"@type\":\"WebPage\",\"@id\":\"https:\/\/sites.uef.fi\/flippaus\/flippedlearning\/fera2019-digipeda\/programme\/\",\"url\":\"https:\/\/sites.uef.fi\/flippaus\/flippedlearning\/fera2019-digipeda\/programme\/\",\"name\":\"Programme - Flipped Learning\",\"isPartOf\":{\"@id\":\"https:\/\/sites.uef.fi\/flippaus\/#website\"},\"primaryImageOfPage\":{\"@id\":\"https:\/\/sites.uef.fi\/flippaus\/flippedlearning\/fera2019-digipeda\/programme\/#primaryimage\"},\"image\":{\"@id\":\"https:\/\/sites.uef.fi\/flippaus\/flippedlearning\/fera2019-digipeda\/programme\/#primaryimage\"},\"thumbnailUrl\":\"https:\/\/sites.uef.fi\/flippaus\/wp-content\/uploads\/sites\/83\/2020\/12\/Mien-Segers-photo.jpg\",\"datePublished\":\"2020-12-16T08:31:41+00:00\",\"dateModified\":\"2020-12-17T13:50:53+00:00\",\"breadcrumb\":{\"@id\":\"https:\/\/sites.uef.fi\/flippaus\/flippedlearning\/fera2019-digipeda\/programme\/#breadcrumb\"},\"inLanguage\":\"fi\",\"potentialAction\":[{\"@type\":\"ReadAction\",\"target\":[\"https:\/\/sites.uef.fi\/flippaus\/flippedlearning\/fera2019-digipeda\/programme\/\"]}]},{\"@type\":\"ImageObject\",\"inLanguage\":\"fi\",\"@id\":\"https:\/\/sites.uef.fi\/flippaus\/flippedlearning\/fera2019-digipeda\/programme\/#primaryimage\",\"url\":\"https:\/\/sites.uef.fi\/flippaus\/wp-content\/uploads\/sites\/83\/2020\/12\/Mien-Segers-photo.jpg\",\"contentUrl\":\"https:\/\/sites.uef.fi\/flippaus\/wp-content\/uploads\/sites\/83\/2020\/12\/Mien-Segers-photo.jpg\",\"width\":182,\"height\":274},{\"@type\":\"BreadcrumbList\",\"@id\":\"https:\/\/sites.uef.fi\/flippaus\/flippedlearning\/fera2019-digipeda\/programme\/#breadcrumb\",\"itemListElement\":[{\"@type\":\"ListItem\",\"position\":1,\"name\":\"Home\",\"item\":\"https:\/\/sites.uef.fi\/flippaus\/\"},{\"@type\":\"ListItem\",\"position\":2,\"name\":\"Flipped Learning -hanke\",\"item\":\"https:\/\/sites.uef.fi\/flippaus\/flippedlearning\/\"},{\"@type\":\"ListItem\",\"position\":3,\"name\":\"FERA 2019 pre-conference\",\"item\":\"https:\/\/sites.uef.fi\/flippaus\/flippedlearning\/fera2019-digipeda\/\"},{\"@type\":\"ListItem\",\"position\":4,\"name\":\"Programme\"}]},{\"@type\":\"WebSite\",\"@id\":\"https:\/\/sites.uef.fi\/flippaus\/#website\",\"url\":\"https:\/\/sites.uef.fi\/flippaus\/\",\"name\":\"Flipped Learning\",\"description\":\"\",\"publisher\":{\"@id\":\"https:\/\/sites.uef.fi\/flippaus\/#organization\"},\"potentialAction\":[{\"@type\":\"SearchAction\",\"target\":{\"@type\":\"EntryPoint\",\"urlTemplate\":\"https:\/\/sites.uef.fi\/flippaus\/?s={search_term_string}\"},\"query-input\":{\"@type\":\"PropertyValueSpecification\",\"valueRequired\":true,\"valueName\":\"search_term_string\"}}],\"inLanguage\":\"fi\"},{\"@type\":\"Organization\",\"@id\":\"https:\/\/sites.uef.fi\/flippaus\/#organization\",\"name\":\"Flipped Learning\",\"url\":\"https:\/\/sites.uef.fi\/flippaus\/\",\"logo\":{\"@type\":\"ImageObject\",\"inLanguage\":\"fi\",\"@id\":\"https:\/\/sites.uef.fi\/flippaus\/#\/schema\/logo\/image\/\",\"url\":\"https:\/\/sites.uef.fi\/flippaus\/wp-content\/uploads\/sites\/83\/2020\/05\/cropped-UEF_wordpress_white.png\",\"contentUrl\":\"https:\/\/sites.uef.fi\/flippaus\/wp-content\/uploads\/sites\/83\/2020\/05\/cropped-UEF_wordpress_white.png\",\"width\":250,\"height\":250,\"caption\":\"Flipped Learning\"},\"image\":{\"@id\":\"https:\/\/sites.uef.fi\/flippaus\/#\/schema\/logo\/image\/\"}}]}<\/script>\n<!-- \/ Yoast SEO plugin. -->","yoast_head_json":{"title":"Programme - Flipped Learning","robots":{"index":"index","follow":"follow","max-snippet":"max-snippet:-1","max-image-preview":"max-image-preview:large","max-video-preview":"max-video-preview:-1"},"canonical":"https:\/\/sites.uef.fi\/flippaus\/flippedlearning\/fera2019-digipeda\/programme\/","og_locale":"fi_FI","og_type":"article","og_title":"Programme - Flipped Learning","og_description":"Pre-conference presentations The pre-conference was started with presentation of professor Mien Segers. Three sessions of presentations were arranged during the day, and posters were presented during coffee breaks. The day was wrapped up by the distinguished researcher Filip Dochy with reflections on the development of teaching and learning in higher education. Information about the speakers, &hellip; Jatka lukemista \"Programme\"","og_url":"https:\/\/sites.uef.fi\/flippaus\/flippedlearning\/fera2019-digipeda\/programme\/","og_site_name":"Flipped Learning","article_modified_time":"2020-12-17T13:50:53+00:00","og_image":[{"url":"https:\/\/sites.uef.fi\/flippaus\/wp-content\/uploads\/sites\/83\/2020\/12\/Mien-Segers-photo.jpg","type":"","width":"","height":""}],"twitter_card":"summary_large_image","twitter_misc":{"Arvioitu lukuaika":"4 minuuttia"},"schema":{"@context":"https:\/\/schema.org","@graph":[{"@type":"WebPage","@id":"https:\/\/sites.uef.fi\/flippaus\/flippedlearning\/fera2019-digipeda\/programme\/","url":"https:\/\/sites.uef.fi\/flippaus\/flippedlearning\/fera2019-digipeda\/programme\/","name":"Programme - Flipped Learning","isPartOf":{"@id":"https:\/\/sites.uef.fi\/flippaus\/#website"},"primaryImageOfPage":{"@id":"https:\/\/sites.uef.fi\/flippaus\/flippedlearning\/fera2019-digipeda\/programme\/#primaryimage"},"image":{"@id":"https:\/\/sites.uef.fi\/flippaus\/flippedlearning\/fera2019-digipeda\/programme\/#primaryimage"},"thumbnailUrl":"https:\/\/sites.uef.fi\/flippaus\/wp-content\/uploads\/sites\/83\/2020\/12\/Mien-Segers-photo.jpg","datePublished":"2020-12-16T08:31:41+00:00","dateModified":"2020-12-17T13:50:53+00:00","breadcrumb":{"@id":"https:\/\/sites.uef.fi\/flippaus\/flippedlearning\/fera2019-digipeda\/programme\/#breadcrumb"},"inLanguage":"fi","potentialAction":[{"@type":"ReadAction","target":["https:\/\/sites.uef.fi\/flippaus\/flippedlearning\/fera2019-digipeda\/programme\/"]}]},{"@type":"ImageObject","inLanguage":"fi","@id":"https:\/\/sites.uef.fi\/flippaus\/flippedlearning\/fera2019-digipeda\/programme\/#primaryimage","url":"https:\/\/sites.uef.fi\/flippaus\/wp-content\/uploads\/sites\/83\/2020\/12\/Mien-Segers-photo.jpg","contentUrl":"https:\/\/sites.uef.fi\/flippaus\/wp-content\/uploads\/sites\/83\/2020\/12\/Mien-Segers-photo.jpg","width":182,"height":274},{"@type":"BreadcrumbList","@id":"https:\/\/sites.uef.fi\/flippaus\/flippedlearning\/fera2019-digipeda\/programme\/#breadcrumb","itemListElement":[{"@type":"ListItem","position":1,"name":"Home","item":"https:\/\/sites.uef.fi\/flippaus\/"},{"@type":"ListItem","position":2,"name":"Flipped Learning -hanke","item":"https:\/\/sites.uef.fi\/flippaus\/flippedlearning\/"},{"@type":"ListItem","position":3,"name":"FERA 2019 pre-conference","item":"https:\/\/sites.uef.fi\/flippaus\/flippedlearning\/fera2019-digipeda\/"},{"@type":"ListItem","position":4,"name":"Programme"}]},{"@type":"WebSite","@id":"https:\/\/sites.uef.fi\/flippaus\/#website","url":"https:\/\/sites.uef.fi\/flippaus\/","name":"Flipped Learning","description":"","publisher":{"@id":"https:\/\/sites.uef.fi\/flippaus\/#organization"},"potentialAction":[{"@type":"SearchAction","target":{"@type":"EntryPoint","urlTemplate":"https:\/\/sites.uef.fi\/flippaus\/?s={search_term_string}"},"query-input":{"@type":"PropertyValueSpecification","valueRequired":true,"valueName":"search_term_string"}}],"inLanguage":"fi"},{"@type":"Organization","@id":"https:\/\/sites.uef.fi\/flippaus\/#organization","name":"Flipped Learning","url":"https:\/\/sites.uef.fi\/flippaus\/","logo":{"@type":"ImageObject","inLanguage":"fi","@id":"https:\/\/sites.uef.fi\/flippaus\/#\/schema\/logo\/image\/","url":"https:\/\/sites.uef.fi\/flippaus\/wp-content\/uploads\/sites\/83\/2020\/05\/cropped-UEF_wordpress_white.png","contentUrl":"https:\/\/sites.uef.fi\/flippaus\/wp-content\/uploads\/sites\/83\/2020\/05\/cropped-UEF_wordpress_white.png","width":250,"height":250,"caption":"Flipped Learning"},"image":{"@id":"https:\/\/sites.uef.fi\/flippaus\/#\/schema\/logo\/image\/"}}]}},"_links":{"self":[{"href":"https:\/\/sites.uef.fi\/flippaus\/wp-json\/wp\/v2\/pages\/2585","targetHints":{"allow":["GET"]}}],"collection":[{"href":"https:\/\/sites.uef.fi\/flippaus\/wp-json\/wp\/v2\/pages"}],"about":[{"href":"https:\/\/sites.uef.fi\/flippaus\/wp-json\/wp\/v2\/types\/page"}],"author":[{"embeddable":true,"href":"https:\/\/sites.uef.fi\/flippaus\/wp-json\/wp\/v2\/users\/176"}],"replies":[{"embeddable":true,"href":"https:\/\/sites.uef.fi\/flippaus\/wp-json\/wp\/v2\/comments?post=2585"}],"version-history":[{"count":2,"href":"https:\/\/sites.uef.fi\/flippaus\/wp-json\/wp\/v2\/pages\/2585\/revisions"}],"predecessor-version":[{"id":3031,"href":"https:\/\/sites.uef.fi\/flippaus\/wp-json\/wp\/v2\/pages\/2585\/revisions\/3031"}],"up":[{"embeddable":true,"href":"https:\/\/sites.uef.fi\/flippaus\/wp-json\/wp\/v2\/pages\/1819"}],"wp:attachment":[{"href":"https:\/\/sites.uef.fi\/flippaus\/wp-json\/wp\/v2\/media?parent=2585"}],"curies":[{"name":"wp","href":"https:\/\/api.w.org\/{rel}","templated":true}]}}