{"id":26,"date":"2020-05-25T09:52:43","date_gmt":"2020-05-25T06:52:43","guid":{"rendered":"https:\/\/sites.uef.fi\/flippaus\/?page_id=26"},"modified":"2023-10-31T09:16:46","modified_gmt":"2023-10-31T07:16:46","slug":"etusivu","status":"publish","type":"page","link":"https:\/\/sites.uef.fi\/flippaus\/","title":{"rendered":"Etusivu"},"content":{"rendered":"\n<h1 class=\"wp-block-heading\"> Tervetuloa flippauksen pariin<\/h1>\n\n\n\n<div class=\"wp-block-columns is-layout-flex wp-container-core-columns-is-layout-9d6595d7 wp-block-columns-is-layout-flex\">\n<div class=\"wp-block-column is-layout-flow wp-block-column-is-layout-flow\" style=\"flex-basis:50%\">\n<p> Flipped Classroom eli k\u00e4\u00e4nteisopetus ja tuttavallisemmin flippaus on  opetusmenetelm\u00e4, joka UEF:ssa on muodostunut jo k\u00e4sitteeksi. Opetusta on  virallisesti k\u00e4\u00e4nnetty vuodesta 2015, mutta flippariopettajia on ollut  jo aiemmin. K\u00e4rkihahmona on toiminut yliopistonlehtori Markku  Saarelainen, jonka opintojakso tuotti opiskelijoille suuria haasteita.  T\u00e4ll\u00e4 hetkell\u00e4 meill\u00e4 on noin sata flippaavaa opettajaa kaikissa  nelj\u00e4ss\u00e4 tiedekunnassa. Flippaus on osa UEF:n strategianmukaista <a rel=\"noreferrer noopener\" href=\"http:\/\/www.uef.fi\/fi\/web\/guest\/oppimisymparistot\" target=\"_blank\">oppimisymp\u00e4rist\u00f6jen kehitt\u00e4misty\u00f6t\u00e4<\/a>. Videon kesto on 07:03.<\/p>\n\n\n\n<p> N\u00e4ille sivuille on koottu tietopaketti flippauksesta. Alla olevien  linkkien takaa l\u00f6ytyv\u00e4t sivustot opettajille, opiskelijoille ja  opetuksen kehitt\u00e4jille. Opettajien osiosta l\u00f6ytyy niin sanottu  flippausmanuaali, eli materiaalia flippauksen suunnitteluun ja  toteutukseen. Materiaali on laadittu korkeakouluopetuksen n\u00e4k\u00f6kulmasta,  mutta on sovellettavissa my\u00f6s muille kouluasteille. Opiskelijan sivulta  l\u00f6ytyy tietoa siit\u00e4, mist\u00e4 flippauksessa on kyse ja mihin olisi hyv\u00e4  kiinnitt\u00e4\u00e4 huomiota flipatulla opintojaksolla. Vinkit soveltuvat my\u00f6s  muuhun opiskeluun. Opetuksen kehitt\u00e4j\u00e4n sivulta l\u00f6ytyy tietoa niin  opetusty\u00f6ss\u00e4 oleville, kuin sit\u00e4 tukevien toimintojen parissa  ty\u00f6skenteleville opiskelijoiden kokemuksista ja tarpeista,  kehitt\u00e4misty\u00f6n ydinprosesseista sek\u00e4 oppimisymp\u00e4rist\u00f6ist\u00e4. <\/p>\n\n\n\n<p><a href=\"https:\/\/sites.uef.fi\/flippaus\/tekijat\/\">Flippausmanuaalin tekemiseen osallistuneet henkil\u00f6t ja tietoa viittausk\u00e4yt\u00e4nn\u00f6ist\u00e4 l\u00f6ytyy Tekij\u00e4t-sivulta<\/a>, joka l\u00f6ytyy my\u00f6s t\u00e4m\u00e4n sivun yl\u00e4reunasta.<\/p>\n<\/div>\n\n\n\n<div class=\"wp-block-column is-layout-flow wp-block-column-is-layout-flow\" style=\"flex-basis:50%\"><iframe loading=\"lazy\" src=\"https:\/\/uef.cloud.panopto.eu\/Panopto\/Pages\/Embed.aspx?id=5bf57ada-ba08-4d24-b1ef-b06700ccfba3&autoplay=false&offerviewer=false&showtitle=false&showbrand=false&captions=true&interactivity=none\" height=\"375\" width=\"500\" style=\"border: 1px solid #464646;\" allowfullscreen allow=\"autoplay\" aria-label=\"Panopto Embedded Video Player\"><\/iframe>\n<\/div>\n<\/div>\n\n\n\n<div class=\"wp-block-columns is-layout-flex wp-container-core-columns-is-layout-9d6595d7 wp-block-columns-is-layout-flex\">\n<div class=\"wp-block-column is-vertically-aligned-top is-layout-flow wp-block-column-is-layout-flow\">\n<figure class=\"wp-block-image size-large\"><a href=\"https:\/\/sites.uef.fi\/flippaus\/flippausmanuaali\/\"><img loading=\"lazy\" decoding=\"async\" width=\"960\" height=\"600\" src=\"https:\/\/sites.uef.fi\/flippaus\/wp-content\/uploads\/sites\/83\/2020\/07\/ope_v2.png\" alt=\"Kuva on linkki opettajan osioon\" class=\"wp-image-495\" srcset=\"https:\/\/sites.uef.fi\/flippaus\/wp-content\/uploads\/sites\/83\/2020\/07\/ope_v2.png 960w, https:\/\/sites.uef.fi\/flippaus\/wp-content\/uploads\/sites\/83\/2020\/07\/ope_v2-300x188.png 300w, https:\/\/sites.uef.fi\/flippaus\/wp-content\/uploads\/sites\/83\/2020\/07\/ope_v2-768x480.png 768w\" sizes=\"auto, (max-width: 706px) 89vw, (max-width: 767px) 82vw, 740px\" \/><\/a><figcaption class=\"wp-element-caption\"><strong>Opettajalle<\/strong><\/figcaption><\/figure>\n<\/div>\n\n\n\n<div class=\"wp-block-column is-layout-flow wp-block-column-is-layout-flow\">\n<figure class=\"wp-block-image size-large\"><a href=\"sites.uef.fi\/flippaus\/opiskelijalle\"><img loading=\"lazy\" decoding=\"async\" width=\"960\" height=\"600\" src=\"https:\/\/sites.uef.fi\/flippaus\/wp-content\/uploads\/sites\/83\/2020\/07\/opisk.png\" alt=\"Kuva on linkki opiskelijan osioon\" class=\"wp-image-498\" srcset=\"https:\/\/sites.uef.fi\/flippaus\/wp-content\/uploads\/sites\/83\/2020\/07\/opisk.png 960w, https:\/\/sites.uef.fi\/flippaus\/wp-content\/uploads\/sites\/83\/2020\/07\/opisk-300x188.png 300w, https:\/\/sites.uef.fi\/flippaus\/wp-content\/uploads\/sites\/83\/2020\/07\/opisk-768x480.png 768w\" sizes=\"auto, (max-width: 706px) 89vw, (max-width: 767px) 82vw, 740px\" \/><\/a><figcaption class=\"wp-element-caption\"><strong>Opiskelijalle<\/strong><\/figcaption><\/figure>\n<\/div>\n\n\n\n<div class=\"wp-block-column is-vertically-aligned-top is-layout-flow wp-block-column-is-layout-flow\">\n<figure class=\"wp-block-image size-large\"><a href=\"https:\/\/sites.uef.fi\/flippaus\/opetuksen-kehittajalle\/\"><img loading=\"lazy\" decoding=\"async\" width=\"960\" height=\"600\" src=\"https:\/\/sites.uef.fi\/flippaus\/wp-content\/uploads\/sites\/83\/2020\/07\/opkeh.png\" alt=\"Kuva on linkki opetuksen kehitt\u00e4j\u00e4n osioon\" class=\"wp-image-501\" srcset=\"https:\/\/sites.uef.fi\/flippaus\/wp-content\/uploads\/sites\/83\/2020\/07\/opkeh.png 960w, https:\/\/sites.uef.fi\/flippaus\/wp-content\/uploads\/sites\/83\/2020\/07\/opkeh-300x188.png 300w, https:\/\/sites.uef.fi\/flippaus\/wp-content\/uploads\/sites\/83\/2020\/07\/opkeh-768x480.png 768w\" sizes=\"auto, (max-width: 706px) 89vw, (max-width: 767px) 82vw, 740px\" \/><\/a><figcaption class=\"wp-element-caption\"><strong>Opetuksen kehitt\u00e4j\u00e4lle<\/strong><\/figcaption><\/figure>\n<\/div>\n<\/div>\n\n\n\n<h2 class=\"wp-block-heading\">Hankkeen rahoittaja<\/h2>\n\n\n\n<p>Sivusto on tehty osana <em>Opetushenkil\u00f6kunnan digitaidot ajantasalle!<\/em>  -hanketta, joka oli osa Opetus- ja kulttuuriministeri\u00f6n rahoittamaa  Korkeakoulujen henkil\u00f6st\u00f6n pedagogisen ja digitaalisen opetus- ja  ohjausosaamisen vahvistaminen -hanketta (2017 &#8211; 2019). <span class=\"has-inline-color has-black-color\">Tarkemmin hankkeesta voit lukea <a href=\"https:\/\/sites.uef.fi\/flippaus\/flippedlearning\/\">Flipped Learning -sivulta<\/a>.<\/span><strong><span class=\"has-inline-color has-vivid-red-color\"><\/span><span class=\"has-inline-color has-vivid-red-color\"><\/span><span class=\"has-inline-color has-vivid-red-color\"><\/span><\/strong><\/p>\n\n\n\n<div class=\"wp-block-columns is-layout-flex wp-container-core-columns-is-layout-9d6595d7 wp-block-columns-is-layout-flex\">\n<div class=\"wp-block-column is-layout-flow wp-block-column-is-layout-flow\">\n<figure class=\"wp-block-image size-medium\"><img loading=\"lazy\" decoding=\"async\" width=\"300\" height=\"110\" src=\"https:\/\/sites.uef.fi\/flippaus\/wp-content\/uploads\/sites\/83\/2020\/10\/OKM_FiSve_LM_RGB_logot_ISO-300x110.jpg\" alt=\"Opetus- ja kulttuuriministeri\u00f6n logo, jossa on keskell\u00e4 Suomen leijonavaakuna. Sen vasemmalla puolella on suomeksi teksti opetus- ja kulttuuriministeri\u00f6, oikealla puolella ruotsiksi teksti undervisnings- och kulturministeriet.\" class=\"wp-image-1639\" srcset=\"https:\/\/sites.uef.fi\/flippaus\/wp-content\/uploads\/sites\/83\/2020\/10\/OKM_FiSve_LM_RGB_logot_ISO-300x110.jpg 300w, https:\/\/sites.uef.fi\/flippaus\/wp-content\/uploads\/sites\/83\/2020\/10\/OKM_FiSve_LM_RGB_logot_ISO-1024x377.jpg 1024w, https:\/\/sites.uef.fi\/flippaus\/wp-content\/uploads\/sites\/83\/2020\/10\/OKM_FiSve_LM_RGB_logot_ISO-768x283.jpg 768w, https:\/\/sites.uef.fi\/flippaus\/wp-content\/uploads\/sites\/83\/2020\/10\/OKM_FiSve_LM_RGB_logot_ISO-1536x565.jpg 1536w, https:\/\/sites.uef.fi\/flippaus\/wp-content\/uploads\/sites\/83\/2020\/10\/OKM_FiSve_LM_RGB_logot_ISO.jpg 1766w\" sizes=\"auto, (max-width: 300px) 100vw, 300px\" \/><\/figure>\n<\/div>\n\n\n\n<div class=\"wp-block-column is-layout-flow wp-block-column-is-layout-flow\"><div class=\"wp-block-image\">\n<figure class=\"alignleft size-medium is-resized\"><img loading=\"lazy\" decoding=\"async\" width=\"300\" height=\"164\" src=\"https:\/\/sites.uef.fi\/flippaus\/wp-content\/uploads\/sites\/83\/2020\/10\/Hallituksen-k\u00e4rkihanke-logo-fi-lila-RGB-300x164.jpg\" alt=\"Hallituksen k\u00e4rkihankkeen logo, jossa violetti suorakaide vinossa ja sen sis\u00e4ll\u00e4 teksti hallituksen k\u00e4rkihanke\" class=\"wp-image-1636\" style=\"width:204px;height:110px\" srcset=\"https:\/\/sites.uef.fi\/flippaus\/wp-content\/uploads\/sites\/83\/2020\/10\/Hallituksen-k\u00e4rkihanke-logo-fi-lila-RGB-300x164.jpg 300w, https:\/\/sites.uef.fi\/flippaus\/wp-content\/uploads\/sites\/83\/2020\/10\/Hallituksen-k\u00e4rkihanke-logo-fi-lila-RGB-768x421.jpg 768w, https:\/\/sites.uef.fi\/flippaus\/wp-content\/uploads\/sites\/83\/2020\/10\/Hallituksen-k\u00e4rkihanke-logo-fi-lila-RGB.jpg 872w\" sizes=\"auto, (max-width: 300px) 100vw, 300px\" \/><\/figure>\n<\/div><\/div>\n<\/div>\n","protected":false},"excerpt":{"rendered":"<p>Tervetuloa flippauksen pariin Flipped Classroom eli k\u00e4\u00e4nteisopetus ja tuttavallisemmin flippaus on opetusmenetelm\u00e4, joka UEF:ssa on muodostunut jo k\u00e4sitteeksi. Opetusta on virallisesti k\u00e4\u00e4nnetty vuodesta 2015, mutta flippariopettajia on ollut jo aiemmin. K\u00e4rkihahmona on toiminut yliopistonlehtori Markku Saarelainen, jonka opintojakso tuotti opiskelijoille suuria haasteita. T\u00e4ll\u00e4 hetkell\u00e4 meill\u00e4 on noin sata flippaavaa opettajaa kaikissa nelj\u00e4ss\u00e4 tiedekunnassa. Flippaus on &hellip; <\/p>\n<p class=\"link-more\"><a href=\"https:\/\/sites.uef.fi\/flippaus\/\" class=\"more-link\">Jatka lukemista<span class=\"screen-reader-text\"> &#8221;Etusivu&#8221;<\/span><\/a><\/p>\n","protected":false},"author":176,"featured_media":0,"parent":0,"menu_order":0,"comment_status":"closed","ping_status":"closed","template":"","meta":{"_acf_changed":false,"_monsterinsights_skip_tracking":false,"_monsterinsights_sitenote_active":false,"_monsterinsights_sitenote_note":"","_monsterinsights_sitenote_category":0,"footnotes":""},"class_list":["post-26","page","type-page","status-publish","hentry"],"acf":[],"yoast_head":"<!-- This site is optimized with the Yoast SEO plugin v27.1.1 - https:\/\/yoast.com\/product\/yoast-seo-wordpress\/ -->\n<title>Etusivu - Flipped Learning<\/title>\n<meta name=\"robots\" content=\"index, follow, max-snippet:-1, max-image-preview:large, max-video-preview:-1\" \/>\n<link rel=\"canonical\" href=\"https:\/\/sites.uef.fi\/flippaus\/\" \/>\n<meta property=\"og:locale\" content=\"fi_FI\" \/>\n<meta property=\"og:type\" content=\"article\" \/>\n<meta property=\"og:title\" content=\"Etusivu - Flipped Learning\" \/>\n<meta property=\"og:description\" content=\"Tervetuloa flippauksen pariin Flipped Classroom eli k\u00e4\u00e4nteisopetus ja tuttavallisemmin flippaus on opetusmenetelm\u00e4, joka UEF:ssa on muodostunut jo k\u00e4sitteeksi. Opetusta on virallisesti k\u00e4\u00e4nnetty vuodesta 2015, mutta flippariopettajia on ollut jo aiemmin. K\u00e4rkihahmona on toiminut yliopistonlehtori Markku Saarelainen, jonka opintojakso tuotti opiskelijoille suuria haasteita. T\u00e4ll\u00e4 hetkell\u00e4 meill\u00e4 on noin sata flippaavaa opettajaa kaikissa nelj\u00e4ss\u00e4 tiedekunnassa. Flippaus on &hellip; Jatka lukemista &quot;Etusivu&quot;\" \/>\n<meta property=\"og:url\" content=\"https:\/\/sites.uef.fi\/flippaus\/\" \/>\n<meta property=\"og:site_name\" content=\"Flipped Learning\" \/>\n<meta property=\"article:modified_time\" content=\"2023-10-31T07:16:46+00:00\" \/>\n<meta property=\"og:image\" content=\"https:\/\/sites.uef.fi\/flippaus\/wp-content\/uploads\/sites\/83\/2020\/07\/ope_v2.png\" \/>\n<meta name=\"twitter:card\" content=\"summary_large_image\" \/>\n<meta name=\"twitter:label1\" content=\"Arvioitu lukuaika\" \/>\n\t<meta name=\"twitter:data1\" content=\"3 minuuttia\" \/>\n<script type=\"application\/ld+json\" class=\"yoast-schema-graph\">{\"@context\":\"https:\/\/schema.org\",\"@graph\":[{\"@type\":\"WebPage\",\"@id\":\"https:\/\/sites.uef.fi\/flippaus\/\",\"url\":\"https:\/\/sites.uef.fi\/flippaus\/\",\"name\":\"Etusivu - Flipped Learning\",\"isPartOf\":{\"@id\":\"https:\/\/sites.uef.fi\/flippaus\/#website\"},\"primaryImageOfPage\":{\"@id\":\"https:\/\/sites.uef.fi\/flippaus\/#primaryimage\"},\"image\":{\"@id\":\"https:\/\/sites.uef.fi\/flippaus\/#primaryimage\"},\"thumbnailUrl\":\"https:\/\/sites.uef.fi\/flippaus\/wp-content\/uploads\/sites\/83\/2020\/07\/ope_v2.png\",\"datePublished\":\"2020-05-25T06:52:43+00:00\",\"dateModified\":\"2023-10-31T07:16:46+00:00\",\"breadcrumb\":{\"@id\":\"https:\/\/sites.uef.fi\/flippaus\/#breadcrumb\"},\"inLanguage\":\"fi\",\"potentialAction\":[{\"@type\":\"ReadAction\",\"target\":[\"https:\/\/sites.uef.fi\/flippaus\/\"]}]},{\"@type\":\"ImageObject\",\"inLanguage\":\"fi\",\"@id\":\"https:\/\/sites.uef.fi\/flippaus\/#primaryimage\",\"url\":\"https:\/\/sites.uef.fi\/flippaus\/wp-content\/uploads\/sites\/83\/2020\/07\/ope_v2.png\",\"contentUrl\":\"https:\/\/sites.uef.fi\/flippaus\/wp-content\/uploads\/sites\/83\/2020\/07\/ope_v2.png\",\"width\":960,\"height\":600,\"caption\":\"linkki opettajan osioon\"},{\"@type\":\"BreadcrumbList\",\"@id\":\"https:\/\/sites.uef.fi\/flippaus\/#breadcrumb\",\"itemListElement\":[{\"@type\":\"ListItem\",\"position\":1,\"name\":\"Home\",\"item\":\"https:\/\/sites.uef.fi\/flippaus\/\"},{\"@type\":\"ListItem\",\"position\":2,\"name\":\"Etusivu\"}]},{\"@type\":\"WebSite\",\"@id\":\"https:\/\/sites.uef.fi\/flippaus\/#website\",\"url\":\"https:\/\/sites.uef.fi\/flippaus\/\",\"name\":\"Flipped Learning\",\"description\":\"\",\"publisher\":{\"@id\":\"https:\/\/sites.uef.fi\/flippaus\/#organization\"},\"potentialAction\":[{\"@type\":\"SearchAction\",\"target\":{\"@type\":\"EntryPoint\",\"urlTemplate\":\"https:\/\/sites.uef.fi\/flippaus\/?s={search_term_string}\"},\"query-input\":{\"@type\":\"PropertyValueSpecification\",\"valueRequired\":true,\"valueName\":\"search_term_string\"}}],\"inLanguage\":\"fi\"},{\"@type\":\"Organization\",\"@id\":\"https:\/\/sites.uef.fi\/flippaus\/#organization\",\"name\":\"Flipped Learning\",\"url\":\"https:\/\/sites.uef.fi\/flippaus\/\",\"logo\":{\"@type\":\"ImageObject\",\"inLanguage\":\"fi\",\"@id\":\"https:\/\/sites.uef.fi\/flippaus\/#\/schema\/logo\/image\/\",\"url\":\"https:\/\/sites.uef.fi\/flippaus\/wp-content\/uploads\/sites\/83\/2020\/05\/cropped-UEF_wordpress_white.png\",\"contentUrl\":\"https:\/\/sites.uef.fi\/flippaus\/wp-content\/uploads\/sites\/83\/2020\/05\/cropped-UEF_wordpress_white.png\",\"width\":250,\"height\":250,\"caption\":\"Flipped Learning\"},\"image\":{\"@id\":\"https:\/\/sites.uef.fi\/flippaus\/#\/schema\/logo\/image\/\"}}]}<\/script>\n<!-- \/ Yoast SEO plugin. -->","yoast_head_json":{"title":"Etusivu - Flipped Learning","robots":{"index":"index","follow":"follow","max-snippet":"max-snippet:-1","max-image-preview":"max-image-preview:large","max-video-preview":"max-video-preview:-1"},"canonical":"https:\/\/sites.uef.fi\/flippaus\/","og_locale":"fi_FI","og_type":"article","og_title":"Etusivu - Flipped Learning","og_description":"Tervetuloa flippauksen pariin Flipped Classroom eli k\u00e4\u00e4nteisopetus ja tuttavallisemmin flippaus on opetusmenetelm\u00e4, joka UEF:ssa on muodostunut jo k\u00e4sitteeksi. Opetusta on virallisesti k\u00e4\u00e4nnetty vuodesta 2015, mutta flippariopettajia on ollut jo aiemmin. K\u00e4rkihahmona on toiminut yliopistonlehtori Markku Saarelainen, jonka opintojakso tuotti opiskelijoille suuria haasteita. T\u00e4ll\u00e4 hetkell\u00e4 meill\u00e4 on noin sata flippaavaa opettajaa kaikissa nelj\u00e4ss\u00e4 tiedekunnassa. Flippaus on &hellip; Jatka lukemista \"Etusivu\"","og_url":"https:\/\/sites.uef.fi\/flippaus\/","og_site_name":"Flipped Learning","article_modified_time":"2023-10-31T07:16:46+00:00","og_image":[{"url":"https:\/\/sites.uef.fi\/flippaus\/wp-content\/uploads\/sites\/83\/2020\/07\/ope_v2.png","type":"","width":"","height":""}],"twitter_card":"summary_large_image","twitter_misc":{"Arvioitu lukuaika":"3 minuuttia"},"schema":{"@context":"https:\/\/schema.org","@graph":[{"@type":"WebPage","@id":"https:\/\/sites.uef.fi\/flippaus\/","url":"https:\/\/sites.uef.fi\/flippaus\/","name":"Etusivu - Flipped Learning","isPartOf":{"@id":"https:\/\/sites.uef.fi\/flippaus\/#website"},"primaryImageOfPage":{"@id":"https:\/\/sites.uef.fi\/flippaus\/#primaryimage"},"image":{"@id":"https:\/\/sites.uef.fi\/flippaus\/#primaryimage"},"thumbnailUrl":"https:\/\/sites.uef.fi\/flippaus\/wp-content\/uploads\/sites\/83\/2020\/07\/ope_v2.png","datePublished":"2020-05-25T06:52:43+00:00","dateModified":"2023-10-31T07:16:46+00:00","breadcrumb":{"@id":"https:\/\/sites.uef.fi\/flippaus\/#breadcrumb"},"inLanguage":"fi","potentialAction":[{"@type":"ReadAction","target":["https:\/\/sites.uef.fi\/flippaus\/"]}]},{"@type":"ImageObject","inLanguage":"fi","@id":"https:\/\/sites.uef.fi\/flippaus\/#primaryimage","url":"https:\/\/sites.uef.fi\/flippaus\/wp-content\/uploads\/sites\/83\/2020\/07\/ope_v2.png","contentUrl":"https:\/\/sites.uef.fi\/flippaus\/wp-content\/uploads\/sites\/83\/2020\/07\/ope_v2.png","width":960,"height":600,"caption":"linkki opettajan osioon"},{"@type":"BreadcrumbList","@id":"https:\/\/sites.uef.fi\/flippaus\/#breadcrumb","itemListElement":[{"@type":"ListItem","position":1,"name":"Home","item":"https:\/\/sites.uef.fi\/flippaus\/"},{"@type":"ListItem","position":2,"name":"Etusivu"}]},{"@type":"WebSite","@id":"https:\/\/sites.uef.fi\/flippaus\/#website","url":"https:\/\/sites.uef.fi\/flippaus\/","name":"Flipped Learning","description":"","publisher":{"@id":"https:\/\/sites.uef.fi\/flippaus\/#organization"},"potentialAction":[{"@type":"SearchAction","target":{"@type":"EntryPoint","urlTemplate":"https:\/\/sites.uef.fi\/flippaus\/?s={search_term_string}"},"query-input":{"@type":"PropertyValueSpecification","valueRequired":true,"valueName":"search_term_string"}}],"inLanguage":"fi"},{"@type":"Organization","@id":"https:\/\/sites.uef.fi\/flippaus\/#organization","name":"Flipped Learning","url":"https:\/\/sites.uef.fi\/flippaus\/","logo":{"@type":"ImageObject","inLanguage":"fi","@id":"https:\/\/sites.uef.fi\/flippaus\/#\/schema\/logo\/image\/","url":"https:\/\/sites.uef.fi\/flippaus\/wp-content\/uploads\/sites\/83\/2020\/05\/cropped-UEF_wordpress_white.png","contentUrl":"https:\/\/sites.uef.fi\/flippaus\/wp-content\/uploads\/sites\/83\/2020\/05\/cropped-UEF_wordpress_white.png","width":250,"height":250,"caption":"Flipped Learning"},"image":{"@id":"https:\/\/sites.uef.fi\/flippaus\/#\/schema\/logo\/image\/"}}]}},"_links":{"self":[{"href":"https:\/\/sites.uef.fi\/flippaus\/wp-json\/wp\/v2\/pages\/26","targetHints":{"allow":["GET"]}}],"collection":[{"href":"https:\/\/sites.uef.fi\/flippaus\/wp-json\/wp\/v2\/pages"}],"about":[{"href":"https:\/\/sites.uef.fi\/flippaus\/wp-json\/wp\/v2\/types\/page"}],"author":[{"embeddable":true,"href":"https:\/\/sites.uef.fi\/flippaus\/wp-json\/wp\/v2\/users\/176"}],"replies":[{"embeddable":true,"href":"https:\/\/sites.uef.fi\/flippaus\/wp-json\/wp\/v2\/comments?post=26"}],"version-history":[{"count":2,"href":"https:\/\/sites.uef.fi\/flippaus\/wp-json\/wp\/v2\/pages\/26\/revisions"}],"predecessor-version":[{"id":3415,"href":"https:\/\/sites.uef.fi\/flippaus\/wp-json\/wp\/v2\/pages\/26\/revisions\/3415"}],"wp:attachment":[{"href":"https:\/\/sites.uef.fi\/flippaus\/wp-json\/wp\/v2\/media?parent=26"}],"curies":[{"name":"wp","href":"https:\/\/api.w.org\/{rel}","templated":true}]}}