{"id":2772,"date":"2020-12-16T18:26:31","date_gmt":"2020-12-16T16:26:31","guid":{"rendered":"https:\/\/sites.uef.fi\/flippaus\/?page_id=2772"},"modified":"2023-10-31T09:17:13","modified_gmt":"2023-10-31T07:17:13","slug":"flippausmanuaali","status":"publish","type":"page","link":"https:\/\/sites.uef.fi\/flippaus\/flippausmanuaali\/","title":{"rendered":"Flippausmanuaali"},"content":{"rendered":"\n<h1 class=\"wp-block-heading\">Flippausmanuaali eli kuinka k\u00e4\u00e4nt\u00e4\u00e4 opetus?<\/h1>\n\n\n\n<p>T\u00e4ll\u00e4 sivustolla k\u00e4yd\u00e4\u00e4n l\u00e4pi opetuksen flippausta. Tarkoituksena on, ett\u00e4 materiaalit rohkaisevat ja opastavat flippauksesta kiinnostuneita opettajia k\u00e4\u00e4nt\u00e4m\u00e4\u00e4n omaa opetustaan, sek\u00e4 tarjoavat aiheesta kiinnostuneille tietoa siit\u00e4, mist\u00e4 flippauksessa oikein on kysymys. Materiaaleista voi toki poimia vinkkej\u00e4 my\u00f6s perinteiseen opetukseen. Huomaathan, ett\u00e4 manuaali t\u00e4ydentyy ajan mittaan.<\/p>\n\n\n\n<p>Seuraavalla videolla tutkijatohtori ja Ameba-tiimin tutkimuskoordinaattori Erkko Sointu esittelee lyhyesti flippausmanuaalin taustaa ja rakennetta.<\/p>\n\n\n<iframe loading=\"lazy\" src=\"https:\/\/uef.cloud.panopto.eu\/Panopto\/Pages\/Embed.aspx?id=ee1db281-5c35-4e4f-8b41-b06700cd14ac&autoplay=false&offerviewer=false&showtitle=false&showbrand=false&captions=false&interactivity=none\" height=\"375\" width=\"500\" style=\"border: 1px solid #464646;\" allowfullscreen allow=\"autoplay\" aria-label=\"Panopto Embedded Video Player\"><\/iframe>\n\n\n\n<h2 class=\"wp-block-heading\" id=\"johdanto\">Johdantoa flippaukseen<\/h2>\n\n\n\n<p>Syit\u00e4 opetuksen k\u00e4\u00e4nt\u00e4miselle oppijakeskeisemm\u00e4ksi tai -l\u00e4ht\u00f6isemm\u00e4ksi on monia. Aivan aluksi Erkko Sointu kertoo perusteita flippaukselle:<\/p>\n\n\n<iframe loading=\"lazy\" src=\"https:\/\/uef.cloud.panopto.eu\/Panopto\/Pages\/Embed.aspx?id=f11acb9f-c026-44ab-aef6-b06700cef46f&autoplay=false&offerviewer=false&showtitle=false&showbrand=false&captions=false&interactivity=none\" height=\"375\" width=\"500\" style=\"border: 1px solid #464646;\" allowfullscreen allow=\"autoplay\" aria-label=\"Panopto Embedded Video Player\"><\/iframe>\n\n\n\n<h2 class=\"wp-block-heading\" id=\"TPACK\">TPACK ja Flipped Classroom<\/h2>\n\n\n\n<p>Yhteiskunnan muutokset vaikuttavat yksil\u00f6\u00f6n varsin laajasti. Ty\u00f6el\u00e4m\u00e4n muutokset, teknologia ja muut <em>Miksi flipata?<\/em> -videolla k\u00e4sitellyt asiat ja tulevaisuuden taidot vaikuttavat my\u00f6s koulutukseen ja oppimiseen. Toisaalta teknologian arkip\u00e4iv\u00e4istyminen vaikuttaa tapoihimme opiskella, ty\u00f6skennell\u00e4 ja hakea tietoa. Muutokset perinteisest\u00e4, opettajakeskeisest\u00e4 opetuksesta oppijakeskeisempiin, teknologiaa hy\u00f6dynt\u00e4viin menetelmiin ovat my\u00f6t\u00e4vaikuttaneet my\u00f6s flippauksen yleistymiseen. T\u00e4h\u00e4n lis\u00e4n\u00e4k\u00f6kulmaa tarjoaa akatemiatutkija Teemu Valtonen esitellen flippauksen ja TPACK:n (Technological Pedagogical Content Knowledge), eli teknologispedagogisen sis\u00e4lt\u00f6tiedon yhteyksi\u00e4:<\/p>\n\n\n<iframe loading=\"lazy\" src=\"https:\/\/uef.cloud.panopto.eu\/Panopto\/Pages\/Embed.aspx?id=147dd33d-5025-423e-8641-b0680058ca52&autoplay=false&offerviewer=false&showtitle=false&showbrand=false&captions=false&interactivity=none\" height=\"375\" width=\"500\" style=\"border: 1px solid #464646;\" allowfullscreen allow=\"autoplay\" aria-label=\"Panopto Embedded Video Player\"><\/iframe>\n\n\n\n<h2 class=\"wp-block-heading\" id=\"opiskelijalahtoisyys\">Opiskelijal\u00e4ht\u00f6isyys<\/h2>\n\n\n\n<p>Flippauksessa korostuvat oppiminen ja opiskelijan oma aktiivisuus. T\u00e4m\u00e4 ei kuitenkaan tapahdu automaattisesti opetusta k\u00e4\u00e4nt\u00e4m\u00e4ll\u00e4, vaan tarvitaan my\u00f6s tietoista pohdintaa opettajan roolista, oppimisesta sek\u00e4 opetuksen sis\u00e4ll\u00f6ist\u00e4 ja menetelmist\u00e4. Seuraavalla videolla professori Laura Hirsto tarkastelee opiskelijal\u00e4ht\u00f6ist\u00e4 opetusta ja miten se flippauksessa toteutuu. Lis\u00e4ksi syvennyt\u00e4\u00e4n opiskelijal\u00e4ht\u00f6isyyden l\u00e4hik\u00e4sitteisiin.<\/p>\n\n\n<iframe loading=\"lazy\" src=\"https:\/\/uef.cloud.panopto.eu\/Panopto\/Pages\/Embed.aspx?id=c67857ac-cacc-44ad-a7b2-b0680056a690&autoplay=false&offerviewer=false&showtitle=false&showbrand=false&captions=false&interactivity=none\" height=\"375\" width=\"500\" style=\"border: 1px solid #464646;\" allowfullscreen allow=\"autoplay\" aria-label=\"Panopto Embedded Video Player\"><\/iframe>\n\n\n\n<h2 class=\"wp-block-heading\" id=\"arviointi1\">Arviointi<\/h2>\n\n\n\n<p>Oppimisen arviointi j\u00e4\u00e4 yliopistossa turhan v\u00e4h\u00e4lle huomiolle. Esimerkiksi p\u00e4tev\u00e4ll\u00e4 opettajalla, toimivilla oppimisymp\u00e4rist\u00f6ill\u00e4 ja monipuolisilla oppimateriaaleilla on suuri merkitys opiskelijoiden oppimisprosessien ja -tulosten edist\u00e4misess\u00e4. Niiden vaikutusta voidaan kuitenkin pilata taitamattomalla tai vahvistaa hyvin toteutetulla arvioinnilla. Arviointi ohjaa opiskelijoiden oppimisprosesseja, ja hyvill\u00e4 prosesseilla on ilmeinen yhteys hyviin tuloksiin. Seuraava video kuvailee akateemisen oppimisen arviointikulttuurissa ajankohtaistuneita muutoksia. Siin\u00e4 perustellaan, miksi tarvitaan niin sanottuja vaihtoehtoisia arviointimenetelmi\u00e4, eli perinteisten tenttien rinnalle tai jopa tilalle muita oppimista tavoitteellisesti edist\u00e4vi\u00e4 ohjaus- ja palautekeinoja. T\u00e4m\u00e4 osa on hy\u00f6dyllinen arvioinnin kehitt\u00e4misest\u00e4 kiinnostuneelle yliopistoasianopettajalle, vaikkei h\u00e4n olisi flippari. Toisaalta etenkin flippariopettajan on tarpeen tiet\u00e4\u00e4 arviointik\u00e4yt\u00e4nteiden kehittelyn laajempia periaatteita, jotka vaikuttavat sek\u00e4 flippauksen suunnitteluun ett\u00e4 toteutukseen.<\/p>\n\n\n<iframe loading=\"lazy\" src=\"https:\/\/uef.cloud.panopto.eu\/Panopto\/Pages\/Embed.aspx?id=a94fedc0-1fe5-4bd5-b6ca-b068005648b0&autoplay=false&offerviewer=false&showtitle=false&showbrand=false&captions=false&interactivity=none\" height=\"375\" width=\"500\" style=\"border: 1px solid #464646;\" allowfullscreen allow=\"autoplay\" aria-label=\"Panopto Embedded Video Player\"><\/iframe>\n\n\n\n<div class=\"wp-block-buttons is-layout-flex wp-block-buttons-is-layout-flex\">\n<div class=\"wp-block-button\"><a class=\"wp-block-button__link has-background wp-element-button\" href=\"https:\/\/sites.uef.fi\/flippaus\/opintojakson-suunnittelu\/\" style=\"background-color:#1f9cb0\">SUUNNITTELU &gt;<\/a><\/div>\n<\/div>\n\n\n\n<p><\/p>\n","protected":false},"excerpt":{"rendered":"<p>Flippausmanuaali eli kuinka k\u00e4\u00e4nt\u00e4\u00e4 opetus? T\u00e4ll\u00e4 sivustolla k\u00e4yd\u00e4\u00e4n l\u00e4pi opetuksen flippausta. Tarkoituksena on, ett\u00e4 materiaalit rohkaisevat ja opastavat flippauksesta kiinnostuneita opettajia k\u00e4\u00e4nt\u00e4m\u00e4\u00e4n omaa opetustaan, sek\u00e4 tarjoavat aiheesta kiinnostuneille tietoa siit\u00e4, mist\u00e4 flippauksessa oikein on kysymys. Materiaaleista voi toki poimia vinkkej\u00e4 my\u00f6s perinteiseen opetukseen. Huomaathan, ett\u00e4 manuaali t\u00e4ydentyy ajan mittaan. Seuraavalla videolla tutkijatohtori ja Ameba-tiimin tutkimuskoordinaattori &hellip; <\/p>\n<p class=\"link-more\"><a href=\"https:\/\/sites.uef.fi\/flippaus\/flippausmanuaali\/\" class=\"more-link\">Jatka lukemista<span class=\"screen-reader-text\"> &#8221;Flippausmanuaali&#8221;<\/span><\/a><\/p>\n","protected":false},"author":176,"featured_media":0,"parent":0,"menu_order":0,"comment_status":"closed","ping_status":"closed","template":"","meta":{"_acf_changed":false,"_monsterinsights_skip_tracking":false,"_monsterinsights_sitenote_active":false,"_monsterinsights_sitenote_note":"","_monsterinsights_sitenote_category":0,"footnotes":""},"class_list":["post-2772","page","type-page","status-publish","hentry"],"acf":[],"yoast_head":"<!-- This site is optimized with the Yoast SEO plugin v27.1.1 - https:\/\/yoast.com\/product\/yoast-seo-wordpress\/ -->\n<title>Flippausmanuaali - Flipped Learning<\/title>\n<meta name=\"robots\" content=\"index, follow, max-snippet:-1, max-image-preview:large, max-video-preview:-1\" \/>\n<link rel=\"canonical\" href=\"https:\/\/sites.uef.fi\/flippaus\/flippausmanuaali\/\" \/>\n<meta property=\"og:locale\" content=\"fi_FI\" \/>\n<meta property=\"og:type\" content=\"article\" \/>\n<meta property=\"og:title\" content=\"Flippausmanuaali - Flipped Learning\" \/>\n<meta property=\"og:description\" content=\"Flippausmanuaali eli kuinka k\u00e4\u00e4nt\u00e4\u00e4 opetus? T\u00e4ll\u00e4 sivustolla k\u00e4yd\u00e4\u00e4n l\u00e4pi opetuksen flippausta. Tarkoituksena on, ett\u00e4 materiaalit rohkaisevat ja opastavat flippauksesta kiinnostuneita opettajia k\u00e4\u00e4nt\u00e4m\u00e4\u00e4n omaa opetustaan, sek\u00e4 tarjoavat aiheesta kiinnostuneille tietoa siit\u00e4, mist\u00e4 flippauksessa oikein on kysymys. Materiaaleista voi toki poimia vinkkej\u00e4 my\u00f6s perinteiseen opetukseen. Huomaathan, ett\u00e4 manuaali t\u00e4ydentyy ajan mittaan. Seuraavalla videolla tutkijatohtori ja Ameba-tiimin tutkimuskoordinaattori &hellip; Jatka lukemista &quot;Flippausmanuaali&quot;\" \/>\n<meta property=\"og:url\" content=\"https:\/\/sites.uef.fi\/flippaus\/flippausmanuaali\/\" \/>\n<meta property=\"og:site_name\" content=\"Flipped Learning\" \/>\n<meta property=\"article:modified_time\" content=\"2023-10-31T07:17:13+00:00\" \/>\n<meta name=\"twitter:card\" content=\"summary_large_image\" \/>\n<meta name=\"twitter:label1\" content=\"Arvioitu lukuaika\" \/>\n\t<meta name=\"twitter:data1\" content=\"2 minuuttia\" \/>\n<script type=\"application\/ld+json\" class=\"yoast-schema-graph\">{\"@context\":\"https:\/\/schema.org\",\"@graph\":[{\"@type\":\"WebPage\",\"@id\":\"https:\/\/sites.uef.fi\/flippaus\/flippausmanuaali\/\",\"url\":\"https:\/\/sites.uef.fi\/flippaus\/flippausmanuaali\/\",\"name\":\"Flippausmanuaali - Flipped Learning\",\"isPartOf\":{\"@id\":\"https:\/\/sites.uef.fi\/flippaus\/#website\"},\"datePublished\":\"2020-12-16T16:26:31+00:00\",\"dateModified\":\"2023-10-31T07:17:13+00:00\",\"breadcrumb\":{\"@id\":\"https:\/\/sites.uef.fi\/flippaus\/flippausmanuaali\/#breadcrumb\"},\"inLanguage\":\"fi\",\"potentialAction\":[{\"@type\":\"ReadAction\",\"target\":[\"https:\/\/sites.uef.fi\/flippaus\/flippausmanuaali\/\"]}]},{\"@type\":\"BreadcrumbList\",\"@id\":\"https:\/\/sites.uef.fi\/flippaus\/flippausmanuaali\/#breadcrumb\",\"itemListElement\":[{\"@type\":\"ListItem\",\"position\":1,\"name\":\"Home\",\"item\":\"https:\/\/sites.uef.fi\/flippaus\/\"},{\"@type\":\"ListItem\",\"position\":2,\"name\":\"Flippausmanuaali\"}]},{\"@type\":\"WebSite\",\"@id\":\"https:\/\/sites.uef.fi\/flippaus\/#website\",\"url\":\"https:\/\/sites.uef.fi\/flippaus\/\",\"name\":\"Flipped Learning\",\"description\":\"\",\"publisher\":{\"@id\":\"https:\/\/sites.uef.fi\/flippaus\/#organization\"},\"potentialAction\":[{\"@type\":\"SearchAction\",\"target\":{\"@type\":\"EntryPoint\",\"urlTemplate\":\"https:\/\/sites.uef.fi\/flippaus\/?s={search_term_string}\"},\"query-input\":{\"@type\":\"PropertyValueSpecification\",\"valueRequired\":true,\"valueName\":\"search_term_string\"}}],\"inLanguage\":\"fi\"},{\"@type\":\"Organization\",\"@id\":\"https:\/\/sites.uef.fi\/flippaus\/#organization\",\"name\":\"Flipped Learning\",\"url\":\"https:\/\/sites.uef.fi\/flippaus\/\",\"logo\":{\"@type\":\"ImageObject\",\"inLanguage\":\"fi\",\"@id\":\"https:\/\/sites.uef.fi\/flippaus\/#\/schema\/logo\/image\/\",\"url\":\"https:\/\/sites.uef.fi\/flippaus\/wp-content\/uploads\/sites\/83\/2020\/05\/cropped-UEF_wordpress_white.png\",\"contentUrl\":\"https:\/\/sites.uef.fi\/flippaus\/wp-content\/uploads\/sites\/83\/2020\/05\/cropped-UEF_wordpress_white.png\",\"width\":250,\"height\":250,\"caption\":\"Flipped Learning\"},\"image\":{\"@id\":\"https:\/\/sites.uef.fi\/flippaus\/#\/schema\/logo\/image\/\"}}]}<\/script>\n<!-- \/ Yoast SEO plugin. -->","yoast_head_json":{"title":"Flippausmanuaali - Flipped Learning","robots":{"index":"index","follow":"follow","max-snippet":"max-snippet:-1","max-image-preview":"max-image-preview:large","max-video-preview":"max-video-preview:-1"},"canonical":"https:\/\/sites.uef.fi\/flippaus\/flippausmanuaali\/","og_locale":"fi_FI","og_type":"article","og_title":"Flippausmanuaali - Flipped Learning","og_description":"Flippausmanuaali eli kuinka k\u00e4\u00e4nt\u00e4\u00e4 opetus? T\u00e4ll\u00e4 sivustolla k\u00e4yd\u00e4\u00e4n l\u00e4pi opetuksen flippausta. Tarkoituksena on, ett\u00e4 materiaalit rohkaisevat ja opastavat flippauksesta kiinnostuneita opettajia k\u00e4\u00e4nt\u00e4m\u00e4\u00e4n omaa opetustaan, sek\u00e4 tarjoavat aiheesta kiinnostuneille tietoa siit\u00e4, mist\u00e4 flippauksessa oikein on kysymys. Materiaaleista voi toki poimia vinkkej\u00e4 my\u00f6s perinteiseen opetukseen. Huomaathan, ett\u00e4 manuaali t\u00e4ydentyy ajan mittaan. Seuraavalla videolla tutkijatohtori ja Ameba-tiimin tutkimuskoordinaattori &hellip; Jatka lukemista \"Flippausmanuaali\"","og_url":"https:\/\/sites.uef.fi\/flippaus\/flippausmanuaali\/","og_site_name":"Flipped Learning","article_modified_time":"2023-10-31T07:17:13+00:00","twitter_card":"summary_large_image","twitter_misc":{"Arvioitu lukuaika":"2 minuuttia"},"schema":{"@context":"https:\/\/schema.org","@graph":[{"@type":"WebPage","@id":"https:\/\/sites.uef.fi\/flippaus\/flippausmanuaali\/","url":"https:\/\/sites.uef.fi\/flippaus\/flippausmanuaali\/","name":"Flippausmanuaali - Flipped Learning","isPartOf":{"@id":"https:\/\/sites.uef.fi\/flippaus\/#website"},"datePublished":"2020-12-16T16:26:31+00:00","dateModified":"2023-10-31T07:17:13+00:00","breadcrumb":{"@id":"https:\/\/sites.uef.fi\/flippaus\/flippausmanuaali\/#breadcrumb"},"inLanguage":"fi","potentialAction":[{"@type":"ReadAction","target":["https:\/\/sites.uef.fi\/flippaus\/flippausmanuaali\/"]}]},{"@type":"BreadcrumbList","@id":"https:\/\/sites.uef.fi\/flippaus\/flippausmanuaali\/#breadcrumb","itemListElement":[{"@type":"ListItem","position":1,"name":"Home","item":"https:\/\/sites.uef.fi\/flippaus\/"},{"@type":"ListItem","position":2,"name":"Flippausmanuaali"}]},{"@type":"WebSite","@id":"https:\/\/sites.uef.fi\/flippaus\/#website","url":"https:\/\/sites.uef.fi\/flippaus\/","name":"Flipped Learning","description":"","publisher":{"@id":"https:\/\/sites.uef.fi\/flippaus\/#organization"},"potentialAction":[{"@type":"SearchAction","target":{"@type":"EntryPoint","urlTemplate":"https:\/\/sites.uef.fi\/flippaus\/?s={search_term_string}"},"query-input":{"@type":"PropertyValueSpecification","valueRequired":true,"valueName":"search_term_string"}}],"inLanguage":"fi"},{"@type":"Organization","@id":"https:\/\/sites.uef.fi\/flippaus\/#organization","name":"Flipped Learning","url":"https:\/\/sites.uef.fi\/flippaus\/","logo":{"@type":"ImageObject","inLanguage":"fi","@id":"https:\/\/sites.uef.fi\/flippaus\/#\/schema\/logo\/image\/","url":"https:\/\/sites.uef.fi\/flippaus\/wp-content\/uploads\/sites\/83\/2020\/05\/cropped-UEF_wordpress_white.png","contentUrl":"https:\/\/sites.uef.fi\/flippaus\/wp-content\/uploads\/sites\/83\/2020\/05\/cropped-UEF_wordpress_white.png","width":250,"height":250,"caption":"Flipped Learning"},"image":{"@id":"https:\/\/sites.uef.fi\/flippaus\/#\/schema\/logo\/image\/"}}]}},"_links":{"self":[{"href":"https:\/\/sites.uef.fi\/flippaus\/wp-json\/wp\/v2\/pages\/2772","targetHints":{"allow":["GET"]}}],"collection":[{"href":"https:\/\/sites.uef.fi\/flippaus\/wp-json\/wp\/v2\/pages"}],"about":[{"href":"https:\/\/sites.uef.fi\/flippaus\/wp-json\/wp\/v2\/types\/page"}],"author":[{"embeddable":true,"href":"https:\/\/sites.uef.fi\/flippaus\/wp-json\/wp\/v2\/users\/176"}],"replies":[{"embeddable":true,"href":"https:\/\/sites.uef.fi\/flippaus\/wp-json\/wp\/v2\/comments?post=2772"}],"version-history":[{"count":2,"href":"https:\/\/sites.uef.fi\/flippaus\/wp-json\/wp\/v2\/pages\/2772\/revisions"}],"predecessor-version":[{"id":3418,"href":"https:\/\/sites.uef.fi\/flippaus\/wp-json\/wp\/v2\/pages\/2772\/revisions\/3418"}],"wp:attachment":[{"href":"https:\/\/sites.uef.fi\/flippaus\/wp-json\/wp\/v2\/media?parent=2772"}],"curies":[{"name":"wp","href":"https:\/\/api.w.org\/{rel}","templated":true}]}}