{"id":477,"date":"2020-07-02T12:47:50","date_gmt":"2020-07-02T09:47:50","guid":{"rendered":"https:\/\/sites.uef.fi\/flippaus\/?page_id=477"},"modified":"2023-10-31T09:17:51","modified_gmt":"2023-10-31T07:17:51","slug":"flippauksen-toteutus","status":"publish","type":"page","link":"https:\/\/sites.uef.fi\/flippaus\/flippauksen-toteutus\/","title":{"rendered":"Flippauksen toteutus"},"content":{"rendered":"\n<h1 class=\"wp-block-heading\">Flippauksen tuotanto ja toteutus<\/h1>\n\n\n\n<div class=\"wp-block-group\"><div class=\"wp-block-group__inner-container is-layout-flow wp-block-group-is-layout-flow\">\n<p>On aika siirty\u00e4 suunnittelusta toteutukseen. T\u00e4h\u00e4n sivukokonaisuuteen on koottu materiaalin tuottamiseen ja flippauksen toteutukseen liittyvi\u00e4 asioita. Teemoja ovat:<\/p>\n\n\n\n<ul class=\"wp-block-list\">\n<li>arviointi<\/li>\n\n\n\n<li>ennakkomateriaalit<\/li>\n\n\n\n<li>kontaktiopetus<\/li>\n\n\n\n<li>laitteet ja ohjelmistot<\/li>\n<\/ul>\n\n\n\n<p>Teemoihin p\u00e4\u00e4see tarkemmin tutustumaan <strong>yl\u00e4reunan toteutus-otsikosta avautuvasta sis\u00e4llysluettelosta<\/strong>.<\/p>\n<\/div><\/div>\n\n\n\n<p>Liikkeelle kannattaa tuotantovaiheessa l\u00e4hte\u00e4 ennakkomateriaalien koostamisesta ja valita opintojaksolla k\u00e4ytett\u00e4v\u00e4 verkkoymp\u00e4rist\u00f6. Kaikkien valintojen tulisi perustua opintojaksolle asetettuihin tavoitteisiin ja arviointiin.<\/p>\n\n\n\n<p id=\"tiedonhaku\">Orientaatioksi voi katsoa alla olevat videot. Ensimm\u00e4isell\u00e4 videolla flipparimme, tietoasiantuntija Riitta Holopainen It\u00e4-Suomen yliopiston kirjaston opetus- ja tietopalvelusta kertoo, kuinka flipped classroom toimii kahdella tiedonhaun opintojaksolla. Videolla k\u00e4yd\u00e4\u00e4n lyhyesti l\u00e4pi kurssien k\u00e4yt\u00e4nn\u00f6n toteutusta alkuvaiheen ydinainesanalyysista opiskelijapalautteeseen, sek\u00e4 pohditaan flippauksen mukanaan tuomia onnistumisia ja haasteita. Videon kesto 08:39.<\/p>\n\n\n<iframe loading=\"lazy\" src=\"https:\/\/uef.cloud.panopto.eu\/Panopto\/Pages\/Embed.aspx?id=97e498eb-a1c6-4ef5-8116-b06700ccb0e1&autoplay=false&offerviewer=false&showtitle=false&showbrand=false&captions=false&interactivity=all\" height=\"375\" width=\"500\" style=\"border: 1px solid #464646;\" allowfullscreen allow=\"autoplay\" aria-label=\"Panopto Embedded Video Player\"><\/iframe>\n\n\n\n<p id=\"fliprav\">Seuraavalla videolla ravitsemusterapian professori ja flippari Ursula Schwab kertoo oman opintojaksonsa toteutuksesta. Videolla k\u00e4sitell\u00e4\u00e4n kontaktiopetusta, ty\u00f6el\u00e4m\u00e4l\u00e4ht\u00f6isyytt\u00e4 ja case-tyyppist\u00e4 ty\u00f6skentely\u00e4 kliinisten opintojen n\u00e4k\u00f6kulmasta, mutta ratkaisut ovat hyvin sovellettavissa my\u00f6s muille aloille.  Videon kesto on 08:51.<\/p>\n\n\n<iframe loading=\"lazy\" src=\"https:\/\/uef.cloud.panopto.eu\/Panopto\/Pages\/Embed.aspx?id=f0cf8822-77e0-42ad-9db9-b06700cc862a&autoplay=false&offerviewer=false&showtitle=false&showbrand=false&captions=false&interactivity=none\" height=\"375\" width=\"500\" style=\"border: 1px solid #464646;\" allowfullscreen allow=\"autoplay\" aria-label=\"Panopto Embedded Video Player\"><\/iframe>\n\n\n\n<p>H\u00e4nen mukaansa flippaus sopii eritt\u00e4in hyvin kliinisiin opintoihin, sill\u00e4 etuk\u00e4teismateriaali ja \u2013teht\u00e4v\u00e4t orientoivat opiskelijat hyvin aiheeseen ja oppimista p\u00e4\u00e4st\u00e4\u00e4n syvent\u00e4m\u00e4\u00e4n kontaktikerroilla paperipotilastapauksia l\u00e4pik\u00e4yden. Potilastentti istuu kokonaisuuteen erinomaisesti, joten se kannattaa integroida opetukseen mahdollisuuksien mukaan. T\u00e4st\u00e4 kannattaa ottaa vinkki \u2013tentti voi olla muukin kuin paperikoe!<\/p>\n\n\n\n<p>Oppilaitoksilla on erilaisia teknologisia ratkaisuja, mink\u00e4 lis\u00e4ksi opettaja voi valita sopivan ymp\u00e4rist\u00f6n materiaalien jakamista ja ty\u00f6skentely\u00e4 varten. Teknisten ratkaisujen osalta havainnollistamme asiaa UEF:issa k\u00e4yt\u00f6ss\u00e4 olevien ohjelmistojen avulla.<\/p>\n","protected":false},"excerpt":{"rendered":"<p>Flippauksen tuotanto ja toteutus On aika siirty\u00e4 suunnittelusta toteutukseen. T\u00e4h\u00e4n sivukokonaisuuteen on koottu materiaalin tuottamiseen ja flippauksen toteutukseen liittyvi\u00e4 asioita. Teemoja ovat: Teemoihin p\u00e4\u00e4see tarkemmin tutustumaan yl\u00e4reunan toteutus-otsikosta avautuvasta sis\u00e4llysluettelosta. Liikkeelle kannattaa tuotantovaiheessa l\u00e4hte\u00e4 ennakkomateriaalien koostamisesta ja valita opintojaksolla k\u00e4ytett\u00e4v\u00e4 verkkoymp\u00e4rist\u00f6. Kaikkien valintojen tulisi perustua opintojaksolle asetettuihin tavoitteisiin ja arviointiin. Orientaatioksi voi katsoa alla olevat &hellip; <\/p>\n<p class=\"link-more\"><a href=\"https:\/\/sites.uef.fi\/flippaus\/flippauksen-toteutus\/\" class=\"more-link\">Jatka lukemista<span class=\"screen-reader-text\"> &#8221;Flippauksen toteutus&#8221;<\/span><\/a><\/p>\n","protected":false},"author":176,"featured_media":0,"parent":0,"menu_order":0,"comment_status":"closed","ping_status":"closed","template":"","meta":{"_acf_changed":false,"_monsterinsights_skip_tracking":false,"_monsterinsights_sitenote_active":false,"_monsterinsights_sitenote_note":"","_monsterinsights_sitenote_category":0,"footnotes":""},"class_list":["post-477","page","type-page","status-publish","hentry"],"acf":[],"yoast_head":"<!-- This site is optimized with the Yoast SEO plugin v27.3 - https:\/\/yoast.com\/product\/yoast-seo-wordpress\/ -->\n<title>Flippauksen toteutus - Flipped Learning<\/title>\n<meta name=\"robots\" content=\"index, follow, max-snippet:-1, max-image-preview:large, max-video-preview:-1\" \/>\n<link rel=\"canonical\" href=\"https:\/\/sites.uef.fi\/flippaus\/flippauksen-toteutus\/\" \/>\n<meta property=\"og:locale\" content=\"fi_FI\" \/>\n<meta property=\"og:type\" content=\"article\" \/>\n<meta property=\"og:title\" content=\"Flippauksen toteutus - Flipped Learning\" \/>\n<meta property=\"og:description\" content=\"Flippauksen tuotanto ja toteutus On aika siirty\u00e4 suunnittelusta toteutukseen. T\u00e4h\u00e4n sivukokonaisuuteen on koottu materiaalin tuottamiseen ja flippauksen toteutukseen liittyvi\u00e4 asioita. Teemoja ovat: Teemoihin p\u00e4\u00e4see tarkemmin tutustumaan yl\u00e4reunan toteutus-otsikosta avautuvasta sis\u00e4llysluettelosta. Liikkeelle kannattaa tuotantovaiheessa l\u00e4hte\u00e4 ennakkomateriaalien koostamisesta ja valita opintojaksolla k\u00e4ytett\u00e4v\u00e4 verkkoymp\u00e4rist\u00f6. Kaikkien valintojen tulisi perustua opintojaksolle asetettuihin tavoitteisiin ja arviointiin. Orientaatioksi voi katsoa alla olevat &hellip; Jatka lukemista &quot;Flippauksen toteutus&quot;\" \/>\n<meta property=\"og:url\" content=\"https:\/\/sites.uef.fi\/flippaus\/flippauksen-toteutus\/\" \/>\n<meta property=\"og:site_name\" content=\"Flipped Learning\" \/>\n<meta property=\"article:modified_time\" content=\"2023-10-31T07:17:51+00:00\" \/>\n<meta name=\"twitter:card\" content=\"summary_large_image\" \/>\n<meta name=\"twitter:label1\" content=\"Arvioitu lukuaika\" \/>\n\t<meta name=\"twitter:data1\" content=\"2 minuuttia\" \/>\n<script type=\"application\/ld+json\" class=\"yoast-schema-graph\">{\"@context\":\"https:\\\/\\\/schema.org\",\"@graph\":[{\"@type\":\"WebPage\",\"@id\":\"https:\\\/\\\/sites.uef.fi\\\/flippaus\\\/flippauksen-toteutus\\\/\",\"url\":\"https:\\\/\\\/sites.uef.fi\\\/flippaus\\\/flippauksen-toteutus\\\/\",\"name\":\"Flippauksen toteutus - Flipped Learning\",\"isPartOf\":{\"@id\":\"https:\\\/\\\/sites.uef.fi\\\/flippaus\\\/#website\"},\"datePublished\":\"2020-07-02T09:47:50+00:00\",\"dateModified\":\"2023-10-31T07:17:51+00:00\",\"breadcrumb\":{\"@id\":\"https:\\\/\\\/sites.uef.fi\\\/flippaus\\\/flippauksen-toteutus\\\/#breadcrumb\"},\"inLanguage\":\"fi\",\"potentialAction\":[{\"@type\":\"ReadAction\",\"target\":[\"https:\\\/\\\/sites.uef.fi\\\/flippaus\\\/flippauksen-toteutus\\\/\"]}]},{\"@type\":\"BreadcrumbList\",\"@id\":\"https:\\\/\\\/sites.uef.fi\\\/flippaus\\\/flippauksen-toteutus\\\/#breadcrumb\",\"itemListElement\":[{\"@type\":\"ListItem\",\"position\":1,\"name\":\"Home\",\"item\":\"https:\\\/\\\/sites.uef.fi\\\/flippaus\\\/\"},{\"@type\":\"ListItem\",\"position\":2,\"name\":\"Flippauksen toteutus\"}]},{\"@type\":\"WebSite\",\"@id\":\"https:\\\/\\\/sites.uef.fi\\\/flippaus\\\/#website\",\"url\":\"https:\\\/\\\/sites.uef.fi\\\/flippaus\\\/\",\"name\":\"Flipped Learning\",\"description\":\"\",\"publisher\":{\"@id\":\"https:\\\/\\\/sites.uef.fi\\\/flippaus\\\/#organization\"},\"potentialAction\":[{\"@type\":\"SearchAction\",\"target\":{\"@type\":\"EntryPoint\",\"urlTemplate\":\"https:\\\/\\\/sites.uef.fi\\\/flippaus\\\/?s={search_term_string}\"},\"query-input\":{\"@type\":\"PropertyValueSpecification\",\"valueRequired\":true,\"valueName\":\"search_term_string\"}}],\"inLanguage\":\"fi\"},{\"@type\":\"Organization\",\"@id\":\"https:\\\/\\\/sites.uef.fi\\\/flippaus\\\/#organization\",\"name\":\"Flipped Learning\",\"url\":\"https:\\\/\\\/sites.uef.fi\\\/flippaus\\\/\",\"logo\":{\"@type\":\"ImageObject\",\"inLanguage\":\"fi\",\"@id\":\"https:\\\/\\\/sites.uef.fi\\\/flippaus\\\/#\\\/schema\\\/logo\\\/image\\\/\",\"url\":\"https:\\\/\\\/sites.uef.fi\\\/flippaus\\\/wp-content\\\/uploads\\\/sites\\\/83\\\/2020\\\/05\\\/cropped-UEF_wordpress_white.png\",\"contentUrl\":\"https:\\\/\\\/sites.uef.fi\\\/flippaus\\\/wp-content\\\/uploads\\\/sites\\\/83\\\/2020\\\/05\\\/cropped-UEF_wordpress_white.png\",\"width\":250,\"height\":250,\"caption\":\"Flipped Learning\"},\"image\":{\"@id\":\"https:\\\/\\\/sites.uef.fi\\\/flippaus\\\/#\\\/schema\\\/logo\\\/image\\\/\"}}]}<\/script>\n<!-- \/ Yoast SEO plugin. -->","yoast_head_json":{"title":"Flippauksen toteutus - Flipped Learning","robots":{"index":"index","follow":"follow","max-snippet":"max-snippet:-1","max-image-preview":"max-image-preview:large","max-video-preview":"max-video-preview:-1"},"canonical":"https:\/\/sites.uef.fi\/flippaus\/flippauksen-toteutus\/","og_locale":"fi_FI","og_type":"article","og_title":"Flippauksen toteutus - Flipped Learning","og_description":"Flippauksen tuotanto ja toteutus On aika siirty\u00e4 suunnittelusta toteutukseen. T\u00e4h\u00e4n sivukokonaisuuteen on koottu materiaalin tuottamiseen ja flippauksen toteutukseen liittyvi\u00e4 asioita. Teemoja ovat: Teemoihin p\u00e4\u00e4see tarkemmin tutustumaan yl\u00e4reunan toteutus-otsikosta avautuvasta sis\u00e4llysluettelosta. Liikkeelle kannattaa tuotantovaiheessa l\u00e4hte\u00e4 ennakkomateriaalien koostamisesta ja valita opintojaksolla k\u00e4ytett\u00e4v\u00e4 verkkoymp\u00e4rist\u00f6. Kaikkien valintojen tulisi perustua opintojaksolle asetettuihin tavoitteisiin ja arviointiin. Orientaatioksi voi katsoa alla olevat &hellip; Jatka lukemista \"Flippauksen toteutus\"","og_url":"https:\/\/sites.uef.fi\/flippaus\/flippauksen-toteutus\/","og_site_name":"Flipped Learning","article_modified_time":"2023-10-31T07:17:51+00:00","twitter_card":"summary_large_image","twitter_misc":{"Arvioitu lukuaika":"2 minuuttia"},"schema":{"@context":"https:\/\/schema.org","@graph":[{"@type":"WebPage","@id":"https:\/\/sites.uef.fi\/flippaus\/flippauksen-toteutus\/","url":"https:\/\/sites.uef.fi\/flippaus\/flippauksen-toteutus\/","name":"Flippauksen toteutus - Flipped Learning","isPartOf":{"@id":"https:\/\/sites.uef.fi\/flippaus\/#website"},"datePublished":"2020-07-02T09:47:50+00:00","dateModified":"2023-10-31T07:17:51+00:00","breadcrumb":{"@id":"https:\/\/sites.uef.fi\/flippaus\/flippauksen-toteutus\/#breadcrumb"},"inLanguage":"fi","potentialAction":[{"@type":"ReadAction","target":["https:\/\/sites.uef.fi\/flippaus\/flippauksen-toteutus\/"]}]},{"@type":"BreadcrumbList","@id":"https:\/\/sites.uef.fi\/flippaus\/flippauksen-toteutus\/#breadcrumb","itemListElement":[{"@type":"ListItem","position":1,"name":"Home","item":"https:\/\/sites.uef.fi\/flippaus\/"},{"@type":"ListItem","position":2,"name":"Flippauksen toteutus"}]},{"@type":"WebSite","@id":"https:\/\/sites.uef.fi\/flippaus\/#website","url":"https:\/\/sites.uef.fi\/flippaus\/","name":"Flipped Learning","description":"","publisher":{"@id":"https:\/\/sites.uef.fi\/flippaus\/#organization"},"potentialAction":[{"@type":"SearchAction","target":{"@type":"EntryPoint","urlTemplate":"https:\/\/sites.uef.fi\/flippaus\/?s={search_term_string}"},"query-input":{"@type":"PropertyValueSpecification","valueRequired":true,"valueName":"search_term_string"}}],"inLanguage":"fi"},{"@type":"Organization","@id":"https:\/\/sites.uef.fi\/flippaus\/#organization","name":"Flipped Learning","url":"https:\/\/sites.uef.fi\/flippaus\/","logo":{"@type":"ImageObject","inLanguage":"fi","@id":"https:\/\/sites.uef.fi\/flippaus\/#\/schema\/logo\/image\/","url":"https:\/\/sites.uef.fi\/flippaus\/wp-content\/uploads\/sites\/83\/2020\/05\/cropped-UEF_wordpress_white.png","contentUrl":"https:\/\/sites.uef.fi\/flippaus\/wp-content\/uploads\/sites\/83\/2020\/05\/cropped-UEF_wordpress_white.png","width":250,"height":250,"caption":"Flipped Learning"},"image":{"@id":"https:\/\/sites.uef.fi\/flippaus\/#\/schema\/logo\/image\/"}}]}},"_links":{"self":[{"href":"https:\/\/sites.uef.fi\/flippaus\/wp-json\/wp\/v2\/pages\/477","targetHints":{"allow":["GET"]}}],"collection":[{"href":"https:\/\/sites.uef.fi\/flippaus\/wp-json\/wp\/v2\/pages"}],"about":[{"href":"https:\/\/sites.uef.fi\/flippaus\/wp-json\/wp\/v2\/types\/page"}],"author":[{"embeddable":true,"href":"https:\/\/sites.uef.fi\/flippaus\/wp-json\/wp\/v2\/users\/176"}],"replies":[{"embeddable":true,"href":"https:\/\/sites.uef.fi\/flippaus\/wp-json\/wp\/v2\/comments?post=477"}],"version-history":[{"count":2,"href":"https:\/\/sites.uef.fi\/flippaus\/wp-json\/wp\/v2\/pages\/477\/revisions"}],"predecessor-version":[{"id":3424,"href":"https:\/\/sites.uef.fi\/flippaus\/wp-json\/wp\/v2\/pages\/477\/revisions\/3424"}],"wp:attachment":[{"href":"https:\/\/sites.uef.fi\/flippaus\/wp-json\/wp\/v2\/media?parent=477"}],"curies":[{"name":"wp","href":"https:\/\/api.w.org\/{rel}","templated":true}]}}