{"id":492,"date":"2020-07-02T16:19:56","date_gmt":"2020-07-02T13:19:56","guid":{"rendered":"https:\/\/sites.uef.fi\/flippaus\/?page_id=492"},"modified":"2023-10-31T09:18:07","modified_gmt":"2023-10-31T07:18:07","slug":"arviointi","status":"publish","type":"page","link":"https:\/\/sites.uef.fi\/flippaus\/flippauksen-toteutus\/arviointi\/","title":{"rendered":"Arviointi"},"content":{"rendered":"\n<h1 class=\"wp-block-heading\">Arviointi flippauksen aikana<\/h1>\n\n\n\n<p>Professori P\u00e4ivi Atjonen j\u00e4sent\u00e4\u00e4 arviointia flippauksen nelj\u00e4n arviointistrategian avulla. Videolla esitell\u00e4\u00e4n ja tyypitell\u00e4\u00e4n formatiivisen arvioinnin erilaisia tekniikoita flippausprosessin vaiheiden (pre-class, in-class, post-class) mukaisesti. Esityksess\u00e4 osoitetaan, millaisia oppimaan oppimisen taitoja formatiivinen arviointi voi edist\u00e4\u00e4 \u2013 taitoja, joita kutsutaan my\u00f6s ty\u00f6el\u00e4m\u00e4valmiuksiksi tai 21. vuosisadan taidoiksi. Lopuksi esitell\u00e4\u00e4n flippauksessa toteutuvat arvioinnin keskeiset ominaispiirteet. Videon kesto on 14:44.<\/p>\n\n\n<iframe loading=\"lazy\" src=\"https:\/\/uef.cloud.panopto.eu\/Panopto\/Pages\/Embed.aspx?id=418d4438-1108-4b8c-85ce-b06700cb9810&autoplay=false&offerviewer=false&showtitle=false&showbrand=false&captions=false&interactivity=none\" height=\"375\" width=\"500\" style=\"border: 1px solid #464646;\" allowfullscreen allow=\"autoplay\" aria-label=\"Panopto Embedded Video Player\"><\/iframe>\n\n\n\n<h2 class=\"wp-block-heading\" id=\"itsearviointi\">Itsearviointi flipatuilla opintojaksoilla<\/h2>\n\n\n\n<p>Flipatuilla opintojaksoilla osa opettajista on k\u00e4ytt\u00e4nyt itsearviointia arvioinnin osana. Opiskelija joutuu t\u00e4ll\u00f6in pohtimaan omaa ty\u00f6skentely\u00e4\u00e4n ja oppimistaan. Opettajalle itsearviointi toimii palautteena asioiden oppimisen suhteen sek\u00e4 toisaalta arvioinnin ty\u00f6kaluna. Seuraavalla videolla (kesto 6:47) yliopistonlehtori Erkki Pesonen kertoo itsearvioinnin k\u00e4yt\u00f6st\u00e4 omalla opintojaksollaan:<\/p>\n\n\n<iframe loading=\"lazy\" src=\"https:\/\/uef.cloud.panopto.eu\/Panopto\/Pages\/Embed.aspx?id=450d5817-50df-4187-ba94-b06700cd87bd&autoplay=false&offerviewer=false&showtitle=false&showbrand=false&captions=false&interactivity=none\" height=\"375\" width=\"500\" style=\"border: 1px solid #464646;\" allowfullscreen allow=\"autoplay\" aria-label=\"Panopto Embedded Video Player\"><\/iframe>\n\n\n\n<h2 class=\"wp-block-heading\" id=\"arvideo\">Arviointia ja palautetta videomuodossa<\/h2>\n\n\n\n<p>Oppimisen arviointia voi toteuttaa teknisesti monella eri tavalla. Seuraavalla videolla tietoasiantuntija Riitta Holopainen kertoo, kuinka henkil\u00f6kohtaisen, kirjallisen palautteen voi muuttaa videopalautteeksi. N\u00e4in palautteeseen saa mukaan \u00e4\u00e4nen ja kuvan. Videolla kerrotaan, kuinka palaute rakennettiin, mit\u00e4 etuja sill\u00e4 on kirjalliseen palautteeseen verrattuna ja millaisen vastaanoton se opiskelijoilta sai. Videon kesto on 3:51.<\/p>\n\n\n<iframe loading=\"lazy\" src=\"https:\/\/uef.cloud.panopto.eu\/Panopto\/Pages\/Embed.aspx?id=971afdc1-f553-4c1a-a545-b0680059b406&autoplay=false&offerviewer=false&showtitle=false&showbrand=false&captions=false&interactivity=none\" height=\"375\" width=\"500\" style=\"border: 1px solid #464646;\" allowfullscreen allow=\"autoplay\" aria-label=\"Panopto Embedded Video Player\"><\/iframe>\n\n\n\n<h2 class=\"wp-block-heading\" id=\"pisteet\">Tekemisest\u00e4 palkitseminen ja pisteytt\u00e4minen<\/h2>\n\n\n\n<p>Yliopistossa on tentill\u00e4 pitk\u00e4t perinteet, mutta voisiko opintojakson aikana tehtyj\u00e4 asioitakin k\u00e4ytt\u00e4\u00e4 arviointikriteerein\u00e4?&nbsp; Videolla (kesto 6:30) Erkki Pesonen kertoo opintojaksolla tehtyjen asioiden pisteytt\u00e4misest\u00e4 ja sen vaikutuksesta opiskeluun.<\/p>\n\n\n<iframe loading=\"lazy\" src=\"https:\/\/uef.cloud.panopto.eu\/Panopto\/Pages\/Embed.aspx?id=5d21153f-8855-438c-8328-b06700cddab9&autoplay=false&offerviewer=false&showtitle=false&showbrand=false&captions=false&interactivity=none\" height=\"375\" width=\"500\" style=\"border: 1px solid #464646;\" allowfullscreen allow=\"autoplay\" aria-label=\"Panopto Embedded Video Player\"><\/iframe>\n","protected":false},"excerpt":{"rendered":"<p>Arviointi flippauksen aikana Professori P\u00e4ivi Atjonen j\u00e4sent\u00e4\u00e4 arviointia flippauksen nelj\u00e4n arviointistrategian avulla. Videolla esitell\u00e4\u00e4n ja tyypitell\u00e4\u00e4n formatiivisen arvioinnin erilaisia tekniikoita flippausprosessin vaiheiden (pre-class, in-class, post-class) mukaisesti. Esityksess\u00e4 osoitetaan, millaisia oppimaan oppimisen taitoja formatiivinen arviointi voi edist\u00e4\u00e4 \u2013 taitoja, joita kutsutaan my\u00f6s ty\u00f6el\u00e4m\u00e4valmiuksiksi tai 21. vuosisadan taidoiksi. Lopuksi esitell\u00e4\u00e4n flippauksessa toteutuvat arvioinnin keskeiset ominaispiirteet. Videon kesto &hellip; <\/p>\n<p class=\"link-more\"><a href=\"https:\/\/sites.uef.fi\/flippaus\/flippauksen-toteutus\/arviointi\/\" class=\"more-link\">Jatka lukemista<span class=\"screen-reader-text\"> &#8221;Arviointi&#8221;<\/span><\/a><\/p>\n","protected":false},"author":176,"featured_media":0,"parent":477,"menu_order":1,"comment_status":"closed","ping_status":"closed","template":"","meta":{"_acf_changed":false,"_monsterinsights_skip_tracking":false,"_monsterinsights_sitenote_active":false,"_monsterinsights_sitenote_note":"","_monsterinsights_sitenote_category":0,"footnotes":""},"class_list":["post-492","page","type-page","status-publish","hentry"],"acf":[],"yoast_head":"<!-- This site is optimized with the Yoast SEO plugin v27.1.1 - https:\/\/yoast.com\/product\/yoast-seo-wordpress\/ -->\n<title>Arviointi - Flipped Learning<\/title>\n<meta name=\"robots\" content=\"index, follow, max-snippet:-1, max-image-preview:large, max-video-preview:-1\" \/>\n<link rel=\"canonical\" href=\"https:\/\/sites.uef.fi\/flippaus\/flippauksen-toteutus\/arviointi\/\" \/>\n<meta property=\"og:locale\" content=\"fi_FI\" \/>\n<meta property=\"og:type\" content=\"article\" \/>\n<meta property=\"og:title\" content=\"Arviointi - Flipped Learning\" \/>\n<meta property=\"og:description\" content=\"Arviointi flippauksen aikana Professori P\u00e4ivi Atjonen j\u00e4sent\u00e4\u00e4 arviointia flippauksen nelj\u00e4n arviointistrategian avulla. Videolla esitell\u00e4\u00e4n ja tyypitell\u00e4\u00e4n formatiivisen arvioinnin erilaisia tekniikoita flippausprosessin vaiheiden (pre-class, in-class, post-class) mukaisesti. Esityksess\u00e4 osoitetaan, millaisia oppimaan oppimisen taitoja formatiivinen arviointi voi edist\u00e4\u00e4 \u2013 taitoja, joita kutsutaan my\u00f6s ty\u00f6el\u00e4m\u00e4valmiuksiksi tai 21. vuosisadan taidoiksi. Lopuksi esitell\u00e4\u00e4n flippauksessa toteutuvat arvioinnin keskeiset ominaispiirteet. Videon kesto &hellip; Jatka lukemista &quot;Arviointi&quot;\" \/>\n<meta property=\"og:url\" content=\"https:\/\/sites.uef.fi\/flippaus\/flippauksen-toteutus\/arviointi\/\" \/>\n<meta property=\"og:site_name\" content=\"Flipped Learning\" \/>\n<meta property=\"article:modified_time\" content=\"2023-10-31T07:18:07+00:00\" \/>\n<meta name=\"twitter:card\" content=\"summary_large_image\" \/>\n<meta name=\"twitter:label1\" content=\"Arvioitu lukuaika\" \/>\n\t<meta name=\"twitter:data1\" content=\"2 minuuttia\" \/>\n<script type=\"application\/ld+json\" class=\"yoast-schema-graph\">{\"@context\":\"https:\/\/schema.org\",\"@graph\":[{\"@type\":\"WebPage\",\"@id\":\"https:\/\/sites.uef.fi\/flippaus\/flippauksen-toteutus\/arviointi\/\",\"url\":\"https:\/\/sites.uef.fi\/flippaus\/flippauksen-toteutus\/arviointi\/\",\"name\":\"Arviointi - Flipped Learning\",\"isPartOf\":{\"@id\":\"https:\/\/sites.uef.fi\/flippaus\/#website\"},\"datePublished\":\"2020-07-02T13:19:56+00:00\",\"dateModified\":\"2023-10-31T07:18:07+00:00\",\"breadcrumb\":{\"@id\":\"https:\/\/sites.uef.fi\/flippaus\/flippauksen-toteutus\/arviointi\/#breadcrumb\"},\"inLanguage\":\"fi\",\"potentialAction\":[{\"@type\":\"ReadAction\",\"target\":[\"https:\/\/sites.uef.fi\/flippaus\/flippauksen-toteutus\/arviointi\/\"]}]},{\"@type\":\"BreadcrumbList\",\"@id\":\"https:\/\/sites.uef.fi\/flippaus\/flippauksen-toteutus\/arviointi\/#breadcrumb\",\"itemListElement\":[{\"@type\":\"ListItem\",\"position\":1,\"name\":\"Home\",\"item\":\"https:\/\/sites.uef.fi\/flippaus\/\"},{\"@type\":\"ListItem\",\"position\":2,\"name\":\"Flippauksen toteutus\",\"item\":\"https:\/\/sites.uef.fi\/flippaus\/flippauksen-toteutus\/\"},{\"@type\":\"ListItem\",\"position\":3,\"name\":\"Arviointi\"}]},{\"@type\":\"WebSite\",\"@id\":\"https:\/\/sites.uef.fi\/flippaus\/#website\",\"url\":\"https:\/\/sites.uef.fi\/flippaus\/\",\"name\":\"Flipped Learning\",\"description\":\"\",\"publisher\":{\"@id\":\"https:\/\/sites.uef.fi\/flippaus\/#organization\"},\"potentialAction\":[{\"@type\":\"SearchAction\",\"target\":{\"@type\":\"EntryPoint\",\"urlTemplate\":\"https:\/\/sites.uef.fi\/flippaus\/?s={search_term_string}\"},\"query-input\":{\"@type\":\"PropertyValueSpecification\",\"valueRequired\":true,\"valueName\":\"search_term_string\"}}],\"inLanguage\":\"fi\"},{\"@type\":\"Organization\",\"@id\":\"https:\/\/sites.uef.fi\/flippaus\/#organization\",\"name\":\"Flipped Learning\",\"url\":\"https:\/\/sites.uef.fi\/flippaus\/\",\"logo\":{\"@type\":\"ImageObject\",\"inLanguage\":\"fi\",\"@id\":\"https:\/\/sites.uef.fi\/flippaus\/#\/schema\/logo\/image\/\",\"url\":\"https:\/\/sites.uef.fi\/flippaus\/wp-content\/uploads\/sites\/83\/2020\/05\/cropped-UEF_wordpress_white.png\",\"contentUrl\":\"https:\/\/sites.uef.fi\/flippaus\/wp-content\/uploads\/sites\/83\/2020\/05\/cropped-UEF_wordpress_white.png\",\"width\":250,\"height\":250,\"caption\":\"Flipped Learning\"},\"image\":{\"@id\":\"https:\/\/sites.uef.fi\/flippaus\/#\/schema\/logo\/image\/\"}}]}<\/script>\n<!-- \/ Yoast SEO plugin. -->","yoast_head_json":{"title":"Arviointi - Flipped Learning","robots":{"index":"index","follow":"follow","max-snippet":"max-snippet:-1","max-image-preview":"max-image-preview:large","max-video-preview":"max-video-preview:-1"},"canonical":"https:\/\/sites.uef.fi\/flippaus\/flippauksen-toteutus\/arviointi\/","og_locale":"fi_FI","og_type":"article","og_title":"Arviointi - Flipped Learning","og_description":"Arviointi flippauksen aikana Professori P\u00e4ivi Atjonen j\u00e4sent\u00e4\u00e4 arviointia flippauksen nelj\u00e4n arviointistrategian avulla. Videolla esitell\u00e4\u00e4n ja tyypitell\u00e4\u00e4n formatiivisen arvioinnin erilaisia tekniikoita flippausprosessin vaiheiden (pre-class, in-class, post-class) mukaisesti. Esityksess\u00e4 osoitetaan, millaisia oppimaan oppimisen taitoja formatiivinen arviointi voi edist\u00e4\u00e4 \u2013 taitoja, joita kutsutaan my\u00f6s ty\u00f6el\u00e4m\u00e4valmiuksiksi tai 21. vuosisadan taidoiksi. Lopuksi esitell\u00e4\u00e4n flippauksessa toteutuvat arvioinnin keskeiset ominaispiirteet. Videon kesto &hellip; Jatka lukemista \"Arviointi\"","og_url":"https:\/\/sites.uef.fi\/flippaus\/flippauksen-toteutus\/arviointi\/","og_site_name":"Flipped Learning","article_modified_time":"2023-10-31T07:18:07+00:00","twitter_card":"summary_large_image","twitter_misc":{"Arvioitu lukuaika":"2 minuuttia"},"schema":{"@context":"https:\/\/schema.org","@graph":[{"@type":"WebPage","@id":"https:\/\/sites.uef.fi\/flippaus\/flippauksen-toteutus\/arviointi\/","url":"https:\/\/sites.uef.fi\/flippaus\/flippauksen-toteutus\/arviointi\/","name":"Arviointi - Flipped Learning","isPartOf":{"@id":"https:\/\/sites.uef.fi\/flippaus\/#website"},"datePublished":"2020-07-02T13:19:56+00:00","dateModified":"2023-10-31T07:18:07+00:00","breadcrumb":{"@id":"https:\/\/sites.uef.fi\/flippaus\/flippauksen-toteutus\/arviointi\/#breadcrumb"},"inLanguage":"fi","potentialAction":[{"@type":"ReadAction","target":["https:\/\/sites.uef.fi\/flippaus\/flippauksen-toteutus\/arviointi\/"]}]},{"@type":"BreadcrumbList","@id":"https:\/\/sites.uef.fi\/flippaus\/flippauksen-toteutus\/arviointi\/#breadcrumb","itemListElement":[{"@type":"ListItem","position":1,"name":"Home","item":"https:\/\/sites.uef.fi\/flippaus\/"},{"@type":"ListItem","position":2,"name":"Flippauksen toteutus","item":"https:\/\/sites.uef.fi\/flippaus\/flippauksen-toteutus\/"},{"@type":"ListItem","position":3,"name":"Arviointi"}]},{"@type":"WebSite","@id":"https:\/\/sites.uef.fi\/flippaus\/#website","url":"https:\/\/sites.uef.fi\/flippaus\/","name":"Flipped Learning","description":"","publisher":{"@id":"https:\/\/sites.uef.fi\/flippaus\/#organization"},"potentialAction":[{"@type":"SearchAction","target":{"@type":"EntryPoint","urlTemplate":"https:\/\/sites.uef.fi\/flippaus\/?s={search_term_string}"},"query-input":{"@type":"PropertyValueSpecification","valueRequired":true,"valueName":"search_term_string"}}],"inLanguage":"fi"},{"@type":"Organization","@id":"https:\/\/sites.uef.fi\/flippaus\/#organization","name":"Flipped Learning","url":"https:\/\/sites.uef.fi\/flippaus\/","logo":{"@type":"ImageObject","inLanguage":"fi","@id":"https:\/\/sites.uef.fi\/flippaus\/#\/schema\/logo\/image\/","url":"https:\/\/sites.uef.fi\/flippaus\/wp-content\/uploads\/sites\/83\/2020\/05\/cropped-UEF_wordpress_white.png","contentUrl":"https:\/\/sites.uef.fi\/flippaus\/wp-content\/uploads\/sites\/83\/2020\/05\/cropped-UEF_wordpress_white.png","width":250,"height":250,"caption":"Flipped Learning"},"image":{"@id":"https:\/\/sites.uef.fi\/flippaus\/#\/schema\/logo\/image\/"}}]}},"_links":{"self":[{"href":"https:\/\/sites.uef.fi\/flippaus\/wp-json\/wp\/v2\/pages\/492","targetHints":{"allow":["GET"]}}],"collection":[{"href":"https:\/\/sites.uef.fi\/flippaus\/wp-json\/wp\/v2\/pages"}],"about":[{"href":"https:\/\/sites.uef.fi\/flippaus\/wp-json\/wp\/v2\/types\/page"}],"author":[{"embeddable":true,"href":"https:\/\/sites.uef.fi\/flippaus\/wp-json\/wp\/v2\/users\/176"}],"replies":[{"embeddable":true,"href":"https:\/\/sites.uef.fi\/flippaus\/wp-json\/wp\/v2\/comments?post=492"}],"version-history":[{"count":2,"href":"https:\/\/sites.uef.fi\/flippaus\/wp-json\/wp\/v2\/pages\/492\/revisions"}],"predecessor-version":[{"id":3427,"href":"https:\/\/sites.uef.fi\/flippaus\/wp-json\/wp\/v2\/pages\/492\/revisions\/3427"}],"up":[{"embeddable":true,"href":"https:\/\/sites.uef.fi\/flippaus\/wp-json\/wp\/v2\/pages\/477"}],"wp:attachment":[{"href":"https:\/\/sites.uef.fi\/flippaus\/wp-json\/wp\/v2\/media?parent=492"}],"curies":[{"name":"wp","href":"https:\/\/api.w.org\/{rel}","templated":true}]}}